{"id":5518,"date":"2023-02-01T13:53:00","date_gmt":"2023-02-01T13:53:00","guid":{"rendered":"https:\/\/moverdb.com\/?page_id=5518"},"modified":"2026-01-08T15:29:50","modified_gmt":"2026-01-08T15:29:50","slug":"burkina-faso-stehovaci-spolecnosti","status":"publish","type":"page","link":"https:\/\/moverdb.com\/cs\/moving-companies\/burkina-faso-moving-companies\/","title":{"rendered":"Nejlep\u0161\u00ed mezin\u00e1rodn\u00ed st\u011bhovac\u00ed spole\u010dnosti v Burkin\u011b Faso"},"content":{"rendered":"<p>Pokud pl\u00e1nujete st\u011bhov\u00e1n\u00ed v Burkin\u011b Faso nebo st\u011bhov\u00e1n\u00ed do Burkiny Faso \u010di z Burkiny Faso, m\u016f\u017ee v\u00e1m pomoci pomoc st\u011bhovac\u00ed spole\u010dnosti. St\u011bhovac\u00ed spole\u010dnost v\u00e1m m\u016f\u017ee uleh\u010dit fyzickou i psychickou z\u00e1t\u011b\u017e, zejm\u00e9na pokud se st\u011bhujete do jin\u00e9 zem\u011b. N\u00ed\u017ee jsme sestavili seznam Burkina Faso <a href=\"https:\/\/moverdb.com\/cs\/moving-companies\/\" data-internallinksmanager029f6b8e52c=\"79\" title=\"Top 25 Mezin\u00e1rodn\u00ed st\u011bhovac\u00ed spole\u010dnosti Online\">st\u011bhovac\u00ed spole\u010dnosti<\/a> kter\u00e9 jsou \u010dleny <a href=\"https:\/\/moverdb.com\/cs\/iam\/\" data-internallinksmanager029f6b8e52c=\"23\" title=\"Vysv\u011btlen\u00ed Mezin\u00e1rodn\u00ed asociace st\u011bhov\u00e1k\u016f (IAM)\">Mezin\u00e1rodn\u00ed asociace st\u011bhov\u00e1k\u016f<\/a> (IAM), kter\u00e9 by v\u00e1m mohly pomoci.<\/p>\n<p><strong>P\u0159esun 1<\/strong><\/p>\n<p><img loading=\"lazy\" decoding=\"async\" class=\"alignnone size-full wp-image-5461\" src=\"https:\/\/moverdb.com\/wp-content\/uploads\/Move-One-international-moving-company.png\" alt=\"Move One mezin\u00e1rodn\u00ed pohybuj\u00edc\u00ed se spole\u010dnost\" width=\"1440\" height=\"680\" data-wp-pid=\"5461\" srcset=\"https:\/\/moverdb.com\/wp-content\/uploads\/Move-One-international-moving-company.png 1440w, https:\/\/moverdb.com\/wp-content\/uploads\/Move-One-international-moving-company-300x142.png 300w, https:\/\/moverdb.com\/wp-content\/uploads\/Move-One-international-moving-company-1024x484.png 1024w, https:\/\/moverdb.com\/wp-content\/uploads\/Move-One-international-moving-company-18x9.png 18w, https:\/\/moverdb.com\/wp-content\/uploads\/Move-One-international-moving-company-600x283.png 600w\" sizes=\"auto, (max-width: 1440px) 100vw, 1440px\" \/><\/p>\n<ul>\n<li>Mezin\u00e1rodn\u00ed p\u0159esuny<\/li>\n<li>P\u0159em\u00edst\u011bn\u00ed<\/li>\n<li>St\u011bhov\u00e1n\u00ed do obytn\u00fdch prostor<\/li>\n<li>St\u011bhov\u00e1n\u00ed kancel\u00e1\u0159\u00ed<\/li>\n<li>Podpora p\u0159ist\u011bhovalectv\u00ed<\/li>\n<li>Vy\u0161kolen\u00fd a profesion\u00e1ln\u00ed person\u00e1l<\/li>\n<li>P\u0159eprava dom\u00e1c\u00edch zv\u00ed\u0159at<\/li>\n<li>Pomoc p\u0159i hled\u00e1n\u00ed domova a \u0161kol<\/li>\n<li>Z\u0159izovac\u00ed slu\u017eby<\/li>\n<li>Skladovac\u00ed prostory<\/li>\n<\/ul>\n<p>Move One je st\u011bhovac\u00ed spole\u010dnost zalo\u017een\u00e1 v roce 1992 s pobo\u010dkou v Oagadougou, kter\u00e1 poskytuje \u0159e\u0161en\u00ed v oblasti logistiky, st\u011bhov\u00e1n\u00ed a glob\u00e1ln\u00ed mobility. Tvrd\u00ed, \u017ee je l\u00eddrem na trhu v Evrop\u011b, Africe, na Bl\u00edzk\u00e9m v\u00fdchod\u011b, na Balk\u00e1n\u011b a ve Spole\u010denstv\u00ed nez\u00e1visl\u00fdch st\u00e1t\u016f. Je \u010dlenem IAM s 23letou tradic\u00ed. Jsou sou\u010d\u00e1st\u00ed s\u00edt\u011b mezin\u00e1rodn\u00edch st\u011bhovac\u00edch spole\u010dnost\u00ed, kter\u00e9 zaji\u0161\u0165uj\u00ed mezin\u00e1rodn\u00ed st\u011bhov\u00e1n\u00ed.<\/p>\n<p>Move One nab\u00edz\u00ed st\u011bhov\u00e1n\u00ed, st\u011bhovac\u00ed slu\u017eby a reloka\u010dn\u00ed slu\u017eby, kter\u00e9 zahrnuj\u00ed profesion\u00e1ln\u00ed podporu vy\u0161kolen\u00fdch pracovn\u00edk\u016f, kte\u0159\u00ed v\u00e1m pomohou se st\u011bhov\u00e1n\u00edm a mohou v\u00e1m poskytnout imigra\u010dn\u00ed podporu p\u0159i orientaci v byrokratick\u00fdch z\u00e1le\u017eitostech. Mohou v\u00e1m pomoci s p\u0159epravou dom\u00e1c\u00edch zv\u00ed\u0159at, hled\u00e1n\u00edm bydlen\u00ed a \u0161kol.<\/p>\n<p>Webov\u00e9 str\u00e1nky: <a href=\"https:\/\/www.moveoneinc.com\/\" target=\"_blank\" rel=\"noopener\">https:\/\/www.moveoneinc.com\/<\/a><\/p>","protected":false},"excerpt":{"rendered":"<p>If you are planning a move in Burkina Faso, or moving to or from Burkina Faso then enlisting the assistance of a moving company can help. A moving company can lighten the load physical and mentally especially if you are moving countries. Below we have compiled a list of Burkina Faso moving companies that are [&hellip;]<\/p>\n","protected":false},"author":4,"featured_media":0,"parent":190,"menu_order":0,"comment_status":"closed","ping_status":"closed","template":"","meta":{"_genesis_hide_title":false,"_genesis_hide_breadcrumbs":false,"_genesis_hide_singular_image":false,"_genesis_hide_footer_widgets":false,"_genesis_custom_body_class":"","_genesis_custom_post_class":"","_genesis_layout":"","footnotes":""},"class_list":{"0":"post-5518","1":"page","2":"type-page","3":"status-publish","5":"entry"},"_links":{"self":[{"href":"https:\/\/moverdb.com\/cs\/wp-json\/wp\/v2\/pages\/5518","targetHints":{"allow":["GET"]}}],"collection":[{"href":"https:\/\/moverdb.com\/cs\/wp-json\/wp\/v2\/pages"}],"about":[{"href":"https:\/\/moverdb.com\/cs\/wp-json\/wp\/v2\/types\/page"}],"author":[{"embeddable":true,"href":"https:\/\/moverdb.com\/cs\/wp-json\/wp\/v2\/users\/4"}],"replies":[{"embeddable":true,"href":"https:\/\/moverdb.com\/cs\/wp-json\/wp\/v2\/comments?post=5518"}],"version-history":[{"count":1,"href":"https:\/\/moverdb.com\/cs\/wp-json\/wp\/v2\/pages\/5518\/revisions"}],"predecessor-version":[{"id":5519,"href":"https:\/\/moverdb.com\/cs\/wp-json\/wp\/v2\/pages\/5518\/revisions\/5519"}],"up":[{"embeddable":true,"href":"https:\/\/moverdb.com\/cs\/wp-json\/wp\/v2\/pages\/190"}],"wp:attachment":[{"href":"https:\/\/moverdb.com\/cs\/wp-json\/wp\/v2\/media?parent=5518"}],"curies":[{"name":"wp","href":"https:\/\/api.w.org\/{rel}","templated":true}]}}