{"id":5515,"date":"2023-02-01T13:53:52","date_gmt":"2023-02-01T13:53:52","guid":{"rendered":"https:\/\/moverdb.com\/?page_id=5515"},"modified":"2026-01-08T15:29:52","modified_gmt":"2026-01-08T15:29:52","slug":"kamerun-stehovani-spolecnosti","status":"publish","type":"page","link":"https:\/\/moverdb.com\/cs\/moving-companies\/cameroon-moving-companies\/","title":{"rendered":"Nejlep\u0161\u00ed mezin\u00e1rodn\u00ed st\u011bhovac\u00ed spole\u010dnosti v Kamerunu"},"content":{"rendered":"<p>St\u011bhujete domov nebo firmu? Pak mo\u017en\u00e1 budete cht\u00edt pomoci s usnadn\u011bn\u00edm st\u011bhov\u00e1n\u00ed, zejm\u00e9na pokud se st\u011bhujete do jin\u00e9 zem\u011b, tak\u017ee renomovan\u00e1 firma v\u00e1m m\u016f\u017ee pomoci. <a href=\"https:\/\/moverdb.com\/cs\/moving-companies\/\" data-internallinksmanager029f6b8e52c=\"79\" title=\"Top 25 Mezin\u00e1rodn\u00ed st\u011bhovac\u00ed spole\u010dnosti Online\">st\u011bhovac\u00ed spole\u010dnost<\/a> m\u016f\u017ee pomoci. N\u00ed\u017ee jsme sestavili seznam Kamerunu <a href=\"https:\/\/moverdb.com\/cs\/international-removals\/\" data-internallinksmanager029f6b8e52c=\"27\" title=\"36 nejlep\u0161\u00edch mezin\u00e1rodn\u00edch st\u011bhovac\u00edch spole\u010dnost\u00ed ve Velk\u00e9 Brit\u00e1nii\">st\u011bhovac\u00ed firmy<\/a> kter\u00e9 jsou \u010dleny <a href=\"https:\/\/moverdb.com\/cs\/iam\/\" data-internallinksmanager029f6b8e52c=\"23\" title=\"Vysv\u011btlen\u00ed Mezin\u00e1rodn\u00ed asociace st\u011bhov\u00e1k\u016f (IAM)\">Mezin\u00e1rodn\u00ed asociace st\u011bhov\u00e1k\u016f<\/a> (IAM), kter\u00e9 by v\u00e1m mohly pomoci.<\/p>\n<h2><strong>P\u0159esun 1<\/strong><\/h2>\n<p><img loading=\"lazy\" decoding=\"async\" class=\"alignnone size-full wp-image-5461\" src=\"https:\/\/moverdb.com\/wp-content\/uploads\/Move-One-international-moving-company.png\" alt=\"Move One mezin\u00e1rodn\u00ed pohybuj\u00edc\u00ed se spole\u010dnost\" width=\"1440\" height=\"680\" data-wp-pid=\"5461\" srcset=\"https:\/\/moverdb.com\/wp-content\/uploads\/Move-One-international-moving-company.png 1440w, https:\/\/moverdb.com\/wp-content\/uploads\/Move-One-international-moving-company-300x142.png 300w, https:\/\/moverdb.com\/wp-content\/uploads\/Move-One-international-moving-company-1024x484.png 1024w, https:\/\/moverdb.com\/wp-content\/uploads\/Move-One-international-moving-company-18x9.png 18w, https:\/\/moverdb.com\/wp-content\/uploads\/Move-One-international-moving-company-600x283.png 600w\" sizes=\"auto, (max-width: 1440px) 100vw, 1440px\" \/><\/p>\n<ul>\n<li>Mezin\u00e1rodn\u00ed st\u011bhov\u00e1n\u00ed<\/li>\n<li>P\u0159em\u00edst\u011bn\u00ed<\/li>\n<li>St\u011bhov\u00e1n\u00ed dom\u00e1cnost\u00ed<\/li>\n<li>St\u011bhov\u00e1n\u00ed kancel\u00e1\u0159\u00ed<\/li>\n<li>Profesion\u00e1ln\u00ed person\u00e1l, kter\u00fd v\u00e1s podpo\u0159\u00ed<\/li>\n<li>Imigra\u010dn\u00ed asistence<\/li>\n<li>P\u0159eprava dom\u00e1c\u00edch zv\u00ed\u0159at<\/li>\n<li>Pomoc p\u0159i zabydlov\u00e1n\u00ed<\/li>\n<li>Vyhled\u00e1v\u00e1n\u00ed dom\u016f a \u0161kol<\/li>\n<li>\u0158e\u0161en\u00ed pro ukl\u00e1d\u00e1n\u00ed dat<\/li>\n<\/ul>\n<p>Move One je mezin\u00e1rodn\u00ed st\u011bhovac\u00ed spole\u010dnost s pobo\u010dkami v Evrop\u011b, Africe a na St\u0159edn\u00edm v\u00fdchod\u011b v\u010detn\u011b Kamerunu. Od roku 1992 poskytuje \u0159e\u0161en\u00ed v oblasti logistiky, st\u011bhov\u00e1n\u00ed a glob\u00e1ln\u00ed mobility. Disponuj\u00ed tak\u00e9 mezin\u00e1rodn\u00ed s\u00edt\u00ed st\u011bhovac\u00edch spole\u010dnost\u00ed, kter\u00e9 pom\u00e1haj\u00ed klient\u016fm v mezin\u00e1rodn\u00edm m\u011b\u0159\u00edtku. Kamerunsk\u00e1 pobo\u010dka je \u010dlenem IAM s \u0161estiletou p\u016fsobnost\u00ed.<\/p>\n<p>Spole\u010dnost Move One poskytuje profesion\u00e1ln\u00ed slu\u017eby s vysoce kvalifikovan\u00fdm person\u00e1lem, kter\u00fd v\u00e1m pom\u016f\u017ee p\u0159i st\u011bhov\u00e1n\u00ed nebo p\u0159em\u00edst\u011bn\u00ed. Podpo\u0159\u00ed v\u0161echny aspekty va\u0161eho st\u011bhov\u00e1n\u00ed, v\u010detn\u011b organizace logistiky a imigra\u010dn\u00ed podpory, v\u010detn\u011b p\u0159epravy va\u0161ich dom\u00e1c\u00edch mazl\u00ed\u010dk\u016f. Jejich st\u011bhovac\u00ed slu\u017eby zahrnuj\u00ed tak\u00e9 podporu p\u0159i zabydlov\u00e1n\u00ed, hled\u00e1n\u00ed bydlen\u00ed a \u0161kol.<\/p>\n<p>Webov\u00e9 str\u00e1nky: <a href=\"https:\/\/www.moveoneinc.com\/\" target=\"_blank\" rel=\"noopener\">https:\/\/www.moveoneinc.com\/<\/a><\/p>","protected":false},"excerpt":{"rendered":"<p>Are you moving home or your business? Then you may want help in making the move easier especially if you are relocating to another country, so a reputable moving company could help. Below we have compiled a list of Cameroon removal companies that are members of the International Association of Movers (IAM) that could help [&hellip;]<\/p>\n","protected":false},"author":4,"featured_media":0,"parent":190,"menu_order":0,"comment_status":"closed","ping_status":"closed","template":"","meta":{"_genesis_hide_title":false,"_genesis_hide_breadcrumbs":false,"_genesis_hide_singular_image":false,"_genesis_hide_footer_widgets":false,"_genesis_custom_body_class":"","_genesis_custom_post_class":"","_genesis_layout":"","footnotes":""},"class_list":{"0":"post-5515","1":"page","2":"type-page","3":"status-publish","5":"entry","6":"has-post-thumbnail"},"_links":{"self":[{"href":"https:\/\/moverdb.com\/cs\/wp-json\/wp\/v2\/pages\/5515","targetHints":{"allow":["GET"]}}],"collection":[{"href":"https:\/\/moverdb.com\/cs\/wp-json\/wp\/v2\/pages"}],"about":[{"href":"https:\/\/moverdb.com\/cs\/wp-json\/wp\/v2\/types\/page"}],"author":[{"embeddable":true,"href":"https:\/\/moverdb.com\/cs\/wp-json\/wp\/v2\/users\/4"}],"replies":[{"embeddable":true,"href":"https:\/\/moverdb.com\/cs\/wp-json\/wp\/v2\/comments?post=5515"}],"version-history":[{"count":2,"href":"https:\/\/moverdb.com\/cs\/wp-json\/wp\/v2\/pages\/5515\/revisions"}],"predecessor-version":[{"id":5517,"href":"https:\/\/moverdb.com\/cs\/wp-json\/wp\/v2\/pages\/5515\/revisions\/5517"}],"up":[{"embeddable":true,"href":"https:\/\/moverdb.com\/cs\/wp-json\/wp\/v2\/pages\/190"}],"wp:attachment":[{"href":"https:\/\/moverdb.com\/cs\/wp-json\/wp\/v2\/media?parent=5515"}],"curies":[{"name":"wp","href":"https:\/\/api.w.org\/{rel}","templated":true}]}}