{"id":5512,"date":"2023-02-01T13:54:26","date_gmt":"2023-02-01T13:54:26","guid":{"rendered":"https:\/\/moverdb.com\/?page_id=5512"},"modified":"2026-01-08T15:29:51","modified_gmt":"2026-01-08T15:29:51","slug":"burundi-stehovaci-spolecnosti","status":"publish","type":"page","link":"https:\/\/moverdb.com\/cs\/moving-companies\/burundi-moving-companies\/","title":{"rendered":"Nejlep\u0161\u00ed mezin\u00e1rodn\u00ed st\u011bhovac\u00ed spole\u010dnosti v Burundi"},"content":{"rendered":"<p>Pokud se chcete p\u0159est\u011bhovat do Burundi, p\u0159est\u011bhovat se do Burundi nebo z Burundi, mo\u017en\u00e1 v\u00e1s budou zaj\u00edmat slu\u017eby kancel\u00e1\u0159e, kter\u00e1 se zab\u00fdv\u00e1 <a href=\"https:\/\/moverdb.com\/cs\/moving-companies\/\" data-internallinksmanager029f6b8e52c=\"79\" title=\"Top 25 Mezin\u00e1rodn\u00ed st\u011bhovac\u00ed spole\u010dnosti Online\">st\u011bhovac\u00ed spole\u010dnost<\/a> kte\u0159\u00ed by v\u00e1m mohli usnadnit st\u011bhov\u00e1n\u00ed. N\u00ed\u017ee jsme sestavili seznam Burundi <a href=\"https:\/\/moverdb.com\/cs\/international-removals\/\" data-internallinksmanager029f6b8e52c=\"27\" title=\"36 nejlep\u0161\u00edch mezin\u00e1rodn\u00edch st\u011bhovac\u00edch spole\u010dnost\u00ed ve Velk\u00e9 Brit\u00e1nii\">st\u011bhovac\u00ed firmy<\/a> kter\u00e9 jsou \u010dleny <a href=\"https:\/\/moverdb.com\/cs\/iam\/\" data-internallinksmanager029f6b8e52c=\"23\" title=\"Vysv\u011btlen\u00ed Mezin\u00e1rodn\u00ed asociace st\u011bhov\u00e1k\u016f (IAM)\">Mezin\u00e1rodn\u00ed asociace st\u011bhov\u00e1k\u016f<\/a> (IAM), kter\u00e9 by v\u00e1m mohly pomoci.<\/p>\n<h2><strong>Spole\u010dnost Great Lakes Logistics<\/strong><\/h2>\n<p><img loading=\"lazy\" decoding=\"async\" class=\"alignnone size-full wp-image-5444\" src=\"https:\/\/moverdb.com\/wp-content\/uploads\/Great-Lakes-Logistics-international-moving-company.png\" alt=\"Great Lakes Logistics mezin\u00e1rodn\u00ed st\u011bhov\u00e1n\u00ed spole\u010dnost\" width=\"1440\" height=\"679\" data-wp-pid=\"5444\" srcset=\"https:\/\/moverdb.com\/wp-content\/uploads\/Great-Lakes-Logistics-international-moving-company.png 1440w, https:\/\/moverdb.com\/wp-content\/uploads\/Great-Lakes-Logistics-international-moving-company-300x141.png 300w, https:\/\/moverdb.com\/wp-content\/uploads\/Great-Lakes-Logistics-international-moving-company-1024x483.png 1024w, https:\/\/moverdb.com\/wp-content\/uploads\/Great-Lakes-Logistics-international-moving-company-18x8.png 18w, https:\/\/moverdb.com\/wp-content\/uploads\/Great-Lakes-Logistics-international-moving-company-600x283.png 600w\" sizes=\"auto, (max-width: 1440px) 100vw, 1440px\" \/><\/p>\n<ul>\n<li>St\u011bhov\u00e1n\u00ed na n\u00e1rodn\u00ed \u00farovni<\/li>\n<li>Mezin\u00e1rodn\u00ed p\u0159esuny<\/li>\n<li>St\u011bhov\u00e1n\u00ed obytn\u00fdch budov<\/li>\n<li>Mal\u00e9 komer\u010dn\u00ed p\u0159esuny<\/li>\n<li>Silni\u010dn\u00ed, \u017eelezni\u010dn\u00ed, n\u00e1mo\u0159n\u00ed a leteck\u00e1 n\u00e1kladn\u00ed doprava<\/li>\n<li>Balen\u00ed, nakl\u00e1dka a vykl\u00e1dka<\/li>\n<li>Online invent\u00e1\u0159<\/li>\n<li>Celn\u00ed odbaven\u00ed<\/li>\n<li>Pokr\u00fdv\u00e1 v\u00fdchodn\u00ed Afriku<\/li>\n<li>Skladovac\u00ed prostory<\/li>\n<\/ul>\n<p>Great Lakes Logistics je clearingov\u00e1, spedi\u010dn\u00ed, p\u0159epravn\u00ed a skladovac\u00ed spole\u010dnost, kter\u00e1 byla zalo\u017eena v roce 2015 v Burundi jako pobo\u010dka velk\u00e9 spole\u010dnosti ze Spojen\u00fdch arabsk\u00fdch emir\u00e1t\u016f. Poskytuje st\u011bhovac\u00ed slu\u017eby v Burundi, Rwand\u011b, <a href=\"https:\/\/moverdb.com\/cs\/moving-companies\/moving-companies-kenya\/\" data-internallinksmanager029f6b8e52c=\"305\" title=\"4 Nejlep\u0161\u00ed mezin\u00e1rodn\u00ed st\u011bhov\u00e1n\u00ed spole\u010dnosti v Keni\">Ke\u0148a<\/a>, Uganda, Tanzanie, Ji\u017en\u00ed S\u00fad\u00e1n, <a href=\"https:\/\/moverdb.com\/cs\/moving-companies\/moving-companies-mozambique\/\" data-internallinksmanager029f6b8e52c=\"286\" title=\"4 Nejlep\u0161\u00ed mezin\u00e1rodn\u00ed st\u011bhovac\u00ed spole\u010dnosti v Mosambiku\">Mosambik<\/a>, <a href=\"https:\/\/moverdb.com\/cs\/moving-companies\/moving-companies-malawi\/\" data-internallinksmanager029f6b8e52c=\"295\" title=\"Nejlep\u0161\u00ed mezin\u00e1rodn\u00ed st\u011bhovac\u00ed spole\u010dnosti v Malawi\">Malawi<\/a>, KON\u017dSK\u00c1 DEMOKRATICK\u00c1 REPUBLIKA, <a href=\"https:\/\/moverdb.com\/cs\/moving-companies\/botswana-moving-companies\/\" data-internallinksmanager029f6b8e52c=\"167\" title=\"Nejlep\u0161\u00ed mezin\u00e1rodn\u00ed st\u011bhovac\u00ed spole\u010dnosti v Botswan\u011b\">Botswana<\/a>, Angole a Zimbabwe. Jsou \u010dlenem IAM s \u0161estiletou prax\u00ed.<\/p>\n<p>Spole\u010dnost Great Lakes Logistics zaji\u0161\u0165uje p\u0159epravu obytn\u00fdch a mal\u00fdch komer\u010dn\u00edch vozidel, kter\u00e9 m\u016f\u017ee p\u0159epravovat po silnici, \u017eeleznici, po mo\u0159i i letecky. Nab\u00edz\u00ed v\u00fdb\u011br st\u011bhovac\u00edch slu\u017eeb v\u010detn\u011b nakl\u00e1dky a vykl\u00e1dky, uspo\u0159\u00e1d\u00e1n\u00ed v\u011bc\u00ed, balic\u00edch slu\u017eeb, celn\u00edho odbaven\u00ed a skladov\u00e1n\u00ed.<\/p>\n<p>Webov\u00e9 str\u00e1nky: <a href=\"https:\/\/www.greatlakeslogistics-bu.bi\" target=\"_blank\" rel=\"noopener\">https:\/\/www.greatlakeslogistics-bu.bi<\/a><\/p>","protected":false},"excerpt":{"rendered":"<p>If you are wanting to move home or business in Burundi, move to or from Burundi, you may be interested in the services of a moving company who could ease the move for you. Below we have compiled a list of Burundi removal companies that are members of the International Association of Movers (IAM) that [&hellip;]<\/p>\n","protected":false},"author":4,"featured_media":0,"parent":190,"menu_order":0,"comment_status":"closed","ping_status":"closed","template":"","meta":{"_genesis_hide_title":false,"_genesis_hide_breadcrumbs":false,"_genesis_hide_singular_image":false,"_genesis_hide_footer_widgets":false,"_genesis_custom_body_class":"","_genesis_custom_post_class":"","_genesis_layout":"","footnotes":""},"class_list":{"0":"post-5512","1":"page","2":"type-page","3":"status-publish","5":"entry","6":"has-post-thumbnail"},"_links":{"self":[{"href":"https:\/\/moverdb.com\/cs\/wp-json\/wp\/v2\/pages\/5512","targetHints":{"allow":["GET"]}}],"collection":[{"href":"https:\/\/moverdb.com\/cs\/wp-json\/wp\/v2\/pages"}],"about":[{"href":"https:\/\/moverdb.com\/cs\/wp-json\/wp\/v2\/types\/page"}],"author":[{"embeddable":true,"href":"https:\/\/moverdb.com\/cs\/wp-json\/wp\/v2\/users\/4"}],"replies":[{"embeddable":true,"href":"https:\/\/moverdb.com\/cs\/wp-json\/wp\/v2\/comments?post=5512"}],"version-history":[{"count":2,"href":"https:\/\/moverdb.com\/cs\/wp-json\/wp\/v2\/pages\/5512\/revisions"}],"predecessor-version":[{"id":5514,"href":"https:\/\/moverdb.com\/cs\/wp-json\/wp\/v2\/pages\/5512\/revisions\/5514"}],"up":[{"embeddable":true,"href":"https:\/\/moverdb.com\/cs\/wp-json\/wp\/v2\/pages\/190"}],"wp:attachment":[{"href":"https:\/\/moverdb.com\/cs\/wp-json\/wp\/v2\/media?parent=5512"}],"curies":[{"name":"wp","href":"https:\/\/api.w.org\/{rel}","templated":true}]}}