{"id":5510,"date":"2023-02-01T12:32:51","date_gmt":"2023-02-01T12:32:51","guid":{"rendered":"https:\/\/moverdb.com\/?page_id=5510"},"modified":"2026-01-08T15:23:39","modified_gmt":"2026-01-08T15:23:39","slug":"bulharsko-stehovaci-spolecnosti","status":"publish","type":"page","link":"https:\/\/moverdb.com\/cs\/moving-companies\/bulgaria-moving-companies\/","title":{"rendered":"2 Nejlep\u0161\u00ed mezin\u00e1rodn\u00ed st\u011bhovac\u00ed spole\u010dnosti v Bulharsku"},"content":{"rendered":"<p>Pokud st\u011bhujete d\u016fm nebo firmu v <a href=\"https:\/\/moverdb.com\/cs\/moving-to-bulgaria\/\" data-internallinksmanager029f6b8e52c=\"322\" title=\"St\u011bhov\u00e1n\u00ed do Bulharska? 2026 N\u00e1klady na bydlen\u00ed a tipy na st\u011bhov\u00e1n\u00ed\">Bulharsko<\/a>nebo se st\u011bhujete do Bulharska nebo z Bulharska, pak byste m\u011bli vyu\u017e\u00edt slu\u017eeb advok\u00e1tn\u00ed kancel\u00e1\u0159e. <a href=\"https:\/\/moverdb.com\/cs\/moving-companies\/\" data-internallinksmanager029f6b8e52c=\"79\" title=\"Top 25 Mezin\u00e1rodn\u00ed st\u011bhovac\u00ed spole\u010dnosti Online\">st\u011bhovac\u00ed spole\u010dnost<\/a> sn\u00ed\u017eit pracovn\u00ed z\u00e1t\u011b\u017e. N\u00ed\u017ee jsme sestavili seznam bulharsk\u00fdch <a href=\"https:\/\/moverdb.com\/cs\/international-removals\/\" data-internallinksmanager029f6b8e52c=\"27\" title=\"36 nejlep\u0161\u00edch mezin\u00e1rodn\u00edch st\u011bhovac\u00edch spole\u010dnost\u00ed ve Velk\u00e9 Brit\u00e1nii\">st\u011bhovac\u00ed firmy<\/a> kter\u00e9 jsou \u010dleny <a href=\"https:\/\/moverdb.com\/cs\/iam\/\" data-internallinksmanager029f6b8e52c=\"23\" title=\"Vysv\u011btlen\u00ed Mezin\u00e1rodn\u00ed asociace st\u011bhov\u00e1k\u016f (IAM)\">Mezin\u00e1rodn\u00ed asociace st\u011bhov\u00e1k\u016f<\/a> (IAM) a\/nebo <a href=\"https:\/\/moverdb.com\/cs\/fidi-faim\/\" data-internallinksmanager029f6b8e52c=\"16\" title=\"Vysv\u011btlen\u00ed FIDI a FAIM (FIDI Accredited International Mover)\">FIDI<\/a> Akreditovan\u00e9 mezin\u00e1rodn\u00ed st\u011bhov\u00e1n\u00ed (FAIM), kter\u00e9 by v\u00e1m mohlo pomoci.<\/p>\n<h2><strong>1. Movega<\/strong><\/h2>\n<p><img loading=\"lazy\" decoding=\"async\" class=\"alignnone size-full wp-image-5463\" src=\"https:\/\/moverdb.com\/wp-content\/uploads\/Movega-international-moving-company.png\" alt=\"Movega mezin\u00e1rodn\u00ed pohybuj\u00edc\u00ed se spole\u010dnost\" width=\"1440\" height=\"678\" data-wp-pid=\"5463\" srcset=\"https:\/\/moverdb.com\/wp-content\/uploads\/Movega-international-moving-company.png 1440w, https:\/\/moverdb.com\/wp-content\/uploads\/Movega-international-moving-company-300x141.png 300w, https:\/\/moverdb.com\/wp-content\/uploads\/Movega-international-moving-company-1024x482.png 1024w, https:\/\/moverdb.com\/wp-content\/uploads\/Movega-international-moving-company-18x8.png 18w, https:\/\/moverdb.com\/wp-content\/uploads\/Movega-international-moving-company-600x283.png 600w\" sizes=\"auto, (max-width: 1440px) 100vw, 1440px\" \/><\/p>\n<ul>\n<li>St\u011bhov\u00e1n\u00ed na n\u00e1rodn\u00ed \u00farovni<\/li>\n<li>Evropsk\u00e9 st\u011bhov\u00e1n\u00ed<\/li>\n<li>St\u011bhov\u00e1n\u00ed dom\u00e1cnost\u00ed<\/li>\n<li>St\u011bhov\u00e1n\u00ed kancel\u00e1\u0159\u00ed<\/li>\n<li>Slu\u017eby pln\u00e9 a \u010d\u00e1ste\u010dn\u00e9 z\u00e1t\u011b\u017ee<\/li>\n<li>Slevy za rezervaci v\u00edce vozidel<\/li>\n<li>Balen\u00ed a vybalov\u00e1n\u00ed<\/li>\n<li>Platforma pro online pr\u016fzkum k posouzen\u00ed va\u0161ich po\u017eadavk\u016f<\/li>\n<li>M\u016f\u017ee poskytnout extern\u00ed v\u00fdtah<\/li>\n<li>\u0158e\u0161en\u00ed pro ukl\u00e1d\u00e1n\u00ed dat<\/li>\n<\/ul>\n<p>Movega je st\u011bhovac\u00ed spole\u010dnost se s\u00eddlem ve Varn\u011b, kter\u00e1 nab\u00edz\u00ed st\u011bhovac\u00ed slu\u017eby v Bulharsku a Evrop\u011b. Spolupracuje se st\u011bhovac\u00edmi partnery a poskytuje sv\u00e9 slu\u017eby na mezin\u00e1rodn\u00ed \u00farovni. Zaji\u0161\u0165uj\u00ed st\u011bhov\u00e1n\u00ed dom\u00e1cnost\u00ed a kancel\u00e1\u0159\u00ed a jsou \u010dlenem IAM s dvouletou prax\u00ed.<\/p>\n<p>Movega nab\u00edz\u00ed v\u00fdb\u011br st\u011bhovac\u00edch slu\u017eeb, kter\u00e9 v\u00e1m umo\u017en\u00ed vyu\u017e\u00edt pln\u00fd nebo \u010d\u00e1ste\u010dn\u00fd n\u00e1klad nebo z\u00edskat slevy za v\u00edce vozidel. Pom\u00e1haj\u00ed v\u00e1m posoudit va\u0161e po\u017eadavky na st\u011bhov\u00e1n\u00ed pomoc\u00ed platformy pro online pr\u016fzkum. Nab\u00edzej\u00ed p\u0159epravn\u00ed slu\u017eby i kompletn\u00ed balic\u00ed a vybalovac\u00ed slu\u017eby. Disponuj\u00ed rozmanit\u00fdm vozov\u00fdm parkem v\u010detn\u011b extern\u00edho v\u00fdtahu pro p\u0159epravu velk\u00e9ho n\u00e1bytku p\u0159es okna a balkony.<\/p>\n<p>Webov\u00e9 str\u00e1nky: <a href=\"http:\/\/movega.co.uk\" target=\"_blank\" rel=\"noopener\">http:\/\/movega.co.uk<\/a><\/p>\n<h2><strong>2. Ob\u011b\u017en\u00e1 dr\u00e1ha<\/strong><\/h2>\n<p><img loading=\"lazy\" decoding=\"async\" class=\"alignnone size-full wp-image-5470\" src=\"https:\/\/moverdb.com\/wp-content\/uploads\/Orbit-international-moving-company.png\" alt=\"Orbit mezin\u00e1rodn\u00ed st\u011bhov\u00e1n\u00ed spole\u010dnost\" width=\"1440\" height=\"684\" data-wp-pid=\"5470\" srcset=\"https:\/\/moverdb.com\/wp-content\/uploads\/Orbit-international-moving-company.png 1440w, https:\/\/moverdb.com\/wp-content\/uploads\/Orbit-international-moving-company-300x143.png 300w, https:\/\/moverdb.com\/wp-content\/uploads\/Orbit-international-moving-company-1024x486.png 1024w, https:\/\/moverdb.com\/wp-content\/uploads\/Orbit-international-moving-company-18x9.png 18w, https:\/\/moverdb.com\/wp-content\/uploads\/Orbit-international-moving-company-600x285.png 600w\" sizes=\"auto, (max-width: 1440px) 100vw, 1440px\" \/><\/p>\n<ul>\n<li>St\u011bhov\u00e1n\u00ed na n\u00e1rodn\u00ed \u00farovni<\/li>\n<li>Mezin\u00e1rodn\u00ed p\u0159esuny<\/li>\n<li>St\u011bhov\u00e1n\u00ed dom\u00e1cnost\u00ed<\/li>\n<li>Obchodn\u00ed logistika<\/li>\n<li>Individu\u00e1ln\u00ed p\u0159\u00edstup<\/li>\n<li>Pozemn\u00ed, n\u00e1mo\u0159n\u00ed a leteck\u00e1 doprava<\/li>\n<li>Celn\u00ed \u00fa\u0159ad<\/li>\n<li>Balen\u00ed a vybalov\u00e1n\u00ed<\/li>\n<li>P\u0159eprava um\u011bn\u00ed<\/li>\n<li>Sledov\u00e1n\u00ed p\u0159epravy a poji\u0161t\u011bn\u00ed<\/li>\n<\/ul>\n<p>Orbit je spedi\u010dn\u00ed a p\u0159epravn\u00ed spole\u010dnost se s\u00eddlem v Sofii, kter\u00e1 ji\u017e v\u00edce ne\u017e 25 let pom\u00e1h\u00e1 lidem p\u0159i st\u011bhov\u00e1n\u00ed v Bulharsku i v zahrani\u010d\u00ed. Je sou\u010d\u00e1st\u00ed skupiny Orphee Beinoglou, kter\u00e1 m\u00e1 pobo\u010dky po cel\u00e9 Evrop\u011b, s nimi\u017e spolupracuje, a dal\u0161\u00edch st\u011bhovac\u00edch partner\u016f, kte\u0159\u00ed zaji\u0161\u0165uj\u00ed mezin\u00e1rodn\u00ed st\u011bhov\u00e1n\u00ed. Jsou \u010dleny IAM s 28letou prax\u00ed a jsou akreditov\u00e1ni FIDI.<\/p>\n<p>Spole\u010dnost Orbit poskytuje osobn\u00ed slu\u017eby v\u010detn\u011b \u00favodn\u00ed prohl\u00eddky, pl\u00e1nov\u00e1n\u00ed st\u011bhov\u00e1n\u00ed po zemi, po mo\u0159i nebo letecky, bezpe\u010dn\u00e9ho zabalen\u00ed a vybalen\u00ed v\u011bc\u00ed a zaji\u0161t\u011bn\u00ed celn\u00edho odbaven\u00ed. Zaji\u0161\u0165uje klid na du\u0161i d\u00edky poji\u0161t\u011bn\u00ed p\u0159epravy va\u0161ich v\u011bc\u00ed a sledov\u00e1n\u00ed z\u00e1silky.<\/p>\n<p>Webov\u00e9 str\u00e1nky: <a href=\"http:\/\/www.orbit.bg\" target=\"_blank\" rel=\"noopener\">http:\/\/www.orbit.bg<\/a><\/p>\n<h2>Dal\u0161\u00ed u\u017eite\u010dn\u00e9 pr\u016fvodce Bulharskem<\/h2>\n<ul>\n<li> <a href=\"https:\/\/moverdb.com\/cs\/moving-to-bulgaria\/\">St\u011bhov\u00e1n\u00ed do Bulharska? 2026 N\u00e1klady na bydlen\u00ed a tipy na st\u011bhov\u00e1n\u00ed<\/a><\/li>\n<li> <a href=\"https:\/\/moverdb.com\/cs\/moving-to-bulgaria\/best-places-to-live-bulgaria\/\">13 nejlep\u0161\u00edch m\u00edst k \u017eivotu v Bulharsku<\/a><\/li>\n<\/ul>","protected":false},"excerpt":{"rendered":"<p>If you are moving home or your business in Bulgaria, or moving to or from Bulgaria, then you may want to engage the services of a moving company to reduce the workload. Below we have compiled a list of Bulgarian removal companies that are members of the International Association of Movers (IAM) and\/or FIDI Accredited [&hellip;]<\/p>\n","protected":false},"author":4,"featured_media":0,"parent":190,"menu_order":0,"comment_status":"closed","ping_status":"closed","template":"","meta":{"_genesis_hide_title":false,"_genesis_hide_breadcrumbs":false,"_genesis_hide_singular_image":false,"_genesis_hide_footer_widgets":false,"_genesis_custom_body_class":"","_genesis_custom_post_class":"","_genesis_layout":"","footnotes":""},"class_list":{"0":"post-5510","1":"page","2":"type-page","3":"status-publish","5":"entry","6":"has-post-thumbnail"},"_links":{"self":[{"href":"https:\/\/moverdb.com\/cs\/wp-json\/wp\/v2\/pages\/5510","targetHints":{"allow":["GET"]}}],"collection":[{"href":"https:\/\/moverdb.com\/cs\/wp-json\/wp\/v2\/pages"}],"about":[{"href":"https:\/\/moverdb.com\/cs\/wp-json\/wp\/v2\/types\/page"}],"author":[{"embeddable":true,"href":"https:\/\/moverdb.com\/cs\/wp-json\/wp\/v2\/users\/4"}],"replies":[{"embeddable":true,"href":"https:\/\/moverdb.com\/cs\/wp-json\/wp\/v2\/comments?post=5510"}],"version-history":[{"count":3,"href":"https:\/\/moverdb.com\/cs\/wp-json\/wp\/v2\/pages\/5510\/revisions"}],"predecessor-version":[{"id":16292,"href":"https:\/\/moverdb.com\/cs\/wp-json\/wp\/v2\/pages\/5510\/revisions\/16292"}],"up":[{"embeddable":true,"href":"https:\/\/moverdb.com\/cs\/wp-json\/wp\/v2\/pages\/190"}],"wp:attachment":[{"href":"https:\/\/moverdb.com\/cs\/wp-json\/wp\/v2\/media?parent=5510"}],"curies":[{"name":"wp","href":"https:\/\/api.w.org\/{rel}","templated":true}]}}