{"id":5507,"date":"2023-02-01T13:55:39","date_gmt":"2023-02-01T13:55:39","guid":{"rendered":"https:\/\/moverdb.com\/?page_id=5507"},"modified":"2026-01-08T15:29:49","modified_gmt":"2026-01-08T15:29:49","slug":"brunei-moving-companies","status":"publish","type":"page","link":"https:\/\/moverdb.com\/cs\/moving-companies\/brunei-moving-companies\/","title":{"rendered":"Nejlep\u0161\u00ed mezin\u00e1rodn\u00ed st\u011bhovac\u00ed spole\u010dnosti v Bruneji Darussalamu"},"content":{"rendered":"<p>St\u011bhov\u00e1n\u00ed dom\u016f nebo firmy m\u016f\u017ee b\u00fdt slo\u017eit\u00e9 a n\u00e1ro\u010dn\u00e9, tak\u017ee pokud si chcete uleh\u010dit pr\u00e1ci, mo\u017en\u00e1 byste si m\u011bli naj\u00edmat <a href=\"https:\/\/moverdb.com\/cs\/moving-companies\/\" data-internallinksmanager029f6b8e52c=\"79\" title=\"Top 25 Mezin\u00e1rodn\u00ed st\u011bhovac\u00ed spole\u010dnosti Online\">st\u011bhovac\u00ed spole\u010dnost<\/a> aby v\u00e1m pomohl. N\u00ed\u017ee jsme sestavili seznam <a href=\"https:\/\/moverdb.com\/cs\/moving-to-brunei\/\" data-internallinksmanager029f6b8e52c=\"424\" title=\"St\u011bhov\u00e1n\u00ed do Bruneje? 2026 N\u00e1klady na bydlen\u00ed a tipy na p\u0159est\u011bhov\u00e1n\u00ed\">Brunej<\/a> Darussalam <a href=\"https:\/\/moverdb.com\/cs\/international-removals\/\" data-internallinksmanager029f6b8e52c=\"27\" title=\"36 nejlep\u0161\u00edch mezin\u00e1rodn\u00edch st\u011bhovac\u00edch spole\u010dnost\u00ed ve Velk\u00e9 Brit\u00e1nii\">st\u011bhovac\u00ed firmy<\/a> kter\u00e9 jsou \u010dleny <a href=\"https:\/\/moverdb.com\/cs\/iam\/\" data-internallinksmanager029f6b8e52c=\"23\" title=\"Vysv\u011btlen\u00ed Mezin\u00e1rodn\u00ed asociace st\u011bhov\u00e1k\u016f (IAM)\">Mezin\u00e1rodn\u00ed asociace st\u011bhov\u00e1k\u016f<\/a> (IAM), kter\u00e9 by v\u00e1m mohly pomoci.<\/p>\n<h2><strong>Brunejsk\u00e1 p\u0159epravn\u00ed spole\u010dnost <\/strong><\/h2>\n<p><img loading=\"lazy\" decoding=\"async\" class=\"alignnone size-full wp-image-5508\" src=\"https:\/\/moverdb.com\/wp-content\/uploads\/Brunei-Transporting-Company-international-moving-company.png\" alt=\"Brunej Transporting Company mezin\u00e1rodn\u00ed st\u011bhov\u00e1n\u00ed spole\u010dnost\" width=\"1440\" height=\"682\" data-wp-pid=\"5508\" srcset=\"https:\/\/moverdb.com\/wp-content\/uploads\/Brunei-Transporting-Company-international-moving-company.png 1440w, https:\/\/moverdb.com\/wp-content\/uploads\/Brunei-Transporting-Company-international-moving-company-300x142.png 300w, https:\/\/moverdb.com\/wp-content\/uploads\/Brunei-Transporting-Company-international-moving-company-1024x485.png 1024w, https:\/\/moverdb.com\/wp-content\/uploads\/Brunei-Transporting-Company-international-moving-company-18x9.png 18w, https:\/\/moverdb.com\/wp-content\/uploads\/Brunei-Transporting-Company-international-moving-company-600x284.png 600w\" sizes=\"auto, (max-width: 1440px) 100vw, 1440px\" \/><\/p>\n<ul>\n<li>Mezin\u00e1rodn\u00ed st\u011bhov\u00e1n\u00ed<\/li>\n<li>M\u00edstn\u00ed doprava<\/li>\n<li>St\u011bhov\u00e1n\u00ed dom\u00e1cnost\u00ed<\/li>\n<li>Komer\u010dn\u00ed p\u0159esuny<\/li>\n<li>Slu\u017eby od dve\u0159\u00ed ke dve\u0159\u00edm<\/li>\n<li>Pozemn\u00ed a n\u00e1mo\u0159n\u00ed doprava<\/li>\n<li>Vy\u0161kolen\u00fd a zku\u0161en\u00fd person\u00e1l<\/li>\n<li>Rozs\u00e1hl\u00fd vozov\u00fd park<\/li>\n<li>Celn\u00ed zprost\u0159edkovatelsk\u00e9 slu\u017eby<\/li>\n<li>V\u00fdb\u011br \u0159e\u0161en\u00ed pro ukl\u00e1d\u00e1n\u00ed dat<\/li>\n<\/ul>\n<p>Brunej Transporting Company je jednou z p\u0159edn\u00edch logistick\u00fdch spole\u010dnost\u00ed v Bruneji Darussalamu, kter\u00e1 poskytuje m\u00edstn\u00ed a mezin\u00e1rodn\u00ed st\u011bhovac\u00ed slu\u017eby. P\u0159i poskytov\u00e1n\u00ed mezin\u00e1rodn\u00edch slu\u017eeb spolupracuje s p\u0159idru\u017een\u00fdmi st\u011bhovac\u00edmi spole\u010dnostmi, s nimi\u017e je v neust\u00e1l\u00e9m kontaktu, aby zajistila bezpe\u010dn\u00fd a rychl\u00fd pr\u016fjezd. Je \u010dlenem IAM.<\/p>\n<p>Brunejsk\u00e1 p\u0159epravn\u00ed spole\u010dnost disponuje rozs\u00e1hl\u00fdm vozov\u00fdm parkem, kter\u00fd zahrnuje n\u00e1kladn\u00ed automobily, p\u0159epravn\u00edky automobil\u016f, hlavn\u00ed st\u011bhovac\u00ed vozy, p\u0159\u00edv\u011bsy a je\u0159\u00e1by. Poskytuje st\u011bhovac\u00ed a logistick\u00e9 slu\u017eby diplomat\u016fm, n\u00e1rodn\u00edm a nadn\u00e1rodn\u00edm spole\u010dnostem i jednotlivc\u016fm. Poskytuj\u00ed slu\u017eby od dve\u0159\u00ed ke dve\u0159\u00edm p\u0159i doru\u010dov\u00e1n\u00ed n\u00e1kladu po sou\u0161i i po mo\u0159i se slu\u017ebami celn\u00edho zprost\u0159edkovatele a \u0159adou mo\u017enost\u00ed skladov\u00e1n\u00ed.<\/p>\n<p>Webov\u00e9 str\u00e1nky: <a href=\"http:\/\/www.bruneitransporting.com\" target=\"_blank\" rel=\"noopener\">http:\/\/www.bruneitransporting.com<\/a><\/p>","protected":false},"excerpt":{"rendered":"<p>Moving home or your business can be complex and hard work so if you are looking to lighten the load then you might want to employ a moving company to help you. Below we have compiled a list of Brunei Darussalam removal companies that are members of the International Association of Movers (IAM) that could [&hellip;]<\/p>\n","protected":false},"author":4,"featured_media":0,"parent":190,"menu_order":0,"comment_status":"closed","ping_status":"closed","template":"","meta":{"_genesis_hide_title":false,"_genesis_hide_breadcrumbs":false,"_genesis_hide_singular_image":false,"_genesis_hide_footer_widgets":false,"_genesis_custom_body_class":"","_genesis_custom_post_class":"","_genesis_layout":"","footnotes":""},"class_list":{"0":"post-5507","1":"page","2":"type-page","3":"status-publish","5":"entry","6":"has-post-thumbnail"},"_links":{"self":[{"href":"https:\/\/moverdb.com\/cs\/wp-json\/wp\/v2\/pages\/5507","targetHints":{"allow":["GET"]}}],"collection":[{"href":"https:\/\/moverdb.com\/cs\/wp-json\/wp\/v2\/pages"}],"about":[{"href":"https:\/\/moverdb.com\/cs\/wp-json\/wp\/v2\/types\/page"}],"author":[{"embeddable":true,"href":"https:\/\/moverdb.com\/cs\/wp-json\/wp\/v2\/users\/4"}],"replies":[{"embeddable":true,"href":"https:\/\/moverdb.com\/cs\/wp-json\/wp\/v2\/comments?post=5507"}],"version-history":[{"count":1,"href":"https:\/\/moverdb.com\/cs\/wp-json\/wp\/v2\/pages\/5507\/revisions"}],"predecessor-version":[{"id":5509,"href":"https:\/\/moverdb.com\/cs\/wp-json\/wp\/v2\/pages\/5507\/revisions\/5509"}],"up":[{"embeddable":true,"href":"https:\/\/moverdb.com\/cs\/wp-json\/wp\/v2\/pages\/190"}],"wp:attachment":[{"href":"https:\/\/moverdb.com\/cs\/wp-json\/wp\/v2\/media?parent=5507"}],"curies":[{"name":"wp","href":"https:\/\/api.w.org\/{rel}","templated":true}]}}