{"id":5242,"date":"2022-10-24T11:48:27","date_gmt":"2022-10-24T11:48:27","guid":{"rendered":"https:\/\/moverdb.com\/?page_id=5242"},"modified":"2026-01-08T15:29:48","modified_gmt":"2026-01-08T15:29:48","slug":"botswana","status":"publish","type":"page","link":"https:\/\/moverdb.com\/cs\/moving-companies\/botswana-moving-companies\/","title":{"rendered":"Nejlep\u0161\u00ed mezin\u00e1rodn\u00ed st\u011bhovac\u00ed spole\u010dnosti v Botswan\u011b"},"content":{"rendered":"<p>Pl\u00e1nujete st\u011bhov\u00e1n\u00ed v r\u00e1mci Botswany nebo do Botswany \u010di z Botswany? A\u0165 u\u017e st\u011bhujete sv\u016fj domov, nebo firmu, vyu\u017eijte slu\u017eeb st\u011bhovac\u00ed firmy, kter\u00e1 v\u00e1m pom\u016f\u017ee s p\u0159est\u011bhov\u00e1n\u00edm <a href=\"https:\/\/moverdb.com\/cs\/moving-companies\/\" data-internallinksmanager029f6b8e52c=\"79\" title=\"Top 25 Mezin\u00e1rodn\u00ed st\u011bhovac\u00ed spole\u010dnosti Online\">st\u011bhovac\u00ed spole\u010dnost<\/a> m\u016f\u017ee pomoci odleh\u010dit z\u00e1t\u011b\u017e. Abychom v\u00e1m pomohli, sestavili jsme seznam Botswany. <a href=\"https:\/\/moverdb.com\/cs\/international-removals\/\" data-internallinksmanager029f6b8e52c=\"27\" title=\"36 nejlep\u0161\u00edch mezin\u00e1rodn\u00edch st\u011bhovac\u00edch spole\u010dnost\u00ed ve Velk\u00e9 Brit\u00e1nii\">st\u011bhovac\u00ed firmy<\/a> n\u00ed\u017ee, kter\u00e9 jsou \u010dleny <a href=\"https:\/\/moverdb.com\/cs\/iam\/\" data-internallinksmanager029f6b8e52c=\"23\" title=\"Vysv\u011btlen\u00ed Mezin\u00e1rodn\u00ed asociace st\u011bhov\u00e1k\u016f (IAM)\">Mezin\u00e1rodn\u00ed asociace st\u011bhov\u00e1k\u016f<\/a> (IAM) a\/nebo <a href=\"https:\/\/moverdb.com\/cs\/fidi-faim\/\" data-internallinksmanager029f6b8e52c=\"16\" title=\"Vysv\u011btlen\u00ed FIDI a FAIM (FIDI Accredited International Mover)\">FIDI<\/a> Akreditovan\u00e9 mezin\u00e1rodn\u00ed st\u011bhov\u00e1n\u00ed (FAIM).<\/p>\n<h2><strong>AGS Worldwide Movers<\/strong><\/h2>\n<p><em><img loading=\"lazy\" decoding=\"async\" class=\"alignnone size-full wp-image-5137\" src=\"https:\/\/moverdb.com\/wp-content\/uploads\/AGS-Wroldwide-Movers-international-moving-company.png\" alt=\"AGS Wroldwide Movers mezin\u00e1rodn\u00ed st\u011bhov\u00e1n\u00ed spole\u010dnost\" width=\"1440\" height=\"680\" data-wp-pid=\"5137\" srcset=\"https:\/\/moverdb.com\/wp-content\/uploads\/AGS-Wroldwide-Movers-international-moving-company.png 1440w, https:\/\/moverdb.com\/wp-content\/uploads\/AGS-Wroldwide-Movers-international-moving-company-300x142.png 300w, https:\/\/moverdb.com\/wp-content\/uploads\/AGS-Wroldwide-Movers-international-moving-company-1024x484.png 1024w, https:\/\/moverdb.com\/wp-content\/uploads\/AGS-Wroldwide-Movers-international-moving-company-18x9.png 18w, https:\/\/moverdb.com\/wp-content\/uploads\/AGS-Wroldwide-Movers-international-moving-company-600x283.png 600w\" sizes=\"auto, (max-width: 1440px) 100vw, 1440px\" \/><\/em><\/p>\n<ul>\n<li>M\u00edstn\u00ed a vnitrost\u00e1tn\u00ed p\u0159esuny<\/li>\n<li>Mezin\u00e1rodn\u00ed st\u011bhov\u00e1n\u00ed<\/li>\n<li>Komer\u010dn\u00ed st\u011bhov\u00e1n\u00ed pro kancel\u00e1\u0159e<\/li>\n<li>St\u011bhov\u00e1n\u00ed dom\u00e1cnost\u00ed<\/li>\n<li>Slu\u017eby na m\u00edru<\/li>\n<li>Poskytuje slu\u017eby od dve\u0159\u00ed ke dve\u0159\u00edm<\/li>\n<li>Vy\u0161kolen\u00ed bali\u010di pracuj\u00edc\u00ed podle mezin\u00e1rodn\u00edch standard\u016f<\/li>\n<li>Pou\u017eit\u00ed inovativn\u00edch obalov\u00fdch materi\u00e1l\u016f<\/li>\n<li>P\u0159em\u00edst\u011bn\u00ed vozidla<\/li>\n<li>Zabezpe\u010den\u00e9 skladovac\u00ed prostory<\/li>\n<\/ul>\n<p>AGS Worldwide Movers je mezin\u00e1rodn\u00ed spole\u010dnost zalo\u017een\u00e1 v roce 1974, kter\u00e1 m\u00e1 146 pobo\u010dek v 97 zem\u00edch v\u010detn\u011b Evropy, Asie a Afriky v\u010detn\u011b Botswany. Pro poskytov\u00e1n\u00ed slu\u017eeb v t\u011bchto zem\u00edch m\u00e1 partnerskou s\u00ed\u0165 v Americe a Oce\u00e1nii. Pobo\u010dka v Botswan\u011b je ji\u017e 41 let \u010dlenem IAM a je akreditov\u00e1na FIDI.<\/p>\n<p>AGS Worldwide Movers poskytuje st\u011bhovac\u00ed slu\u017eby v Botswan\u011b a po cel\u00e9m sv\u011bt\u011b s vyu\u017eit\u00edm nejmodern\u011bj\u0161\u00edch technologi\u00ed, kter\u00e9 pom\u00e1haj\u00ed p\u0159i tvorb\u011b nab\u00eddek, sledov\u00e1n\u00ed a doru\u010dov\u00e1n\u00ed. Zam\u011bstn\u00e1vaj\u00ed vy\u0161kolen\u00e9 balic\u00ed pracovn\u00edky, kte\u0159\u00ed pracuj\u00ed podle mezin\u00e1rodn\u00edch balic\u00edch standard\u016f a technik a pou\u017e\u00edvaj\u00ed vysoce kvalitn\u00ed balic\u00ed materi\u00e1ly. Nab\u00edzej\u00ed tak\u00e9 slu\u017eby st\u011bhov\u00e1n\u00ed vozidel a bezpe\u010dn\u00e9 skladovac\u00ed prostory.<\/p>\n<p>Webov\u00e9 str\u00e1nky: <a href=\"https:\/\/www.agsmovers.com\" target=\"_blank\" rel=\"noopener\">https:\/\/www.agsmovers.com<\/a><\/p>","protected":false},"excerpt":{"rendered":"<p>Are you planning a move within Botswana, or to or from Botswana? Whether you are moving your home or your business, engaging the services of a moving company can help lighten the load. To assist you we have compiled a list of Botswana removal companies below that are members of the International Association of Movers [&hellip;]<\/p>\n","protected":false},"author":4,"featured_media":0,"parent":190,"menu_order":0,"comment_status":"closed","ping_status":"closed","template":"","meta":{"_genesis_hide_title":false,"_genesis_hide_breadcrumbs":false,"_genesis_hide_singular_image":false,"_genesis_hide_footer_widgets":false,"_genesis_custom_body_class":"","_genesis_custom_post_class":"","_genesis_layout":"","footnotes":""},"class_list":{"0":"post-5242","1":"page","2":"type-page","3":"status-publish","5":"entry"},"_links":{"self":[{"href":"https:\/\/moverdb.com\/cs\/wp-json\/wp\/v2\/pages\/5242","targetHints":{"allow":["GET"]}}],"collection":[{"href":"https:\/\/moverdb.com\/cs\/wp-json\/wp\/v2\/pages"}],"about":[{"href":"https:\/\/moverdb.com\/cs\/wp-json\/wp\/v2\/types\/page"}],"author":[{"embeddable":true,"href":"https:\/\/moverdb.com\/cs\/wp-json\/wp\/v2\/users\/4"}],"replies":[{"embeddable":true,"href":"https:\/\/moverdb.com\/cs\/wp-json\/wp\/v2\/comments?post=5242"}],"version-history":[{"count":1,"href":"https:\/\/moverdb.com\/cs\/wp-json\/wp\/v2\/pages\/5242\/revisions"}],"predecessor-version":[{"id":5243,"href":"https:\/\/moverdb.com\/cs\/wp-json\/wp\/v2\/pages\/5242\/revisions\/5243"}],"up":[{"embeddable":true,"href":"https:\/\/moverdb.com\/cs\/wp-json\/wp\/v2\/pages\/190"}],"wp:attachment":[{"href":"https:\/\/moverdb.com\/cs\/wp-json\/wp\/v2\/media?parent=5242"}],"curies":[{"name":"wp","href":"https:\/\/api.w.org\/{rel}","templated":true}]}}