{"id":5240,"date":"2022-10-24T11:49:20","date_gmt":"2022-10-24T11:49:20","guid":{"rendered":"https:\/\/moverdb.com\/?page_id=5240"},"modified":"2026-01-08T15:23:38","modified_gmt":"2026-01-08T15:23:38","slug":"bosna-a-hercegovina","status":"publish","type":"page","link":"https:\/\/moverdb.com\/cs\/moving-companies\/bosnia-and-herzegovina-moving-companies\/","title":{"rendered":"2 Nejlep\u0161\u00ed mezin\u00e1rodn\u00ed st\u011bhovac\u00ed spole\u010dnosti v Bosn\u011b a Hercegovin\u011b"},"content":{"rendered":"<p>St\u011bhov\u00e1n\u00ed m\u016f\u017ee b\u00fdt stresuj\u00edc\u00ed, zvl\u00e1\u0161t\u011b pokud se st\u011bhujete i do jin\u00fdch zem\u00ed, a pr\u00e1v\u011b v tomto p\u0159\u00edpad\u011b v\u00e1m m\u016f\u017ee st\u011bhovac\u00ed nebo reloka\u010dn\u00ed spole\u010dnost pomoci ulevit od stresu. Abychom v\u00e1m pomohli, sestavili jsme pro v\u00e1s seznam Bosny a Hercegoviny. <a href=\"https:\/\/moverdb.com\/cs\/international-removals\/\" data-internallinksmanager029f6b8e52c=\"27\" title=\"36 nejlep\u0161\u00edch mezin\u00e1rodn\u00edch st\u011bhovac\u00edch spole\u010dnost\u00ed ve Velk\u00e9 Brit\u00e1nii\">st\u011bhovac\u00ed firmy<\/a> kter\u00e9 jsou \u010dleny <a href=\"https:\/\/moverdb.com\/cs\/iam\/\" data-internallinksmanager029f6b8e52c=\"23\" title=\"Vysv\u011btlen\u00ed Mezin\u00e1rodn\u00ed asociace st\u011bhov\u00e1k\u016f (IAM)\">Mezin\u00e1rodn\u00ed asociace st\u011bhov\u00e1k\u016f<\/a> (IAM), kter\u00fd by v\u00e1m mohl pomoci.<\/p>\n<h2><strong>1. AGS Worldwide Movers<\/strong><\/h2>\n<p><em><img loading=\"lazy\" decoding=\"async\" class=\"alignnone size-full wp-image-5137\" src=\"https:\/\/moverdb.com\/wp-content\/uploads\/AGS-Wroldwide-Movers-international-moving-company.png\" alt=\"AGS Wroldwide Movers mezin\u00e1rodn\u00ed st\u011bhov\u00e1n\u00ed spole\u010dnost\" width=\"1440\" height=\"680\" data-wp-pid=\"5137\" srcset=\"https:\/\/moverdb.com\/wp-content\/uploads\/AGS-Wroldwide-Movers-international-moving-company.png 1440w, https:\/\/moverdb.com\/wp-content\/uploads\/AGS-Wroldwide-Movers-international-moving-company-300x142.png 300w, https:\/\/moverdb.com\/wp-content\/uploads\/AGS-Wroldwide-Movers-international-moving-company-1024x484.png 1024w, https:\/\/moverdb.com\/wp-content\/uploads\/AGS-Wroldwide-Movers-international-moving-company-18x9.png 18w, https:\/\/moverdb.com\/wp-content\/uploads\/AGS-Wroldwide-Movers-international-moving-company-600x283.png 600w\" sizes=\"auto, (max-width: 1440px) 100vw, 1440px\" \/><\/em><\/p>\n<ul>\n<li>St\u011bhov\u00e1n\u00ed na n\u00e1rodn\u00ed \u00farovni<\/li>\n<li>Mezin\u00e1rodn\u00ed st\u011bhov\u00e1n\u00ed<\/li>\n<li>St\u011bhov\u00e1n\u00ed do obytn\u00fdch prostor<\/li>\n<li>St\u011bhov\u00e1n\u00ed kancel\u00e1\u0159\u00ed<\/li>\n<li>St\u011bhov\u00e1n\u00ed od dve\u0159\u00ed ke dve\u0159\u00edm<\/li>\n<li>vy\u0161kolen\u00fd person\u00e1l pro balen\u00ed a p\u0159epravu va\u0161ich v\u011bc\u00ed<\/li>\n<li>Inovativn\u00ed balic\u00ed materi\u00e1ly a metody<\/li>\n<li>Ekologicky \u0161etrn\u00e9 obaly<\/li>\n<li>P\u0159evody vozidel<\/li>\n<li>Zabezpe\u010den\u00e9 skladov\u00e1n\u00ed<\/li>\n<\/ul>\n<p>Spole\u010dnost AGS Worldwide Movers vznikla v roce 1974 a stala se mezin\u00e1rodn\u00ed st\u011bhovac\u00ed spole\u010dnost\u00ed, kter\u00e1 p\u016fsob\u00ed v Evrop\u011b, Asii a Africe a m\u00e1 partnery v Americe a Oce\u00e1nii. M\u00e1 146 pobo\u010dek v 97 zem\u00edch. Jsou \u010dleny IAM s 25letou tradic\u00ed.<\/p>\n<p>Spole\u010dnost AGS Worldwide Movers pou\u017e\u00edv\u00e1 nejmodern\u011bj\u0161\u00ed a chytr\u00e1 \u0159e\u0161en\u00ed pro efektivn\u011bj\u0161\u00ed poskytov\u00e1n\u00ed nab\u00eddek, sledov\u00e1n\u00ed a doru\u010dov\u00e1n\u00ed. Poskytuje vy\u0161kolen\u00fd person\u00e1l, kter\u00fd bezpe\u010dn\u011b zabal\u00ed va\u0161e v\u011bci a zabr\u00e1n\u00ed jejich po\u0161kozen\u00ed pomoc\u00ed inovativn\u00edch balic\u00edch materi\u00e1l\u016f a technik. Poskytuj\u00ed tak\u00e9 \u0159e\u0161en\u00ed pro p\u0159epravu vozidel a v p\u0159\u00edpad\u011b pot\u0159eby i bezpe\u010dn\u00e9 skladov\u00e1n\u00ed.<\/p>\n<p>Webov\u00e9 str\u00e1nky: <a href=\"http:\/\/www.agsmovers.com\" target=\"_blank\" rel=\"noopener\">http:\/\/www.agsmovers.com<\/a><\/p>\n<h2><strong>2. Intermove<\/strong><\/h2>\n<p><em><img loading=\"lazy\" decoding=\"async\" class=\"alignnone size-full wp-image-5176\" src=\"https:\/\/moverdb.com\/wp-content\/uploads\/Intermove-international-moving-company.png\" alt=\"Intermove mezin\u00e1rodn\u00ed st\u011bhov\u00e1n\u00ed spole\u010dnost\" width=\"1440\" height=\"680\" data-wp-pid=\"5176\" srcset=\"https:\/\/moverdb.com\/wp-content\/uploads\/Intermove-international-moving-company.png 1440w, https:\/\/moverdb.com\/wp-content\/uploads\/Intermove-international-moving-company-300x142.png 300w, https:\/\/moverdb.com\/wp-content\/uploads\/Intermove-international-moving-company-1024x484.png 1024w, https:\/\/moverdb.com\/wp-content\/uploads\/Intermove-international-moving-company-18x9.png 18w, https:\/\/moverdb.com\/wp-content\/uploads\/Intermove-international-moving-company-600x283.png 600w\" sizes=\"auto, (max-width: 1440px) 100vw, 1440px\" \/><\/em><\/p>\n<ul>\n<li>M\u00edstn\u00ed a vnitrost\u00e1tn\u00ed p\u0159esuny<\/li>\n<li>Mezin\u00e1rodn\u00ed st\u011bhov\u00e1n\u00ed<\/li>\n<li>St\u011bhov\u00e1n\u00ed dom\u00e1cnost\u00ed<\/li>\n<li>P\u0159em\u00edst\u011bn\u00ed podnik\u016f<\/li>\n<li>Vysoce kvalifikovan\u00ed bali\u010di<\/li>\n<li>Balic\u00ed a vybalovac\u00ed slu\u017eby<\/li>\n<li>Logistika p\u0159epravy<\/li>\n<li>Celn\u00ed odbaven\u00ed<\/li>\n<li>Poji\u0161t\u011bn\u00ed<\/li>\n<li>Skladovac\u00ed prostory<\/li>\n<\/ul>\n<p>Intermove je st\u011bhovac\u00ed spole\u010dnost, kter\u00e1 byla zalo\u017eena v roce 1996 s c\u00edlem pom\u00e1hat rodin\u00e1m a firm\u00e1m p\u0159i st\u011bhov\u00e1n\u00ed. Sv\u00e9 slu\u017eby poskytuje v Bosn\u011b a Hercegovin\u011b i t\u011bm, kte\u0159\u00ed se cht\u011bj\u00ed p\u0159est\u011bhovat do Bosny a Hercegoviny nebo z n\u00ed. Jsou \u010dleny IAM s 26letou prax\u00ed.<\/p>\n<p>Spole\u010dnost Intermove poskytuje vysoce kvalifikovan\u00e9 balic\u00ed pracovn\u00edky vy\u0161kolen\u00e9 v mezin\u00e1rodn\u00edch balic\u00edch metod\u00e1ch a pou\u017e\u00edv\u00e1 vysoce kvalitn\u00ed materi\u00e1ly k ochran\u011b va\u0161eho majetku. Zabal\u00ed va\u0161e v\u011bci a zajist\u00ed jejich p\u0159epravu v\u010detn\u011b p\u0159\u00edpadn\u00e9ho celn\u00edho odbaven\u00ed a vybalen\u00ed. Zajist\u00ed poji\u0161t\u011bn\u00ed, domovn\u00ed prohl\u00eddku, orientaci v oblasti a mo\u017enost flexibiln\u00edho \u0159e\u0161en\u00ed skladov\u00e1n\u00ed.<\/p>\n<p>Webov\u00e9 str\u00e1nky: <a href=\"http:\/\/www.intermovebosnia.com\" target=\"_blank\" rel=\"noopener\">http:\/\/www.intermovebosnia.com<\/a><\/p>","protected":false},"excerpt":{"rendered":"<p>Moving can be a stressful time especially if you are moving countries as well, that is where a moving or relocation company can help relieve some of the pressure. To help you we have compiled a list of Bosnia and Herzegovina removal companies that are members of the International Association of Movers (IAM) who could [&hellip;]<\/p>\n","protected":false},"author":4,"featured_media":0,"parent":190,"menu_order":0,"comment_status":"closed","ping_status":"closed","template":"","meta":{"_genesis_hide_title":false,"_genesis_hide_breadcrumbs":false,"_genesis_hide_singular_image":false,"_genesis_hide_footer_widgets":false,"_genesis_custom_body_class":"","_genesis_custom_post_class":"","_genesis_layout":"","footnotes":""},"class_list":{"0":"post-5240","1":"page","2":"type-page","3":"status-publish","5":"entry","6":"has-post-thumbnail"},"_links":{"self":[{"href":"https:\/\/moverdb.com\/cs\/wp-json\/wp\/v2\/pages\/5240","targetHints":{"allow":["GET"]}}],"collection":[{"href":"https:\/\/moverdb.com\/cs\/wp-json\/wp\/v2\/pages"}],"about":[{"href":"https:\/\/moverdb.com\/cs\/wp-json\/wp\/v2\/types\/page"}],"author":[{"embeddable":true,"href":"https:\/\/moverdb.com\/cs\/wp-json\/wp\/v2\/users\/4"}],"replies":[{"embeddable":true,"href":"https:\/\/moverdb.com\/cs\/wp-json\/wp\/v2\/comments?post=5240"}],"version-history":[{"count":1,"href":"https:\/\/moverdb.com\/cs\/wp-json\/wp\/v2\/pages\/5240\/revisions"}],"predecessor-version":[{"id":5241,"href":"https:\/\/moverdb.com\/cs\/wp-json\/wp\/v2\/pages\/5240\/revisions\/5241"}],"up":[{"embeddable":true,"href":"https:\/\/moverdb.com\/cs\/wp-json\/wp\/v2\/pages\/190"}],"wp:attachment":[{"href":"https:\/\/moverdb.com\/cs\/wp-json\/wp\/v2\/media?parent=5240"}],"curies":[{"name":"wp","href":"https:\/\/api.w.org\/{rel}","templated":true}]}}