{"id":5231,"date":"2022-10-24T11:51:35","date_gmt":"2022-10-24T11:51:35","guid":{"rendered":"https:\/\/moverdb.com\/?page_id=5231"},"modified":"2026-01-08T15:29:47","modified_gmt":"2026-01-08T15:29:47","slug":"barbados-2","status":"publish","type":"page","link":"https:\/\/moverdb.com\/cs\/moving-companies\/barbados-moving-companies\/","title":{"rendered":"Nejlep\u0161\u00ed mezin\u00e1rodn\u00ed st\u011bhovac\u00ed spole\u010dnosti na Barbadosu"},"content":{"rendered":"<p>P\u0159em\u00fd\u0161l\u00edte o st\u011bhov\u00e1n\u00ed do nebo z <a href=\"https:\/\/moverdb.com\/cs\/moving-to-barbados\/\" data-internallinksmanager029f6b8e52c=\"344\" title=\"St\u011bhujete se na Barbados? 2026 N\u00e1klady na bydlen\u00ed a tipy na st\u011bhov\u00e1n\u00ed\">Barbados<\/a>nebo v r\u00e1mci Barbadosu? Pak v\u00e1m mo\u017en\u00e1 my\u0161lenka na balen\u00ed domu nebo firmy a organizaci p\u0159epravy zp\u016fsobuje stres, ale st\u011bhovac\u00ed firma v\u00e1m m\u016f\u017ee pomoci. N\u00ed\u017ee jsou uvedeny <a href=\"https:\/\/moverdb.com\/cs\/international-removals\/\" data-internallinksmanager029f6b8e52c=\"27\" title=\"36 nejlep\u0161\u00edch mezin\u00e1rodn\u00edch st\u011bhovac\u00edch spole\u010dnost\u00ed ve Velk\u00e9 Brit\u00e1nii\">st\u011bhovac\u00ed firmy<\/a> kter\u00e9 jsou \u010dleny <a href=\"https:\/\/moverdb.com\/cs\/iam\/\" data-internallinksmanager029f6b8e52c=\"23\" title=\"Vysv\u011btlen\u00ed Mezin\u00e1rodn\u00ed asociace st\u011bhov\u00e1k\u016f (IAM)\">Mezin\u00e1rodn\u00ed asociace st\u011bhov\u00e1k\u016f<\/a> (IAM) a\/nebo <a href=\"https:\/\/moverdb.com\/cs\/fidi-faim\/\" data-internallinksmanager029f6b8e52c=\"16\" title=\"Vysv\u011btlen\u00ed FIDI a FAIM (FIDI Accredited International Mover)\">FIDI<\/a> Akreditovan\u00e9 mezin\u00e1rodn\u00ed st\u011bhov\u00e1n\u00ed (FAIM) na Barbadosu.<\/p>\n<h2><strong>1. Michael Greaves Associates<\/strong><\/h2>\n<p><em><img loading=\"lazy\" decoding=\"async\" class=\"alignnone size-full wp-image-5186\" src=\"https:\/\/moverdb.com\/wp-content\/uploads\/Michael-Greaves-Associates-international-moving-company.png\" alt=\"Michael Greaves Associates mezin\u00e1rodn\u00ed st\u011bhov\u00e1n\u00ed spole\u010dnost\" width=\"1440\" height=\"681\" data-wp-pid=\"5186\" srcset=\"https:\/\/moverdb.com\/wp-content\/uploads\/Michael-Greaves-Associates-international-moving-company.png 1440w, https:\/\/moverdb.com\/wp-content\/uploads\/Michael-Greaves-Associates-international-moving-company-300x142.png 300w, https:\/\/moverdb.com\/wp-content\/uploads\/Michael-Greaves-Associates-international-moving-company-1024x484.png 1024w, https:\/\/moverdb.com\/wp-content\/uploads\/Michael-Greaves-Associates-international-moving-company-18x9.png 18w, https:\/\/moverdb.com\/wp-content\/uploads\/Michael-Greaves-Associates-international-moving-company-600x284.png 600w\" sizes=\"auto, (max-width: 1440px) 100vw, 1440px\" \/><\/em><\/p>\n<ul>\n<li>Vnitrost\u00e1tn\u00ed p\u0159em\u00edst\u011bn\u00ed<\/li>\n<li>Mezin\u00e1rodn\u00ed st\u011bhov\u00e1n\u00ed<\/li>\n<li>Komer\u010dn\u00ed a reziden\u010dn\u00ed st\u011bhov\u00e1n\u00ed<\/li>\n<li>Slu\u017eby na m\u00edru<\/li>\n<li>Zku\u0161en\u00ed odborn\u00edci<\/li>\n<li>Celn\u00ed zprost\u0159edkov\u00e1n\u00ed a proclen\u00ed<\/li>\n<li>Poji\u0161t\u011bn\u00ed n\u00e1kladu<\/li>\n<li>Manipulace se zv\u00ed\u0159aty<\/li>\n<li>P\u0159eprava vozidel a lod\u00ed<\/li>\n<li>Skladovac\u00ed prostory<\/li>\n<\/ul>\n<p>Michael Greaves Associates je spole\u010dnost zab\u00fdvaj\u00edc\u00ed se st\u011bhov\u00e1n\u00edm, p\u0159epravou a zprost\u0159edkov\u00e1n\u00edm se s\u00eddlem na Barbadosu, kter\u00e1 byla zalo\u017eena v roce 1981. Je \u010dlenem IAM a p\u016fsob\u00ed zde ji\u017e 41 let. Poskytuj\u00ed st\u011bhovac\u00ed slu\u017eby na Barbadosu i v zahrani\u010d\u00ed.<\/p>\n<p>Michael Greaves Associates nab\u00edz\u00ed st\u011bhovac\u00ed slu\u017eby na m\u00edru, kter\u00e9 v\u00e1m pomohou v ka\u017ed\u00e9 f\u00e1zi st\u011bhov\u00e1n\u00ed od pl\u00e1nov\u00e1n\u00ed a\u017e po zabydlen\u00ed v nov\u00e9m domov\u011b. Provede prohl\u00eddku va\u0161eho domu nebo kancel\u00e1\u0159e, poskytne odhad a zaznamen\u00e1 p\u0159\u00edpadn\u00e9 zvl\u00e1\u0161tn\u00ed po\u017eadavky. Zabal\u00ed va\u0161e v\u011bci pomoc\u00ed schv\u00e1len\u00fdch technik a materi\u00e1l\u016f. Zaji\u0161\u0165uj\u00ed tak\u00e9 poji\u0161t\u011bn\u00ed n\u00e1kladu a celn\u00ed zprost\u0159edkov\u00e1n\u00ed a odbaven\u00ed a tak\u00e9 specializovan\u00e9 slu\u017eby pro p\u0159epravu dom\u00e1c\u00edch zv\u00ed\u0159at, vozidel a lod\u00ed.<\/p>\n<p>Webov\u00e9 str\u00e1nky: <a href=\"http:\/\/www.mgassociates.net\" target=\"_blank\" rel=\"noopener\">http:\/\/www.mgassociates.net<\/a><\/p>\n<h2>Dal\u0161\u00ed u\u017eite\u010dn\u00ed pr\u016fvodci po Barbadosu<\/h2>\n<ul>\n<li> <a href=\"https:\/\/moverdb.com\/cs\/kontejnerova-preprava\/barbados\/\">2024 Sazby n\u00e1mo\u0159n\u00ed kontejnerov\u00e9 dopravy do a z Barbadosu<\/a><\/li>\n<li> <a href=\"https:\/\/moverdb.com\/cs\/moving-to-barbados\/\">St\u011bhujete se na Barbados? 2026 N\u00e1klady na bydlen\u00ed a tipy na p\u0159est\u011bhov\u00e1n\u00ed<\/a><\/li>\n<li> <a href=\"https:\/\/moverdb.com\/cs\/moving-to-barbados\/living-in-barbados\/\">21 tajemstv\u00ed o \u017eivot\u011b na Barbadosu, kter\u00e1 je t\u0159eba zn\u00e1t p\u0159ed st\u011bhov\u00e1n\u00edm<\/a><\/li>\n<\/ul>","protected":false},"excerpt":{"rendered":"<p>Are you thinking of moving to or from Barbados, or within Barbados? Then the thought of packing up your home or business and organising the shipping might be causing some stress, but a removal company could help. Below are the removal companies that are members of the International Association of Movers (IAM) and\/or FIDI Accredited [&hellip;]<\/p>\n","protected":false},"author":4,"featured_media":0,"parent":190,"menu_order":0,"comment_status":"closed","ping_status":"closed","template":"","meta":{"_genesis_hide_title":false,"_genesis_hide_breadcrumbs":false,"_genesis_hide_singular_image":false,"_genesis_hide_footer_widgets":false,"_genesis_custom_body_class":"","_genesis_custom_post_class":"","_genesis_layout":"","footnotes":""},"class_list":{"0":"post-5231","1":"page","2":"type-page","3":"status-publish","5":"entry","6":"has-post-thumbnail"},"_links":{"self":[{"href":"https:\/\/moverdb.com\/cs\/wp-json\/wp\/v2\/pages\/5231","targetHints":{"allow":["GET"]}}],"collection":[{"href":"https:\/\/moverdb.com\/cs\/wp-json\/wp\/v2\/pages"}],"about":[{"href":"https:\/\/moverdb.com\/cs\/wp-json\/wp\/v2\/types\/page"}],"author":[{"embeddable":true,"href":"https:\/\/moverdb.com\/cs\/wp-json\/wp\/v2\/users\/4"}],"replies":[{"embeddable":true,"href":"https:\/\/moverdb.com\/cs\/wp-json\/wp\/v2\/comments?post=5231"}],"version-history":[{"count":2,"href":"https:\/\/moverdb.com\/cs\/wp-json\/wp\/v2\/pages\/5231\/revisions"}],"predecessor-version":[{"id":18281,"href":"https:\/\/moverdb.com\/cs\/wp-json\/wp\/v2\/pages\/5231\/revisions\/18281"}],"up":[{"embeddable":true,"href":"https:\/\/moverdb.com\/cs\/wp-json\/wp\/v2\/pages\/190"}],"wp:attachment":[{"href":"https:\/\/moverdb.com\/cs\/wp-json\/wp\/v2\/media?parent=5231"}],"curies":[{"name":"wp","href":"https:\/\/api.w.org\/{rel}","templated":true}]}}