{"id":4641,"date":"2022-09-20T19:45:42","date_gmt":"2022-09-20T19:45:42","guid":{"rendered":"https:\/\/moverdb.com\/?page_id=4641"},"modified":"2026-01-08T15:24:10","modified_gmt":"2026-01-08T15:24:10","slug":"alzirsko","status":"publish","type":"page","link":"https:\/\/moverdb.com\/cs\/moving-companies\/algeria\/","title":{"rendered":"3 Nejlep\u0161\u00ed mezin\u00e1rodn\u00ed st\u011bhovac\u00ed spole\u010dnosti v Al\u017e\u00edrsku"},"content":{"rendered":"<p>Pokud se st\u011bhujete v Al\u017e\u00edrsku nebo se chcete p\u0159est\u011bhovat do Al\u017e\u00edrska nebo z Al\u017e\u00edrska, mo\u017en\u00e1 budete pot\u0159ebovat <a href=\"https:\/\/moverdb.com\/cs\/moving-companies\/\" data-internallinksmanager029f6b8e52c=\"79\" title=\"Top 25 Mezin\u00e1rodn\u00ed st\u011bhovac\u00ed spole\u010dnosti Online\">st\u011bhovac\u00ed spole\u010dnost<\/a> aby v\u00e1m pomohl. N\u00ed\u017ee je uveden seznam t\u011bch, kte\u0159\u00ed jsou \u010dleny <a href=\"https:\/\/moverdb.com\/cs\/iam\/\" data-internallinksmanager029f6b8e52c=\"23\" title=\"Vysv\u011btlen\u00ed Mezin\u00e1rodn\u00ed asociace st\u011bhov\u00e1k\u016f (IAM)\">Mezin\u00e1rodn\u00ed asociace st\u011bhov\u00e1k\u016f<\/a> (IAM) a\/nebo <a href=\"https:\/\/moverdb.com\/cs\/fidi-faim\/\" data-internallinksmanager029f6b8e52c=\"16\" title=\"Vysv\u011btlen\u00ed FIDI a FAIM (FIDI Accredited International Mover)\">FIDI<\/a> Akreditovan\u00e9 mezin\u00e1rodn\u00ed st\u011bhov\u00e1n\u00ed (FAIM), kter\u00e9 v\u00e1m snad pom\u016f\u017ee.<\/p>\n<h2><strong>1. C\u00edl Intermovers<\/strong><\/h2>\n<p><em><img loading=\"lazy\" decoding=\"async\" class=\"alignnone wp-image-4642 size-full\" src=\"https:\/\/moverdb.com\/wp-content\/uploads\/Aim-Intermovers-international-moving-company.png\" alt=\"Aim Intermovers mezin\u00e1rodn\u00ed st\u011bhov\u00e1n\u00ed spole\u010dnost\" width=\"1440\" height=\"677\" data-wp-pid=\"4642\" srcset=\"https:\/\/moverdb.com\/wp-content\/uploads\/Aim-Intermovers-international-moving-company.png 1440w, https:\/\/moverdb.com\/wp-content\/uploads\/Aim-Intermovers-international-moving-company-300x141.png 300w, https:\/\/moverdb.com\/wp-content\/uploads\/Aim-Intermovers-international-moving-company-1024x481.png 1024w, https:\/\/moverdb.com\/wp-content\/uploads\/Aim-Intermovers-international-moving-company-18x8.png 18w, https:\/\/moverdb.com\/wp-content\/uploads\/Aim-Intermovers-international-moving-company-600x282.png 600w\" sizes=\"auto, (max-width: 1440px) 100vw, 1440px\" \/><\/em><\/p>\n<ul>\n<li>Zaji\u0161\u0165uje vnitrost\u00e1tn\u00ed st\u011bhov\u00e1n\u00ed ve 48 al\u017e\u00edrsk\u00fdch vil\u00e1ch a mezin\u00e1rodn\u00ed st\u011bhov\u00e1n\u00ed.<\/li>\n<li>St\u011bhov\u00e1n\u00ed kancel\u00e1\u0159\u00ed<\/li>\n<li>Slu\u017eba archivace<\/li>\n<li>Nab\u00edz\u00ed silni\u010dn\u00ed, n\u00e1mo\u0159n\u00ed a leteckou p\u0159epravu v\u011bc\u00ed.<\/li>\n<li>Profesion\u00e1ln\u00ed t\u00fdm st\u011bhov\u00e1k\u016f<\/li>\n<li>Dod\u00e1vky obalov\u00e9ho materi\u00e1lu a karton\u016f<\/li>\n<li>Zaji\u0161\u0165uje demont\u00e1\u017e a balen\u00ed n\u00e1bytku a n\u00e1slednou mont\u00e1\u017e.<\/li>\n<li>Citliv\u011b zach\u00e1z\u00ed se zbo\u017e\u00edm, jako jsou um\u011bleck\u00e1 d\u00edla.<\/li>\n<li>Vyr\u00e1b\u00ed tak\u00e9 d\u0159ev\u011bn\u00e9 bedny a <a href=\"https:\/\/moverdb.com\/cs\/iata\/\" data-internallinksmanager029f6b8e52c=\"22\" title=\"Vysv\u011btlen\u00ed Mezin\u00e1rodn\u00ed asociace leteck\u00fdch dopravc\u016f (IATA)\">IATA<\/a> kartony<\/li>\n<li>Technick\u00e1 n\u00e1v\u0161t\u011bva je nab\u00edzena bez z\u00e1vazk\u016f<\/li>\n<\/ul>\n<p>Aim Intermovers je al\u017e\u00edrsk\u00e1 st\u011bhovac\u00ed spole\u010dnost, kter\u00e1 nab\u00edz\u00ed slu\u017eby po cel\u00e9 zemi v 48 wilaya Al\u017e\u00edrska a mezin\u00e1rodn\u00ed pohyby. Poskytuje tranzitn\u00ed odd\u011blen\u00ed, kter\u00e9 zajist\u00ed ve\u0161ker\u00e1 opat\u0159en\u00ed pro va\u0161e st\u011bhov\u00e1n\u00ed v\u010detn\u011b v\u0161ech po\u017eadavk\u016f na dovoz a v\u00fdvoz. Ji\u017e 9 let je \u010dlenem IAM.<\/p>\n<p>Mezi klienty spole\u010dnosti Aim Intermovers pat\u0159\u00ed poskytov\u00e1n\u00ed st\u011bhovac\u00edch slu\u017eeb n\u00e1rodn\u00edm a mezin\u00e1rodn\u00edm spole\u010dnostem, zahrani\u010dn\u00edm firm\u00e1m, ropn\u00fdm spole\u010dnostem a velvyslanectv\u00edm. Nab\u00edz\u00ed bezplatnou cenovou nab\u00eddku s nez\u00e1vaznou technickou prohl\u00eddkou. Poskytuj\u00ed komplexn\u00ed slu\u017eby, kter\u00e9 zahrnuj\u00ed zaji\u0161t\u011bn\u00ed obalov\u00fdch materi\u00e1l\u016f a kontejner\u016f, jako\u017e i balic\u00ed a demont\u00e1\u017en\u00ed a mont\u00e1\u017en\u00ed slu\u017eby.<\/p>\n<p>Webov\u00e9 str\u00e1nky: <a href=\"http:\/\/www.aimintermovers.dz\" target=\"_blank\" rel=\"noopener\">http:\/\/www.aimintermovers.dz<\/a><\/p>\n<h2><strong>2. Al\u017e\u00edrsko Balen\u00ed a st\u011bhov\u00e1n\u00ed<\/strong><\/h2>\n<p><em><img loading=\"lazy\" decoding=\"async\" class=\"alignnone size-full wp-image-4643\" src=\"https:\/\/moverdb.com\/wp-content\/uploads\/Algeria-Pack-and-Move-international-moving-company.png\" alt=\"Al\u017e\u00edrsko Pack and Move mezin\u00e1rodn\u00ed st\u011bhov\u00e1n\u00ed spole\u010dnost\" width=\"1440\" height=\"629\" data-wp-pid=\"4643\" srcset=\"https:\/\/moverdb.com\/wp-content\/uploads\/Algeria-Pack-and-Move-international-moving-company.png 1440w, https:\/\/moverdb.com\/wp-content\/uploads\/Algeria-Pack-and-Move-international-moving-company-300x131.png 300w, https:\/\/moverdb.com\/wp-content\/uploads\/Algeria-Pack-and-Move-international-moving-company-1024x447.png 1024w, https:\/\/moverdb.com\/wp-content\/uploads\/Algeria-Pack-and-Move-international-moving-company-18x8.png 18w, https:\/\/moverdb.com\/wp-content\/uploads\/Algeria-Pack-and-Move-international-moving-company-600x262.png 600w\" sizes=\"auto, (max-width: 1440px) 100vw, 1440px\" \/><\/em><\/p>\n<ul>\n<li>Vnitrost\u00e1tn\u00ed p\u0159esuny v r\u00e1mci Al\u017e\u00edrska<\/li>\n<li>Mezin\u00e1rodn\u00ed st\u011bhov\u00e1n\u00ed z Al\u017e\u00edrska a do Al\u017e\u00edrska<\/li>\n<li>Ur\u010deno pro podniky a dom\u00e1cnosti<\/li>\n<li>Nab\u00edz\u00ed stup\u0148ovit\u00e9 st\u011bhov\u00e1n\u00ed bal\u00ed\u010dky slu\u017eeb<\/li>\n<li>Odvoz, p\u0159eprava a dod\u00e1n\u00ed<\/li>\n<li>Balen\u00ed a vybalov\u00e1n\u00ed n\u00e1bytku<\/li>\n<li>Balen\u00ed a vybalov\u00e1n\u00ed v\u0161ech v\u011bc\u00ed<\/li>\n<li>Demont\u00e1\u017e a mont\u00e1\u017e n\u00e1bytku<\/li>\n<li>Spr\u00e1va ve\u0161ker\u00e9ho v\u00fdvozu a dovozu<\/li>\n<li>Jsou sou\u010d\u00e1st\u00ed mezin\u00e1rodn\u00ed s\u00edt\u011b st\u011bhovac\u00edch spole\u010dnost\u00ed<\/li>\n<\/ul>\n<p>Al\u017e\u00edrsko Pack and Move, zn\u00e1m\u00e9 tak\u00e9 jako APM, se star\u00e1 o podniky a dom\u00e1cnosti, kter\u00e9 jsou al\u017e\u00edrsk\u00e9, expatriantsk\u00e9 nebo diplomatick\u00e9. Byla zalo\u017eena v roce 2005 a ji\u017e 15 let je \u010dlenem IAM. Nab\u00edz\u00ed mezin\u00e1rodn\u00ed st\u011bhov\u00e1n\u00ed ve spolupr\u00e1ci se s\u00edt\u00ed partner\u016f na 7 kontinentech a poskytuje administrativn\u00ed podporu p\u0159i \u0159\u00edzen\u00ed st\u011bhov\u00e1n\u00ed, v\u010detn\u011b spedice, celn\u00edho \u0159\u00edzen\u00ed, <a href=\"https:\/\/moverdb.com\/cs\/top-49-container-ports\/\" data-internallinksmanager029f6b8e52c=\"80\" title=\"49 nejv\u011bt\u0161\u00edch a nejru\u0161n\u011bj\u0161\u00edch kontejnerov\u00fdch p\u0159\u00edstav\u016f v roce 2025\">p\u0159\u00edstav<\/a> a leti\u0161tn\u00ed formality.<\/p>\n<p>APM nab\u00edz\u00ed t\u0159i \u00farovn\u011b st\u011bhovac\u00edch slu\u017eeb - \u00farove\u0148 1 st\u011bhov\u00e1n\u00ed a p\u0159eprava, \u00farove\u0148 2 zahrnuje tak\u00e9 balen\u00ed a vybalov\u00e1n\u00ed n\u00e1bytku a \u00farove\u0148 3 nav\u00edc balen\u00ed a vybalov\u00e1n\u00ed v\u0161ech v\u011bc\u00ed. V p\u0159\u00edpad\u011b pot\u0159eby poskytuj\u00ed tak\u00e9 skladovac\u00ed prostory.<\/p>\n<p>Webov\u00e9 str\u00e1nky: <a href=\"http:\/\/www.algeriapm.com\" target=\"_blank\" rel=\"noopener\">http:\/\/www.algeriapm.com<\/a><\/p>\n<h2><strong>3. St\u011bhov\u00e1n\u00ed jednoho \u0161ampiona<\/strong><\/h2>\n<p><em><img loading=\"lazy\" decoding=\"async\" class=\"alignnone size-full wp-image-4644\" src=\"https:\/\/moverdb.com\/wp-content\/uploads\/One-Champion-Removals-international-moving-company.png\" alt=\"One Champion Removals mezin\u00e1rodn\u00ed st\u011bhov\u00e1n\u00ed spole\u010dnost\" width=\"1440\" height=\"683\" data-wp-pid=\"4644\" srcset=\"https:\/\/moverdb.com\/wp-content\/uploads\/One-Champion-Removals-international-moving-company.png 1440w, https:\/\/moverdb.com\/wp-content\/uploads\/One-Champion-Removals-international-moving-company-300x142.png 300w, https:\/\/moverdb.com\/wp-content\/uploads\/One-Champion-Removals-international-moving-company-1024x486.png 1024w, https:\/\/moverdb.com\/wp-content\/uploads\/One-Champion-Removals-international-moving-company-18x9.png 18w, https:\/\/moverdb.com\/wp-content\/uploads\/One-Champion-Removals-international-moving-company-600x285.png 600w\" sizes=\"auto, (max-width: 1440px) 100vw, 1440px\" \/><\/em><\/p>\n<ul>\n<li>M\u00edstn\u00ed a vnitrost\u00e1tn\u00ed st\u011bhovac\u00ed slu\u017eby<\/li>\n<li>Mezin\u00e1rodn\u00ed slu\u017eby<\/li>\n<li>Silni\u010dn\u00ed, n\u00e1mo\u0159n\u00ed a leteck\u00e1 doprava<\/li>\n<li>Balen\u00ed a vybalov\u00e1n\u00ed<\/li>\n<li>Demont\u00e1\u017e a mont\u00e1\u017e n\u00e1bytku<\/li>\n<li>Dohled nad celn\u00edmi \u00fa\u0159ady<\/li>\n<li>Pln\u011b poji\u0161t\u011bn\u00e1, bezpe\u010dn\u00e1 slu\u017eba<\/li>\n<li>\u017d\u00e1dn\u00e9 skryt\u00e9 n\u00e1klady<\/li>\n<li>Nab\u00edz\u00ed skladovac\u00ed prostory<\/li>\n<li>Nab\u00edz\u00ed tak\u00e9 slu\u017ebu st\u011bhov\u00e1n\u00ed, kter\u00e1 pom\u00e1h\u00e1 naj\u00edt nemovitost.<\/li>\n<\/ul>\n<p>One Champion Removals je spole\u010dnost se s\u00eddlem v Al\u017e\u00edrsku. <a href=\"https:\/\/moverdb.com\/cs\/international-removals\/\" data-internallinksmanager029f6b8e52c=\"27\" title=\"36 nejlep\u0161\u00edch mezin\u00e1rodn\u00edch st\u011bhovac\u00edch spole\u010dnost\u00ed ve Velk\u00e9 Brit\u00e1nii\">st\u011bhovac\u00ed spole\u010dnost<\/a> kter\u00e1 je \u010dlenem IAM ji\u017e 3 roky. Nab\u00edz\u00ed zku\u0161en\u00fd t\u00fdm, kter\u00fd v\u00e1m pom\u016f\u017ee s m\u00edstn\u00edm, vnitrost\u00e1tn\u00edm i mezin\u00e1rodn\u00edm st\u011bhov\u00e1n\u00edm.<\/p>\n<p>Spole\u010dnost One Champion Removals poskytuje st\u011bhovac\u00ed slu\u017eby, kter\u00e9 lze prov\u00e1d\u011bt po silnici, po mo\u0159i i letecky, a jej\u00ed t\u00fdm se postar\u00e1 o ve\u0161ker\u00e9 pap\u00edrov\u00e1n\u00ed, nap\u0159\u00edklad o celn\u00ed po\u017eadavky. Poskytuj\u00ed pln\u011b poji\u0161t\u011bn\u00e9 slu\u017eby, kter\u00e9 jsou bezpe\u010dn\u00e9 a spolehliv\u00e9. Poskytuj\u00ed tak\u00e9 bezpe\u010dn\u00e9 skladovac\u00ed prostory pro va\u0161e v\u011bci a st\u011bhovac\u00ed slu\u017eby, kter\u00e9 v\u00e1m pomohou s nalezen\u00edm vhodn\u00e9 nemovitosti.<\/p>\n<p>Webov\u00e9 str\u00e1nky: <a href=\"http:\/\/www.championinternationalmoving.com\" target=\"_blank\" rel=\"noopener\">http:\/\/www.championinternationalmoving.com<\/a><\/p>","protected":false},"excerpt":{"rendered":"<p>If you are moving in Algeria, or are wanting to move to or from Algeria, you may need a moving company to assist you. Below is a list of those that are members of the International Association of Movers (IAM) and\/or FIDI Accredited International Mover (FAIM) which will hopefully help you. 1. Aim Intermovers Provides [&hellip;]<\/p>\n","protected":false},"author":4,"featured_media":0,"parent":190,"menu_order":0,"comment_status":"closed","ping_status":"closed","template":"","meta":{"_genesis_hide_title":false,"_genesis_hide_breadcrumbs":false,"_genesis_hide_singular_image":false,"_genesis_hide_footer_widgets":false,"_genesis_custom_body_class":"","_genesis_custom_post_class":"","_genesis_layout":"","footnotes":""},"class_list":{"0":"post-4641","1":"page","2":"type-page","3":"status-publish","5":"entry","6":"has-post-thumbnail"},"_links":{"self":[{"href":"https:\/\/moverdb.com\/cs\/wp-json\/wp\/v2\/pages\/4641","targetHints":{"allow":["GET"]}}],"collection":[{"href":"https:\/\/moverdb.com\/cs\/wp-json\/wp\/v2\/pages"}],"about":[{"href":"https:\/\/moverdb.com\/cs\/wp-json\/wp\/v2\/types\/page"}],"author":[{"embeddable":true,"href":"https:\/\/moverdb.com\/cs\/wp-json\/wp\/v2\/users\/4"}],"replies":[{"embeddable":true,"href":"https:\/\/moverdb.com\/cs\/wp-json\/wp\/v2\/comments?post=4641"}],"version-history":[{"count":3,"href":"https:\/\/moverdb.com\/cs\/wp-json\/wp\/v2\/pages\/4641\/revisions"}],"predecessor-version":[{"id":4653,"href":"https:\/\/moverdb.com\/cs\/wp-json\/wp\/v2\/pages\/4641\/revisions\/4653"}],"up":[{"embeddable":true,"href":"https:\/\/moverdb.com\/cs\/wp-json\/wp\/v2\/pages\/190"}],"wp:attachment":[{"href":"https:\/\/moverdb.com\/cs\/wp-json\/wp\/v2\/media?parent=4641"}],"curies":[{"name":"wp","href":"https:\/\/api.w.org\/{rel}","templated":true}]}}