{"id":454,"date":"2016-07-03T20:25:43","date_gmt":"2016-07-03T20:25:43","guid":{"rendered":"http:\/\/moverdb.com\/?page_id=454"},"modified":"2026-01-08T15:30:41","modified_gmt":"2026-01-08T15:30:41","slug":"world-customs-organization","status":"publish","type":"page","link":"https:\/\/moverdb.com\/cs\/world-customs-organization\/","title":{"rendered":"Vysv\u011btlen\u00ed Sv\u011btov\u00e9 celn\u00ed organizace (WCO)"},"content":{"rendered":"<p>Sv\u011btov\u00e1 celn\u00ed organizace (WCO) je nez\u00e1visl\u00fd mezivl\u00e1dn\u00ed org\u00e1n, kter\u00fd je hlasem celn\u00edho spole\u010denstv\u00ed. <\/p>\n<p>Byla z\u0159\u00edzena s c\u00edlem zv\u00fd\u0161it \u00fa\u010dinnost, koordinaci a efektivitu celn\u00edch spr\u00e1v na cel\u00e9m sv\u011bt\u011b.<\/p>\n<p><strong>Kl\u00ed\u010dov\u00e1 fakta o spole\u010dnosti WCO:<\/strong><\/p>\n<ul>\n<li>  WCO m\u00e1 180 \u010dlen\u016f, kter\u00fdmi jsou celn\u00ed spr\u00e1vy zcel\u00e9ho sv\u011bta.<\/li>\n<li>  T\u0159i \u010dtvrtiny \u010dlen\u016f WCO jsou rozvojov\u00e9 zem\u011b.<\/li>\n<li>  \u010clenov\u00e9 WCO jsou zodpov\u011bdn\u00ed za \u0159\u00edzen\u00ed v\u00edce ne\u017e 98% sv\u011btov\u00e9ho obchodu.<\/li>\n<li>  WCO vznikla v roce 1952 jako Rada pro celn\u00ed spolupr\u00e1ci.<\/li>\n<li>  WCO je \u0159\u00edzena Radou, kter\u00e1 se op\u00edr\u00e1 o sekretari\u00e1t slo\u017een\u00fd z v\u00edce ne\u017e 100 mezin\u00e1rodn\u00edch \u00fa\u0159edn\u00edk\u016f, technick\u00fdch odborn\u00edk\u016f a podp\u016frn\u00e9ho person\u00e1lu.<\/li>\n<li>  WCO s\u00eddl\u00ed v Bruselu, <a href=\"https:\/\/moverdb.com\/cs\/moving-to-belgium\/\" data-internallinksmanager029f6b8e52c=\"323\" title=\"St\u011bhov\u00e1n\u00ed do Belgie? 2026 N\u00e1klady na bydlen\u00ed a tipy na st\u011bhov\u00e1n\u00ed\">Belgie<\/a>.<\/li>\n<li>  WCO se nezab\u00fdv\u00e1 st\u00ed\u017enostmi t\u00fdkaj\u00edc\u00edmi se cel, nap\u0159\u00edklad cel - jako mezivl\u00e1dn\u00ed organizace nen\u00ed odpov\u011bdn\u00e1 za spr\u00e1vu vnitrost\u00e1tn\u00edch pr\u00e1vn\u00edch p\u0159edpis\u016f a v\u00fdslovn\u011b uv\u00e1d\u00ed, \u017ee v t\u00e9to oblasti nem\u00e1 kompetence.<\/li>\n<li>  \u00da\u0159edn\u00edmi jazyky WCO jsou angli\u010dtina a francouz\u0161tina.<\/li>\n<li>  WCO je financov\u00e1na z ro\u010dn\u00edch p\u0159\u00edsp\u011bvk\u016f \u010dlen\u016f, jako\u017e i z dobrovoln\u00fdch p\u0159\u00edsp\u011bvk\u016f a dar\u016f.<\/li>\n<li>  WCO je odpov\u011bdn\u00e1 za \u0159adu celn\u00edch n\u00e1stroj\u016f, jako je Mezin\u00e1rodn\u00ed \u00famluva o harmonizovan\u00e9m syst\u00e9mu popisu a \u010d\u00edseln\u00e9ho ozna\u010dov\u00e1n\u00ed zbo\u017e\u00ed.<\/li>\n<\/ul>\n<p><strong>Profil Sv\u011btov\u00e9 celn\u00ed organizace:<\/strong><\/p>\n<p>WCO se ozna\u010duje za hlas celn\u00edho spole\u010denstv\u00ed a je jedinou mezin\u00e1rodn\u00ed organizac\u00ed, kter\u00e1 je kompetentn\u00ed v celn\u00edch z\u00e1le\u017eitostech. D\u00edky tomu je kl\u00ed\u010dovou silou, kter\u00e1 napom\u00e1h\u00e1 rozvoji leg\u00e1ln\u00edho mezin\u00e1rodn\u00edho obchodu a vyv\u00edj\u00ed opat\u0159en\u00ed proti podvod\u016fm a kr\u00e1de\u017e\u00edm. <\/p>\n<p>C\u00edlem WCO je pos\u00edlit vazby mezi celn\u00edmi spr\u00e1vami a jejich partnery a vytvo\u0159it tak siln\u00e9 a transparentn\u00ed celn\u00ed prost\u0159ed\u00ed. <\/p>\n<p>Za svou prioritu pova\u017euje tak\u00e9 pomoc p\u0159i ochran\u011b spole\u010dnosti a \u00fazem\u00ed st\u00e1tu a zabezpe\u010den\u00ed a usnadn\u011bn\u00ed mezin\u00e1rodn\u00edho obchodu, zejm\u00e9na v souvislosti s hrozbami glob\u00e1ln\u00edho terorismu. <\/p>\n<p>WCO v\u011b\u0159\u00ed, \u017ee hranice rozd\u011bluj\u00ed, ale cla spojuj\u00ed. Svoji vizi popisuje jako \"dynamick\u00e9 veden\u00ed modernizace a konektivity v rychle se m\u011bn\u00edc\u00edm sv\u011bt\u011b\" a uv\u00e1d\u00ed, \u017ee jej\u00edm posl\u00e1n\u00edm je poskytovat veden\u00ed, poradenstv\u00ed a podporu celn\u00edm spr\u00e1v\u00e1m p\u0159i zaji\u0161\u0165ov\u00e1n\u00ed a usnad\u0148ov\u00e1n\u00ed z\u00e1konn\u00e9ho obchodu, realizaci p\u0159\u00edjm\u016f, ochran\u011b spole\u010dnosti a budov\u00e1n\u00ed kapacit.<\/p>\n<p><strong>Krit\u00e9ria pro \u010dlenstv\u00ed:<\/strong><\/p>\n<p>\u010cleny WCO jsou celn\u00ed spr\u00e1vy, tak\u017ee na webov\u00fdch str\u00e1nk\u00e1ch nejsou uvedena \u017e\u00e1dn\u00e1 krit\u00e9ria \u010dlenstv\u00ed.<\/p>\n<p><strong>N\u00e1zory na WCO:<\/strong><\/p>\n<p>WCO je dob\u0159e zaveden\u00fd celosv\u011btov\u00fd celn\u00ed org\u00e1n, kter\u00fd m\u00e1 <a href=\"http:\/\/www.britannica.com\/topic\/World-Customs-Organization\" target=\"_blank\" rel=\"noopener\">heslo v encyklopedii Britannica<\/a>. Na str\u00e1nk\u00e1ch . <a href=\"https:\/\/www.wto.org\/english\/thewto_e\/coher_e\/wto_wco_e.htm\" target=\"_blank\" rel=\"noopener\">Sv\u011btov\u00e1 obchodn\u00ed organizace popisuje<\/a> WCO jako org\u00e1n, s n\u00edm\u017e pravideln\u011b spolupracuje, zejm\u00e9na v oblasti klasifikace zbo\u017e\u00ed. <\/p>\n<p>WCO je zmi\u0148ov\u00e1na na vl\u00e1dn\u00edch internetov\u00fdch str\u00e1nk\u00e1ch, je popisov\u00e1na jako \"vedouc\u00ed organizace v oblasti roz\u0161i\u0159ov\u00e1n\u00ed mo\u017enost\u00ed mezin\u00e1rodn\u00edho obchodu a bezpe\u010dnosti\" a m\u00e1 zjevn\u011b uzn\u00e1van\u00fd mezin\u00e1rodn\u00ed status. Pokud jde o \u010dleny, ti, kte\u0159\u00ed se k n\u00ed p\u0159ipojuj\u00ed, to zpravidla oznamuj\u00ed - nap\u0159\u00edklad Evropsk\u00e1 unie, kter\u00e1 ozn\u00e1mila, \u017ee se k n\u00ed p\u0159ipoj\u00ed. <a href=\"http:\/\/ec.europa.eu\/taxation_customs\/common\/international_affairs\/wco\/index_en.htm\" target=\"_blank\" rel=\"noopener\">Spole\u010dnost WCO p\u0159ijala<\/a> svou \u017e\u00e1dost o \u010dlenstv\u00ed od 1. \u010dervence 2007.<\/p>\n<blockquote><p>V\u0161echny celn\u00ed z\u00e1le\u017eitosti, v\u010detn\u011b v\u00fdvoje glob\u00e1ln\u00edch n\u00e1stroj\u016f, norem a pom\u016fcek, zjednodu\u0161en\u00ed a harmonizace celn\u00edch postup\u016f, podpory hospod\u00e1\u0159sk\u00e9 konkurenceschopnosti, bezpe\u010dnosti a usnadn\u011bn\u00ed glob\u00e1ln\u00edho dodavatelsk\u00e9ho \u0159et\u011bzce, pos\u00edlen\u00ed \u010dinnost\u00ed v oblasti prosazov\u00e1n\u00ed a dodr\u017eov\u00e1n\u00ed celn\u00edch p\u0159edpis\u016f, ochrany ve\u0159ejn\u00e9ho zdrav\u00ed a bezpe\u010dnosti, udr\u017eov\u00e1n\u00ed mezin\u00e1rodn\u00ed harmonizovan\u00e9 nomenklatury zbo\u017e\u00ed, zaji\u0161\u0165ov\u00e1n\u00ed p\u0159\u00edjm\u016f, udr\u017eiteln\u00e9ho budov\u00e1n\u00ed celn\u00edch kapacit a technick\u00e9 pomoci a spr\u00e1vy dohod WTO o celn\u00ed hodnot\u011b a pravidlech p\u016fvodu, jako\u017e i \u00damluvy Organizace spojen\u00fdch n\u00e1rod\u016f (OSN) o kontejnerech z roku 1972.<\/p><\/blockquote>\n<p>- <a href=\"http:\/\/www.basel.int\/Default.aspx?tabid=2935\" target=\"_blank\" rel=\"noopener\">Basilejsk\u00e1 \u00famluva<\/a><\/p>\n<p><strong>Webov\u00e9 str\u00e1nky:<\/strong> <a href=\"http:\/\/www.wcoomd.org\/\" target=\"_blank\" rel=\"noopener\">http:\/\/www.wcoomd.org\/<\/a><\/p>\n<p><strong>Dal\u0161\u00ed informace o p\u0159eprav\u011b naleznete na:<\/strong> <a href=\"https:\/\/moverdb.com\/cs\/kontejnerova-preprava\/\">Sazby a n\u00e1klady na mezin\u00e1rodn\u00ed kontejnerovou dopravu v roce 2018<\/a> a <a href=\"https:\/\/moverdb.com\/cs\/spedice\/\">Mezin\u00e1rodn\u00ed spedice a NVOCC Pr\u016fvodce n\u00e1klady a spole\u010dnostmi<\/a><\/p>","protected":false},"excerpt":{"rendered":"<p>The World Customs Organisation (WCO) is an independent intergovernmental body that serves as the voice of the customs community. It was set up to make customs administrations around the world more efficient, coordinated and effective. Key facts about WCO: The WCO has 180 members and these members are customs administrations from all over the world. [&hellip;]<\/p>\n","protected":false},"author":1,"featured_media":0,"parent":0,"menu_order":0,"comment_status":"closed","ping_status":"closed","template":"","meta":{"_genesis_hide_title":false,"_genesis_hide_breadcrumbs":false,"_genesis_hide_singular_image":false,"_genesis_hide_footer_widgets":false,"_genesis_custom_body_class":"","_genesis_custom_post_class":"","_genesis_layout":"","footnotes":""},"class_list":{"0":"post-454","1":"page","2":"type-page","3":"status-publish","5":"entry"},"_links":{"self":[{"href":"https:\/\/moverdb.com\/cs\/wp-json\/wp\/v2\/pages\/454","targetHints":{"allow":["GET"]}}],"collection":[{"href":"https:\/\/moverdb.com\/cs\/wp-json\/wp\/v2\/pages"}],"about":[{"href":"https:\/\/moverdb.com\/cs\/wp-json\/wp\/v2\/types\/page"}],"author":[{"embeddable":true,"href":"https:\/\/moverdb.com\/cs\/wp-json\/wp\/v2\/users\/1"}],"replies":[{"embeddable":true,"href":"https:\/\/moverdb.com\/cs\/wp-json\/wp\/v2\/comments?post=454"}],"version-history":[{"count":7,"href":"https:\/\/moverdb.com\/cs\/wp-json\/wp\/v2\/pages\/454\/revisions"}],"predecessor-version":[{"id":6253,"href":"https:\/\/moverdb.com\/cs\/wp-json\/wp\/v2\/pages\/454\/revisions\/6253"}],"wp:attachment":[{"href":"https:\/\/moverdb.com\/cs\/wp-json\/wp\/v2\/media?parent=454"}],"curies":[{"name":"wp","href":"https:\/\/api.w.org\/{rel}","templated":true}]}}