{"id":453,"date":"2016-07-03T20:16:06","date_gmt":"2016-07-03T20:16:06","guid":{"rendered":"http:\/\/moverdb.com\/?page_id=453"},"modified":"2026-01-08T15:20:54","modified_gmt":"2026-01-08T15:20:54","slug":"international-chamber-shipping","status":"publish","type":"page","link":"https:\/\/moverdb.com\/cs\/international-chamber-shipping\/","title":{"rendered":"Vysv\u011btlen\u00ed Mezin\u00e1rodn\u00ed n\u00e1mo\u0159n\u00ed komory (ICS)"},"content":{"rendered":"<p>Mezin\u00e1rodn\u00ed n\u00e1mo\u0159n\u00ed komora (ICS) je obchodn\u00ed sdru\u017een\u00ed, kter\u00e9 zastupuje vlastn\u00edky a provozovatele lod\u00ed prost\u0159ednictv\u00edm n\u00e1rodn\u00edch sdru\u017een\u00ed vlastn\u00edk\u016f lod\u00ed. <\/p>\n<p>Jej\u00edm c\u00edlem je prosazovat z\u00e1jmy sv\u00fdch \u010dlen\u016f ve v\u0161ech ot\u00e1zk\u00e1ch provozu lod\u00ed a tak\u00e9 v n\u00e1mo\u0159n\u00ed politice.<\/p>\n<p><strong>Kl\u00ed\u010dov\u00e1 fakta o Mezin\u00e1rodn\u00ed n\u00e1mo\u0159n\u00ed komo\u0159e:<\/strong><\/p>\n<ul>\n<li>  \u010clen ICS <a href=\"https:\/\/moverdb.com\/cs\/prepravni-spolecnosti\/\">p\u0159epravn\u00ed spole\u010dnosti<\/a> provozuj\u00ed v\u00edce ne\u017e 80% sv\u011btov\u00e9 obchodn\u00ed ton\u00e1\u017ee.<\/li>\n<li>  \u010cleny ICS jsou n\u00e1rodn\u00ed asociace majitel\u016f lod\u00ed v Asii, Evrop\u011b a Americe.<\/li>\n<li>  ICS byla zalo\u017eena v roce 1921.<\/li>\n<li>  ICS m\u00e1 36 \u010dlen\u016f a 11 p\u0159idru\u017een\u00fdch \u010dlen\u016f.<\/li>\n<li>  ICS s\u00eddl\u00ed v <a href=\"https:\/\/moverdb.com\/cs\/moving-to-london\/\">Lond\u00fdn<\/a>.<\/li>\n<li>  ICS je jedine\u010dn\u00fd, proto\u017ee na rozd\u00edl od jin\u00fdch <a href=\"https:\/\/moverdb.com\/cs\/container-shipping\/\" data-internallinksmanager029f6b8e52c=\"3\" title=\"Graf sazeb mezin\u00e1rodn\u00ed kontejnerov\u00e9 dopravy: Duben 2026\">mezin\u00e1rodn\u00ed p\u0159eprava<\/a> obchodn\u00ed sdru\u017een\u00ed, kter\u00e9 zastupuje glob\u00e1ln\u00ed z\u00e1jmy v\u0161ech r\u016fzn\u00fdch profes\u00ed v odv\u011btv\u00ed, od provozovatel\u016f osobn\u00edch lod\u00ed a\u017e po provozovatele tanker\u016f.<\/li>\n<li>  ICS je poradn\u00edm org\u00e1nem pro <a href=\"https:\/\/moverdb.com\/cs\/international-maritime-organisation\/\" data-internallinksmanager029f6b8e52c=\"24\" title=\"Vysv\u011btlen\u00ed Mezin\u00e1rodn\u00ed n\u00e1mo\u0159n\u00ed organizace (IMO)\">Mezin\u00e1rodn\u00ed n\u00e1mo\u0159n\u00ed organizace<\/a>, agentura OSN odpov\u011bdn\u00e1 za bezpe\u010dnost \u017eivota na mo\u0159i a ochranu mo\u0159sk\u00e9ho prost\u0159ed\u00ed.<\/li>\n<li>  ICS se zab\u00fdv\u00e1 regula\u010dn\u00edmi, provozn\u00edmi a pr\u00e1vn\u00edmi ot\u00e1zkami souvisej\u00edc\u00edmi s odv\u011btv\u00edm n\u00e1mo\u0159n\u00ed dopravy.<\/li>\n<\/ul>\n<p><strong>Profil ICS:<\/strong><\/p>\n<p>ICS zastupuje sv\u00e9 \u010dleny v r\u016fzn\u00fdch mezivl\u00e1dn\u00edch regula\u010dn\u00edch org\u00e1nech, kter\u00e9 maj\u00ed vliv na n\u00e1mo\u0159n\u00ed dopravu, v\u010detn\u011b Mezin\u00e1rodn\u00ed n\u00e1mo\u0159n\u00ed organizace. <\/p>\n<p>Je tak\u00e9 zdrojem informac\u00ed pro \u010dleny a vypracovala pokyny a osv\u011bd\u010den\u00e9 postupy pro subjekty p\u016fsob\u00edc\u00ed v tomto odv\u011btv\u00ed - tyto zdroje jsou zdarma nab\u00edzeny majitel\u016fm lod\u00ed v tomto odv\u011btv\u00ed i \u010dlen\u016fm. <\/p>\n<p>Jej\u00edm posl\u00e1n\u00edm je usilovat o celosv\u011btov\u00fd n\u00e1mo\u0159n\u00ed pr\u016fmysl, kter\u00fd funguje podle vysok\u00fdch standard\u016f, up\u0159ednost\u0148uje bezpe\u010dnou lodn\u00ed dopravu a ochranu \u017eivotn\u00edho prost\u0159ed\u00ed. <\/p>\n<p>A\u010dkoli byla v z\u00e1sad\u011b vytvo\u0159ena na podporu odv\u011btv\u00ed provozovatel\u016f lodn\u00ed dopravy, jedn\u00edm z jej\u00edch c\u00edl\u016f je tak\u00e9 spolupr\u00e1ce s dal\u0161\u00edmi vl\u00e1dn\u00edmi i nevl\u00e1dn\u00edmi organizacemi, aby pomohla zefektivnit a zabezpe\u010dit lodn\u00ed dopravu.<\/p>\n<p><strong>\u010clensk\u00e9 p\u0159epravn\u00ed spole\u010dnosti (podle velikosti):<\/strong><\/p>\n<ul>\n<li> <a href=\"https:\/\/moverdb.com\/cs\/maersk\/\">Spole\u010dnost Maersk Line<\/a><\/li>\n<li> <a href=\"https:\/\/moverdb.com\/cs\/mediterranean-shipping-company\/\">St\u0159edomo\u0159sk\u00e1 n\u00e1mo\u0159n\u00ed spole\u010dnost (MSC)<\/a><\/li>\n<\/ul>\n<p><strong>Krit\u00e9ria pro \u010dlenstv\u00ed:<\/strong><\/p>\n<p>\u010cleny ICS jsou <a href=\"https:\/\/moverdb.com\/cs\/spedice\/\">majitel\u00e9 a provozovatel\u00e9 lod\u00ed<\/a> z cel\u00e9ho sv\u011bta, kte\u0159\u00ed jsou zastoupeni prost\u0159ednictv\u00edm n\u00e1rodn\u00edch sdru\u017een\u00ed vlastn\u00edk\u016f lod\u00ed. \u010cleny jsou sdru\u017een\u00ed, tak\u017ee jednotliv\u00ed majitel\u00e9 a provozovatel\u00e9 se nemohou p\u0159ihl\u00e1sit. <\/p>\n<p>Z tohoto d\u016fvodu nejsou na webov\u00fdch str\u00e1nk\u00e1ch uvedena \u017e\u00e1dn\u00e1 krit\u00e9ria \u010dlenstv\u00ed.<\/p>\n<p><strong>N\u00e1zory na Mezin\u00e1rodn\u00ed n\u00e1mo\u0159n\u00ed komoru:<\/strong><\/p>\n<p>ICS je citov\u00e1na v n\u011bkolika pr\u016fmyslov\u00fdch publikac\u00edch, kde se vyjad\u0159uje k aktu\u00e1ln\u00edm ot\u00e1zk\u00e1m, jako je nap\u0159\u00edklad sni\u017eov\u00e1n\u00ed emis\u00ed CO2. Je zmi\u0148ov\u00e1na na internetov\u00fdch str\u00e1nk\u00e1ch sv\u00fdch \u010dlen\u016f, nap\u0159. <a href=\"https:\/\/www.ukchamberofshipping.com\/about-us\/our-partners\/international-chamber-shipping\/\" target=\"_blank\" rel=\"noopener\">N\u00e1mo\u0159n\u00ed komora Spojen\u00e9ho kr\u00e1lovstv\u00ed<\/a>. <\/p>\n<p>Dokumenty online ukazuj\u00ed, \u017ee ICS se vyjad\u0159uje ke glob\u00e1ln\u00edm ot\u00e1zk\u00e1m, jako jsou da\u0148ov\u00e9 \u00famluvy, a je zde tak\u00e9. <a href=\"http:\/\/www.allaboutshipping.co.uk\/category\/associations\/international-chamber-of-shipping\/\" target=\"_blank\" rel=\"noopener\">pokryt\u00ed ud\u00e1lost\u00ed<\/a> jako je nap\u0159. <a href=\"http:\/\/www.imo.org\/en\/MediaCentre\/SecretaryGeneral\/SpeechesByTheSecretaryGeneral\/Pages\/ICS2012.aspx\" target=\"_blank\" rel=\"noopener\">Konference Mezin\u00e1rodn\u00ed n\u00e1mo\u0159n\u00ed komory<\/a> kde Koji Sekimizu, gener\u00e1ln\u00ed tajemn\u00edk Mezin\u00e1rodn\u00ed n\u00e1mo\u0159n\u00ed organizace, popsal ICS jako <em>\"je jednou z n\u011bkolika nevl\u00e1dn\u00edch organizac\u00ed, kter\u00e9 zastupuj\u00ed lodn\u00ed pr\u016fmysl v IMO, a m\u00e1 jeden z nejdel\u0161\u00edch rodokmen\u016f.\"<\/em> <\/p>\n<p>Jin\u00e9 internetov\u00e9 zdroje ozna\u010duj\u00ed ICS za \"nejuzn\u00e1van\u011bj\u0161\u00ed celosv\u011btov\u00e9 sdru\u017een\u00ed vlastn\u00edk\u016f lod\u00ed\". D\u016fv\u011bryhodnost ICS je z\u0159ejm\u00e1 z publikac\u00ed, v nich\u017e se objevuje jeho jm\u00e9no, ze spojen\u00ed s dal\u0161\u00edmi subjekty a z toho, k jak\u00fdm ot\u00e1zk\u00e1m se ICS vyjad\u0159uje.<\/p>\n<blockquote><p>Mezin\u00e1rodn\u00ed n\u00e1mo\u0159n\u00ed komora (ICS) je hlavn\u00edm mezin\u00e1rodn\u00edm obchodn\u00edm sdru\u017een\u00edm majitel\u016f a provozovatel\u016f obchodn\u00edch lod\u00ed, kter\u00e9 zastupuje v\u0161echna odv\u011btv\u00ed a obory (mimo jin\u00e9 tankery, lod\u011b pro p\u0159epravu such\u00e9ho n\u00e1kladu, kontejnerov\u00e9 lod\u011b, lod\u011b pro p\u0159epravu v\u0161eobecn\u00e9ho n\u00e1kladu a specializovan\u00e9 lod\u011b, jako\u017e i osobn\u00ed lod\u011b) u r\u016fzn\u00fdch mezivl\u00e1dn\u00edch org\u00e1n\u016f, kter\u00e9 maj\u00ed vliv na n\u00e1mo\u0159n\u00ed dopravu. \u010cleny ICS jsou n\u00e1rodn\u00ed asociace vlastn\u00edk\u016f lod\u00ed z 35 zem\u00ed, kter\u00e9 p\u0159edstavuj\u00ed v\u00edce ne\u017e 80% sv\u011btov\u00e9ho obchodn\u00edho lo\u010fstva.<\/p><\/blockquote>\n<p><a href=\"http:\/\/www.oecd.org\/tax\/treaties\/ics-comments-discussion-draft-mtc-international-traffic.pdf\" target=\"_blank\" rel=\"noopener\">OECD<\/a><\/p>\n<p><strong>Webov\u00e9 str\u00e1nky:<\/strong> <a href=\"http:\/\/www.ics-shipping.org\/\" target=\"_blank\" rel=\"noopener\">http:\/\/www.ics-shipping.org\/<\/a><\/p>\n<p><strong>Dal\u0161\u00ed informace o p\u0159eprav\u011b naleznete na:<\/strong> <a href=\"https:\/\/moverdb.com\/cs\/kontejnerova-preprava\/\">Sazby a n\u00e1klady na mezin\u00e1rodn\u00ed kontejnerovou dopravu v roce 2018<\/a> a <a href=\"https:\/\/moverdb.com\/cs\/spedice\/\">Mezin\u00e1rodn\u00ed spedice a NVOCC Pr\u016fvodce n\u00e1klady a spole\u010dnostmi<\/a><\/p>","protected":false},"excerpt":{"rendered":"<p>The International Chamber of Shipping (ICS) is a trade association that represents ship owners and ship operators via national shipowners associations. Its aim is to promote the interests of its members throughout all issues of ship operation and also shipping policy. Key facts about the International Chamber of Shipping: ICS member shipping companies operate over [&hellip;]<\/p>\n","protected":false},"author":1,"featured_media":0,"parent":0,"menu_order":0,"comment_status":"closed","ping_status":"closed","template":"","meta":{"_genesis_hide_title":false,"_genesis_hide_breadcrumbs":false,"_genesis_hide_singular_image":false,"_genesis_hide_footer_widgets":false,"_genesis_custom_body_class":"","_genesis_custom_post_class":"","_genesis_layout":"","footnotes":""},"class_list":{"0":"post-453","1":"page","2":"type-page","3":"status-publish","5":"entry"},"_links":{"self":[{"href":"https:\/\/moverdb.com\/cs\/wp-json\/wp\/v2\/pages\/453","targetHints":{"allow":["GET"]}}],"collection":[{"href":"https:\/\/moverdb.com\/cs\/wp-json\/wp\/v2\/pages"}],"about":[{"href":"https:\/\/moverdb.com\/cs\/wp-json\/wp\/v2\/types\/page"}],"author":[{"embeddable":true,"href":"https:\/\/moverdb.com\/cs\/wp-json\/wp\/v2\/users\/1"}],"replies":[{"embeddable":true,"href":"https:\/\/moverdb.com\/cs\/wp-json\/wp\/v2\/comments?post=453"}],"version-history":[{"count":10,"href":"https:\/\/moverdb.com\/cs\/wp-json\/wp\/v2\/pages\/453\/revisions"}],"predecessor-version":[{"id":6245,"href":"https:\/\/moverdb.com\/cs\/wp-json\/wp\/v2\/pages\/453\/revisions\/6245"}],"wp:attachment":[{"href":"https:\/\/moverdb.com\/cs\/wp-json\/wp\/v2\/media?parent=453"}],"curies":[{"name":"wp","href":"https:\/\/api.w.org\/{rel}","templated":true}]}}