{"id":452,"date":"2016-07-03T20:39:16","date_gmt":"2016-07-03T20:39:16","guid":{"rendered":"http:\/\/moverdb.com\/?page_id=452"},"modified":"2026-01-08T15:30:42","modified_gmt":"2026-01-08T15:30:42","slug":"world-shipping-council","status":"publish","type":"page","link":"https:\/\/moverdb.com\/cs\/world-shipping-council\/","title":{"rendered":"Vysv\u011btlen\u00ed Sv\u011btov\u00e9 rady pro n\u00e1mo\u0159n\u00ed dopravu (WSC)"},"content":{"rendered":"<p>Sv\u011btov\u00e1 n\u00e1mo\u0159n\u00ed rada (World Shipping Council, WSC) je hlasem odv\u011btv\u00ed liniov\u00e9 dopravy. P\u016fvodn\u011b byla zalo\u017eena jako lobbistick\u00e1 skupina pro nejv\u011bt\u0161\u00ed podniky liniov\u00e9 dopravy a stala se poradcem pr\u016fmyslu a vl\u00e1dy v nejr\u016fzn\u011bj\u0161\u00edch oblastech, jako je bezpe\u010dnost a ot\u00e1zky \u017eivotn\u00edho prost\u0159ed\u00ed.<\/p>\n<p><strong>Kl\u00ed\u010dov\u00e1 fakta o MS<\/strong><\/p>\n<ul>\n<li>  MS m\u00e1 26 \u010dlen\u016f.<\/li>\n<li>  \u010clenov\u00e9 WSC provozuj\u00ed p\u0159ibli\u017en\u011b 90 % celosv\u011btov\u00e9 kapacity linkov\u00fdch lod\u00ed.<\/li>\n<li>  Tyto slu\u017eby p\u0159epravuj\u00ed p\u0159ibli\u017en\u011b 60 % hodnoty sv\u011btov\u00e9ho n\u00e1mo\u0159n\u00edho obchodu a v\u00edce ne\u017e 60 % hodnoty obchodu s n\u00e1kladn\u00edmi lod\u011bmi. <a href=\"https:\/\/moverdb.com\/cs\/moving-to-the-united-states\/\" data-internallinksmanager029f6b8e52c=\"94\" title=\"St\u011bhujete se do Spojen\u00fdch st\u00e1t\u016f? 2022 \u017divotn\u00ed n\u00e1klady a tipy na st\u011bhov\u00e1n\u00ed\">US<\/a>$ zbo\u017e\u00ed v hodnot\u011b 4 bilion\u016f ro\u010dn\u011b.<\/li>\n<li>  MS je celosv\u011btov\u00fdm z\u00e1stupcem odv\u011btv\u00ed liniov\u00e9 dopravy.<\/li>\n<li>  MS bylo zalo\u017eeno v roce 2000 gener\u00e1ln\u00edmi \u0159editeli nejv\u00fdznamn\u011bj\u0161\u00edch liniov\u00fdch spole\u010dnost\u00ed. <a href=\"https:\/\/moverdb.com\/cs\/prepravni-spolecnosti\/\">p\u0159epravn\u00ed spole\u010dnosti<\/a>.<\/li>\n<li>  V roce 2009 byl MS ud\u011blen poradn\u00ed status v r\u00e1mci <a href=\"https:\/\/moverdb.com\/cs\/international-maritime-organisation\/\" data-internallinksmanager029f6b8e52c=\"24\" title=\"Vysv\u011btlen\u00ed Mezin\u00e1rodn\u00ed n\u00e1mo\u0159n\u00ed organizace (IMO)\">Mezin\u00e1rodn\u00ed n\u00e1mo\u0159n\u00ed organizace<\/a>.<\/li>\n<li>  MS s\u00eddl\u00ed v <a href=\"https:\/\/moverdb.com\/cs\/stehovani-do-washingtonu-dc\/\">Washington, DC<\/a>.<\/li>\n<li>  \u010clenov\u00e9 MS poch\u00e1zej\u00ed z cel\u00e9ho sv\u011bta, od <a href=\"https:\/\/moverdb.com\/cs\/moving-to-china\/\" data-internallinksmanager029f6b8e52c=\"357\" title=\"St\u011bhov\u00e1n\u00ed do \u010c\u00edny? 2026 N\u00e1klady na bydlen\u00ed a tipy na st\u011bhov\u00e1n\u00ed\">\u010c\u00edna<\/a> do Ameriky.<\/li>\n<\/ul>\n<p><strong>Profil Sv\u011btov\u00e9 rady pro n\u00e1mo\u0159n\u00ed dopravu:<\/strong><\/p>\n<p>MS je oborov\u00fd org\u00e1n, kter\u00fd byl vytvo\u0159en v roce 2000 vedouc\u00edmi pracovn\u00edky v odv\u011btv\u00ed liniov\u00e9 dopravy. Sehr\u00e1lo z\u00e1sadn\u00ed roli v kl\u00ed\u010dov\u00fdch okam\u017eic\u00edch pro odv\u011btv\u00ed liniov\u00e9 dopravy, nap\u0159\u00edklad ve spolupr\u00e1ci s vl\u00e1dami a organizacemi na cel\u00e9m sv\u011bt\u011b, aby pomohlo vypracovat z\u00e1kony, p\u0159edpisy a programy ur\u010den\u00e9 k lep\u0161\u00edmu zabezpe\u010den\u00ed mezin\u00e1rodn\u00edho n\u00e1mo\u0159n\u00edho obchodu po teroristick\u00fdch \u00fatoc\u00edch v roce 2001. <\/p>\n<p>MS se zam\u011b\u0159uje p\u0159edev\u0161\u00edm na \u0159e\u0161en\u00ed obchodn\u00edch, bezpe\u010dnostn\u00edch a celn\u00edch ot\u00e1zek, kter\u00e9 se t\u00fdkaj\u00ed jak samotn\u00e9ho pr\u016fmyslu, tak jeho vlivu na \u0161ir\u0161\u00ed sv\u011bt. V posledn\u00edch letech se za\u010dalo zam\u011b\u0159ovat tak\u00e9 na ot\u00e1zky \u017eivotn\u00edho prost\u0159ed\u00ed. <\/p>\n<p>Sv\u011btov\u00e1 n\u00e1mo\u0159n\u00ed rada je pova\u017eov\u00e1na za respektovan\u00e9ho poradce pr\u016fmyslu i vl\u00e1d - nap\u0159\u00edklad j\u00ed byl ud\u011blen poradn\u00ed status u Mezin\u00e1rodn\u00ed n\u00e1mo\u0159n\u00ed organizace. Rovn\u011b\u017e se aktivn\u011b \u00fa\u010dastn\u00ed politick\u00fdch diskus\u00ed, kter\u00e9 maj\u00ed dopad na odv\u011btv\u00ed liniov\u00e9 dopravy.<\/p>\n<p><strong>\u010clensk\u00e9 spole\u010dnosti podle velikosti:<\/strong><\/p>\n<ul>\n<li> <a href=\"https:\/\/moverdb.com\/cs\/cma-cgm\/\">Skupina CMA CGM<\/a><\/li>\n<li> <a href=\"https:\/\/moverdb.com\/cs\/hapag-lloyd\/\">Hapag-Lloyd<\/a><\/li>\n<li> <a href=\"https:\/\/moverdb.com\/cs\/evergreen-marine\/\">Evergreen Marine<\/a><\/li>\n<li> <a href=\"https:\/\/moverdb.com\/cs\/hamburg-sud\/\">Hamburg S\u00fcd<\/a><\/li>\n<\/ul>\n<p><strong>Krit\u00e9ria pro \u010dlenstv\u00ed:<\/strong><\/p>\n<p>Na webov\u00fdch str\u00e1nk\u00e1ch nejsou uvedena \u017e\u00e1dn\u00e1 krit\u00e9ria \u010dlenstv\u00ed. MS popisuje sv\u00e9 \u010dleny jako <em>\"Do lod\u00ed investovali stovky miliard dolar\u016f, <a href=\"https:\/\/moverdb.com\/cs\/top-49-container-ports\/\" data-internallinksmanager029f6b8e52c=\"80\" title=\"49 nejv\u011bt\u0161\u00edch a nejru\u0161n\u011bj\u0161\u00edch kontejnerov\u00fdch p\u0159\u00edstav\u016f v roce 2025\">p\u0159\u00edstav<\/a> termin\u00e1ly, p\u0159epravn\u00ed spole\u010dnosti, sklady a technologie, aby byla zaji\u0161t\u011bna \u0161irok\u00e1 \u0161k\u00e1la mo\u017enost\u00ed bezpe\u010dn\u00e9, spolehliv\u00e9 a hospod\u00e1rn\u00e9 mezin\u00e1rodn\u00ed p\u0159epravy zbo\u017e\u00ed.\"<\/em> <\/p>\n<p>Z toho je z\u0159ejm\u00e9, \u017ee \u010dlenstv\u00ed nen\u00ed otev\u0159eno jen tak n\u011bjak\u00e9mu podniku. Mezi reprezentativn\u00ed \u010dleny pat\u0159\u00ed Hyundai Merchant Marine Company a United Arab <a href=\"https:\/\/moverdb.com\/cs\/shipping-companies\/\" data-internallinksmanager029f6b8e52c=\"4\" title=\"10 nejlep\u0161\u00edch mezin\u00e1rodn\u00edch kontejnerov\u00fdch p\u0159epravn\u00edch spole\u010dnost\u00ed\">P\u0159epravn\u00ed spole\u010dnost<\/a>.<\/p>\n<p>Je zde uvedena kontaktn\u00ed e-mailov\u00e1 adresa, kterou mohou vyu\u017e\u00edt ti, kdo se cht\u011bj\u00ed informovat o \u010dlenstv\u00ed: info@worldshipping.org.<\/p>\n<p><strong>N\u00e1zory na MS:<\/strong><\/p>\n<p>MS je <a href=\"http:\/\/www.iims.org.uk\/world-shipping-council-advises-prepare-container-weight-verification\/\" target=\"_blank\" rel=\"noopener\">citace ve zpr\u00e1v\u00e1ch<\/a> jako zdroj informac\u00ed o regula\u010dn\u00edch a legislativn\u00edch zm\u011bn\u00e1ch a je jednozna\u010dn\u011b respektovanou organizac\u00ed, kter\u00e1 zaji\u0161\u0165uje komunikaci mezi z\u00e1konod\u00e1rci a pr\u016fmyslem. <\/p>\n<p>Jej\u00ed pr\u00e1ce zahrnuje tak\u00e9 pomoc p\u0159i \u0159e\u0161en\u00ed nejasnost\u00ed v souvislosti s p\u0159ich\u00e1zej\u00edc\u00edmi pr\u00e1vn\u00edmi zm\u011bnami a usnadn\u011bn\u00ed cesty pr\u00e1vn\u00edch p\u0159edpis\u016f od psan\u00e9ho pr\u00e1va k realit\u011b. <\/p>\n<p>A\u010dkoli se na str\u00e1nk\u00e1ch MSD objevuje seznam \u010dlen\u016f, rychl\u00e1 kontrola n\u011bkolika str\u00e1nek podnik\u016f ukazuje, \u017ee sv\u00e9 \u010dlenstv\u00ed v MSD neuv\u00e1d\u011bj\u00ed na viditeln\u00e9m m\u00edst\u011b. <\/p>\n<p>Je to pravd\u011bpodobn\u011b proto, \u017ee WSC nen\u00ed akreditace vhodn\u00e1 pro komer\u010dn\u00ed webov\u00e9 str\u00e1nky, ale pro pr\u016fmyslov\u00fd org\u00e1n, kde tyto podniky maj\u00ed konzulta\u010dn\u00ed a poradn\u00ed roli.<\/p>\n<p><strong>Webov\u00e9 str\u00e1nky:<\/strong> <a href=\"http:\/\/www.worldshipping.org\/\" target=\"_blank\" rel=\"noopener\">http:\/\/www.worldshipping.org\/<\/a><\/p>\n<p><strong>Dal\u0161\u00ed informace o p\u0159eprav\u011b naleznete na:<\/strong> <a href=\"https:\/\/moverdb.com\/cs\/kontejnerova-preprava\/\">Sazby a n\u00e1klady na mezin\u00e1rodn\u00ed kontejnerovou dopravu v roce 2018<\/a> a <a href=\"https:\/\/moverdb.com\/cs\/spedice\/\">Mezin\u00e1rodn\u00ed spedice a NVOCC Pr\u016fvodce n\u00e1klady a spole\u010dnostmi<\/a><\/p>","protected":false},"excerpt":{"rendered":"<p>The World Shipping Council (WSC) provides a voice for the liner shipping industry. It was initially established as a lobbying group for the biggest liner shipping businesses and has become an advisor to industry and government on topics as varied as security and environmental issues. Key facts about the WSC The WSC has 26 members. [&hellip;]<\/p>\n","protected":false},"author":1,"featured_media":0,"parent":0,"menu_order":0,"comment_status":"closed","ping_status":"closed","template":"","meta":{"_genesis_hide_title":false,"_genesis_hide_breadcrumbs":false,"_genesis_hide_singular_image":false,"_genesis_hide_footer_widgets":false,"_genesis_custom_body_class":"","_genesis_custom_post_class":"","_genesis_layout":"","footnotes":""},"class_list":{"0":"post-452","1":"page","2":"type-page","3":"status-publish","5":"entry"},"_links":{"self":[{"href":"https:\/\/moverdb.com\/cs\/wp-json\/wp\/v2\/pages\/452","targetHints":{"allow":["GET"]}}],"collection":[{"href":"https:\/\/moverdb.com\/cs\/wp-json\/wp\/v2\/pages"}],"about":[{"href":"https:\/\/moverdb.com\/cs\/wp-json\/wp\/v2\/types\/page"}],"author":[{"embeddable":true,"href":"https:\/\/moverdb.com\/cs\/wp-json\/wp\/v2\/users\/1"}],"replies":[{"embeddable":true,"href":"https:\/\/moverdb.com\/cs\/wp-json\/wp\/v2\/comments?post=452"}],"version-history":[{"count":12,"href":"https:\/\/moverdb.com\/cs\/wp-json\/wp\/v2\/pages\/452\/revisions"}],"predecessor-version":[{"id":6254,"href":"https:\/\/moverdb.com\/cs\/wp-json\/wp\/v2\/pages\/452\/revisions\/6254"}],"wp:attachment":[{"href":"https:\/\/moverdb.com\/cs\/wp-json\/wp\/v2\/media?parent=452"}],"curies":[{"name":"wp","href":"https:\/\/api.w.org\/{rel}","templated":true}]}}