{"id":451,"date":"2016-07-04T14:16:48","date_gmt":"2016-07-04T14:16:48","guid":{"rendered":"http:\/\/moverdb.com\/?page_id=451"},"modified":"2026-01-08T14:39:55","modified_gmt":"2026-01-08T14:39:55","slug":"international-maritime-organisation","status":"publish","type":"page","link":"https:\/\/moverdb.com\/cs\/international-maritime-organisation\/","title":{"rendered":"Vysv\u011btlen\u00ed Mezin\u00e1rodn\u00ed n\u00e1mo\u0159n\u00ed organizace (IMO)"},"content":{"rendered":"<p>Mezin\u00e1rodn\u00ed n\u00e1mo\u0159n\u00ed organizace (IMO) je agenturou OSN se s\u00eddlem ve Washingtonu. <a href=\"https:\/\/moverdb.com\/cs\/moving-to-the-uk\/\" data-internallinksmanager029f6b8e52c=\"93\" title=\"St\u011bhujete se do Spojen\u00e9ho kr\u00e1lovstv\u00ed? 2022 \u017divotn\u00ed n\u00e1klady a tipy na st\u011bhov\u00e1n\u00ed\">UK<\/a>, kter\u00e1 je odpov\u011bdn\u00e1 za regulaci lodn\u00ed dopravy. Ozna\u010duje se za celosv\u011btov\u00fd org\u00e1n stanovuj\u00edc\u00ed normy v oblasti bezpe\u010dnosti, ochrany a ochrany \u017eivotn\u00edho prost\u0159ed\u00ed. <a href=\"https:\/\/moverdb.com\/cs\/kontejnerova-preprava\/\">mezin\u00e1rodn\u00ed p\u0159eprava<\/a>.<\/p>\n<p><strong>Kl\u00ed\u010dov\u00e1 fakta o Mezin\u00e1rodn\u00ed n\u00e1mo\u0159n\u00ed organizaci<\/strong><\/p>\n<ul>\n<li>  IMO m\u00e1 171 \u010dlensk\u00fdch st\u00e1t\u016f a t\u0159i p\u0159idru\u017een\u00e9 \u010dleny.<\/li>\n<li>  IMO je agenturou OSN, kter\u00e1 vznikla v roce 1948 a za\u010dala fungovat o deset let pozd\u011bji.<\/li>\n<li>  V\u011bt\u0161ina \u010dlensk\u00fdch st\u00e1t\u016f, kter\u00e9 nejsou \u010dleny IMO, jsou vnitrozemsk\u00e9 zem\u011b, kter\u00e9 nemaj\u00ed z\u00e1jem o n\u00e1mo\u0159n\u00ed dopravu ani se v n\u00ed neanga\u017euj\u00ed.<\/li>\n<li>  T\u0159emi p\u0159idru\u017een\u00fdmi \u010dleny IMO jsou Faersk\u00e9 ostrovy, <a href=\"https:\/\/moverdb.com\/cs\/moving-to-hong-kong\/\" data-internallinksmanager029f6b8e52c=\"350\" title=\"St\u011bhujete se do Hongkongu? 2026 N\u00e1klady na bydlen\u00ed a tipy na p\u0159est\u011bhov\u00e1n\u00ed\">Hongkong<\/a> a Macao.<\/li>\n<li>  Mezin\u00e1rodn\u00ed \u00famluva o bezpe\u010dnosti lidsk\u00e9ho \u017eivota na mo\u0159i je jedn\u00edm z nejzn\u00e1m\u011bj\u0161\u00edch pr\u00e1vn\u00edch n\u00e1stroj\u016f IMO.<\/li>\n<li>  <a href=\"https:\/\/moverdb.com\/cs\/container-shipping\/\" data-internallinksmanager029f6b8e52c=\"3\" title=\"Graf sazeb mezin\u00e1rodn\u00ed kontejnerov\u00e9 dopravy: Kv\u011bten 2026\">Mezin\u00e1rodn\u00ed p\u0159eprava<\/a> p\u0159epravuje v\u00edce ne\u017e 80% sv\u011btov\u00e9ho obchodu k lidem a komunit\u00e1m po cel\u00e9m sv\u011bt\u011b.<\/li>\n<li>  IMO se zab\u00fdv\u00e1 v\u0161emi aspekty mezin\u00e1rodn\u00ed n\u00e1mo\u0159n\u00ed dopravy, v\u010detn\u011b n\u00e1vrhu, konstrukce, vybaven\u00ed, pos\u00e1dky, provozu a likvidace lod\u00ed.<\/li>\n<li>  Nevl\u00e1dn\u00edm mezin\u00e1rodn\u00edm organizac\u00edm, kter\u00e9 jsou schopny v\u00fdznamn\u011b p\u0159isp\u011bt k \u010dinnosti IMO, m\u016f\u017ee Rada se souhlasem Shrom\u00e1\u017ed\u011bn\u00ed ud\u011blit poradn\u00ed status.<\/li>\n<\/ul>\n<p><strong>Profil IMO<\/strong><\/p>\n<p>IMO je celosv\u011btov\u00e1 agentura, kter\u00e1 spad\u00e1 pod OSN. Skl\u00e1d\u00e1 se ze shrom\u00e1\u017ed\u011bn\u00ed, rady a p\u011bti hlavn\u00edch v\u00fdbor\u016f: <\/p>\n<ol>\n<li> V\u00fdbor pro n\u00e1mo\u0159n\u00ed bezpe\u010dnost<\/li>\n<li> V\u00fdbor pro ochranu mo\u0159sk\u00e9ho prost\u0159ed\u00ed<\/li>\n<li> Pr\u00e1vn\u00ed v\u00fdbor<\/li>\n<li> V\u00fdbor pro technickou spolupr\u00e1ci<\/li>\n<li> V\u00fdbor pro usnadn\u011bn\u00ed<\/li>\n<\/ol>\n<p>IMO je odpov\u011bdn\u00e1 za \u0159adu pr\u00e1vn\u00edch n\u00e1stroj\u016f, jejich\u017e c\u00edlem je zlep\u0161it bezpe\u010dnost na mo\u0159i, zlep\u0161it obchod mezi n\u00e1mo\u0159n\u00edmi st\u00e1ty a chr\u00e1nit n\u00e1mo\u0159n\u00ed prost\u0159ed\u00ed. <\/p>\n<p>Krom\u011b toho, \u017ee se IMO zab\u00fdv\u00e1 sou\u010dasn\u00fdm stavem lodn\u00ed dopravy, pod\u00edl\u00ed se tak\u00e9 na zaji\u0161t\u011bn\u00ed jej\u00ed budoucnosti jako bezpe\u010dn\u00e9, ekologick\u00e9 a energeticky \u00fa\u010dinn\u00e9. <\/p>\n<p>IMO se nezab\u00fdv\u00e1 t\u00e9m\u011b\u0159 ni\u010d\u00edm, v\u010detn\u011b lidsk\u00e9ho faktoru v odv\u011btv\u00ed n\u00e1mo\u0159n\u00ed dopravy, n\u00e1mo\u0159n\u00ed bezpe\u010dnosti a technick\u00e9 spolupr\u00e1ce, kter\u00e1 m\u00e1 pomoci vl\u00e1d\u00e1m, je\u017e nemaj\u00ed dostate\u010dn\u00e9 technick\u00e9 znalosti a zdroje pot\u0159ebn\u00e9 k \u00fasp\u011b\u0161n\u00e9mu provozov\u00e1n\u00ed n\u00e1mo\u0159n\u00ed dopravy.<\/p>\n<p><strong>Krit\u00e9ria pro \u010dlenstv\u00ed <\/strong><\/p>\n<p>\u010clenstv\u00ed je na z\u00e1klad\u011b st\u00e1t\u016f. Aby se st\u00e1t stal \u010dlenem IMO, mus\u00ed ratifikovat mnohostrannou smlouvu zn\u00e1mou jako \u00damluva o Mezin\u00e1rodn\u00ed n\u00e1mo\u0159n\u00ed organizaci.<\/p>\n<p><strong>N\u00e1zory na IMO:<\/strong><\/p>\n<p>IMO je celosv\u011btov\u011b <a href=\"http:\/\/www.unsceb.org\/content\/imo\" target=\"_blank\" rel=\"noopener\">renomovan\u00e1 organizace<\/a> s uznan\u00fdm statusem. Je velmi viditeln\u00e1 a je mocnou silou v lodn\u00edm pr\u016fmyslu. Informace o IMO se na internetu zam\u011b\u0159uj\u00ed na jej\u00ed \u00falohu p\u0159i podpo\u0159e mezivl\u00e1dn\u00ed spolupr\u00e1ce, jako\u017e i na svol\u00e1v\u00e1n\u00ed mezin\u00e1rodn\u00edch konferenc\u00ed o ot\u00e1zk\u00e1ch n\u00e1mo\u0159n\u00ed dopravy a vypracov\u00e1v\u00e1n\u00ed mezin\u00e1rodn\u00edch \u00famluv nebo dohod na toto t\u00e9ma. <\/p>\n<p>Jej\u00ed role v oblasti bezpe\u010dnosti je zd\u016frazn\u011bna tak\u00e9 na m\u00edstech, kde je zm\u00edn\u011bna. Vzhledem k tomu, \u017ee \u010dlenstv\u00ed v IMO je st\u00e1tn\u00ed, nen\u00ed na internetov\u00fdch str\u00e1nk\u00e1ch jednotliv\u00fdch podnik\u016f uv\u00e1d\u011bno, ale \u010dasto se objevuje na webov\u00fdch str\u00e1nk\u00e1ch. <a href=\"http:\/\/www.britannica.com\/topic\/International-Maritime-Organization\" target=\"_blank\" rel=\"noopener\">online encyklopedie<\/a> a webov\u00e9 str\u00e1nky popisuj\u00edc\u00ed strukturu OSN.<\/p>\n<p><strong>Webov\u00e9 str\u00e1nky:<\/strong> <a href=\"http:\/\/www.imo.org\/en\/Pages\/Default.aspx\" target=\"_blank\" rel=\"noopener\">http:\/\/www.imo.org\/<\/a><\/p>\n<p><strong>Dal\u0161\u00ed informace o p\u0159eprav\u011b naleznete na:<\/strong> <a href=\"https:\/\/moverdb.com\/cs\/kontejnerova-preprava\/\">Sazby a n\u00e1klady na mezin\u00e1rodn\u00ed kontejnerovou dopravu v roce 2018<\/a> a <a href=\"https:\/\/moverdb.com\/cs\/spedice\/\">Mezin\u00e1rodn\u00ed spedice a NVOCC Pr\u016fvodce n\u00e1klady a spole\u010dnostmi<\/a><\/p>","protected":false},"excerpt":{"rendered":"<p>The International Maritime Organisation (IMO) is a UN agency, based in the UK, which is responsible for regulating shipping. It describes itself as the global standard-setting authority for the safety, security and environmental performance of international shipping. Key facts about the International Maritime Organisation The IMO has 171 Member States and three Associate Members. The [&hellip;]<\/p>\n","protected":false},"author":1,"featured_media":0,"parent":0,"menu_order":0,"comment_status":"closed","ping_status":"closed","template":"","meta":{"_genesis_hide_title":false,"_genesis_hide_breadcrumbs":false,"_genesis_hide_singular_image":false,"_genesis_hide_footer_widgets":false,"_genesis_custom_body_class":"","_genesis_custom_post_class":"","_genesis_layout":"","footnotes":""},"class_list":{"0":"post-451","1":"page","2":"type-page","3":"status-publish","5":"entry"},"_links":{"self":[{"href":"https:\/\/moverdb.com\/cs\/wp-json\/wp\/v2\/pages\/451","targetHints":{"allow":["GET"]}}],"collection":[{"href":"https:\/\/moverdb.com\/cs\/wp-json\/wp\/v2\/pages"}],"about":[{"href":"https:\/\/moverdb.com\/cs\/wp-json\/wp\/v2\/types\/page"}],"author":[{"embeddable":true,"href":"https:\/\/moverdb.com\/cs\/wp-json\/wp\/v2\/users\/1"}],"replies":[{"embeddable":true,"href":"https:\/\/moverdb.com\/cs\/wp-json\/wp\/v2\/comments?post=451"}],"version-history":[{"count":6,"href":"https:\/\/moverdb.com\/cs\/wp-json\/wp\/v2\/pages\/451\/revisions"}],"predecessor-version":[{"id":13163,"href":"https:\/\/moverdb.com\/cs\/wp-json\/wp\/v2\/pages\/451\/revisions\/13163"}],"wp:attachment":[{"href":"https:\/\/moverdb.com\/cs\/wp-json\/wp\/v2\/media?parent=451"}],"curies":[{"name":"wp","href":"https:\/\/api.w.org\/{rel}","templated":true}]}}