{"id":449,"date":"2016-07-04T14:35:22","date_gmt":"2016-07-04T14:35:22","guid":{"rendered":"http:\/\/moverdb.com\/?page_id=449"},"modified":"2026-01-08T14:48:17","modified_gmt":"2026-01-08T14:48:17","slug":"eurovan-movers","status":"publish","type":"page","link":"https:\/\/moverdb.com\/cs\/eurovan-movers\/","title":{"rendered":"Vysv\u011btlen\u00ed s\u00edt\u011b Eurovan International Movers Network (EM)"},"content":{"rendered":"<p>Eurovan International Movers Network (EM) je s\u00ed\u0165 nez\u00e1visl\u00fdch m\u00edstn\u00edch st\u011bhov\u00e1k\u016f se s\u00eddlem v Praze. <a href=\"https:\/\/moverdb.com\/cs\/moving-to-germany\/\" data-internallinksmanager029f6b8e52c=\"321\" title=\"St\u011bhov\u00e1n\u00ed do N\u011bmecka? 2026 N\u00e1klady na bydlen\u00ed a tipy na st\u011bhov\u00e1n\u00ed\">N\u011bmecko<\/a>. S\u00ed\u0165 je navr\u017eena tak, aby odpov\u00eddala pot\u0159eb\u011b poskytovat konzistentn\u00ed \u00farove\u0148 slu\u017eeb pro mezin\u00e1rodn\u00ed p\u0159epravu, kter\u00e1 m\u016f\u017ee prob\u00edhat p\u0159es n\u011bkolik zem\u00ed.<\/p>\n<p><strong>Kl\u00ed\u010dov\u00e1 fakta o s\u00edti Eurovan International Movers Network:<\/strong><\/p>\n<ul>\n<li>  Pokud se st\u011bhov\u00e1n\u00ed odehr\u00e1v\u00e1 v\u00fdhradn\u011b v r\u00e1mci Evropy, centr\u00e1la EM sleduje, koordinuje a kontroluje v\u0161echny p\u0159esuny mezi jednotliv\u00fdmi zem\u011bmi.<\/li>\n<li>  Spole\u010dnost EM nab\u00edz\u00ed prost\u0159ednictv\u00edm sv\u00e9 s\u00edt\u011b \u0159adu slu\u017eeb, v\u010detn\u011b koordinace a provozu, skladov\u00e1n\u00ed a uskladn\u011bn\u00ed, balen\u00ed a vybalov\u00e1n\u00ed a slu\u017eeb v m\u00edst\u011b p\u016fvodu a ur\u010den\u00ed.<\/li>\n<li>  Spole\u010dnost EM m\u00e1 sedm partner\u016f po cel\u00e9m sv\u011bt\u011b, kte\u0159\u00ed pokr\u00fdvaj\u00ed Afriku, Asii, Severn\u00ed a Ji\u017en\u00ed Ameriku.<\/li>\n<li>  Spole\u010dnost EM m\u00e1 p\u0159ibli\u017en\u011b 35 evropsk\u00fdch partner\u016f, z toho osm v oblasti <a href=\"https:\/\/moverdb.com\/cs\/mezinarodni-stehovani\/\">UK<\/a>.<\/li>\n<li>  Pokud centr\u00e1la EM sleduje st\u011bhov\u00e1n\u00ed, umo\u017e\u0148uje j\u00ed to sn\u00ed\u017eit po\u010det pr\u00e1zdn\u00fdch kilometr\u016f a naj\u00edt zp\u016fsoby, jak dos\u00e1hnout finan\u010dn\u00edch \u00faspor.<\/li>\n<li>  EM m\u00e1 celosv\u011btov\u00fd dosah.<\/li>\n<\/ul>\n<p><strong>Profil spole\u010dnosti Eurovan Movers:<\/strong><\/p>\n<p>EM je organizace, kter\u00e1 funguje sp\u00ed\u0161e na b\u00e1zi \"partner\u016f\" ne\u017e \u010dlen\u016f. A\u010dkoli nejsou uvedena \u017e\u00e1dn\u00e1 krit\u00e9ria \u010dlenstv\u00ed, je z\u0159ejm\u00e9, \u017ee proces, jak se st\u00e1t partnerem, je pom\u011brn\u011b slo\u017eit\u00fd a vy\u017eaduje dobrou shodu mezi EM a potenci\u00e1ln\u00edm partnerem, stejn\u011b jako schopnost p\u0159in\u00e9st nov\u00e9 n\u00e1pady. <\/p>\n<p>Ve v\u011bt\u0161in\u011b destinac\u00ed v kategorii evropsk\u00fdch i sv\u011btov\u00fdch partner\u016f je uveden pouze jeden podnik - krom\u011b N\u011bmecka je to <a href=\"https:\/\/moverdb.com\/cs\/moving-to-the-uk\/\" data-internallinksmanager029f6b8e52c=\"93\" title=\"St\u011bhujete se do Spojen\u00e9ho kr\u00e1lovstv\u00ed? 2022 \u017divotn\u00ed n\u00e1klady a tipy na st\u011bhov\u00e1n\u00ed\">UK<\/a>, <a href=\"https:\/\/moverdb.com\/cs\/moving-to-switzerland\/\" data-internallinksmanager029f6b8e52c=\"327\" title=\"St\u011bhov\u00e1n\u00ed do \u0160v\u00fdcarska? 2026 N\u00e1klady na bydlen\u00ed a tipy na st\u011bhov\u00e1n\u00ed\">\u0160v\u00fdcarsko<\/a> a <a href=\"https:\/\/moverdb.com\/cs\/moving-to-italy\/\" data-internallinksmanager029f6b8e52c=\"346\" title=\"St\u011bhov\u00e1n\u00ed do It\u00e1lie? 2026 N\u00e1klady na bydlen\u00ed a tipy na st\u011bhov\u00e1n\u00ed\">It\u00e1lie<\/a>, kter\u00e9 maj\u00ed 4+. <\/p>\n<p>Smyslem spole\u010dnosti EM je nab\u00eddnout z\u00e1kazn\u00edk\u016fm ucelen\u011bj\u0161\u00ed p\u0159\u00edstup k mezin\u00e1rodn\u00edmu st\u011bhov\u00e1n\u00ed propojen\u00edm nez\u00e1visl\u00fdch m\u00edstn\u00edch st\u011bhovac\u00edch spole\u010dnost\u00ed. Pokud se jedn\u00e1 o st\u011bhov\u00e1n\u00ed v r\u00e1mci EU, koordinuje proces sama spole\u010dnost EM. <\/p>\n<p>Spole\u010dnost EM se vyzna\u010duje t\u00edm, \u017ee m\u00e1 centralizovan\u00e9 velen\u00ed, ale spolupracuje s m\u00edstn\u00edmi st\u011bhovac\u00edmi spole\u010dnostmi, \u010d\u00edm\u017e si zachov\u00e1v\u00e1 m\u00edstn\u00ed znalosti a vazby a z\u00e1rove\u0148 je schopna nab\u00eddnout centr\u00e1ln\u00ed \u0159\u00edzen\u00ed.<\/p>\n<p><strong>Krit\u00e9ria pro \u010dlenstv\u00ed:<\/strong><\/p>\n<p>Na webov\u00fdch str\u00e1nk\u00e1ch nejsou uvedena \u017e\u00e1dn\u00e1 krit\u00e9ria \u010dlenstv\u00ed - m\u00edsto toho se na nich p\u00ed\u0161e toto:<\/p>\n<blockquote><p>K tomu, abyste se stali partnerem, je jist\u011b zapot\u0159eb\u00ed v\u00edc ne\u017e jen jedno nebo dv\u011b st\u011bhov\u00e1n\u00ed.<\/p>\n<p>Pokud se domn\u00edv\u00e1te, \u017ee m\u016f\u017eete vyu\u017e\u00edt synergie, kterou v\u00e1m m\u016f\u017ee s\u00ed\u0165 poskytnout, a pokud si mysl\u00edte, \u017ee n\u011bkter\u00e9 z va\u0161ich neot\u0159el\u00fdch a nekonven\u010dn\u00edch n\u00e1pad\u016f by se m\u011bly spojit se zku\u0161enostmi z v\u00edce ne\u017e 30 let st\u011bhov\u00e1n\u00ed, na\u0161li jste ten spr\u00e1vn\u00fd zdroj. <\/p>\n<p>Chcete-li se dozv\u011bd\u011bt v\u00edce o kl\u00ed\u010dov\u00fdch technologi\u00edch a dal\u0161\u00edch v\u00fdhod\u00e1ch, ke kter\u00fdm maj\u00ed p\u0159\u00edstup v\u0161ichni partne\u0159i spole\u010dnosti Eurovan, obra\u0165te se na Tobiu Crisostomo. R\u00e1d v\u00e1m zodpov\u00ed ve\u0161ker\u00e9 dotazy t\u00fdkaj\u00edc\u00ed se v\u00fdhod, kter\u00e9 v\u00e1m p\u0159in\u00e1\u0161\u00ed \u010dlenstv\u00ed v partnersk\u00e9 organizaci Eurovan, a pom\u016f\u017ee v\u00e1m nastoupit cestu k v\u011bt\u0161\u00edmu zviditeln\u011bn\u00ed a flexibilit\u011b v oblasti st\u011bhov\u00e1n\u00ed.<\/p><\/blockquote>\n<p>EUROVAN - S\u00ed\u0165 mezin\u00e1rodn\u00edch st\u011bhovac\u00edch spole\u010dnost\u00ed<br \/>\nTobia Crisostomo<br \/>\nNeckarauer Stra\u00dfe 35\/41<br \/>\nD-68199 Mannheim, N\u011bmecko<br \/>\nTel: +49(0)621-3 97 40 93<br \/>\nFax: +49(0)621-3 97 40 94<br \/>\nE-mail: crisostomo@eurovan.com<\/p>\n<p><strong>Vzorov\u00e9 \u010dlensk\u00e9 spole\u010dnosti<\/strong><\/p>\n<ul>\n<li> <a href=\"https:\/\/moverdb.com\/cs\/movecorp\/\">Movecorp<\/a><\/li>\n<\/ul>\n<p><strong>N\u00e1zory na Eurovan International Movers Network<\/strong><\/p>\n<p>Spole\u010dnost Eurovan Movers se na internetu neobjevuje tak \u010dasto - co\u017e nen\u00ed p\u0159ekvapiv\u00e9 vzhledem k omezen\u00e9mu po\u010dtu jej\u00edch \"partner\u016f\" - ale je zde <a href=\"http:\/\/www.centralmoves.co.uk\/removal-solutions\/uk-removals\/\" target=\"_blank\" rel=\"noopener\">je p\u00e1r<\/a> podnik\u016f, kter\u00e9 <a href=\"http:\/\/pegasusmoving.fi\/cr3ativsponsor\/eurovan-the-european-movers-network\" target=\"_blank\" rel=\"noopener\">zm\u00ednit se o tom<\/a>. <\/p>\n<p>Existuj\u00ed <a href=\"http:\/\/www.complaintsboard.com\/complaints\/eurovan-movers-c292449.html\" target=\"_blank\" rel=\"noopener\">\u0159adu<\/a> <a href=\"http:\/\/panamainternationalmovers.blogspot.co.uk\" target=\"_blank\" rel=\"noopener\">\u0161patn\u00e9 recenze<\/a> pro <a href=\"https:\/\/moverdb.com\/cs\/moving-to-panama\/\" data-internallinksmanager029f6b8e52c=\"432\" title=\"St\u011bhov\u00e1n\u00ed do Panamy? 2026 N\u00e1klady na bydlen\u00ed a tipy na p\u0159est\u011bhov\u00e1n\u00ed\">Panama<\/a> partner skupiny - zodpov\u011bdn\u00fd za negativn\u00ed zku\u0161enosti, odcizen\u00e9 p\u0159edm\u011bty a po\u0161kozen\u00e9 p\u0159edm\u011bty. <\/p>\n<p>Na webov\u00fdch str\u00e1nk\u00e1ch spole\u010dnosti Eurovan Movers nyn\u00ed nen\u00ed uveden \u017e\u00e1dn\u00fd partner z Panamy, tak\u017ee je mo\u017en\u00e9, \u017ee partnerstv\u00ed bylo po st\u00ed\u017enostech zru\u0161eno. <a href=\"https:\/\/moverdb.com\/cs\/organizace-sdruzeni\/\">Eurovan je uveden jako jeden z nich<\/a> \"nejv\u00fdznamn\u011bj\u0161\u00edch mezin\u00e1rodn\u00edch organizac\u00ed, asociac\u00ed, syst\u00e9m\u016f, cech\u016f, rad atd.\" spolu s organizacemi jako nap\u0159. <a href=\"https:\/\/moverdb.com\/cs\/british-association-of-removers\/\" data-internallinksmanager029f6b8e52c=\"9\" title=\"Vysv\u011btlen\u00ed Britsk\u00e9 asociace st\u011bhov\u00e1k\u016f (BAR)\">Britsk\u00e1 asociace st\u011bhov\u00e1k\u016f<\/a>.<\/p>\n<p><strong>Webov\u00e9 str\u00e1nky:<\/strong> <a href=\"http:\/\/www.eurovan.com\/\" target=\"_blank\" rel=\"noopener\">http:\/\/www.eurovan.com\/<\/a><\/p>","protected":false},"excerpt":{"rendered":"<p>Eurovan International Movers Network (EM) is a network of independent local movers based in Germany. The network is designed to respond to the need to be able to provide consistent levels of service for international moves that may cross several countries. Key facts about Eurovan International Movers Network: Where a move is taking place entirely [&hellip;]<\/p>\n","protected":false},"author":1,"featured_media":0,"parent":0,"menu_order":0,"comment_status":"closed","ping_status":"closed","template":"","meta":{"_genesis_hide_title":false,"_genesis_hide_breadcrumbs":false,"_genesis_hide_singular_image":false,"_genesis_hide_footer_widgets":false,"_genesis_custom_body_class":"","_genesis_custom_post_class":"","_genesis_layout":"","footnotes":""},"class_list":{"0":"post-449","1":"page","2":"type-page","3":"status-publish","5":"entry"},"_links":{"self":[{"href":"https:\/\/moverdb.com\/cs\/wp-json\/wp\/v2\/pages\/449","targetHints":{"allow":["GET"]}}],"collection":[{"href":"https:\/\/moverdb.com\/cs\/wp-json\/wp\/v2\/pages"}],"about":[{"href":"https:\/\/moverdb.com\/cs\/wp-json\/wp\/v2\/types\/page"}],"author":[{"embeddable":true,"href":"https:\/\/moverdb.com\/cs\/wp-json\/wp\/v2\/users\/1"}],"replies":[{"embeddable":true,"href":"https:\/\/moverdb.com\/cs\/wp-json\/wp\/v2\/comments?post=449"}],"version-history":[{"count":7,"href":"https:\/\/moverdb.com\/cs\/wp-json\/wp\/v2\/pages\/449\/revisions"}],"predecessor-version":[{"id":6205,"href":"https:\/\/moverdb.com\/cs\/wp-json\/wp\/v2\/pages\/449\/revisions\/6205"}],"wp:attachment":[{"href":"https:\/\/moverdb.com\/cs\/wp-json\/wp\/v2\/media?parent=449"}],"curies":[{"name":"wp","href":"https:\/\/api.w.org\/{rel}","templated":true}]}}