{"id":445,"date":"2016-06-21T20:35:30","date_gmt":"2016-06-21T20:35:30","guid":{"rendered":"http:\/\/moverdb.com\/?page_id=445"},"modified":"2026-01-08T14:47:36","modified_gmt":"2026-01-08T14:47:36","slug":"association-relocation-professionals","status":"publish","type":"page","link":"https:\/\/moverdb.com\/cs\/association-relocation-professionals\/","title":{"rendered":"Vysv\u011btlen\u00ed Asociace profesion\u00e1l\u016f v oblasti relokace (ARP)"},"content":{"rendered":"<p>Asociace profesion\u00e1l\u016f v oblasti relokace (ARP) je profesn\u00ed organizac\u00ed pro odv\u011btv\u00ed relokace v \u010cesk\u00e9 republice. <a href=\"https:\/\/moverdb.com\/cs\/moving-to-the-uk\/\" data-internallinksmanager029f6b8e52c=\"93\" title=\"St\u011bhujete se do Spojen\u00e9ho kr\u00e1lovstv\u00ed? 2022 \u017divotn\u00ed n\u00e1klady a tipy na st\u011bhov\u00e1n\u00ed\">UK<\/a>. Jej\u00edm posl\u00e1n\u00edm nen\u00ed jen zastupovat sv\u00e9 \u010dleny, ale tak\u00e9 jim pom\u00e1hat p\u0159i prodeji a r\u016fstu.<\/p>\n<p><strong>Hlavn\u00ed fakta o ARP:<\/strong><\/p>\n<ul>\n<li>  ARP je organizace sdru\u017euj\u00edc\u00ed odborn\u00edky na p\u0159emis\u0165ov\u00e1n\u00ed ve Spojen\u00e9m kr\u00e1lovstv\u00ed.<\/li>\n<li>  Asociace profesion\u00e1l\u016f v oblasti relokace byla zalo\u017eena v roce 1986.<\/li>\n<li>  \u010clenov\u00e9 ARP maj\u00ed pln\u00e9 poji\u0161t\u011bn\u00ed profesn\u00ed odpov\u011bdnosti, poji\u0161t\u011bn\u00ed odpov\u011bdnosti za \u0161kodu zp\u016fsobenou zam\u011bstnavateli a poji\u0161t\u011bn\u00ed odpov\u011bdnosti za \u0161kodu zp\u016fsobenou ve\u0159ejnosti, kter\u00e9 chr\u00e1n\u00ed klienty a poskytovatele.<\/li>\n<li>  ARP m\u00e1 soubor pravidel chov\u00e1n\u00ed, kter\u00e1 mus\u00ed jej\u00ed \u010dlenov\u00e9 dodr\u017eovat, v\u010detn\u011b pravidel pro nakl\u00e1d\u00e1n\u00ed s pen\u011bzi klient\u016f a zamezen\u00ed zkreslov\u00e1n\u00ed informac\u00ed.<\/li>\n<li>  V\u0161ichni \u010dlenov\u00e9, kte\u0159\u00ed nab\u00edzej\u00ed slu\u017eby v oblasti st\u011bhov\u00e1n\u00ed, mus\u00ed prok\u00e1zat, \u017ee se zapojili do syst\u00e9mu pro od\u0161kodn\u011bn\u00ed v oblasti nemovitost\u00ed, a pokud se pod\u00edlej\u00ed na n\u00e1kupu nemovitost\u00ed, mus\u00ed se p\u0159ihl\u00e1sit do registru HMRC proti pran\u00ed \u0161pinav\u00fdch pen\u011bz.<\/li>\n<li>  ARP je zakl\u00e1daj\u00edc\u00edm \u010dlenem a sponzorem Evropsk\u00e9 akademie odborn\u00edk\u016f na p\u0159emis\u0165ov\u00e1n\u00ed (EARP), prvn\u00ed organizace, kter\u00e1 nab\u00edz\u00ed evropskou kvalifikaci v oblasti p\u0159emis\u0165ov\u00e1n\u00ed.<\/li>\n<\/ul>\n<p><strong>Profil Asociace profesion\u00e1l\u016f v oblasti relokace:<\/strong><\/p>\n<p>ARP je ozna\u010dov\u00e1na za profesn\u00ed organizaci pro firmy zab\u00fdvaj\u00edc\u00ed se p\u0159emis\u0165ov\u00e1n\u00edm ve Spojen\u00e9m kr\u00e1lovstv\u00ed a zastupuje celou \u0159adu \u010dlen\u016f, od specialist\u016f na p\u0159emis\u0165ov\u00e1n\u00ed firem a\u017e po vyhled\u00e1va\u010de nemovitost\u00ed a dal\u0161\u00ed subjekty, kter\u00e9 poskytuj\u00ed specializovan\u00e9 slu\u017eby v oblasti p\u0159emis\u0165ov\u00e1n\u00ed. <\/p>\n<p>ARP po\u0159\u00e1d\u00e1 akreditovan\u00e9 \u0161kolen\u00ed pro sv\u00e9 \u010dleny - jako sou\u010d\u00e1st Evropsk\u00e9 akademie odborn\u00edk\u016f na relokaci (EARP) nab\u00edz\u00ed kvalifikaci Managing International Mobility (MIM) a Evropskou kvalifikaci pro relokaci (ERQ). <\/p>\n<p>ARP vyd\u00e1v\u00e1 adres\u00e1\u0159 \u010dlen\u016f, kter\u00fd je zas\u00edl\u00e1n 6 000 HR mana\u017eer\u016fm, \u0159editel\u016fm a HRO v cel\u00e9 Velk\u00e9 Brit\u00e1nii, a jeho\u017e c\u00edlem je pomoci propagovat \u010dleny a pomoci jim l\u00e9pe se prosadit na trhu. <\/p>\n<p>ARP m\u00e1 b\u00fdt z\u00e1vazkem k osv\u011bd\u010den\u00fdm postup\u016fm, spokojenosti z\u00e1kazn\u00edk\u016f a profesionalit\u011b a z\u00e1rove\u0148 f\u00f3rem pro v\u00fdm\u011bnu n\u00e1pad\u016f, kter\u00e9 pomohou udr\u017eet odv\u011btv\u00ed v pohybu.<\/p>\n<p><strong>Krit\u00e9ria pro \u010dlenstv\u00ed:<\/strong><\/p>\n<p><u>P\u0159idru\u017een\u00e9 \u010dlenstv\u00ed<\/u><\/p>\n<p>P\u0159idru\u017een\u00e9 \u010dlenstv\u00ed v ARP se vztahuje na ty, kte\u0159\u00ed nespl\u0148uj\u00ed podm\u00ednky pro \u0159\u00e1dn\u00e9 \u010dlenstv\u00ed, a je otev\u0159eno spole\u010dnostem, jejich\u017e obchodn\u00ed \u010dinnost souvis\u00ed s poskytov\u00e1n\u00edm slu\u017eeb souvisej\u00edc\u00edch s p\u0159emis\u0165ov\u00e1n\u00edm a jejich\u017e p\u0159\u00edjmy poch\u00e1zej\u00ed od soukrom\u00fdch osob nebo pr\u00e1vnick\u00fdch osob.<\/p>\n<p>A <a href=\"https:\/\/moverdb.com\/cs\/stehovani-spolecnosti\/\">st\u011bhovac\u00ed spole\u010dnost<\/a> je pova\u017eov\u00e1na jak\u00e1koli organizace, kter\u00e1 nab\u00edz\u00ed \u0159adu slu\u017eeb ur\u010den\u00fdch k usnadn\u011bn\u00ed mobility jednotlivc\u016f nebo skupin jednotlivc\u016f a jejich rodin.<\/p>\n<p>Tyto slu\u017eby mohou b\u00fdt poskytov\u00e1ny v oblasti odesl\u00e1n\u00ed nebo v oblasti ur\u010den\u00ed nebo v obou t\u011bchto oblastech. P\u0159idru\u017een\u00e9 \u010dlenstv\u00ed v ARP m\u00e1 b\u00fdt odrazov\u00fdm m\u016fstkem k pln\u00e9mu \u010dlenstv\u00ed a p\u0159i jeho dosa\u017een\u00ed v\u00e1m bude poskytnuta ve\u0161ker\u00e1 pomoc.<\/p>\n<p><u>Partnersk\u00e9 \u010dlenstv\u00ed<\/u><\/p>\n<p>Pro spole\u010dnosti, kter\u00e9 poskytuj\u00ed slu\u017eby vyu\u017e\u00edvan\u00e9 profesion\u00e1ly v oblasti st\u011bhov\u00e1n\u00ed, ale jejich\u017e hlavn\u00ed \u010dinnost m\u00e1 \u0161ir\u0161\u00ed klientskou z\u00e1kladnu.<\/p>\n<p><u>Pln\u00e9 \u010dlenstv\u00ed<\/u><\/p>\n<p>Pro spole\u010dnosti, kter\u00e9 obchoduj\u00ed d\u00e9le ne\u017e dva roky.<\/p>\n<p>P\u0159idru\u017een\u00ed \u010dlenov\u00e9 jsou povinni p\u0159edlo\u017eit reference, kter\u00e9 jsou n\u00e1sledn\u011b zkontrolov\u00e1ny a p\u0159edlo\u017eeny V\u00fdboru pro \u010dlenstv\u00ed ARP ke kone\u010dn\u00e9mu ov\u011b\u0159en\u00ed. P\u0159idru\u017een\u00ed \u010dlenov\u00e9 mus\u00ed p\u0159ed pod\u00e1n\u00edm \u017e\u00e1dosti o \u0159\u00e1dn\u00e9 \u010dlenstv\u00ed absolvovat \u0161kolen\u00ed na prvn\u00ed \u00farovni podle osnov EARP.<\/p>\n<p>\u0158\u00e1dn\u00ed \u010dlenov\u00e9 mus\u00ed b\u00fdt v obchodn\u00edm styku d\u00e9le ne\u017e dva roky a mus\u00ed p\u0159edlo\u017eit \u017e\u00e1dost v\u010detn\u011b referenc\u00ed od t\u0159\u00ed klient\u016f.<\/p>\n<p><strong>Vzorov\u00e9 \u010dlensk\u00e9 spole\u010dnosti<\/strong><\/p>\n<ul>\n<li> <a href=\"https:\/\/moverdb.com\/cs\/sterling-relocation\/\">P\u0159em\u00edst\u011bn\u00ed spole\u010dnosti Sterling<\/a><\/li>\n<li> <a href=\"https:\/\/moverdb.com\/cs\/dt-pohyblive\/\">DT St\u011bhov\u00e1n\u00ed<\/a><\/li>\n<li> <a href=\"https:\/\/moverdb.com\/cs\/btr-international\/\">BTR International<\/a><\/li>\n<\/ul>\n<p><strong>N\u00e1zory na ARP:<\/strong><\/p>\n<p>ARP se objevuje na mnoha internetov\u00fdch str\u00e1nk\u00e1ch ve Velk\u00e9 Brit\u00e1nii a je ozna\u010dov\u00e1na za profesn\u00ed organizaci, kter\u00e1 se zab\u00fdv\u00e1 zahrani\u010dn\u00edmi poskytovateli st\u011bhov\u00e1n\u00ed ve Velk\u00e9 Brit\u00e1nii. <\/p>\n<p>\u010clenstv\u00ed v ARP je vn\u00edm\u00e1no jako d\u016fkaz, \u017ee reloka\u010dn\u00ed firma spl\u0148uje a p\u0159ekra\u010duje uzn\u00e1van\u00e9 oborov\u00e9 standardy. Podle <a href=\"http:\/\/www.bloomberg.com\/profiles\/companies\/1519530Z:LN-association-of-relocation-professionals\/\" target=\"_blank\" rel=\"noopener\">Bloomberg<\/a> hlavn\u00ed \u010dinnost ARP <em>\"je podporovat a chr\u00e1nit podnik\u00e1n\u00ed a profesi zprost\u0159edkovatel\u016f st\u011bhov\u00e1n\u00ed.\"<\/em> \u0158ada subjekt\u016f, kter\u00e9 ARP cituj\u00ed na sv\u00fdch internetov\u00fdch str\u00e1nk\u00e1ch, zd\u016fraz\u0148uje, \u017ee stanovuje standardy pro toto odv\u011btv\u00ed, pokud jde o osv\u011bd\u010den\u00e9 postupy, slu\u017eby z\u00e1kazn\u00edk\u016fm a profesionalitu.<\/p>\n<blockquote><p>Na\u0161e \u010dlenstv\u00ed podporuje osv\u011bd\u010den\u00e9 postupy v oboru a m\u00e1 za \u00fakol informovat \u010dleny o nejnov\u011bj\u0161\u00edch legislativn\u00edch zm\u011bn\u00e1ch, od pran\u00ed \u0161pinav\u00fdch pen\u011bz a\u017e po domy s v\u00edce obyvateli, a je pro v\u00e1s z\u00e1vazkem, \u017ee jsme na \u0161pi\u010dce, a to ji\u017e v\u00edce ne\u017e 25 let, v oboru st\u011bhov\u00e1n\u00ed.<\/p><\/blockquote>\n<p>- <a href=\"http:\/\/scottsrelocation.co.uk\/association-of-relocation-professionals\" target=\"_blank\" rel=\"noopener\">Scott's Relocation<\/a><\/p>\n<blockquote><p>Jako \u010dlen Asociace profesion\u00e1l\u016f v oblasti st\u011bhov\u00e1n\u00ed (ARP) si klienti spole\u010dnosti Source mohou b\u00fdt jisti, \u017ee poskytovan\u00e9 slu\u017eby spl\u0148uj\u00ed a p\u0159ekra\u010duj\u00ed uzn\u00e1van\u00e9 pr\u016fmyslov\u00e9 standardy.<\/p><\/blockquote>\n<p>-  <a href=\"http:\/\/www.source-relocation.co.uk\/index.aspx\" target=\"_blank\" rel=\"noopener\">P\u0159em\u00edst\u011bn\u00ed zdroje<\/a><\/p>\n<blockquote><p>Rada se skl\u00e1d\u00e1 ze z\u00e1stupc\u016f v\u0161ech odv\u011btv\u00ed pr\u016fmyslu a \u0159\u00edd\u00ed pr\u00e1ci Asociace od z\u00e1klad\u016f, \u010d\u00edm\u017e zaji\u0161\u0165uje, \u017ee Asociace z\u016fst\u00e1v\u00e1 v centru pozornosti zm\u011bn v oblasti p\u0159emis\u0165ov\u00e1n\u00ed.<\/p>\n<p>\u010clenov\u00e9 ARP maj\u00ed pln\u00e9 poji\u0161t\u011bn\u00ed profesn\u00ed odpov\u011bdnosti, poji\u0161t\u011bn\u00ed odpov\u011bdnosti za \u0161kodu zp\u016fsobenou zam\u011bstnavateli a poji\u0161t\u011bn\u00ed odpov\u011bdnosti za \u0161kodu zp\u016fsobenou ve\u0159ejnosti, kter\u00e9 chr\u00e1n\u00ed klienty a poskytovatele.<\/p>\n<p>\u010clenstv\u00ed v ARP je d\u016fkazem z\u00e1vazku k osv\u011bd\u010den\u00fdm postup\u016fm, spokojenosti z\u00e1kazn\u00edk\u016f a profesionalit\u011b.<\/p><\/blockquote>\n<p>- <a href=\"http:\/\/www.relocatecambridge.co.uk\/index.php\/arp\/\" target=\"_blank\" rel=\"noopener\">P\u0159em\u00edst\u011bn\u00ed Cambridge<\/a><\/p>\n<p><strong>Webov\u00e9 str\u00e1nky:<\/strong> <a href=\"http:\/\/www.arp-relocation.com\/\" target=\"_blank\" rel=\"noopener\">http:\/\/www.arp-relocation.com\/<\/a><\/p>","protected":false},"excerpt":{"rendered":"<p>The Association of Relocation Professionals (ARP) is a professional body for the relocation industry in the UK. Its mission is not just to represent its members but to help them market themselves and grow too. Key facts about the ARP: The ARP is the body for relocation professionals in the UK. The Association of Relocation [&hellip;]<\/p>\n","protected":false},"author":1,"featured_media":0,"parent":0,"menu_order":0,"comment_status":"closed","ping_status":"closed","template":"","meta":{"_genesis_hide_title":false,"_genesis_hide_breadcrumbs":false,"_genesis_hide_singular_image":false,"_genesis_hide_footer_widgets":false,"_genesis_custom_body_class":"","_genesis_custom_post_class":"","_genesis_layout":"","footnotes":""},"class_list":{"0":"post-445","1":"page","2":"type-page","3":"status-publish","5":"entry"},"_links":{"self":[{"href":"https:\/\/moverdb.com\/cs\/wp-json\/wp\/v2\/pages\/445","targetHints":{"allow":["GET"]}}],"collection":[{"href":"https:\/\/moverdb.com\/cs\/wp-json\/wp\/v2\/pages"}],"about":[{"href":"https:\/\/moverdb.com\/cs\/wp-json\/wp\/v2\/types\/page"}],"author":[{"embeddable":true,"href":"https:\/\/moverdb.com\/cs\/wp-json\/wp\/v2\/users\/1"}],"replies":[{"embeddable":true,"href":"https:\/\/moverdb.com\/cs\/wp-json\/wp\/v2\/comments?post=445"}],"version-history":[{"count":7,"href":"https:\/\/moverdb.com\/cs\/wp-json\/wp\/v2\/pages\/445\/revisions"}],"predecessor-version":[{"id":6177,"href":"https:\/\/moverdb.com\/cs\/wp-json\/wp\/v2\/pages\/445\/revisions\/6177"}],"wp:attachment":[{"href":"https:\/\/moverdb.com\/cs\/wp-json\/wp\/v2\/media?parent=445"}],"curies":[{"name":"wp","href":"https:\/\/api.w.org\/{rel}","templated":true}]}}