{"id":443,"date":"2016-06-18T21:12:56","date_gmt":"2016-06-18T21:12:56","guid":{"rendered":"http:\/\/moverdb.com\/?page_id=443"},"modified":"2026-01-08T13:18:29","modified_gmt":"2026-01-08T13:18:29","slug":"harmony-relocation-network","status":"publish","type":"page","link":"https:\/\/moverdb.com\/cs\/harmony-relocation-network\/","title":{"rendered":"Vysv\u011btlen\u00ed s\u00edt\u011b Harmony Relocation Network (HRN)"},"content":{"rendered":"<p>Harmony Relocation Network (HRN) je skupina partnersk\u00fdch spole\u010dnost\u00ed, kter\u00e1 vznikla za \u00fa\u010delem vytvo\u0159en\u00ed celoevropsk\u00e9 s\u00edt\u011b pro glob\u00e1ln\u00ed relokaci. Integrace infrastruktury, technologi\u00ed, kvality a udr\u017eitelnosti je navr\u017eena tak, aby poskytovala trvale vysoce kvalitn\u00ed slu\u017eby.<\/p>\n<p><strong>Kl\u00ed\u010dov\u00e1 fakta o HRH:<\/strong><\/p>\n<ol>\n<li>  \u010clenskou z\u00e1kladnu tvo\u0159\u00ed 140 \u010dlen\u016f ze 60 zem\u00ed.<\/li>\n<li>  S\u00ed\u0165 HRN p\u016fsob\u00ed ve 180 zem\u00edch na 6 kontinentech.<\/li>\n<li>  Spole\u010dnost HRN byla zalo\u017eena v roce 1992 a v\u0161ech 140 \u010dlen\u016f je spoluvlastn\u00edky podniku.<\/li>\n<li>  Spole\u010dnost HRN byla zalo\u017eena n\u011bmeck\u00fdmi a nizozemsk\u00fdmi spole\u010dnostmi a pot\u00e9 se roz\u0161\u00ed\u0159ila do zem\u00ed EU. <a href=\"https:\/\/moverdb.com\/cs\/moving-to-australia\/living-in-australia\/\" data-internallinksmanager029f6b8e52c=\"240\" title=\"21 tajemstv\u00ed o \u017eivot\u011b v Austr\u00e1lii, kter\u00e1 je t\u0159eba zn\u00e1t p\u0159ed st\u011bhov\u00e1n\u00edm\">Austr\u00e1lie<\/a> a Asii a pot\u00e9 na Bl\u00edzk\u00fd v\u00fdchod, do Latinsk\u00e9 Ameriky a Afriky.<\/li>\n<li>  V letech 2002 a\u017e 2015 byla HRN sou\u010d\u00e1st\u00ed skupiny UniGroup Worldwide UTS s <a href=\"https:\/\/moverdb.com\/cs\/moving-to-the-united-states\/\" data-internallinksmanager029f6b8e52c=\"94\" title=\"St\u011bhujete se do Spojen\u00fdch st\u00e1t\u016f? 2022 \u017divotn\u00ed n\u00e1klady a tipy na st\u011bhov\u00e1n\u00ed\">US<\/a> Van Line.<\/li>\n<li>  HRN je nejv\u011bt\u0161\u00ed celosv\u011btov\u00e1 s\u00ed\u0165 spole\u010dnost\u00ed zab\u00fdvaj\u00edc\u00edch se st\u011bhov\u00e1n\u00edm pod spole\u010dnou zna\u010dkou.<\/li>\n<\/ol>\n<p><strong>Profil s\u00edt\u011b Harmony Relocation Network:<\/strong><\/p>\n<p>My\u0161lenkou s\u00edt\u011b HRN je spojit to nejlep\u0161\u00ed z m\u00edstn\u00edho d\u011bdictv\u00ed s glob\u00e1ln\u00edm rozsahem a poskytovat spole\u010dnostem i jednotlivc\u016fm reloka\u010dn\u00ed slu\u017eby, kter\u00e9 jsou sice m\u00edstn\u00ed, ale maj\u00ed celosv\u011btov\u00fd dosah. <\/p>\n<p>Nab\u00edzen\u00e9 slu\u017eby zahrnuj\u00ed slu\u017eby \u0159\u00edzen\u00ed st\u011bhov\u00e1n\u00ed, st\u011bhovac\u00ed operace a slu\u017eby v m\u00edst\u011b ur\u010den\u00ed. HRN vyvinula vlastn\u00ed s\u00ed\u0165ov\u00fd webov\u00fd IT syst\u00e9m, kter\u00fd je navr\u017een tak, aby z\u00e1kazn\u00edci byli informov\u00e1ni a aby byl proces co nejkomplexn\u011bj\u0161\u00ed a nejkonzistentn\u011bj\u0161\u00ed - zahrnuje mo\u017enosti pod\u00e1v\u00e1n\u00ed zpr\u00e1v a sledov\u00e1n\u00ed. <\/p>\n<p>Integrace ekonomick\u00e9, environment\u00e1ln\u00ed a soci\u00e1ln\u00ed udr\u017eitelnosti je pro s\u00ed\u0165 HRN d\u016fle\u017eit\u00e1 a je jedn\u00edm z hlavn\u00edch pil\u00ed\u0159\u016f pro vyv\u00e1\u017een\u00ed lid\u00ed, technologi\u00ed a \u017eivotn\u00edho prost\u0159ed\u00ed.<\/p>\n<p><strong>Krit\u00e9ria pro \u010dlenstv\u00ed <\/strong><\/p>\n<p>Na webov\u00fdch str\u00e1nk\u00e1ch nejsou uvedena \u017e\u00e1dn\u00e1 krit\u00e9ria pro \u010dlenstv\u00ed - je zde pouze kontaktn\u00ed str\u00e1nka.<\/p>\n<p><strong>Vzorov\u00e9 \u010dlensk\u00e9 spole\u010dnosti<\/strong><\/p>\n<ul>\n<li> <a href=\"https:\/\/moverdb.com\/cs\/bournes\/\">Bournes<\/a><\/li>\n<li> <a href=\"https:\/\/moverdb.com\/cs\/cadogan-tate\/\">Cadogan Tate<\/a><\/li>\n<li> <a href=\"https:\/\/moverdb.com\/cs\/gerson-relocation\/\">P\u0159em\u00edst\u011bn\u00ed spole\u010dnosti Gerson<\/a><\/li>\n<li> <a href=\"https:\/\/moverdb.com\/cs\/pearson\/\">Pearson Home St\u011bhov\u00e1n\u00ed<\/a><\/li>\n<\/ul>\n<p><strong>N\u00e1zory na HRN<\/strong><\/p>\n<p>HRN se objevuje na mnoha webov\u00fdch str\u00e1nk\u00e1ch st\u011bhovac\u00edch spole\u010dnost\u00ed, kde je uv\u00e1d\u011bna jako organizace s <em>\"nov\u00e9 jm\u00e9no, ale osv\u011bd\u010den\u00e9 v\u00fdsledky.\"<\/em> Siln\u00e9 rodinn\u00e9 hodnoty a glob\u00e1ln\u00ed p\u0159\u00edstup zalo\u017een\u00fd na spolupr\u00e1ci se v\u017edy projev\u00ed. <\/p>\n<p>Obecn\u011b se zd\u00e1, \u017ee st\u011bhov\u00e1n\u00ed s reloka\u010dn\u00ed spole\u010dnost\u00ed, kter\u00e1 je sou\u010d\u00e1st\u00ed s\u00edt\u011b HRN, poskytuje z\u00e1kazn\u00edkovi p\u0159\u00edstup k v\u00fdhod\u00e1m cel\u00e9 s\u00edt\u011b. Je zd\u016fraz\u0148ov\u00e1no, \u017ee \u010dlenov\u00e9 mus\u00ed dodr\u017eovat glob\u00e1ln\u00ed dohodu o \u00farovni slu\u017eeb a v\u00fdsledkem je konzistentnost - <em>\"zat\u00edmco zvyky a kultura se mohou v jednotliv\u00fdch zem\u00edch li\u0161it, vysok\u00e1 kvalita slu\u017eeb, kterou m\u016f\u017eete o\u010dek\u00e1vat, se li\u0161it nebude. Po cel\u00e9m sv\u011bt\u011b - stejn\u00e9 postupy, slu\u017eby a vysok\u00e1 kvalita.\"<\/em> <\/p>\n<p>Krom\u011b toho se \u0159ada t\u011bch, kte\u0159\u00ed na sv\u00fdch webov\u00fdch str\u00e1nk\u00e1ch uv\u00e1d\u011bj\u00ed po\u010det \u010dlen\u016f, zam\u011b\u0159uje na velikost s\u00edt\u011b a na to, \u017ee je jednou z nejv\u011bt\u0161\u00edch sv\u00e9ho druhu na sv\u011bt\u011b.<\/p>\n<blockquote><p>Harmony je celosv\u011btov\u00e1 s\u00ed\u0165 lok\u00e1ln\u011b vlastn\u011bn\u00fdch spole\u010dnost\u00ed zab\u00fdvaj\u00edc\u00edch se st\u011bhov\u00e1n\u00edm, kter\u00e1 udr\u017euje siln\u00e9 rodinn\u00e9 hodnoty d\u00edky d\u011bdictv\u00ed n\u011bkolika generac\u00ed.<\/p><\/blockquote>\n<p>- <a href=\"http:\/\/www.abels.co.uk\/harmony-relocation-network\/\" target=\"_blank\" rel=\"noopener\">Abels<\/a><\/p>\n<blockquote><p>Harmony spojuje to nejlep\u0161\u00ed z m\u00edstn\u00edho d\u011bdictv\u00ed s glob\u00e1ln\u00edm m\u011b\u0159\u00edtkem, d\u011bl\u00e1 maximum a pln\u00ed sv\u00e9 sliby. D\u016fle\u017eitost lid\u00ed a m\u00edstn\u00edch obyvatel si skute\u010dn\u011b bereme k srdci.<\/p><\/blockquote>\n<p>- <a href=\"https:\/\/theresforum.com\/partners\/harmony\/\" target=\"_blank\" rel=\"noopener\">F\u00f3rum RES<\/a><\/p>\n<blockquote><p>S\u00ed\u0165 poskytuje \u0161irokou \u0161k\u00e1lu slu\u017eeb p\u0159ed vysl\u00e1n\u00edm, p\u0159epravou a c\u00edlovou destinac\u00ed, kter\u00e9 pom\u00e1haj\u00ed soukrom\u00fdm osob\u00e1m nebo vedouc\u00edm pracovn\u00edk\u016fm lidsk\u00fdch zdroj\u016f a asignac\u00edm p\u0159i jejich cest\u011b od za\u010d\u00e1tku a\u017e do konce.<\/p><\/blockquote>\n<p>- <a href=\"http:\/\/bournesmoves.com\/relocation\/harmony-relocation-network.htm\" target=\"_blank\" rel=\"noopener\">Bournes<\/a> <\/p>\n<p><a href=\"http:\/\/www.harmonyrelo.com\/\" target=\"_blank\" rel=\"noopener\">http:\/\/www.harmonyrelo.com\/<\/a><\/p>","protected":false},"excerpt":{"rendered":"<p>The Harmony Relocation Network (HRN) is a group of partner companies that was created to build a pan-European network for global relocation. Integration of infrastructure, technology, quality and sustainability is designed to produce a consistently high quality service. Key facts about HRH: The membership is made up of 140 members in 60 countries. The HRN [&hellip;]<\/p>\n","protected":false},"author":1,"featured_media":0,"parent":0,"menu_order":0,"comment_status":"closed","ping_status":"closed","template":"","meta":{"_genesis_hide_title":false,"_genesis_hide_breadcrumbs":false,"_genesis_hide_singular_image":false,"_genesis_hide_footer_widgets":false,"_genesis_custom_body_class":"","_genesis_custom_post_class":"","_genesis_layout":"","footnotes":""},"class_list":{"0":"post-443","1":"page","2":"type-page","3":"status-publish","5":"entry"},"_links":{"self":[{"href":"https:\/\/moverdb.com\/cs\/wp-json\/wp\/v2\/pages\/443","targetHints":{"allow":["GET"]}}],"collection":[{"href":"https:\/\/moverdb.com\/cs\/wp-json\/wp\/v2\/pages"}],"about":[{"href":"https:\/\/moverdb.com\/cs\/wp-json\/wp\/v2\/types\/page"}],"author":[{"embeddable":true,"href":"https:\/\/moverdb.com\/cs\/wp-json\/wp\/v2\/users\/1"}],"replies":[{"embeddable":true,"href":"https:\/\/moverdb.com\/cs\/wp-json\/wp\/v2\/comments?post=443"}],"version-history":[{"count":6,"href":"https:\/\/moverdb.com\/cs\/wp-json\/wp\/v2\/pages\/443\/revisions"}],"predecessor-version":[{"id":6219,"href":"https:\/\/moverdb.com\/cs\/wp-json\/wp\/v2\/pages\/443\/revisions\/6219"}],"wp:attachment":[{"href":"https:\/\/moverdb.com\/cs\/wp-json\/wp\/v2\/media?parent=443"}],"curies":[{"name":"wp","href":"https:\/\/api.w.org\/{rel}","templated":true}]}}