{"id":442,"date":"2016-06-12T20:08:54","date_gmt":"2016-06-12T20:08:54","guid":{"rendered":"http:\/\/moverdb.com\/?page_id=442"},"modified":"2026-01-08T14:48:14","modified_gmt":"2026-01-08T14:48:14","slug":"euromovers","status":"publish","type":"page","link":"https:\/\/moverdb.com\/cs\/euromovers\/","title":{"rendered":"Vysv\u011btlen\u00ed partnerstv\u00ed evropsk\u00fdch p\u0159epravc\u016f (EUROMOVERS International)"},"content":{"rendered":"<p>Spole\u010dnost Euromovers s\u00eddl\u00ed v <a href=\"https:\/\/moverdb.com\/cs\/moving-to-luxembourg\/\" data-internallinksmanager029f6b8e52c=\"349\" title=\"St\u011bhov\u00e1n\u00ed do Lucemburska? 2026 N\u00e1klady na bydlen\u00ed a tipy na st\u011bhov\u00e1n\u00ed\">Lucembursko<\/a> a je tvo\u0159ena \u0159adou p\u0159edn\u00edch <a href=\"https:\/\/moverdb.com\/cs\/stehovani-spolecnosti\/\">mezin\u00e1rodn\u00ed st\u011bhovac\u00ed spole\u010dnosti<\/a> kte\u0159\u00ed vytvo\u0159ili s\u00ed\u0165 na z\u00e1klad\u011b sd\u00edlen\u00fdch standard\u016f, vize a sm\u011b\u0159ov\u00e1n\u00ed. <\/p>\n<p>Skupina nab\u00edz\u00ed st\u011bhovac\u00ed slu\u017eby, kter\u00e9 jsou d\u00edky s\u00edti propojen\u00fdch firem poskytov\u00e1ny l\u00e9pe.<\/p>\n<p><strong>Kl\u00ed\u010dov\u00e1 fakta o spole\u010dnosti Euromovers:<\/strong><\/p>\n<ol>\n<li>  Euromovers je s\u00ed\u0165 v\u00edce ne\u017e 70 st\u011bhovac\u00edch firem.<\/li>\n<li>  \u010clensk\u00e9 organizace poch\u00e1zej\u00ed z \u0159ady zem\u00ed, v\u010detn\u011b <a href=\"https:\/\/moverdb.com\/cs\/moving-to-austria\/\" data-internallinksmanager029f6b8e52c=\"343\" title=\"St\u011bhov\u00e1n\u00ed do Rakouska? 2026 N\u00e1klady na bydlen\u00ed a tipy na st\u011bhov\u00e1n\u00ed\">Rakousko<\/a>, <a href=\"https:\/\/moverdb.com\/cs\/moving-to-belgium\/\" data-internallinksmanager029f6b8e52c=\"323\" title=\"St\u011bhov\u00e1n\u00ed do Belgie? 2026 N\u00e1klady na bydlen\u00ed a tipy na st\u011bhov\u00e1n\u00ed\">Belgie<\/a>, <a href=\"https:\/\/moverdb.com\/cs\/moving-to-the-czech-republic\/\" data-internallinksmanager029f6b8e52c=\"391\" title=\"St\u011bhov\u00e1n\u00ed do \u010cesk\u00e9 republiky? 2024 N\u00e1klady na bydlen\u00ed a tipy na st\u011bhov\u00e1n\u00ed\">\u010cesk\u00e1 republika<\/a>, <a href=\"https:\/\/moverdb.com\/cs\/moving-to-denmark\/\" data-internallinksmanager029f6b8e52c=\"335\" title=\"St\u011bhov\u00e1n\u00ed do D\u00e1nska? 2026 N\u00e1klady na bydlen\u00ed a tipy na st\u011bhov\u00e1n\u00ed\">D\u00e1nsko<\/a>, <a href=\"https:\/\/moverdb.com\/cs\/moving-to-finland\/\" data-internallinksmanager029f6b8e52c=\"345\" title=\"St\u011bhov\u00e1n\u00ed do Finska? 2023 \u017divotn\u00ed n\u00e1klady a tipy na st\u011bhov\u00e1n\u00ed\">Finsko<\/a>, <a href=\"https:\/\/moverdb.com\/cs\/moving-to-france\/\" data-internallinksmanager029f6b8e52c=\"315\" title=\"St\u011bhov\u00e1n\u00ed do Francie? 2026 N\u00e1klady na bydlen\u00ed a tipy na st\u011bhov\u00e1n\u00ed\">Francie<\/a>, <a href=\"https:\/\/moverdb.com\/cs\/moving-to-germany\/\" data-internallinksmanager029f6b8e52c=\"321\" title=\"St\u011bhov\u00e1n\u00ed do N\u011bmecka? 2026 N\u00e1klady na bydlen\u00ed a tipy na st\u011bhov\u00e1n\u00ed\">N\u011bmecko<\/a>, <a href=\"https:\/\/moverdb.com\/cs\/moving-to-greece\/\" data-internallinksmanager029f6b8e52c=\"353\" title=\"St\u011bhov\u00e1n\u00ed do \u0158ecka? 2026 N\u00e1klady na bydlen\u00ed a tipy na st\u011bhov\u00e1n\u00ed\">\u0158ecko<\/a>, <a href=\"https:\/\/moverdb.com\/cs\/moving-to-italy\/\" data-internallinksmanager029f6b8e52c=\"346\" title=\"St\u011bhov\u00e1n\u00ed do It\u00e1lie? 2026 N\u00e1klady na bydlen\u00ed a tipy na st\u011bhov\u00e1n\u00ed\">It\u00e1lie<\/a>, Lucembursko, <a href=\"https:\/\/moverdb.com\/cs\/moving-to-the-netherlands\/\" data-internallinksmanager029f6b8e52c=\"328\" title=\"St\u011bhov\u00e1n\u00ed do Nizozemska? 2026 N\u00e1klady na bydlen\u00ed a tipy na p\u0159est\u011bhov\u00e1n\u00ed\">Nizozemsko<\/a>, <a href=\"https:\/\/moverdb.com\/cs\/moving-to-slovakia\/\" data-internallinksmanager029f6b8e52c=\"338\" title=\"St\u011bhov\u00e1n\u00ed na Slovensko? 2026 N\u00e1klady na bydlen\u00ed a tipy na st\u011bhov\u00e1n\u00ed\">Slovensko<\/a>, <a href=\"https:\/\/moverdb.com\/cs\/moving-to-spain\/\" data-internallinksmanager029f6b8e52c=\"266\" title=\"St\u011bhov\u00e1n\u00ed do \u0160pan\u011blska? 2026 N\u00e1klady na bydlen\u00ed a tipy na st\u011bhov\u00e1n\u00ed\">\u0160pan\u011blsko<\/a>, <a href=\"https:\/\/moverdb.com\/cs\/moving-to-switzerland\/\" data-internallinksmanager029f6b8e52c=\"327\" title=\"St\u011bhov\u00e1n\u00ed do \u0160v\u00fdcarska? 2026 N\u00e1klady na bydlen\u00ed a tipy na st\u011bhov\u00e1n\u00ed\">\u0160v\u00fdcarsko<\/a> a <a href=\"https:\/\/moverdb.com\/cs\/mezinarodni-stehovani\/\">Spojen\u00e9 kr\u00e1lovstv\u00ed<\/a>, a mimo Evropu v <a href=\"https:\/\/moverdb.com\/cs\/moving-to-the-united-states\/\" data-internallinksmanager029f6b8e52c=\"94\" title=\"St\u011bhujete se do Spojen\u00fdch st\u00e1t\u016f? 2022 \u017divotn\u00ed n\u00e1klady a tipy na st\u011bhov\u00e1n\u00ed\">Spojen\u00e9 st\u00e1ty americk\u00e9<\/a>, <a href=\"https:\/\/moverdb.com\/cs\/moving-to-australia\/living-in-australia\/\" data-internallinksmanager029f6b8e52c=\"240\" title=\"21 tajemstv\u00ed o \u017eivot\u011b v Austr\u00e1lii, kter\u00e1 je t\u0159eba zn\u00e1t p\u0159ed st\u011bhov\u00e1n\u00edm\">Austr\u00e1lie<\/a>, Rusk\u00e1 federace a <a href=\"https:\/\/moverdb.com\/cs\/moving-to-china\/\" data-internallinksmanager029f6b8e52c=\"357\" title=\"St\u011bhov\u00e1n\u00ed do \u010c\u00edny? 2026 N\u00e1klady na bydlen\u00ed a tipy na st\u011bhov\u00e1n\u00ed\">\u010c\u00edna<\/a>.<\/li>\n<li>  Spole\u010dnost Euromovers poskytuje st\u011bhovac\u00ed slu\u017eby, nen\u00ed obchodn\u00edm sdru\u017een\u00edm.<\/li>\n<li>  Ka\u017ed\u00fd p\u0159idru\u017een\u00fd partner s\u00edt\u011b Euromovers se \u00fa\u010dastn\u00ed pravideln\u00fdch audit\u016f a kontrol, aby bylo zaji\u0161t\u011bno dodr\u017eov\u00e1n\u00ed stanoven\u00fdch standard\u016f.<\/li>\n<li>  Euromovers je \u010dlenem, pokud <a href=\"https:\/\/moverdb.com\/cs\/iam\/\">Mezin\u00e1rodn\u00ed asociace st\u011bhov\u00e1k\u016f<\/a> a je dr\u017eitelem certifik\u00e1t\u016f kvality ISO 9001 (slu\u017eby managementu kvality), ISO 14001 (syst\u00e9my environment\u00e1ln\u00edho managementu) a ISO 27001 (syst\u00e9my bezpe\u010dnosti informac\u00ed).<\/li>\n<\/ol>\n<p><strong>Profil partnerstv\u00ed European Mover Partnership:<\/strong><\/p>\n<p>Spole\u010dnost Euromovers nab\u00edz\u00ed <a href=\"https:\/\/moverdb.com\/cs\/mezinarodni-stehovani\/\">Evropsk\u00e9 st\u011bhov\u00e1n\u00ed a st\u011bhov\u00e1n\u00ed do z\u00e1mo\u0159\u00ed<\/a> prost\u0159ednictv\u00edm sv\u00fdch 70 \u010dlen\u016f, kte\u0159\u00ed jsou rozm\u00edst\u011bni v evropsk\u00fdch zem\u00edch i v \u0161ir\u0161\u00edm okol\u00ed, nap\u0159\u00edklad v \u010c\u00edn\u011b a Rusku. <\/p>\n<p>Poskytuje st\u011bhovac\u00ed slu\u017eby od dve\u0159\u00ed ke dve\u0159\u00edm pro firmy i jednotlivce, skladovac\u00ed \u0159e\u0161en\u00ed, \u0159e\u0161en\u00ed pro firmy a p\u0159epravu v\u00fdtvarn\u00e9ho um\u011bn\u00ed. Vz\u00e1jemn\u00e9 partnerstv\u00ed, na n\u011bm\u017e je spole\u010dnost Euromovers zalo\u017eena, j\u00ed pom\u00e1h\u00e1 napl\u0148ovat vizi integrovan\u00e9ho st\u011bhov\u00e1n\u00ed do jak\u00e9koli glob\u00e1ln\u00ed destinace.<\/p>\n<p><strong>Krit\u00e9ria pro \u010dlenstv\u00ed:<\/strong><\/p>\n<p>Na internetu nejsou uvedeny \u017e\u00e1dn\u00e9 podrobnosti o krit\u00e9ri\u00edch \u010dlenstv\u00ed.<\/p>\n<p><strong>Vzorov\u00e9 \u010dlensk\u00e9 spole\u010dnosti<\/strong><\/p>\n<ul>\n<li> <a href=\"https:\/\/moverdb.com\/cs\/atlas-van-lines-international\/\">Atlas Van Lines<\/a><\/li>\n<\/ul>\n<p><strong>N\u00e1zory na partnerstv\u00ed European Mover<\/strong><\/p>\n<p>Zd\u00e1 se, \u017ee krom\u011b vlastn\u00edch internetov\u00fdch str\u00e1nek nen\u00ed spole\u010dnost European Mover Partnership nikde jinde na internetu zm\u00edn\u011bna. Existuje je\u0161t\u011b jedna organizace s podobn\u00fdm n\u00e1zvem - Euro Movers International LLC, kter\u00e1 s\u00eddl\u00ed v Praze. <a href=\"https:\/\/moverdb.com\/cs\/moving-to-dubai\/\" data-internallinksmanager029f6b8e52c=\"246\" title=\"St\u011bhov\u00e1n\u00ed do Dubaje? 2026 N\u00e1klady na bydlen\u00ed a tipy na p\u0159est\u011bhov\u00e1n\u00ed\">Dubaj<\/a>, ale nen\u00ed sou\u010d\u00e1st\u00ed skupiny. <\/p>\n<p>Dubajsk\u00e1 spole\u010dnost Euromovers obdr\u017e\u00ed <a href=\"http:\/\/www.complaintsboard.com\/complaints\/euro-movers-dubai-c431198.html\" target=\"_blank\" rel=\"noopener\">velmi negativn\u00ed recenze<\/a>.<\/p>\n<p><strong>Webov\u00e9 str\u00e1nky:<\/strong> <a href=\"http:\/\/www.euromovers.com\/\" target=\"_blank\" rel=\"noopener\">http:\/\/www.euromovers.com\/<\/a><\/p>","protected":false},"excerpt":{"rendered":"<p>Euromovers is based in Luxembourg and is made up of a number of leading international moving companies who have formed a network on the basis of shared standards, vision and direction. The group offers moving services that are better provided because of its network of connected companies. Key facts about Euromovers: Euromovers is a network [&hellip;]<\/p>\n","protected":false},"author":1,"featured_media":0,"parent":0,"menu_order":0,"comment_status":"closed","ping_status":"closed","template":"","meta":{"_genesis_hide_title":false,"_genesis_hide_breadcrumbs":false,"_genesis_hide_singular_image":false,"_genesis_hide_footer_widgets":false,"_genesis_custom_body_class":"","_genesis_custom_post_class":"","_genesis_layout":"","footnotes":""},"class_list":{"0":"post-442","1":"page","2":"type-page","3":"status-publish","5":"entry"},"_links":{"self":[{"href":"https:\/\/moverdb.com\/cs\/wp-json\/wp\/v2\/pages\/442","targetHints":{"allow":["GET"]}}],"collection":[{"href":"https:\/\/moverdb.com\/cs\/wp-json\/wp\/v2\/pages"}],"about":[{"href":"https:\/\/moverdb.com\/cs\/wp-json\/wp\/v2\/types\/page"}],"author":[{"embeddable":true,"href":"https:\/\/moverdb.com\/cs\/wp-json\/wp\/v2\/users\/1"}],"replies":[{"embeddable":true,"href":"https:\/\/moverdb.com\/cs\/wp-json\/wp\/v2\/comments?post=442"}],"version-history":[{"count":5,"href":"https:\/\/moverdb.com\/cs\/wp-json\/wp\/v2\/pages\/442\/revisions"}],"predecessor-version":[{"id":6203,"href":"https:\/\/moverdb.com\/cs\/wp-json\/wp\/v2\/pages\/442\/revisions\/6203"}],"wp:attachment":[{"href":"https:\/\/moverdb.com\/cs\/wp-json\/wp\/v2\/media?parent=442"}],"curies":[{"name":"wp","href":"https:\/\/api.w.org\/{rel}","templated":true}]}}