{"id":441,"date":"2016-06-18T21:28:02","date_gmt":"2016-06-18T21:28:02","guid":{"rendered":"http:\/\/moverdb.com\/?page_id=441"},"modified":"2026-01-08T15:30:43","modified_gmt":"2026-01-08T15:30:43","slug":"rada-pro-premisteni-zamestnancu","status":"publish","type":"page","link":"https:\/\/moverdb.com\/cs\/employee-relocation-council\/","title":{"rendered":"Vysv\u011btlen\u00ed celosv\u011btov\u00e9 Rady pro p\u0159em\u00eds\u0165ov\u00e1n\u00ed zam\u011bstnanc\u016f (ERC)"},"content":{"rendered":"<p>Celosv\u011btov\u00e1 rada pro p\u0159em\u00eds\u0165ov\u00e1n\u00ed zam\u011bstnanc\u016f (ERC) se ozna\u010duje za sdru\u017een\u00ed pro mobilitu pracovn\u00ed s\u00edly pro odborn\u00edky, kte\u0159\u00ed dohl\u00ed\u017eej\u00ed na p\u0159em\u00eds\u0165ov\u00e1n\u00ed zam\u011bstnanc\u016f v USA a v zahrani\u010d\u00ed, \u0159\u00edd\u00ed je nebo je podporuj\u00ed. <\/p>\n<p>Jej\u00edm c\u00edlem je pom\u00e1hat \u010dlen\u016fm, kte\u0159\u00ed poch\u00e1zej\u00ed z r\u016fzn\u00fdch profes\u00ed, v\u010detn\u011b personalistiky, realit a arm\u00e1dy, \u0159e\u0161it probl\u00e9my spojen\u00e9 s mobilitou pracovn\u00ed s\u00edly.<\/p>\n<p><strong>Hlavn\u00ed fakta o ERC:<\/strong><\/p>\n<ol>\n<li>  \u010clenov\u00e9 ERC poch\u00e1zej\u00ed z r\u016fzn\u00fdch profes\u00ed, v\u010detn\u011b personalistiky, n\u00e1boru, st\u00e1tn\u00ed spr\u00e1vy, arm\u00e1dy, realit, finan\u010dn\u00edch slu\u017eeb, st\u011bhov\u00e1n\u00ed, poradenstv\u00ed a konzultac\u00ed.<\/li>\n<li>  ERC se zab\u00fdv\u00e1 problematikou a \u0159\u00eddic\u00edmi postupy pro odborn\u00edky na p\u0159emis\u0165ov\u00e1n\u00ed v r\u00e1mci <a href=\"https:\/\/moverdb.com\/cs\/moving-to-the-united-states\/\" data-internallinksmanager029f6b8e52c=\"94\" title=\"St\u011bhujete se do Spojen\u00fdch st\u00e1t\u016f? 2022 \u017divotn\u00ed n\u00e1klady a tipy na st\u011bhov\u00e1n\u00ed\">Spojen\u00e9 st\u00e1ty americk\u00e9<\/a> a mezi v\u0161emi ostatn\u00edmi zem\u011bmi.<\/li>\n<li>  ERC s\u00eddl\u00ed v <a href=\"https:\/\/moverdb.com\/cs\/stehovani-do-washingtonu-dc\/\">Washington, DC,<\/a> s evropskou kancel\u00e1\u0159\u00ed v Bruselu, <a href=\"https:\/\/moverdb.com\/cs\/moving-to-belgium\/\" data-internallinksmanager029f6b8e52c=\"323\" title=\"St\u011bhov\u00e1n\u00ed do Belgie? 2026 N\u00e1klady na bydlen\u00ed a tipy na st\u011bhov\u00e1n\u00ed\">Belgie<\/a>.<\/li>\n<li>  ERC nab\u00edz\u00ed akreditace, nap\u0159\u00edklad Certified Relocation Professional a Global Mobility Specialist.<\/li>\n<li>  K dispozici jsou r\u016fzn\u00e9 kategorie \u010dlenstv\u00ed, v\u010detn\u011b firemn\u00edho \u010dlenstv\u00ed (v\u011bt\u0161inou pro dom\u00e1c\u00ed profesion\u00e1ly), \u010dlenstv\u00ed v oblasti slu\u017eeb mobility (pro podniky zab\u00fdvaj\u00edc\u00ed se mobilitou pracovn\u00ed s\u00edly), osobn\u00edho\/profesion\u00e1ln\u00edho \u010dlenstv\u00ed (PERC\u2122) (pro z\u00e1jemce o informace, jako jsou akademi\u010dt\u00ed pracovn\u00edci a uchaze\u010di o zam\u011bstn\u00e1n\u00ed), hodnotitele st\u011bhov\u00e1n\u00ed, realitn\u00ed makl\u00e9\u0159e a spole\u010dnosti zab\u00fdvaj\u00edc\u00ed se \u0159\u00edzen\u00edm st\u011bhov\u00e1n\u00ed.<\/li>\n<li>  V roce 2005 m\u011bla ERC v\u00edce ne\u017e 12 000 \u010dlen\u016f (nejnov\u011bj\u0161\u00ed dostupn\u00e9 statistiky).<\/li>\n<\/ol>\n<p><strong>Profil Celosv\u011btov\u00e9 rady pro relokaci zam\u011bstnanc\u016f:<\/strong><\/p>\n<p>ERC pln\u00ed \u0159adu funkc\u00ed, v\u010detn\u011b lobbov\u00e1n\u00ed jm\u00e9nem \u010dlen\u016f, poskytov\u00e1n\u00ed \u0161kolen\u00ed a vzd\u011bl\u00e1v\u00e1n\u00ed a tak\u00e9 p\u0159\u00edle\u017eitost\u00ed k navazov\u00e1n\u00ed kontakt\u016f. Pod\u00edl\u00ed se tak\u00e9 na rozvoji odv\u011btvov\u00e9 standardizace a vytv\u00e1\u0159en\u00ed konsensu a na pokroku v oblasti nov\u00fdch pracovn\u00edch postup\u016f a elektronick\u00fdch \u0159e\u0161en\u00ed. <\/p>\n<p>Krom\u011b toho, \u017ee ERC jedn\u00e1 za sv\u00e9 \u010dleny a ve spolupr\u00e1ci s nimi, je zn\u00e1m\u00e1 tak\u00e9 t\u00edm, \u017ee shroma\u017e\u010fuje \u0159adu \u00fadaj\u016f prost\u0159ednictv\u00edm pr\u016fzkum\u016f, v\u010detn\u011b anal\u00fdzy vhodnosti m\u011bst pro nov\u011b p\u0159est\u011bhovan\u00e9 rodiny. ERC se etablovala jako autorita v oblasti mobility pracovn\u00edch sil.<\/p>\n<p><strong>Krit\u00e9ria pro \u010dlenstv\u00ed:<\/strong><\/p>\n<p>Krit\u00e9ria \u010dlenstv\u00ed nejsou na webov\u00fdch str\u00e1nk\u00e1ch uvedena.<\/p>\n<p><strong>Seznam celosv\u011btov\u00fdch \u010dlen\u016f ERC <a href=\"https:\/\/moverdb.com\/cs\/moving-companies\/\" data-internallinksmanager029f6b8e52c=\"79\" title=\"Top 25 Mezin\u00e1rodn\u00ed st\u011bhovac\u00ed spole\u010dnosti Online\">St\u011bhovac\u00ed spole\u010dnosti<\/a><\/strong><\/p>\n<ul>\n<li> <a href=\"https:\/\/moverdb.com\/cs\/aires\/\">Aires<\/a><\/li>\n<li> <a href=\"https:\/\/moverdb.com\/cs\/armstrong-relocation\/\">St\u011bhov\u00e1n\u00ed Armstrong<\/a><\/li>\n<li> <a href=\"https:\/\/moverdb.com\/cs\/arpin-international\/\">Arpin International<\/a><\/li>\n<li> <a href=\"https:\/\/moverdb.com\/cs\/atlas-van-lines-international\/\">Atlas Van Lines<\/a><\/li>\n<li> <a href=\"https:\/\/moverdb.com\/cs\/santa-fe-relocation\/\">St\u011bhovac\u00ed slu\u017eby Santa Fe<\/a><\/li>\n<li> <a href=\"https:\/\/moverdb.com\/cs\/sterling-relocation\/\">P\u0159em\u00edst\u011bn\u00ed spole\u010dnosti Sterling<\/a><\/li>\n<li> <a href=\"https:\/\/moverdb.com\/cs\/arpin-van-lines\/\">Arpin Van Lines<\/a><\/li>\n<li> <a href=\"https:\/\/moverdb.com\/cs\/suddath\/\">Suddath<\/a><\/li>\n<li> <a href=\"https:\/\/moverdb.com\/cs\/dt-pohyblive\/\">DT St\u011bhov\u00e1n\u00ed<\/a><\/li>\n<li> <a href=\"https:\/\/moverdb.com\/cs\/btr-international\/\">BTR International<\/a><\/li>\n<p><a href=\"https:\/\/moverdb.com\/cs\/packimpex\/\">Packimpex<\/a>\n<\/ul>\n<p><strong>N\u00e1zory na ERC<\/strong><\/p>\n<p>ERC se neobjevuje na tolika webov\u00fdch str\u00e1nk\u00e1ch. Tam, kde je zm\u00edn\u011bna, je to \u010dasto v souvislosti s organizacemi, kter\u00e9 jsou k n\u00ed p\u0159idru\u017een\u00e9, jako je nap\u0159\u00edklad Rada pro p\u0159emis\u0165ov\u00e1n\u00ed u Velk\u00fdch jezer.<\/p>\n<blockquote><p>S c\u00edlem uspokojit pot\u0159eby trhu relokac\u00ed a pomoci tak zam\u011bstnanc\u016fm s hladk\u00fdm startem do nov\u00e9ho \u017eivota zalo\u017eilo \u0161est osob v roce 1964 p\u0159edch\u016fdkyni celosv\u011btov\u00e9 Rady pro relokaci zam\u011bstnanc\u016f (ERC). <a href=\"https:\/\/moverdb.com\/cs\/stehovani-do-chicaga\/\">Chicago<\/a>.<\/p><\/blockquote>\n<p>- <a href=\"http:\/\/start-up-services.de\/en\/company-profile-relocation-service\/relocation-associations\/worldwide-employee-relocation-council\/\" target=\"_blank\" rel=\"noopener\">Slu\u017eby p\u0159i zah\u00e1jen\u00ed provozu<\/a><\/p>\n<p><strong>Webov\u00e9 str\u00e1nky:<\/strong> <a href=\"http:\/\/www.worldwideerc.org\/Pages\/index.aspx\" target=\"_blank\" rel=\"noopener\">http:\/\/www.worldwideerc.org\/Pages\/index.aspx<\/a><\/p>","protected":false},"excerpt":{"rendered":"<p>The Worldwide Employee Relocation Council (ERC) describes itself as the workforce mobility association for professionals who oversee, manage, or support U.S. domestic and international employee transfer. Its purpose is to help members &#8211; who come from a range of professions, including HR, real estate and military &#8211; to deal with the challenges of workforce mobility. [&hellip;]<\/p>\n","protected":false},"author":1,"featured_media":0,"parent":0,"menu_order":0,"comment_status":"closed","ping_status":"closed","template":"","meta":{"_genesis_hide_title":false,"_genesis_hide_breadcrumbs":false,"_genesis_hide_singular_image":false,"_genesis_hide_footer_widgets":false,"_genesis_custom_body_class":"","_genesis_custom_post_class":"","_genesis_layout":"","footnotes":""},"class_list":{"0":"post-441","1":"page","2":"type-page","3":"status-publish","5":"entry"},"_links":{"self":[{"href":"https:\/\/moverdb.com\/cs\/wp-json\/wp\/v2\/pages\/441","targetHints":{"allow":["GET"]}}],"collection":[{"href":"https:\/\/moverdb.com\/cs\/wp-json\/wp\/v2\/pages"}],"about":[{"href":"https:\/\/moverdb.com\/cs\/wp-json\/wp\/v2\/types\/page"}],"author":[{"embeddable":true,"href":"https:\/\/moverdb.com\/cs\/wp-json\/wp\/v2\/users\/1"}],"replies":[{"embeddable":true,"href":"https:\/\/moverdb.com\/cs\/wp-json\/wp\/v2\/comments?post=441"}],"version-history":[{"count":15,"href":"https:\/\/moverdb.com\/cs\/wp-json\/wp\/v2\/pages\/441\/revisions"}],"predecessor-version":[{"id":6255,"href":"https:\/\/moverdb.com\/cs\/wp-json\/wp\/v2\/pages\/441\/revisions\/6255"}],"wp:attachment":[{"href":"https:\/\/moverdb.com\/cs\/wp-json\/wp\/v2\/media?parent=441"}],"curies":[{"name":"wp","href":"https:\/\/api.w.org\/{rel}","templated":true}]}}