{"id":439,"date":"2016-06-12T19:46:10","date_gmt":"2016-06-12T19:46:10","guid":{"rendered":"http:\/\/moverdb.com\/?page_id=439"},"modified":"2026-01-08T14:40:02","modified_gmt":"2026-01-08T14:40:02","slug":"lacma","status":"publish","type":"page","link":"https:\/\/moverdb.com\/cs\/lacma\/","title":{"rendered":"Asociace mezin\u00e1rodn\u00edch st\u011bhov\u00e1k\u016f z Latinsk\u00e9 Ameriky a Karibiku (LACMA)"},"content":{"rendered":"<p>Asociace mezin\u00e1rodn\u00edch st\u011bhovac\u00edch spole\u010dnost\u00ed Latinsk\u00e9 Ameriky a Karibiku (LACIMA) zastupuje soubor spole\u010dnost\u00ed zab\u00fdvaj\u00edc\u00edch se st\u011bhov\u00e1n\u00edm a p\u0159emis\u0165ov\u00e1n\u00edm s c\u00edlem podpo\u0159it integraci m\u00edstn\u00edch i dal\u0161\u00edch podnik\u016f po cel\u00e9m sv\u011bt\u011b.<\/p>\n<p><strong>Kl\u00ed\u010dov\u00e1 fakta o LACMA:<\/strong><\/p>\n<ol>a<\/p>\n<li>  \u010clenstv\u00ed v LACMA je otev\u0159eno st\u011bhovac\u00edm a reloka\u010dn\u00edm spole\u010dnostem z Latinsk\u00e9 Ameriky a zbytku sv\u011bta.<\/li>\n<li>  Je to latinskoamerick\u00e9 sdru\u017een\u00ed zastoupen\u00e9 v <a href=\"https:\/\/moverdb.com\/cs\/fidi-faim\/\">FIDI<\/a>.<\/li>\n<li>  S\u00eddl\u00ed v <a href=\"https:\/\/moverdb.com\/cs\/moving-to-panama\/\" data-internallinksmanager029f6b8e52c=\"432\" title=\"St\u011bhov\u00e1n\u00ed do Panamy? 2026 N\u00e1klady na bydlen\u00ed a tipy na p\u0159est\u011bhov\u00e1n\u00ed\">Panama<\/a>.<\/li>\n<li>  P\u016fsob\u00ed jako prost\u0159edn\u00edk p\u0159i konfliktech, kter\u00e9 by mohly vzniknout mezi jeho \u010dleny nebo mezi \u010dlenem a jin\u00fdmi osobami, kter\u00e9 nejsou \u010dleny sdru\u017een\u00ed.<\/li>\n<li>  Nevy\u017eaduje, aby jejich \u010dlenov\u00e9 byli <a href=\"https:\/\/moverdb.com\/cs\/fidi-faim\/\" data-internallinksmanager029f6b8e52c=\"16\" title=\"Vysv\u011btlen\u00ed FIDI a FAIM (FIDI Accredited International Mover)\">FIDI<\/a> p\u0159idru\u017een\u00e9 organizace, proto\u017ee LACMA si zachov\u00e1v\u00e1 sv\u00e1 nez\u00e1visl\u00e1 krit\u00e9ria p\u0159idru\u017een\u00ed.<\/li>\n<li>  LACMA m\u00e1 vlastn\u00ed vzd\u011bl\u00e1vac\u00ed institut, kter\u00fd po\u0159\u00e1d\u00e1 semin\u00e1\u0159e na m\u00edst\u011b i virtu\u00e1ln\u00ed semin\u00e1\u0159e, v\u010detn\u011b vzd\u011bl\u00e1vac\u00edho kurzu pro instruktory Packers.<\/li>\n<li>  Nab\u00edz\u00ed program z\u00e1ruk za platby, kter\u00fd je zdrojem informac\u00ed pro \u010dleny, kte\u0159\u00ed cht\u011bj\u00ed vym\u00e1hat nedoplatky od ostatn\u00edch \u010dlen\u016f sdru\u017een\u00ed.<\/li>\n<li>  \u010clenstv\u00ed v LACMA m\u016f\u017ee b\u00fdt aktivn\u00ed (podniky z Latinsk\u00e9 Ameriky a Karibiku, kter\u00e9 se aktivn\u011b zab\u00fdvaj\u00ed mezin\u00e1rodn\u00edm st\u011bhov\u00e1n\u00edm a balen\u00edm, maj\u00ed vlastn\u00ed person\u00e1l, dopravn\u00ed a skladovac\u00ed za\u0159\u00edzen\u00ed), p\u0159idru\u017een\u00e9 (podniky mimo Latinskou Ameriku a Karibik, kter\u00e9 se zab\u00fdvaj\u00ed mezin\u00e1rodn\u00edm st\u011bhov\u00e1n\u00edm a balen\u00edm) nebo vedlej\u0161\u00ed (spole\u010dnosti, kter\u00e9 poskytuj\u00ed u\u017eite\u010dn\u00e9 zbo\u017e\u00ed a slu\u017eby \u010dlen\u016fm).<\/li>\n<li>  Organizace uv\u00e1d\u00ed: FIDI Latinsk\u00e1 Amerika zastupuje 53 spole\u010dnost\u00ed (FIDI-LACMA a FIDI-Non LACMA) v na\u0161em regionu.\"<\/li>\n<\/ol>\n<p><strong>Profil Asociace mezin\u00e1rodn\u00edch st\u011bhov\u00e1k\u016f Latinsk\u00e9 Ameriky a Karibiku<\/strong><\/p>\n<p>LACMA byla zalo\u017eena, aby zastupovala z\u00e1jmy sv\u00fdch \u010dlen\u016f a stanovovala a udr\u017eovala standardy slu\u017eeb v oboru. <\/p>\n<p>Jedn\u00e1 se o organizaci FIDI v Latinsk\u00e9 Americe, co\u017e j\u00ed dod\u00e1v\u00e1 ur\u010ditou d\u016fv\u011bryhodnost, nebo\u0165 je FIDI uzn\u00e1v\u00e1na jako reprezentant z\u00e1jm\u016f spole\u010dnost\u00ed p\u0159idru\u017een\u00fdch k FIDI v regionu. <\/p>\n<p>LACMA nab\u00edz\u00ed n\u011bkolik typ\u016f \u010dlenstv\u00ed, v\u010detn\u011b aktivn\u00edho a p\u0159idru\u017een\u00e9ho. \u010clen\u016fm tak\u00e9 poskytuje \u0161irokou \u0161k\u00e1lu e-learningu, informac\u00ed a semin\u00e1\u0159\u016f, kter\u00e9 pom\u00e1haj\u00ed zlep\u0161it znalosti a efektivitu podnik\u00e1n\u00ed - Institut vzd\u011bl\u00e1v\u00e1n\u00ed LACMA byl zalo\u017een v roce 1992 za \u00fa\u010delem lep\u0161\u00edho vzd\u011bl\u00e1v\u00e1n\u00ed \u010dlen\u016f. <\/p>\n<p>\u010clenov\u00e9 tak\u00e9 mohou vyu\u017e\u00edvat ur\u010dit\u00e9 ochrany, jako je program platebn\u00edch z\u00e1ruk, kter\u00fd je ur\u010den na pomoc p\u0159i vym\u00e1h\u00e1n\u00ed dlu\u017en\u00fdch \u010d\u00e1stek od jin\u00fdch \u010dlen\u016f, a program LACMA S.O.S., kter\u00fd poskytuje humanit\u00e1rn\u00ed pomoc \u010dlen\u016fm posti\u017een\u00fdm p\u0159\u00edrodn\u00edmi katastrofami, je\u017e \u010dasto postihuj\u00ed tuto \u010d\u00e1st sv\u011bta.<\/p>\n<p><strong>Krit\u00e9ria pro \u010dlenstv\u00ed:<\/strong><\/p>\n<p><u>Aktivn\u00ed \u010dlenov\u00e9<\/u><\/p>\n<ul>\n<li> Vyplnit p\u0159ihl\u00e1\u0161ku k \u010dlenstv\u00ed na ofici\u00e1ln\u00edm formul\u00e1\u0159i LACMA a poskytnout po\u017eadovan\u00e9 informace, souhlasit s dodr\u017eov\u00e1n\u00edm stanov LACMA a jej\u00edch p\u0159edpis\u016f, etick\u00e9ho kodexu a usnesen\u00ed stanoven\u00fdch spr\u00e1vn\u00ed radou LACMA.<\/li>\n<li> Poskytnout sponzorstv\u00ed p\u011bti (5) aktivn\u00edm \u010dlen\u016fm LACMA.<\/li>\n<li> P\u0159edlo\u017ete \u00fa\u010detn\u00ed z\u00e1v\u011brky za posledn\u00ed dva roky s p\u0159\u00edslu\u0161n\u00fdmi pozn\u00e1mkami.<\/li>\n<li> Poskytn\u011bte firemn\u00ed chartu spole\u010dnosti (po\u017eadov\u00e1na minim\u00e1ln\u011b \u010dty\u0159let\u00e1 \u010dinnost v oblasti <a href=\"https:\/\/moverdb.com\/cs\/stehovani-spolecnosti\/\">mezin\u00e1rodn\u00ed st\u011bhov\u00e1n\u00ed<\/a> pr\u016fmysl).<\/li>\n<li> Zaplatit vstupn\u00ed poplatek, inicia\u010dn\u00ed poplatek PGP a ro\u010dn\u00ed \u010dlensk\u00e9 p\u0159\u00edsp\u011bvky PGP a LACMA po dokon\u010den\u00ed procesu p\u0159ihla\u0161ov\u00e1n\u00ed a schv\u00e1len\u00ed p\u0159ihl\u00e1\u0161ky.<\/li>\n<\/ul>\n<p><u>P\u0159idru\u017een\u00ed \u010dlenov\u00e9<\/u><\/p>\n<ul>\n<li> Vyplnit p\u0159ihl\u00e1\u0161ku k \u010dlenstv\u00ed na ofici\u00e1ln\u00edm formul\u00e1\u0159i LACMA a poskytnout po\u017eadovan\u00e9 informace, souhlasit s dodr\u017eov\u00e1n\u00edm stanov LACMA a jej\u00edch p\u0159edpis\u016f, etick\u00e9ho kodexu a usnesen\u00ed stanoven\u00fdch spr\u00e1vn\u00ed radou LACMA.<\/li>\n<li> Zajistit sponzorstv\u00ed p\u011bti (5) aktivn\u00edch a\/nebo p\u0159idru\u017een\u00fdch \u010dlen\u016f LACMA, z nich\u017e alespo\u0148 dva jsou p\u0159idru\u017een\u00ed \u010dlenov\u00e9.<\/li>\n<li> P\u0159edlo\u017ete \u00fa\u010detn\u00ed z\u00e1v\u011brky za posledn\u00ed dva roky s p\u0159\u00edslu\u0161n\u00fdmi pozn\u00e1mkami.<\/li>\n<li> Poskytnout firemn\u00ed chartu spole\u010dnosti (vy\u017eadov\u00e1na minim\u00e1ln\u011b \u010dty\u0159let\u00e1 \u010dinnost v oblasti vnitropodnikov\u00e9ho st\u011bhov\u00e1n\u00ed).<\/li>\n<li> Zaplatit vstupn\u00ed poplatek, inicia\u010dn\u00ed poplatek PGP, ro\u010dn\u00ed poplatek za \u010dlenstv\u00ed v PGP a LACMA po dokon\u010den\u00ed procesu p\u0159ihla\u0161ov\u00e1n\u00ed a schv\u00e1len\u00ed p\u0159ihl\u00e1\u0161ky.<\/li>\n<\/ul>\n<p><u>P\u0159idru\u017een\u00ed \u010dlenov\u00e9<\/u><\/p>\n<ul>\n<li> Vyplnit p\u0159ihl\u00e1\u0161ku k \u010dlenstv\u00ed na ofici\u00e1ln\u00edm formul\u00e1\u0159i LACMA a poskytnout po\u017eadovan\u00e9 informace, souhlasit s dodr\u017eov\u00e1n\u00edm stanov LACMA a jej\u00edch p\u0159edpis\u016f, etick\u00e9ho kodexu a usnesen\u00ed stanoven\u00fdch spr\u00e1vn\u00ed radou LACMA.<\/li>\n<li> Zajistit sponzorstv\u00ed (2) aktivn\u00edch a\/nebo p\u0159idru\u017een\u00fdch \u010dlen\u016f LACMA.<\/li>\n<li> Zaplatit vstupn\u00ed poplatek a ro\u010dn\u00ed poplatek za \u010dlenstv\u00ed v LACMA po dokon\u010den\u00ed procesu p\u0159ihla\u0161ov\u00e1n\u00ed a schv\u00e1len\u00ed p\u0159ihl\u00e1\u0161ky. Ohledn\u011b citovan\u00fdch poplatk\u016f se obra\u0165te na sekretari\u00e1t LACMA.<\/li>\n<li> P\u0159edlo\u017ete d\u016fkaz, \u017ee nab\u00edzen\u00fd v\u00fdrobek nebo slu\u017eba jsou komer\u010dn\u011b vyu\u017e\u00edv\u00e1ny nejm\u00e9n\u011b jeden rok.<\/li>\n<\/ul>\n<p><strong>Vzorov\u00e9 \u010dlensk\u00e9 spole\u010dnosti<\/strong><\/p>\n<ul>\n<li> <a href=\"https:\/\/moverdb.com\/cs\/aires\/\">Aires<\/a><\/li>\n<li> <a href=\"https:\/\/moverdb.com\/cs\/arpin-international\/\">Arpin International<\/a><\/li>\n<li> <a href=\"https:\/\/moverdb.com\/cs\/atlas-van-lines-international\/\">Atlas Van Lines<\/a><\/li>\n<li> <a href=\"https:\/\/moverdb.com\/cs\/santa-fe-relocation\/\">St\u011bhovac\u00ed slu\u017eby Santa Fe<\/a><\/li>\n<li> <a href=\"https:\/\/moverdb.com\/cs\/sterling-relocation\/\">P\u0159em\u00edst\u011bn\u00ed spole\u010dnosti Sterling<\/a><\/li>\n<li> <a href=\"https:\/\/moverdb.com\/cs\/stevens-worldwide-van-lines\/\">Stevens Worldwide Van Lines<\/a><\/li>\n<li> <a href=\"https:\/\/moverdb.com\/cs\/amj-campbell-van-lines\/\">AMJ Campbell Van Lines<\/a><\/li>\n<li> <a href=\"https:\/\/moverdb.com\/cs\/suddath\/\">Suddath<\/a><\/li>\n<li> <a href=\"https:\/\/moverdb.com\/cs\/dt-pohyblive\/\">DT St\u011bhov\u00e1n\u00ed<\/a><\/li>\n<li> <a href=\"https:\/\/moverdb.com\/cs\/john-mason\/\">John Mason Mezin\u00e1rodn\u00ed Movers<\/a><\/li>\n<li> <a href=\"https:\/\/moverdb.com\/cs\/mudanzas-gou\/\">Mudanzas Gou<\/a><\/li>\n<li> <a href=\"https:\/\/moverdb.com\/cs\/gil-stauffer\/\">Gil Stauffer<\/a><\/li>\n<\/ul>\n<p><strong>N\u00e1zory na LACMA:<\/strong><\/p>\n<p>Podle informac\u00ed na internetu se \u010dlenov\u00e9 LACMA pod\u00edlej\u00ed na 90% st\u011bhov\u00e1n\u00ed do a z regionu Latinsk\u00e9 Ameriky a Karibiku. Uv\u00e1d\u00ed se, \u017ee je jedn\u00edm z nejd\u016fle\u017eit\u011bj\u0161\u00edch <a href=\"https:\/\/moverdb.com\/cs\/organizace-sdruzeni\/\">mezin\u00e1rodn\u00ed st\u011bhov\u00e1n\u00ed &amp; p\u0159epravn\u00ed organizace<\/a>.<\/p>\n<p>St\u011bhov\u00e1n\u00ed zmi\u0148uje LACMA v souvislosti s uji\u0161t\u011bn\u00edm z\u00e1kazn\u00edk\u016f o standardech profesionality a geografick\u00e9m pokryt\u00ed. Jej\u00ed \u010dlenov\u00e9 jsou ozna\u010dov\u00e1ni za jedny z nejlep\u0161\u00edch st\u011bhovac\u00edch firem na sv\u011bt\u011b a podle informac\u00ed na internetu jsou \u010dlenov\u00e9 zastoupeni v n\u00e1sleduj\u00edc\u00edch oblastech: <em>\"Evropa 31%, The <a href=\"https:\/\/moverdb.com\/cs\/moving-to-the-united-states\/\" data-internallinksmanager029f6b8e52c=\"94\" title=\"St\u011bhujete se do Spojen\u00fdch st\u00e1t\u016f? 2022 \u017divotn\u00ed n\u00e1klady a tipy na st\u011bhov\u00e1n\u00ed\">Spojen\u00e9 st\u00e1ty americk\u00e9<\/a> &amp; <a href=\"https:\/\/moverdb.com\/cs\/moving-to-canada\/\" data-internallinksmanager029f6b8e52c=\"265\" title=\"St\u011bhov\u00e1n\u00ed do Kanady? 2026 N\u00e1klady na bydlen\u00ed a tipy na p\u0159est\u011bhov\u00e1n\u00ed\">Kanada<\/a> 26%, Latinsk\u00e1 Amerika a Karibik 28% a <a href=\"https:\/\/moverdb.com\/cs\/moving-to-australia\/living-in-australia\/\" data-internallinksmanager029f6b8e52c=\"240\" title=\"21 tajemstv\u00ed o \u017eivot\u011b v Austr\u00e1lii, kter\u00e1 je t\u0159eba zn\u00e1t p\u0159ed st\u011bhov\u00e1n\u00edm\">Austr\u00e1lie<\/a>, Bl\u00edzk\u00fd a D\u00e1ln\u00fd v\u00fdchod 15%.\"<\/em> <\/p>\n<p>Ti st\u011bhov\u00e1ci, kte\u0159\u00ed na sv\u00fdch webov\u00fdch str\u00e1nk\u00e1ch uv\u00e1d\u011bj\u00ed LACMA, \u010dasto poch\u00e1zej\u00ed mimo region, ale \u010dlenstv\u00edm v t\u00e9to organizaci prokazuj\u00ed sv\u016fj celosv\u011btov\u00fd dosah.<\/p>\n<blockquote><p>LACMA je sdru\u017een\u00ed slo\u017een\u00e9 z nejlep\u0161\u00edch mezin\u00e1rodn\u00edch st\u011bhovac\u00edch spole\u010dnost\u00ed z Latinsk\u00e9 Ameriky a Karibiku, kter\u00e9 zaji\u0161\u0165uje v\u00edce ne\u017e 90 % st\u011bhov\u00e1n\u00ed do a z tohoto regionu.<\/p><\/blockquote>\n<p>- <a href=\"http:\/\/www.brytor.ca\/memberships.php\" target=\"_blank\" rel=\"noopener\">Brytor International Moving<\/a><\/p>\n<blockquote><p>LACMA je sdru\u017een\u00ed, kter\u00e9 zahrnuje nejlep\u0161\u00ed 260 <a href=\"https:\/\/moverdb.com\/cs\/moving-companies\/\" data-internallinksmanager029f6b8e52c=\"79\" title=\"Top 25 Mezin\u00e1rodn\u00ed st\u011bhovac\u00ed spole\u010dnosti Online\">st\u011bhovac\u00ed spole\u010dnosti<\/a> sv\u011bta, p\u0159edev\u0161\u00edm z Latinsk\u00e9 Ameriky a Karibiku. D\u00edky sv\u00e9 presti\u017ei vytv\u00e1\u0159ej\u00ed 90% dovozu a v\u00fdvozu realizovan\u00e9ho v Latinsk\u00e9 Americe.<\/p><\/blockquote>\n<p>- <a href=\"http:\/\/miglobal.com\/miglobal.com\/httpdocs\/affiliations.html\" target=\"_blank\" rel=\"noopener\">Mudanzas Internacionales Global<\/a><\/p>\n<p><strong>Webov\u00e9 str\u00e1nky:<\/strong> <a href=\"http:\/\/www.lacmassoc.org\/\" target=\"_blank\" rel=\"noopener\">http:\/\/www.lacmassoc.org\/<\/a><\/p>","protected":false},"excerpt":{"rendered":"<p>The Latin American and Caribbean International Movers Association (LACIMA) represents a collection of moving and relocation companies with a view to encouraging integration of locally based businesses, as well as others across the world. Key facts about LACMA: a Membership of LACMA is open to moving and relocation companies from Latin America and the rest [&hellip;]<\/p>\n","protected":false},"author":1,"featured_media":0,"parent":0,"menu_order":0,"comment_status":"closed","ping_status":"closed","template":"","meta":{"_genesis_hide_title":false,"_genesis_hide_breadcrumbs":false,"_genesis_hide_singular_image":false,"_genesis_hide_footer_widgets":false,"_genesis_custom_body_class":"","_genesis_custom_post_class":"","_genesis_layout":"","footnotes":""},"class_list":{"0":"post-439","1":"page","2":"type-page","3":"status-publish","5":"entry"},"_links":{"self":[{"href":"https:\/\/moverdb.com\/cs\/wp-json\/wp\/v2\/pages\/439","targetHints":{"allow":["GET"]}}],"collection":[{"href":"https:\/\/moverdb.com\/cs\/wp-json\/wp\/v2\/pages"}],"about":[{"href":"https:\/\/moverdb.com\/cs\/wp-json\/wp\/v2\/types\/page"}],"author":[{"embeddable":true,"href":"https:\/\/moverdb.com\/cs\/wp-json\/wp\/v2\/users\/1"}],"replies":[{"embeddable":true,"href":"https:\/\/moverdb.com\/cs\/wp-json\/wp\/v2\/comments?post=439"}],"version-history":[{"count":21,"href":"https:\/\/moverdb.com\/cs\/wp-json\/wp\/v2\/pages\/439\/revisions"}],"predecessor-version":[{"id":13169,"href":"https:\/\/moverdb.com\/cs\/wp-json\/wp\/v2\/pages\/439\/revisions\/13169"}],"wp:attachment":[{"href":"https:\/\/moverdb.com\/cs\/wp-json\/wp\/v2\/media?parent=439"}],"curies":[{"name":"wp","href":"https:\/\/api.w.org\/{rel}","templated":true}]}}