{"id":438,"date":"2016-06-12T15:34:55","date_gmt":"2016-06-12T15:34:55","guid":{"rendered":"http:\/\/moverdb.com\/?page_id=438"},"modified":"2026-01-08T15:20:25","modified_gmt":"2026-01-08T15:20:25","slug":"ncbfaa","status":"publish","type":"page","link":"https:\/\/moverdb.com\/cs\/ncbfaa\/","title":{"rendered":"N\u00e1rodn\u00ed asociace americk\u00fdch celn\u00edch makl\u00e9\u0159\u016f a spedit\u00e9r\u016f (NCBFAA)"},"content":{"rendered":"<p>N\u00e1rodn\u00ed asociace americk\u00fdch celn\u00edch makl\u00e9\u0159\u016f a spedit\u00e9r\u016f (National Customs Brokers &amp; Forwarders Association of America, NCBFAA) je pova\u017eov\u00e1na za hlas dopravn\u00edho logistick\u00e9ho pr\u016fmyslu v Americe. <\/p>\n<p>Je to organizace, kter\u00e1 se neust\u00e1le sna\u017e\u00ed zastupovat sv\u00e9 \u010dleny a odv\u011btv\u00ed na pr\u00e1vn\u00ed a regula\u010dn\u00ed \u00farovni.<\/p>\n<p><strong>Kl\u00ed\u010dov\u00e1 fakta o NCBFAA:<\/strong><\/p>\n<ol>\n<li>  NCBFAA zastupuje v\u00edce ne\u017e 970 \u010dlensk\u00fdch spole\u010dnost\u00ed se 110 000 zam\u011bstnanci v mezin\u00e1rodn\u00edm obchod\u011b.<\/li>\n<li>  NCBFAA byla zalo\u017eena v roce 1897 v <a href=\"https:\/\/moverdb.com\/cs\/stehovani-do-nc\/\">New York<\/a>.<\/li>\n<li>  Mezi \u010dleny NCBFAA pat\u0159\u00ed <a href=\"https:\/\/moverdb.com\/cs\/spedice\/\">spedit\u00e9ry<\/a>, celn\u00ed makl\u00e9\u0159i, zprost\u0159edkovatel\u00e9 n\u00e1mo\u0159n\u00ed p\u0159epravy, NVOCC a agenti pro leteckou p\u0159epravu, kte\u0159\u00ed obsluhuj\u00ed v\u00edce ne\u017e 250 000 dovozc\u016f a v\u00fdvozc\u016f.<\/li>\n<li>  \u010cleny NCBFAA jsou v\u00fdhradn\u011b americk\u00e9 podniky, krom\u011b p\u0159idru\u017een\u00fdch \u010dlen\u016f.<\/li>\n<li>  NCBFAA m\u00e1 n\u011bkolik z\u00e1kladn\u00edch typ\u016f \u010dlenstv\u00ed: \u0158\u00e1dn\u00e9 (licencovan\u00ed celn\u00ed zprost\u0159edkovatel\u00e9, licencovan\u00ed n\u00e1mo\u0159n\u00ed spedit\u00e9\u0159i, mezin\u00e1rodn\u00ed lete\u010dt\u00ed n\u00e1kladn\u00ed agenti a spole\u010dn\u00ed dopravci, kte\u0159\u00ed neprovozuj\u00ed plavidla v Americe), p\u0159idru\u017een\u00e9 (podnikaj\u00edc\u00ed jako dodavatel\u00e9 nebo prodejci slu\u017eeb souvisej\u00edc\u00edch s dopravou, mezin\u00e1rodn\u00edch obchodn\u00edch slu\u017eeb nebo produkt\u016f specifick\u00fdch pro funkce v r\u00e1mci mezin\u00e1rodn\u00edho obchodu), p\u0159idru\u017een\u00e9 (celn\u00ed zprost\u0159edkovatel\u00e9 a\/nebo mezin\u00e1rodn\u00ed lete\u010dt\u00ed dopravci), p\u0159idru\u017een\u00e9 (celn\u00ed zprost\u0159edkovatel\u00e9 a\/nebo mezin\u00e1rodn\u00ed lete\u010dt\u00ed <a href=\"https:\/\/moverdb.com\/cs\/freight-forwarder\/\" data-internallinksmanager029f6b8e52c=\"17\" title=\"Mezin\u00e1rodn\u00ed spedice a NVOCC Pr\u016fvodce n\u00e1klady a spole\u010dnostmi\">spedice<\/a> se s\u00eddlem mimo Ameriku).<\/li>\n<li>  NCBFAA m\u00e1 s\u00eddlo v <a href=\"https:\/\/moverdb.com\/cs\/stehovani-do-washingtonu-dc\/\">Washington<\/a>.<\/li>\n<li>  Hlavn\u00edm \u00fakolem NCBFAA je pe\u010dliv\u011b sledovat legislativn\u00ed a regula\u010dn\u00ed ot\u00e1zky, kter\u00e9 se t\u00fdkaj\u00ed \u010dlen\u016f, a informovat o nich \u010dleny.<\/li>\n<li>  NCBFAA se pova\u017euje za \u00fa\u010dinn\u00fd n\u00e1rodn\u00ed hlas tohoto odv\u011btv\u00ed.<\/li>\n<\/ol>\n<p><strong>Profil N\u00e1rodn\u00ed asociace celn\u00edch makl\u00e9\u0159\u016f a spedit\u00e9r\u016f Ameriky<\/strong><\/p>\n<p>NCBFAA hraje d\u016fle\u017eitou roli p\u0159i zastupov\u00e1n\u00ed \u010dlen\u016f logistick\u00e9ho pr\u016fmyslu v Americe. Zapojuje se do diskus\u00ed o ot\u00e1zk\u00e1ch, kter\u00e9 maj\u00ed vliv na toto odv\u011btv\u00ed, nap\u0159\u00edklad o celn\u00ed legislativ\u011b, a lobbuje v Kongresu, aby prosazovala a chr\u00e1nila pr\u00e1va a z\u00e1jmy sv\u00fdch \u010dlen\u016f. <\/p>\n<p>NCBFAA byla kdysi zn\u00e1m\u00e1 jako Baltimorsk\u00e1 asociace celn\u00edch makl\u00e9\u0159\u016f a spedit\u00e9r\u016f a vznikla jako oborov\u00e1 organizace propaguj\u00edc\u00ed a vzd\u011bl\u00e1vaj\u00edc\u00ed <a href=\"https:\/\/moverdb.com\/cs\/top-49-container-ports\/\" data-internallinksmanager029f6b8e52c=\"80\" title=\"49 nejv\u011bt\u0161\u00edch a nejru\u0161n\u011bj\u0161\u00edch kontejnerov\u00fdch p\u0159\u00edstav\u016f v roce 2025\">P\u0159\u00edstav<\/a> z Baltimoru. <\/p>\n<p>V roce 1983 se organizace p\u0159ejmenovala na NCBFAA, \"aby l\u00e9pe odr\u00e1\u017eela novou a \u0161ir\u0161\u00ed p\u016fsobnost\". NCBFAA je neziskov\u00e1 organizace, jej\u00edm\u017e c\u00edlem bylo prosazovat z\u00e1jmy sv\u00fdch \u010dlen\u016f - a prosazovat jejich c\u00edle - jak na spot\u0159ebitelsk\u00e9m trhu, tak v centru pozornosti vl\u00e1dy.<\/p>\n<p><strong>Krit\u00e9ria pro \u010dlenstv\u00ed:<\/strong><\/p>\n<p>Podle stanov NCBFAA mus\u00ed v\u0161ichni \u017eadatel\u00e9 o \u0159\u00e1dn\u00e9 \u010dlenstv\u00ed: <\/p>\n<blockquote><p>... navrhne jeden \u0159\u00e1dn\u00fd \u010dlen a podpo\u0159\u00ed ho jin\u00fd \u0159\u00e1dn\u00fd \u010dlen na formul\u00e1\u0159i k tomu ur\u010den\u00e9m, kter\u00fd obsahuje jm\u00e9no, adresu a povol\u00e1n\u00ed \u017eadatele a jm\u00e9na \u0159\u00e1dn\u00fdch \u010dlen\u016f, kte\u0159\u00ed \u017e\u00e1dost navrhuj\u00ed a podporuj\u00ed. Povinnost\u00ed navrhuj\u00edc\u00edch a podporuj\u00edc\u00edch poslanc\u016f je poskytnout informace o postaven\u00ed a povaze \u017eadatele.<\/p><\/blockquote>\n<p>Je t\u0159eba zaplatit p\u0159\u00edsp\u011bvky, vyplnit formul\u00e1\u0159 a potenci\u00e1ln\u00ed \u010dlenov\u00e9 mus\u00ed prok\u00e1zat, \u017ee spadaj\u00ed do jedn\u00e9 z \u010dlensk\u00fdch kategori\u00ed, nap\u0159.<\/p>\n<ul>\n<li> Celn\u00ed makl\u00e9\u0159 - \u010d\u00edslo licence makl\u00e9\u0159e<\/li>\n<li> OTI - \u010c\u00edslo licence FMC<\/li>\n<li> Mezin\u00e1rodn\u00ed leteck\u00e1 spedice\/leteck\u00fd n\u00e1kladn\u00ed agent: CNS\/<a href=\"https:\/\/moverdb.com\/cs\/iata\/\">IATA<\/a> Registra\u010dn\u00ed \u010d\u00edslo<\/li>\n<li> NVOCC: \u010c\u00edslo dluhopisu FMC<\/li>\n<\/ul>\n<p><strong>N\u00e1zory na NCBFAA<\/strong><\/p>\n<p>NCBFAA nen\u00ed na webov\u00fdch str\u00e1nk\u00e1ch jednotliv\u00fdch podnik\u016f uv\u00e1d\u011bna p\u0159\u00edli\u0161 \u010dasto. \u010cast\u011bji je v\u0161ak uv\u00e1d\u011bna jako zdroj informac\u00ed a u\u017eite\u010dn\u00fdch \u00fadaj\u016f o speditorech a pro speditory. <\/p>\n<p>Na \u0159ad\u011b internetov\u00fdch str\u00e1nek se rovn\u011b\u017e objevuj\u00ed standardn\u00ed podm\u00ednky vypracovan\u00e9 NCBFAA - s upozorn\u011bn\u00edm, \u017ee byly zp\u0159\u00edstupn\u011bny \u010dlen\u016fm a NCBFAA za n\u011b nenese \u017e\u00e1dnou pr\u00e1vn\u00ed odpov\u011bdnost. <\/p>\n<p>To by znamenalo, \u017ee sdru\u017een\u00ed nab\u00edz\u00ed sv\u00fdm \u010dlen\u016fm datab\u00e1zi dokument\u016f a tak\u00e9 informace a poradenstv\u00ed. V\u00fdro\u010dn\u00ed konference je tak\u00e9 zjevn\u011b v\u00fdznamnou ud\u00e1lost\u00ed a je o n\u00ed zm\u00ednka na str\u00e1nk\u00e1ch <a href=\"https:\/\/www.cbp.gov\/newsroom\/speeches-and-statements\/2016-04-20-000000\/commissioner-kerlikowske%E2%80%99s-remarks-national\" target=\"_blank\" rel=\"noopener\">Webov\u00e9 str\u00e1nky Celn\u00ed a pohrani\u010dn\u00ed ochrany USA<\/a>.<\/p>\n<blockquote><p>NCBFAA je \u00fa\u010dinn\u00fdm n\u00e1rodn\u00edm hlasem tohoto odv\u011btv\u00ed. Prost\u0159ednictv\u00edm r\u016fzn\u00fdch v\u00fdbor\u016f, poradc\u016f a z\u00e1stupc\u016f asociace bedliv\u011b sleduje legislativn\u00ed a regula\u010dn\u00ed ot\u00e1zky, kter\u00e9 maj\u00ed vliv na jej\u00ed \u010dleny.<\/p><\/blockquote>\n<p>- <a href=\"http:\/\/www.shipuwl.com\/member-of-national-customs-brokers-forwarders-association-of-america-inc-ncbfaa\/\" target=\"_blank\" rel=\"noopener\">UWL<\/a><\/p>\n<blockquote><p>Agentura bedliv\u011b sleduje legislativn\u00ed a regula\u010dn\u00ed ot\u00e1zky, kter\u00e9 maj\u00ed dopad na jej\u00ed \u010dleny...<\/p><\/blockquote>\n<p>- <a href=\"http:\/\/www.bdpinternational.com\/news-advisories-events\/trend-watch\/bdp-international-joins-the-national-customs-brokers-forwarders-association-of-america-inc\/\" target=\"_blank\" rel=\"noopener\">BDP International<\/a><\/p>\n<p><strong>Dal\u0161\u00ed informace:<\/strong> <a href=\"https:\/\/moverdb.com\/cs\/spedice\/\">Mezin\u00e1rodn\u00ed spedice a NVOCC Pr\u016fvodce n\u00e1klady a spole\u010dnostmi<\/a> <\/p>\n<p><strong>Webov\u00e9 str\u00e1nky:<\/strong> <a href=\"http:\/\/www.ncbfaa.org\/\" target=\"_blank\" rel=\"noopener\">http:\/\/www.ncbfaa.org\/<\/a><\/p>","protected":false},"excerpt":{"rendered":"<p>The National Customs Brokers &#038; Forwarders Association of America (NCBFAA) is viewed as the voice of the transportation logistics industry in America. It is an organisation that constantly works to represent its members and sector, on a legal and regulatory level. Key facts about NCBFAA: The NCBFAA represents more than 970 member companies, with 110,000 [&hellip;]<\/p>\n","protected":false},"author":1,"featured_media":0,"parent":0,"menu_order":0,"comment_status":"closed","ping_status":"closed","template":"","meta":{"_genesis_hide_title":false,"_genesis_hide_breadcrumbs":false,"_genesis_hide_singular_image":false,"_genesis_hide_footer_widgets":false,"_genesis_custom_body_class":"","_genesis_custom_post_class":"","_genesis_layout":"","footnotes":""},"class_list":{"0":"post-438","1":"page","2":"type-page","3":"status-publish","5":"entry"},"_links":{"self":[{"href":"https:\/\/moverdb.com\/cs\/wp-json\/wp\/v2\/pages\/438","targetHints":{"allow":["GET"]}}],"collection":[{"href":"https:\/\/moverdb.com\/cs\/wp-json\/wp\/v2\/pages"}],"about":[{"href":"https:\/\/moverdb.com\/cs\/wp-json\/wp\/v2\/types\/page"}],"author":[{"embeddable":true,"href":"https:\/\/moverdb.com\/cs\/wp-json\/wp\/v2\/users\/1"}],"replies":[{"embeddable":true,"href":"https:\/\/moverdb.com\/cs\/wp-json\/wp\/v2\/comments?post=438"}],"version-history":[{"count":8,"href":"https:\/\/moverdb.com\/cs\/wp-json\/wp\/v2\/pages\/438\/revisions"}],"predecessor-version":[{"id":6223,"href":"https:\/\/moverdb.com\/cs\/wp-json\/wp\/v2\/pages\/438\/revisions\/6223"}],"wp:attachment":[{"href":"https:\/\/moverdb.com\/cs\/wp-json\/wp\/v2\/media?parent=438"}],"curies":[{"name":"wp","href":"https:\/\/api.w.org\/{rel}","templated":true}]}}