{"id":437,"date":"2016-06-12T15:02:39","date_gmt":"2016-06-12T15:02:39","guid":{"rendered":"http:\/\/moverdb.com\/?page_id=437"},"modified":"2026-01-08T13:18:34","modified_gmt":"2026-01-08T13:18:34","slug":"hgfaa","status":"publish","type":"page","link":"https:\/\/moverdb.com\/cs\/hgfaa\/","title":{"rendered":"Vysv\u011btlen\u00ed Asociace americk\u00fdch spedit\u00e9r\u016f zbo\u017e\u00ed pro dom\u00e1cnost (HGFAA)"},"content":{"rendered":"<p>Asociace americk\u00fdch spedit\u00e9r\u016f zbo\u017e\u00ed pro dom\u00e1cnost (HGFAA) se ozna\u010duje za celosv\u011btov\u00e9 sdru\u017een\u00ed st\u011bhovac\u00edch firem, kter\u00e9 se sna\u017e\u00ed zajistit, aby z\u00e1kazn\u00edci b\u011bhem st\u011bhov\u00e1n\u00ed dostali ty nejlep\u0161\u00ed mo\u017en\u00e9 slu\u017eby. Nyn\u00ed ji nahradila asociace <a href=\"https:\/\/moverdb.com\/cs\/iam\/\">Mezin\u00e1rodn\u00ed asociace st\u011bhov\u00e1k\u016f<\/a> (<a href=\"https:\/\/moverdb.com\/cs\/iam\/\" data-internallinksmanager029f6b8e52c=\"23\" title=\"Vysv\u011btlen\u00ed Mezin\u00e1rodn\u00ed asociace st\u011bhov\u00e1k\u016f (IAM)\">IAM<\/a>), a\u010dkoli n\u011bkolik st\u011bhovac\u00edch spole\u010dnost\u00ed ji st\u00e1le uv\u00e1d\u00ed na sv\u00fdch webov\u00fdch str\u00e1nk\u00e1ch. <\/p>\n<p><strong>Kl\u00ed\u010dov\u00e1 fakta o HGFAA:<\/strong><\/p>\n<ol>\n<li>  HGFAA m\u00e1 celosv\u011btovou \u010dlenskou z\u00e1kladnu \u010d\u00edtaj\u00edc\u00ed v\u00edce ne\u017e 1800 spole\u010dnost\u00ed.<\/li>\n<li>  HGFAA je celosv\u011btov\u00e1 organizace s \u010dleny z v\u00edce ne\u017e 160 zem\u00ed a \u00fazem\u00ed.<\/li>\n<li>  Portal je oborov\u00fd \u010dasopis asociace.<\/li>\n<li>  Asociace zastupuje st\u011bhovac\u00ed pr\u016fmysl v <a href=\"https:\/\/moverdb.com\/cs\/moving-to-the-united-states\/\" data-internallinksmanager029f6b8e52c=\"94\" title=\"St\u011bhujete se do Spojen\u00fdch st\u00e1t\u016f? 2022 \u017divotn\u00ed n\u00e1klady a tipy na st\u011bhov\u00e1n\u00ed\">Spojen\u00e9 st\u00e1ty americk\u00e9<\/a>.<\/li>\n<li>  HGFAA je zn\u00e1m\u00e1 svou komunika\u010dn\u00ed s\u00edt\u00ed a \u0161kol\u00edc\u00edm za\u0159\u00edzen\u00edm.<\/li>\n<\/ol>\n<p><strong>Profil Asociace americk\u00fdch spedit\u00e9r\u016f zbo\u017e\u00ed pro dom\u00e1cnost:<\/strong><\/p>\n<p>HGFAA se zam\u011b\u0159uje na spot\u0159ebitele a poskytuje datab\u00e1zi spolehliv\u00fdch st\u011bhov\u00e1k\u016f, kte\u0159\u00ed mohou pomoci se st\u011bhov\u00e1n\u00edm kdekoli na sv\u011bt\u011b. Jej\u00edm c\u00edlem je umo\u017enit vysokou \u00farove\u0148 slu\u017eeb a zajistit, aby spot\u0159ebitel\u00e9 m\u011bli k dispozici v\u0161echny informace, kter\u00e9 pot\u0159ebuj\u00ed ke st\u011bhov\u00e1n\u00ed, od organizace dne st\u011bhov\u00e1n\u00ed a\u017e po st\u011bhov\u00e1n\u00ed a zdravotn\u00ed p\u00e9\u010di. <\/p>\n<p>HGFAA vyd\u00e1v\u00e1 vlastn\u00ed oborov\u00fd \u010dasopis Portal, kter\u00fd vych\u00e1z\u00ed \u0161estkr\u00e1t ro\u010dn\u011b. Na jej\u00edch internetov\u00fdch str\u00e1nk\u00e1ch naleznete mno\u017estv\u00ed odkaz\u016f na zaj\u00edmav\u00e1 t\u00e9mata pro pr\u016fmysl i spot\u0159ebitele, jako jsou diety, cestov\u00e1n\u00ed a doprava a st\u011bhov\u00e1n\u00ed s dom\u00e1c\u00edmi zv\u00ed\u0159aty.<\/p>\n<p><strong>Krit\u00e9ria pro \u010dlenstv\u00ed:<\/strong><\/p>\n<p>HGFAA nab\u00edz\u00ed ke sta\u017een\u00ed formul\u00e1\u0159 pro \u010dlenstv\u00ed, kter\u00fd v\u0161ak v sou\u010dasn\u00e9 dob\u011b nen\u00ed p\u0159\u00edstupn\u00fd prost\u0159ednictv\u00edm webov\u00fdch str\u00e1nek. Na webov\u00fdch str\u00e1nk\u00e1ch nejsou uvedeny \u017e\u00e1dn\u00e9 podm\u00ednky \u010dlenstv\u00ed.<\/p>\n<p><strong>Vzorov\u00e9 \u010dlensk\u00e9 spole\u010dnosti<\/strong><\/p>\n<ul>\n<li> <a href=\"https:\/\/moverdb.com\/cs\/atlas-van-lines-international\/\">Atlas Van Lines<\/a><\/li>\n<li> <a href=\"https:\/\/moverdb.com\/cs\/eagle-relocations\/\">P\u0159est\u011bhov\u00e1n\u00ed spole\u010dnosti Eagle<\/a><\/li>\n<li> <a href=\"https:\/\/moverdb.com\/cs\/excess-international-movers\/\">Nadm\u011brn\u00e9 mezin\u00e1rodn\u00ed st\u011bhov\u00e1n\u00ed<\/a><\/li>\n<li> <a href=\"https:\/\/moverdb.com\/cs\/fn-removals\/\">F&amp;N Worldwide Removals<\/a><\/li>\n<li> <a href=\"https:\/\/moverdb.com\/cs\/mudanzas-gou\/\">Mudanzas Gou<\/a><\/li>\n<\/ul>\n<p><strong>N\u00e1zory na HGFAA:<\/strong><\/p>\n<p>HGFAA nem\u00e1 na internetu velk\u00fd profil a nen\u00ed uvedena na mnoha webov\u00fdch str\u00e1nk\u00e1ch st\u011bhovac\u00edch spole\u010dnost\u00ed. Online n\u00e1zory na asociaci HGFAA od t\u011bch st\u011bhov\u00e1k\u016f, kte\u0159\u00ed ji na sv\u00fdch webov\u00fdch str\u00e1nk\u00e1ch uv\u00e1d\u011bj\u00ed, se zam\u011b\u0159uj\u00ed na glob\u00e1ln\u00ed charakter asociace a jej\u00ed z\u00e1vazek k vysok\u00fdm standard\u016fm slu\u017eeb.<\/p>\n<p><a href=\"http:\/\/www.bloomberg.com\/profiles\/companies\/0774891D:US-household-goods-forwarders-association-of-america\" target=\"_blank\" rel=\"noopener\">Agentura Bloomberg se zam\u011b\u0159uje na<\/a> na jeho reprezentaci odv\u011btv\u00ed, na tom, \u017ee funguje jako komunika\u010dn\u00ed s\u00ed\u0165 a \u0161kolic\u00ed st\u0159edisko, a na bohat\u00e9 nab\u00eddce \u0161kolen\u00ed, zdroj\u016f, publikac\u00ed a referen\u010dn\u00edch slu\u017eeb.<\/p>\n<blockquote><p>HHGFAA je celosv\u011btov\u00e9 sdru\u017een\u00ed spedit\u00e9r\u016f a st\u011bhov\u00e1k\u016f, jeho\u017e c\u00edlem je poskytovat z\u00e1kazn\u00edk\u016fm slu\u017eby na nejvy\u0161\u0161\u00ed mo\u017en\u00e9 \u00farovni.<\/p><\/blockquote>\n<p>- <a href=\"http:\/\/www.amjbc.ca\/international-moving-services\/\" target=\"_blank\" rel=\"noopener\">AMJ Campbell Worldwide Relocations<\/a><\/p>\n<p><strong>Webov\u00e9 str\u00e1nky:<\/strong> <a href=\"http:\/\/www.hhgfaa.org\/\" target=\"_blank\" rel=\"noopener\">http:\/\/www.hhgfaa.org\/<\/a><\/p>","protected":false},"excerpt":{"rendered":"<p>The Household Goods Forwarders Association of America (HGFAA) describes itself as a global association of movers who are committed to ensuring that customers receive the best possible service during their move. It has now been replaced by the International Association of Movers (IAM), although several movers still list it on their websites. Key facts about [&hellip;]<\/p>\n","protected":false},"author":1,"featured_media":0,"parent":0,"menu_order":0,"comment_status":"closed","ping_status":"closed","template":"","meta":{"_genesis_hide_title":false,"_genesis_hide_breadcrumbs":false,"_genesis_hide_singular_image":false,"_genesis_hide_footer_widgets":false,"_genesis_custom_body_class":"","_genesis_custom_post_class":"","_genesis_layout":"","footnotes":""},"class_list":{"0":"post-437","1":"page","2":"type-page","3":"status-publish","5":"entry"},"_links":{"self":[{"href":"https:\/\/moverdb.com\/cs\/wp-json\/wp\/v2\/pages\/437","targetHints":{"allow":["GET"]}}],"collection":[{"href":"https:\/\/moverdb.com\/cs\/wp-json\/wp\/v2\/pages"}],"about":[{"href":"https:\/\/moverdb.com\/cs\/wp-json\/wp\/v2\/types\/page"}],"author":[{"embeddable":true,"href":"https:\/\/moverdb.com\/cs\/wp-json\/wp\/v2\/users\/1"}],"replies":[{"embeddable":true,"href":"https:\/\/moverdb.com\/cs\/wp-json\/wp\/v2\/comments?post=437"}],"version-history":[{"count":12,"href":"https:\/\/moverdb.com\/cs\/wp-json\/wp\/v2\/pages\/437\/revisions"}],"predecessor-version":[{"id":6221,"href":"https:\/\/moverdb.com\/cs\/wp-json\/wp\/v2\/pages\/437\/revisions\/6221"}],"wp:attachment":[{"href":"https:\/\/moverdb.com\/cs\/wp-json\/wp\/v2\/media?parent=437"}],"curies":[{"name":"wp","href":"https:\/\/api.w.org\/{rel}","templated":true}]}}