{"id":436,"date":"2016-06-12T14:04:20","date_gmt":"2016-06-12T14:04:20","guid":{"rendered":"http:\/\/moverdb.com\/?page_id=436"},"modified":"2026-01-08T14:47:42","modified_gmt":"2026-01-08T14:47:42","slug":"aima","status":"publish","type":"page","link":"https:\/\/moverdb.com\/cs\/aima\/","title":{"rendered":"Vysv\u011btlen\u00ed australsk\u00e9 asociace mezin\u00e1rodn\u00edch st\u011bhov\u00e1k\u016f (AIMA)"},"content":{"rendered":"<p>Australsk\u00e1 asociace mezin\u00e1rodn\u00edch st\u011bhov\u00e1k\u016f (AIMA) se ozna\u010duje za profesn\u00ed f\u00f3rum pro. <a href=\"https:\/\/moverdb.com\/cs\/international-removals\/\" data-internallinksmanager029f6b8e52c=\"27\" title=\"36 nejlep\u0161\u00edch mezin\u00e1rodn\u00edch st\u011bhovac\u00edch spole\u010dnost\u00ed ve Velk\u00e9 Brit\u00e1nii\">mezin\u00e1rodn\u00ed st\u011bhov\u00e1n\u00ed<\/a> pr\u016fmysl. \u010clenov\u00e9 mus\u00ed b\u00fdt dr\u017eiteli <a href=\"https:\/\/moverdb.com\/cs\/fidi-faim\/\">FIDI\/FAIM<\/a> nebo spl\u0148ovat p\u0159\u00edsn\u00e1 krit\u00e9ria \u010dlenstv\u00ed, v\u010detn\u011b po\u017eadavk\u016f na finan\u010dn\u00ed bez\u00fahonnost.<\/p>\n<p><strong>Kl\u00ed\u010dov\u00e1 fakta o spole\u010dnosti AIMA:<\/strong><\/p>\n<ol>\n<li>  Byla zalo\u017eena v roce 1975.<\/li>\n<li>  M\u00e1 p\u0159ibli\u017en\u011b 60 \u010dlen\u016f v <a href=\"https:\/\/moverdb.com\/cs\/moving-to-australia\/living-in-australia\/\" data-internallinksmanager029f6b8e52c=\"240\" title=\"21 tajemstv\u00ed o \u017eivot\u011b v Austr\u00e1lii, kter\u00e1 je t\u0159eba zn\u00e1t p\u0159ed st\u011bhov\u00e1n\u00edm\">Austr\u00e1lie<\/a>.<\/li>\n<li>  AIMA zastupuje st\u011bhovac\u00ed pr\u016fmysl v Austr\u00e1lii a nep\u0159il\u00e1k\u00e1 \u010dleny ze zahrani\u010d\u00ed. Zast\u0159e\u0161uje v\u0161ak australsk\u00e9 spole\u010dnosti, kter\u00e9 se zab\u00fdvaj\u00ed <a href=\"https:\/\/moverdb.com\/cs\/stehovani-spolecnosti\/\">mezin\u00e1rodn\u00ed st\u011bhov\u00e1n\u00ed<\/a>.<\/li>\n<li>  Je uzn\u00e1v\u00e1n jako <a href=\"https:\/\/moverdb.com\/cs\/fidi-faim\/\" data-internallinksmanager029f6b8e52c=\"16\" title=\"Vysv\u011btlen\u00ed FIDI a FAIM (FIDI Accredited International Mover)\">FIDI<\/a> Asociace v Austr\u00e1lii.<\/li>\n<li>  \u010clenov\u00e9 nemus\u00ed b\u00fdt dr\u017eiteli certifik\u00e1t\u016f FIDI\/FAIM, aby se mohli p\u0159ipojit.<\/li>\n<li>  AIMA zastupuje p\u0159idru\u017een\u00e9 organizace FIDI <a href=\"https:\/\/moverdb.com\/cs\/moving-companies\/australia-moving-companies\/\" data-internallinksmanager029f6b8e52c=\"176\" title=\"17 Nejlep\u0161\u00ed mezin\u00e1rodn\u00ed st\u011bhovac\u00ed spole\u010dnosti v Austr\u00e1lii\">st\u011bhov\u00e1n\u00ed v Austr\u00e1lii<\/a> jako \"Sdru\u017een\u00ed FIDI\" a vys\u00edl\u00e1 deleg\u00e1ty na ka\u017edoro\u010dn\u00ed kongres a valn\u00e9 shrom\u00e1\u017ed\u011bn\u00ed FIDI.<\/li>\n<\/ol>\n<p><strong>Profil Australsk\u00e9 asociace mezin\u00e1rodn\u00edch st\u011bhov\u00e1k\u016f:<\/strong><\/p>\n<p>Posl\u00e1n\u00edm AIMA je umo\u017enit australsk\u00e9mu st\u011bhovac\u00edmu pr\u016fmyslu, aby se \u0159\u00eddil s\u00e1m, zlep\u0161oval sv\u00e9 slu\u017eby, zaji\u0161\u0165oval z\u00e1kazn\u00edk\u016fm lep\u0161\u00ed slu\u017eby, chr\u00e1nil ve\u0159ejn\u00e9 z\u00e1jmy a umo\u017enil tomuto odv\u011btv\u00ed jednat s vl\u00e1dou jako jeden celek. <\/p>\n<p>AIMA rovn\u011b\u017e poskytuje nez\u00e1visl\u00fd soud pro spory. Je uznanou asociac\u00ed FIDI v Austr\u00e1lii, co\u017e znamen\u00e1, \u017ee st\u011bhov\u00e1ci s FIDI\/FAIM maj\u00ed automaticky n\u00e1rok na \u010dlenstv\u00ed v AIMA. Australsk\u00e9 str\u00e1nky <a href=\"https:\/\/moverdb.com\/cs\/moving-companies\/\" data-internallinksmanager029f6b8e52c=\"79\" title=\"Top 25 Mezin\u00e1rodn\u00ed st\u011bhovac\u00ed spole\u010dnosti Online\">st\u011bhovac\u00ed spole\u010dnosti<\/a> bez FAIM mohou b\u00fdt st\u00e1le \u010dleny AIMA, ale mus\u00ed spl\u0148ovat krit\u00e9ria, kter\u00e1 hodnot\u00ed jejich odborn\u00e9 znalosti, zdroje, zku\u0161enosti a finan\u010dn\u00ed situaci. <\/p>\n<p>Soudn\u00ed \u0159\u00edzen\u00ed o sporech AIMA je z\u00e1vazn\u00e9 pouze pro \u010dleny AIMA.<\/p>\n<p><strong>Krit\u00e9ria pro \u010dlenstv\u00ed:<\/strong><\/p>\n<p>P\u0159\u00edsn\u00e1 krit\u00e9ria \u010dlenstv\u00ed v AIMA zahrnuj\u00ed ov\u011b\u0159en\u00ed provozn\u00edch schopnost\u00ed a finan\u010dn\u00ed integrity. Podrobnosti o t\u011bchto krit\u00e9ri\u00edch nejsou na webov\u00fdch str\u00e1nk\u00e1ch zve\u0159ejn\u011bny.<\/p>\n<p>Spole\u010dnosti, kter\u00e9 ji\u017e jsou \u010dleny FIDI\/FAIM, maj\u00ed na \u010dlenstv\u00ed n\u00e1rok automaticky.<\/p>\n<p><strong>\u010clensk\u00e9 spole\u010dnosti<\/strong><\/p>\n<ul>\n<li> <a href=\"https:\/\/moverdb.com\/cs\/conroy-removals\/\">Conroy Removals<\/a><\/li>\n<\/ul>\n<p><strong>N\u00e1zory na spole\u010dnost AIMA:<\/strong><\/p>\n<p>AIMA je pova\u017eov\u00e1na za jednu z mnoha organizac\u00ed zab\u00fdvaj\u00edc\u00edch se mezin\u00e1rodn\u00edm st\u011bhov\u00e1n\u00edm, kter\u00e1 nab\u00edz\u00ed jistotu, \u017ee st\u011bhov\u00e1n\u00ed bude provedeno podle nejvy\u0161\u0161\u00edch mo\u017en\u00fdch standard\u016f. Je to z\u00e1ruka, \u017ee st\u011bhovac\u00ed firma m\u00e1 p\u0159\u00edslu\u0161nou kvalifikaci a je na v\u00fd\u0161i s t\u00edm, co je pova\u017eov\u00e1no za nejlep\u0161\u00ed m\u00edstn\u00ed praxi. <\/p>\n<p>\u0158ada podnik\u016f uv\u00e1d\u00ed AIMA na sv\u00fdch webov\u00fdch str\u00e1nk\u00e1ch jako mezin\u00e1rodn\u00ed akreditaci, kter\u00e1 je zn\u00e1mkou kvality vedle jin\u00fdch akreditac\u00ed, jako je FIDI. Dosah AIMA je v\u0161ak pom\u011brn\u011b omezen\u00fd, proto\u017ee nem\u00e1 tolik \u010dlen\u016f jako n\u011bkter\u00e9 podobn\u00e9 organizace v jin\u00fdch zem\u00edch.<\/p>\n<p>Existuje <a href=\"http:\/\/vandijktrack.com\/mim\/\" target=\"_blank\" rel=\"noopener\">jedna negativn\u00ed webov\u00e1 str\u00e1nka<\/a> \u017ee z\u00e1kazn\u00edk vede spor s \u010dlenem AIMA a \u017ee z\u00edsk\u00e1n\u00ed v\u00fdsledku sporu trv\u00e1 del\u0161\u00ed dobu. <\/p>\n<p>Tato osoba nazna\u010duje, \u017ee by akreditaci AIMA nebrala p\u0159\u00edli\u0161 v\u00e1\u017en\u011b jako zn\u00e1mku kvality. Na webov\u00fdch str\u00e1nk\u00e1ch v\u0161ak tak\u00e9 uv\u00e1d\u00ed, \u017ee jim AIMA poskytla pomoc, a zd\u00e1 se, \u017ee spor nebyl od roku 2010 aktualizov\u00e1n, co\u017e nazna\u010duje, \u017ee byl \u0159e\u0161en.<\/p>\n<blockquote><p>Ob\u010dan\u00e9, kte\u0159\u00ed si pro sv\u00e9 mezin\u00e1rodn\u00ed st\u011bhov\u00e1n\u00ed vyberou \u010dlena AIMA, tak mohou u\u010dinit s d\u016fv\u011brou.<\/p><\/blockquote>\n<p>- <a href=\"http:\/\/www.ossworldwidemovers.com\/australian-international-movers-association\" target=\"_blank\" rel=\"noopener\">OSS World Wide Movers<\/a><\/p>\n<blockquote><p>Australian International Movers Association (AIMA) - Zaji\u0161\u0165uje, aby \u010dlenov\u00e9 byli dostate\u010dn\u011b kvalifikovan\u00ed a m\u011bli k dispozici aktu\u00e1ln\u00ed osv\u011bd\u010den\u00e9 postupy v oboru.<\/p><\/blockquote>\n<p>- <a href=\"http:\/\/www.internationalremovalsaustralia.com.au\/why-choose-us\" target=\"_blank\" rel=\"noopener\">KeysBros Moving Solutions<\/a><\/p>\n<p><strong>Webov\u00e9 str\u00e1nky:<\/strong> <a href=\"http:\/\/aima.com.au\/\" target=\"_blank\" rel=\"noopener\">http:\/\/aima.com.au\/<\/a><\/p>\n<h2>Dal\u0161\u00ed u\u017eite\u010dn\u00ed pr\u016fvodci po Austr\u00e1lii<\/h2>\n<ul>\n<li> <a href=\"https:\/\/moverdb.com\/cs\/kontejnerova-preprava\/australia\/\">2024 Sazby n\u00e1mo\u0159n\u00ed kontejnerov\u00e9 dopravy do Austr\u00e1lie a z Austr\u00e1lie<\/a><\/li>\n<li> <a href=\"https:\/\/moverdb.com\/cs\/stehovani-spolecnosti\/australia-2\/\">17 Nejlep\u0161\u00ed mezin\u00e1rodn\u00ed st\u011bhovac\u00ed spole\u010dnosti v Austr\u00e1lii<\/a><\/li>\n<li> <a href=\"https:\/\/moverdb.com\/cs\/best-international-money-transfer-services\/money-transfer-companies-australia\/\">10 nejlep\u0161\u00edch spole\u010dnost\u00ed pro p\u0159evod pen\u011bz v Austr\u00e1lii<\/a><\/li>\n<li> <a href=\"https:\/\/moverdb.com\/cs\/stehovani-do-australie\/\">St\u011bhov\u00e1n\u00ed do Austr\u00e1lie? 2024 N\u00e1klady na bydlen\u00ed a tipy na p\u0159est\u011bhov\u00e1n\u00ed<\/a><\/li>\n<li> <a href=\"https:\/\/moverdb.com\/cs\/stehovani-do-australie\/best-places-to-live-australia\/\">13 nejlep\u0161\u00edch m\u00edst k \u017eivotu v Austr\u00e1lii<\/a><\/li>\n<li> <a href=\"https:\/\/moverdb.com\/cs\/stehovani-do-australie\/living-in-australia\/\">21 tajemstv\u00ed o \u017eivot\u011b v Austr\u00e1lii, kter\u00e1 je t\u0159eba zn\u00e1t p\u0159ed st\u011bhov\u00e1n\u00edm<\/a><\/li>\n<li> <a href=\"https:\/\/moverdb.com\/cs\/stehovani-do-australie\/moving-to-perth\/\">St\u011bhujete se do Perthu? 2024 N\u00e1klady na bydlen\u00ed a tipy na st\u011bhov\u00e1n\u00ed<\/a><\/li>\n<li> <a href=\"https:\/\/moverdb.com\/cs\/stehovani-do-australie\/moving-to-australia-from-the-us\/\">St\u011bhov\u00e1n\u00ed ze Spojen\u00fdch st\u00e1t\u016f do Austr\u00e1lie<\/a><\/li>\n<li> <a href=\"https:\/\/moverdb.com\/cs\/kontejnerova-preprava\/to-australia-from-the-united-states\/\">N\u00e1klady na kontejnerovou dopravu do Austr\u00e1lie ze Spojen\u00fdch st\u00e1t\u016f americk\u00fdch<\/a><\/li>\n<li> <a href=\"https:\/\/moverdb.com\/cs\/stehovani-do-australie\/moving-to-australia-from-the-uk\/\">St\u011bhov\u00e1n\u00ed ze Spojen\u00e9ho kr\u00e1lovstv\u00ed do Austr\u00e1lie<\/a><\/li>\n<li> <a href=\"https:\/\/moverdb.com\/cs\/kontejnerova-preprava\/to-australia-from-the-uk\/\">N\u00e1klady a \u010dasy p\u0159epravy kontejner\u016f do Austr\u00e1lie ze Spojen\u00e9ho kr\u00e1lovstv\u00ed<\/a><\/li>\n<li> <a href=\"https:\/\/moverdb.com\/cs\/stehovani-do-australie\/moving-to-australia-from-bahrain\/\">St\u011bhov\u00e1n\u00ed do Austr\u00e1lie z Bahrajnu<\/a><\/li>\n<li> <a href=\"https:\/\/moverdb.com\/cs\/stehovani-do-australie\/moving-to-australia-from-the-uae\/\">St\u011bhov\u00e1n\u00ed do Austr\u00e1lie z Dubaje a SAE<\/a><\/li>\n<li> <a href=\"https:\/\/moverdb.com\/cs\/kontejnerova-preprava\/to-australia-from-dubai\/\">N\u00e1klady a \u010dasy p\u0159epravy kontejner\u016f z Dubaje do Austr\u00e1lie<\/a><\/li>\n<li> <a href=\"https:\/\/moverdb.com\/cs\/kontejnerova-preprava\/to-australia-from-uae\/\">N\u00e1klady a \u010dasy p\u0159epravy kontejner\u016f do Austr\u00e1lie ze SAE<\/a><\/li>\n<li> <a href=\"https:\/\/moverdb.com\/cs\/stehovani-do-australie\/moving-to-australia-from-kuwait\/\">St\u011bhov\u00e1n\u00ed do Austr\u00e1lie z Kuvajtu<\/a><\/li>\n<li> <a href=\"https:\/\/moverdb.com\/cs\/stehovani-do-australie\/moving-to-australia-from-qatar\/\">St\u011bhov\u00e1n\u00ed do Austr\u00e1lie z Kataru<\/a><\/li>\n<li> <a href=\"https:\/\/moverdb.com\/cs\/kontejnerova-preprava\/to-australia-from-qatar\/\">N\u00e1klady a \u010dasy p\u0159epravy kontejner\u016f z Kataru do Austr\u00e1lie<\/a><\/li>\n<li> <a href=\"https:\/\/moverdb.com\/cs\/stehovani-do-australie\/moving-to-australia-from-singapore\/\">St\u011bhov\u00e1n\u00ed do Austr\u00e1lie ze Singapuru<\/a><\/li>\n<li> <a href=\"https:\/\/moverdb.com\/cs\/kontejnerova-preprava\/to-australia-from-singapore\/\">N\u00e1klady a \u010dasy p\u0159epravy kontejner\u016f do Austr\u00e1lie ze Singapuru<\/a><\/li>\n<li> <a href=\"https:\/\/moverdb.com\/cs\/stehovani-do-australie\/moving-to-australia-from-south-africa\/\">St\u011bhov\u00e1n\u00ed z Jihoafrick\u00e9 republiky do Austr\u00e1lie<\/a><\/li>\n<li> <a href=\"https:\/\/moverdb.com\/cs\/kontejnerova-preprava\/to-australia-from-canada\/\">N\u00e1klady na kontejnerovou dopravu do Austr\u00e1lie z Kanady<\/a><\/li>\n<li> <a href=\"https:\/\/moverdb.com\/cs\/kontejnerova-preprava\/to-australia-from-new-zealand\/\">N\u00e1klady na kontejnerovou dopravu z Nov\u00e9ho Z\u00e9landu do Austr\u00e1lie<\/a><\/li>\n<li> <a href=\"https:\/\/moverdb.com\/cs\/stehovani-do-australie\/moving-to-hobart\/\">St\u011bhujete se do Hobartu? 2024 N\u00e1klady na bydlen\u00ed a tipy na st\u011bhov\u00e1n\u00ed<\/a><\/li>\n<li> <a href=\"https:\/\/moverdb.com\/cs\/stehovani-do-australie\/moving-to-gold-coast\/\">St\u011bhov\u00e1n\u00ed do Gold Coast? 2024 N\u00e1klady na bydlen\u00ed a tipy na st\u011bhov\u00e1n\u00ed<\/a><\/li>\n<li> <a href=\"https:\/\/moverdb.com\/cs\/stehovani-do-australie\/moving-to-melbourne\/\">St\u011bhujete se do Melbourne? 2024 N\u00e1klady na bydlen\u00ed a tipy na st\u011bhov\u00e1n\u00ed<\/a><\/li>\n<\/ul>","protected":false},"excerpt":{"rendered":"<p>The Australian International Movers Association (AIMA) describes itself as a professional forum for the international removals industry. Members must hold FIDI\/FAIM or meet strict membership criteria, including requirements for financial integrity. Key facts about AIMA: It was established in 1975. It has around 60 members in Australia. AIMA represents the moving industry in Australia and [&hellip;]<\/p>\n","protected":false},"author":1,"featured_media":0,"parent":0,"menu_order":0,"comment_status":"closed","ping_status":"closed","template":"","meta":{"_genesis_hide_title":false,"_genesis_hide_breadcrumbs":false,"_genesis_hide_singular_image":false,"_genesis_hide_footer_widgets":false,"_genesis_custom_body_class":"","_genesis_custom_post_class":"","_genesis_layout":"","footnotes":""},"class_list":{"0":"post-436","1":"page","2":"type-page","3":"status-publish","5":"entry"},"_links":{"self":[{"href":"https:\/\/moverdb.com\/cs\/wp-json\/wp\/v2\/pages\/436","targetHints":{"allow":["GET"]}}],"collection":[{"href":"https:\/\/moverdb.com\/cs\/wp-json\/wp\/v2\/pages"}],"about":[{"href":"https:\/\/moverdb.com\/cs\/wp-json\/wp\/v2\/types\/page"}],"author":[{"embeddable":true,"href":"https:\/\/moverdb.com\/cs\/wp-json\/wp\/v2\/users\/1"}],"replies":[{"embeddable":true,"href":"https:\/\/moverdb.com\/cs\/wp-json\/wp\/v2\/comments?post=436"}],"version-history":[{"count":9,"href":"https:\/\/moverdb.com\/cs\/wp-json\/wp\/v2\/pages\/436\/revisions"}],"predecessor-version":[{"id":17998,"href":"https:\/\/moverdb.com\/cs\/wp-json\/wp\/v2\/pages\/436\/revisions\/17998"}],"wp:attachment":[{"href":"https:\/\/moverdb.com\/cs\/wp-json\/wp\/v2\/media?parent=436"}],"curies":[{"name":"wp","href":"https:\/\/api.w.org\/{rel}","templated":true}]}}