{"id":435,"date":"2016-06-12T14:17:13","date_gmt":"2016-06-12T14:17:13","guid":{"rendered":"http:\/\/moverdb.com\/?page_id=435"},"modified":"2026-01-08T14:47:40","modified_gmt":"2026-01-08T14:47:40","slug":"afra","status":"publish","type":"page","link":"https:\/\/moverdb.com\/cs\/afra\/","title":{"rendered":"Vysv\u011btlen\u00ed australsk\u00e9 asociace st\u011bhov\u00e1k\u016f n\u00e1bytku (AFRA)"},"content":{"rendered":"<p>Australsk\u00e1 asociace st\u011bhov\u00e1k\u016f n\u00e1bytku (AFRA) sama sebe ozna\u010duje za z\u00e1stupce a regul\u00e1tora st\u011bhovac\u00edho pr\u016fmyslu v zemi. <a href=\"https:\/\/moverdb.com\/cs\/moving-to-australia\/living-in-australia\/\" data-internallinksmanager029f6b8e52c=\"240\" title=\"21 tajemstv\u00ed o \u017eivot\u011b v Austr\u00e1lii, kter\u00e1 je t\u0159eba zn\u00e1t p\u0159ed st\u011bhov\u00e1n\u00edm\">Austr\u00e1lie<\/a>. <\/p>\n<p>M\u00e1 \u0161irok\u00fd geografick\u00fd dosah v Austr\u00e1lii a je \u010dasto uv\u00e1d\u011bn jako zn\u00e1mka kvality.<\/p>\n<p><strong>Kl\u00ed\u010dov\u00e1 fakta o agentu\u0159e AFRA:<\/strong><\/p>\n<ol>\n<li>  V sou\u010dasn\u00e9 dob\u011b je \u010dleny AFRA p\u0159ibli\u017en\u011b 350 spole\u010dnost\u00ed zab\u00fdvaj\u00edc\u00edch se st\u011bhov\u00e1n\u00edm n\u00e1bytku a p\u0159idru\u017een\u00fdch spole\u010dnost\u00ed.<\/li>\n<li>  \u010clensk\u00e1 z\u00e1kladna AFRA pokr\u00fdv\u00e1 prakticky v\u0161echny regiony Austr\u00e1lie - nikoli v\u0161ak mezin\u00e1rodn\u00ed lokality.<\/li>\n<li>  \u010clenov\u00e9 AFRA mus\u00ed pravideln\u011b proch\u00e1zet auditem. P\u0159i pod\u00e1n\u00ed \u017e\u00e1dosti o \u010dlenstv\u00ed se prov\u00e1d\u00ed \u00favodn\u00ed audit, po 12 m\u011bs\u00edc\u00edch od p\u0159ijet\u00ed n\u00e1sleduje audit a pot\u00e9 ka\u017ed\u00e9 \u010dty\u0159i roky audit. Pokud audity odhal\u00ed, \u017ee \u010dlenov\u00e9 nespl\u0148uj\u00ed z\u00e1kladn\u00ed po\u017eadavky, je stanovena 21denn\u00ed lh\u016fta na n\u00e1pravu, ne\u017e m\u016f\u017ee AFRA proti sv\u00fdm \u010dlen\u016fm p\u0159ijmout disciplin\u00e1rn\u00ed opat\u0159en\u00ed.<\/li>\n<li>  \u010clensk\u00e1 z\u00e1kladna AFRA je r\u016fznorod\u00e1, od mal\u00fdch spole\u010dnost\u00ed s jedn\u00edm n\u00e1kladn\u00edm automobilem a\u017e po velk\u00e9 nadn\u00e1rodn\u00ed spole\u010dnosti s mnoha pobo\u010dkami v Austr\u00e1lii i v zahrani\u010d\u00ed. <a href=\"https:\/\/moverdb.com\/cs\/stehovani-spolecnosti\/\">z\u00e1mo\u0159\u00ed<\/a>.<\/li>\n<li>  AFRA m\u00e1 ur\u010dit\u00e9 z\u00e1kladn\u00ed po\u017eadavky, kter\u00e9 mus\u00ed \u010dlenov\u00e9 spl\u0148ovat, a ty jsou komplexn\u00ed a t\u00fdkaj\u00ed se v\u0161eho od prostor po zam\u011bstnance, vozidla, vybaven\u00ed a poji\u0161t\u011bn\u00ed.<\/li>\n<li>  Pokud st\u00ed\u017enosti nebo reklamace nevy\u0159e\u0161\u00ed \u010dlenov\u00e9, m\u016f\u017ee je z\u00e1kazn\u00edk p\u0159edat spole\u010dnosti AFRA.<\/li>\n<li>  V\u0161ichni \u010dlenov\u00e9 AFRA maj\u00ed poji\u0161t\u011bn\u00ed odpov\u011bdnosti za \u0161kodu a jsou opr\u00e1vn\u011bni poskytovat tranzitn\u00ed poji\u0161t\u011bn\u00ed pro ve\u0161ker\u00e9 st\u011bhovan\u00e9 zbo\u017e\u00ed a p\u0159edm\u011bty.<\/li>\n<\/ol>\n<p><strong>Profil Australsk\u00e9 asociace st\u011bhov\u00e1k\u016f n\u00e1bytku:<\/strong><\/p>\n<p>AFRA je ofici\u00e1ln\u00ed organizace odborn\u00edk\u016f na st\u011bhov\u00e1n\u00ed, kter\u00e1 poskytuje akreditaci \u010dlen\u016fm, kte\u0159\u00ed hledaj\u00ed spolehliv\u00fd znak kvality, j\u00edm\u017e se mohou prok\u00e1zat p\u0159ed spot\u0159ebiteli. <\/p>\n<p>Pouze st\u011bhovac\u00ed firmy, kter\u00e9 maj\u00ed spr\u00e1vn\u00e9 vybaven\u00ed, vozidla, prostory a vy\u0161kolen\u00e9 zam\u011bstnance pro profesion\u00e1ln\u00ed st\u011bhov\u00e1n\u00ed, z\u00edskaj\u00ed akreditaci AFRA. Po z\u00edsk\u00e1n\u00ed akreditace organizace nad\u00e1le hodnot\u00ed sv\u00e9 \u010dleny, aby se ujistila, \u017ee nedo\u0161lo k poklesu standard\u016f. <\/p>\n<p>Po\u017eadavky, kter\u00e9 AFRA klade na sv\u00e9 \u010dleny, maj\u00ed za c\u00edl zlep\u0161it st\u011bhovac\u00ed pr\u016fmysl z hlediska faktor\u016f, jako je finan\u010dn\u00ed ochrana a dobr\u00e9 slu\u017eby, pro spot\u0159ebitele. AFRA nab\u00edz\u00ed \u010dlenstv\u00ed pouze australsk\u00fdm spole\u010dnostem, kter\u00e9 v\u0161ak mohou obsluhovat z\u00e1kazn\u00edky st\u011bhuj\u00edc\u00ed se v r\u00e1mci Austr\u00e1lie nebo <a href=\"https:\/\/moverdb.com\/cs\/mezinarodni-stehovani\/\">z\u00e1mo\u0159\u00ed<\/a>. <\/p>\n<p>V r\u00e1mci sv\u00fdch \u010dlensk\u00fdch v\u00fdhod nab\u00edz\u00ed AFRA \u010dlen\u016fm \u0161kolen\u00ed, informace a poradenstv\u00ed a tak\u00e9 poskytuje zdroj informac\u00ed o nejnov\u011bj\u0161\u00edch zpr\u00e1v\u00e1ch a zm\u011bn\u00e1ch, kter\u00e9 ovliv\u0148uj\u00ed toto odv\u011btv\u00ed.<\/p>\n<p><strong>Krit\u00e9ria pro \u010dlenstv\u00ed:<\/strong><\/p>\n<p>Krit\u00e9ria \u010dlenstv\u00ed nejsou uvedena na webov\u00fdch str\u00e1nk\u00e1ch, ale na p\u0159ihl\u00e1\u0161ce (kter\u00e1 rovn\u011b\u017e nen\u00ed k dispozici na webov\u00fdch str\u00e1nk\u00e1ch). \u010clensk\u00fd bal\u00ed\u010dek lze z\u00edskat na adrese <a href=\"mailto:admin@afra.com.au\">admin@afra.com.au<\/a>.<\/p>\n<p>Ka\u017ed\u00e1 spole\u010dnost bude p\u0159ed ud\u011blen\u00edm \u010dlenstv\u00ed podrobena auditu.<\/p>\n<p><strong>\u010clensk\u00e9 spole\u010dnosti<\/strong><\/p>\n<ul>\n<li> <a href=\"https:\/\/moverdb.com\/cs\/conroy-removals\/\">Conroy Removals<\/a><\/li>\n<\/ul>\n<p><strong>N\u00e1zory na AFRA:<\/strong><\/p>\n<p>Agentura AFRA je pova\u017eov\u00e1na za ukazatel kvality podniku a na vl\u00e1dn\u00edch internetov\u00fdch str\u00e1nk\u00e1ch je navrhov\u00e1na jako zp\u016fsob, jak zajistit, aby st\u011bhovac\u00ed firma m\u011bla spr\u00e1vn\u00e9 zdroje, standardy a dovednosti pro proveden\u00ed st\u011bhov\u00e1n\u00ed. <\/p>\n<p>Za d\u016fle\u017eitou se pova\u017euje skute\u010dnost, \u017ee AFRA schvaluje pouze ty, kte\u0159\u00ed jsou schopni prov\u00e9st st\u011bhov\u00e1n\u00ed profesion\u00e1ln\u011b, a tak\u00e9 po\u017eadavky, aby \u010dlenov\u00e9 AFRA m\u011bli zaji\u0161t\u011bnou ochranu, nap\u0159\u00edklad r\u016fzn\u00e1 poji\u0161t\u011bn\u00ed. <\/p>\n<p>Je zd\u016frazn\u011bno, \u017ee pokud je podnik \u010dlenem AFRA, d\u00e1v\u00e1 to jeho z\u00e1kazn\u00edk\u016fm mo\u017enost p\u0159\u00edstupu k informac\u00edm AFRA a jistotu slu\u017eby \u0159e\u0161en\u00ed spor\u016f. V internetov\u00e9m stanovisku se zd\u016fraz\u0148uje, \u017ee \"v\u0161echny hlavn\u00ed vnitrost\u00e1tn\u00ed <a href=\"https:\/\/moverdb.com\/cs\/international-removals\/\" data-internallinksmanager029f6b8e52c=\"27\" title=\"36 nejlep\u0161\u00edch mezin\u00e1rodn\u00edch st\u011bhovac\u00edch spole\u010dnost\u00ed ve Velk\u00e9 Brit\u00e1nii\">st\u011bhovac\u00ed firmy<\/a> se hl\u00e1s\u00ed k ide\u00e1lu AFRA.\" <\/p>\n<p>Pou\u017eit\u00ed st\u011bhovac\u00edho za\u0159\u00edzen\u00ed AFRA je jedn\u00edm z tip\u016f pro st\u011bhov\u00e1n\u00ed, kter\u00e9 poskytuje <a href=\"https:\/\/www.allianz.com.au\/home-insurance\/news\/6-tips-on-how-to-hire-the-best-removalists\" target=\"_blank\" rel=\"noopener\">v\u00fdznamn\u00e1 spole\u010dnost poskytuj\u00edc\u00ed finan\u010dn\u00ed slu\u017eby<\/a>, kter\u00fd poukazuje na to, \u017ee australsk\u00e9 z\u00e1kony nevy\u017eaduj\u00ed, aby st\u011bhovac\u00ed firmy m\u011bly poji\u0161t\u011bn\u00ed, ale AFRA ano. Oce\u0148uje tak\u00e9 skute\u010dnost, \u017ee \u010dlenov\u00e9 AFRA budou m\u00edt aktu\u00e1ln\u00ed informace o nejnov\u011bj\u0161\u00edm v\u00fdvoji a budou dodr\u017eovat minim\u00e1ln\u00ed standardy.<\/p>\n<blockquote><p>St\u011bhovac\u00ed firmy, kter\u00e9 jsou akreditov\u00e1ny agenturou AFRA, mus\u00ed spl\u0148ovat ur\u010dit\u00e9 standardy t\u00fdkaj\u00edc\u00ed se vybaven\u00ed, vozidel, prostor a \u0161kolen\u00ed person\u00e1lu, kter\u00e9 jsou nezbytn\u00e9 pro profesion\u00e1ln\u00ed st\u011bhov\u00e1n\u00ed.<\/p><\/blockquote>\n<p>- <a href=\"http:\/\/www.fairtrading.nsw.gov.au\/ftw\/Consumers\/Buying_services\/Hiring_a_removalist.page\" target=\"_blank\" rel=\"noopener\">Vl\u00e1da Nov\u00e9ho Ji\u017en\u00edho Walesu<\/a><\/p>\n<blockquote><p>AFRA je ofici\u00e1ln\u00ed org\u00e1n australsk\u00fdch odborn\u00edk\u016f na st\u011bhov\u00e1n\u00ed, kter\u00fd pom\u00e1h\u00e1 regulovat st\u011bhovac\u00ed pr\u016fmysl. AFRA ud\u011bluje akreditaci pouze t\u011bm st\u011bhov\u00e1k\u016fm, kte\u0159\u00ed maj\u00ed pot\u0159ebn\u00e9 vybaven\u00ed, vozidla, prostory a \u0161kolen\u00ed person\u00e1lu pot\u0159ebn\u00e9 k profesion\u00e1ln\u00edmu st\u011bhov\u00e1n\u00ed.<\/p><\/blockquote>\n<p>- <a href=\"http:\/\/www.ashtons.com.au\/afra-accreditation.html\" target=\"_blank\" rel=\"noopener\">Ashtons Removals<\/a><\/p>\n<p><strong>Webov\u00e9 str\u00e1nky:<\/strong> <a href=\"http:\/\/www.afra.com.au\/\" target=\"_blank\" rel=\"noopener\">http:\/\/www.afra.com.au\/<\/a><\/p>\n<h2>Dal\u0161\u00ed u\u017eite\u010dn\u00ed pr\u016fvodci po Austr\u00e1lii<\/h2>\n<ul>\n<li> <a href=\"https:\/\/moverdb.com\/cs\/kontejnerova-preprava\/australia\/\">2024 Sazby n\u00e1mo\u0159n\u00ed kontejnerov\u00e9 dopravy do Austr\u00e1lie a z Austr\u00e1lie<\/a><\/li>\n<li> <a href=\"https:\/\/moverdb.com\/cs\/stehovani-spolecnosti\/australia-2\/\">17 Nejlep\u0161\u00ed mezin\u00e1rodn\u00ed st\u011bhovac\u00ed spole\u010dnosti v Austr\u00e1lii<\/a><\/li>\n<li> <a href=\"https:\/\/moverdb.com\/cs\/best-international-money-transfer-services\/money-transfer-companies-australia\/\">10 nejlep\u0161\u00edch spole\u010dnost\u00ed pro p\u0159evod pen\u011bz v Austr\u00e1lii<\/a><\/li>\n<li> <a href=\"https:\/\/moverdb.com\/cs\/stehovani-do-australie\/\">St\u011bhov\u00e1n\u00ed do Austr\u00e1lie? 2024 N\u00e1klady na bydlen\u00ed a tipy na p\u0159est\u011bhov\u00e1n\u00ed<\/a><\/li>\n<li> <a href=\"https:\/\/moverdb.com\/cs\/stehovani-do-australie\/best-places-to-live-australia\/\">13 nejlep\u0161\u00edch m\u00edst k \u017eivotu v Austr\u00e1lii<\/a><\/li>\n<li> <a href=\"https:\/\/moverdb.com\/cs\/stehovani-do-australie\/living-in-australia\/\">21 tajemstv\u00ed o \u017eivot\u011b v Austr\u00e1lii, kter\u00e1 je t\u0159eba zn\u00e1t p\u0159ed st\u011bhov\u00e1n\u00edm<\/a><\/li>\n<li> <a href=\"https:\/\/moverdb.com\/cs\/stehovani-do-australie\/moving-to-australia-from-the-us\/\">St\u011bhov\u00e1n\u00ed ze Spojen\u00fdch st\u00e1t\u016f do Austr\u00e1lie<\/a><\/li>\n<li> <a href=\"https:\/\/moverdb.com\/cs\/kontejnerova-preprava\/to-australia-from-the-united-states\/\">N\u00e1klady na kontejnerovou dopravu do Austr\u00e1lie ze Spojen\u00fdch st\u00e1t\u016f americk\u00fdch<\/a><\/li>\n<li> <a href=\"https:\/\/moverdb.com\/cs\/stehovani-do-australie\/moving-to-australia-from-the-uk\/\">St\u011bhov\u00e1n\u00ed ze Spojen\u00e9ho kr\u00e1lovstv\u00ed do Austr\u00e1lie<\/a><\/li>\n<li> <a href=\"https:\/\/moverdb.com\/cs\/kontejnerova-preprava\/to-australia-from-the-uk\/\">N\u00e1klady a \u010dasy p\u0159epravy kontejner\u016f do Austr\u00e1lie ze Spojen\u00e9ho kr\u00e1lovstv\u00ed<\/a><\/li>\n<li> <a href=\"https:\/\/moverdb.com\/cs\/stehovani-do-australie\/moving-to-australia-from-bahrain\/\">St\u011bhov\u00e1n\u00ed do Austr\u00e1lie z Bahrajnu<\/a><\/li>\n<li> <a href=\"https:\/\/moverdb.com\/cs\/stehovani-do-australie\/moving-to-australia-from-the-uae\/\">St\u011bhov\u00e1n\u00ed do Austr\u00e1lie z Dubaje a SAE<\/a><\/li>\n<li> <a href=\"https:\/\/moverdb.com\/cs\/kontejnerova-preprava\/to-australia-from-dubai\/\">N\u00e1klady a \u010dasy p\u0159epravy kontejner\u016f z Dubaje do Austr\u00e1lie<\/a><\/li>\n<li> <a href=\"https:\/\/moverdb.com\/cs\/kontejnerova-preprava\/to-australia-from-uae\/\">N\u00e1klady a \u010dasy p\u0159epravy kontejner\u016f do Austr\u00e1lie ze SAE<\/a><\/li>\n<li> <a href=\"https:\/\/moverdb.com\/cs\/stehovani-do-australie\/moving-to-australia-from-kuwait\/\">St\u011bhov\u00e1n\u00ed do Austr\u00e1lie z Kuvajtu<\/a><\/li>\n<li> <a href=\"https:\/\/moverdb.com\/cs\/stehovani-do-australie\/moving-to-australia-from-qatar\/\">St\u011bhov\u00e1n\u00ed do Austr\u00e1lie z Kataru<\/a><\/li>\n<li> <a href=\"https:\/\/moverdb.com\/cs\/kontejnerova-preprava\/to-australia-from-qatar\/\">N\u00e1klady a \u010dasy p\u0159epravy kontejner\u016f z Kataru do Austr\u00e1lie<\/a><\/li>\n<li> <a href=\"https:\/\/moverdb.com\/cs\/stehovani-do-australie\/moving-to-perth\/\">St\u011bhujete se do Perthu? 2024 N\u00e1klady na bydlen\u00ed a tipy na st\u011bhov\u00e1n\u00ed<\/a><\/li>\n<li> <a href=\"https:\/\/moverdb.com\/cs\/stehovani-do-australie\/moving-to-australia-from-singapore\/\">St\u011bhov\u00e1n\u00ed do Austr\u00e1lie ze Singapuru<\/a><\/li>\n<li> <a href=\"https:\/\/moverdb.com\/cs\/kontejnerova-preprava\/to-australia-from-singapore\/\">N\u00e1klady a \u010dasy p\u0159epravy kontejner\u016f do Austr\u00e1lie ze Singapuru<\/a><\/li>\n<li> <a href=\"https:\/\/moverdb.com\/cs\/stehovani-do-australie\/moving-to-australia-from-south-africa\/\">St\u011bhov\u00e1n\u00ed z Jihoafrick\u00e9 republiky do Austr\u00e1lie<\/a><\/li>\n<li> <a href=\"https:\/\/moverdb.com\/cs\/kontejnerova-preprava\/to-australia-from-canada\/\">N\u00e1klady na kontejnerovou dopravu do Austr\u00e1lie z Kanady<\/a><\/li>\n<li> <a href=\"https:\/\/moverdb.com\/cs\/kontejnerova-preprava\/to-australia-from-new-zealand\/\">N\u00e1klady na kontejnerovou dopravu z Nov\u00e9ho Z\u00e9landu do Austr\u00e1lie<\/a><\/li>\n<li> <a href=\"https:\/\/moverdb.com\/cs\/stehovani-do-australie\/moving-to-hobart\/\">St\u011bhujete se do Hobartu? 2024 N\u00e1klady na bydlen\u00ed a tipy na st\u011bhov\u00e1n\u00ed<\/a><\/li>\n<li> <a href=\"https:\/\/moverdb.com\/cs\/stehovani-do-australie\/moving-to-gold-coast\/\">St\u011bhov\u00e1n\u00ed do Gold Coast? 2024 N\u00e1klady na bydlen\u00ed a tipy na st\u011bhov\u00e1n\u00ed<\/a><\/li>\n<li> <a href=\"https:\/\/moverdb.com\/cs\/stehovani-do-australie\/moving-to-melbourne\/\">St\u011bhujete se do Melbourne? 2024 N\u00e1klady na bydlen\u00ed a tipy na st\u011bhov\u00e1n\u00ed<\/a><\/li>\n<\/ul>","protected":false},"excerpt":{"rendered":"<p>The Australian Furniture Removers Association (AFRA) describes itself both as a representative of, and regulator of, the removals industry in Australia. It has broad geographic reach within Australia and is often cited as a mark of quality. Key facts about the AFRA: Currently, around 350 furniture removal and associated companies are members of AFRA. The [&hellip;]<\/p>\n","protected":false},"author":1,"featured_media":0,"parent":0,"menu_order":0,"comment_status":"closed","ping_status":"closed","template":"","meta":{"_genesis_hide_title":false,"_genesis_hide_breadcrumbs":false,"_genesis_hide_singular_image":false,"_genesis_hide_footer_widgets":false,"_genesis_custom_body_class":"","_genesis_custom_post_class":"","_genesis_layout":"","footnotes":""},"class_list":{"0":"post-435","1":"page","2":"type-page","3":"status-publish","5":"entry"},"_links":{"self":[{"href":"https:\/\/moverdb.com\/cs\/wp-json\/wp\/v2\/pages\/435","targetHints":{"allow":["GET"]}}],"collection":[{"href":"https:\/\/moverdb.com\/cs\/wp-json\/wp\/v2\/pages"}],"about":[{"href":"https:\/\/moverdb.com\/cs\/wp-json\/wp\/v2\/types\/page"}],"author":[{"embeddable":true,"href":"https:\/\/moverdb.com\/cs\/wp-json\/wp\/v2\/users\/1"}],"replies":[{"embeddable":true,"href":"https:\/\/moverdb.com\/cs\/wp-json\/wp\/v2\/comments?post=435"}],"version-history":[{"count":11,"href":"https:\/\/moverdb.com\/cs\/wp-json\/wp\/v2\/pages\/435\/revisions"}],"predecessor-version":[{"id":17997,"href":"https:\/\/moverdb.com\/cs\/wp-json\/wp\/v2\/pages\/435\/revisions\/17997"}],"wp:attachment":[{"href":"https:\/\/moverdb.com\/cs\/wp-json\/wp\/v2\/media?parent=435"}],"curies":[{"name":"wp","href":"https:\/\/api.w.org\/{rel}","templated":true}]}}