{"id":431,"date":"2016-06-05T20:02:57","date_gmt":"2016-06-05T20:02:57","guid":{"rendered":"http:\/\/moverdb.com\/?page_id=431"},"modified":"2026-01-08T13:19:02","modified_gmt":"2026-01-08T13:19:02","slug":"iam","status":"publish","type":"page","link":"https:\/\/moverdb.com\/cs\/iam\/","title":{"rendered":"Vysv\u011btlen\u00ed Mezin\u00e1rodn\u00ed asociace st\u011bhov\u00e1k\u016f (IAM)"},"content":{"rendered":"<p>Mezin\u00e1rodn\u00ed asociace st\u011bhov\u00e1k\u016f (IAM) je celosv\u011btov\u00e1 obchodn\u00ed organizace sdru\u017euj\u00edc\u00ed \u010dleny, kte\u0159\u00ed poskytuj\u00ed st\u011bhovac\u00ed, spedi\u010dn\u00ed, p\u0159epravn\u00ed, logistick\u00e9 a souvisej\u00edc\u00ed slu\u017eby. <\/p>\n<p>Jedn\u00e1 se o nejv\u011bt\u0161\u00ed mezin\u00e1rodn\u00ed obchodn\u00ed sdru\u017een\u00ed v oboru, kter\u00e9 bylo p\u016fvodn\u011b zalo\u017eeno charterov\u00fdmi spole\u010dnostmi, je\u017e obchodovaly se zem\u011bmi EU. <a href=\"https:\/\/moverdb.com\/cs\/moving-to-the-united-states\/\" data-internallinksmanager029f6b8e52c=\"94\" title=\"St\u011bhujete se do Spojen\u00fdch st\u00e1t\u016f? 2022 \u017divotn\u00ed n\u00e1klady a tipy na st\u011bhov\u00e1n\u00ed\">US<\/a> vl\u00e1da.<\/p>\n<p><strong>Kl\u00ed\u010dov\u00e1 fakta o IAM:<\/strong><\/p>\n<ol>\n<li>  P\u0159edstavuje v\u00edce ne\u017e <strong>2,000 <a href=\"https:\/\/moverdb.com\/cs\/stehovani-spolecnosti\/\" target=\"_blank\" rel=\"noopener\">spole\u010dnosti<\/a><\/strong> ve v\u00edce ne\u017e <strong>170 zem\u00ed<\/strong>.<\/li>\n<li>  IAM m\u00e1 etick\u00fd kodex, kter\u00fd mimo jin\u00e9 vy\u017eaduje toleranci kulturn\u00edch rozd\u00edl\u016f, profesion\u00e1ln\u00ed p\u0159\u00edstup a vyvarov\u00e1n\u00ed se nekal\u00e9 konkurence v\u016f\u010di ostatn\u00edm \u010dlen\u016fm.<\/li>\n<li>  IAM byla zalo\u017eena v roce 1962 a od t\u00e9 doby podporuje r\u016fst sv\u00fdch \u010dlen\u016f.<\/li>\n<li>  Jedn\u00e1 se o nejv\u011bt\u0161\u00ed celosv\u011btov\u00e9 obchodn\u00ed sdru\u017een\u00ed v oboru st\u011bhov\u00e1n\u00ed a spedice.<\/li>\n<li>  Vyznamen\u00e1n\u00ed v oboru je oce\u0148ov\u00e1no prost\u0159ednictv\u00edm S\u00edn\u011b cti IAM. Nominace do S\u00edn\u011b cti m\u016f\u017ee podat kter\u00fdkoli \u010dlen IAM, klient nebo z\u00e1kazn\u00edk a rozhoduje o nich \u010dlensk\u00e1 z\u00e1kladna IAM.<\/li>\n<li>  D\u0159\u00edve byla zn\u00e1m\u00e1 pod n\u00e1zvem Household Good Forwarders Association of America - IAM zm\u011bnila n\u00e1zev v roce 2009.<\/li>\n<li>  IAM nab\u00edz\u00ed postup \u0159e\u0161en\u00ed spor\u016f mezi \u010dleny - vztahuje se na spory o faktury.<\/li>\n<li>  Program ochrany pohled\u00e1vek IAM nab\u00edz\u00ed ochranu p\u0159ed t\u011bmi \u010dleny IAM, kte\u0159\u00ed maj\u00ed finan\u010dn\u00ed pot\u00ed\u017ee, a umo\u017e\u0148uje \u010dlenovi podat \u017e\u00e1dost a z\u00edskat n\u00e1hradu za nezaplacen\u00e9 obchodn\u00ed faktury, pokud to vypad\u00e1, \u017ee \u010dlen zkrachuje.<\/li>\n<\/ol>\n<p><strong>Profil Mezin\u00e1rodn\u00ed asociace st\u011bhov\u00e1k\u016f:<\/strong><\/p>\n<p>IAM byla zalo\u017eena p\u0159ed v\u00edce ne\u017e 50 lety a nyn\u00ed m\u00e1 v\u00edce ne\u017e 2 000 \u010dlen\u016f po cel\u00e9m sv\u011bt\u011b. IAM nab\u00edz\u00ed celou \u0159adu program\u016f, zdroj\u016f a ochrann\u00fdch opat\u0159en\u00ed pro \u010dleny, stejn\u011b jako pravideln\u00e9 akce, kter\u00e9 jsou ur\u010deny k podpo\u0159e navazov\u00e1n\u00ed kontakt\u016f a sd\u00edlen\u00ed znalost\u00ed, v\u010detn\u011b v\u00fdro\u010dn\u00edch zased\u00e1n\u00ed IAM. <\/p>\n<p>C\u00edlem v\u0161eho, co IAM d\u011bl\u00e1, je podpo\u0159it r\u016fst a \u00fasp\u011bch sv\u00fdch \u010dlen\u016f. Ochrana \u010dlenstv\u00ed v IAM slou\u017e\u00ed k ochran\u011b hodnoty \u010dlenstv\u00ed v IAM v o\u010d\u00edch pr\u016fmyslu, z\u00e1kazn\u00edk\u016f a sdru\u017een\u00ed koleg\u016f - pat\u0159\u00ed k n\u00ed p\u0159\u00edsn\u00e9 po\u017eadavky na \u010dlenstv\u00ed v IAM, prosazov\u00e1n\u00ed etick\u00e9ho kodexu a pr\u00e1ce na ot\u00e1zk\u00e1ch, jako je dohled nad ochrann\u00fdmi zn\u00e1mkami. <\/p>\n<p>IAM m\u00e1 online adres\u00e1\u0159 \u010dlen\u016f, kter\u00fd lze prohled\u00e1vat a v n\u011bm\u017e mohou z\u00e1kazn\u00edci naj\u00edt st\u011bhov\u00e1ka, kter\u00fd je \u010dlenem t\u00e9to organizace.<\/p>\n<p><strong>Krit\u00e9ria pro \u010dlenstv\u00ed:<\/strong><\/p>\n<ul>\n<li> minim\u00e1ln\u011b jeden rok praxe<\/li>\n<li> Sponzorsk\u00e9 dopisy od dvou st\u00e1vaj\u00edc\u00edch \u010dlen\u016f IAM, v nich\u017e je uvedeno, \u017ee v\u00e1s doporu\u010duj\u00ed ke \u010dlenstv\u00ed, na hlavi\u010dkov\u00e9m pap\u00ed\u0159e sponzoruj\u00edc\u00ed spole\u010dnosti, podepsan\u00e9 z\u00e1stupcem spole\u010dnosti.<\/li>\n<li> PDF nebo JPG aktu\u00e1ln\u00ed obchodn\u00ed licence nebo registrace v dan\u00e9 zemi\/st\u00e1t\u011b\/provincii a p\u0159\u00edpadn\u011b da\u0148ov\u00e9 identifika\u010dn\u00ed \u010d\u00edslo.<\/li>\n<li> PDF nebo JPG vl\u00e1dou vydan\u00e9ho pr\u016fkazu toto\u017enosti s fotografi\u00ed (nap\u0159. pas, \u0159idi\u010dsk\u00fd pr\u016fkaz) pro ka\u017ed\u00e9ho \u0159editele spole\u010dnosti, kter\u00fd vlastn\u00ed a\/nebo m\u00e1 kontroln\u00ed pod\u00edl v 5% nebo v\u00edce spole\u010dnosti.<\/li>\n<li> Platba inicia\u010dn\u00edho poplatku a p\u0159\u00edsp\u011bvk\u016f<\/li>\n<\/ul>\n<p>Potenci\u00e1ln\u00ed \u010dlenov\u00e9 jsou zve\u0159ejn\u011bni na webov\u00fdch str\u00e1nk\u00e1ch IAM po dobu 30 dn\u016f, aby si je mohli st\u00e1vaj\u00edc\u00ed \u010dlenov\u00e9 IAM prohl\u00e9dnout, a po uplynut\u00ed t\u00e9to doby je \u010dlenstv\u00ed potvrzeno.<\/p>\n<p><strong>N\u011bkter\u00e9 \u010dlensk\u00e9 spole\u010dnosti<\/strong><\/p>\n<ul>\n<li> <a href=\"https:\/\/moverdb.com\/cs\/aires\/\">Aires<\/a><\/li>\n<li> <a href=\"https:\/\/moverdb.com\/cs\/matthew-james\/\">Matthew James Global Relocations<\/a><\/li>\n<li> <a href=\"https:\/\/moverdb.com\/cs\/santa-fe-relocation\/\">St\u011bhovac\u00ed slu\u017eby Santa Fe<\/a><\/li>\n<li> <a href=\"https:\/\/moverdb.com\/cs\/sterling-relocation\/\">P\u0159em\u00edst\u011bn\u00ed spole\u010dnosti Sterling<\/a><\/li>\n<li> <a href=\"https:\/\/moverdb.com\/cs\/cadogan-tate\/\">Cadogan Tate<\/a><\/li>\n<li> <a href=\"https:\/\/moverdb.com\/cs\/harrow-green\/\">Harrow Green<\/a><\/li>\n<li> <a href=\"https:\/\/moverdb.com\/cs\/team-relocations\/\">P\u0159em\u00edst\u011bn\u00ed t\u00fdmu<\/a><\/li>\n<li> <a href=\"https:\/\/moverdb.com\/cs\/mcgimpsey-brothers-removals\/\">St\u011bhov\u00e1n\u00ed McGimpsey Brothers<\/a><\/li>\n<li> <a href=\"https:\/\/moverdb.com\/cs\/shore-porters-society\/\">Spole\u010dnost pob\u0159e\u017en\u00edch nosi\u010d\u016f<\/a><\/li>\n<li> <a href=\"https:\/\/moverdb.com\/cs\/nippon-express\/\">Nippon Express<\/a><\/li>\n<li> <a href=\"https:\/\/moverdb.com\/cs\/sirva\/\">Sirva<\/a><\/li>\n<li> <a href=\"https:\/\/moverdb.com\/cs\/premisteni-koruny\/\">St\u011bhov\u00e1n\u00ed korun<\/a><\/li>\n<li> <a href=\"https:\/\/moverdb.com\/cs\/shipco-transport\/\">Shipco Transport<\/a><\/li>\n<li> <a href=\"https:\/\/moverdb.com\/cs\/conroy-removals\/\">Conroy Removals<\/a><\/li>\n<li> <a href=\"https:\/\/moverdb.com\/cs\/bolliger\/\">Bolliger<\/a><\/li>\n<li> <a href=\"https:\/\/moverdb.com\/cs\/island-movers\/\">Ostrovn\u00ed st\u011bhov\u00e1ci<\/a><\/li>\n<li> <a href=\"https:\/\/moverdb.com\/cs\/gil-stauffer\/\">Gil Stauffer<\/a><\/li>\n<li> <a href=\"https:\/\/moverdb.com\/cs\/royal-hawaiian-movers\/\">Royal Hawaiian Movers<\/a><\/li>\n<li> <a href=\"https:\/\/moverdb.com\/cs\/teletrans\/\">Teletrans<\/a><\/li>\n<\/ul>\n<p><strong>N\u00e1zory st\u011bhov\u00e1k\u016f na Mezin\u00e1rodn\u00ed asociaci st\u011bhov\u00e1k\u016f:<\/strong><\/p>\n<p>IAM je citov\u00e1na na mnoha internetov\u00fdch str\u00e1nk\u00e1ch, kter\u00e9 \u010dasto zmi\u0148uj\u00ed jej\u00ed glob\u00e1ln\u00ed charakter a po\u010det jej\u00edch \u010dlen\u016f. <\/p>\n<p>Mnoz\u00ed se zam\u011b\u0159uj\u00ed na skute\u010dnost, \u017ee jde o nejv\u011bt\u0161\u00ed oborov\u00e9 sdru\u017een\u00ed a na rozsah jeho p\u016fsobnosti - je skute\u010dn\u011b glob\u00e1ln\u00ed a m\u00e1 \u010dleny i v t\u011bch nejvzd\u00e1len\u011bj\u0161\u00edch koutech sv\u011bta. Na jedn\u00e9 webov\u00e9 str\u00e1nce se tak\u00e9 uv\u00e1d\u00ed, \u017ee \u010dlenstv\u00ed v IAM pom\u00e1h\u00e1 <a href=\"https:\/\/moverdb.com\/cs\/moving-companies\/\" data-internallinksmanager029f6b8e52c=\"79\" title=\"Top 25 Mezin\u00e1rodn\u00ed st\u011bhovac\u00ed spole\u010dnosti Online\">st\u011bhovac\u00ed spole\u010dnosti<\/a> aby je z\u00e1kazn\u00edci na\u0161li, a \u017ee je to ukazatel podniku, kter\u00fd je schopen poskytovat skv\u011bl\u00e9 slu\u017eby. <\/p>\n<p>Obecn\u011b se zd\u00e1, \u017ee sdru\u017een\u00ed slou\u017e\u00ed jako zna\u010dka kvality i jako u\u017eite\u010dn\u00fd n\u00e1stroj pro roz\u0161i\u0159ov\u00e1n\u00ed obchodu a s\u00edt\u00ed.<\/p>\n<blockquote><p>\u010clenov\u00e9 celosv\u011btov\u00e9 s\u00edt\u011b, kte\u0159\u00ed se pod\u00edlej\u00ed na ka\u017edodenn\u00ed p\u0159eprav\u011b zbo\u017e\u00ed pro dom\u00e1cnost a osobn\u00edch v\u011bc\u00ed, jsou stejn\u011b rozmanit\u00ed jako samotn\u00e9 sou\u010d\u00e1sti mezin\u00e1rodn\u00edho st\u011bhov\u00e1n\u00ed. P\u0159eprava a v\u00fdm\u011bna zbo\u017e\u00ed a slu\u017eeb jsou z\u00e1kladn\u00edm \u017eivotn\u00edm prost\u0159edkem, kter\u00fd poh\u00e1n\u00ed dne\u0161n\u00ed glob\u00e1ln\u00ed hospod\u00e1\u0159sk\u00fd r\u016fst.\n<\/p><\/blockquote>\n<p>- <a href=\"http:\/\/www.abels.co.uk\/articles\/international-association-of-movers-iam-what-is-this\/\" target=\"_blank\" rel=\"noopener\">Abels<\/a><\/p>\n<blockquote><p>IAM je celosv\u011btov\u00e9 sdru\u017een\u00ed st\u011bhov\u00e1k\u016f a spedit\u00e9r\u016f, jeho\u017e c\u00edlem je poskytovat z\u00e1kazn\u00edk\u016fm slu\u017eby na nejvy\u0161\u0161\u00ed mo\u017en\u00e9 \u00farovni.<\/p><\/blockquote>\n<p>- <a href=\"http:\/\/www.amjbc.ca\/international-moving-services\/\" target=\"_blank\" rel=\"noopener\">AMJ Campbell Worldwide<\/a><\/p>\n<blockquote><p>\u010clenstv\u00ed v IAM je skute\u010dn\u011b glob\u00e1ln\u00ed Ve v\u0161ech \u010d\u00e1stech sv\u011bta najdete st\u011bhov\u00e1ky IAM. To n\u00e1m pom\u00e1h\u00e1 poskytovat na\u0161im klient\u016fm slu\u017eby skute\u010dn\u011b od dve\u0159\u00ed ke dve\u0159\u00edm. Od domu k domu, jak r\u00e1di \u0159\u00edk\u00e1me.<\/p><\/blockquote>\n<p>- <a href=\"http:\/\/hometohome.nl\/2016\/02\/12\/iam-international-association-of-movers\/\" target=\"_blank\" rel=\"noopener\">Od domova k domovu<\/a><\/p>\n<p><strong>Webov\u00e9 str\u00e1nky:<\/strong> <a href=\"http:\/\/www.iamovers.org\/\" target=\"_blank\" rel=\"noopener\">http:\/\/www.iamovers.org<\/a><\/p>","protected":false},"excerpt":{"rendered":"<p>The International Association of Movers (IAM) is a global trade body with members who provide moving, forwarding, shipping, logistics, and related services. It is the largest international trade association for the industry, originally founded by charter businesses that were doing business with the US government. Key facts about the IAM: Represents more than 2,000 companies [&hellip;]<\/p>\n","protected":false},"author":1,"featured_media":0,"parent":0,"menu_order":0,"comment_status":"closed","ping_status":"closed","template":"","meta":{"_genesis_hide_title":false,"_genesis_hide_breadcrumbs":false,"_genesis_hide_singular_image":false,"_genesis_hide_footer_widgets":false,"_genesis_custom_body_class":"","_genesis_custom_post_class":"","_genesis_layout":"","footnotes":""},"class_list":{"0":"post-431","1":"page","2":"type-page","3":"status-publish","5":"entry"},"_links":{"self":[{"href":"https:\/\/moverdb.com\/cs\/wp-json\/wp\/v2\/pages\/431","targetHints":{"allow":["GET"]}}],"collection":[{"href":"https:\/\/moverdb.com\/cs\/wp-json\/wp\/v2\/pages"}],"about":[{"href":"https:\/\/moverdb.com\/cs\/wp-json\/wp\/v2\/types\/page"}],"author":[{"embeddable":true,"href":"https:\/\/moverdb.com\/cs\/wp-json\/wp\/v2\/users\/1"}],"replies":[{"embeddable":true,"href":"https:\/\/moverdb.com\/cs\/wp-json\/wp\/v2\/comments?post=431"}],"version-history":[{"count":24,"href":"https:\/\/moverdb.com\/cs\/wp-json\/wp\/v2\/pages\/431\/revisions"}],"predecessor-version":[{"id":13162,"href":"https:\/\/moverdb.com\/cs\/wp-json\/wp\/v2\/pages\/431\/revisions\/13162"}],"wp:attachment":[{"href":"https:\/\/moverdb.com\/cs\/wp-json\/wp\/v2\/media?parent=431"}],"curies":[{"name":"wp","href":"https:\/\/api.w.org\/{rel}","templated":true}]}}