{"id":430,"date":"2016-06-08T14:50:20","date_gmt":"2016-06-08T14:50:20","guid":{"rendered":"http:\/\/moverdb.com\/?page_id=430"},"modified":"2026-01-08T14:47:52","modified_gmt":"2026-01-08T14:47:52","slug":"bar-overseas","status":"publish","type":"page","link":"https:\/\/moverdb.com\/cs\/bar-overseas\/","title":{"rendered":"Vysv\u011btlen\u00ed z\u00e1mo\u0159sk\u00e9 skupiny Britsk\u00e9 asociace st\u011bhov\u00e1k\u016f (BAR)"},"content":{"rendered":"<p><a href=\"https:\/\/moverdb.com\/cs\/british-association-of-removers\/\" data-internallinksmanager029f6b8e52c=\"9\" title=\"Vysv\u011btlen\u00ed Britsk\u00e9 asociace st\u011bhov\u00e1k\u016f (BAR)\">BAR<\/a> Skupina Overseas je sou\u010d\u00e1st\u00ed <a href=\"https:\/\/moverdb.com\/cs\/britska-asociace-stehovaku\/\">Britsk\u00e1 asociace st\u011bhov\u00e1k\u016f<\/a> (BAR), obchodn\u00ed sdru\u017een\u00ed. <\/p>\n<p>Stejn\u011b jako jej\u00ed mate\u0159sk\u00e1 organizace se v\u011bnuje podpo\u0159e profesion\u00e1ln\u00ed dokonalosti v oboru st\u011bhov\u00e1n\u00ed a m\u00e1 zvl\u00e1\u0161tn\u00ed zku\u0161enosti s \u0159e\u0161en\u00edm d\u00edl\u010d\u00edch a d\u00edl\u010d\u00edch st\u011bhovac\u00edch prac\u00ed. <a href=\"https:\/\/moverdb.com\/cs\/kontejnerova-preprava\/\">z\u00e1silky pln\u00fdch kontejner\u016f<\/a> po cel\u00e9m sv\u011bt\u011b a zbo\u017e\u00ed p\u0159ich\u00e1zej\u00edc\u00ed do <a href=\"https:\/\/moverdb.com\/cs\/moving-to-the-uk\/\" data-internallinksmanager029f6b8e52c=\"93\" title=\"St\u011bhujete se do Spojen\u00e9ho kr\u00e1lovstv\u00ed? 2022 \u017divotn\u00ed n\u00e1klady a tipy na st\u011bhov\u00e1n\u00ed\">UK<\/a> ze zahrani\u010d\u00ed.<\/p>\n<p><strong>Kl\u00ed\u010dov\u00e1 fakta o skupin\u011b BAR Overseas:<\/strong><\/p>\n<ol>\n<li>  BAR Overseas tvo\u0159\u00ed skupina 50 odborn\u00edk\u016f z Velk\u00e9 Brit\u00e1nie. <a href=\"https:\/\/moverdb.com\/cs\/stehovani-spolecnosti\/\">spole\u010dnosti<\/a> kte\u0159\u00ed se specializuj\u00ed na v\u0161echny aspekty <a href=\"https:\/\/moverdb.com\/cs\/mezinarodni-stehovani\/\">zahrani\u010dn\u00ed a mezin\u00e1rodn\u00ed st\u011bhov\u00e1n\u00ed<\/a> a p\u0159em\u00edst\u011bn\u00ed.<\/li>\n<li>  \u010clenov\u00e9 se p\u0159ihl\u00e1sili k syst\u00e9mu z\u00e1ruk za p\u0159edb\u011b\u017en\u00e9 platby, kter\u00fd je ur\u010den k ochran\u011b v\u0161ech z\u00e1lohov\u00fdch plateb z\u00e1kazn\u00edk\u016f.<\/li>\n<li>  \u010cleny jsou profesion\u00e1ln\u00ed spole\u010dnosti, kter\u00e9 se zav\u00e1zaly k dodr\u017eov\u00e1n\u00ed nejvy\u0161\u0161\u00edch standard\u016f slu\u017eeb a kter\u00e9 se specializuj\u00ed na st\u011bhov\u00e1n\u00ed do zahrani\u010d\u00ed.<\/li>\n<li>  Skupina BAR Overseas vy\u017eaduje od sv\u00fdch \u010dlen\u016f vysok\u00e9 standardy, pokud jde o prvky, jako je \u0161kolen\u00ed zam\u011bstnanc\u016f, vozidla a vybaven\u00ed, a n\u00e1v\u0161t\u011bvy na m\u00edst\u011b se mohou uskute\u010dnit v n\u00e1hodn\u00e9m term\u00ednu.<\/li>\n<li>  Normu kvality BS 8564 vypracovala skupina BAR Overseas Group ve spolupr\u00e1ci s BSI (British Standards Institution). V\u0161ichni \u010dlenov\u00e9 ji mus\u00ed m\u00edt.<\/li>\n<li>  Z\u00e1ruka platby p\u0159edem BAR chr\u00e1n\u00ed z\u00e1kazn\u00edky - pokud se st\u011bhov\u00e1k, u kter\u00e9ho si z\u00e1kazn\u00edk objednal pr\u00e1ci, dostane do finan\u010dn\u00edch pot\u00ed\u017e\u00ed, p\u0159evezme pr\u00e1ci jin\u00fd st\u011bhov\u00e1k, kter\u00fd zajist\u00ed dokon\u010den\u00ed pr\u00e1ce bez p\u0159\u00edplatku. <a href=\"https:\/\/moverdb.com\/cs\/naklady-na-stehovani\/\">n\u00e1klady<\/a> z\u00e1kazn\u00edkovi.<\/li>\n<\/ol>\n<p><strong>Profil organizace:<\/strong><\/p>\n<p>BAR je nejstar\u0161\u00edm profesn\u00edm sdru\u017een\u00edm v oblasti st\u011bhov\u00e1n\u00ed a st\u011bhovac\u00edch slu\u017eeb. <strong>Skupina Overseas<\/strong> je navr\u017eena tak, aby roz\u0161\u00ed\u0159ila sv\u016fj dosah ze Spojen\u00e9ho kr\u00e1lovstv\u00ed do destinac\u00ed po cel\u00e9m sv\u011bt\u011b. <\/p>\n<p>\u010clenstv\u00ed je otev\u0159eno pouze pro st\u011bhov\u00e1ky, kte\u0159\u00ed ji\u017e maj\u00ed \u010dlenstv\u00ed v BAR, ale to nezaru\u010duje, \u017ee budou p\u0159ijati do skupiny Overseas Group. Viz\u00ed skupiny je, aby se jej\u00ed \u010dlenov\u00e9 stali d\u016fv\u011bryhodn\u00fdmi st\u011bhov\u00e1ky pro pr\u00e1ci v zahrani\u010d\u00ed v oboru a aby propagovali a rozv\u00edjeli nejlep\u0161\u00ed profesion\u00e1ln\u00ed postupy pro st\u011bhov\u00e1n\u00ed v zahrani\u010d\u00ed.<\/p>\n<p><strong>Krit\u00e9ria pro \u010dlenstv\u00ed:<\/strong><\/p>\n<ul>\n<li> \u010clenov\u00e9 ji\u017e mus\u00ed b\u00fdt \u010dleny BAR.<\/li>\n<li> \u010clenov\u00e9 mus\u00ed b\u00fdt \u010dleny schv\u00e1len\u00e9ho syst\u00e9mu z\u00e1ruk za p\u0159edb\u011b\u017en\u00e9 platby (APG).<\/li>\n<li> \u010clenov\u00e9 mus\u00ed m\u00edt bu\u010f <a href=\"https:\/\/moverdb.com\/cs\/fidi-faim\/\">FIDI-FAIM<\/a>, nebo BS 8564 (The Overseas Moving Standard), nebo ekvivalentn\u00ed \u010di vy\u0161\u0161\u00ed schv\u00e1lenou extern\u011b auditovanou normu.<\/li>\n<\/ul>\n<p><strong>Vzorov\u00e9 \u010dlensk\u00e9 spole\u010dnosti:<\/strong><\/p>\n<ul>\n<li> <a href=\"https:\/\/moverdb.com\/cs\/harrow-green\/\">Harrow Green<\/a><\/li>\n<li> <a href=\"https:\/\/moverdb.com\/cs\/anglo-pacificke\/\">Anglo Pacific<\/a><\/li>\n<li> <a href=\"https:\/\/moverdb.com\/cs\/matthew-james\/\">Matthew James<\/a><\/li>\n<li> <a href=\"https:\/\/moverdb.com\/cs\/shore-porters-society\/\">Spole\u010dnost pob\u0159e\u017en\u00edch nosi\u010d\u016f<\/a><\/li>\n<li> <a href=\"https:\/\/moverdb.com\/cs\/pss-removals\/\">Mezin\u00e1rodn\u00ed st\u011bhov\u00e1n\u00ed PSS<\/a><\/li>\n<\/ul>\n<p><strong>N\u00e1zory na skupinu BAR Overseas<\/strong><\/p>\n<p>BAR Overseas m\u00e1 p\u0159\u00edsn\u00e1 krit\u00e9ria pro \u010dlenstv\u00ed, p\u0159i\u010dem\u017e \u010dlenov\u00e9 jsou pravideln\u011b kontrolov\u00e1ni, aby se zajistilo, \u017ee nedo\u0161lo k poklesu standard\u016f. Pov\u011bst asociace je zalo\u017eena na komplexn\u00ed kontrole \u010dlen\u016f, kter\u00e1 zahrnuje v\u0161e od provozu a\u017e po za\u0159\u00edzen\u00ed. <\/p>\n<p>Syst\u00e9m finan\u010dn\u00ed ochrany je pro \u010dleny pova\u017eov\u00e1n za velkou v\u00fdhodu, proto\u017ee mohou z\u00e1kazn\u00edk\u016fm nab\u00eddnout dodate\u010dnou finan\u010dn\u00ed ochranu. BAR Overseas t\u011b\u017e\u00ed ze st\u00e1vaj\u00edc\u00edho renom\u00e9 Britsk\u00e9 asociace st\u011bhov\u00e1k\u016f a je pova\u017eov\u00e1na za standard kvality pro zahrani\u010dn\u00ed st\u011bhov\u00e1n\u00ed. <\/p>\n<p>Jedna ze spole\u010dnost\u00ed zd\u016fraz\u0148uje, \u017ee ve Spojen\u00e9m kr\u00e1lovstv\u00ed je pouze 50-60 spole\u010dnost\u00ed, kter\u00e9 splnily krit\u00e9ria pro vstup do skupiny BAR Overseas, a to je jeden z d\u016fvod\u016f, pro\u010d je z\u00edsk\u00e1n\u00ed \u010dlenstv\u00ed takov\u00fdm \u00fasp\u011bchem.<\/p>\n<blockquote><p>\u010clenov\u00e9 mus\u00ed spl\u0148ovat p\u0159\u00edsn\u00e9 normy a jsou pravideln\u011b kontrolov\u00e1ni, aby bylo zaji\u0161t\u011bno, \u017ee jejich za\u0159\u00edzen\u00ed, vybaven\u00ed, \u0161kolen\u00ed person\u00e1lu a provozn\u00ed postupy z\u016fst\u00e1vaj\u00ed na nejvy\u0161\u0161\u00ed \u00farovni.<\/p><\/blockquote>\n<p>- <a href=\"http:\/\/www.abels.co.uk\/european-removals-moving-to-europe\/bar-overseas-group-what-is-this\/\" target=\"_blank\" rel=\"noopener\">Abels<\/a><\/p>\n<blockquote><p>Skupina BAR Overseas vytvo\u0159ila syst\u00e9m z\u00e1lohov\u00e9ho poji\u0161t\u011bn\u00ed IMMI (International Movers Mutual Insurance), aby ochr\u00e1nila sv\u00e9 z\u00e1kazn\u00edky.<\/p><\/blockquote>\n<p>- <a href=\"http:\/\/www.johnmason.com\/about-us\/accreditations\/bar-overseas-group\/\" target=\"_blank\" rel=\"noopener\">JohnMason<\/a> <\/p>\n<blockquote><p>Zaru\u010den\u00fd klid p\u0159i st\u011bhov\u00e1n\u00ed do zahrani\u010d\u00ed.BAR Overseas Group je specializovan\u00e1 sekce Britsk\u00e9 asociace st\u011bhov\u00e1k\u016f, jej\u00ed\u017e \u010dlenov\u00e9 jsou odborn\u00edky ve v\u0161ech oblastech st\u011bhov\u00e1n\u00ed do zahrani\u010d\u00ed. P\u0159\u00edsn\u00e1 krit\u00e9ria \u010dlenstv\u00ed a n\u00e1ro\u010dn\u00e9 standardy vy\u017eadovan\u00e9 od \u010dlen\u016f spl\u0148uje ve Velk\u00e9 Brit\u00e1nii m\u00e9n\u011b ne\u017e 60 spole\u010dnost\u00ed.<\/p><\/blockquote>\n<p>- <a href=\"http:\/\/www.simpsons-uk.com\/removals_accreditations\/overseas_group\" target=\"_blank\" rel=\"noopener\">Simpsonovi<\/a><\/p>\n<p><strong>Webov\u00e9 str\u00e1nky:<\/strong> <a href=\"http:\/\/www.baroverseas.co.uk\/\" target=\"_blank\" rel=\"noopener\">http:\/\/www.baroverseas.co.uk\/<\/a><\/p>","protected":false},"excerpt":{"rendered":"<p>BAR Overseas Group is part of the British Association of Removers (BAR), a Trade Association. Just like its parent organisation, it is dedicated to promoting professional excellence in the removals industry and has particular experience dealing with part and full container load shipments worldwide and goods coming into the UK from abroad. Key facts about [&hellip;]<\/p>\n","protected":false},"author":1,"featured_media":0,"parent":0,"menu_order":0,"comment_status":"closed","ping_status":"closed","template":"","meta":{"_genesis_hide_title":false,"_genesis_hide_breadcrumbs":false,"_genesis_hide_singular_image":false,"_genesis_hide_footer_widgets":false,"_genesis_custom_body_class":"","_genesis_custom_post_class":"","_genesis_layout":"","footnotes":""},"class_list":{"0":"post-430","1":"page","2":"type-page","3":"status-publish","5":"entry"},"_links":{"self":[{"href":"https:\/\/moverdb.com\/cs\/wp-json\/wp\/v2\/pages\/430","targetHints":{"allow":["GET"]}}],"collection":[{"href":"https:\/\/moverdb.com\/cs\/wp-json\/wp\/v2\/pages"}],"about":[{"href":"https:\/\/moverdb.com\/cs\/wp-json\/wp\/v2\/types\/page"}],"author":[{"embeddable":true,"href":"https:\/\/moverdb.com\/cs\/wp-json\/wp\/v2\/users\/1"}],"replies":[{"embeddable":true,"href":"https:\/\/moverdb.com\/cs\/wp-json\/wp\/v2\/comments?post=430"}],"version-history":[{"count":16,"href":"https:\/\/moverdb.com\/cs\/wp-json\/wp\/v2\/pages\/430\/revisions"}],"predecessor-version":[{"id":6187,"href":"https:\/\/moverdb.com\/cs\/wp-json\/wp\/v2\/pages\/430\/revisions\/6187"}],"wp:attachment":[{"href":"https:\/\/moverdb.com\/cs\/wp-json\/wp\/v2\/media?parent=430"}],"curies":[{"name":"wp","href":"https:\/\/api.w.org\/{rel}","templated":true}]}}