{"id":429,"date":"2016-06-06T14:44:52","date_gmt":"2016-06-06T14:44:52","guid":{"rendered":"http:\/\/moverdb.com\/?page_id=429"},"modified":"2026-01-08T14:47:51","modified_gmt":"2026-01-08T14:47:51","slug":"britska-asociace-stehovaku","status":"publish","type":"page","link":"https:\/\/moverdb.com\/cs\/british-association-of-removers\/","title":{"rendered":"Vysv\u011btlen\u00ed Britsk\u00e9 asociace st\u011bhov\u00e1k\u016f (BAR)"},"content":{"rendered":"<p>Britsk\u00e1 asociace st\u011bhov\u00e1k\u016f (British Association of Removers - BAR) se ozna\u010duje za \"uzn\u00e1van\u00fd hlas profesion\u00e1ln\u00edho st\u011bhovac\u00edho pr\u016fmyslu\" a je kl\u00ed\u010dov\u00fdm org\u00e1nem v oblasti st\u011bhov\u00e1n\u00ed. <a href=\"https:\/\/moverdb.com\/cs\/moving-to-the-uk\/\" data-internallinksmanager029f6b8e52c=\"93\" title=\"St\u011bhujete se do Spojen\u00e9ho kr\u00e1lovstv\u00ed? 2022 \u017divotn\u00ed n\u00e1klady a tipy na st\u011bhov\u00e1n\u00ed\">UK<\/a> st\u011bhovac\u00ed pr\u016fmysl. <\/p>\n<p>Do p\u016fsobnosti BAR pat\u0159\u00ed \u0161kolen\u00ed, profesn\u00ed standardy a poskytov\u00e1n\u00ed informac\u00ed a poradenstv\u00ed z\u00e1kazn\u00edk\u016fm, jako\u017e i slu\u017eba \u0159e\u0161en\u00ed spor\u016f.<\/p>\n<p><strong>Kl\u00ed\u010dov\u00e1 fakta o spole\u010dnosti BAR:<\/strong><\/p>\n<ol>\n<li>  BAR m\u00e1 n\u011bkolik r\u016fzn\u00fdch typ\u016f \u010dlenstv\u00ed: \u010clenstv\u00ed ve Spojen\u00e9m kr\u00e1lovstv\u00ed, <a href=\"https:\/\/moverdb.com\/cs\/bar-overseas\/\">\u010clenstv\u00ed ve skupin\u011b Overseas<\/a>, \u010dlenstv\u00ed ve skupin\u011b Commercial Moving Group, \u010dlenstv\u00ed v z\u00e1jmov\u00e9 skupin\u011b Self Storage. <a href=\"https:\/\/moverdb.com\/cs\/mezinarodni-stehovani\/\">Spole\u010dnosti<\/a> mohou b\u00fdt tak\u00e9 mezin\u00e1rodn\u00ed pobo\u010dky (podniky mimo Spojen\u00e9 kr\u00e1lovstv\u00ed, kter\u00e9 podnikaj\u00ed v oboru st\u011bhov\u00e1n\u00ed) a pobo\u010dky (spole\u010dnosti, kter\u00e9 se nezab\u00fdvaj\u00ed st\u011bhov\u00e1n\u00edm a skladov\u00e1n\u00edm, ale poskytuj\u00ed zbo\u017e\u00ed a slu\u017eby pro tento obor).<\/li>\n<li>  BAR m\u00e1 jedin\u00fd kodex praxe v oboru st\u011bhov\u00e1n\u00ed, kter\u00fd je schv\u00e1len a kontrolov\u00e1n Institutem obchodn\u00edch standard\u016f.<\/li>\n<li>  Institut obchodn\u00edch standard\u016f sleduje v\u00fdkonnost v\u0161ech \u010dlen\u016f BAR.<\/li>\n<li>  BAR pokr\u00fdv\u00e1 Spojen\u00e9 kr\u00e1lovstv\u00ed i <a href=\"https:\/\/moverdb.com\/cs\/stehovani-spolecnosti\/\">mezin\u00e1rodn\u00ed st\u011bhov\u00e1n\u00ed<\/a>.<\/li>\n<li>  Spole\u010dnost BAR m\u00e1 vlastn\u00ed vzd\u011bl\u00e1vac\u00ed divizi - BAR Training Services, kter\u00e1 nab\u00edz\u00ed profesion\u00e1ln\u00ed obchodn\u00ed \u0161kolen\u00ed, je\u017e ur\u010duj\u00ed standardy v oblasti specifick\u00fdch oborov\u00fdch \u0161kolen\u00ed.<\/li>\n<li>  \u010clenov\u00e9 BAR podl\u00e9haj\u00ed b\u011bhem sv\u00e9ho \u010dlenstv\u00ed pr\u016fb\u011b\u017en\u00fdm kontrol\u00e1m na m\u00edst\u011b.<\/li>\n<li> Spole\u010dnost BAR tak\u00e9 provozuje <a href=\"https:\/\/www.trustedmover.org\" target=\"_blank\" rel=\"noopener\">D\u016fv\u011bryhodn\u00fd st\u011bhov\u00e1k<\/a> webov\u00e9 str\u00e1nky, kter\u00e9 v\u00e1m pomohou naj\u00edt odstra\u0148ova\u010de BAR.<\/li>\n<\/ol>\n<p><strong>Profil organizace:<\/strong><\/p>\n<p>BAR se etablovala jako oborov\u00e1 organizace, jej\u00edm\u017e posl\u00e1n\u00edm je prosazovat profesion\u00e1ln\u00ed standardy v oblasti st\u011bhov\u00e1n\u00ed ve prosp\u011bch sv\u00fdch \u010dlen\u016f a tak\u00e9 jejich z\u00e1kazn\u00edk\u016f. M\u00e1 sv\u016fj kodex, kter\u00fd stanovuje standardy slu\u017eeb, materi\u00e1l\u016f, vozidel a skladov\u00e1n\u00ed, \u0161kolen\u00ed zam\u011bstnanc\u016f a zp\u016fsob \u0159e\u0161en\u00ed situace, pokud se n\u011bco pokaz\u00ed. <\/p>\n<p>Poskytuje tak\u00e9 finan\u010dn\u00ed ochranu z\u00e1kazn\u00edk\u016fm, nap\u0159\u00edklad v p\u0159\u00edpad\u011b, \u017ee st\u011bhov\u00e1k zru\u0161\u00ed zak\u00e1zku. Z\u00e1kazn\u00edci si mohou na \u010dlena BAR st\u011b\u017eovat a existuje tak\u00e9 slu\u017eba alternativn\u00edho \u0159e\u0161en\u00ed spor\u016f. <\/p>\n<p>\u0160kolen\u00ed je kl\u00ed\u010dovou sou\u010d\u00e1st\u00ed \u010dlensk\u00e9ho programu BAR a \u010dlenov\u00e9 maj\u00ed p\u0159\u00edstup k modul\u016fm ELearning na t\u00e9mata, jako je veden\u00ed, finance, prodej a prodej, z\u00e1kaznick\u00fd servis, marketing, kou\u010dov\u00e1n\u00ed, \u0159\u00edzen\u00ed a rozvoj mana\u017eersk\u00fdch dovednost\u00ed.<\/p>\n<p><strong>N\u011bkter\u00e9 \u010dlensk\u00e9 spole\u010dnosti<\/strong><\/p>\n<ul>\n<li> <a href=\"https:\/\/moverdb.com\/cs\/cadogan-tate\/\">Cadogan Tate<\/a><\/li>\n<li> <a href=\"https:\/\/moverdb.com\/cs\/anglo-pacificke\/\">Anglo Pacific<\/a><\/li>\n<li> <a href=\"https:\/\/moverdb.com\/cs\/shore-porters-society\/\">Spole\u010dnost pob\u0159e\u017en\u00edch nosi\u010d\u016f<\/a><\/li>\n<li> <a href=\"https:\/\/moverdb.com\/cs\/matthew-james\/\">Matthew James<\/a><\/li>\n<li> <a href=\"https:\/\/moverdb.com\/cs\/robinsons\/\">Robinsons Relocation<\/a><\/li>\n<li> <a href=\"https:\/\/moverdb.com\/cs\/conroy-removals\/\">Conroy Removals<\/a><\/li>\n<\/ul>\n<p><strong>Krit\u00e9ria pro \u010dlenstv\u00ed:<\/strong><\/p>\n<p>Na webov\u00fdch str\u00e1nk\u00e1ch nejsou k dispozici \u017e\u00e1dn\u00e1 krit\u00e9ria \u010dlenstv\u00ed, ale p\u00ed\u0161e se zde: \"Pokud m\u00e1te z\u00e1jem st\u00e1t se \u010dlenem BAR a chcete-li z\u00edskat krit\u00e9ria \u010dlenstv\u00ed a formul\u00e1\u0159 p\u0159ihl\u00e1\u0161ky, kontaktujte pros\u00edm BAR a uve\u010fte informace o sv\u00e9 spole\u010dnosti a kontaktn\u00ed \u00fadaje.\"<\/p>\n<p><strong>N\u00e1zory odv\u011btv\u00ed na Britskou asociaci st\u011bhov\u00e1k\u016f:<\/strong><\/p>\n<p>Sdru\u017een\u00ed BAR se \u010dasto objevuje na webov\u00fdch str\u00e1nk\u00e1ch britsk\u00fdch st\u011bhovac\u00edch firem a mnoho z t\u011bch, kte\u0159\u00ed jej uv\u00e1d\u011bj\u00ed, se zam\u011b\u0159uje na jeho dlouhov\u011bkost jako jednoho z nejstar\u0161\u00edch obchodn\u00edch sdru\u017een\u00ed v odv\u011btv\u00ed st\u011bhov\u00e1n\u00ed a jeho v\u00edce ne\u017e stoletou historii. <\/p>\n<p>Za dal\u0161\u00ed velkou v\u00fdhodu pova\u017eujeme skute\u010dnost, \u017ee obchodn\u00ed standardy schv\u00e1lily sv\u016fj kodex, kter\u00fd spot\u0159ebitel\u016fm poskytuje jistotu, \u017ee jejich z\u00e1jmy jsou chr\u00e1n\u011bny nad r\u00e1mec z\u00e1kladn\u00edch po\u017eadavk\u016f z\u00e1kona. <\/p>\n<p>Za d\u016fle\u017eitou se pova\u017euje skute\u010dnost, \u017ee sdru\u017een\u00ed prov\u00e1d\u00ed pr\u016fb\u011b\u017en\u00e9 kontroly na stavb\u00e1ch, a tak\u00e9 to, \u017ee \u010dlenov\u00e9 mus\u00ed prok\u00e1zat trvalou spokojenost z\u00e1kazn\u00edk\u016f. <\/p>\n<p>Obecn\u011b panuje n\u00e1zor, \u017ee <em>\"v\u00fdb\u011brem \u010dlena spole\u010dnosti BAR si zajist\u00edte co nejhlad\u0161\u00ed pr\u016fb\u011bh st\u011bhov\u00e1n\u00ed.\"<\/em> Webov\u00e9 str\u00e1nky v\u011bnovan\u00e9 nemovitostem uv\u00e1d\u011bj\u00ed standard BAR jako z\u00e1kladn\u00ed po\u017eadavek na dobr\u00e9ho st\u011bhov\u00e1ka, kter\u00fd dodr\u017euje minim\u00e1ln\u00ed standardy profesionality a nab\u00edz\u00ed ur\u010ditou finan\u010dn\u00ed ochranu.<\/p>\n<blockquote><p>V\u00fdb\u011br st\u011bhovac\u00ed firmy, kter\u00e1 se zav\u00e1zala k \u010dlenstv\u00ed v BAR, je dobr\u00fdm v\u00fdchoz\u00edm bodem, proto\u017ee ukazuje, \u017ee je ochotna dodr\u017eovat minim\u00e1ln\u00ed standardy. \u010clenov\u00e9 BAR maj\u00ed minim\u00e1ln\u00ed standardy chov\u00e1n\u00ed pro \u010dlenstv\u00ed, kter\u00e9 budou ve va\u0161em z\u00e1jmu, jako jsou leg\u00e1ln\u00ed, licencovan\u00e1 vozidla, ochrana va\u0161\u00ed z\u00e1lohy a rozhod\u010d\u00ed \u0159\u00edzen\u00ed nebo bezplatn\u00e9 sm\u00edr\u010d\u00ed \u0159\u00edzen\u00ed a v nepravd\u011bpodobn\u00e9m p\u0159\u00edpad\u011b, \u017ee se n\u011bco pokaz\u00ed.<\/p><\/blockquote>\n<p>- <a href=\"http:\/\/www.rightmove.co.uk\/choosing-a-removal-company.html\" target=\"_blank\" rel=\"noopener\">rightmove<\/a><\/p>\n<blockquote><p>Ka\u017ed\u00fd \u010dlen BAR pracuje podle Kodexu praxe BAR, kter\u00fd je schv\u00e1len obchodn\u00edmi standardy. Tento p\u0159\u00edsn\u00fd kodex chr\u00e1n\u00ed a prosazuje z\u00e1jmy spot\u0159ebitel\u016f nad r\u00e1mec z\u00e1kladn\u00edch po\u017eadavk\u016f z\u00e1kona.<\/p><\/blockquote>\n<p>- <a href=\"http:\/\/www.pickfords.co.uk\/british-association-of-removers\" target=\"_blank\" rel=\"noopener\">Pickfords<\/a><\/p>\n<blockquote><p>V\u00edce ne\u017e 97% spot\u0159ebitel\u016f doporu\u010duje sv\u016fj odstra\u0148ova\u010d BAR.<\/p><\/blockquote>\n<p>- <a href=\"http:\/\/www.comparemymove.com\/blog\/our-partners\/a-guide-to-joining-the-british-association-of-removers\/\" target=\"_blank\" rel=\"noopener\">Porovn\u00e1n\u00ed m\u00e9ho st\u011bhov\u00e1n\u00ed<\/a><\/p>\n<p><strong>Webov\u00e9 str\u00e1nky:<\/strong> <a href=\"http:\/\/www.bar.co.uk\/\" target=\"_blank\" rel=\"noopener\">http:\/\/www.bar.co.uk\/<\/a><\/p>","protected":false},"excerpt":{"rendered":"<p>The British Association of Removers (BAR) describes itself as the &#8220;recognised voice of the professional moving industry&#8221; and it is a key body in the UK moving industry. Training, professional standards and providing information and advice to customers are included in the BAR&#8217;s remit, as well as a dispute resolution service. Key facts about BAR: [&hellip;]<\/p>\n","protected":false},"author":1,"featured_media":0,"parent":0,"menu_order":0,"comment_status":"closed","ping_status":"closed","template":"","meta":{"_genesis_hide_title":false,"_genesis_hide_breadcrumbs":false,"_genesis_hide_singular_image":false,"_genesis_hide_footer_widgets":false,"_genesis_custom_body_class":"","_genesis_custom_post_class":"","_genesis_layout":"","footnotes":""},"class_list":{"0":"post-429","1":"page","2":"type-page","3":"status-publish","5":"entry"},"_links":{"self":[{"href":"https:\/\/moverdb.com\/cs\/wp-json\/wp\/v2\/pages\/429","targetHints":{"allow":["GET"]}}],"collection":[{"href":"https:\/\/moverdb.com\/cs\/wp-json\/wp\/v2\/pages"}],"about":[{"href":"https:\/\/moverdb.com\/cs\/wp-json\/wp\/v2\/types\/page"}],"author":[{"embeddable":true,"href":"https:\/\/moverdb.com\/cs\/wp-json\/wp\/v2\/users\/1"}],"replies":[{"embeddable":true,"href":"https:\/\/moverdb.com\/cs\/wp-json\/wp\/v2\/comments?post=429"}],"version-history":[{"count":18,"href":"https:\/\/moverdb.com\/cs\/wp-json\/wp\/v2\/pages\/429\/revisions"}],"predecessor-version":[{"id":6186,"href":"https:\/\/moverdb.com\/cs\/wp-json\/wp\/v2\/pages\/429\/revisions\/6186"}],"wp:attachment":[{"href":"https:\/\/moverdb.com\/cs\/wp-json\/wp\/v2\/media?parent=429"}],"curies":[{"name":"wp","href":"https:\/\/api.w.org\/{rel}","templated":true}]}}