{"id":42,"date":"2016-03-19T18:09:36","date_gmt":"2016-03-19T18:09:36","guid":{"rendered":"http:\/\/moverdb.com\/?page_id=42"},"modified":"2026-01-08T15:20:50","modified_gmt":"2026-01-08T15:20:50","slug":"podminky-pouzivani","status":"publish","type":"page","link":"https:\/\/moverdb.com\/cs\/terms-of-use\/","title":{"rendered":"Podm\u00ednky pou\u017eit\u00ed"},"content":{"rendered":"<p><strong>P\u0158ED POU\u017dIT\u00cdM T\u011aCHTO WEBOV\u00ddCH STR\u00c1NEK SI JE PROS\u00cdM PE\u010cLIV\u011a P\u0158E\u010cT\u011aTE.<\/strong><\/p>\n<p>V\u00edtejte na str\u00e1nk\u00e1ch MoverDB.com. Pokud budete pokra\u010dovat v prohl\u00ed\u017een\u00ed a pou\u017e\u00edv\u00e1n\u00ed t\u00e9to webov\u00e9 str\u00e1nky, souhlas\u00edte s dodr\u017eov\u00e1n\u00edm n\u00e1sleduj\u00edc\u00edch podm\u00ednek pou\u017e\u00edv\u00e1n\u00ed, kter\u00e9 jsou pro v\u00e1s spolu s na\u0161imi podm\u00ednkami z\u00e1vazn\u00e9. <a href=\"https:\/\/MoverDB.com\/privacy-policy\/\" target=\"_blank\" rel=\"noopener\">z\u00e1sady ochrany osobn\u00edch \u00fadaj\u016f<\/a> upravuje vztah MoverDB.com s v\u00e1mi ve vztahu k t\u011bmto webov\u00fdm str\u00e1nk\u00e1m. Pokud s jakoukoli \u010d\u00e1st\u00ed t\u011bchto podm\u00ednek nesouhlas\u00edte, nepou\u017e\u00edvejte pros\u00edm na\u0161e webov\u00e9 str\u00e1nky.<\/p>\n<p>Tyto podm\u00ednky pou\u017e\u00edv\u00e1n\u00ed spolu s dal\u0161\u00edmi dokumenty uveden\u00fdmi n\u00ed\u017ee stanov\u00ed podm\u00ednky, za kter\u00fdch m\u016f\u017eete vyu\u017e\u00edvat str\u00e1nky https:\/\/MoverDB.com\/ (\"na\u0161e str\u00e1nky\"). <\/p>\n<p>Dal\u0161\u00ed d\u016fle\u017eit\u00e9 dokumenty <\/p>\n<p>Podm\u00ednky pou\u017e\u00edv\u00e1n\u00ed se vztahuj\u00ed na na\u0161e <a href=\"https:\/\/MoverDB.com\/privacy-policy\/\" target=\"_blank\" rel=\"noopener\">Z\u00e1sady ochrany osobn\u00edch \u00fadaj\u016f<\/a>, kter\u00e9 stanov\u00ed podm\u00ednky, za nich\u017e zpracov\u00e1v\u00e1me ve\u0161ker\u00e9 osobn\u00ed \u00fadaje, kter\u00e9 n\u00e1m poskytnete. <a href=\"https:\/\/moverdb.com\/cs\/moving-to-the-united-states\/\" data-internallinksmanager029f6b8e52c=\"94\" title=\"St\u011bhujete se do Spojen\u00fdch st\u00e1t\u016f? 2022 \u017divotn\u00ed n\u00e1klady a tipy na st\u011bhov\u00e1n\u00ed\">n\u00e1s<\/a>nebo kter\u00e9 od v\u00e1s z\u00edsk\u00e1me. M\u016f\u017eete si tak\u00e9 p\u0159e\u010d\u00edst na\u0161e \u00fapln\u00e9 zn\u011bn\u00ed <a href=\"https:\/\/moverdb.com\/cs\/data-processing-policy\/\">Z\u00e1sady zpracov\u00e1n\u00ed \u00fadaj\u016f<\/a>. Pou\u017e\u00edv\u00e1n\u00edm na\u0161ich str\u00e1nek s t\u00edmto zpracov\u00e1n\u00edm souhlas\u00edte.<\/p>\n<p>Pou\u017e\u00edv\u00e1n\u00ed t\u011bchto webov\u00fdch str\u00e1nek podl\u00e9h\u00e1 n\u00e1sleduj\u00edc\u00edm podm\u00ednk\u00e1m pou\u017e\u00edv\u00e1n\u00ed:<\/p>\n<ul>\n<li>Obsah str\u00e1nek t\u00e9to webov\u00e9 str\u00e1nky je ur\u010den pouze pro va\u0161i obecnou informaci a pou\u017eit\u00ed. M\u016f\u017ee se zm\u011bnit bez p\u0159edchoz\u00edho upozorn\u011bn\u00ed.<\/li>\n<li> Vypln\u011bn\u00edm formul\u00e1\u0159e souhlas\u00edte s t\u00edm, \u017ee m\u016f\u017eeme tyto informace sd\u00edlet s t\u0159et\u00edmi stranami, abychom v\u00e1m pomohli z\u00edskat nejlep\u0161\u00ed cenov\u00e9 srovn\u00e1n\u00ed pro va\u0161e mezin\u00e1rodn\u00ed st\u011bhov\u00e1n\u00ed.<\/li>\n<li>Tyto webov\u00e9 str\u00e1nky pou\u017e\u00edvaj\u00ed soubory cookie ke sledov\u00e1n\u00ed preferenc\u00ed p\u0159i prohl\u00ed\u017een\u00ed. Pokud pou\u017e\u00edv\u00e1n\u00ed soubor\u016f cookie povol\u00edte, mohou b\u00fdt na\u0161e osobn\u00ed \u00fadaje ulo\u017eeny pro pou\u017eit\u00ed t\u0159et\u00edmi stranami.<\/li>\n<li> Ani my, ani t\u0159et\u00ed strany neposkytujeme \u017e\u00e1dnou z\u00e1ruku na p\u0159esnost, v\u010dasnost, v\u00fdkonnost, \u00faplnost nebo vhodnost informac\u00ed a materi\u00e1l\u016f, kter\u00e9 se nach\u00e1zej\u00ed nebo jsou nab\u00edzeny na t\u011bchto webov\u00fdch str\u00e1nk\u00e1ch, pro jak\u00fdkoli konkr\u00e9tn\u00ed \u00fa\u010del. Berete na v\u011bdom\u00ed, \u017ee tyto informace a materi\u00e1ly mohou obsahovat nep\u0159esnosti nebo chyby, a my v\u00fdslovn\u011b vylu\u010dujeme odpov\u011bdnost za takov\u00e9 nep\u0159esnosti nebo chyby v maxim\u00e1ln\u00edm rozsahu povolen\u00e9m z\u00e1konem.<\/li>\n<li> Jak\u00e9koli informace nebo materi\u00e1ly na t\u011bchto webov\u00fdch str\u00e1nk\u00e1ch pou\u017e\u00edv\u00e1te v\u00fdhradn\u011b na vlastn\u00ed nebezpe\u010d\u00ed, za kter\u00e9 neneseme \u017e\u00e1dnou odpov\u011bdnost. Je va\u0161\u00ed vlastn\u00ed odpov\u011bdnost\u00ed zajistit, aby produkty, slu\u017eby nebo informace dostupn\u00e9 prost\u0159ednictv\u00edm t\u011bchto webov\u00fdch str\u00e1nek spl\u0148ovaly va\u0161e konkr\u00e9tn\u00ed po\u017eadavky.<\/li>\n<li> Tyto webov\u00e9 str\u00e1nky obsahuj\u00ed materi\u00e1l, kter\u00fd je v na\u0161em vlastnictv\u00ed nebo na n\u011bj m\u00e1me licenci. Tento materi\u00e1l zahrnuje mimo jin\u00e9 design, uspo\u0159\u00e1d\u00e1n\u00ed, vzhled a grafiku. Reprodukce je zak\u00e1z\u00e1na jinak ne\u017e v souladu s upozorn\u011bn\u00edm na autorsk\u00e1 pr\u00e1va, kter\u00e9 je sou\u010d\u00e1st\u00ed t\u011bchto podm\u00ednek.<\/li>\n<li> Neopr\u00e1vn\u011bn\u00e9 pou\u017e\u00edv\u00e1n\u00ed t\u011bchto webov\u00fdch str\u00e1nek m\u016f\u017ee v\u00e9st k n\u00e1roku na n\u00e1hradu \u0161kody a\/nebo k trestn\u00e9mu \u010dinu.<\/li>\n<li> \u010cas od \u010dasu mohou tyto webov\u00e9 str\u00e1nky obsahovat tak\u00e9 odkazy na jin\u00e9 webov\u00e9 str\u00e1nky. Tyto odkazy jsou uvedeny pro va\u0161e pohodl\u00ed a poskytuj\u00ed dal\u0161\u00ed informace. Neznamenaj\u00ed, \u017ee tyto webov\u00e9 str\u00e1nky podporujeme. Za obsah odkazovan\u00fdch webov\u00fdch str\u00e1nek neneseme \u017e\u00e1dnou odpov\u011bdnost.<\/li>\n<\/ul>","protected":false},"excerpt":{"rendered":"<p>PLEASE READ THESE CAREFULLY BEFORE USING THIS WEBSITE. Welcome to MoverDB.com. If you continue to browse and use this website, you are agreeing to comply with and be bound by the following terms and conditions of use, which together with our privacy policy govern MoverDB.com&#8217;s relationship with you in relation to this website. If you [&hellip;]<\/p>\n","protected":false},"author":1,"featured_media":0,"parent":0,"menu_order":0,"comment_status":"closed","ping_status":"closed","template":"","meta":{"_genesis_hide_title":false,"_genesis_hide_breadcrumbs":false,"_genesis_hide_singular_image":false,"_genesis_hide_footer_widgets":false,"_genesis_custom_body_class":"","_genesis_custom_post_class":"","_genesis_layout":"","footnotes":""},"class_list":{"0":"post-42","1":"page","2":"type-page","3":"status-publish","5":"entry"},"_links":{"self":[{"href":"https:\/\/moverdb.com\/cs\/wp-json\/wp\/v2\/pages\/42","targetHints":{"allow":["GET"]}}],"collection":[{"href":"https:\/\/moverdb.com\/cs\/wp-json\/wp\/v2\/pages"}],"about":[{"href":"https:\/\/moverdb.com\/cs\/wp-json\/wp\/v2\/types\/page"}],"author":[{"embeddable":true,"href":"https:\/\/moverdb.com\/cs\/wp-json\/wp\/v2\/users\/1"}],"replies":[{"embeddable":true,"href":"https:\/\/moverdb.com\/cs\/wp-json\/wp\/v2\/comments?post=42"}],"version-history":[{"count":5,"href":"https:\/\/moverdb.com\/cs\/wp-json\/wp\/v2\/pages\/42\/revisions"}],"predecessor-version":[{"id":3243,"href":"https:\/\/moverdb.com\/cs\/wp-json\/wp\/v2\/pages\/42\/revisions\/3243"}],"wp:attachment":[{"href":"https:\/\/moverdb.com\/cs\/wp-json\/wp\/v2\/media?parent=42"}],"curies":[{"name":"wp","href":"https:\/\/api.w.org\/{rel}","templated":true}]}}