{"id":4183,"date":"2022-06-17T03:27:11","date_gmt":"2022-06-17T03:27:11","guid":{"rendered":"https:\/\/moverdb.com\/?page_id=4183"},"modified":"2026-01-08T13:19:46","modified_gmt":"2026-01-08T13:19:46","slug":"curacao","status":"publish","type":"page","link":"https:\/\/moverdb.com\/cs\/container-shipping\/curacao\/","title":{"rendered":"2026 Sazby n\u00e1mo\u0159n\u00ed kontejnerov\u00e9 dopravy z a na Cura\u00e7ao"},"content":{"rendered":"<div class=\"wp-block-image\">\n<figure class=\"aligncenter size-full\"><img loading=\"lazy\" decoding=\"async\" width=\"1000\" height=\"667\" src=\"https:\/\/moverdb.com\/wp-content\/uploads\/willemstad-curacao.jpg\" alt=\"Zn\u00e1m\u00e9 n\u00e1b\u0159e\u017e\u00ed ve m\u011bst\u011b Willemstad, Cura\u00e7ao\" class=\"wp-image-4140\" srcset=\"https:\/\/moverdb.com\/wp-content\/uploads\/willemstad-curacao.jpg 1000w, https:\/\/moverdb.com\/wp-content\/uploads\/willemstad-curacao-300x200.jpg 300w, https:\/\/moverdb.com\/wp-content\/uploads\/willemstad-curacao-18x12.jpg 18w, https:\/\/moverdb.com\/wp-content\/uploads\/willemstad-curacao-600x400.jpg 600w\" sizes=\"auto, (max-width: 1000px) 100vw, 1000px\" \/><\/figure>\n<\/div>\n\n\n<p><strong><a href=\"https:\/\/moverdb.com\/cs\/moving-to-curacao\/\" data-internallinksmanager029f6b8e52c=\"429\" title=\"St\u011bhov\u00e1n\u00ed na Cura\u00e7ao? 2026 N\u00e1klady na bydlen\u00ed a tipy na st\u011bhov\u00e1n\u00ed\">Cura\u00e7ao<\/a><\/strong> je ostrovn\u00ed st\u00e1t v Karibiku, kter\u00fd je sou\u010d\u00e1st\u00ed Kr\u00e1lovstv\u00ed Irska. <a href=\"https:\/\/moverdb.com\/cs\/moving-to-the-netherlands\/\" data-internallinksmanager029f6b8e52c=\"328\" title=\"St\u011bhov\u00e1n\u00ed do Nizozemska? 2026 N\u00e1klady na bydlen\u00ed a tipy na p\u0159est\u011bhov\u00e1n\u00ed\">Nizozemsko<\/a>. Cura\u00e7ao nab\u00edz\u00ed mnoho zaj\u00edmav\u00e9ho, od muze\u00ed a pam\u00e1tkov\u00fdch dom\u016f a\u017e po pl\u00e1\u017ee a m\u00edsta pro pot\u00e1p\u011bn\u00ed s kor\u00e1ly, a kvalita \u017eivota je zde na vysok\u00e9 \u00farovni.<\/p>\n\n\n\n<p>St\u00e1l\u00ed obyvatel\u00e9 i n\u00e1v\u0161t\u011bvn\u00edci si na Cura\u00e7ao mohou u\u017e\u00edvat bezpe\u010d\u00ed, vysok\u00e9 tolerance, ekonomick\u00e9 stability, dostatku slune\u010dn\u00edho svitu a p\u0159\u00edjemn\u00fdch teplot.<\/p>\n\n\n\n<p>Pokud m\u00e1te v \u00famyslu st\u00e1t se dlouhodob\u00fdm ob\u010danem Cura\u00e7aa, pravd\u011bpodobn\u011b byste museli vynalo\u017eit nemal\u00e9 n\u00e1klady na st\u011bhov\u00e1n\u00ed sv\u00fdch dom\u00e1c\u00edch pot\u0159eb na toto n\u00e1dhern\u00e9 m\u00edsto.<\/p>\n\n\n\n<p>Abychom to zjistili (ale tak\u00e9 se dozv\u011bd\u011bli o n\u00e1kladech na st\u011bhov\u00e1n\u00ed z Cura\u00e7aa), vyhledali jsme nejni\u017e\u0161\u00ed cenu Cura\u00e7aa. <a href=\"https:\/\/moverdb.com\/cs\/container-shipping\/\" data-internallinksmanager029f6b8e52c=\"3\" title=\"Graf sazeb mezin\u00e1rodn\u00ed kontejnerov\u00e9 dopravy: Duben 2026\">sazby za p\u0159epravu kontejner\u016f<\/a> pro 20' a 40' p\u0159epravn\u00ed kontejnery a zahrnuje n\u00ed\u017ee uveden\u00e9 grafy a mapy.<\/p>\n\n\n\n<p>Cura\u00e7ao je mal\u00fd ostrovn\u00ed st\u00e1t, kter\u00fd nen\u00ed \u010dasto nav\u0161t\u011bvov\u00e1n n\u00e1kladn\u00edmi lod\u011bmi, a proto jsou mo\u017enosti stanoven\u00ed cen za p\u0159epravu kontejner\u016f do nebo z hlavn\u00edho m\u011bsta Willemstadu omezen\u00e9. M\u016f\u017eeme v\u00e1m v\u0161ak dodate\u010dn\u011b pomoci, pokud vypln\u00edte sv\u00e9 \u00fadaje ve v\u00fd\u0161e uveden\u00e9m n\u00e1stroji a vy\u017e\u00e1d\u00e1te si vlastn\u00ed nab\u00eddku.<\/p>\n\n\n\n<h2 class=\"wp-block-heading\">N\u00e1klady na p\u0159epravu kontejner\u016f do Cura\u00e7ao (Willemstad)<\/h2>\n\n\n<div class=\"wp-block-image\">\n<figure class=\"aligncenter size-large\"><img loading=\"lazy\" decoding=\"async\" width=\"1024\" height=\"539\" src=\"https:\/\/moverdb.com\/wp-content\/uploads\/Shipping-Container-Costs-to-Curacao-1024x539.png\" alt=\"N\u00e1klady na p\u0159epravu kontejner\u016f do Cura\u00e7ao (Willemstad)\" class=\"wp-image-4142\" srcset=\"https:\/\/moverdb.com\/wp-content\/uploads\/Shipping-Container-Costs-to-Curacao-1024x539.png 1024w, https:\/\/moverdb.com\/wp-content\/uploads\/Shipping-Container-Costs-to-Curacao-300x158.png 300w, https:\/\/moverdb.com\/wp-content\/uploads\/Shipping-Container-Costs-to-Curacao-1536x809.png 1536w, https:\/\/moverdb.com\/wp-content\/uploads\/Shipping-Container-Costs-to-Curacao-18x9.png 18w, https:\/\/moverdb.com\/wp-content\/uploads\/Shipping-Container-Costs-to-Curacao-600x316.png 600w, https:\/\/moverdb.com\/wp-content\/uploads\/Shipping-Container-Costs-to-Curacao.png 2000w\" sizes=\"auto, (max-width: 1024px) 100vw, 1024px\" \/><\/figure>\n<\/div>\n\n\n<table id=\"tablepress-87\" class=\"tablepress tablepress-id-87\">\n<thead>\n<tr class=\"row-1\">\n\t<th class=\"column-1\">Zem\u011b ur\u010den\u00ed (<a href=\"https:\/\/moverdb.com\/cs\/top-49-container-ports\/\" data-internallinksmanager029f6b8e52c=\"80\" title=\"49 nejv\u011bt\u0161\u00edch a nejru\u0161n\u011bj\u0161\u00edch kontejnerov\u00fdch p\u0159\u00edstav\u016f v roce 2025\">P\u0159\u00edstav<\/a>\/M\u011bsto)<\/th><th class=\"column-2\">20FT<\/th><th class=\"column-3\">40FT<\/th>\n<\/tr>\n<\/thead>\n<tbody class=\"row-striping row-hover\">\n<tr class=\"row-2\">\n\t<td class=\"column-1\"><a href=\"https:\/\/moverdb.com\/cs\/container-shipping\/andorra\/\" data-internallinksmanager029f6b8e52c=\"88\" title=\"2026 Sazby n\u00e1mo\u0159n\u00ed kontejnerov\u00e9 dopravy do Andorry a z n\u00ed\">Andorra (Andorra la Vella)<\/a><\/td><td class=\"column-2\">1868<\/td><td class=\"column-3\">3171<\/td>\n<\/tr>\n<tr class=\"row-3\">\n\t<td class=\"column-1\"><a href=\"https:\/\/moverdb.com\/cs\/container-shipping\/australia\/\" data-internallinksmanager029f6b8e52c=\"89\" title=\"2026 Sazby za p\u0159epravu kontejner\u016f do Austr\u00e1lie a z Austr\u00e1lie\">Austr\u00e1lie (Sydney)<\/a><\/td><td class=\"column-2\">NEUPLAT\u0147UJE SE<\/td><td class=\"column-3\">12406<\/td>\n<\/tr>\n<tr class=\"row-4\">\n\t<td class=\"column-1\"><a href=\"https:\/\/moverdb.com\/cs\/container-shipping\/austria\/\" data-internallinksmanager029f6b8e52c=\"95\" title=\"2026 Sazby n\u00e1mo\u0159n\u00ed kontejnerov\u00e9 dopravy do Rakouska a z Rakouska\">Rakousko (V\u00edde\u0148)<\/a><\/td><td class=\"column-2\">NEUPLAT\u0147UJE SE<\/td><td class=\"column-3\">3739<\/td>\n<\/tr>\n<tr class=\"row-5\">\n\t<td class=\"column-1\"><a href=\"https:\/\/moverdb.com\/cs\/container-shipping\/bahrain\/\" data-internallinksmanager029f6b8e52c=\"96\" title=\"2026 Sazby n\u00e1mo\u0159n\u00ed kontejnerov\u00e9 dopravy do Bahrajnu a z Bahrajnu\">Bahrajn (Man\u00e1ma)<\/a><\/td><td class=\"column-2\">NEUPLAT\u0147UJE SE<\/td><td class=\"column-3\">12306<\/td>\n<\/tr>\n<tr class=\"row-6\">\n\t<td class=\"column-1\"><a href=\"https:\/\/moverdb.com\/cs\/container-shipping\/belgium\/\" data-internallinksmanager029f6b8e52c=\"86\" title=\"2026 Sazby n\u00e1mo\u0159n\u00ed kontejnerov\u00e9 dopravy do Belgie a z Belgie\">Belgie (Antverpy)<\/a><\/td><td class=\"column-2\">1936<\/td><td class=\"column-3\">3276<\/td>\n<\/tr>\n<tr class=\"row-7\">\n\t<td class=\"column-1\"><a href=\"https:\/\/moverdb.com\/cs\/container-shipping\/belize\/\" data-internallinksmanager029f6b8e52c=\"137\" title=\"2026 Sazby n\u00e1mo\u0159n\u00ed kontejnerov\u00e9 dopravy do Belize a z Belize\">Belize (Belize City)<\/a><\/td><td class=\"column-2\">2008<\/td><td class=\"column-3\">2839<\/td>\n<\/tr>\n<tr class=\"row-8\">\n\t<td class=\"column-1\"><a href=\"https:\/\/moverdb.com\/cs\/container-shipping\/china\/\" data-internallinksmanager029f6b8e52c=\"105\" title=\"2026 Sazby n\u00e1mo\u0159n\u00ed kontejnerov\u00e9 dopravy do a z \u010c\u00edny\">\u010c\u00edna (Peking)<\/a><\/td><td class=\"column-2\">13250<\/td><td class=\"column-3\">13750<\/td>\n<\/tr>\n<tr class=\"row-9\">\n\t<td class=\"column-1\">\u010c\u00edna (\u0160anghaj)<\/td><td class=\"column-2\">13250<\/td><td class=\"column-3\">13750<\/td>\n<\/tr>\n<tr class=\"row-10\">\n\t<td class=\"column-1\"><a href=\"https:\/\/moverdb.com\/cs\/container-shipping\/colombia\/\" data-internallinksmanager029f6b8e52c=\"106\" title=\"2026 Sazby n\u00e1mo\u0159n\u00ed kontejnerov\u00e9 dopravy do a z Kolumbie\">Kolumbie (Barranquilla)<\/a><\/td><td class=\"column-2\">1400<\/td><td class=\"column-3\">2336<\/td>\n<\/tr>\n<tr class=\"row-11\">\n\t<td class=\"column-1\"><a href=\"https:\/\/moverdb.com\/cs\/container-shipping\/dominican-republic\/\" data-internallinksmanager029f6b8e52c=\"112\" title=\"2026 Sazby n\u00e1mo\u0159n\u00ed kontejnerov\u00e9 dopravy do Dominik\u00e1nsk\u00e9 republiky a z n\u00ed\">Dominik\u00e1nsk\u00e1 republika (Santo Domingo)<\/a><\/td><td class=\"column-2\">1969<\/td><td class=\"column-3\">3024<\/td>\n<\/tr>\n<tr class=\"row-12\">\n\t<td class=\"column-1\"><a href=\"https:\/\/moverdb.com\/cs\/container-shipping\/germany\/\" data-internallinksmanager029f6b8e52c=\"118\" title=\"2026 Sazby n\u00e1mo\u0159n\u00ed kontejnerov\u00e9 dopravy do a z N\u011bmecka\">N\u011bmecko (Hamburk)<\/a><\/td><td class=\"column-2\">4298<\/td><td class=\"column-3\">5834<\/td>\n<\/tr>\n<tr class=\"row-13\">\n\t<td class=\"column-1\"><a href=\"https:\/\/moverdb.com\/cs\/container-shipping\/greece\/\" data-internallinksmanager029f6b8e52c=\"120\" title=\"2026 Sazby n\u00e1mo\u0159n\u00ed kontejnerov\u00e9 dopravy do \u0158ecka a z n\u011bj\">\u0158ecko (Pireus)<\/a><\/td><td class=\"column-2\">2622<\/td><td class=\"column-3\">3835<\/td>\n<\/tr>\n<tr class=\"row-14\">\n\t<td class=\"column-1\"><a href=\"https:\/\/moverdb.com\/cs\/container-shipping\/haiti\/\" data-internallinksmanager029f6b8e52c=\"122\" title=\"2026 Sazby n\u00e1mo\u0159n\u00ed kontejnerov\u00e9 dopravy na Haiti a z Haiti\">Haiti (Port-au-Prince)<\/a><\/td><td class=\"column-2\">1969<\/td><td class=\"column-3\">3024<\/td>\n<\/tr>\n<tr class=\"row-15\">\n\t<td class=\"column-1\"><a href=\"https:\/\/moverdb.com\/cs\/container-shipping\/hong-kong\/\" data-internallinksmanager029f6b8e52c=\"123\" title=\"2026 Sazby n\u00e1mo\u0159n\u00ed kontejnerov\u00e9 dopravy do Hongkongu a z n\u011bj\">Hongkong (Hongkong)<\/a><\/td><td class=\"column-2\">13250<\/td><td class=\"column-3\">13750<\/td>\n<\/tr>\n<tr class=\"row-16\">\n\t<td class=\"column-1\"><a href=\"https:\/\/moverdb.com\/cs\/container-shipping\/india\/\" data-internallinksmanager029f6b8e52c=\"125\" title=\"2026 Sazby n\u00e1mo\u0159n\u00ed kontejnerov\u00e9 dopravy do a z Indie\">Indie (Bombaj)<\/a><\/td><td class=\"column-2\">11935<\/td><td class=\"column-3\">12758<\/td>\n<\/tr>\n<tr class=\"row-17\">\n\t<td class=\"column-1\"><a href=\"https:\/\/moverdb.com\/cs\/container-shipping\/indonesia\/\" data-internallinksmanager029f6b8e52c=\"126\" title=\"2026 Sazby n\u00e1mo\u0159n\u00ed kontejnerov\u00e9 dopravy do Indon\u00e9sie a z Indon\u00e9sie\">Indon\u00e9sie (Jakarta)<\/a><\/td><td class=\"column-2\">5979<\/td><td class=\"column-3\">5822<\/td>\n<\/tr>\n<tr class=\"row-18\">\n\t<td class=\"column-1\"><a href=\"https:\/\/moverdb.com\/cs\/container-shipping\/lithuania\/\" data-internallinksmanager029f6b8e52c=\"145\" title=\"2026 Sazby n\u00e1mo\u0159n\u00ed kontejnerov\u00e9 dopravy do a z Litvy\">Litva (Klaipeda)<\/a><\/td><td class=\"column-2\">2202<\/td><td class=\"column-3\">3518<\/td>\n<\/tr>\n<tr class=\"row-19\">\n\t<td class=\"column-1\"><a href=\"https:\/\/moverdb.com\/cs\/container-shipping\/luxembourg\/\" data-internallinksmanager029f6b8e52c=\"146\" title=\"2026 Sazby n\u00e1mo\u0159n\u00ed kontejnerov\u00e9 dopravy do a z Lucemburska\">Lucembursko (Lucembursko)<\/a><\/td><td class=\"column-2\">1936<\/td><td class=\"column-3\">3276<\/td>\n<\/tr>\n<tr class=\"row-20\">\n\t<td class=\"column-1\"><a href=\"https:\/\/moverdb.com\/cs\/container-shipping\/macau\/\" data-internallinksmanager029f6b8e52c=\"147\" title=\"2026 Sazby n\u00e1mo\u0159n\u00ed kontejnerov\u00e9 dopravy do Macaa a z Macaa\">Macau (Macao)<\/a><\/td><td class=\"column-2\">5525<\/td><td class=\"column-3\">5331<\/td>\n<\/tr>\n<tr class=\"row-21\">\n\t<td class=\"column-1\"><a href=\"https:\/\/moverdb.com\/cs\/container-shipping\/malaysia\/\" data-internallinksmanager029f6b8e52c=\"148\" title=\"2026 Sazby n\u00e1mo\u0159n\u00ed kontejnerov\u00e9 dopravy do a z Malajsie\">Malajsie (Port Kelang)<\/a><\/td><td class=\"column-2\">6039<\/td><td class=\"column-3\">5822<\/td>\n<\/tr>\n<tr class=\"row-22\">\n\t<td class=\"column-1\"><a href=\"https:\/\/moverdb.com\/cs\/container-shipping\/mexico\/\" data-internallinksmanager029f6b8e52c=\"162\" title=\"2026 Sazby n\u00e1mo\u0159n\u00ed kontejnerov\u00e9 dopravy do Mexika a z Mexika\">Mexiko (Manzanillo)<\/a><\/td><td class=\"column-2\">2167<\/td><td class=\"column-3\">3161<\/td>\n<\/tr>\n<tr class=\"row-23\">\n\t<td class=\"column-1\"><a href=\"https:\/\/moverdb.com\/cs\/container-shipping\/netherlands\/\" data-internallinksmanager029f6b8e52c=\"151\" title=\"2026 Sazby n\u00e1mo\u0159n\u00ed kontejnerov\u00e9 dopravy do a z Nizozemska\">Nizozemsko (Rotterdam)<\/a><\/td><td class=\"column-2\">1936<\/td><td class=\"column-3\">3276<\/td>\n<\/tr>\n<tr class=\"row-24\">\n\t<td class=\"column-1\"><a href=\"https:\/\/moverdb.com\/cs\/container-shipping\/philippines\/\" data-internallinksmanager029f6b8e52c=\"156\" title=\"2026 Sazby n\u00e1mo\u0159n\u00ed kontejnerov\u00e9 dopravy z Filip\u00edn a na Filip\u00edny\">Filip\u00edny (Manila)<\/a><\/td><td class=\"column-2\">6123<\/td><td class=\"column-3\">5993<\/td>\n<\/tr>\n<tr class=\"row-25\">\n\t<td class=\"column-1\"><a href=\"https:\/\/moverdb.com\/cs\/container-shipping\/poland\/\" data-internallinksmanager029f6b8e52c=\"157\" title=\"2022 N\u00e1mo\u0159n\u00ed kontejnerov\u00e1 doprava do Polska a z Polska\">Polsko (Gda\u0148sk)<\/a><\/td><td class=\"column-2\">2202<\/td><td class=\"column-3\">3518<\/td>\n<\/tr>\n<tr class=\"row-26\">\n\t<td class=\"column-1\"><a href=\"https:\/\/moverdb.com\/cs\/container-shipping\/russia\/\" data-internallinksmanager029f6b8e52c=\"160\" title=\"2026 Sazby n\u00e1mo\u0159n\u00ed kontejnerov\u00e9 dopravy do Ruska a z Ruska\">Rusko (Petrohrad)<\/a><\/td><td class=\"column-2\">2497<\/td><td class=\"column-3\">3791<\/td>\n<\/tr>\n<tr class=\"row-27\">\n\t<td class=\"column-1\"><a href=\"https:\/\/moverdb.com\/cs\/container-shipping\/singapore\/\" data-internallinksmanager029f6b8e52c=\"179\" title=\"2026 Sazby n\u00e1mo\u0159n\u00ed kontejnerov\u00e9 dopravy do a ze Singapuru\">Singapur (Singapur)<\/a><\/td><td class=\"column-2\">5979<\/td><td class=\"column-3\">5765<\/td>\n<\/tr>\n<tr class=\"row-28\">\n\t<td class=\"column-1\"><a href=\"https:\/\/moverdb.com\/cs\/container-shipping\/south-korea\/\" data-internallinksmanager029f6b8e52c=\"180\" title=\"2026 Sazby n\u00e1mo\u0159n\u00ed kontejnerov\u00e9 dopravy do a z Ji\u017en\u00ed Koreje\">Ji\u017en\u00ed Korea (Pusan)<\/a><\/td><td class=\"column-2\">5979<\/td><td class=\"column-3\">5765<\/td>\n<\/tr>\n<tr class=\"row-29\">\n\t<td class=\"column-1\"><a href=\"https:\/\/moverdb.com\/cs\/container-shipping\/spain\/\" data-internallinksmanager029f6b8e52c=\"182\" title=\"2026 Sazby n\u00e1mo\u0159n\u00ed kontejnerov\u00e9 dopravy do a ze \u0160pan\u011blska\">\u0160pan\u011blsko (Valencie)<\/a><\/td><td class=\"column-2\">3982<\/td><td class=\"column-3\">5875<\/td>\n<\/tr>\n<tr class=\"row-30\">\n\t<td class=\"column-1\"><a href=\"https:\/\/moverdb.com\/cs\/container-shipping\/taiwan\/\" data-internallinksmanager029f6b8e52c=\"183\" title=\"2026 Sazby n\u00e1mo\u0159n\u00ed kontejnerov\u00e9 dopravy na Tchaj-wan a z n\u011bj\">Tchaj-wan (Kaohsiung)<\/a><\/td><td class=\"column-2\">5382<\/td><td class=\"column-3\">5137<\/td>\n<\/tr>\n<tr class=\"row-31\">\n\t<td class=\"column-1\"><a href=\"https:\/\/moverdb.com\/cs\/container-shipping\/thailand\/\" data-internallinksmanager029f6b8e52c=\"189\" title=\"2026 Sazby n\u00e1mo\u0159n\u00ed kontejnerov\u00e9 dopravy do a z Thajska\">Thajsko (Laem Chabang)<\/a><\/td><td class=\"column-2\">4895<\/td><td class=\"column-3\">4715<\/td>\n<\/tr>\n<tr class=\"row-32\">\n\t<td class=\"column-1\"><a href=\"https:\/\/moverdb.com\/cs\/container-shipping\/turkey\/\" data-internallinksmanager029f6b8e52c=\"190\" title=\"2026 Sazby n\u00e1mo\u0159n\u00ed kontejnerov\u00e9 dopravy do Turecka a z Turecka\">Turecko (Istanbul)<\/a><\/td><td class=\"column-2\">8294<\/td><td class=\"column-3\">11613<\/td>\n<\/tr>\n<tr class=\"row-33\">\n\t<td class=\"column-1\"><a href=\"https:\/\/moverdb.com\/cs\/container-shipping\/united-arab-emirates\/\" data-internallinksmanager029f6b8e52c=\"188\" title=\"2026 Sazby za p\u0159epravu kontejner\u016f do SAE a z nich\">SAE (Jebel Ali)<\/a><\/td><td class=\"column-2\">2090<\/td><td class=\"column-3\">3465<\/td>\n<\/tr>\n<tr class=\"row-34\">\n\t<td class=\"column-1\"><a href=\"https:\/\/moverdb.com\/cs\/moving-to-the-united-states\/\" data-internallinksmanager029f6b8e52c=\"94\" title=\"St\u011bhujete se do Spojen\u00fdch st\u00e1t\u016f? 2022 \u017divotn\u00ed n\u00e1klady a tipy na st\u011bhov\u00e1n\u00ed\">US<\/a> (<a href=\"https:\/\/moverdb.com\/cs\/moving-to-los-angeles\/\" data-internallinksmanager029f6b8e52c=\"51\" title=\"St\u011bhujete se do Los Angeles? 2026 N\u00e1klady na bydlen\u00ed v LA a tipy na st\u011bhov\u00e1n\u00ed\">Los Angeles<\/a>)<\/td><td class=\"column-2\">912<\/td><td class=\"column-3\">1309<\/td>\n<\/tr>\n<tr class=\"row-35\">\n\t<td class=\"column-1\"><a href=\"https:\/\/moverdb.com\/cs\/container-shipping\/united-states\/\" data-internallinksmanager029f6b8e52c=\"87\" title=\"2026 Sazby n\u00e1mo\u0159n\u00ed kontejnerov\u00e9 dopravy do a z USA\">USA (New York)<\/a><\/td><td class=\"column-2\">2228<\/td><td class=\"column-3\">1937<\/td>\n<\/tr>\n<tr class=\"row-36\">\n\t<td class=\"column-1\">Venezuela (Puerto Cabello)<\/td><td class=\"column-2\">688<\/td><td class=\"column-3\">1250<\/td>\n<\/tr>\n<tr class=\"row-37\">\n\t<td class=\"column-1\"><a href=\"https:\/\/moverdb.com\/cs\/container-shipping\/vietnam\/\" data-internallinksmanager029f6b8e52c=\"245\" title=\"2026 Sazby n\u00e1mo\u0159n\u00ed kontejnerov\u00e9 dopravy do a z Vietnamu\">Vietnam (Saigon)<\/a><\/td><td class=\"column-2\">5979<\/td><td class=\"column-3\">5765<\/td>\n<\/tr>\n<\/tbody>\n<\/table>\n<!-- #tablepress-87 from cache -->\n\n\n\n<h2 class=\"wp-block-heading\">N\u00e1klady na n\u00e1mo\u0159n\u00ed kontejnery z Cura\u00e7ao (Willemstad)<\/h2>\n\n\n<div class=\"wp-block-image\">\n<figure class=\"aligncenter size-large\"><img loading=\"lazy\" decoding=\"async\" width=\"1024\" height=\"539\" src=\"https:\/\/moverdb.com\/wp-content\/uploads\/Shipping-Container-Costs-from-Curacao-1024x539.png\" alt=\"N\u00e1klady na n\u00e1mo\u0159n\u00ed kontejnery z Cura\u00e7ao (Willemstad)\" class=\"wp-image-4141\" srcset=\"https:\/\/moverdb.com\/wp-content\/uploads\/Shipping-Container-Costs-from-Curacao-1024x539.png 1024w, https:\/\/moverdb.com\/wp-content\/uploads\/Shipping-Container-Costs-from-Curacao-300x158.png 300w, https:\/\/moverdb.com\/wp-content\/uploads\/Shipping-Container-Costs-from-Curacao-1536x809.png 1536w, https:\/\/moverdb.com\/wp-content\/uploads\/Shipping-Container-Costs-from-Curacao-18x9.png 18w, https:\/\/moverdb.com\/wp-content\/uploads\/Shipping-Container-Costs-from-Curacao-600x316.png 600w, https:\/\/moverdb.com\/wp-content\/uploads\/Shipping-Container-Costs-from-Curacao.png 2000w\" sizes=\"auto, (max-width: 1024px) 100vw, 1024px\" \/><\/figure>\n<\/div>\n\n\n<table id=\"tablepress-83\" class=\"tablepress tablepress-id-83\">\n<thead>\n<tr class=\"row-1\">\n\t<th class=\"column-1\">Zem\u011b ur\u010den\u00ed (p\u0159\u00edstav\/m\u011bsto)<\/th><th class=\"column-2\">20FT<\/th><th class=\"column-3\">40FT<\/th>\n<\/tr>\n<\/thead>\n<tbody class=\"row-striping row-hover\">\n<tr class=\"row-2\">\n\t<td class=\"column-1\">Andorra (Andorra la Vella)<\/td><td class=\"column-2\">346<\/td><td class=\"column-3\">355<\/td>\n<\/tr>\n<tr class=\"row-3\">\n\t<td class=\"column-1\"><a href=\"https:\/\/moverdb.com\/cs\/container-shipping\/antigua-and-barbuda\/\" data-internallinksmanager029f6b8e52c=\"92\" title=\"2026 Sazby n\u00e1mo\u0159n\u00ed kontejnerov\u00e9 dopravy z Antiguy a Barbudy a do n\u00ed\">Antigua a Barbuda (St John's)<\/a><\/td><td class=\"column-2\">605<\/td><td class=\"column-3\">801<\/td>\n<\/tr>\n<tr class=\"row-4\">\n\t<td class=\"column-1\">Austr\u00e1lie (Sydney)<\/td><td class=\"column-2\">2845<\/td><td class=\"column-3\">NEUPLAT\u0147UJE SE<\/td>\n<\/tr>\n<tr class=\"row-5\">\n\t<td class=\"column-1\">Belgie (Antverpy)<\/td><td class=\"column-2\">979<\/td><td class=\"column-3\">1344<\/td>\n<\/tr>\n<tr class=\"row-6\">\n\t<td class=\"column-1\"><a href=\"https:\/\/moverdb.com\/cs\/container-shipping\/brazil\/\" data-internallinksmanager029f6b8e52c=\"98\" title=\"2026 Sazby n\u00e1mo\u0159n\u00ed kontejnerov\u00e9 dopravy do Braz\u00edlie a z Braz\u00edlie\">Braz\u00edlie (Santos)<\/a><\/td><td class=\"column-2\">1567<\/td><td class=\"column-3\">2434<\/td>\n<\/tr>\n<tr class=\"row-7\">\n\t<td class=\"column-1\">\u010c\u00edna (\u0160anghaj)<\/td><td class=\"column-2\">1012<\/td><td class=\"column-3\">1171<\/td>\n<\/tr>\n<tr class=\"row-8\">\n\t<td class=\"column-1\">Kolumbie (Barranquilla)<\/td><td class=\"column-2\">968<\/td><td class=\"column-3\">2037<\/td>\n<\/tr>\n<tr class=\"row-9\">\n\t<td class=\"column-1\">Dominik\u00e1nsk\u00e1 republika (Santo Domingo)<\/td><td class=\"column-2\">704<\/td><td class=\"column-3\">1061<\/td>\n<\/tr>\n<tr class=\"row-10\">\n\t<td class=\"column-1\">Haiti (Port-au-Prince)<\/td><td class=\"column-2\">704<\/td><td class=\"column-3\">1061<\/td>\n<\/tr>\n<tr class=\"row-11\">\n\t<td class=\"column-1\">Hongkong (Hongkong)<\/td><td class=\"column-2\">1291<\/td><td class=\"column-3\">1171<\/td>\n<\/tr>\n<tr class=\"row-12\">\n\t<td class=\"column-1\">Indon\u00e9sie (Jakarta)<\/td><td class=\"column-2\">1392<\/td><td class=\"column-3\">1413<\/td>\n<\/tr>\n<tr class=\"row-13\">\n\t<td class=\"column-1\"><a href=\"https:\/\/moverdb.com\/cs\/container-shipping\/japan\/\" data-internallinksmanager029f6b8e52c=\"131\" title=\"2026 Sazby n\u00e1mo\u0159n\u00ed kontejnerov\u00e9 dopravy do a z Japonska\">Japonsko (Tokio)<\/a><\/td><td class=\"column-2\">1265<\/td><td class=\"column-3\">1413<\/td>\n<\/tr>\n<tr class=\"row-14\">\n\t<td class=\"column-1\">Lucembursko (Lucembursko)<\/td><td class=\"column-2\">979<\/td><td class=\"column-3\">1344<\/td>\n<\/tr>\n<tr class=\"row-15\">\n\t<td class=\"column-1\">Nizozemsko (Rotterdam)<\/td><td class=\"column-2\">979<\/td><td class=\"column-3\">1344<\/td>\n<\/tr>\n<tr class=\"row-16\">\n\t<td class=\"column-1\">Rusko (Petrohrad)<\/td><td class=\"column-2\">1593<\/td><td class=\"column-3\">2018<\/td>\n<\/tr>\n<tr class=\"row-17\">\n\t<td class=\"column-1\">Ji\u017en\u00ed Korea (Pusan)<\/td><td class=\"column-2\">1076<\/td><td class=\"column-3\">1171<\/td>\n<\/tr>\n<tr class=\"row-18\">\n\t<td class=\"column-1\">Tchaj-wan (Kaohsiung)<\/td><td class=\"column-2\">1076<\/td><td class=\"column-3\">1171<\/td>\n<\/tr>\n<tr class=\"row-19\">\n\t<td class=\"column-1\">Thajsko (Laem Chabang)<\/td><td class=\"column-2\">1391<\/td><td class=\"column-3\">1413<\/td>\n<\/tr>\n<tr class=\"row-20\">\n\t<td class=\"column-1\">USA (Los Angeles)<\/td><td class=\"column-2\">2068<\/td><td class=\"column-3\">2993<\/td>\n<\/tr>\n<tr class=\"row-21\">\n\t<td class=\"column-1\">USA (New York)<\/td><td class=\"column-2\">1297<\/td><td class=\"column-3\">1383<\/td>\n<\/tr>\n<\/tbody>\n<\/table>\n<!-- #tablepress-83 from cache -->\n\n\n\n<h3 class=\"wp-block-heading\">Pozn\u00e1mky k \u00fadaj\u016fm:<\/h3>\n\n\n\n<ul class=\"wp-block-list\"><li>V\u0161echny \u00fadaje $ jsou uvedeny v americk\u00fdch dolarech (USD);<\/li><li>Sazby jsou p\u0159esn\u00e9 od poloviny roku 2022;<\/li><li>Mapy v tomto \u010dl\u00e1nku byly vytvo\u0159eny pomoc\u00ed <a href=\"https:\/\/www.mapchart.net\" target=\"_blank\" rel=\"noreferrer noopener\">https:\/\/www.mapchart.net<\/a>. Mapy m\u016f\u017eete voln\u011b sd\u00edlet, pokud uvedete odkaz na jejich autora. <a href=\"https:\/\/moverdb.com\/cs\/\" target=\"_blank\" rel=\"noreferrer noopener\">MoverDB<\/a>;<\/li><li>V\u00fd\u0161e uveden\u00e9 sazby jsou pouze odhadovan\u00e9 a mohou se od doby vyd\u00e1n\u00ed tohoto \u010dl\u00e1nku (duben 2022) zm\u011bnit. Vych\u00e1zej\u00ed z nejni\u017e\u0161\u00ed odhadovan\u00e9 sazby z n\u00e1sleduj\u00edc\u00edch zdroj\u016f <a href=\"https:\/\/www.icontainers.com\" target=\"_blank\" rel=\"noreferrer noopener\">https:\/\/www.icontainers.com<\/a> nebo <a href=\"https:\/\/www.freightos.com\" target=\"_blank\" rel=\"noreferrer noopener\">https:\/\/www.freightos.com<\/a>;<\/li><li>Chcete-li z\u00edskat p\u0159esn\u011bj\u0161\u00ed p\u0159edstavu o n\u00e1kladech, pou\u017eijte pros\u00edm formul\u00e1\u0159 nab\u00eddky v horn\u00ed \u010d\u00e1sti t\u00e9to str\u00e1nky;<\/li><li>Pod\u00edvejte se tak\u00e9 na na\u0161eho pr\u016fvodce <a href=\"https:\/\/moverdb.com\/cs\/kontejnerova-preprava\/\" target=\"_blank\" rel=\"noreferrer noopener\">mezin\u00e1rodn\u00ed kontejnerov\u00e1 doprava<\/a>.<\/li><\/ul>","protected":false},"excerpt":{"rendered":"<p>Cura\u00e7ao is an island country in the Caribbean and a constituent of the Kingdom of the Netherlands. With much to offer, from museums and heritage houses to beaches and coral diving spots, Cura\u00e7ao\u2019s quality of life is of a high standard. Both permanent residents and visitors get to enjoy a life of security, high tolerance, [&hellip;]<\/p>\n","protected":false},"author":2,"featured_media":4140,"parent":44,"menu_order":0,"comment_status":"open","ping_status":"closed","template":"","meta":{"_genesis_hide_title":false,"_genesis_hide_breadcrumbs":false,"_genesis_hide_singular_image":false,"_genesis_hide_footer_widgets":false,"_genesis_custom_body_class":"","_genesis_custom_post_class":"","_genesis_layout":"","footnotes":""},"class_list":{"0":"post-4183","1":"page","2":"type-page","3":"status-publish","4":"has-post-thumbnail","6":"entry"},"_links":{"self":[{"href":"https:\/\/moverdb.com\/cs\/wp-json\/wp\/v2\/pages\/4183","targetHints":{"allow":["GET"]}}],"collection":[{"href":"https:\/\/moverdb.com\/cs\/wp-json\/wp\/v2\/pages"}],"about":[{"href":"https:\/\/moverdb.com\/cs\/wp-json\/wp\/v2\/types\/page"}],"author":[{"embeddable":true,"href":"https:\/\/moverdb.com\/cs\/wp-json\/wp\/v2\/users\/2"}],"replies":[{"embeddable":true,"href":"https:\/\/moverdb.com\/cs\/wp-json\/wp\/v2\/comments?post=4183"}],"version-history":[{"count":1,"href":"https:\/\/moverdb.com\/cs\/wp-json\/wp\/v2\/pages\/4183\/revisions"}],"predecessor-version":[{"id":4184,"href":"https:\/\/moverdb.com\/cs\/wp-json\/wp\/v2\/pages\/4183\/revisions\/4184"}],"up":[{"embeddable":true,"href":"https:\/\/moverdb.com\/cs\/wp-json\/wp\/v2\/pages\/44"}],"wp:featuredmedia":[{"embeddable":true,"href":"https:\/\/moverdb.com\/cs\/wp-json\/wp\/v2\/media\/4140"}],"wp:attachment":[{"href":"https:\/\/moverdb.com\/cs\/wp-json\/wp\/v2\/media?parent=4183"}],"curies":[{"name":"wp","href":"https:\/\/api.w.org\/{rel}","templated":true}]}}