{"id":414,"date":"2016-07-03T15:12:27","date_gmt":"2016-07-03T15:12:27","guid":{"rendered":"http:\/\/moverdb.com\/?page_id=414"},"modified":"2026-01-08T14:39:56","modified_gmt":"2026-01-08T14:39:56","slug":"naklady-na-stehovani","status":"publish","type":"page","link":"https:\/\/moverdb.com\/cs\/moving-costs\/","title":{"rendered":"N\u00e1klady na mezin\u00e1rodn\u00ed st\u011bhov\u00e1n\u00ed: 9 v\u011bc\u00ed, kter\u00e9 nesm\u00edte ignorovat"},"content":{"rendered":"<p><img loading=\"lazy\" decoding=\"async\" src=\"https:\/\/moverdb.com\/wp-content\/uploads\/International-Moving-Costs.jpg\" alt=\"N\u00e1klady na mezin\u00e1rodn\u00ed st\u011bhov\u00e1n\u00ed\" width=\"720\" height=\"477\" class=\"aligncenter size-full wp-image-780\" srcset=\"https:\/\/moverdb.com\/wp-content\/uploads\/International-Moving-Costs.jpg 720w, https:\/\/moverdb.com\/wp-content\/uploads\/International-Moving-Costs-300x200.jpg 300w, https:\/\/moverdb.com\/wp-content\/uploads\/International-Moving-Costs-600x398.jpg 600w\" sizes=\"auto, (max-width: 720px) 100vw, 720px\" \/><\/p>\n<p>Mnoho lid\u00ed, kte\u0159\u00ed se st\u011bhuj\u00ed do zahrani\u010d\u00ed, je p\u0159ekvapeno, jak vysok\u00e9 mohou b\u00fdt n\u00e1klady na mezin\u00e1rodn\u00ed st\u011bhov\u00e1n\u00ed. N\u00ed\u017ee se pod\u00edv\u00e1me na \u0159adu o\u010dek\u00e1van\u00fdch i neo\u010dek\u00e1van\u00fdch v\u00fddaj\u016f, kter\u00e9 v\u00e1s mohou potkat, a na to, jak u\u0161et\u0159it. <\/p>\n<div id=\"ez-toc-container\" class=\"ez-toc-v2_0_82_2 ez-toc-wrap-left counter-hierarchy ez-toc-counter ez-toc-transparent ez-toc-container-direction\">\n<div class=\"ez-toc-title-container\">\n<p class=\"ez-toc-title\" style=\"cursor:inherit\">Sekce<\/p>\n<span class=\"ez-toc-title-toggle\"><a href=\"#\" class=\"ez-toc-pull-right ez-toc-btn ez-toc-btn-xs ez-toc-btn-default ez-toc-toggle\" aria-label=\"P\u0159epnut\u00ed tabulky obsahu\"><span class=\"ez-toc-js-icon-con\"><span class=\"\"><span class=\"eztoc-hide\" style=\"display:none;\">P\u0159ep\u00edna\u010d<\/span><span class=\"ez-toc-icon-toggle-span\"><svg style=\"fill: #999;color:#999\" xmlns=\"http:\/\/www.w3.org\/2000\/svg\" class=\"list-377408\" width=\"20px\" height=\"20px\" viewbox=\"0 0 24 24\" fill=\"none\"><path d=\"M6 6H4v2h2V6zm14 0H8v2h12V6zM4 11h2v2H4v-2zm16 0H8v2h12v-2zM4 16h2v2H4v-2zm16 0H8v2h12v-2z\" fill=\"currentColor\"><\/path><\/svg><svg style=\"fill: #999;color:#999\" class=\"arrow-unsorted-368013\" xmlns=\"http:\/\/www.w3.org\/2000\/svg\" width=\"10px\" height=\"10px\" viewbox=\"0 0 24 24\" version=\"1.2\" baseprofile=\"tiny\"><path d=\"M18.2 9.3l-6.2-6.3-6.2 6.3c-.2.2-.3.4-.3.7s.1.5.3.7c.2.2.4.3.7.3h11c.3 0 .5-.1.7-.3.2-.2.3-.5.3-.7s-.1-.5-.3-.7zM5.8 14.7l6.2 6.3 6.2-6.3c.2-.2.3-.5.3-.7s-.1-.5-.3-.7c-.2-.2-.4-.3-.7-.3h-11c-.3 0-.5.1-.7.3-.2.2-.3.5-.3.7s.1.5.3.7z\"\/><\/svg><\/span><\/span><\/span><\/a><\/span><\/div>\n<nav><ul class='ez-toc-list ez-toc-list-level-1 eztoc-toggle-hide-by-default' ><li class='ez-toc-page-1 ez-toc-heading-level-2'><a class=\"ez-toc-link ez-toc-heading-1\" href=\"https:\/\/moverdb.com\/cs\/moving-costs\/#1_Moving_Transportation_Costs\" >1. N\u00e1klady na st\u011bhov\u00e1n\u00ed a dopravu<\/a><\/li><li class='ez-toc-page-1 ez-toc-heading-level-2'><a class=\"ez-toc-link ez-toc-heading-2\" href=\"https:\/\/moverdb.com\/cs\/moving-costs\/#2_Packing_Unpacking_Costs\" >2. N\u00e1klady na balen\u00ed a vybalov\u00e1n\u00ed<\/a><\/li><li class='ez-toc-page-1 ez-toc-heading-level-2'><a class=\"ez-toc-link ez-toc-heading-3\" href=\"https:\/\/moverdb.com\/cs\/moving-costs\/#3_Moving_Insurance_Costs\" >3. N\u00e1klady na poji\u0161t\u011bn\u00ed st\u011bhov\u00e1n\u00ed<\/a><\/li><li class='ez-toc-page-1 ez-toc-heading-level-2'><a class=\"ez-toc-link ez-toc-heading-4\" href=\"https:\/\/moverdb.com\/cs\/moving-costs\/#4_Storage_Costs\" >4. N\u00e1klady na skladov\u00e1n\u00ed<\/a><\/li><li class='ez-toc-page-1 ez-toc-heading-level-2'><a class=\"ez-toc-link ez-toc-heading-5\" href=\"https:\/\/moverdb.com\/cs\/moving-costs\/#5Customs_Duty_Charges_Taxes\" >5.Celn\u00ed poplatky a dan\u011b<\/a><\/li><li class='ez-toc-page-1 ez-toc-heading-level-2'><a class=\"ez-toc-link ez-toc-heading-6\" href=\"https:\/\/moverdb.com\/cs\/moving-costs\/#6_Visa_Fees\" >6. V\u00edzov\u00e9 poplatky<\/a><\/li><li class='ez-toc-page-1 ez-toc-heading-level-2'><a class=\"ez-toc-link ez-toc-heading-7\" href=\"https:\/\/moverdb.com\/cs\/moving-costs\/#7_Lawyer_Fees\" >7. Poplatky pr\u00e1vn\u00edk\u016fm<\/a><\/li><li class='ez-toc-page-1 ez-toc-heading-level-2'><a class=\"ez-toc-link ez-toc-heading-8\" href=\"https:\/\/moverdb.com\/cs\/moving-costs\/#8_Housing_Costs\" >8. N\u00e1klady na bydlen\u00ed<\/a><\/li><li class='ez-toc-page-1 ez-toc-heading-level-2'><a class=\"ez-toc-link ez-toc-heading-9\" href=\"https:\/\/moverdb.com\/cs\/moving-costs\/#9_Other_Costs\" >9. Ostatn\u00ed n\u00e1klady<\/a><\/li><\/ul><\/nav><\/div>\n<h2><span class=\"ez-toc-section\" id=\"1_Moving_Transportation_Costs\"><\/span>1. N\u00e1klady na st\u011bhov\u00e1n\u00ed a dopravu<span class=\"ez-toc-section-end\"><\/span><\/h2>\n<p>Nejv\u011bt\u0161\u00edmi v\u00fddaji, kter\u00e9 v\u00e1s \u010dekaj\u00ed, je pron\u00e1jem <a href=\"https:\/\/moverdb.com\/cs\/stehovani-spolecnosti\/\">mezin\u00e1rodn\u00ed st\u011bhovac\u00ed spole\u010dnost<\/a> pro p\u0159epravu va\u0161eho zbo\u017e\u00ed z va\u0161eho domu v zemi A do nov\u00e9ho domova v zemi B. Spole\u010dnosti m\u016f\u017eete porovnat pomoc\u00ed v\u00fd\u0161e uveden\u00e9ho formul\u00e1\u0159e.<\/p>\n<p>N\u00e1klady se odv\u00edjej\u00ed od n\u011bkolika hlavn\u00edch faktor\u016f:<\/p>\n<ul>\n<li> <strong>Velikost p\u0159esunu:<\/strong> \u010c\u00edm v\u011bt\u0161\u00ed je st\u011bhov\u00e1n\u00ed, t\u00edm dra\u017e\u0161\u00ed je. To plat\u00ed jak z hlediska hmotnosti, tak objemu. Slu\u017eby skupinov\u00e9 p\u0159epravy mohou tento poplatek sn\u00ed\u017eit, pokud nem\u00e1te dostatek zbo\u017e\u00ed na pln\u00fd n\u00e1klad.<\/li>\n<li> <strong>Vzd\u00e1lenost:<\/strong> \u010c\u00edm d\u00e1le se mus\u00edte p\u0159est\u011bhovat, t\u00edm je to dra\u017e\u0161\u00ed.<\/li>\n<li> <strong>Trasa:<\/strong> N\u011bkter\u00e9 destinace jsou pom\u011brn\u011b b\u011b\u017en\u00e9 a jin\u00e9 naopak vz\u00e1cn\u00e9. Nap\u0159\u00edklad mezin\u00e1rodn\u00ed st\u011bhov\u00e1n\u00ed mezi <a href=\"https:\/\/moverdb.com\/cs\/moving-to-canada\/\" data-internallinksmanager029f6b8e52c=\"265\" title=\"St\u011bhov\u00e1n\u00ed do Kanady? 2026 N\u00e1klady na bydlen\u00ed a tipy na p\u0159est\u011bhov\u00e1n\u00ed\">Kanada<\/a> a <a href=\"https:\/\/moverdb.com\/cs\/moving-to-the-united-states\/\" data-internallinksmanager029f6b8e52c=\"94\" title=\"St\u011bhujete se do Spojen\u00fdch st\u00e1t\u016f? 2022 \u017divotn\u00ed n\u00e1klady a tipy na st\u011bhov\u00e1n\u00ed\">Spojen\u00e9 st\u00e1ty americk\u00e9<\/a> nebo v r\u00e1mci Evropy jsou b\u011b\u017en\u00e9 a tyto trasy jsou d\u00edky konkurenci obecn\u011b levn\u011bj\u0161\u00ed ne\u017e ty m\u00e9n\u011b b\u011b\u017en\u00e9.<\/li>\n<li> <strong>Zp\u016fsob p\u0159epravy:<\/strong> Zp\u016fsob, kter\u00fd zvol\u00edte pro p\u0159epravu zbo\u017e\u00ed, m\u00e1 velk\u00fd vliv na kone\u010dnou cenu, kterou zaplat\u00edte. P\u0159eprava po mo\u0159i je nejlevn\u011bj\u0161\u00ed mo\u017enost\u00ed, zat\u00edmco leteck\u00e1 p\u0159eprava je nejdra\u017e\u0161\u00ed. N\u00e1kladn\u00ed automobily t\u00e9m\u011b\u0159 v\u017edy provedou prvn\u00ed a posledn\u00ed etapu jak\u00e9hokoli st\u011bhov\u00e1n\u00ed bez ohledu na metodu (metody) pou\u017eitou mezi nimi.<\/li>\n<\/ul>\n<p>Vzhledem k tomu, \u017ee n\u00e1mo\u0159n\u00ed p\u0159eprava je nejlevn\u011bj\u0161\u00ed mo\u017enost\u00ed, n\u011bkte\u0159\u00ed lid\u00e9 se pokou\u0161ej\u00ed o p\u0159\u00edmou p\u0159epravu s <a href=\"https:\/\/moverdb.com\/cs\/prepravni-spolecnosti\/\">mezin\u00e1rodn\u00ed p\u0159epravn\u00ed spole\u010dnost<\/a>. I kdy\u017e to n\u011bkdy m\u016f\u017ee b\u00fdt levn\u011bj\u0161\u00ed, v\u011bt\u0161ina t\u011bchto spole\u010dnost\u00ed nen\u00ed ve skute\u010dnosti z\u0159\u00edzena pro st\u011bhov\u00e1n\u00ed dom\u016f, ale zab\u00fdv\u00e1 se p\u0159edev\u0161\u00edm <a href=\"https:\/\/moverdb.com\/cs\/spedice\/\">n\u00e1kladn\u00ed doprava<\/a>.    <\/p>\n<p>Chcete-li l\u00e9pe porozum\u011bt n\u00e1klad\u016fm na st\u011bhov\u00e1n\u00ed a p\u0159epravu, m\u016f\u017eete si tak\u00e9 p\u0159e\u010d\u00edst na\u0161eho pr\u016fvodce. <a href=\"https:\/\/moverdb.com\/cs\/kontejnerova-preprava\/\">N\u00e1klady na mezin\u00e1rodn\u00ed kontejnerovou dopravu<\/a> nebo se rovnou vrhnout na z\u00edsk\u00e1n\u00ed <a href=\"https:\/\/moverdb.com\/cs\/citaty\/\">mezin\u00e1rodn\u00ed st\u011bhov\u00e1n\u00ed citace<\/a>.<\/p>\n<p><strong>Typick\u00e9 n\u00e1klady:<\/strong> Po\u010d\u00ednaje <strong>$1,000<\/strong> USD (\u00a3750; \u20ac900) a m\u016f\u017ee snadno p\u0159es\u00e1hnout $10,000 pro d\u00e1lkov\u00e9 p\u0159esuny do z\u00e1mo\u0159\u00ed.<\/p>\n<h2><span class=\"ez-toc-section\" id=\"2_Packing_Unpacking_Costs\"><\/span>2. N\u00e1klady na balen\u00ed a vybalov\u00e1n\u00ed<span class=\"ez-toc-section-end\"><\/span><\/h2>\n<p>I kdy\u017e ne v\u0161echny <a href=\"https:\/\/moverdb.com\/cs\/moving-companies\/\" data-internallinksmanager029f6b8e52c=\"79\" title=\"Top 25 Mezin\u00e1rodn\u00ed st\u011bhovac\u00ed spole\u010dnosti Online\">st\u011bhovac\u00ed spole\u010dnosti<\/a> \u00fa\u010dtovat p\u0159\u00edplatek za balen\u00ed a vybalov\u00e1n\u00ed, mnoh\u00e9 to d\u011blaj\u00ed. V z\u00e1vislosti na zemi, do kter\u00e9 se st\u011bhujete, nemus\u00edte m\u00edt na v\u00fdb\u011br, zda tyto n\u00e1klady vynalo\u017e\u00edte. D\u016fvodem je, \u017ee celn\u00ed dokumenty n\u011bkter\u00fdch zem\u00ed vy\u017eaduj\u00ed, aby st\u011bhovac\u00ed spole\u010dnost ru\u010dila za dov\u00e1\u017een\u00e9 zbo\u017e\u00ed a zajistila, \u017ee se nep\u0159epravuje nic neleg\u00e1ln\u00edho.<\/p>\n<p>Mezi neleg\u00e1ln\u00ed p\u0159edm\u011bty pat\u0159\u00ed zjevn\u00e9 v\u011bci, jako jsou drogy a zbran\u011b, ale tak\u00e9 v\u011bci, o kter\u00fdch mo\u017en\u00e1 nev\u00edte, nap\u0159\u00edklad n\u011bkter\u00e9 rostliny nebo zv\u00ed\u0159ata. St\u011bhovac\u00ed spole\u010dnosti, kter\u00e9 jsou p\u0159isti\u017eeny p\u0159i poru\u0161en\u00ed z\u00e1kona, mohou b\u00fdt pokutov\u00e1ny nebo p\u0159ij\u00edt o licenci, a t\u00edm i o mo\u017enost podnikat v dan\u00e9 zemi.<\/p>\n<p>Pokud se chcete t\u011bmto n\u00e1klad\u016fm vyhnout nebo je sn\u00ed\u017eit, ur\u010dit\u011b se pora\u010fte se sv\u00fdm st\u011bhov\u00e1kem a zjist\u011bte, zda pro to m\u016f\u017eete n\u011bco ud\u011blat. N\u011bkdy m\u016f\u017eete u\u0161et\u0159it t\u00edm, \u017ee si v\u011bci zabal\u00edte sami, ale krabice nech\u00e1te otev\u0159en\u00e9, aby je mohli zkontrolovat. A v\u017edy m\u016f\u017eete u\u0161et\u0159it i na druh\u00e9 stran\u011b, pokud se rozhodnete v\u011bci v nov\u00e9m domov\u011b vybalit sami. <\/p>\n<p>Nakonec m\u011bjte na pam\u011bti, \u017ee za balic\u00ed materi\u00e1ly, jako jsou krabice, bublinkov\u00e1 f\u00f3lie a lepic\u00ed p\u00e1ska, se opravdu ned\u00e1 neplatit. <\/p>\n<p><strong>Typick\u00e9 n\u00e1klady:<\/strong> Po\u010d\u00ednaje <strong>$100<\/strong> USD (75 liber, 90 eur), ale obvykle n\u011bkolik set dolar\u016f.    <\/p>\n<h2><span class=\"ez-toc-section\" id=\"3_Moving_Insurance_Costs\"><\/span>3. N\u00e1klady na poji\u0161t\u011bn\u00ed st\u011bhov\u00e1n\u00ed<span class=\"ez-toc-section-end\"><\/span><\/h2>\n<p>N\u011bkter\u00e9 st\u011bhovac\u00ed spole\u010dnosti zahrnuj\u00ed poji\u0161t\u011bn\u00ed do sv\u00e9 nab\u00edzen\u00e9 ceny, ale ne v\u0161echny. Ujist\u011bte se, co p\u0159esn\u011b poji\u0161t\u011bn\u00ed zahrnuje a co ne. <\/p>\n<p>Pokud je va\u0161e zbo\u017e\u00ed pos\u00edl\u00e1no po mo\u0159i, m\u011bli byste se ujistit, \u017ee existuje n\u011bjak\u00fd druh n\u00e1mo\u0159n\u00edho poji\u0161t\u011bn\u00ed. Bez ohledu na to budete cht\u00edt m\u00edt pojistku, kter\u00e1 kryje plnou hodnotu ztr\u00e1ty, kr\u00e1de\u017ee a\/nebo po\u0161kozen\u00ed jak\u00e9hokoli va\u0161eho zbo\u017e\u00ed.   <\/p>\n<p><strong>Typick\u00e9 n\u00e1klady:<\/strong> Po\u010d\u00ednaje <strong>$100<\/strong> USD (75 GBP, 90 EUR), ale v p\u0159\u00edpad\u011b p\u0159epravy cenn\u00e9ho, neobvykl\u00e9ho a\/nebo vz\u00e1cn\u00e9ho zbo\u017e\u00ed m\u016f\u017ee b\u00fdt mnohem vy\u0161\u0161\u00ed.<\/p>\n<h2><span class=\"ez-toc-section\" id=\"4_Storage_Costs\"><\/span>4. N\u00e1klady na skladov\u00e1n\u00ed<span class=\"ez-toc-section-end\"><\/span><\/h2>\n<p>P\u0159i st\u011bhov\u00e1n\u00ed do zahrani\u010d\u00ed se m\u016f\u017ee st\u00e1t, \u017ee krom\u011b b\u011b\u017en\u00fdch n\u00e1klad\u016f na st\u011bhov\u00e1n\u00ed budete muset zaplatit i za skladov\u00e1n\u00ed. Je to proto, \u017ee m\u016f\u017ee b\u00fdt obt\u00ed\u017en\u00e9 zkoordinovat datum st\u011bhov\u00e1n\u00ed s term\u00edny p\u0159epravy, kter\u00e9 pou\u017e\u00edvaj\u00ed <a href=\"https:\/\/moverdb.com\/cs\/container-shipping\/\" data-internallinksmanager029f6b8e52c=\"3\" title=\"Graf sazeb mezin\u00e1rodn\u00ed kontejnerov\u00e9 dopravy: Duben 2026\">mezin\u00e1rodn\u00ed p\u0159eprava<\/a> spole\u010dnosti. <\/p>\n<p>V dob\u011b, kdy zbo\u017e\u00ed nen\u00ed v p\u0159eprav\u011b, mus\u00ed b\u00fdt n\u011bkde uskladn\u011bno. Nezapome\u0148te na to p\u0159i stanovov\u00e1n\u00ed o\u010dek\u00e1v\u00e1n\u00ed, kdy va\u0161e zbo\u017e\u00ed doraz\u00ed.<\/p>\n<p>Mo\u017en\u00e1 budete cht\u00edt sv\u00e9 v\u011bci uskladnit i v dob\u011b, kdy si budete hledat bydlen\u00ed v nov\u00e9 zemi. Nebo m\u016f\u017eete cht\u00edt jen zaplatit za uskladn\u011bn\u00ed v\u011bc\u00ed do doby, ne\u017e se vr\u00e1t\u00edte, pokud p\u0159edpokl\u00e1d\u00e1te, \u017ee p\u016fjde o do\u010dasn\u00e9 st\u011bhov\u00e1n\u00ed.  <\/p>\n<p><strong>Typick\u00e9 n\u00e1klady:<\/strong> Po\u010d\u00ednaje <strong>$100<\/strong> USD (75 GBP, 90 EUR) m\u011bs\u00ed\u010dn\u011b za mal\u00fd jedno- nebo dvoul\u016f\u017ekov\u00fd apartm\u00e1n a ceny mohou stoupat. Na\u0161t\u011bst\u00ed je v t\u00e9to oblasti pom\u011brn\u011b velk\u00e1 konkurence, kter\u00e1 pom\u00e1h\u00e1 dr\u017eet ceny dole. <\/p>\n<h2><span class=\"ez-toc-section\" id=\"5Customs_Duty_Charges_Taxes\"><\/span>5.Celn\u00ed poplatky a dan\u011b<span class=\"ez-toc-section-end\"><\/span><\/h2>\n<p>Dal\u0161\u00edmi drobn\u00fdmi n\u00e1klady, kter\u00e9 je t\u0159eba p\u0159ed st\u011bhov\u00e1n\u00edm zohlednit, jsou celn\u00ed poplatky v zemi, do kter\u00e9 se st\u011bhujete. N\u011bkter\u00e9 zem\u011b, jako nap\u0159\u00edklad Spojen\u00e9 st\u00e1ty, umo\u017e\u0148uj\u00ed st\u011bhov\u00e1n\u00ed v\u011bt\u0161iny zbo\u017e\u00ed pro dom\u00e1cnost bez cla. <\/p>\n<p>Zat\u00edmco zem\u011b jako nap\u0159. <a href=\"https:\/\/moverdb.com\/cs\/moving-to-the-uk\/\" data-internallinksmanager029f6b8e52c=\"93\" title=\"St\u011bhujete se do Spojen\u00e9ho kr\u00e1lovstv\u00ed? 2022 \u017divotn\u00ed n\u00e1klady a tipy na st\u011bhov\u00e1n\u00ed\">Spojen\u00e9 kr\u00e1lovstv\u00ed<\/a> maj\u00ed slo\u017eit\u011bj\u0161\u00ed pravidla, kter\u00e1 z\u00e1vis\u00ed na tom, odkud se st\u011bhujete. Nap\u0159\u00edklad st\u011bhov\u00e1n\u00ed z EU (v dob\u011b psan\u00ed tohoto \u010dl\u00e1nku) je osvobozeno od celn\u00edch poplatk\u016f, zat\u00edmco st\u011bhov\u00e1n\u00ed ze zem\u00ed mimo EU m\u016f\u017ee b\u00fdt zat\u00ed\u017eeno clem a dan\u011bmi, na kter\u00e9 m\u016f\u017eete uplatnit \u00falevu. <\/p>\n<p>Celn\u00ed poplatky a clo se nej\u010dast\u011bji \u00fa\u010dtuj\u00ed na z\u00e1klad\u011b hodnoty samotn\u00e9ho zbo\u017e\u00ed. <\/p>\n<p><strong>Typick\u00e9 n\u00e1klady:<\/strong> V z\u00e1vislosti na hodnot\u011b a typu zbo\u017e\u00ed, kter\u00e9 si s sebou vezmete, m\u016f\u017ee b\u00fdt zdarma nebo t\u00e9m\u011b\u0159 neomezen\u011b. <\/p>\n<h2><span class=\"ez-toc-section\" id=\"6_Visa_Fees\"><\/span>6. V\u00edzov\u00e9 poplatky<span class=\"ez-toc-section-end\"><\/span><\/h2>\n<p>Kdy\u017e se st\u011bhujete do jin\u00e9 zem\u011b za prac\u00ed nebo studiem, mus\u00edte obvykle po\u017e\u00e1dat o v\u00edzum, pokud se nest\u011bhujete v r\u00e1mci EU, kter\u00e1 v\u00e1m umo\u017e\u0148uje pohyb mezi zem\u011bmi bez v\u00edz. Pracovn\u00ed a studijn\u00ed v\u00edza t\u00e9m\u011b\u0159 v\u017edy vy\u017eaduj\u00ed spoustu pap\u00edrov\u00e1n\u00ed a zaplacen\u00ed n\u011bkdy pom\u011brn\u011b vysok\u00fdch poplatk\u016f. <\/p>\n<p>Nap\u0159\u00edklad ve Spojen\u00e9m kr\u00e1lovstv\u00ed stoj\u00ed n\u011bkter\u00e1 v\u00edza v\u00edce ne\u017e 1 000 liber ($1 300 USD; 1 200 EUR). A nezapome\u0148te, \u017ee tento poplatek je t\u0159eba zaplatit p\u0159i ka\u017ed\u00e9m prodlou\u017een\u00ed v\u00edza. To m\u016f\u017ee v\u00fdrazn\u011b zv\u00fd\u0161it va\u0161e celkov\u00e9 n\u00e1klady a m\u011blo by se s t\u00edm po\u010d\u00edtat v rozpo\u010dtu.<\/p>\n<p><strong>Typick\u00e9 n\u00e1klady:<\/strong> V r\u00e1mci EU je v\u00edzum zdarma a li\u0161\u00ed se v z\u00e1vislosti na zemi, ale m\u016f\u017ee se pohybovat v \u0159\u00e1du n\u011bkolika tis\u00edc dolar\u016f za v\u00edzum.<\/p>\n<h2><span class=\"ez-toc-section\" id=\"7_Lawyer_Fees\"><\/span>7. Poplatky pr\u00e1vn\u00edk\u016fm<span class=\"ez-toc-section-end\"><\/span><\/h2>\n<p>Obecn\u011b lze \u0159\u00edci, \u017ee v\u00edza a dal\u0161\u00ed celn\u00ed doklady si m\u016f\u017eete vyplnit sami, sta\u010d\u00ed trochu vyhled\u00e1vat na internetu na webov\u00fdch str\u00e1nk\u00e1ch vl\u00e1dn\u00edch \u00fa\u0159ad\u016f va\u0161\u00ed domovsk\u00e9 zem\u011b a zem\u011b, do kter\u00e9 se chyst\u00e1te p\u0159est\u011bhovat. <\/p>\n<p>Mnoho lid\u00ed se v\u0161ak c\u00edt\u00ed pohodln\u011bji, kdy\u017e vyu\u017eije slu\u017eeb pr\u00e1vn\u00edka, kter\u00fd jim pom\u016f\u017ee vy\u0159e\u0161it n\u011bkdy velmi slo\u017eit\u00fd sv\u011bt mezin\u00e1rodn\u00edch st\u011bhov\u00e1n\u00ed. <\/p>\n<p>Mnoho lid\u00ed si proto rad\u011bji najme pr\u00e1vn\u00edka, kter\u00fd vypln\u00ed v\u0161echny pot\u0159ebn\u00e9 dokumenty, ne\u017e aby v\u0161e vy\u0159izovali sami. To sice m\u016f\u017ee p\u0159in\u00e9st klid, ale m\u016f\u017ee to b\u00fdt spojeno s nemal\u00fdmi n\u00e1klady. <\/p>\n<p><strong>Typick\u00e9 n\u00e1klady:<\/strong> Ceny se v jednotliv\u00fdch zem\u00edch zna\u010dn\u011b li\u0161\u00ed, obvykle za\u010d\u00ednaj\u00ed nejm\u00e9n\u011b na \u00farovni <strong>$100USD\/hodina<\/strong> (75 liber, 90 eur), s pau\u0161\u00e1ln\u00edmi poplatky za b\u011b\u017en\u00e9 slu\u017eby, kter\u00e9 se mohou snadno vy\u0161plhat nad <strong>$1,000 USD<\/strong> i pro ty nejz\u00e1kladn\u011bj\u0161\u00ed slu\u017eby.  <\/p>\n<h2><span class=\"ez-toc-section\" id=\"8_Housing_Costs\"><\/span>8. N\u00e1klady na bydlen\u00ed<span class=\"ez-toc-section-end\"><\/span><\/h2>\n<p>Nejv\u011bt\u0161\u00ed v\u00fddaje v nov\u00e9 zemi bude pravd\u011bpodobn\u011b p\u0159edstavovat bydlen\u00ed. Uv\u011bdomte si v\u0161ak, \u017ee zp\u016fsob bydlen\u00ed a dan\u011b a poplatky se mohou v jednotliv\u00fdch zem\u00edch zna\u010dn\u011b li\u0161it. <\/p>\n<p>Nap\u0159\u00edklad ve Spojen\u00fdch st\u00e1tech jsou ceny nemovitost\u00ed mimo velk\u00e1 pob\u0159e\u017en\u00ed m\u011bsta extr\u00e9mn\u011b n\u00edzk\u00e9. Ka\u017ed\u00fd rok v\u0161ak mus\u00edte platit da\u0148 z nemovitosti podle jej\u00ed hodnoty, ale pouze v p\u0159\u00edpad\u011b, \u017ee ji vlastn\u00edte. Ty se pohybuj\u00ed v rozmez\u00ed od 0,281 tis. <a href=\"https:\/\/moverdb.com\/cs\/moving-to-the-united-states\/moving-to-hawaii\/\" data-internallinksmanager029f6b8e52c=\"403\" title=\"St\u011bhujete se na Havaj? 2026 N\u00e1klady na bydlen\u00ed a tipy na st\u011bhov\u00e1n\u00ed\">Havaj<\/a> a\u017e 2,29% v <a href=\"https:\/\/moverdb.com\/cs\/moving-to-the-united-states\/moving-to-new-jersey\/\" data-internallinksmanager029f6b8e52c=\"417\" title=\"St\u011bhujete se do New Jersey? 2026 N\u00e1klady na bydlen\u00ed a tipy na st\u011bhov\u00e1n\u00ed\">New Jersey<\/a>.<\/p>\n<p>Na druhou stranu v zem\u00edch, jako je Velk\u00e1 Brit\u00e1nie, se p\u0159\u00edm\u00e9 dan\u011b z nemovitost\u00ed neplat\u00ed. M\u00edsto toho plat\u00edte <a href=\"https:\/\/www.gov.uk\/stamp-duty-land-tax\/residential-property-rates\" target=\"_blank\" rel=\"noopener\">kolkovn\u00e9<\/a> p\u0159i koupi porpety, kter\u00e1 m\u016f\u017ee \u010dinit a\u017e 12% z kupn\u00ed ceny (kupuj\u00edc\u00ed plat\u00ed cel\u00fd poplatek, prod\u00e1vaj\u00edc\u00ed nikoliv). Nav\u00edc majitel\u00e9 dom\u016f i n\u00e1jemn\u00edci mus\u00ed platit <a href=\"https:\/\/www.gov.uk\/council-tax\/working-out-your-council-tax\" target=\"_blank\" rel=\"noopener\">obecn\u00ed da\u0148<\/a> ka\u017ed\u00fd rok na z\u00e1klad\u011b hodnoty nemovitosti v roce 1991. V pr\u016fm\u011bru to vych\u00e1z\u00ed na p\u0159ibli\u017en\u011b 1 200 GBP ($1 600 USD; 1 400 EUR) ro\u010dn\u011b.<\/p>\n<p>Proto se p\u0159i hled\u00e1n\u00ed bydlen\u00ed ned\u00edvejte jen na kupn\u00ed cenu nemovitosti a\/nebo cenu pron\u00e1jmu. Ujist\u011bte se, \u017ee rozum\u00edte v\u0161em poplatk\u016fm, platb\u00e1m a dan\u00edm, kter\u00e9 budete muset uhradit vzhledem k typu, lokalit\u011b a n\u00e1jemn\u00edmu vztahu bydlen\u00ed, kter\u00e9 budete vyu\u017e\u00edvat. <\/p>\n<p><strong>Typick\u00e9 n\u00e1klady:<\/strong> Z\u00e1le\u017e\u00ed zcela na zemi, ale dan\u011b obvykle nejsou ni\u017e\u0161\u00ed ne\u017e $1 000 USD ro\u010dn\u011b a mohou b\u00fdt podstatn\u011b vy\u0161\u0161\u00ed v zem\u00edch s procentu\u00e1ln\u00edm re\u017eimem dan\u011b z nemovitosti.    <\/p>\n<h2><span class=\"ez-toc-section\" id=\"9_Other_Costs\"><\/span>9. Ostatn\u00ed n\u00e1klady<span class=\"ez-toc-section-end\"><\/span><\/h2>\n<p>P\u0159i mezin\u00e1rodn\u00edm st\u011bhov\u00e1n\u00ed je t\u0159eba po\u010d\u00edtat s celou \u0159adou dal\u0161\u00edch drobn\u00fdch i m\u00e9n\u011b drobn\u00fdch poplatk\u016f a n\u00e1klad\u016f. M\u016f\u017ee j\u00edt nap\u0159\u00edklad o n\u00e1kup nov\u00e9ho n\u00e1bytku, pokud se st\u011bhujete ze zem\u011b, kde jsou za\u0159\u00edzen\u00e9 byty b\u011b\u017en\u00e9, do zem\u00ed, jako jsou USA nebo Kanada, kde je to vz\u00e1cn\u00e9.<\/p>\n<p>I kdy\u017e m\u00e1te vlastn\u00ed n\u00e1bytek, m\u016f\u017ee se st\u00e1t, \u017ee budete muset koupit nov\u00e9 spot\u0159ebi\u010de, proto\u017ee v r\u016fzn\u00fdch zem\u00edch se pou\u017e\u00edv\u00e1 jin\u00e9 nap\u011bt\u00ed a\/nebo jin\u00e9 z\u00e1str\u010dky. Pou\u017e\u00edv\u00e1n\u00ed nespr\u00e1vn\u00e9ho typu spot\u0159ebi\u010de m\u016f\u017ee po\u0161kodit v\u00e1\u0161 elektrick\u00fd syst\u00e9m, proto si jej p\u0159ed st\u011bhov\u00e1n\u00edm v\u017edy zkontrolujte. <\/p>\n<p>Nov\u00e9 oble\u010den\u00ed m\u016f\u017eete pot\u0159ebovat tak\u00e9 v p\u0159\u00edpad\u011b, \u017ee se st\u011bhujete z oblasti s chladn\u00fdm po\u010das\u00edm do oblasti s tepl\u00fdm po\u010das\u00edm nebo naopak. Chcete-li se o t\u011bchto typech n\u00e1klad\u016f dozv\u011bd\u011bt v\u00edce, bude nejlep\u0161\u00ed, kdy\u017e si zjist\u00edte v\u00edce informac\u00ed o konkr\u00e9tn\u00ed zemi, do kter\u00e9 se st\u011bhujete.<\/p>\n<p>Z tohoto d\u016fvodu jsme vytvo\u0159ili n\u011bkolik pr\u016fvodc\u016f po konkr\u00e9tn\u00edch zem\u00edch, kter\u00e9 by v\u00e1m m\u011bly pomoci z\u00edskat v\u00edce informac\u00ed o n\u00e1kladech v zemi, do kter\u00e9 se budete st\u011bhovat.   <\/p>","protected":false},"excerpt":{"rendered":"<p>Many people who move abroad are surprised a just how high international moving costs can be. Below we look at many of the expected and unexpected expenses you may face and how to save money. 1. Moving &#038; Transportation Costs The biggest single expense you&#8217;ll face is hiring an international moving company to move your [&hellip;]<\/p>\n","protected":false},"author":1,"featured_media":780,"parent":0,"menu_order":0,"comment_status":"closed","ping_status":"closed","template":"","meta":{"_genesis_hide_title":false,"_genesis_hide_breadcrumbs":false,"_genesis_hide_singular_image":false,"_genesis_hide_footer_widgets":false,"_genesis_custom_body_class":"","_genesis_custom_post_class":"","_genesis_layout":"","footnotes":""},"class_list":{"0":"post-414","1":"page","2":"type-page","3":"status-publish","4":"has-post-thumbnail","6":"entry"},"_links":{"self":[{"href":"https:\/\/moverdb.com\/cs\/wp-json\/wp\/v2\/pages\/414","targetHints":{"allow":["GET"]}}],"collection":[{"href":"https:\/\/moverdb.com\/cs\/wp-json\/wp\/v2\/pages"}],"about":[{"href":"https:\/\/moverdb.com\/cs\/wp-json\/wp\/v2\/types\/page"}],"author":[{"embeddable":true,"href":"https:\/\/moverdb.com\/cs\/wp-json\/wp\/v2\/users\/1"}],"replies":[{"embeddable":true,"href":"https:\/\/moverdb.com\/cs\/wp-json\/wp\/v2\/comments?post=414"}],"version-history":[{"count":15,"href":"https:\/\/moverdb.com\/cs\/wp-json\/wp\/v2\/pages\/414\/revisions"}],"predecessor-version":[{"id":13165,"href":"https:\/\/moverdb.com\/cs\/wp-json\/wp\/v2\/pages\/414\/revisions\/13165"}],"wp:featuredmedia":[{"embeddable":true,"href":"https:\/\/moverdb.com\/cs\/wp-json\/wp\/v2\/media\/780"}],"wp:attachment":[{"href":"https:\/\/moverdb.com\/cs\/wp-json\/wp\/v2\/media?parent=414"}],"curies":[{"name":"wp","href":"https:\/\/api.w.org\/{rel}","templated":true}]}}