{"id":3991,"date":"2022-05-18T23:49:05","date_gmt":"2022-05-18T23:49:05","guid":{"rendered":"https:\/\/moverdb.com\/?page_id=3991"},"modified":"2026-01-08T13:19:31","modified_gmt":"2026-01-08T13:19:31","slug":"banglades","status":"publish","type":"page","link":"https:\/\/moverdb.com\/cs\/container-shipping\/bangladesh\/","title":{"rendered":"2026 Sazby n\u00e1mo\u0159n\u00ed kontejnerov\u00e9 dopravy do Banglad\u00e9\u0161e a z Banglad\u00e9\u0161e"},"content":{"rendered":"<div class=\"wp-block-image\"><figure class=\"aligncenter size-full\"><img loading=\"lazy\" decoding=\"async\" width=\"1000\" height=\"667\" src=\"https:\/\/moverdb.com\/wp-content\/uploads\/dhaka-bangladesh.jpg\" alt=\"Leteck\u00fd pohled na hlavn\u00ed m\u011bsto Banglad\u00e9\u0161e - Dh\u00e1ku.\" class=\"wp-image-3960\" srcset=\"https:\/\/moverdb.com\/wp-content\/uploads\/dhaka-bangladesh.jpg 1000w, https:\/\/moverdb.com\/wp-content\/uploads\/dhaka-bangladesh-300x200.jpg 300w, https:\/\/moverdb.com\/wp-content\/uploads\/dhaka-bangladesh-18x12.jpg 18w, https:\/\/moverdb.com\/wp-content\/uploads\/dhaka-bangladesh-600x400.jpg 600w\" sizes=\"auto, (max-width: 1000px) 100vw, 1000px\" \/><\/figure><\/div>\n\n\n\n<p>Krom\u011b toho, \u017ee je to zem\u011b t\u0159et\u00edho sv\u011bta, <strong><a href=\"https:\/\/moverdb.com\/cs\/moving-to-bangladesh\/\" data-internallinksmanager029f6b8e52c=\"419\" title=\"St\u011bhov\u00e1n\u00ed do Banglad\u00e9\u0161e? 2026 N\u00e1klady na bydlen\u00ed a tipy na p\u0159est\u011bhov\u00e1n\u00ed\">Banglad\u00e9\u0161<\/a><\/strong> je jedn\u00edm z hlavn\u00edch center z\u00e1padn\u00edch investic v 21. stolet\u00ed.<\/p>\n\n\n\n<p>\u0160pi\u010dkov\u00e1 pr\u016fmyslov\u00e1 odv\u011btv\u00ed, jako je textiln\u00ed pr\u016fmysl, cestovn\u00ed ruch, stavba lod\u00ed, technologie a komunika\u010dn\u00ed pr\u016fmysl, p\u0159itahuj\u00ed do t\u00e9to zem\u011b velk\u00e9 mno\u017estv\u00ed cizinc\u016f, kte\u0159\u00ed zde rozv\u00edjej\u00ed a roz\u0161i\u0159uj\u00ed sv\u00e9 offshore podnik\u00e1n\u00ed.<\/p>\n\n\n\n<p>Krom\u011b pracovn\u00edch pob\u00eddek m\u00e1 Banglad\u00e9\u0161 subtropick\u00e9 klima, kter\u00e9 je velmi p\u0159\u00edjemn\u00e9 po cel\u00fd rok, a jeho p\u0159\u00edrodn\u00ed a historick\u00e9 zaj\u00edmavosti jsou bohat\u00e9 a \u00fachvatn\u00e9.<\/p>\n\n\n\n<p>Pokud tedy uva\u017eujete o st\u011bhov\u00e1n\u00ed v Dh\u00e1ce, Chittagongu, Khuln\u011b nebo jin\u00e9m m\u00edst\u011b v Banglad\u00e9\u0161i, m\u016f\u017eeme v\u00e1m pomoci zjistit pr\u016fm\u011brnou cenu za tento v\u00fdkon.<\/p>\n\n\n\n<p>V n\u00ed\u017ee uveden\u00fdch tabulk\u00e1ch jsou uvedeny ceny v n\u011bkter\u00fdch koutech sv\u011bta, odkud byste mohli poch\u00e1zet nebo kam byste se cht\u011bli p\u0159est\u011bhovat z Banglad\u00e9\u0161e. V\u0161imn\u011bte si, \u017ee se jedn\u00e1 o nejni\u017e\u0161\u00ed ceny Banglad\u00e9\u0161e <a href=\"https:\/\/moverdb.com\/cs\/container-shipping\/\" data-internallinksmanager029f6b8e52c=\"3\" title=\"Graf sazeb mezin\u00e1rodn\u00ed kontejnerov\u00e9 dopravy: Duben 2026\">sazby za p\u0159epravu kontejner\u016f<\/a> 20'' i 40'' p\u0159epravn\u00edch kontejner\u016f - abyste z\u00edskali co nejp\u0159esn\u011bj\u0161\u00ed cenu pro sv\u00e9 konkr\u00e9tn\u00ed po\u017eadavky, pou\u017eijte cenovou nab\u00eddku v horn\u00ed \u010d\u00e1sti t\u00e9to str\u00e1nky.<\/p>\n\n\n\n<h2 class=\"wp-block-heading\">N\u00e1klady na p\u0159epravu kontejner\u016f do Banglad\u00e9\u0161e (Chittagong)<\/h2>\n\n\n\n<div class=\"wp-block-image\"><figure class=\"aligncenter size-large\"><img loading=\"lazy\" decoding=\"async\" width=\"1024\" height=\"539\" src=\"https:\/\/moverdb.com\/wp-content\/uploads\/Shipping-Container-Costs-to-Bangladesh-1024x539.png\" alt=\"N\u00e1klady na p\u0159epravu kontejner\u016f do Banglad\u00e9\u0161e (Chittagong)\" class=\"wp-image-3972\" srcset=\"https:\/\/moverdb.com\/wp-content\/uploads\/Shipping-Container-Costs-to-Bangladesh-1024x539.png 1024w, https:\/\/moverdb.com\/wp-content\/uploads\/Shipping-Container-Costs-to-Bangladesh-300x158.png 300w, https:\/\/moverdb.com\/wp-content\/uploads\/Shipping-Container-Costs-to-Bangladesh-1536x809.png 1536w, https:\/\/moverdb.com\/wp-content\/uploads\/Shipping-Container-Costs-to-Bangladesh-2048x1079.png 2048w, https:\/\/moverdb.com\/wp-content\/uploads\/Shipping-Container-Costs-to-Bangladesh-18x9.png 18w, https:\/\/moverdb.com\/wp-content\/uploads\/Shipping-Container-Costs-to-Bangladesh-600x316.png 600w\" sizes=\"auto, (max-width: 1024px) 100vw, 1024px\" \/><\/figure><\/div>\n\n\n\n<table id=\"tablepress-48\" class=\"tablepress tablepress-id-48\">\n<thead>\n<tr class=\"row-1\">\n\t<th class=\"column-1\">Zem\u011b ur\u010den\u00ed (<a href=\"https:\/\/moverdb.com\/cs\/top-49-container-ports\/\" data-internallinksmanager029f6b8e52c=\"80\" title=\"49 nejv\u011bt\u0161\u00edch a nejru\u0161n\u011bj\u0161\u00edch kontejnerov\u00fdch p\u0159\u00edstav\u016f v roce 2025\">P\u0159\u00edstav<\/a>\/M\u011bsto)<\/th><th class=\"column-2\">20FT<\/th><th class=\"column-3\">40FT<\/th>\n<\/tr>\n<\/thead>\n<tbody class=\"row-striping row-hover\">\n<tr class=\"row-2\">\n\t<td class=\"column-1\"><a href=\"https:\/\/moverdb.com\/cs\/container-shipping\/andorra\/\" data-internallinksmanager029f6b8e52c=\"88\" title=\"2026 Sazby n\u00e1mo\u0159n\u00ed kontejnerov\u00e9 dopravy do Andorry a z n\u00ed\">Andorra (Andorra la Vella)<\/a><\/td><td class=\"column-2\">$1,864<\/td><td class=\"column-3\">$2,318<\/td>\n<\/tr>\n<tr class=\"row-3\">\n\t<td class=\"column-1\"><a href=\"https:\/\/moverdb.com\/cs\/container-shipping\/antigua-and-barbuda\/\" data-internallinksmanager029f6b8e52c=\"92\" title=\"2026 Sazby n\u00e1mo\u0159n\u00ed kontejnerov\u00e9 dopravy z Antiguy a Barbudy a do n\u00ed\">Antigua a Barbuda (St John's)<\/a><\/td><td class=\"column-2\">$814<\/td><td class=\"column-3\">$1,298<\/td>\n<\/tr>\n<tr class=\"row-4\">\n\t<td class=\"column-1\"><a href=\"https:\/\/moverdb.com\/cs\/container-shipping\/argentina\/\" data-internallinksmanager029f6b8e52c=\"91\" title=\"2026 Sazby n\u00e1mo\u0159n\u00ed kontejnerov\u00e9 dopravy do a z Argentiny\">Argentina (Buenos Aires)<\/a><\/td><td class=\"column-2\">$3,750<\/td><td class=\"column-3\">$5,690<\/td>\n<\/tr>\n<tr class=\"row-5\">\n\t<td class=\"column-1\"><a href=\"https:\/\/moverdb.com\/cs\/container-shipping\/australia\/\" data-internallinksmanager029f6b8e52c=\"89\" title=\"2026 Sazby za p\u0159epravu kontejner\u016f do Austr\u00e1lie a z Austr\u00e1lie\">Austr\u00e1lie (Sydney)<\/a><\/td><td class=\"column-2\">$8,053<\/td><td class=\"column-3\">NEUPLAT\u0147UJE SE<\/td>\n<\/tr>\n<tr class=\"row-6\">\n\t<td class=\"column-1\"><a href=\"https:\/\/moverdb.com\/cs\/container-shipping\/china\/\" data-internallinksmanager029f6b8e52c=\"105\" title=\"2026 Sazby n\u00e1mo\u0159n\u00ed kontejnerov\u00e9 dopravy do a z \u010c\u00edny\">\u010c\u00edna (Peking)<\/a><\/td><td class=\"column-2\">$4,895<\/td><td class=\"column-3\">$9,345<\/td>\n<\/tr>\n<tr class=\"row-7\">\n\t<td class=\"column-1\">\u010c\u00edna (\u0160anghaj)<\/td><td class=\"column-2\">$4,015<\/td><td class=\"column-3\">$7,665<\/td>\n<\/tr>\n<tr class=\"row-8\">\n\t<td class=\"column-1\"><a href=\"https:\/\/moverdb.com\/cs\/container-shipping\/india\/\" data-internallinksmanager029f6b8e52c=\"125\" title=\"2026 Sazby n\u00e1mo\u0159n\u00ed kontejnerov\u00e9 dopravy do a z Indie\">Indie (Bombaj)<\/a><\/td><td class=\"column-2\">$1,753<\/td><td class=\"column-3\">$3,213<\/td>\n<\/tr>\n<tr class=\"row-9\">\n\t<td class=\"column-1\"><a href=\"https:\/\/moverdb.com\/cs\/container-shipping\/indonesia\/\" data-internallinksmanager029f6b8e52c=\"126\" title=\"2026 Sazby n\u00e1mo\u0159n\u00ed kontejnerov\u00e9 dopravy do Indon\u00e9sie a z Indon\u00e9sie\">Indon\u00e9sie (Jakarta)<\/a><\/td><td class=\"column-2\">$2,679<\/td><td class=\"column-3\">$4,574<\/td>\n<\/tr>\n<tr class=\"row-10\">\n\t<td class=\"column-1\">Laos (Vientiane)<\/td><td class=\"column-2\">$4,015<\/td><td class=\"column-3\">$7,665<\/td>\n<\/tr>\n<tr class=\"row-11\">\n\t<td class=\"column-1\"><a href=\"https:\/\/moverdb.com\/cs\/container-shipping\/malaysia\/\" data-internallinksmanager029f6b8e52c=\"148\" title=\"2026 Sazby n\u00e1mo\u0159n\u00ed kontejnerov\u00e9 dopravy do a z Malajsie\">Malajsie (Port Kelang)<\/a><\/td><td class=\"column-2\">$2,365<\/td><td class=\"column-3\">$4,250<\/td>\n<\/tr>\n<tr class=\"row-12\">\n\t<td class=\"column-1\"><a href=\"https:\/\/moverdb.com\/cs\/container-shipping\/pakistan\/\" data-internallinksmanager029f6b8e52c=\"155\" title=\"2026 Sazby n\u00e1mo\u0159n\u00ed kontejnerov\u00e9 dopravy do P\u00e1kist\u00e1nu a z n\u011bj\">P\u00e1kist\u00e1n (Kar\u00e1\u010d\u00ed)<\/a><\/td><td class=\"column-2\">$2,750<\/td><td class=\"column-3\">$4,095<\/td>\n<\/tr>\n<tr class=\"row-13\">\n\t<td class=\"column-1\"><a href=\"https:\/\/moverdb.com\/cs\/container-shipping\/philippines\/\" data-internallinksmanager029f6b8e52c=\"156\" title=\"2026 Sazby n\u00e1mo\u0159n\u00ed kontejnerov\u00e9 dopravy z Filip\u00edn a na Filip\u00edny\">Filip\u00edny (Manila)<\/a><\/td><td class=\"column-2\">$2,750<\/td><td class=\"column-3\">NEUPLAT\u0147UJE SE<\/td>\n<\/tr>\n<tr class=\"row-14\">\n\t<td class=\"column-1\"><a href=\"https:\/\/moverdb.com\/cs\/container-shipping\/singapore\/\" data-internallinksmanager029f6b8e52c=\"179\" title=\"2026 Sazby n\u00e1mo\u0159n\u00ed kontejnerov\u00e9 dopravy do a ze Singapuru\">Singapur (Singapur)<\/a><\/td><td class=\"column-2\">$2,915<\/td><td class=\"column-3\">$5,565<\/td>\n<\/tr>\n<tr class=\"row-15\">\n\t<td class=\"column-1\"><a href=\"https:\/\/moverdb.com\/cs\/container-shipping\/south-africa\/\" data-internallinksmanager029f6b8e52c=\"185\" title=\"2026 Sazby n\u00e1mo\u0159n\u00ed kontejnerov\u00e9 dopravy do a z Ji\u017en\u00ed Afriky\">Jihoafrick\u00e1 republika (Durban)<\/a><\/td><td class=\"column-2\">$5,100<\/td><td class=\"column-3\">NEUPLAT\u0147UJE SE<\/td>\n<\/tr>\n<tr class=\"row-16\">\n\t<td class=\"column-1\"><a href=\"https:\/\/moverdb.com\/cs\/container-shipping\/south-korea\/\" data-internallinksmanager029f6b8e52c=\"180\" title=\"2026 Sazby n\u00e1mo\u0159n\u00ed kontejnerov\u00e9 dopravy do a z Ji\u017en\u00ed Koreje\">Ji\u017en\u00ed Korea (Pusan)<\/a><\/td><td class=\"column-2\">$4,315<\/td><td class=\"column-3\">$6,870<\/td>\n<\/tr>\n<tr class=\"row-17\">\n\t<td class=\"column-1\"><a href=\"https:\/\/moverdb.com\/cs\/container-shipping\/spain\/\" data-internallinksmanager029f6b8e52c=\"182\" title=\"2026 Sazby n\u00e1mo\u0159n\u00ed kontejnerov\u00e9 dopravy do a ze \u0160pan\u011blska\">\u0160pan\u011blsko (Valencie)<\/a><\/td><td class=\"column-2\">$2,378<\/td><td class=\"column-3\">$3,369<\/td>\n<\/tr>\n<tr class=\"row-18\">\n\t<td class=\"column-1\"><a href=\"https:\/\/moverdb.com\/cs\/container-shipping\/thailand\/\" data-internallinksmanager029f6b8e52c=\"189\" title=\"2026 Sazby n\u00e1mo\u0159n\u00ed kontejnerov\u00e9 dopravy do a z Thajska\">Thajsko (Laem Chabang)<\/a><\/td><td class=\"column-2\">$3,400<\/td><td class=\"column-3\">$5,477<\/td>\n<\/tr>\n<tr class=\"row-19\">\n\t<td class=\"column-1\"><a href=\"https:\/\/moverdb.com\/cs\/container-shipping\/uruguay\/\" data-internallinksmanager029f6b8e52c=\"194\" title=\"2026 Sazby n\u00e1mo\u0159n\u00ed kontejnerov\u00e9 dopravy do Uruguaye a z n\u00ed\">Uruguay (Montevideo)<\/a><\/td><td class=\"column-2\">$3,750<\/td><td class=\"column-3\">$5,690<\/td>\n<\/tr>\n<tr class=\"row-20\">\n\t<td class=\"column-1\"><a href=\"https:\/\/moverdb.com\/cs\/moving-to-the-united-states\/\" data-internallinksmanager029f6b8e52c=\"94\" title=\"St\u011bhujete se do Spojen\u00fdch st\u00e1t\u016f? 2022 \u017divotn\u00ed n\u00e1klady a tipy na st\u011bhov\u00e1n\u00ed\">US<\/a> (<a href=\"https:\/\/moverdb.com\/cs\/moving-to-los-angeles\/\" data-internallinksmanager029f6b8e52c=\"51\" title=\"St\u011bhujete se do Los Angeles? 2026 N\u00e1klady na bydlen\u00ed v LA a tipy na st\u011bhov\u00e1n\u00ed\">Los Angeles<\/a>)<\/td><td class=\"column-2\">$835<\/td><td class=\"column-3\">$1,035<\/td>\n<\/tr>\n<tr class=\"row-21\">\n\t<td class=\"column-1\"><a href=\"https:\/\/moverdb.com\/cs\/container-shipping\/united-states\/\" data-internallinksmanager029f6b8e52c=\"87\" title=\"2026 Sazby n\u00e1mo\u0159n\u00ed kontejnerov\u00e9 dopravy do a z USA\">USA (New York)<\/a><\/td><td class=\"column-2\">$2,253<\/td><td class=\"column-3\">$2,534<\/td>\n<\/tr>\n<\/tbody>\n<\/table>\n<!-- #tablepress-48 from cache -->\n\n\n\n<h2 class=\"wp-block-heading\">N\u00e1klady na p\u0159epravu kontejner\u016f z Banglad\u00e9\u0161e (Chittagong)<\/h2>\n\n\n\n<div class=\"wp-block-image\"><figure class=\"aligncenter size-large\"><img loading=\"lazy\" decoding=\"async\" width=\"1024\" height=\"539\" src=\"https:\/\/moverdb.com\/wp-content\/uploads\/Shipping-Container-Costs-from-Bangladesh-1024x539.png\" alt=\"N\u00e1klady na p\u0159epravu kontejner\u016f z Banglad\u00e9\u0161e (Chittagong)\" class=\"wp-image-3971\" srcset=\"https:\/\/moverdb.com\/wp-content\/uploads\/Shipping-Container-Costs-from-Bangladesh-1024x539.png 1024w, https:\/\/moverdb.com\/wp-content\/uploads\/Shipping-Container-Costs-from-Bangladesh-300x158.png 300w, https:\/\/moverdb.com\/wp-content\/uploads\/Shipping-Container-Costs-from-Bangladesh-1536x809.png 1536w, https:\/\/moverdb.com\/wp-content\/uploads\/Shipping-Container-Costs-from-Bangladesh-2048x1079.png 2048w, https:\/\/moverdb.com\/wp-content\/uploads\/Shipping-Container-Costs-from-Bangladesh-18x9.png 18w, https:\/\/moverdb.com\/wp-content\/uploads\/Shipping-Container-Costs-from-Bangladesh-600x316.png 600w\" sizes=\"auto, (max-width: 1024px) 100vw, 1024px\" \/><\/figure><\/div>\n\n\n\n<table id=\"tablepress-49\" class=\"tablepress tablepress-id-49\">\n<thead>\n<tr class=\"row-1\">\n\t<th class=\"column-1\">Zem\u011b ur\u010den\u00ed (p\u0159\u00edstav\/m\u011bsto)<\/th><th class=\"column-2\">20FT<\/th><th class=\"column-3\">40FT<\/th>\n<\/tr>\n<\/thead>\n<tbody class=\"row-striping row-hover\">\n<tr class=\"row-2\">\n\t<td class=\"column-1\">Andorra (Andorra la Vella)<\/td><td class=\"column-2\">$911<\/td><td class=\"column-3\">$1,138<\/td>\n<\/tr>\n<tr class=\"row-3\">\n\t<td class=\"column-1\">Argentina (Buenos Aires)<\/td><td class=\"column-2\">$9,373<\/td><td class=\"column-3\">$11,660<\/td>\n<\/tr>\n<tr class=\"row-4\">\n\t<td class=\"column-1\"><a href=\"https:\/\/moverdb.com\/cs\/container-shipping\/aruba\/\" data-internallinksmanager029f6b8e52c=\"90\" title=\"2022 N\u00e1mo\u0159n\u00ed kontejnerov\u00e1 doprava do Aruby a z n\u00ed\">Aruba (Oranjestad)<\/a><\/td><td class=\"column-2\">$9,373<\/td><td class=\"column-3\">$11,660<\/td>\n<\/tr>\n<tr class=\"row-5\">\n\t<td class=\"column-1\">Austr\u00e1lie (Sydney)<\/td><td class=\"column-2\">$2,511<\/td><td class=\"column-3\">NEUPLAT\u0147UJE SE<\/td>\n<\/tr>\n<tr class=\"row-6\">\n\t<td class=\"column-1\"><a href=\"https:\/\/moverdb.com\/cs\/container-shipping\/austria\/\" data-internallinksmanager029f6b8e52c=\"95\" title=\"2026 Sazby n\u00e1mo\u0159n\u00ed kontejnerov\u00e9 dopravy do Rakouska a z Rakouska\">Rakousko (V\u00edde\u0148)<\/a><\/td><td class=\"column-2\">NEUPLAT\u0147UJE SE<\/td><td class=\"column-3\">$12,750<\/td>\n<\/tr>\n<tr class=\"row-7\">\n\t<td class=\"column-1\"><a href=\"https:\/\/moverdb.com\/cs\/container-shipping\/bahrain\/\" data-internallinksmanager029f6b8e52c=\"96\" title=\"2026 Sazby n\u00e1mo\u0159n\u00ed kontejnerov\u00e9 dopravy do Bahrajnu a z Bahrajnu\">Bahrajn (Man\u00e1ma)<\/a><\/td><td class=\"column-2\">$2,090<\/td><td class=\"column-3\">NEUPLAT\u0147UJE SE<\/td>\n<\/tr>\n<tr class=\"row-8\">\n\t<td class=\"column-1\">Indie (Bombaj)<\/td><td class=\"column-2\">$990<\/td><td class=\"column-3\">NEUPLAT\u0147UJE SE<\/td>\n<\/tr>\n<tr class=\"row-9\">\n\t<td class=\"column-1\"><a href=\"https:\/\/moverdb.com\/cs\/container-shipping\/kuwait\/\" data-internallinksmanager029f6b8e52c=\"135\" title=\"2026 Sazby n\u00e1mo\u0159n\u00ed kontejnerov\u00e9 dopravy do Kuvajtu a z n\u011bj\">Kuvajt (Shuwaikh)<\/a><\/td><td class=\"column-2\">$2,393<\/td><td class=\"column-3\">NEUPLAT\u0147UJE SE<\/td>\n<\/tr>\n<tr class=\"row-10\">\n\t<td class=\"column-1\"><a href=\"https:\/\/moverdb.com\/cs\/container-shipping\/maldives\/\" data-internallinksmanager029f6b8e52c=\"161\" title=\"2026 Sazby n\u00e1mo\u0159n\u00ed kontejnerov\u00e9 dopravy z Malediv a na Maledivy\">Maledivy (Male)<\/a><\/td><td class=\"column-2\">$110<\/td><td class=\"column-3\">NEUPLAT\u0147UJE SE<\/td>\n<\/tr>\n<tr class=\"row-11\">\n\t<td class=\"column-1\"><a href=\"https:\/\/moverdb.com\/cs\/container-shipping\/netherlands\/\" data-internallinksmanager029f6b8e52c=\"151\" title=\"2026 Sazby n\u00e1mo\u0159n\u00ed kontejnerov\u00e9 dopravy do a z Nizozemska\">Nizozemsko (Rotterdam)<\/a><\/td><td class=\"column-2\">$6,492<\/td><td class=\"column-3\">$8,034<\/td>\n<\/tr>\n<tr class=\"row-12\">\n\t<td class=\"column-1\">P\u00e1kist\u00e1n (Kar\u00e1\u010d\u00ed)<\/td><td class=\"column-2\">$3,808<\/td><td class=\"column-3\">NEUPLAT\u0147UJE SE<\/td>\n<\/tr>\n<tr class=\"row-13\">\n\t<td class=\"column-1\"><a href=\"https:\/\/moverdb.com\/cs\/container-shipping\/qatar\/\" data-internallinksmanager029f6b8e52c=\"159\" title=\"2026 Sazby n\u00e1mo\u0159n\u00ed kontejnerov\u00e9 dopravy do Kataru a z Kataru\">Katar (Dauh\u00e1)<\/a><\/td><td class=\"column-2\">$2,810<\/td><td class=\"column-3\">NEUPLAT\u0147UJE SE<\/td>\n<\/tr>\n<tr class=\"row-14\">\n\t<td class=\"column-1\"><a href=\"https:\/\/moverdb.com\/cs\/container-shipping\/saudi-arabia\/\" data-internallinksmanager029f6b8e52c=\"178\" title=\"2026 Sazby n\u00e1mo\u0159n\u00ed kontejnerov\u00e9 dopravy do Sa\u00fadsk\u00e9 Ar\u00e1bie a ze Sa\u00fadsk\u00e9 Ar\u00e1bie\">Sa\u00fadsk\u00e1 Ar\u00e1bie (D\u017eidda)<\/a><\/td><td class=\"column-2\">$6,977<\/td><td class=\"column-3\">NEUPLAT\u0147UJE SE<\/td>\n<\/tr>\n<tr class=\"row-15\">\n\t<td class=\"column-1\">Singapur (Singapur)<\/td><td class=\"column-2\">$110<\/td><td class=\"column-3\">NEUPLAT\u0147UJE SE<\/td>\n<\/tr>\n<tr class=\"row-16\">\n\t<td class=\"column-1\">\u0160pan\u011blsko (Valencie)<\/td><td class=\"column-2\">$6,932<\/td><td class=\"column-3\">$10,214<\/td>\n<\/tr>\n<tr class=\"row-17\">\n\t<td class=\"column-1\"><a href=\"https:\/\/moverdb.com\/cs\/container-shipping\/united-arab-emirates\/\" data-internallinksmanager029f6b8e52c=\"188\" title=\"2026 Sazby za p\u0159epravu kontejner\u016f do SAE a z nich\">SAE (Jebel Ali)<\/a><\/td><td class=\"column-2\">$1,705<\/td><td class=\"column-3\">$3,273<\/td>\n<\/tr>\n<tr class=\"row-18\">\n\t<td class=\"column-1\">USA (Los Angeles)<\/td><td class=\"column-2\">$8,080<\/td><td class=\"column-3\">$8,400<\/td>\n<\/tr>\n<tr class=\"row-19\">\n\t<td class=\"column-1\">USA (New York)<\/td><td class=\"column-2\">$3,753<\/td><td class=\"column-3\">$4,250<\/td>\n<\/tr>\n<\/tbody>\n<\/table>\n<!-- #tablepress-49 from cache -->\n\n\n\n<h3 class=\"wp-block-heading\">Pozn\u00e1mky k \u00fadaj\u016fm:<\/h3>\n\n\n\n<ul class=\"wp-block-list\"><li>V\u0161echny \u00fadaje $ jsou uvedeny v americk\u00fdch dolarech (USD);<\/li><li>Sazby jsou p\u0159esn\u00e9 od za\u010d\u00e1tku roku 2022;<\/li><li>Mapy v tomto \u010dl\u00e1nku byly vytvo\u0159eny pomoc\u00ed <a href=\"https:\/\/www.mapchart.net\" target=\"_blank\" rel=\"noreferrer noopener\">https:\/\/www.mapchart.net<\/a>. Mapy m\u016f\u017eete voln\u011b sd\u00edlet, pokud uvedete odkaz na jejich autora. <a href=\"https:\/\/moverdb.com\/cs\/\" target=\"_blank\" rel=\"noreferrer noopener\">MoverDB<\/a>;<\/li><li>V\u00fd\u0161e uveden\u00e9 sazby jsou pouze odhadovan\u00e9 a mohou se od doby vyd\u00e1n\u00ed tohoto \u010dl\u00e1nku (duben 2022) zm\u011bnit. Vych\u00e1zej\u00ed z nejni\u017e\u0161\u00ed odhadovan\u00e9 sazby z n\u00e1sleduj\u00edc\u00edch zdroj\u016f <a href=\"https:\/\/www.icontainers.com\" target=\"_blank\" rel=\"noreferrer noopener\">https:\/\/www.icontainers.com<\/a> nebo <a href=\"https:\/\/www.freightos.com\" target=\"_blank\" rel=\"noreferrer noopener\">https:\/\/www.freightos.com<\/a>;<\/li><li>Chcete-li z\u00edskat p\u0159esn\u011bj\u0161\u00ed p\u0159edstavu o n\u00e1kladech, pou\u017eijte pros\u00edm formul\u00e1\u0159 nab\u00eddky v horn\u00ed \u010d\u00e1sti t\u00e9to str\u00e1nky;<\/li><li>Pod\u00edvejte se tak\u00e9 na na\u0161eho pr\u016fvodce <a href=\"https:\/\/moverdb.com\/cs\/kontejnerova-preprava\/\" target=\"_blank\" rel=\"noreferrer noopener\">mezin\u00e1rodn\u00ed kontejnerov\u00e1 doprava<\/a>.<\/li><\/ul>","protected":false},"excerpt":{"rendered":"<p>Besides being a third-world country, Bangladesh is one of the main hubs for western investments in the 21st century. Top industries such as the textile, tourism, shipbuilding, technology, and communication industry draw in a large number of expats in this country to develop and expand their offshore business. Other than the work-related incentives, Bangladesh has [&hellip;]<\/p>\n","protected":false},"author":2,"featured_media":3960,"parent":44,"menu_order":0,"comment_status":"open","ping_status":"closed","template":"","meta":{"_genesis_hide_title":false,"_genesis_hide_breadcrumbs":false,"_genesis_hide_singular_image":false,"_genesis_hide_footer_widgets":false,"_genesis_custom_body_class":"","_genesis_custom_post_class":"","_genesis_layout":"","footnotes":""},"class_list":{"0":"post-3991","1":"page","2":"type-page","3":"status-publish","4":"has-post-thumbnail","6":"entry"},"_links":{"self":[{"href":"https:\/\/moverdb.com\/cs\/wp-json\/wp\/v2\/pages\/3991","targetHints":{"allow":["GET"]}}],"collection":[{"href":"https:\/\/moverdb.com\/cs\/wp-json\/wp\/v2\/pages"}],"about":[{"href":"https:\/\/moverdb.com\/cs\/wp-json\/wp\/v2\/types\/page"}],"author":[{"embeddable":true,"href":"https:\/\/moverdb.com\/cs\/wp-json\/wp\/v2\/users\/2"}],"replies":[{"embeddable":true,"href":"https:\/\/moverdb.com\/cs\/wp-json\/wp\/v2\/comments?post=3991"}],"version-history":[{"count":2,"href":"https:\/\/moverdb.com\/cs\/wp-json\/wp\/v2\/pages\/3991\/revisions"}],"predecessor-version":[{"id":4022,"href":"https:\/\/moverdb.com\/cs\/wp-json\/wp\/v2\/pages\/3991\/revisions\/4022"}],"up":[{"embeddable":true,"href":"https:\/\/moverdb.com\/cs\/wp-json\/wp\/v2\/pages\/44"}],"wp:featuredmedia":[{"embeddable":true,"href":"https:\/\/moverdb.com\/cs\/wp-json\/wp\/v2\/media\/3960"}],"wp:attachment":[{"href":"https:\/\/moverdb.com\/cs\/wp-json\/wp\/v2\/media?parent=3991"}],"curies":[{"name":"wp","href":"https:\/\/api.w.org\/{rel}","templated":true}]}}