{"id":384,"date":"2016-05-26T14:06:53","date_gmt":"2016-05-26T14:06:53","guid":{"rendered":"http:\/\/moverdb.com\/?page_id=384"},"modified":"2026-01-08T14:40:17","modified_gmt":"2026-01-08T14:40:17","slug":"recenze","status":"publish","type":"page","link":"https:\/\/moverdb.com\/cs\/reviews\/","title":{"rendered":"MoverDB Mezin\u00e1rodn\u00ed st\u011bhov\u00e1n\u00ed Company recenze &amp; sk\u00f3re vysv\u011btleno"},"content":{"rendered":"<p>Na MoverDB.com je na\u0161\u00edm c\u00edlem p\u0159in\u00e1\u0161et objektivn\u00ed informace a recenze nejv\u011bt\u0161\u00edch a nejv\u00fdznamn\u011bj\u0161\u00edch sv\u011btov\u00fdch p\u0159epravc\u016f. <a href=\"https:\/\/moverdb.com\/cs\/stehovani-spolecnosti\/\">nejlep\u0161\u00ed mezin\u00e1rodn\u00ed st\u011bhovac\u00ed spole\u010dnosti<\/a>. Za t\u00edmto \u00fa\u010delem jsme pro ka\u017ed\u00e9ho st\u011bhov\u00e1ka vytvo\u0159ili profily.<\/p>\n<p>Ka\u017ed\u00fd profil obsahuje n\u00e1sleduj\u00edc\u00ed informace:<\/p>\n<ol>\n<li> St\u011bhovac\u00ed slu\u017eby nab\u00edzen\u00e9 spole\u010dnost\u00ed.<\/li>\n<li> Profil spole\u010dnosti: v\u010detn\u011b historie, pov\u011bsti a <a href=\"https:\/\/moverdb.com\/cs\/organizace-sdruzeni\/\">organizace &amp; afiliace<\/a> spolu s dal\u0161\u00edmi zaj\u00edmavostmi.<\/li>\n<li> Recenze z cel\u00e9ho webu, kter\u00e9 v\u00e1m pomohou vybrat lep\u0161\u00edho st\u011bhov\u00e1ka.<\/li>\n<\/ol>\n<p><strong>4. Vysv\u011btlen\u00ed revize webov\u00fdch str\u00e1nek<\/strong><\/p>\n<p>A kone\u010dn\u011b, MoverDB.com tak\u00e9 obsahuje hodnocen\u00ed webov\u00fdch str\u00e1nek pro ka\u017ed\u00e9ho st\u011bhov\u00e1ka. Jedn\u00e1 se o hodnocen\u00ed u\u017eite\u010dnosti webov\u00fdch str\u00e1nek a <strong>neodr\u00e1\u017e\u00ed<\/strong> kvalita samotn\u00e9ho st\u011bhovac\u00edho za\u0159\u00edzen\u00ed. M\u00edsto toho se zam\u011b\u0159uje na n\u00e1sleduj\u00edc\u00ed v\u011bci:<\/p>\n<ol>\n<li> Jasn\u00e9 kontaktn\u00ed informace<\/li>\n<li> Mo\u017enost snadno z\u00edskat cenovou nab\u00eddku<\/li>\n<li> Jasn\u00e9 a u\u017eite\u010dn\u00e9 informace na webov\u00fdch str\u00e1nk\u00e1ch<\/li>\n<li> \u010clenstv\u00ed v mezin\u00e1rodn\u00edch organizac\u00edch pro st\u011bhov\u00e1n\u00ed<\/li>\n<li> Recenze a posudky<\/li>\n<\/ol>\n<p><em>Pou\u017e\u00edvejte je na vlastn\u00ed nebezpe\u010d\u00ed. MoverDB.com nenese \u017e\u00e1dnou odpov\u011bdnost za spr\u00e1vnost uveden\u00fdch informac\u00ed. Krom\u011b toho nep\u0159eb\u00edr\u00e1me \u017e\u00e1dnou odpov\u011bdnost za pou\u017eit\u00ed informac\u00ed a recenz\u00ed na t\u011bchto webov\u00fdch str\u00e1nk\u00e1ch p\u0159i v\u00fdb\u011bru st\u011bhov\u00e1n\u00ed. Pouze nab\u00edz\u00edme zp\u016fsob, jak <a href=\"https:\/\/moverdb.com\/cs\/citaty\/\">porovn\u00e1n\u00ed st\u011bhov\u00e1k\u016f s nab\u00eddkami zdarma<\/a>.<\/em><\/p>","protected":false},"excerpt":{"rendered":"<p>At MoverDB.com our goal is to bring you unbiased information and reviews of the world&#8217;s biggest and best international moving companies. To do this we&#8217;ve created profiles for each and every mover. Each profile includes the following information: Moving services offered by the company. Company profile: including history, reputation and organizations &#038; affiliations along with [&hellip;]<\/p>\n","protected":false},"author":1,"featured_media":0,"parent":0,"menu_order":0,"comment_status":"closed","ping_status":"closed","template":"","meta":{"_genesis_hide_title":false,"_genesis_hide_breadcrumbs":false,"_genesis_hide_singular_image":false,"_genesis_hide_footer_widgets":false,"_genesis_custom_body_class":"","_genesis_custom_post_class":"","_genesis_layout":"","footnotes":""},"class_list":{"0":"post-384","1":"page","2":"type-page","3":"status-publish","5":"entry"},"_links":{"self":[{"href":"https:\/\/moverdb.com\/cs\/wp-json\/wp\/v2\/pages\/384","targetHints":{"allow":["GET"]}}],"collection":[{"href":"https:\/\/moverdb.com\/cs\/wp-json\/wp\/v2\/pages"}],"about":[{"href":"https:\/\/moverdb.com\/cs\/wp-json\/wp\/v2\/types\/page"}],"author":[{"embeddable":true,"href":"https:\/\/moverdb.com\/cs\/wp-json\/wp\/v2\/users\/1"}],"replies":[{"embeddable":true,"href":"https:\/\/moverdb.com\/cs\/wp-json\/wp\/v2\/comments?post=384"}],"version-history":[{"count":3,"href":"https:\/\/moverdb.com\/cs\/wp-json\/wp\/v2\/pages\/384\/revisions"}],"predecessor-version":[{"id":387,"href":"https:\/\/moverdb.com\/cs\/wp-json\/wp\/v2\/pages\/384\/revisions\/387"}],"wp:attachment":[{"href":"https:\/\/moverdb.com\/cs\/wp-json\/wp\/v2\/media?parent=384"}],"curies":[{"name":"wp","href":"https:\/\/api.w.org\/{rel}","templated":true}]}}