{"id":366,"date":"2016-05-22T20:25:26","date_gmt":"2016-05-22T20:25:26","guid":{"rendered":"http:\/\/moverdb.com\/?page_id=366"},"modified":"2026-01-08T14:47:18","modified_gmt":"2026-01-08T14:47:18","slug":"organizace-sdruzeni","status":"publish","type":"page","link":"https:\/\/moverdb.com\/cs\/organizations-associations\/","title":{"rendered":"28 Mezin\u00e1rodn\u00ed st\u011bhov\u00e1n\u00ed a p\u0159eprava Organizace a asociace"},"content":{"rendered":"<p><img loading=\"lazy\" decoding=\"async\" width=\"720\" height=\"486\" src=\"https:\/\/moverdb.com\/wp-content\/uploads\/number-buttons.jpg\" alt=\"Mezin\u00e1rodn\u00ed st\u011bhov\u00e1n\u00ed a p\u0159eprava Organizace a asociace\" class=\"aligncenter size-full wp-image-367\" srcset=\"https:\/\/moverdb.com\/wp-content\/uploads\/number-buttons.jpg 720w, https:\/\/moverdb.com\/wp-content\/uploads\/number-buttons-300x203.jpg 300w, https:\/\/moverdb.com\/wp-content\/uploads\/number-buttons-600x405.jpg 600w\" sizes=\"auto, (max-width: 720px) 100vw, 720px\" \/><\/p>\n<p>N\u00ed\u017ee je uveden ne\u00fapln\u00fd seznam nejd\u016fle\u017eit\u011bj\u0161\u00edch organizac\u00ed, asociac\u00ed, syst\u00e9m\u016f, cech\u016f, rad atd., kter\u00e9 se zab\u00fdvaj\u00ed mezin\u00e1rodn\u00edm st\u011bhov\u00e1n\u00edm a p\u0159epravou.   <\/p>\n<ol>\n<li> <a href=\"https:\/\/moverdb.com\/cs\/iam\/\">Mezin\u00e1rodn\u00ed asociace st\u011bhov\u00e1k\u016f<\/a> (IAM) - <a href=\"https:\/\/moverdb.com\/cs\/iam\/\" data-internallinksmanager029f6b8e52c=\"23\" title=\"Vysv\u011btlen\u00ed Mezin\u00e1rodn\u00ed asociace st\u011bhov\u00e1k\u016f (IAM)\">Mezin\u00e1rodn\u00ed asociace st\u011bhov\u00e1k\u016f<\/a> (IAM) je celosv\u011btov\u00e1 obchodn\u00ed organizace sdru\u017euj\u00edc\u00ed \u010dleny, kte\u0159\u00ed poskytuj\u00ed st\u011bhovac\u00ed, spedi\u010dn\u00ed, p\u0159epravn\u00ed, logistick\u00e9 a souvisej\u00edc\u00ed slu\u017eby.<\/li>\n<li> <a href=\"https:\/\/moverdb.com\/cs\/fidi-faim\/\">Mezin\u00e1rodn\u00ed st\u011bhov\u00e1n\u00ed s akreditac\u00ed FIDI &amp; FIDI<\/a> (<a href=\"https:\/\/moverdb.com\/cs\/fidi-faim\/\" data-internallinksmanager029f6b8e52c=\"16\" title=\"Vysv\u011btlen\u00ed FIDI a FAIM (FIDI Accredited International Mover)\">FAIM<\/a>) - FIDI (F\u00e9d\u00e9ration Internationale des D\u00e9m\u00e9nageurs Internationaux; Federace mezin\u00e1rodn\u00edch st\u011bhov\u00e1k\u016f) je celosv\u011btov\u00e1 zast\u0159e\u0161uj\u00edc\u00ed organizace mezin\u00e1rodn\u00edch st\u011bhovac\u00edch a reloka\u010dn\u00edch firem.<\/li>\n<li> <a href=\"https:\/\/moverdb.com\/cs\/amsa\/\">Americk\u00e1 asociace pro st\u011bhov\u00e1n\u00ed a skladov\u00e1n\u00ed<\/a> (AMSA) - <a href=\"https:\/\/moverdb.com\/cs\/amsa\/\" data-internallinksmanager029f6b8e52c=\"5\" title=\"Vysv\u011btlen\u00ed Americk\u00e9 asociace pro st\u011bhov\u00e1n\u00ed a skladov\u00e1n\u00ed (AMSA)\">Americk\u00e1 asociace pro st\u011bhov\u00e1n\u00ed a skladov\u00e1n\u00ed<\/a> (AMSA) je n\u00e1rodn\u00ed obchodn\u00ed sdru\u017een\u00ed americk\u00e9ho st\u011bhovac\u00edho pr\u016fmyslu.<\/li>\n<li> <a href=\"https:\/\/moverdb.com\/cs\/rafkovy-obrubnik\/\">Registrovan\u00fd mezin\u00e1rodn\u00ed p\u0159epravce (RIM) \/ Mezin\u00e1rodn\u00ed p\u0159epravce ProMover<\/a> - Mezin\u00e1rodn\u00ed <a href=\"https:\/\/moverdb.com\/cs\/rim-promover\/\" data-internallinksmanager029f6b8e52c=\"76\" title=\"Vysv\u011btlen\u00ed certifikace RIM International ProMover\">ProMover<\/a> Certifikace je sou\u010d\u00e1st\u00ed programu Registered International Mover (RIM), kter\u00fd vytvo\u0159ila Americk\u00e1 asociace pro st\u011bhov\u00e1n\u00ed a skladov\u00e1n\u00ed (AMSA).<\/li>\n<li> <a href=\"https:\/\/moverdb.com\/cs\/britska-asociace-stehovaku\/\">Britsk\u00e1 asociace st\u011bhov\u00e1k\u016f<\/a> (BAR) - <a href=\"https:\/\/moverdb.com\/cs\/british-association-of-removers\/\" data-internallinksmanager029f6b8e52c=\"9\" title=\"Vysv\u011btlen\u00ed Britsk\u00e9 asociace st\u011bhov\u00e1k\u016f (BAR)\">Britsk\u00e1 asociace st\u011bhov\u00e1k\u016f<\/a> (BAR) se ozna\u010duje za \"uzn\u00e1van\u00fd hlas profesion\u00e1ln\u00edho st\u011bhovac\u00edho pr\u016fmyslu\" a je kl\u00ed\u010dov\u00fdm org\u00e1nem v oblasti st\u011bhov\u00e1n\u00ed. <a href=\"https:\/\/moverdb.com\/cs\/moving-to-the-uk\/\" data-internallinksmanager029f6b8e52c=\"93\" title=\"St\u011bhujete se do Spojen\u00e9ho kr\u00e1lovstv\u00ed? 2022 \u017divotn\u00ed n\u00e1klady a tipy na st\u011bhov\u00e1n\u00ed\">UK<\/a> st\u011bhovac\u00ed pr\u016fmysl.<\/li>\n<li> <a href=\"https:\/\/moverdb.com\/cs\/bar-overseas\/\">Skupina BAR Overseas<\/a> - <a href=\"https:\/\/moverdb.com\/cs\/bar-overseas\/\" data-internallinksmanager029f6b8e52c=\"10\" title=\"Vysv\u011btlen\u00ed z\u00e1mo\u0159sk\u00e9 skupiny Britsk\u00e9 asociace st\u011bhov\u00e1k\u016f (BAR)\">BAR Overseas<\/a> Skupina je sou\u010d\u00e1st\u00ed Britsk\u00e9 asociace st\u011bhov\u00e1k\u016f (BAR), jej\u00edm\u017e c\u00edlem je podpora profesion\u00e1ln\u00ed dokonalosti v oboru st\u011bhov\u00e1n\u00ed.<\/li>\n<li> <a href=\"https:\/\/moverdb.com\/cs\/mtc\/\">Movers Trading Club<\/a> (<a href=\"https:\/\/moverdb.com\/cs\/mtc\/\" data-internallinksmanager029f6b8e52c=\"30\" title=\"Vysv\u011btlen\u00ed Movers Trading Club (MTC)\">MTC<\/a>) - Pro \u010dlensk\u00e9 spole\u010dnosti skupiny BAR Overseas Group, aby pomohly sn\u00ed\u017eit <a href=\"https:\/\/moverdb.com\/cs\/naklady-na-stehovani\/\">n\u00e1klady na st\u011bhov\u00e1n\u00ed<\/a> na <a href=\"https:\/\/moverdb.com\/cs\/moving-to-the-united-states\/\" data-internallinksmanager029f6b8e52c=\"94\" title=\"St\u011bhujete se do Spojen\u00fdch st\u00e1t\u016f? 2022 \u017divotn\u00ed n\u00e1klady a tipy na st\u011bhov\u00e1n\u00ed\">US<\/a> ze Spojen\u00e9ho kr\u00e1lovstv\u00ed.<\/li>\n<li> <a href=\"https:\/\/moverdb.com\/cs\/kanadska-asociace-stehovaku\/\">Kanadsk\u00e1 asociace st\u011bhov\u00e1k\u016f<\/a> (CAM) - <a href=\"https:\/\/moverdb.com\/cs\/canadian-association-of-movers\/\" data-internallinksmanager029f6b8e52c=\"11\" title=\"Vysv\u011btlen\u00ed kanadsk\u00e9 asociace st\u011bhov\u00e1k\u016f (CAM)\">Kanadsk\u00e1 asociace st\u011bhov\u00e1k\u016f<\/a> je <a href=\"https:\/\/moverdb.com\/cs\/moving-to-canada\/\" data-internallinksmanager029f6b8e52c=\"265\" title=\"St\u011bhov\u00e1n\u00ed do Kanady? 2026 N\u00e1klady na bydlen\u00ed a tipy na p\u0159est\u011bhov\u00e1n\u00ed\">Kanada<\/a>obchodn\u00ed sdru\u017een\u00ed zastupuj\u00edc\u00ed st\u011bhovac\u00ed a skladovac\u00ed spole\u010dnosti. <\/li>\n<li> <a href=\"https:\/\/moverdb.com\/cs\/aima\/\">Australsk\u00e1 asociace mezin\u00e1rodn\u00edch st\u011bhov\u00e1k\u016f<\/a> (AIMA) - <a href=\"https:\/\/moverdb.com\/cs\/aima\/\" data-internallinksmanager029f6b8e52c=\"8\" title=\"Vysv\u011btlen\u00ed australsk\u00e9 asociace mezin\u00e1rodn\u00edch st\u011bhov\u00e1k\u016f (AIMA)\">Australsk\u00e1 asociace mezin\u00e1rodn\u00edch st\u011bhov\u00e1k\u016f<\/a> (AIMA) se ozna\u010duje jako profesn\u00ed f\u00f3rum pro <a href=\"https:\/\/moverdb.com\/cs\/international-removals\/\" data-internallinksmanager029f6b8e52c=\"27\" title=\"36 nejlep\u0161\u00edch mezin\u00e1rodn\u00edch st\u011bhovac\u00edch spole\u010dnost\u00ed ve Velk\u00e9 Brit\u00e1nii\">mezin\u00e1rodn\u00ed st\u011bhov\u00e1n\u00ed<\/a> pr\u016fmysl.<\/li>\n<li> <a href=\"https:\/\/moverdb.com\/cs\/afra\/\">Australsk\u00e1 asociace st\u011bhov\u00e1k\u016f n\u00e1bytku<\/a> (AFRA) - <a href=\"https:\/\/moverdb.com\/cs\/afra\/\" data-internallinksmanager029f6b8e52c=\"7\" title=\"Vysv\u011btlen\u00ed australsk\u00e9 asociace st\u011bhov\u00e1k\u016f n\u00e1bytku (AFRA)\">Australsk\u00e1 asociace st\u011bhov\u00e1k\u016f n\u00e1bytku<\/a> (AFRA) se ozna\u010duje za z\u00e1stupce a regul\u00e1tora st\u011bhovac\u00edho pr\u016fmyslu v \u010cesk\u00e9 republice. <a href=\"https:\/\/moverdb.com\/cs\/moving-to-australia\/living-in-australia\/\" data-internallinksmanager029f6b8e52c=\"240\" title=\"21 tajemstv\u00ed o \u017eivot\u011b v Austr\u00e1lii, kter\u00e1 je t\u0159eba zn\u00e1t p\u0159ed st\u011bhov\u00e1n\u00edm\">Austr\u00e1lie<\/a>.<\/li>\n<li> <a href=\"https:\/\/moverdb.com\/cs\/hgfaa\/\">Asociace americk\u00fdch spedit\u00e9r\u016f zbo\u017e\u00ed pro dom\u00e1cnost<\/a> (HGFAA) - <a href=\"https:\/\/moverdb.com\/cs\/hgfaa\/\" data-internallinksmanager029f6b8e52c=\"21\" title=\"Vysv\u011btlen\u00ed Asociace americk\u00fdch spedit\u00e9r\u016f zbo\u017e\u00ed pro dom\u00e1cnost (HGFAA)\">Asociace americk\u00fdch spedit\u00e9r\u016f zbo\u017e\u00ed pro dom\u00e1cnost<\/a> (HGFAA) se ozna\u010duje za celosv\u011btov\u00e9 sdru\u017een\u00ed st\u011bhovac\u00edch firem, kter\u00e9 se sna\u017e\u00ed zajistit, aby z\u00e1kazn\u00edci b\u011bhem st\u011bhov\u00e1n\u00ed dostali ty nejlep\u0161\u00ed mo\u017en\u00e9 slu\u017eby.<\/li>\n<li> <a href=\"https:\/\/moverdb.com\/cs\/ncbfaa\/\">N\u00e1rodn\u00ed asociace celn\u00edch makl\u00e9\u0159\u016f a spedit\u00e9r\u016f Ameriky<\/a> (NCBFAA) - The <a href=\"https:\/\/moverdb.com\/cs\/ncbfaa\/\" data-internallinksmanager029f6b8e52c=\"73\" title=\"N\u00e1rodn\u00ed asociace americk\u00fdch celn\u00edch makl\u00e9\u0159\u016f a spedit\u00e9r\u016f (NCBFAA)\">N\u00e1rodn\u00ed asociace celn\u00edch makl\u00e9\u0159\u016f a spedit\u00e9r\u016f Ameriky<\/a> (NCBFAA) je pova\u017eov\u00e1na za hlas dopravn\u00edho logistick\u00e9ho pr\u016fmyslu v Americe.<\/li>\n<li> <a href=\"https:\/\/moverdb.com\/cs\/lacma\/\">Asociace mezin\u00e1rodn\u00edch st\u011bhov\u00e1k\u016f Latinsk\u00e9 Ameriky a Karibiku<\/a> (LACMA) - <a href=\"https:\/\/moverdb.com\/cs\/lacma\/\" data-internallinksmanager029f6b8e52c=\"28\" title=\"Asociace mezin\u00e1rodn\u00edch st\u011bhov\u00e1k\u016f z Latinsk\u00e9 Ameriky a Karibiku (LACMA)\">Asociace mezin\u00e1rodn\u00edch st\u011bhov\u00e1k\u016f Latinsk\u00e9 Ameriky a Karibiku<\/a> (LACIMA) zastupuje soubor spole\u010dnost\u00ed zab\u00fdvaj\u00edc\u00edch se st\u011bhov\u00e1n\u00edm a p\u0159emis\u0165ov\u00e1n\u00edm s c\u00edlem podpo\u0159it integraci m\u00edstn\u00edch podnik\u016f, ale i dal\u0161\u00edch podnik\u016f z cel\u00e9ho sv\u011bta.<\/li>\n<li> <a href=\"https:\/\/moverdb.com\/cs\/iata\/\">Mezin\u00e1rodn\u00ed sdru\u017een\u00ed pro leteckou dopravu<\/a> (IATA) - <a href=\"https:\/\/moverdb.com\/cs\/iata\/\" data-internallinksmanager029f6b8e52c=\"22\" title=\"Vysv\u011btlen\u00ed Mezin\u00e1rodn\u00ed asociace leteck\u00fdch dopravc\u016f (IATA)\">Mezin\u00e1rodn\u00ed sdru\u017een\u00ed pro leteckou dopravu<\/a> (IATA) je glob\u00e1ln\u00ed obchodn\u00ed sdru\u017een\u00ed sv\u011btov\u00fdch leteck\u00fdch spole\u010dnost\u00ed. Jej\u00edm posl\u00e1n\u00edm je v\u00e9st sv\u00e9 \u010dleny, slou\u017eit jim a zastupovat jejich z\u00e1jmy tak, aby se podpo\u0159il pr\u016fmysl leti\u0161tn\u00ed dopravy.<\/li>\n<li> <a href=\"https:\/\/moverdb.com\/cs\/euromovers\/\">Evropsk\u00e9 partnerstv\u00ed st\u011bhov\u00e1k\u016f (EUROMOVERS International)<\/a> - <a href=\"https:\/\/moverdb.com\/cs\/euromovers\/\" data-internallinksmanager029f6b8e52c=\"12\" title=\"Vysv\u011btlen\u00ed partnerstv\u00ed evropsk\u00fdch p\u0159epravc\u016f (EUROMOVERS International)\">Euromovers<\/a> s\u00eddl\u00ed v <a href=\"https:\/\/moverdb.com\/cs\/moving-to-luxembourg\/\" data-internallinksmanager029f6b8e52c=\"349\" title=\"St\u011bhov\u00e1n\u00ed do Lucemburska? 2026 N\u00e1klady na bydlen\u00ed a tipy na st\u011bhov\u00e1n\u00ed\">Lucembursko<\/a> a je tvo\u0159ena \u0159adou p\u0159edn\u00edch <a href=\"https:\/\/moverdb.com\/cs\/moving-companies\/\" data-internallinksmanager029f6b8e52c=\"79\" title=\"Top 25 Mezin\u00e1rodn\u00ed st\u011bhovac\u00ed spole\u010dnosti Online\">mezin\u00e1rodn\u00ed st\u011bhovac\u00ed spole\u010dnosti<\/a> kte\u0159\u00ed vytvo\u0159ili s\u00ed\u0165 na z\u00e1klad\u011b sd\u00edlen\u00fdch standard\u016f, vize a sm\u011b\u0159ov\u00e1n\u00ed.<\/li>\n<li> <a href=\"https:\/\/moverdb.com\/cs\/rada-pro-premisteni-zamestnancu\/\">Celosv\u011btov\u00e1 ERC<\/a> (Rada pro relokaci zam\u011bstnanc\u016f) - The <a href=\"https:\/\/moverdb.com\/cs\/employee-relocation-council\/\" data-internallinksmanager029f6b8e52c=\"83\" title=\"Vysv\u011btlen\u00ed celosv\u011btov\u00e9 Rady pro p\u0159em\u00eds\u0165ov\u00e1n\u00ed zam\u011bstnanc\u016f (ERC)\">Celosv\u011btov\u00e1 rada pro p\u0159emis\u0165ov\u00e1n\u00ed zam\u011bstnanc\u016f<\/a> (ERC) se ozna\u010duje za sdru\u017een\u00ed pro mobilitu pracovn\u00ed s\u00edly pro odborn\u00edky, kte\u0159\u00ed dohl\u00ed\u017eej\u00ed na vnitrost\u00e1tn\u00ed a mezin\u00e1rodn\u00ed p\u0159esun zam\u011bstnanc\u016f v USA, \u0159\u00edd\u00ed jej nebo podporuj\u00ed.<\/li>\n<li> <a href=\"https:\/\/moverdb.com\/cs\/harmony-relocation-network\/\">Harmony Relocation Network<\/a> - The <a href=\"https:\/\/moverdb.com\/cs\/harmony-relocation-network\/\" data-internallinksmanager029f6b8e52c=\"20\" title=\"Vysv\u011btlen\u00ed s\u00edt\u011b Harmony Relocation Network (HRN)\">Harmony Relocation Network<\/a> (HRN) je skupina partnersk\u00fdch spole\u010dnost\u00ed, kter\u00e1 byla vytvo\u0159ena za \u00fa\u010delem vybudov\u00e1n\u00ed celoevropsk\u00e9 s\u00edt\u011b pro glob\u00e1ln\u00ed relokaci.<\/li>\n<li> <a href=\"https:\/\/moverdb.com\/cs\/eura\/\">Evropsk\u00e1 asociace pro p\u0159emis\u0165ov\u00e1n\u00ed<\/a> (EuRA) - <a href=\"https:\/\/moverdb.com\/cs\/eura\/\" data-internallinksmanager029f6b8e52c=\"13\" title=\"Vysv\u011btlen\u00ed Evropsk\u00e9 asociace pro p\u0159emis\u0165ov\u00e1n\u00ed (EuRA)\">Evropsk\u00e1 asociace pro p\u0159emis\u0165ov\u00e1n\u00ed<\/a> (EuRA) propaguje v\u00fdhody profesion\u00e1ln\u011b \u0159\u00edzen\u00fdch reloka\u010dn\u00edch slu\u017eeb a slu\u017eeb mobility pro spole\u010dnosti s glob\u00e1ln\u011b mobiln\u00edmi zam\u011bstnanci.<\/li>\n<li> <a href=\"https:\/\/moverdb.com\/cs\/association-relocation-professionals\/\">Asociace odborn\u00edk\u016f na p\u0159emis\u0165ov\u00e1n\u00ed<\/a> (ARP) - <a href=\"https:\/\/moverdb.com\/cs\/association-relocation-professionals\/\" data-internallinksmanager029f6b8e52c=\"6\" title=\"Vysv\u011btlen\u00ed Asociace profesion\u00e1l\u016f v oblasti relokace (ARP)\">Asociace odborn\u00edk\u016f na p\u0159emis\u0165ov\u00e1n\u00ed<\/a> (ARP) je profesn\u00ed organizace pro odv\u011btv\u00ed st\u011bhov\u00e1n\u00ed ve Spojen\u00e9m kr\u00e1lovstv\u00ed.<\/li>\n<li> <a href=\"https:\/\/moverdb.com\/cs\/rios\/\">Syst\u00e9m ombudsmana pro st\u011bhov\u00e1n\u00ed<\/a> (<a href=\"https:\/\/moverdb.com\/cs\/rios\/\" data-internallinksmanager029f6b8e52c=\"75\" title=\"Vysv\u011btlen\u00ed syst\u00e9mu RIOS (Removals Industry Ombudsman Scheme)\">RIOS<\/a>) - Syst\u00e9m ombudsmana pro st\u011bhovac\u00ed slu\u017eby (Removal Industry Ombudsman Scheme, RIOS) se zab\u00fdv\u00e1 st\u00ed\u017enostmi na st\u011bhovac\u00ed slu\u017eby ve Spojen\u00e9m kr\u00e1lovstv\u00ed.<\/li>\n<li> <a href=\"https:\/\/moverdb.com\/cs\/fedemac\/\">Federace evropsk\u00fdch st\u011bhov\u00e1k\u016f<\/a> (FEDEMAC) - <a href=\"https:\/\/moverdb.com\/cs\/fedemac\/\" data-internallinksmanager029f6b8e52c=\"15\" title=\"Vysv\u011btlen\u00ed Federace evropsk\u00fdch st\u011bhov\u00e1k\u016f (FEDEMAC)\">Federace evropsk\u00fdch st\u011bhov\u00e1k\u016f<\/a> (FEDEMAC) je evropsk\u00fd org\u00e1n, kter\u00fd byl zalo\u017een za \u00fa\u010delem podpory st\u011bhovac\u00edho pr\u016fmyslu na evropsk\u00e9 \u00farovni.<\/li>\n<li> <a href=\"https:\/\/moverdb.com\/cs\/freight-transport-association\/\">Sdru\u017een\u00ed pro n\u00e1kladn\u00ed dopravu<\/a> (FTA) - <a href=\"https:\/\/moverdb.com\/cs\/freight-transport-association\/\" data-internallinksmanager029f6b8e52c=\"18\" title=\"Vysv\u011btlen\u00ed Sdru\u017een\u00ed pro n\u00e1kladn\u00ed dopravu (FTA)\">Sdru\u017een\u00ed pro n\u00e1kladn\u00ed dopravu<\/a> (FTA) byla zalo\u017eena, aby zastupovala z\u00e1jmy logistick\u00fdch spole\u010dnost\u00ed, a\u0165 u\u017e p\u0159epravuj\u00ed zbo\u017e\u00ed po mo\u0159i, letecky, po silnici nebo po \u017eeleznici.<\/li>\n<li> <a href=\"https:\/\/moverdb.com\/cs\/eurovan-movers\/\">Eurovan International Movers Network<\/a> - <a href=\"https:\/\/moverdb.com\/cs\/eurovan-movers\/\" data-internallinksmanager029f6b8e52c=\"14\" title=\"Vysv\u011btlen\u00ed s\u00edt\u011b Eurovan International Movers Network (EM)\">Eurovan International Movers Network<\/a> (EM) je s\u00ed\u0165 nez\u00e1visl\u00fdch m\u00edstn\u00edch st\u011bhov\u00e1k\u016f se s\u00eddlem v Praze. <a href=\"https:\/\/moverdb.com\/cs\/moving-to-germany\/\" data-internallinksmanager029f6b8e52c=\"321\" title=\"St\u011bhov\u00e1n\u00ed do N\u011bmecka? 2026 N\u00e1klady na bydlen\u00ed a tipy na st\u011bhov\u00e1n\u00ed\">N\u011bmecko<\/a>. S\u00ed\u0165 je navr\u017eena tak, aby odpov\u00eddala pot\u0159eb\u011b poskytovat konzistentn\u00ed \u00farove\u0148 slu\u017eeb pro mezin\u00e1rodn\u00ed p\u0159epravu, kter\u00e1 m\u016f\u017ee prob\u00edhat p\u0159es n\u011bkolik zem\u00ed.<\/li>\n<li> <a href=\"https:\/\/moverdb.com\/cs\/ngrs\/\">N\u00e1rodn\u00ed cech st\u011bhov\u00e1k\u016f a skladn\u00edk\u016f<\/a> (NGRS) - <a href=\"https:\/\/moverdb.com\/cs\/ngrs\/\" data-internallinksmanager029f6b8e52c=\"74\" title=\"Vysv\u011btlen\u00ed N\u00e1rodn\u00ed asociace st\u011bhov\u00e1k\u016f a skladovatel\u016f (NGRS)\">N\u00e1rodn\u00ed cech st\u011bhov\u00e1k\u016f a skladn\u00edk\u016f<\/a> (NGRS) byla z\u0159\u00edzena s c\u00edlem zajistit ur\u010ditou regulaci odv\u011btv\u00ed st\u011bhov\u00e1n\u00ed a skladov\u00e1n\u00ed ve Spojen\u00e9m kr\u00e1lovstv\u00ed.<\/li>\n<li> <a href=\"https:\/\/moverdb.com\/cs\/international-maritime-organisation\/\">Mezin\u00e1rodn\u00ed n\u00e1mo\u0159n\u00ed organizace<\/a> (IMO) - <a href=\"https:\/\/moverdb.com\/cs\/international-maritime-organisation\/\" data-internallinksmanager029f6b8e52c=\"24\" title=\"Vysv\u011btlen\u00ed Mezin\u00e1rodn\u00ed n\u00e1mo\u0159n\u00ed organizace (IMO)\">Mezin\u00e1rodn\u00ed n\u00e1mo\u0159n\u00ed organizace<\/a> (IMO) je agentura OSN se s\u00eddlem ve Spojen\u00e9m kr\u00e1lovstv\u00ed, kter\u00e1 je zodpov\u011bdn\u00e1 za regulaci n\u00e1mo\u0159n\u00ed dopravy.<\/li>\n<li> <a href=\"https:\/\/moverdb.com\/cs\/world-shipping-council\/\">Sv\u011btov\u00e1 rada pro n\u00e1mo\u0159n\u00ed dopravu<\/a> (MS) - <a href=\"https:\/\/moverdb.com\/cs\/world-shipping-council\/\" data-internallinksmanager029f6b8e52c=\"82\" title=\"Vysv\u011btlen\u00ed Sv\u011btov\u00e9 rady pro n\u00e1mo\u0159n\u00ed dopravu (WSC)\">Sv\u011btov\u00e1 rada pro n\u00e1mo\u0159n\u00ed dopravu<\/a> (WSC) je hlasem odv\u011btv\u00ed liniov\u00e9 dopravy.<\/li>\n<li> <a href=\"https:\/\/moverdb.com\/cs\/world-customs-organization\/\">Sv\u011btov\u00e1 celn\u00ed organizace<\/a> (<a href=\"https:\/\/moverdb.com\/cs\/world-customs-organization\/\" data-internallinksmanager029f6b8e52c=\"81\" title=\"Vysv\u011btlen\u00ed Sv\u011btov\u00e9 celn\u00ed organizace (WCO)\">WCO<\/a>) - Sv\u011btov\u00e1 celn\u00ed organizace (WCO) je nez\u00e1visl\u00fd mezivl\u00e1dn\u00ed org\u00e1n, kter\u00fd je hlasem celn\u00edho spole\u010denstv\u00ed. <\/li>\n<li> <a href=\"https:\/\/moverdb.com\/cs\/international-chamber-shipping\/\">Mezin\u00e1rodn\u00ed n\u00e1mo\u0159n\u00ed komora<\/a> (ICS) -  <a href=\"https:\/\/moverdb.com\/cs\/international-chamber-shipping\/\" data-internallinksmanager029f6b8e52c=\"78\" title=\"Vysv\u011btlen\u00ed Mezin\u00e1rodn\u00ed n\u00e1mo\u0159n\u00ed komory (ICS)\">Mezin\u00e1rodn\u00ed n\u00e1mo\u0159n\u00ed komora<\/a> (ICS) je obchodn\u00ed sdru\u017een\u00ed, kter\u00e9 zastupuje vlastn\u00edky a provozovatele lod\u00ed prost\u0159ednictv\u00edm n\u00e1rodn\u00edch sdru\u017een\u00ed vlastn\u00edk\u016f lod\u00ed. <\/li>\n<\/ol>","protected":false},"excerpt":{"rendered":"<p>Below is a non-exhaustive list of the most important international moving &#038; shipping organizations, associations, schemes, guilds, councils etc. International Association of Movers (IAM) &#8211; The International Association of Movers (IAM) is a global trade body with members who provide moving, forwarding, shipping, logistics, and related services. FIDI &#038; FIDI Accredited International Mover (FAIM) &#8211; [&hellip;]<\/p>\n","protected":false},"author":1,"featured_media":367,"parent":0,"menu_order":0,"comment_status":"closed","ping_status":"closed","template":"","meta":{"_genesis_hide_title":false,"_genesis_hide_breadcrumbs":false,"_genesis_hide_singular_image":false,"_genesis_hide_footer_widgets":false,"_genesis_custom_body_class":"","_genesis_custom_post_class":"","_genesis_layout":"","footnotes":""},"class_list":{"0":"post-366","1":"page","2":"type-page","3":"status-publish","4":"has-post-thumbnail","6":"entry"},"_links":{"self":[{"href":"https:\/\/moverdb.com\/cs\/wp-json\/wp\/v2\/pages\/366","targetHints":{"allow":["GET"]}}],"collection":[{"href":"https:\/\/moverdb.com\/cs\/wp-json\/wp\/v2\/pages"}],"about":[{"href":"https:\/\/moverdb.com\/cs\/wp-json\/wp\/v2\/types\/page"}],"author":[{"embeddable":true,"href":"https:\/\/moverdb.com\/cs\/wp-json\/wp\/v2\/users\/1"}],"replies":[{"embeddable":true,"href":"https:\/\/moverdb.com\/cs\/wp-json\/wp\/v2\/comments?post=366"}],"version-history":[{"count":29,"href":"https:\/\/moverdb.com\/cs\/wp-json\/wp\/v2\/pages\/366\/revisions"}],"predecessor-version":[{"id":1342,"href":"https:\/\/moverdb.com\/cs\/wp-json\/wp\/v2\/pages\/366\/revisions\/1342"}],"wp:featuredmedia":[{"embeddable":true,"href":"https:\/\/moverdb.com\/cs\/wp-json\/wp\/v2\/media\/367"}],"wp:attachment":[{"href":"https:\/\/moverdb.com\/cs\/wp-json\/wp\/v2\/media?parent=366"}],"curies":[{"name":"wp","href":"https:\/\/api.w.org\/{rel}","templated":true}]}}