{"id":353,"date":"2016-05-22T20:42:36","date_gmt":"2016-05-22T20:42:36","guid":{"rendered":"http:\/\/moverdb.com\/?page_id=353"},"modified":"2026-01-08T15:20:35","modified_gmt":"2026-01-08T15:20:35","slug":"rafkovy-obrubnik","status":"publish","type":"page","link":"https:\/\/moverdb.com\/cs\/rim-promover\/","title":{"rendered":"Vysv\u011btlen\u00ed certifikace RIM International ProMover"},"content":{"rendered":"<p>Certifikace International ProMover je sou\u010d\u00e1st\u00ed programu Registered International Mover (RIM), kter\u00fd vytvo\u0159ila organizace <a href=\"https:\/\/moverdb.com\/cs\/amsa\/\">Americk\u00e1 asociace pro st\u011bhov\u00e1n\u00ed a skladov\u00e1n\u00ed<\/a> (<a href=\"https:\/\/moverdb.com\/cs\/amsa\/\" data-internallinksmanager029f6b8e52c=\"5\" title=\"Vysv\u011btlen\u00ed Americk\u00e9 asociace pro st\u011bhov\u00e1n\u00ed a skladov\u00e1n\u00ed (AMSA)\">AMSA<\/a>). <\/p>\n<p>Jej\u00edm c\u00edlem je pomoci z\u00e1kazn\u00edk\u016fm, kte\u0159\u00ed vyu\u017e\u00edvaj\u00ed slu\u017eeb mezin\u00e1rodn\u00edho st\u011bhov\u00e1n\u00ed zbo\u017e\u00ed pro dom\u00e1cnost, a m\u00e1 usnadnit v\u00fdb\u011br, usnadnit rozli\u0161en\u00ed mezi mo\u017enostmi a naj\u00edt spr\u00e1vn\u00e9ho p\u0159epravce.<\/p>\n<p><strong>Kl\u00ed\u010dov\u00e1 fakta o organizaci:<\/strong><\/p>\n<ol>\n<li> V sou\u010dasn\u00e9 dob\u011b je dr\u017eitelem firemn\u00ed nebo individu\u00e1ln\u00ed certifikace RIM v\u00edce ne\u017e 200 spole\u010dnost\u00ed a v\u00edce ne\u017e 1000 jednotlivc\u016f.<\/li>\n<li> Certifik\u00e1t Registered International Mover je jedn\u00edm z \u0159ady profesn\u00edch certifik\u00e1t\u016f pro odborn\u00edky, kter\u00e9 spravuje AMSA.<\/li>\n<li> AMSA je n\u00e1rodn\u00ed obchodn\u00ed sdru\u017een\u00ed americk\u00e9ho st\u011bhovac\u00edho a skladovac\u00edho pr\u016fmyslu. Certifikace m\u00e1 v\u0161ak celosv\u011btovou p\u016fsobnost a mohou o ni \u017e\u00e1dat spole\u010dnosti z cel\u00e9ho sv\u011bta.<\/li>\n<li> Program Registrovan\u00ed mezin\u00e1rodn\u00ed st\u011bhov\u00e1ci je ur\u010den ke stanoven\u00ed univerz\u00e1ln\u00edch standard\u016f pro <a href=\"https:\/\/moverdb.com\/cs\/moving-companies\/\" data-internallinksmanager029f6b8e52c=\"79\" title=\"Top 25 Mezin\u00e1rodn\u00ed st\u011bhovac\u00ed spole\u010dnosti Online\">mezin\u00e1rodn\u00ed st\u011bhovac\u00ed spole\u010dnosti<\/a> a jejich zam\u011bstnanc\u016f.<\/li>\n<li> Spole\u010dnosti s certifikac\u00ed RIM, kter\u00e9 spl\u0148uj\u00ed po\u017eadavky ProMover, se stanou \"International ProMovers\".<\/li>\n<li> Spole\u010dnost RIM je pom\u011brn\u011b unik\u00e1tn\u00ed, proto\u017ee byla zalo\u017eena v roce 1994 p\u0159edstaviteli <a href=\"https:\/\/moverdb.com\/cs\/hgfaa\/\">HHGFAA<\/a>, NMSA (AMSA), <a href=\"https:\/\/moverdb.com\/cs\/employee-relocation-council\/\" data-internallinksmanager029f6b8e52c=\"83\" title=\"Vysv\u011btlen\u00ed celosv\u011btov\u00e9 Rady pro p\u0159em\u00eds\u0165ov\u00e1n\u00ed zam\u011bstnanc\u016f (ERC)\">ERC<\/a>, OMNI, <a href=\"https:\/\/moverdb.com\/cs\/fidi-faim\/\">FIDI<\/a> a 10 nejv\u011bt\u0161\u00edch p\u0159epravn\u00edch spole\u010dnost\u00ed, co\u017e je sm\u011bs kupuj\u00edc\u00edch a konkuren\u010dn\u00edch prodejc\u016f.<\/li>\n<p><strong>Profil organizace RIM<\/strong><\/p>\n<p>Proces z\u00edsk\u00e1n\u00ed \u010dlenstv\u00ed v RIM zahrnuje p\u0159\u00edsn\u00e9 \u0161kolen\u00ed, ov\u011b\u0159ov\u00e1n\u00ed a testov\u00e1n\u00ed, kter\u00e9 se zam\u011b\u0159uje na to, zda jsou zavedeny standardy manipulace se za\u0159\u00edzen\u00edm a zda podnik disponuje zdroji pro \u0159\u00edzen\u00ed mezin\u00e1rodn\u00edho st\u011bhov\u00e1n\u00ed na vysok\u00e9 \u00farovni. <\/p>\n<p>Podstatou certifikace ProMover je, \u017ee je ud\u011blov\u00e1na pouze t\u011bm firm\u00e1m, kter\u00e9 mohou prok\u00e1zat, \u017ee spl\u0148uj\u00ed nejvy\u0161\u0161\u00ed etick\u00e9 z\u00e1sady a postupy v oboru st\u011bhov\u00e1n\u00ed a skladov\u00e1n\u00ed. <\/p>\n<p>Certifikace ProMover se li\u0161\u00ed t\u00edm, \u017ee poskytuje standardizovan\u00fd, nez\u00e1visl\u00fd zp\u016fsob, jak mohou z\u00e1kazn\u00edci rozli\u0161ovat mezi mo\u017enostmi a vybrat si kvalifikovanou spole\u010dnost pro mezin\u00e1rodn\u00ed st\u011bhov\u00e1n\u00ed, a\u0165 u\u017e s\u00eddl\u00ed kdekoli.<\/p>\n<p><strong>Krit\u00e9ria pro \u010dlenstv\u00ed <\/strong><\/p>\n<ul>\n<li> Alespo\u0148 ro\u010dn\u00ed zku\u0161enost v oblasti slu\u017eeb mezin\u00e1rodn\u00edho st\u011bhov\u00e1n\u00ed zbo\u017e\u00ed pro dom\u00e1cnost.<\/li>\n<li> Bez\u00fahonn\u00e9 \u010dlenstv\u00ed v AMSA po dobu nejm\u00e9n\u011b 18 m\u011bs\u00edc\u016f.<\/li>\n<li> M\u00edt provozn\u00ed opr\u00e1vn\u011bn\u00ed pot\u0159ebn\u00e9 k leg\u00e1ln\u00edmu v\u00fdkonu \u010dinnosti, a\u0165 u\u017e v oblasti <a href=\"https:\/\/moverdb.com\/cs\/moving-to-the-united-states\/\" data-internallinksmanager029f6b8e52c=\"94\" title=\"St\u011bhujete se do Spojen\u00fdch st\u00e1t\u016f? 2022 \u017divotn\u00ed n\u00e1klady a tipy na st\u011bhov\u00e1n\u00ed\">US<\/a> nebo jinde.<\/li>\n<li> Absolvovat p\u00edsemnou zkou\u0161ku (jednotlivec jm\u00e9nem spole\u010dnosti).<\/li>\n<li> Spln\u011bn\u00ed standard\u016f RIM pro vybaven\u00ed, za\u0159\u00edzen\u00ed a bezpe\u010dnostn\u00ed dokumentaci - ty jsou ov\u011b\u0159ov\u00e1ny ne\u010dekan\u00fdmi n\u00e1v\u0161t\u011bvami na m\u00edst\u011b.<\/li>\n<li> P\u0159ihl\u00e1\u0161en\u00ed k Mezin\u00e1rodn\u00edmu etick\u00e9mu kodexu spole\u010dnosti ProMover<\/li>\n<li> Pro recertifikaci mus\u00ed b\u00fdt certifikov\u00e1ni alespo\u0148 t\u0159i zam\u011bstnanci (zam\u011bstnanci kancel\u00e1\u0159e, bali\u010di nebo \u010dlenov\u00e9 pos\u00e1dky).<\/li>\n<li> Rating BBB \"C\" nebo lep\u0161\u00ed pro spole\u010dnosti s ratingem BBB v zem\u00edch, kde je rating BBB k dispozici.<\/li>\n<li> P\u0159ezkoum\u00e1n\u00ed v\u0161ech st\u00ed\u017enost\u00ed pracovn\u00edky AMSA<\/li>\n<li> Reference od obchodn\u00edch partner\u016f jsou nezbytn\u00e9<\/li>\n<\/ul>\n<p><strong>10 nejlep\u0161\u00edch \u010dlensk\u00fdch spole\u010dnost\u00ed<\/strong> (podle velikosti)<\/p>\n<ol>\n<li> <a href=\"https:\/\/moverdb.com\/cs\/united-van-lines\/\">Spole\u010dnost United Van Lines<\/a><\/li>\n<li> <a href=\"https:\/\/moverdb.com\/cs\/atlas-van-lines-international\/\">Atlas Van Lines International<\/a><\/li>\n<li> <a href=\"https:\/\/moverdb.com\/cs\/mayflower-transit\/\">Mayflower Transit<\/a><\/li>\n<li> <a href=\"https:\/\/moverdb.com\/cs\/north-american-van-lines\/\">Spole\u010dnost North American Van Lines<\/a><\/li>\n<li> <a href=\"https:\/\/moverdb.com\/cs\/wheaton\/\">Wheaton World Wide Moving<\/a><\/li>\n<li> <a href=\"https:\/\/moverdb.com\/cs\/bekins-van-lines\/\">Bekins Van Lines<\/a><\/li>\n<li> <a href=\"https:\/\/moverdb.com\/cs\/graebel-van-lines\/\">Graebel Van Lines<\/a><\/li>\n<li> <a href=\"https:\/\/moverdb.com\/cs\/arpin-van-lines\/\">Arpin Van Lines<\/a><\/li>\n<li> <a href=\"https:\/\/moverdb.com\/cs\/stevens-worldwide-van-lines\/\">Stevens Worldwide Van Lines<\/a><\/li>\n<li> <a href=\"https:\/\/moverdb.com\/cs\/suddath\/\">Suddath<\/a><\/li>\n<li> <a href=\"https:\/\/moverdb.com\/cs\/vip-transport\/\">P\u0159eprava VIP<\/a><\/li>\n<li> <a href=\"https:\/\/moverdb.com\/cs\/royal-hawaiian-movers\/\">Royal Hawaiian Movers<\/a><\/li>\n<\/ol>\n<p><strong>N\u00e1zory na organizaci<\/strong><\/p>\n<p>\u0158ada st\u011bhovac\u00edch firem uv\u00e1d\u00ed na sv\u00fdch webov\u00fdch str\u00e1nk\u00e1ch certifikaci RIM a n\u011bkter\u00e9 poradensk\u00e9 weby ji ozna\u010duj\u00ed za znak profesion\u00e1ln\u00ed st\u011bhovac\u00ed organizace. Na v\u0161ech str\u00e1nk\u00e1ch, kter\u00e9 ji uv\u00e1d\u011bj\u00ed, se odkazuje na p\u0159\u00edsn\u00e9 \u0161kolen\u00ed a ov\u011b\u0159ov\u00e1n\u00ed, kter\u00e9 je nutn\u00e9 k z\u00edsk\u00e1n\u00ed certifikace - a k jej\u00edmu udr\u017een\u00ed. <\/p>\n<p>Finan\u010dn\u00ed spolehlivost a pov\u011bst vysoce kvalitn\u00edch slu\u017eeb jsou dal\u0161\u00ed dv\u011b vlastnosti, kter\u00e9 st\u011bhov\u00e1ci, kte\u0159\u00ed uv\u00e1d\u011bj\u00ed certifikaci RIM na sv\u00fdch webov\u00fdch str\u00e1nk\u00e1ch, k n\u00ed p\u0159ipojuj\u00ed. V\u011bt\u0161ina z nich zd\u016fraz\u0148uje, \u017ee certifikace vy\u017eaduje neust\u00e1lou \u010dinnost - pr\u016fb\u011b\u017en\u00e9 \u0161kolen\u00ed a vzd\u011bl\u00e1v\u00e1n\u00ed a tak\u00e9 schopnost absolvovat n\u00e1hodn\u00e9 n\u00e1v\u0161t\u011bvy na m\u00edst\u011b. <\/p>\n<p>Zm\u00edn\u011bna je tak\u00e9 skute\u010dnost, \u017ee je vy\u017eadov\u00e1no dodr\u017eov\u00e1n\u00ed p\u0159\u00edsn\u00e9ho kodexu praxe.<\/p>\n<p>N\u011bkte\u0159\u00ed st\u011bhov\u00e1ci tak\u00e9 uv\u00e1d\u011bj\u00ed kvalifikaci ProMover - to je d\u016fle\u017eit\u00e9, proto\u017ee \"tento \u00fasp\u011bch d\u00e1v\u00e1 na\u0161im z\u00e1kazn\u00edk\u016fm jistotu, \u017ee jednaj\u00ed s legitimn\u00edm, profesion\u00e1ln\u00edm st\u011bhov\u00e1kem, a ne s podvodn\u00edkem, kter\u00fd je chce okr\u00e1st. Z\u00edsk\u00e1n\u00ed titulu ProMover je v souladu s dlouhou histori\u00ed na\u0161\u00ed spole\u010dnosti, kter\u00e1 se k z\u00e1kazn\u00edk\u016fm chov\u00e1 f\u00e9rov\u011b a \u010destn\u011b.\" <\/p>\n<p>Upozor\u0148uje se, \u017ee kvalifikace umo\u017e\u0148uje st\u011bhovac\u00ed spole\u010dnosti uv\u00e1d\u011bt ve sv\u00fdch reklamn\u00edch a marketingov\u00fdch materi\u00e1lech a na sv\u00fdch internetov\u00fdch str\u00e1nk\u00e1ch logo s tu\u010dn\u00fdm velk\u00fdm p\u00edsmenem \"M\", kter\u00e9 je znakem ProMover.<\/p>\n<p>Jak ji zobrazuj\u00ed st\u011bhov\u00e1ci:<\/p>\n<blockquote><p>Certifikace agentury potvrzuje, \u017ee agentura disponuje dostate\u010dn\u00fdm vybaven\u00edm, za\u0159\u00edzen\u00edm a certifikovan\u00fdm person\u00e1lem RIM\u00ae, aby splnila minim\u00e1ln\u00ed standardy RIM\u00ae. D\u00e1le vy\u017eaduje, aby hlavn\u00ed nebo \u0159\u00edd\u00edc\u00ed pracovn\u00edk slo\u017eil zkou\u0161ku zalo\u017eenou na p\u0159\u00edru\u010dce RIM\u00ae a aby m\u011bl znalosti pot\u0159ebn\u00e9 k prov\u00e1d\u011bn\u00ed mezin\u00e1rodn\u00edch obchod\u016f. Krom\u011b toho mus\u00ed zprost\u0159edkovatel s certifikac\u00ed RIM\u00ae do t\u0159\u00ed let od po\u010d\u00e1te\u010dn\u00ed certifikace zam\u011bstn\u00e1vat inspektora s certifikac\u00ed RIM\u00ae, koordin\u00e1tora a nejm\u00e9n\u011b t\u0159i certifikovan\u00e9 mezin\u00e1rodn\u00ed bali\u010de.<\/p><\/blockquote>\n<p> - <a href=\"http:\/\/www.castinemovers.com\/category\/RIM\/c70\" target=\"_blank\" rel=\"noopener\">Castine Movers<\/a><\/p>\n<blockquote><p>Certifikace Registrovan\u00fd mezin\u00e1rodn\u00ed p\u0159epravce (RIM) je dobrovoln\u00e1. Pro z\u00edsk\u00e1n\u00ed certifik\u00e1tu mus\u00ed st\u011bhovac\u00ed spole\u010dnost proj\u00edt n\u00e1ro\u010dn\u00fdm \u0161kolen\u00edm a testov\u00e1n\u00edm. Certifikace zaru\u010duje, \u017ee jej\u00ed dr\u017eitel zn\u00e1 v\u0161echny aspekty mezin\u00e1rodn\u00edho st\u011bhov\u00e1n\u00ed.<\/p><\/blockquote>\n<p> - <a href=\"http:\/\/www.newworldvanlines.com\/international.html\" target=\"_blank\" rel=\"noopener\">New World Van Lines<\/a><\/p>\n<blockquote><p>Pro udr\u017een\u00ed certifik\u00e1tu mus\u00ed veden\u00ed a zam\u011bstnanci b\u011bhem t\u0159\u00ed let absolvovat minim\u00e1ln\u011b 15 hodin pr\u016fb\u011b\u017en\u00e9ho vzd\u011bl\u00e1v\u00e1n\u00ed a \u0161kolen\u00ed schv\u00e1len\u00e9ho RIM a za\u0159\u00edzen\u00ed a vybaven\u00ed spole\u010dnosti mus\u00ed ka\u017ed\u00e9 t\u0159i roky proj\u00edt opakovanou inspekc\u00ed. K dne\u0161n\u00edmu dni absolvovalo \u00favodn\u00ed f\u00e1zi programu RIM v\u00edce ne\u017e 142 st\u011bhovac\u00edch a skladovac\u00edch spole\u010dnost\u00ed.<\/p><\/blockquote>\n<p> - <a href=\"http:\/\/www.movingscam.com\/articles\/planning-an-international-move\" target=\"_blank\" rel=\"noopener\">St\u011bhovac\u00ed podvod<\/a><\/p>\n<blockquote><p>Pro z\u00edsk\u00e1n\u00ed certifikace v r\u00e1mci programu RIM (Registered International Mover) mus\u00ed b\u00fdt st\u011bhovac\u00ed spole\u010dnost finan\u010dn\u011b stabiln\u00ed, m\u00edt pov\u011bst kvalitn\u00edho poskytovatele slu\u017eeb a mus\u00ed se zav\u00e1zat k dodr\u017eov\u00e1n\u00ed p\u0159\u00edsn\u00fdch pravidel, kter\u00e1 maj\u00ed zajistit va\u0161i naprostou spokojenost.<\/p><\/blockquote>\n<p> - <a href=\"http:\/\/taylorinternational.ca\/international-moving-relocation\" target=\"_blank\" rel=\"noopener\">Taylor International Movers<\/a><\/p>","protected":false},"excerpt":{"rendered":"<p>The International ProMover certification is part of the Registered International Mover (RIM) program created by the American Moving &#038; Storage Association (AMSA). It is aimed to assist customers using international household goods relocation services and is intended to facilitate easier choices, making it simpler to differentiate between the options and find the right mover. Key [&hellip;]<\/p>\n","protected":false},"author":1,"featured_media":0,"parent":0,"menu_order":0,"comment_status":"closed","ping_status":"closed","template":"","meta":{"_genesis_hide_title":false,"_genesis_hide_breadcrumbs":false,"_genesis_hide_singular_image":false,"_genesis_hide_footer_widgets":false,"_genesis_custom_body_class":"","_genesis_custom_post_class":"","_genesis_layout":"","footnotes":""},"class_list":{"0":"post-353","1":"page","2":"type-page","3":"status-publish","5":"entry"},"_links":{"self":[{"href":"https:\/\/moverdb.com\/cs\/wp-json\/wp\/v2\/pages\/353","targetHints":{"allow":["GET"]}}],"collection":[{"href":"https:\/\/moverdb.com\/cs\/wp-json\/wp\/v2\/pages"}],"about":[{"href":"https:\/\/moverdb.com\/cs\/wp-json\/wp\/v2\/types\/page"}],"author":[{"embeddable":true,"href":"https:\/\/moverdb.com\/cs\/wp-json\/wp\/v2\/users\/1"}],"replies":[{"embeddable":true,"href":"https:\/\/moverdb.com\/cs\/wp-json\/wp\/v2\/comments?post=353"}],"version-history":[{"count":22,"href":"https:\/\/moverdb.com\/cs\/wp-json\/wp\/v2\/pages\/353\/revisions"}],"predecessor-version":[{"id":6232,"href":"https:\/\/moverdb.com\/cs\/wp-json\/wp\/v2\/pages\/353\/revisions\/6232"}],"wp:attachment":[{"href":"https:\/\/moverdb.com\/cs\/wp-json\/wp\/v2\/media?parent=353"}],"curies":[{"name":"wp","href":"https:\/\/api.w.org\/{rel}","templated":true}]}}