{"id":351,"date":"2016-05-22T21:04:36","date_gmt":"2016-05-22T21:04:36","guid":{"rendered":"http:\/\/moverdb.com\/?page_id=351"},"modified":"2026-01-08T14:40:12","modified_gmt":"2026-01-08T14:40:12","slug":"mcgimpsey-brothers-removals","status":"publish","type":"page","link":"https:\/\/moverdb.com\/cs\/mcgimpsey-brothers-removals\/","title":{"rendered":"McGimpsey Brothers Removals: Recenze mezin\u00e1rodn\u00edho st\u011bhov\u00e1n\u00ed"},"content":{"rendered":"<p>Spole\u010dnost McGimpsey Brothers Removals nab\u00edz\u00ed sv\u00fdm klient\u016fm n\u00e1sleduj\u00edc\u00ed slu\u017eby p\u0159i st\u011bhov\u00e1n\u00ed do zahrani\u010d\u00ed i na m\u00edstn\u00ed \u00farovni, a to jak pro jednotlivce, tak pro firmy. Profil spole\u010dnosti a recenze n\u00e1sleduj\u00ed po sekci slu\u017eeb.<\/p>\n<p><strong>St\u011bhov\u00e1n\u00ed do z\u00e1mo\u0159\u00ed<\/strong><\/p>\n<ul>\n<li> Denn\u00ed leteck\u00e1 a n\u00e1mo\u0159n\u00ed p\u0159eprava<\/li>\n<li> Specializovan\u00e9 exportn\u00ed balen\u00ed, ozna\u010dov\u00e1n\u00ed a nakl\u00e1d\u00e1n\u00ed<\/li>\n<li> P\u0159eprava a celn\u00ed odbaven\u00ed<\/li>\n<li> Dod\u00e1vka, vybalen\u00ed a nastaven\u00ed, odvoz odpadu<\/li>\n<li> Pojistn\u00e9 kryt\u00ed<\/li>\n<li> Osobn\u00ed konzultant<\/li>\n<\/ul>\n<p><strong>St\u011bhov\u00e1n\u00ed v r\u00e1mci Evropy<\/strong><\/p>\n<ul>\n<li> Od dve\u0159\u00ed ke dve\u0159\u00edm<\/li>\n<li> \u0160pi\u010dkov\u00e1, speci\u00e1ln\u011b vyroben\u00e1 st\u011bhovac\u00ed vozidla<\/li>\n<li> Vysoce zabezpe\u010den\u00e9 sledovac\u00ed za\u0159\u00edzen\u00ed a satelitn\u00ed naviga\u010dn\u00ed syst\u00e9my<\/li>\n<li> Balen\u00ed a vybalov\u00e1n\u00ed<\/li>\n<li> Pojistn\u00e9 kryt\u00ed<\/li>\n<li> Osobn\u00ed konzultant<\/li>\n<\/ul>\n<p><strong>St\u011bhov\u00e1n\u00ed firem a podnik\u016f<\/strong><\/p>\n<ul>\n<li> P\u0159em\u00edst\u011bn\u00ed podnik\u016f po cel\u00e9m sv\u011bt\u011b<\/li>\n<li> P\u0159em\u00edst\u011bn\u00ed zam\u011bstnanc\u016f po cel\u00e9m sv\u011bt\u011b<\/li>\n<li> Osobn\u00ed konzultant<\/li>\n<\/ul>\n<p><strong>Pohyb v r\u00e1mci <a href=\"https:\/\/moverdb.com\/cs\/moving-to-ireland\/\" data-internallinksmanager029f6b8e52c=\"320\" title=\"St\u011bhov\u00e1n\u00ed do Irska? 2026 N\u00e1klady na bydlen\u00ed a tipy na st\u011bhov\u00e1n\u00ed\">Irsko<\/a><\/strong><\/p>\n<ul>\n<li> Od dve\u0159\u00ed ke dve\u0159\u00edm<\/li>\n<li> Balen\u00ed a vybalov\u00e1n\u00ed<\/li>\n<li> Poji\u0161t\u011bn\u00ed<\/li>\n<li> Osobn\u00ed konzultant<\/li>\n<\/ul>\n<p><strong>St\u011bhov\u00e1n\u00ed <a href=\"https:\/\/moverdb.com\/cs\/moving-to-isle-of-man\/\" data-internallinksmanager029f6b8e52c=\"339\" title=\"St\u011bhov\u00e1n\u00ed na ostrov Man? 2026 N\u00e1klady na bydlen\u00ed a tipy na st\u011bhov\u00e1n\u00ed\">Ostrov Man<\/a> a Normansk\u00e9 ostrovy<\/strong><\/p>\n<ul>\n<li> Od dve\u0159\u00ed ke dve\u0159\u00edm<\/li>\n<li> Balen\u00ed a vybalov\u00e1n\u00ed<\/li>\n<li> Celn\u00ed odbaven\u00ed<\/li>\n<li> Poji\u0161t\u011bn\u00ed<\/li>\n<li> Osobn\u00ed konzultant<\/li>\n<\/ul>\n<p><strong>\u00dalo\u017ei\u0161t\u011b<\/strong><\/p>\n<ul>\n<li> Ukl\u00e1d\u00e1n\u00ed dokument\u016f a archiv\u016f<\/li>\n<li> Vlastn\u00ed skladov\u00e1n\u00ed<\/li>\n<li> Obchodn\u00ed skladov\u00e1n\u00ed<\/li>\n<li> Skladov\u00e1n\u00ed ve skladu<\/li>\n<\/ul>\n<h2>McGimpsey Removals Profil spole\u010dnosti<\/h2>\n<p>Spole\u010dnost McGimpsey Removals se ozna\u010duje za p\u011btihv\u011bzdi\u010dkov\u00fd butik. <a href=\"https:\/\/moverdb.com\/cs\/moving-companies\/\" data-internallinksmanager029f6b8e52c=\"79\" title=\"Top 25 Mezin\u00e1rodn\u00ed st\u011bhovac\u00ed spole\u010dnosti Online\">st\u011bhovac\u00ed spole\u010dnost<\/a> kter\u00e1 poskytuje sv\u00fdm z\u00e1kazn\u00edk\u016fm \u0161pi\u010dkov\u00e9 slu\u017eby. Na trhu p\u016fsob\u00ed ji\u017e 30 let a v\u011b\u0159\u00ed, \u017ee pou\u017e\u00edv\u00e1 \u0161pi\u010dkovou dopravu, balen\u00ed a dob\u0159e vy\u0161kolen\u00fd, pe\u010duj\u00edc\u00ed person\u00e1l.<\/p>\n<p>Spole\u010dnost McGimpsey Removals tvrd\u00ed, \u017ee se sna\u017e\u00ed nejen poskytovat co nejlep\u0161\u00ed slu\u017eby jednotlivc\u016fm a firm\u00e1m, kter\u00e9 se st\u011bhuj\u00ed do zahrani\u010d\u00ed i na m\u00edstn\u00ed \u00farovni, ale tak\u00e9 pe\u010dliv\u011b sleduje svou uhl\u00edkovou stopu.<\/p>\n<p>P\u0159\u00edslu\u0161nost a akreditace spole\u010dnosti McGimpsey Removals:<\/p>\n<ul>\n<li> <a href=\"https:\/\/moverdb.com\/cs\/britska-asociace-stehovaku\/\">Britsk\u00e1 asociace st\u011bhov\u00e1k\u016f<\/a> (<a href=\"https:\/\/moverdb.com\/cs\/british-association-of-removers\/\" data-internallinksmanager029f6b8e52c=\"9\" title=\"Vysv\u011btlen\u00ed Britsk\u00e9 asociace st\u011bhov\u00e1k\u016f (BAR)\">BAR<\/a>)<\/li>\n<li> <a href=\"https:\/\/moverdb.com\/cs\/fidi-faim\/\">FIDI<\/a><\/li>\n<li> <a href=\"https:\/\/moverdb.com\/cs\/iam\/\">Mezin\u00e1rodn\u00ed asociace st\u011bhov\u00e1k\u016f (IAM)<\/a><\/li>\n<li> <a href=\"https:\/\/moverdb.com\/cs\/mtc\/\">Obchodn\u00ed klub Movers<\/a> (<a href=\"https:\/\/moverdb.com\/cs\/mtc\/\" data-internallinksmanager029f6b8e52c=\"30\" title=\"Vysv\u011btlen\u00ed Movers Trading Club (MTC)\">MTC<\/a>)<\/li>\n<li> Sdru\u017een\u00ed pro mobilitu pracovn\u00ed s\u00edly <\/li>\n<\/ul>\n<h2>McGimpsey Brothers Removals Recenze<\/h2>\n<p><strong>Pozitivn\u00ed<\/strong><\/p>\n<p><em>\"Tato spole\u010dnost byla skv\u011bl\u00e1 od za\u010d\u00e1tku do konce. Konzultantka pro st\u011bhov\u00e1n\u00ed byla ochotn\u00e1, znal\u00e1 a v\u017edy mi rychle odpov\u011bd\u011bla a informovala m\u011b, dokonce i pot\u00e9, co bylo v\u0161e doru\u010deno, mi poslala e-mail, aby zkontrolovala, zda jsem spokojen\u00e1.\"<\/em> - Elizabeth Heib prost\u0159ednictv\u00edm <a href=\"https:\/\/plus.google.com\/111359327014801398449\/reviews\" target=\"_blank\" rel=\"noopener\">Recenze Google<\/a><\/p>\n<p><strong>Negativn\u00ed<\/strong><\/p>\n<p><em>\"S touto spole\u010dnost\u00ed jsem m\u011bl hroznou zku\u0161enost! Jsou velmi vst\u0159\u00edcn\u00ed, kdy\u017e cht\u011bj\u00ed va\u0161i rezervaci a slibuj\u00ed vysokou, ale bohu\u017eel dod\u00e1vaj\u00ed n\u00edzkou. Vyu\u017eil jsem je k p\u0159eprav\u011b t\u011b\u017ek\u00e9ho komer\u010dn\u00edho cvi\u010debn\u00edho n\u00e1\u0159ad\u00ed z Irska do <a href=\"https:\/\/moverdb.com\/cs\/moving-to-the-uk\/\" data-internallinksmanager029f6b8e52c=\"93\" title=\"St\u011bhujete se do Spojen\u00e9ho kr\u00e1lovstv\u00ed? 2022 \u017divotn\u00ed n\u00e1klady a tipy na st\u011bhov\u00e1n\u00ed\">UK<\/a> a...\"<\/em> - Chantelle Smith prost\u0159ednictv\u00edm <a href=\"https:\/\/plus.google.com\/100947701157660629611\/reviews\" target=\"_blank\" rel=\"noopener\">Recenze Google<\/a><\/p>\n<div itemprop=\"review\" itemscope itemtype=\"http:\/\/schema.org\/Review\">\n<span itemprop=\"author\" itemscope=\"\" itemtype=\"http:\/\/schema.org\/Organization\"><span itemprop=\"name\">MoverDB.com<\/span><\/span> Online recenze webov\u00fdch str\u00e1nek pro <span itemprop=\"itemreviewed\" itemscope=\"\" itemtype=\"http:\/\/schema.org\/Brand\"><span itemprop=\"name\">St\u011bhov\u00e1n\u00ed McGimpsey Brothers<\/span><\/span>:<\/p>\n<ol>\n<li> Jasn\u00e9 kontaktn\u00ed \u00fadaje na webov\u00fdch str\u00e1nk\u00e1ch (v\u010detn\u011b telefonn\u00edho \u010d\u00edsla): <strong>Ano<\/strong><\/li>\n<li> Snadn\u00e9 z\u00edsk\u00e1n\u00ed <a href=\"https:\/\/moverdb.com\/cs\/citaty\/\">mezin\u00e1rodn\u00ed st\u011bhov\u00e1n\u00ed<\/a>? (Online formul\u00e1\u0159 \u017e\u00e1dosti o odhad): <strong>Ano<\/strong><\/li>\n<li> Jasn\u00e9 informace na webov\u00fdch str\u00e1nk\u00e1ch: <strong>\u010c\u00e1ste\u010dn\u011b<\/strong>. Informace jsou kus\u00e9, ale na po\u017e\u00e1d\u00e1n\u00ed v\u00e1m poskytneme v\u00edce informac\u00ed.<\/li>\n<li> \u010clenstv\u00ed v mezin\u00e1rodn\u00edch uzn\u00e1van\u00fdch organizac\u00edch pohybliv\u00fdch aktivit: <strong>Ano<\/strong>, viz v\u00fd\u0161e.<\/li>\n<li> Seznam klient\u016f a\/nebo reference p\u0159edchoz\u00edch z\u00e1kazn\u00edk\u016f: <strong>Ano<\/strong> Nen\u00ed zde \u017e\u00e1dn\u00fd seznam klient\u016f, ale jsou zde reference p\u0159edchoz\u00edch z\u00e1kazn\u00edk\u016f.<\/li>\n<\/ol>\n<div itemprop=\"reviewRating\" itemscope itemtype=\"http:\/\/schema.org\/Rating\"><meta itemprop=\"worstRating\" content = \"0\" \/><meta itemprop=\"bestRating\" content=\"5\" \/><meta itemprop=\"ratingValue\" content=\"4\"><\/div>\n<p><strong>Celkov\u00e9 hodnocen\u00ed: 4\/5<\/strong><br \/>\n<strong>Datum recenze:<\/strong> <span itemprop=\"datePublished\" content=\"2016-05-22\">22\/05\/2016<\/span><\/p>\n<\/div>\n<p>V\u00edce o <a href=\"https:\/\/moverdb.com\/cs\/mezinarodni-stehovani\/\">St\u011bhovac\u00ed spole\u010dnosti ve Spojen\u00e9m kr\u00e1lovstv\u00ed<\/a> a na\u0161e <a href=\"https:\/\/moverdb.com\/cs\/recenze\/\">vysv\u011btlen\u00ed procesu p\u0159ezkoum\u00e1n\u00ed<\/a>.<\/p>\n<p><strong>Webov\u00e9 str\u00e1nky:<\/strong> <a href=\"https:\/\/www.mcgimpseys.com\/\" target=\"_blank\" rel=\"noopener\">https:\/\/www.mcgimpseys.com\/<\/a><\/p>","protected":false},"excerpt":{"rendered":"<p>McGimpsey Brothers Removals offers clients the following services when relocating abroad and locally, for both individuals and businesses. A company profile and reviews follow the services section. Moving Overseas Daily air and sea freight Specialist export packing, labelling and loading Shipping and customs clearance Delivery, unpacking and setting up, removal of rubbish Insurance cover Personal [&hellip;]<\/p>\n","protected":false},"author":1,"featured_media":0,"parent":0,"menu_order":0,"comment_status":"closed","ping_status":"closed","template":"","meta":{"_genesis_hide_title":false,"_genesis_hide_breadcrumbs":false,"_genesis_hide_singular_image":false,"_genesis_hide_footer_widgets":false,"_genesis_custom_body_class":"","_genesis_custom_post_class":"","_genesis_layout":"","footnotes":""},"class_list":{"0":"post-351","1":"page","2":"type-page","3":"status-publish","5":"entry"},"_links":{"self":[{"href":"https:\/\/moverdb.com\/cs\/wp-json\/wp\/v2\/pages\/351","targetHints":{"allow":["GET"]}}],"collection":[{"href":"https:\/\/moverdb.com\/cs\/wp-json\/wp\/v2\/pages"}],"about":[{"href":"https:\/\/moverdb.com\/cs\/wp-json\/wp\/v2\/types\/page"}],"author":[{"embeddable":true,"href":"https:\/\/moverdb.com\/cs\/wp-json\/wp\/v2\/users\/1"}],"replies":[{"embeddable":true,"href":"https:\/\/moverdb.com\/cs\/wp-json\/wp\/v2\/comments?post=351"}],"version-history":[{"count":10,"href":"https:\/\/moverdb.com\/cs\/wp-json\/wp\/v2\/pages\/351\/revisions"}],"predecessor-version":[{"id":13176,"href":"https:\/\/moverdb.com\/cs\/wp-json\/wp\/v2\/pages\/351\/revisions\/13176"}],"wp:attachment":[{"href":"https:\/\/moverdb.com\/cs\/wp-json\/wp\/v2\/media?parent=351"}],"curies":[{"name":"wp","href":"https:\/\/api.w.org\/{rel}","templated":true}]}}