{"id":350,"date":"2016-05-22T20:57:46","date_gmt":"2016-05-22T20:57:46","guid":{"rendered":"http:\/\/moverdb.com\/?page_id=350"},"modified":"2026-01-08T15:20:55","modified_gmt":"2026-01-08T15:20:55","slug":"shore-porters-society","status":"publish","type":"page","link":"https:\/\/moverdb.com\/cs\/shore-porters-society\/","title":{"rendered":"The Shore Porters Society International Moving &amp; Removals Recenze"},"content":{"rendered":"<p>Spole\u010dnost Shore Porters Society nab\u00edz\u00ed n\u00e1sleduj\u00edc\u00ed slu\u017eby pro osoby, kter\u00e9 se st\u011bhuj\u00ed do zahrani\u010d\u00ed, do regionu a na m\u00edstn\u00ed \u00farovni. K dispozici je tak\u00e9 profil spole\u010dnosti a recenze slu\u017eeb.<\/p>\n<p><strong>Firemn\u00ed a osobn\u00ed st\u011bhov\u00e1n\u00ed do zahrani\u010d\u00ed<\/strong><\/p>\n<ul>\n<li> Pr\u016fzkum p\u0159ed st\u011bhov\u00e1n\u00edm<\/li>\n<li> Slu\u017eba od dve\u0159\u00ed ke dve\u0159\u00edm<\/li>\n<li> N\u00e1mo\u0159n\u00ed nebo leteck\u00e1 p\u0159eprava<\/li>\n<li> R\u016fzn\u00e9 mo\u017enosti balen\u00ed<\/li>\n<li> Mo\u017enosti ukl\u00e1d\u00e1n\u00ed<\/li>\n<li> Pomoc s dokumentac\u00ed pro c\u00edlovou zemi<\/li>\n<li> D\u016fkladn\u00e1 znalost pravidel a p\u0159edpis\u016f c\u00edlov\u00e9 zem\u011b<\/li>\n<li> Odpojen\u00ed a op\u011btovn\u00e9 p\u0159ipojen\u00ed za\u0159\u00edzen\u00ed IT v m\u00edst\u011b ur\u010den\u00ed<\/li>\n<li> Poji\u0161t\u011bn\u00ed<\/li>\n<\/ul>\n<p><strong>V\u00fdtvarn\u00e9 um\u011bn\u00ed a staro\u017eitnosti<\/strong><\/p>\n<ul>\n<li> Odborn\u00e9 znalosti v oblasti balen\u00ed a p\u0159epravy<\/li>\n<li> Doprov\u00e1zet klienty na n\u00e1kupn\u00edch cest\u00e1ch a zajistit spr\u00e1vn\u00e9 zabalen\u00ed.<\/li>\n<li> Poradenstv\u00ed ohledn\u011b dokumentace<\/li>\n<li> Celn\u00ed odbaven\u00ed v zemi ur\u010den\u00ed<\/li>\n<\/ul>\n<p><strong>\u00dalo\u017ei\u0161t\u011b<\/strong><\/p>\n<ul>\n<li> Skladov\u00e1n\u00ed v kontejnerech<\/li>\n<li> Konven\u010dn\u00ed skladov\u00e1n\u00ed<\/li>\n<li> Komer\u010dn\u00ed skladov\u00e1n\u00ed<\/li>\n<li> Archivn\u00ed \u00falo\u017ei\u0161t\u011b<\/li>\n<li> Lock 'n' Leave - voln\u00fd p\u0159\u00edstup b\u011bhem \u00fa\u0159edn\u00edch hodin<\/li>\n<li> Pron\u00e1jem beden<\/li>\n<li> Skladov\u00e1n\u00ed palet<\/li>\n<\/ul>\n<p><strong>M\u00edstn\u00ed p\u0159esuny<\/strong><\/p>\n<ul>\n<li> Slu\u017eba od dve\u0159\u00ed ke dve\u0159\u00edm<\/li>\n<li> R\u016fzn\u00e9 mo\u017enosti balen\u00ed<\/li>\n<li> Sjednan\u00e9 poji\u0161t\u011bn\u00ed<\/li>\n<\/ul>\n<h2>Profil spole\u010dnosti The Shore Porters Society<\/h2>\n<p>Spole\u010dnost pob\u0159e\u017en\u00edch nosi\u010d\u016f byla zalo\u017eena v roce 1498, tedy p\u0159ed v\u00edce ne\u017e 500 lety. Hrd\u011b se chlub\u00ed t\u00edm, \u017ee je nejstar\u0161\u00ed dopravn\u00ed spole\u010dnost\u00ed na sv\u011bt\u011b, proto\u017ee vznikla z dru\u017estva nosi\u010d\u016f, kte\u0159\u00ed provozovali sv\u00e9 \u0159emeslo v p\u0159\u00edstavu v Aberdeenu. <\/p>\n<p>A\u017e do poloviny devaten\u00e1ct\u00e9ho stolet\u00ed byla spole\u010dnost pod z\u00e1\u0161titou m\u011bstsk\u00e9 rady v Aberdeenu. Nyn\u00ed je to soukrom\u00e1 spole\u010dnost, kter\u00e1 poskytuje mimo jin\u00e9 slu\u017eby v oblasti n\u00e1kladn\u00ed dopravy, st\u011bhov\u00e1n\u00ed, nemovitost\u00ed a skladov\u00e1n\u00ed.<\/p>\n<p>Spole\u010dnost disponuje vozov\u00fdm parkem 30 n\u00e1kladn\u00edch a dod\u00e1vkov\u00fdch vozidel, kter\u00e1 jezd\u00ed z Aberdeenu a Richmondu na Tem\u017ei, a 11 sklady po cel\u00e9m sv\u011bt\u011b. <a href=\"https:\/\/moverdb.com\/cs\/moving-to-the-uk\/\" data-internallinksmanager029f6b8e52c=\"93\" title=\"St\u011bhujete se do Spojen\u00e9ho kr\u00e1lovstv\u00ed? 2022 \u017divotn\u00ed n\u00e1klady a tipy na st\u011bhov\u00e1n\u00ed\">UK<\/a>. <\/p>\n<p>Spole\u010dnost m\u00e1 dobr\u00e9 vztahy s v\u00fdznamn\u00fdmi auk\u010dn\u00edmi s\u00edn\u011bmi po cel\u00e9m sv\u011bt\u011b a py\u0161n\u00ed se sv\u00fdmi odborn\u00fdmi znalostmi v oblasti p\u0159epravy v\u00fdtvarn\u00e9ho um\u011bn\u00ed a staro\u017eitnost\u00ed.<\/p>\n<p>N\u00ed\u017ee je uveden seznam akreditac\u00ed a afiliac\u00ed spole\u010dnosti The Shore Porters Society:<\/p>\n<ul>\n<li> <a href=\"https:\/\/moverdb.com\/cs\/britska-asociace-stehovaku\/\">Britsk\u00e1 asociace st\u011bhov\u00e1k\u016f (BAR)<\/a><\/li>\n<li> Finan\u010dn\u00ed z\u00e1vazky v\u016f\u010di <a href=\"https:\/\/moverdb.com\/cs\/bar-overseas\/\">Skupina BAR Overseas<\/a><\/li>\n<li> <a href=\"https:\/\/moverdb.com\/cs\/fidi-faim\/\">FIDI<\/a><\/li>\n<li> <a href=\"https:\/\/moverdb.com\/cs\/iam\/\">Mezin\u00e1rodn\u00ed asociace st\u011bhov\u00e1k\u016f (IAM)<\/a><\/li>\n<li> Certifikace syst\u00e9mu kvality ISO9001<\/li>\n<li> <a href=\"https:\/\/moverdb.com\/cs\/freight-transport-association\/\">\u010clen FTA<\/a><\/li>\n<\/ul>\n<h2>Spolek pob\u0159e\u017en\u00edch nosi\u010d\u016f Recenze<\/h2>\n<p>Vezm\u011bte pros\u00edm na v\u011bdom\u00ed, \u017ee za posledn\u00edch 12 m\u011bs\u00edc\u016f nebyla na internetu zve\u0159ejn\u011bna \u017e\u00e1dn\u00e1 nov\u00e1 hodnocen\u00ed spole\u010dnosti The Shore Porters Society.<\/p>\n<div itemprop=\"review\" itemscope itemtype=\"http:\/\/schema.org\/Review\">\n<span itemprop=\"author\" itemscope=\"\" itemtype=\"http:\/\/schema.org\/Organization\"><span itemprop=\"name\">MoverDB.com<\/span><\/span> Online recenze webov\u00fdch str\u00e1nek pro <span itemprop=\"itemreviewed\" itemscope=\"\" itemtype=\"http:\/\/schema.org\/Brand\"><span itemprop=\"name\">Spole\u010dnost pob\u0159e\u017en\u00edch nosi\u010d\u016f<\/span><\/span>:<\/p>\n<ol>\n<li> Jasn\u00e9 kontaktn\u00ed \u00fadaje na webov\u00fdch str\u00e1nk\u00e1ch (v\u010detn\u011b telefonn\u00edho \u010d\u00edsla): <strong>Ano<\/strong><\/li>\n<li> Snadn\u00e9 z\u00edsk\u00e1n\u00ed <a href=\"https:\/\/moverdb.com\/cs\/citaty\/\">mezin\u00e1rodn\u00ed st\u011bhov\u00e1n\u00ed<\/a>? (Online formul\u00e1\u0159 \u017e\u00e1dosti o odhad): <strong>Ano<\/strong><\/li>\n<li> Jasn\u00e9 informace na webov\u00fdch str\u00e1nk\u00e1ch: <strong>\u010c\u00e1ste\u010dn\u011b<\/strong>. Webov\u00e9 str\u00e1nky obsahuj\u00ed neur\u010dit\u00e9 informace, kter\u00e9 se t\u00fdkaj\u00ed \u017e\u00e1dosti o kontaktov\u00e1n\u00ed spole\u010dnosti pro v\u00edce informac\u00ed.<\/li>\n<li> \u010clenstv\u00ed v mezin\u00e1rodn\u00edch uzn\u00e1van\u00fdch organizac\u00edch pohybliv\u00fdch aktivit: <strong>Ano<\/strong>, viz v\u00fd\u0161e.<\/li>\n<li> Seznam klient\u016f a\/nebo reference p\u0159edchoz\u00edch z\u00e1kazn\u00edk\u016f: <strong>Ne.<\/strong><\/li>\n<\/ol>\n<div itemprop=\"reviewRating\" itemscope itemtype=\"http:\/\/schema.org\/Rating\"><meta itemprop=\"worstRating\" content = \"0\" \/><meta itemprop=\"bestRating\" content=\"5\" \/><meta itemprop=\"ratingValue\" content=\"4\"><\/div>\n<p><strong>Celkov\u00e9 hodnocen\u00ed: 4\/5<\/strong><br \/>\n<strong>Datum recenze:<\/strong> <span itemprop=\"datePublished\" content=\"2016-05-22\">22\/05\/2016<\/span><\/p>\n<\/div>\n<p>V\u00edce o <a href=\"https:\/\/moverdb.com\/cs\/mezinarodni-stehovani\/\">St\u011bhovac\u00ed spole\u010dnosti ve Spojen\u00e9m kr\u00e1lovstv\u00ed<\/a> a na\u0161e <a href=\"https:\/\/moverdb.com\/cs\/recenze\/\">vysv\u011btlen\u00ed procesu p\u0159ezkoum\u00e1n\u00ed<\/a>.<\/p>\n<p><strong>Webov\u00e9 str\u00e1nky:<\/strong> <a href=\"https:\/\/www.shoreporters.com\/\" target=\"_blank\" rel=\"noopener\">https:\/\/www.shoreporters.com<\/a><\/p>","protected":false},"excerpt":{"rendered":"<p>The Shore Porters Society offers the following services for people moving abroad, regionally and locally. There is also a company profile and service reviews to peruse. Corporate and Personal Moves Abroad Pre-Move survey Door to door service Ocean or Air Freight Various packing options Storage options Assistance with documentation for destination country In depth knowledge [&hellip;]<\/p>\n","protected":false},"author":1,"featured_media":0,"parent":0,"menu_order":0,"comment_status":"closed","ping_status":"closed","template":"","meta":{"_genesis_hide_title":false,"_genesis_hide_breadcrumbs":false,"_genesis_hide_singular_image":false,"_genesis_hide_footer_widgets":false,"_genesis_custom_body_class":"","_genesis_custom_post_class":"","_genesis_layout":"","footnotes":""},"class_list":{"0":"post-350","1":"page","2":"type-page","3":"status-publish","5":"entry"},"_links":{"self":[{"href":"https:\/\/moverdb.com\/cs\/wp-json\/wp\/v2\/pages\/350","targetHints":{"allow":["GET"]}}],"collection":[{"href":"https:\/\/moverdb.com\/cs\/wp-json\/wp\/v2\/pages"}],"about":[{"href":"https:\/\/moverdb.com\/cs\/wp-json\/wp\/v2\/types\/page"}],"author":[{"embeddable":true,"href":"https:\/\/moverdb.com\/cs\/wp-json\/wp\/v2\/users\/1"}],"replies":[{"embeddable":true,"href":"https:\/\/moverdb.com\/cs\/wp-json\/wp\/v2\/comments?post=350"}],"version-history":[{"count":12,"href":"https:\/\/moverdb.com\/cs\/wp-json\/wp\/v2\/pages\/350\/revisions"}],"predecessor-version":[{"id":6246,"href":"https:\/\/moverdb.com\/cs\/wp-json\/wp\/v2\/pages\/350\/revisions\/6246"}],"wp:attachment":[{"href":"https:\/\/moverdb.com\/cs\/wp-json\/wp\/v2\/media?parent=350"}],"curies":[{"name":"wp","href":"https:\/\/api.w.org\/{rel}","templated":true}]}}