{"id":349,"date":"2016-05-22T20:51:02","date_gmt":"2016-05-22T20:51:02","guid":{"rendered":"http:\/\/moverdb.com\/?page_id=349"},"modified":"2026-01-08T15:20:48","modified_gmt":"2026-01-08T15:20:48","slug":"team-relocations","status":"publish","type":"page","link":"https:\/\/moverdb.com\/cs\/team-relocations\/","title":{"rendered":"Team Relocations Mezin\u00e1rodn\u00ed st\u011bhov\u00e1n\u00ed a st\u011bhov\u00e1n\u00ed Recenze"},"content":{"rendered":"<p>Team Relocations nab\u00edz\u00ed n\u00e1sleduj\u00edc\u00ed st\u011bhovac\u00ed slu\u017eby pro jednotlivce i firmy, kter\u00e9 st\u011bhuj\u00ed zam\u011bstnance nebo cel\u00e9 kancel\u00e1\u0159e do zahrani\u010d\u00ed. P\u0159e\u010dt\u011bte si profil spole\u010dnosti Team Locations a jej\u00ed recenze n\u00ed\u017ee.<\/p>\n<p><strong>Osobn\u00ed a firemn\u00ed st\u011bhov\u00e1n\u00ed<\/strong><\/p>\n<ul>\n<li> Poradensk\u00e1 slu\u017eba nab\u00edzej\u00edc\u00ed individu\u00e1ln\u00ed \u0159e\u0161en\u00ed pro st\u011bhov\u00e1n\u00ed<\/li>\n<li> Strategick\u00e9 \u0159\u00edzen\u00ed p\u0159em\u00edst\u011bn\u00ed<\/li>\n<li> Pokro\u010dil\u00e1 technologie webZone<\/li>\n<li> Balen\u00ed a p\u0159eprava<\/li>\n<li> Sjednan\u00e9 poji\u0161t\u011bn\u00ed<\/li>\n<\/ul>\n<p><strong>Slu\u017eby v oblasti nemovitost\u00ed<\/strong><\/p>\n<ul>\n<li> Home Vyhled\u00e1v\u00e1n\u00ed<\/li>\n<li> Vyjedn\u00e1v\u00e1n\u00ed a obnoven\u00ed n\u00e1jemn\u00edch smluv<\/li>\n<li> Kontrola\/v\u00fddej z\u00e1sob<\/li>\n<li> P\u016fj\u010dovna n\u00e1bytku a spot\u0159ebi\u010d\u016f<\/li>\n<li> Do\u010dasn\u00e9 ubytov\u00e1n\u00ed<\/li>\n<li> Odletov\u00e9 programy<\/li>\n<li> Spr\u00e1va prodeje dom\u016f<\/li>\n<li> Spr\u00e1va nemovitost\u00ed <\/li>\n<li> Program garantovan\u00e9ho prodeje dom\u016f<\/li>\n<\/ul>\n<p><strong>Usazov\u00e1n\u00ed<\/strong><\/p>\n<ul>\n<li> Orientace<\/li>\n<li> Informace o destinaci<\/li>\n<li> Kulturn\u00ed briefingy<\/li>\n<li> Jazykov\u00e1 p\u0159\u00edprava<\/li>\n<li> Spr\u00e1va p\u0159esun\u016f<\/li>\n<li> Slu\u017eby \u00fadr\u017eb\u00e1\u0159\u016f\/pokojsk\u00fdch slu\u017eeb<\/li>\n<\/ul>\n<p><strong>Rodinn\u00e9 programy<\/strong><\/p>\n<ul>\n<li> V\u00fdzkum a registrace v oblasti vzd\u011bl\u00e1v\u00e1n\u00ed<\/li>\n<li> P\u0159em\u00edst\u011bn\u00ed dom\u00e1c\u00edho mazl\u00ed\u010dka<\/li>\n<li> Podpora partner\u016f<\/li>\n<\/ul>\n<p><strong>Slu\u017eby skladov\u00e1n\u00ed<\/strong><\/p>\n<ul>\n<li> Specializovan\u00e9 skladov\u00e1n\u00ed<\/li>\n<li> Archivace a ukl\u00e1d\u00e1n\u00ed dokument\u016f<\/li>\n<li> Tradi\u010dn\u00ed \u00falo\u017ei\u0161t\u011b<\/li>\n<\/ul>\n<p><strong>Specializovan\u00e9 slu\u017eby<\/strong><\/p>\n<ul>\n<li> Glob\u00e1ln\u00ed st\u011bhov\u00e1n\u00ed pro soukrom\u00e9 odes\u00edlatele<\/li>\n<li> St\u011bhov\u00e1n\u00ed a p\u0159emis\u0165ov\u00e1n\u00ed firem a kancel\u00e1\u0159\u00ed<\/li>\n<li> St\u011bhov\u00e1n\u00ed nemocnic<\/li>\n<li> Dom\u00e1c\u00ed skladov\u00e1n\u00ed<\/li>\n<li> Ukl\u00e1d\u00e1n\u00ed dokument\u016f a archiv\u016f<\/li>\n<\/ul>\n<p><strong>Dal\u0161\u00ed slu\u017eby<\/strong><\/p>\n<ul>\n<li> \u017deb\u0159\u00edkov\u00e9 v\u00fdtahy pro obt\u00ed\u017en\u00fd p\u0159\u00edstup<\/li>\n<li> Balen\u00ed um\u011bleck\u00fdch p\u0159edm\u011bt\u016f a staro\u017eitnost\u00ed<\/li>\n<li> Slu\u017eby elektrik\u00e1\u0159\u016f, v\u010detn\u011b<\/li>\n<li> V\u00fdm\u011bna z\u00e1str\u010dek pro m\u00edstn\u00ed z\u00e1suvky<\/li>\n<li> P\u0159epojen\u00ed sv\u00edtidel a spot\u0159ebi\u010d\u016f<\/li>\n<li> Poskytov\u00e1n\u00ed transform\u00e1tor\u016f<\/li>\n<li> Handyman<\/li>\n<li> \u00daklidov\u00e9 slu\u017eby<\/li>\n<li> Lad\u011bn\u00ed klav\u00edr\u016f<\/li>\n<li> Instalace\/odstran\u011bn\u00ed satelitn\u00ed ant\u00e9ny<\/li>\n<li> \u00daklidov\u00e9 t\u00fdmy<\/li>\n<li> Vyzvednut\u00ed v kancel\u00e1\u0159i<\/li>\n<li> Charitativn\u00ed boxy<\/li>\n<li> <a href=\"https:\/\/moverdb.com\/cs\/preprava-aut-a-lodni-doprava\/\">P\u0159eprava vozidel<\/a> a skladov\u00e1n\u00ed<\/li>\n<\/ul>\n<h2>Profil spole\u010dnosti Team Relocation<\/h2>\n<p>Spole\u010dnost Team Relocation byla zalo\u017eena v roce 1977 a v sou\u010dasn\u00e9 dob\u011b je jednou z nejv\u011bt\u0161\u00edch spole\u010dnost\u00ed v oblasti st\u011bhov\u00e1n\u00ed. <a href=\"https:\/\/moverdb.com\/cs\/international-removals\/\" data-internallinksmanager029f6b8e52c=\"27\" title=\"36 nejlep\u0161\u00edch mezin\u00e1rodn\u00edch st\u011bhovac\u00edch spole\u010dnost\u00ed ve Velk\u00e9 Brit\u00e1nii\">st\u011bhovac\u00ed firmy<\/a> na sv\u011bt\u011b. Team Location m\u00e1 pobo\u010dky ve 13 zem\u00edch a mnoho v\u00fdznamn\u00fdch osobnost\u00ed, nadn\u00e1rodn\u00edch spole\u010dnost\u00ed a vl\u00e1dn\u00edch agentur vyu\u017e\u00edv\u00e1 slu\u017eeb t\u00e9to spole\u010dnosti pro st\u011bhov\u00e1n\u00ed zam\u011bstnanc\u016f a firem do zahrani\u010d\u00ed i do region\u016f. <\/p>\n<p>Team Relocation spolupracuje pouze s partnery, kte\u0159\u00ed sd\u00edlej\u00ed stejn\u00e9 z\u00e1kladn\u00ed hodnoty jako oni; mezi n\u011b pat\u0159\u00ed dokonalost, integrita, odpov\u011bdnost a bezpe\u010dnost. Spole\u010dnost se zam\u011b\u0159uje na st\u011bhov\u00e1n\u00ed, st\u011bhov\u00e1n\u00ed a specializovan\u00e9 slu\u017eby. <\/p>\n<p>Spole\u010dnost tak\u00e9 siln\u011b v\u011b\u0159\u00ed v mezin\u00e1rodn\u00ed lidsk\u00e1 pr\u00e1va a podporuje mnoho charitativn\u00edch organizac\u00ed po cel\u00e9m sv\u011bt\u011b.<\/p>\n<p>Akreditace a afiliace t\u00fdmov\u00fdch pracovi\u0161\u0165 jsou uvedeny n\u00ed\u017ee:<\/p>\n<ul>\n<li> <a href=\"https:\/\/moverdb.com\/cs\/britska-asociace-stehovaku\/\">Britsk\u00e1 asociace st\u011bhov\u00e1k\u016f (BAR)<\/a><\/li>\n<li> DBA<\/li>\n<li> The <a href=\"https:\/\/moverdb.com\/cs\/mtc\/\">Movers Trading Club<\/a> (<a href=\"https:\/\/moverdb.com\/cs\/mtc\/\" data-internallinksmanager029f6b8e52c=\"30\" title=\"Vysv\u011btlen\u00ed Movers Trading Club (MTC)\">MTC<\/a>)<\/li>\n<li> <a href=\"https:\/\/moverdb.com\/cs\/fidi-faim\/\">FAIM<\/a><\/li>\n<li> <a href=\"https:\/\/moverdb.com\/cs\/fidi-faim\/\">FIDI<\/a><\/li>\n<li> Celosv\u011btov\u00e1 asociace pro mobilitu <\/li>\n<li> <a href=\"https:\/\/moverdb.com\/cs\/iam\/\">Mezin\u00e1rodn\u00ed asociace st\u011bhov\u00e1k\u016f (IAM)<\/a><\/li>\n<li> OMNI<\/li>\n<\/ul>\n<h2>T\u00fdmov\u00e9 relokace Recenze<\/h2>\n<p><em>V tuto chv\u00edli se n\u00e1m nepoda\u0159ilo naj\u00edt \u017e\u00e1dn\u00e9 recenze pro Team Relocations zve\u0159ejn\u011bn\u00e9 kdekoli jinde na internetu.<\/em><\/p>\n<div itemprop=\"review\" itemscope itemtype=\"http:\/\/schema.org\/Review\">\n<span itemprop=\"author\" itemscope=\"\" itemtype=\"http:\/\/schema.org\/Organization\"><span itemprop=\"name\">MoverDB.com<\/span><\/span> Online recenze webov\u00fdch str\u00e1nek pro <span itemprop=\"itemreviewed\" itemscope=\"\" itemtype=\"http:\/\/schema.org\/Brand\"><span itemprop=\"name\">P\u0159em\u00edst\u011bn\u00ed t\u00fdmu<\/span><\/span>:<\/p>\n<ol>\n<li> Jasn\u00e9 kontaktn\u00ed \u00fadaje na webov\u00fdch str\u00e1nk\u00e1ch (v\u010detn\u011b telefonn\u00edho \u010d\u00edsla): <strong>Ano<\/strong><\/li>\n<li> Snadn\u00e9 z\u00edsk\u00e1n\u00ed <a href=\"https:\/\/moverdb.com\/cs\/citaty\/\">mezin\u00e1rodn\u00ed st\u011bhov\u00e1n\u00ed<\/a>? (Online formul\u00e1\u0159 \u017e\u00e1dosti o odhad): <strong>Ano<\/strong><\/li>\n<li> Jasn\u00e9 informace na webov\u00fdch str\u00e1nk\u00e1ch: <strong>Ano<\/strong>. Informativn\u00ed webov\u00e9 str\u00e1nky, ale podrobn\u00e9 informace je t\u0159eba z\u00edskat p\u0159\u00edmo od spole\u010dnosti.<\/li>\n<li> \u010clenstv\u00ed v mezin\u00e1rodn\u00edch uzn\u00e1van\u00fdch organizac\u00edch pohybliv\u00fdch aktivit: <strong>Ano<\/strong>, viz v\u00fd\u0161e.<\/li>\n<li> Seznam klient\u016f a\/nebo reference p\u0159edchoz\u00edch z\u00e1kazn\u00edk\u016f: <strong>Ne.<\/strong><\/li>\n<\/ol>\n<div itemprop=\"reviewRating\" itemscope itemtype=\"http:\/\/schema.org\/Rating\"><meta itemprop=\"worstRating\" content = \"0\" \/><meta itemprop=\"bestRating\" content=\"5\" \/><meta itemprop=\"ratingValue\" content=\"4\"><\/div>\n<p><strong>Celkov\u00e9 hodnocen\u00ed: 4\/5<\/strong><br \/>\n<strong>Datum recenze:<\/strong> <span itemprop=\"datePublished\" content=\"2016-05-22\">22\/05\/2016<\/span><\/p>\n<\/div>\n<p>V\u00edce o <a href=\"https:\/\/moverdb.com\/cs\/stehovani-spolecnosti\/\">mezin\u00e1rodn\u00ed st\u011bhovac\u00ed spole\u010dnosti<\/a> a na\u0161e <a href=\"https:\/\/moverdb.com\/cs\/recenze\/\">vysv\u011btlen\u00ed procesu p\u0159ezkoum\u00e1n\u00ed<\/a>.<\/p>\n<p><strong>Webov\u00e9 str\u00e1nky:<\/strong> <a href=\"http:\/\/www.teamrelocations.com\/\" target=\"_blank\" rel=\"noopener\">http:\/\/www.teamrelocations.com<\/a><\/p>","protected":false},"excerpt":{"rendered":"<p>Team Relocations offers the following moving services for individuals and corporates moving personnel or whole offices abroad. Read Team Locations&#8217; company profile and reviews below. Personal and Corporate Moves Consultancy service offering individual solutions to moving Strategic relocation management Advanced webZone technology Packing and shipping Insurance arranged Property Services Home Search Tenancy Negotiations &#038; Renewals [&hellip;]<\/p>\n","protected":false},"author":1,"featured_media":0,"parent":0,"menu_order":0,"comment_status":"closed","ping_status":"closed","template":"","meta":{"_genesis_hide_title":false,"_genesis_hide_breadcrumbs":false,"_genesis_hide_singular_image":false,"_genesis_hide_footer_widgets":false,"_genesis_custom_body_class":"","_genesis_custom_post_class":"","_genesis_layout":"","footnotes":""},"class_list":{"0":"post-349","1":"page","2":"type-page","3":"status-publish","5":"entry"},"_links":{"self":[{"href":"https:\/\/moverdb.com\/cs\/wp-json\/wp\/v2\/pages\/349","targetHints":{"allow":["GET"]}}],"collection":[{"href":"https:\/\/moverdb.com\/cs\/wp-json\/wp\/v2\/pages"}],"about":[{"href":"https:\/\/moverdb.com\/cs\/wp-json\/wp\/v2\/types\/page"}],"author":[{"embeddable":true,"href":"https:\/\/moverdb.com\/cs\/wp-json\/wp\/v2\/users\/1"}],"replies":[{"embeddable":true,"href":"https:\/\/moverdb.com\/cs\/wp-json\/wp\/v2\/comments?post=349"}],"version-history":[{"count":12,"href":"https:\/\/moverdb.com\/cs\/wp-json\/wp\/v2\/pages\/349\/revisions"}],"predecessor-version":[{"id":6243,"href":"https:\/\/moverdb.com\/cs\/wp-json\/wp\/v2\/pages\/349\/revisions\/6243"}],"wp:attachment":[{"href":"https:\/\/moverdb.com\/cs\/wp-json\/wp\/v2\/media?parent=349"}],"curies":[{"name":"wp","href":"https:\/\/api.w.org\/{rel}","templated":true}]}}