{"id":347,"date":"2016-05-22T19:43:53","date_gmt":"2016-05-22T19:43:53","guid":{"rendered":"http:\/\/moverdb.com\/?page_id=347"},"modified":"2026-01-08T15:20:38","modified_gmt":"2026-01-08T15:20:38","slug":"santa-fe-relocation","status":"publish","type":"page","link":"https:\/\/moverdb.com\/cs\/santa-fe-relocation\/","title":{"rendered":"Santa Fe Relocation Services Mezin\u00e1rodn\u00ed st\u011bhov\u00e1n\u00ed a st\u011bhov\u00e1n\u00ed Recenze"},"content":{"rendered":"<p>Santa Fe Relocation Services je \u0161pi\u010dkov\u00e1 spole\u010dnost zab\u00fdvaj\u00edc\u00ed se st\u011bhov\u00e1n\u00edm. N\u00ed\u017ee je uvedeno mnoho st\u011bhovac\u00edch slu\u017eeb, profil spole\u010dnosti a hodnocen\u00ed z\u00e1kazn\u00edk\u016f.<\/p>\n<p><strong>Slu\u017eby glob\u00e1ln\u00ed mobility<\/strong><\/p>\n<ul>\n<li> Glob\u00e1ln\u00ed p\u0159em\u00edst\u011bn\u00ed a spr\u00e1va DSP po cel\u00e9m sv\u011bt\u011b<\/li>\n<li> Spr\u00e1va v\u00edz a p\u0159ist\u011bhovalectv\u00ed<\/li>\n<li> Spr\u00e1va st\u011bhov\u00e1n\u00ed pro jednotlivce a firemn\u00ed zam\u011bstnance<\/li>\n<\/ul>\n<p><strong>St\u011bhovac\u00ed a skladovac\u00ed slu\u017eby<\/strong><\/p>\n<ul>\n<li> Mezin\u00e1rodn\u00ed st\u011bhov\u00e1n\u00ed<\/li>\n<li> Vnitrost\u00e1tn\u00ed a m\u00edstn\u00ed st\u011bhov\u00e1n\u00ed<\/li>\n<li> \u00dalo\u017ei\u0161t\u011b<\/li>\n<li> P\u0159em\u00edst\u011bn\u00ed dom\u00e1c\u00edch zv\u00ed\u0159at<\/li>\n<li> <a href=\"https:\/\/moverdb.com\/cs\/preprava-aut-a-lodni-doprava\/\">P\u0159eprava vozidel<\/a><\/li>\n<li> Odkazy na ochrann\u00e9 kryt\u00ed<\/li>\n<li> Slu\u017eby \u00fadr\u017eb\u00e1\u0159\u016f a komorn\u00edk\u016f<\/li>\n<li> Pron\u00e1jem n\u00e1bytku<\/li>\n<li> Excelentn\u00ed st\u011bhovac\u00ed a skladovac\u00ed slu\u017eby<\/li>\n<\/ul>\n<p><strong>St\u011bhovac\u00ed slu\u017eby<\/strong><\/p>\n<ul>\n<li> Pau\u0161\u00e1ln\u00ed p\u0159id\u011blen\u00ed<\/li>\n<li> Kr\u00e1tkodob\u00e9 \u00fakoly<\/li>\n<li> Vyhled\u00e1v\u00e1n\u00ed na domovsk\u00e9 str\u00e1nce<\/li>\n<li> Vyhled\u00e1v\u00e1n\u00ed ve \u0161kole<\/li>\n<li> Z\u0159izovac\u00ed slu\u017eby<\/li>\n<li> P\u0159ehledn\u00fd kontroln\u00ed seznam a p\u0159em\u00edst\u011bn\u00ed<\/li>\n<li> V\u00edza a p\u0159ist\u011bhovalectv\u00ed<\/li>\n<li> Pr\u016fvodci destinac\u00ed<\/li>\n<\/ul>\n<p><strong>Komer\u010dn\u00ed slu\u017eby<\/strong><\/p>\n<ul>\n<li> St\u011bhov\u00e1n\u00ed kancel\u00e1\u0159\u00ed<\/li>\n<li> Hotelov\u00e1 za\u0159\u00edzen\u00ed<\/li>\n<li> V\u00fdstavy po cel\u00e9m sv\u011bt\u011b<\/li>\n<li> St\u011bhov\u00e1n\u00ed um\u011bleck\u00fdch d\u011bl a staro\u017eitnost\u00ed<\/li>\n<li> Speci\u00e1ln\u00ed projekty, jako jsou st\u011bhov\u00e1n\u00ed nemocnic, vojensk\u00fdch za\u0159\u00edzen\u00ed, vzd\u011bl\u00e1vac\u00edch za\u0159\u00edzen\u00ed.<\/li>\n<\/ul>\n<h2>Santa Fe Relocation Services Profil spole\u010dnosti<\/h2>\n<p>Spole\u010dnost Santa Fe poskytuje slu\u017eby glob\u00e1ln\u00ed mobility expatriant\u016fm. Spole\u010dnost se py\u0161n\u00ed t\u00edm, \u017ee dok\u00e1\u017ee zam\u011bstnance zbavit stresu p\u0159i st\u011bhov\u00e1n\u00ed, a chlub\u00ed se sv\u00fdmi klienty z \u017eeb\u0159\u00ed\u010dku Fortune 500. Ro\u010dn\u011b zvl\u00e1dne p\u0159ibli\u017en\u011b 60 000 mezin\u00e1rodn\u00edch st\u011bhov\u00e1n\u00ed a 15 000 vnitrost\u00e1tn\u00edch st\u011bhov\u00e1n\u00ed. <\/p>\n<p>Spole\u010dnost Santa Fe zah\u00e1jila sv\u016fj \u017eivot v <a href=\"https:\/\/moverdb.com\/cs\/moving-to-hong-kong\/\" data-internallinksmanager029f6b8e52c=\"350\" title=\"St\u011bhujete se do Hongkongu? 2026 N\u00e1klady na bydlen\u00ed a tipy na p\u0159est\u011bhov\u00e1n\u00ed\">Hongkong<\/a> v roce 1980. Skupina Santa Fe Group z\u00edskala spole\u010dnosti po cel\u00e9m sv\u011bt\u011b, z nich\u017e nejstar\u0161\u00ed je Wridgways of <a href=\"https:\/\/moverdb.com\/cs\/moving-to-australia\/living-in-australia\/\" data-internallinksmanager029f6b8e52c=\"240\" title=\"21 tajemstv\u00ed o \u017eivot\u011b v Austr\u00e1lii, kter\u00e1 je t\u0159eba zn\u00e1t p\u0159ed st\u011bhov\u00e1n\u00edm\">Austr\u00e1lie<\/a> kter\u00e1 byla zalo\u017eena v roce 1892. Spole\u010dnost Santa Fe m\u00e1 pobo\u010dky na \u0161esti kontinentech, p\u0159i\u010dem\u017e jej\u00ed \u00fast\u0159ed\u00ed se nach\u00e1z\u00ed v Praze. <a href=\"https:\/\/moverdb.com\/cs\/moving-to-london\/\">Lond\u00fdn<\/a> a nab\u00edz\u00ed sv\u00fdm klient\u016fm glob\u00e1ln\u00ed, region\u00e1ln\u00ed a m\u00edstn\u00ed st\u011bhov\u00e1n\u00ed. <\/p>\n<p>Asociace a akreditace Santa Fe Relocation Services:<\/p>\n<ul>\n<li> <a href=\"https:\/\/moverdb.com\/cs\/rada-pro-premisteni-zamestnancu\/\">Celosv\u011btov\u00e1 ERC<\/a><\/li>\n<li> <a href=\"https:\/\/moverdb.com\/cs\/eura\/\">Evropsk\u00e1 asociace pro p\u0159emis\u0165ov\u00e1n\u00ed<\/a> (<a href=\"https:\/\/moverdb.com\/cs\/eura\/\" data-internallinksmanager029f6b8e52c=\"13\" title=\"Vysv\u011btlen\u00ed Evropsk\u00e9 asociace pro p\u0159emis\u0165ov\u00e1n\u00ed (EuRA)\">EuRA<\/a>)<\/li>\n<li> <a href=\"https:\/\/moverdb.com\/cs\/fidi-faim\/\">Glob\u00e1ln\u00ed federace mezin\u00e1rodn\u00edch st\u011bhovac\u00edch spole\u010dnost\u00ed<\/a> (<a href=\"https:\/\/moverdb.com\/cs\/fidi-faim\/\" data-internallinksmanager029f6b8e52c=\"16\" title=\"Vysv\u011btlen\u00ed FIDI a FAIM (FIDI Accredited International Mover)\">FIDI<\/a>)<\/li>\n<li> <a href=\"https:\/\/moverdb.com\/cs\/fidi-faim\/\">Akreditace FIDI-FAIM a FAIM Plus<\/a><\/li>\n<li> <a href=\"https:\/\/moverdb.com\/cs\/iam\/\">Mezin\u00e1rodn\u00ed asociace st\u011bhov\u00e1k\u016f (IAM)<\/a><\/li>\n<li> <a href=\"https:\/\/moverdb.com\/cs\/lacma\/\">LACMA<\/a><\/li>\n<li> \u0158\u00edzen\u00ed kvality ISO9001<\/li>\n<li> ISO14001 Environment\u00e1ln\u00ed management<\/li>\n<li> OHSAS18001 \u0158\u00edzen\u00ed bezpe\u010dnosti a ochrany zdrav\u00ed p\u0159i pr\u00e1ci<\/li>\n<li> ISO27001 Zabezpe\u010den\u00ed dat<\/li>\n<\/ul>\n<h2>Santa Fe Relocation Services Recenze<\/h2>\n<p><strong>Pozitivn\u00ed<\/strong><\/p>\n<p><em>\"Santa Fe m\u00e1 berl\u00ednsk\u00fd t\u00fdm (<a href=\"https:\/\/moverdb.com\/cs\/moving-to-germany\/\" data-internallinksmanager029f6b8e52c=\"321\" title=\"St\u011bhov\u00e1n\u00ed do N\u011bmecka? 2026 N\u00e1klady na bydlen\u00ed a tipy na st\u011bhov\u00e1n\u00ed\">N\u011bmecko<\/a>) a jejich slu\u017eby mi opravdu vyrazily dech. Pan H. Schulz a pan\u00ed A. Hoenow provedli m\u00e9 st\u011bhov\u00e1n\u00ed hladce, efektivn\u011b a v\u017edy s p\u0159\u00e1telsk\u00fdm p\u0159\u00edstupem.\"<\/em> Dot Stein prost\u0159ednictv\u00edm <a href=\"http:\/\/www.mymovingreviews.com\/movingreviews\/simply-the-best-51520\" target=\"_blank\" rel=\"noopener\">MyMovingReviews<\/a><\/p>\n<p><em>\"Od za\u010d\u00e1tku a\u017e do konce procesu byly poskytovan\u00e9 slu\u017eby profesion\u00e1ln\u00ed, vst\u0159\u00edcn\u00e9 a t\u00fdm se sna\u017eil zajistit, aby st\u011bhov\u00e1n\u00ed prob\u011bhlo kvalitn\u011b.\"<\/em> Linda, Melbourne prost\u0159ednictv\u00edm <a href=\"http:\/\/www.productreview.com.au\/p\/santa-fe-wridgways.html\" target=\"_blank\" rel=\"noopener\">Recenze produktu<\/a><\/p>\n<p><strong>Negativn\u00ed<\/strong><\/p>\n<p><em>\"NEPOU\u017d\u00cdVEJTE. Spole\u010dnost, se kterou uzav\u0159eli smlouvu (Roy Trevor Removals), mi \u00fapln\u011b zni\u010dila \u00fapln\u011b nov\u00e9 d\u0159ev\u011bn\u00e9 podlahy a vlastn\u011b se sna\u017eila svalit vinu na <a href=\"https:\/\/moverdb.com\/cs\/moving-to-the-united-states\/\" data-internallinksmanager029f6b8e52c=\"94\" title=\"St\u011bhujete se do Spojen\u00fdch st\u00e1t\u016f? 2022 \u017divotn\u00ed n\u00e1klady a tipy na st\u011bhov\u00e1n\u00ed\">n\u00e1s<\/a> za \u0161kody.\"<\/em> Pamela Rollins prost\u0159ednictv\u00edm <a href=\"http:\/\/www.mymovingreviews.com\/movingreviews\/horrible-damage-to-floors-51782\" target=\"_blank\" rel=\"noopener\">MyMovingReviews<\/a><\/p>\n<p><em>\"Jednalo se o mezin\u00e1rodn\u00ed p\u0159esun z PNG do Perthu. V \u0159\u00edjnu 2015 jsme m\u011bli sbaleno, uplynulo v\u00edce ne\u017e 5 m\u011bs\u00edc\u016f a st\u00e1le nem\u00e1me v\u0161echny v\u011bci.\" <\/em>Liz prost\u0159ednictv\u00edm <a href=\"http:\/\/www.productreview.com.au\/p\/santa-fe-wridgways.html\" target=\"_blank\" rel=\"noopener\">Recenze produktu<\/a><\/p>\n<div itemprop=\"review\" itemscope itemtype=\"http:\/\/schema.org\/Review\">\n<span itemprop=\"author\" itemscope=\"\" itemtype=\"http:\/\/schema.org\/Organization\"><span itemprop=\"name\">MoverDB.com<\/span><\/span> Online recenze webov\u00fdch str\u00e1nek pro <span itemprop=\"itemreviewed\" itemscope=\"\" itemtype=\"http:\/\/schema.org\/Brand\"><span itemprop=\"name\">St\u011bhovac\u00ed slu\u017eby Santa Fe<\/span><\/span>:<\/p>\n<ol>\n<li> Jasn\u00e9 kontaktn\u00ed \u00fadaje na webov\u00fdch str\u00e1nk\u00e1ch (v\u010detn\u011b telefonn\u00edho \u010d\u00edsla): <strong>Ano<\/strong><\/li>\n<li> Snadn\u00e9 z\u00edsk\u00e1n\u00ed <a href=\"https:\/\/moverdb.com\/cs\/citaty\/\">mezin\u00e1rodn\u00ed st\u011bhov\u00e1n\u00ed<\/a>? (Online formul\u00e1\u0159 \u017e\u00e1dosti o odhad): <strong>Ano<\/strong><\/li>\n<li> Jasn\u00e9 informace na webov\u00fdch str\u00e1nk\u00e1ch: <strong>Ano<\/strong>. Velmi informativn\u00ed webov\u00e9 str\u00e1nky.<\/li>\n<li> \u010clenstv\u00ed v mezin\u00e1rodn\u00edch uzn\u00e1van\u00fdch organizac\u00edch pohybliv\u00fdch aktivit: <strong>Ano<\/strong>, viz v\u00fd\u0161e.<\/li>\n<li> Seznam klient\u016f a\/nebo reference p\u0159edchoz\u00edch z\u00e1kazn\u00edk\u016f: <strong>Ano<\/strong>, a\u010dkoli nen\u00ed k dispozici seznam klient\u016f, existuje mnoho pozitivn\u00edch referenc\u00ed z\u00e1kazn\u00edk\u016f.<\/li>\n<\/ol>\n<div itemprop=\"reviewRating\" itemscope itemtype=\"http:\/\/schema.org\/Rating\"><meta itemprop=\"worstRating\" content = \"0\" \/><meta itemprop=\"bestRating\" content=\"5\" \/><meta itemprop=\"ratingValue\" content=\"5\"><\/div>\n<p><strong>Celkov\u00e9 hodnocen\u00ed: 5\/5<\/strong><br \/>\n<strong>Datum recenze:<\/strong> <span itemprop=\"datePublished\" content=\"2016-05-22\">22\/05\/2016<\/span>\n<\/div>\n<p>V\u00edce o <a href=\"https:\/\/moverdb.com\/cs\/mezinarodni-stehovani\/\">St\u011bhovac\u00ed spole\u010dnosti ve Spojen\u00e9m kr\u00e1lovstv\u00ed<\/a> a na\u0161e <a href=\"https:\/\/moverdb.com\/cs\/recenze\/\">vysv\u011btlen\u00ed procesu p\u0159ezkoum\u00e1n\u00ed<\/a>.<\/p>\n<p><strong>Webov\u00e9 str\u00e1nky:<\/strong> <a href=\"http:\/\/www.santaferelo.com\/\" target=\"_blank\" rel=\"noopener\">http:\/\/www.santaferelo.com\/<\/a><\/p>","protected":false},"excerpt":{"rendered":"<p>Santa Fe Relocation Services is a high-end relocation company. It&#8217;s many removal services are listed below, together with a company profile and customer reviews. Global Mobility Services Global relocation and DSP management worldwide Visa and immigration management Move management for individuals and corporate employees Moving and Storage Services International Moving Domestic and Local Moving Storage [&hellip;]<\/p>\n","protected":false},"author":1,"featured_media":0,"parent":0,"menu_order":0,"comment_status":"closed","ping_status":"closed","template":"","meta":{"_genesis_hide_title":false,"_genesis_hide_breadcrumbs":false,"_genesis_hide_singular_image":false,"_genesis_hide_footer_widgets":false,"_genesis_custom_body_class":"","_genesis_custom_post_class":"","_genesis_layout":"","footnotes":""},"class_list":{"0":"post-347","1":"page","2":"type-page","3":"status-publish","5":"entry"},"_links":{"self":[{"href":"https:\/\/moverdb.com\/cs\/wp-json\/wp\/v2\/pages\/347","targetHints":{"allow":["GET"]}}],"collection":[{"href":"https:\/\/moverdb.com\/cs\/wp-json\/wp\/v2\/pages"}],"about":[{"href":"https:\/\/moverdb.com\/cs\/wp-json\/wp\/v2\/types\/page"}],"author":[{"embeddable":true,"href":"https:\/\/moverdb.com\/cs\/wp-json\/wp\/v2\/users\/1"}],"replies":[{"embeddable":true,"href":"https:\/\/moverdb.com\/cs\/wp-json\/wp\/v2\/comments?post=347"}],"version-history":[{"count":14,"href":"https:\/\/moverdb.com\/cs\/wp-json\/wp\/v2\/pages\/347\/revisions"}],"predecessor-version":[{"id":6235,"href":"https:\/\/moverdb.com\/cs\/wp-json\/wp\/v2\/pages\/347\/revisions\/6235"}],"wp:attachment":[{"href":"https:\/\/moverdb.com\/cs\/wp-json\/wp\/v2\/media?parent=347"}],"curies":[{"name":"wp","href":"https:\/\/api.w.org\/{rel}","templated":true}]}}