{"id":303,"date":"2016-05-03T20:16:23","date_gmt":"2016-05-03T20:16:23","guid":{"rendered":"http:\/\/moverdb.com\/?page_id=303"},"modified":"2026-01-08T13:18:30","modified_gmt":"2026-01-08T13:18:30","slug":"harrow-green","status":"publish","type":"page","link":"https:\/\/moverdb.com\/cs\/harrow-green\/","title":{"rendered":"Harrow Green Mezin\u00e1rodn\u00ed st\u011bhov\u00e1n\u00ed &amp; St\u011bhov\u00e1n\u00ed Recenze"},"content":{"rendered":"<p>Harrow Green se specializuje p\u0159edev\u0161\u00edm na st\u011bhov\u00e1n\u00ed firem, a to jak vnitrost\u00e1tn\u00ed, tak mezin\u00e1rodn\u00ed. N\u00ed\u017ee jsou uvedeny jejich hlavn\u00ed slu\u017eby spolu s recenzemi o spole\u010dnosti.<\/p>\n<h2>St\u011bhovac\u00ed slu\u017eby Harrow Green<\/h2>\n<p><strong>Mezin\u00e1rodn\u00ed st\u011bhov\u00e1n\u00ed<\/strong><\/p>\n<ul>\n<li> Balic\u00ed slu\u017eby<\/li>\n<li> Doprava<\/li>\n<li> Skladovac\u00ed slu\u017eby<\/li>\n<li> C\u00edlov\u00fd bal\u00ed\u010dek<\/li>\n<li> Poji\u0161t\u011bn\u00ed<\/li>\n<li> slu\u017eby v c\u00edlov\u00e9 destinaci, jako je nap\u0159\u00edklad pomocn\u00edk, hled\u00e1n\u00ed bydlen\u00ed a st\u011bhov\u00e1n\u00ed dom\u00e1c\u00edch mazl\u00ed\u010dk\u016f.<\/li>\n<\/ul>\n<p><strong>St\u011bhov\u00e1n\u00ed firem<\/strong><\/p>\n<ul>\n<li> Pl\u00e1nov\u00e1n\u00ed prostoru<\/li>\n<li> Dod\u00e1vka nov\u00e9ho n\u00e1bytku<\/li>\n<li> Demont\u00e1\u017e a op\u011btovn\u00e1 mont\u00e1\u017e st\u00e1vaj\u00edc\u00edho n\u00e1bytku<\/li>\n<li> Ekologick\u00e1 likvidace nepot\u0159ebn\u00e9ho vybaven\u00ed<\/li>\n<li> Programy recyklace a op\u011btovn\u00e9ho pou\u017eit\u00ed<\/li>\n<li> \u0158e\u0161en\u00ed pro ukl\u00e1d\u00e1n\u00ed mimo lokalitu<\/li>\n<li> Pron\u00e1jem beden<\/li>\n<\/ul>\n<p><strong>P\u0159em\u00edst\u011bn\u00ed technologie<\/strong><\/p>\n<ul>\n<li> Z\u00e1kladn\u00ed slu\u017eba zahrnuje osobn\u00ed po\u010d\u00edta\u010de, pracovn\u00ed stanice a v\u0161echna perifern\u00ed za\u0159\u00edzen\u00ed (nap\u0159\u00edklad tisk\u00e1rny a skenery), jako\u017e i stoln\u00ed hlasov\u00e9 a datov\u00e9 za\u0159\u00edzen\u00ed.<\/li>\n<li> Podrobn\u00fd audit p\u0159ed st\u011bhov\u00e1n\u00edm<\/li>\n<li> Upgrady syst\u00e9mu<\/li>\n<\/ul>\n<p><strong>Recyklace a op\u011btovn\u00e9 pou\u017eit\u00ed<\/strong><\/p>\n<ul>\n<li> Charitativn\u00ed dar<\/li>\n<li> Dal\u0161\u00ed prodej<\/li>\n<li> Renovace<\/li>\n<li> Recyklace<\/li>\n<li> Vykl\u00edzen\u00ed kancel\u00e1\u0159\u00ed<\/li>\n<\/ul>\n<p><strong>Skladovac\u00ed slu\u017eby<\/strong><\/p>\n<ul>\n<li> Skladov\u00e1n\u00ed n\u00e1bytku<\/li>\n<li> Kontrola a \u0159\u00edzen\u00ed z\u00e1sob<\/li>\n<li> Pam\u00e1tkov\u00e9 a specializovan\u00e9 skladov\u00e1n\u00ed<\/li>\n<\/ul>\n<p><strong>Spr\u00e1va z\u00e1znam\u016f<\/strong><\/p>\n<ul>\n<li> Ukl\u00e1d\u00e1n\u00ed dokument\u016f<\/li>\n<li> Sledov\u00e1n\u00ed dokument\u016f online<\/li>\n<li> Skenov\u00e1n\u00ed na vy\u017e\u00e1d\u00e1n\u00ed<\/li>\n<li> Zabezpe\u010den\u00ed ukl\u00e1d\u00e1n\u00ed dokument\u016f<\/li>\n<li> Zabezpe\u010den\u00ed kulturn\u00edho d\u011bdictv\u00ed<\/li>\n<li> Cloudov\u00e9 \u00falo\u017ei\u0161t\u011b<\/li>\n<li> P\u00e1skov\u00e9 \u00falo\u017ei\u0161t\u011b<\/li>\n<li> Dom\u00e1c\u00ed a osobn\u00ed kancel\u00e1\u0159<\/li>\n<\/ul>\n<h2>Harrow Green Profil spole\u010dnosti<\/h2>\n<p>Spole\u010dnost Harrow Green m\u00e1 t\u0159i desetilet\u00ed zku\u0161enost\u00ed v oblasti st\u011bhov\u00e1n\u00ed firem a v pr\u016fb\u011bhu let roz\u0161\u00ed\u0159ila sv\u00e9 slu\u017eby tak, aby vyhovovaly pot\u0159eb\u00e1m klient\u016f a jejich rostouc\u00edch organizac\u00ed. <\/p>\n<p>Sami sebe ozna\u010duj\u00ed za jedni\u010dku mezi komer\u010dn\u00edmi p\u0159epravci. Harrow Green je ji\u017e 20 let pln\u011b integrovan\u00fdm partnerem spole\u010dnosti UBS v oblasti poskytov\u00e1n\u00ed slu\u017eeb.<\/p>\n<p>Spole\u010dnost za\u010dala v 80. letech 20. stolet\u00ed se st\u011bhov\u00e1n\u00edm IT a v 90. letech p\u0159idala divizi spr\u00e1vy z\u00e1znam\u016f a mezin\u00e1rodn\u00edho st\u011bhov\u00e1n\u00ed. Spole\u010dnost Harrow Green se zam\u011b\u0159uje p\u0159edev\u0161\u00edm na st\u011bhov\u00e1n\u00ed podnik\u016f, p\u0159edev\u0161\u00edm firem, ve\u0159ejn\u00fdch instituc\u00ed a mal\u00fdch a st\u0159edn\u00edch podnik\u016f. <\/p>\n<p>Nab\u00edz\u00ed v\u0161ak omezen\u00e9 osobn\u00ed slu\u017eby. <\/p>\n<p>Harrow Green je od \u00fanora 2012 sou\u010d\u00e1st\u00ed spole\u010dnosti Restore plc, kter\u00e1 si klade za c\u00edl st\u00e1t se vedouc\u00ed spole\u010dnost\u00ed na trhu. <a href=\"https:\/\/moverdb.com\/cs\/moving-to-the-uk\/\" data-internallinksmanager029f6b8e52c=\"93\" title=\"St\u011bhujete se do Spojen\u00e9ho kr\u00e1lovstv\u00ed? 2022 \u017divotn\u00ed n\u00e1klady a tipy na st\u011bhov\u00e1n\u00ed\">UK<\/a> skupina kancel\u00e1\u0159sk\u00fdch slu\u017eeb. Restore plc je spole\u010dnost poskytuj\u00edc\u00ed podp\u016frn\u00e9 slu\u017eby, kter\u00e1 byla k\u00f3tov\u00e1na na burze AIM a vstoupila na burzu v roce 2004.<\/p>\n<p><strong>Ocen\u011bn\u00ed<\/strong><\/p>\n<ul>\n<li> Finalista sout\u011b\u017ee PFM Partnership Awards<\/li>\n<li> Komer\u010dn\u00ed st\u011bhov\u00e1k roku 2014<\/li>\n<li> Ocen\u011bn\u00ed za nejlep\u0161\u00ed inovaci v oblasti slu\u017eeb FM<\/li>\n<li> Cena BIFM pro nejlep\u0161\u00edho firemn\u00edho podporovatele<\/li>\n<li> Ozna\u010den\u00ed \"one to watch\" od Best Companies<\/li>\n<li> V u\u017e\u0161\u00edm v\u00fdb\u011bru na cenu EMMA v sout\u011b\u017ei <a href=\"https:\/\/moverdb.com\/cs\/moving-companies\/\" data-internallinksmanager029f6b8e52c=\"79\" title=\"Top 25 Mezin\u00e1rodn\u00ed st\u011bhovac\u00ed spole\u010dnosti Online\">Mezin\u00e1rodn\u00ed st\u011bhovac\u00ed spole\u010dnost<\/a> kategorie roku<\/li>\n<li> Finalista v kategorii Vzd\u011bl\u00e1v\u00e1n\u00ed a kari\u00e9rn\u00ed rozvoj v sout\u011b\u017ei BIFM Awards 2015<\/li>\n<li> Finalista East London Chamber of Commerce\/Docklands Business Awards<\/li>\n<li> Prodejce roku UBS<\/li>\n<li> Finalist\u00e9 sout\u011b\u017ee Excellence in Customer Service na <a href=\"\" data-internallinksmanager029f6b8e52c=\"34\" title=\"Birmingham\">Birmingham<\/a> Ocen\u011bn\u00ed obchodn\u00ed komory.<\/li>\n<\/ul>\n<p><strong>\u010clenstv\u00ed a certifik\u00e1ty<\/strong> <\/p>\n<ul>\n<li> Standard excelence z\u00e1kaznick\u00fdch slu\u017eeb SGS<\/li>\n<li> Certifik\u00e1t BS 8522<\/li>\n<li> Syst\u00e9my \u0159\u00edzen\u00ed kvality ISO 9001 - Cert FS 34113<\/li>\n<li> <a href=\"https:\/\/moverdb.com\/cs\/fidi-faim\/\">Certifik\u00e1t FIDI FAIMPlus<\/a><\/li>\n<li> Schv\u00e1leno JAUPT k poskytov\u00e1n\u00ed \u0161kolen\u00ed<\/li>\n<li> Certifik\u00e1t Achilles\/UVDB (kategorie B2)<\/li>\n<li> Certifik\u00e1t shody se sektorov\u00fdm syst\u00e9mem pro bezpe\u010dn\u00e9 dodavatele<\/li>\n<li> Certifikov\u00e1no jako vyhovuj\u00edc\u00ed sektorov\u00e9mu syst\u00e9mu shody CHAS<\/li>\n<li> Certifikov\u00e1no jako vyhovuj\u00edc\u00ed syst\u00e9mu shody v odv\u011btv\u00ed stavebnictv\u00ed<\/li>\n<li> Firemn\u00ed \u010dlen Britsk\u00e9ho institutu facility managementu<\/li>\n<li> Strategick\u00fd partner spole\u010dnosti O'Neil pro syst\u00e9my spr\u00e1vy z\u00e1znam\u016f<\/li>\n<li> \u010clen <a href=\"https:\/\/moverdb.com\/cs\/britska-asociace-stehovaku\/\">BAR, Britsk\u00e1 asociace st\u011bhov\u00e1k\u016f<\/a><\/li>\n<li> <a href=\"https:\/\/moverdb.com\/cs\/bar-overseas\/\">Skupina BAR Overseas<\/a><\/li>\n<li> <a href=\"https:\/\/moverdb.com\/cs\/fidi-faim\/\">\u010clen FIDI<\/a>, organizace zastupuj\u00edc\u00ed celosv\u011btov\u00e9 st\u011bhov\u00e1ky<\/li>\n<li> \u010clenem RoSPA - Kr\u00e1lovsk\u00e9 spole\u010dnosti pro prevenci nehod<\/li>\n<li> <a href=\"https:\/\/moverdb.com\/cs\/iam\/\">\u010clen IAM - Mezin\u00e1rodn\u00ed asociace st\u011bhov\u00e1k\u016f<\/a><\/li>\n<li> Opr\u00e1vn\u011bn\u00fd \u010dlen a z\u00e1stupce spole\u010dnosti The <a href=\"https:\/\/moverdb.com\/cs\/british-association-of-removers\/\" data-internallinksmanager029f6b8e52c=\"9\" title=\"Vysv\u011btlen\u00ed Britsk\u00e9 asociace st\u011bhov\u00e1k\u016f (BAR)\">Britsk\u00e1 asociace st\u011bhov\u00e1k\u016f<\/a> DBA <a href=\"https:\/\/moverdb.com\/cs\/mtc\/\">Movers Trading Club<\/a> (<a href=\"https:\/\/moverdb.com\/cs\/mtc\/\" data-internallinksmanager029f6b8e52c=\"30\" title=\"Vysv\u011btlen\u00ed Movers Trading Club (MTC)\">MTC<\/a>)<\/li>\n<\/ul>\n<h2>Harrow Green St\u011bhov\u00e1n\u00ed Recenze<\/h2>\n<div itemprop=\"review\" itemscope itemtype=\"http:\/\/schema.org\/Review\">\n<span itemprop=\"author\" itemscope=\"\" itemtype=\"http:\/\/schema.org\/Organization\"><span itemprop=\"name\">MoverDB.com<\/span><\/span> Online recenze webov\u00fdch str\u00e1nek pro <span itemprop=\"itemreviewed\" itemscope=\"\" itemtype=\"http:\/\/schema.org\/Brand\"><span itemprop=\"name\">Harrow Green<\/span><\/span>:<\/p>\n<ol>\n<li> Jasn\u00e9 kontaktn\u00ed \u00fadaje na webov\u00fdch str\u00e1nk\u00e1ch (v\u010detn\u011b telefonn\u00edho \u010d\u00edsla)? <strong>Ano<\/strong><\/li>\n<li> Snadn\u00e9 z\u00edsk\u00e1n\u00ed <a href=\"https:\/\/moverdb.com\/cs\/citaty\/\">mezin\u00e1rodn\u00ed st\u011bhov\u00e1n\u00ed<\/a>? (Online formul\u00e1\u0159 \u017e\u00e1dosti o odhad): <strong>\u010c\u00e1ste\u010dn\u011b<\/strong>, existuje e-mailov\u00fd formul\u00e1\u0159, ale nikoliv \u0159\u00e1dn\u00fd formul\u00e1\u0159 nab\u00eddky.<\/li>\n<li> Jasn\u00e9 informace na webov\u00fdch str\u00e1nk\u00e1ch: <strong>Ano<\/strong>, Webov\u00e9 str\u00e1nky jsou p\u0159ehledn\u00e9 a snadno pochopiteln\u00e9 a pou\u017eiteln\u00e9. Jedin\u00e9, co chyb\u00ed, je formul\u00e1\u0159 pro stanoven\u00ed ceny\/cenov\u00e9 nab\u00eddky.<\/li>\n<li> \u010clenstv\u00ed v mezin\u00e1rodn\u00edch uzn\u00e1van\u00fdch organizac\u00edch pohybliv\u00fdch aktivit: <strong>Ano<\/strong><\/li>\n<li> Seznam klient\u016f a\/nebo reference p\u0159edchoz\u00edch z\u00e1kazn\u00edk\u016f: <strong>Ano<\/strong><\/li>\n<\/ol>\n<div itemprop=\"reviewRating\" itemscope itemtype=\"http:\/\/schema.org\/Rating\"><meta itemprop=\"worstRating\" content = \"0\" \/><meta itemprop=\"bestRating\" content=\"5\" \/><meta itemprop=\"ratingValue\" content=\"4.5\"><\/div>\n<p><strong>Celkov\u00e9 hodnocen\u00ed: 4,5\/5<\/strong><br \/>\n<strong>Datum recenze:<\/strong> <span itemprop=\"datePublished\" content=\"2018-01-15\">15\/01\/2018<\/span>\n<\/div>\n<p>V\u00edce o <a href=\"https:\/\/moverdb.com\/cs\/mezinarodni-stehovani\/\">St\u011bhovac\u00ed spole\u010dnosti ve Spojen\u00e9m kr\u00e1lovstv\u00ed<\/a> a na\u0161e <a href=\"https:\/\/moverdb.com\/cs\/recenze\/\">vysv\u011btlen\u00ed procesu p\u0159ezkoum\u00e1n\u00ed<\/a>.<\/p>\n<p><strong>Webov\u00e9 str\u00e1nky:<\/strong> <a href=\"https:\/\/www.harrowgreeninternational.com\/\" target=\"_blank\" rel=\"noopener noreferrer\">https:\/\/www.harrowgreeninternational.com\/<\/a><\/p>","protected":false},"excerpt":{"rendered":"<p>Harrow Green specialise primarily in business removals, both domestic and international. Below are their core services along with reviews about the company. Harrow Green Removals Services International moving Packing services Transportation Storage services Destination package Insurance Destination services, such as handyman, home search and pet relocation Business removals Space planning New furniture supply Dismantling and [&hellip;]<\/p>\n","protected":false},"author":1,"featured_media":0,"parent":0,"menu_order":0,"comment_status":"closed","ping_status":"closed","template":"","meta":{"_genesis_hide_title":false,"_genesis_hide_breadcrumbs":false,"_genesis_hide_singular_image":false,"_genesis_hide_footer_widgets":false,"_genesis_custom_body_class":"","_genesis_custom_post_class":"","_genesis_layout":"","footnotes":""},"class_list":{"0":"post-303","1":"page","2":"type-page","3":"status-publish","5":"entry"},"_links":{"self":[{"href":"https:\/\/moverdb.com\/cs\/wp-json\/wp\/v2\/pages\/303","targetHints":{"allow":["GET"]}}],"collection":[{"href":"https:\/\/moverdb.com\/cs\/wp-json\/wp\/v2\/pages"}],"about":[{"href":"https:\/\/moverdb.com\/cs\/wp-json\/wp\/v2\/types\/page"}],"author":[{"embeddable":true,"href":"https:\/\/moverdb.com\/cs\/wp-json\/wp\/v2\/users\/1"}],"replies":[{"embeddable":true,"href":"https:\/\/moverdb.com\/cs\/wp-json\/wp\/v2\/comments?post=303"}],"version-history":[{"count":13,"href":"https:\/\/moverdb.com\/cs\/wp-json\/wp\/v2\/pages\/303\/revisions"}],"predecessor-version":[{"id":3300,"href":"https:\/\/moverdb.com\/cs\/wp-json\/wp\/v2\/pages\/303\/revisions\/3300"}],"wp:attachment":[{"href":"https:\/\/moverdb.com\/cs\/wp-json\/wp\/v2\/media?parent=303"}],"curies":[{"name":"wp","href":"https:\/\/api.w.org\/{rel}","templated":true}]}}