{"id":2804,"date":"2018-05-18T20:05:25","date_gmt":"2018-05-18T20:05:25","guid":{"rendered":"https:\/\/moverdb.com\/?page_id=2804"},"modified":"2026-01-08T14:48:10","modified_gmt":"2026-01-08T14:48:10","slug":"data-processing-policy","status":"publish","type":"page","link":"https:\/\/moverdb.com\/cs\/data-processing-policy\/","title":{"rendered":"Z\u00e1sady zpracov\u00e1n\u00ed \u00fadaj\u016f"},"content":{"rendered":"<p>Tyto Z\u00e1sady zpracov\u00e1n\u00ed \u00fadaj\u016f srozumiteln\u011b vysv\u011btluj\u00ed, jak spole\u010dnost MoverDB.com zpracov\u00e1v\u00e1 \u00fadaje, abyste se mohli informovan\u011b rozhodnout, zda chcete na\u0161e slu\u017eby vyu\u017e\u00edvat. Vytvo\u0159ili jsme je jako reakci na na\u0159\u00edzen\u00ed GDPR. Jedn\u00e1 se o jednoduch\u00fd, podrobn\u00fd a srozumiteln\u00fd dopln\u011bk k na\u0161emu <a href=\"https:\/\/moverdb.com\/cs\/zasady-ochrany-osobnich-udaju\/\">Z\u00e1sady ochrany osobn\u00edch \u00fadaj\u016f<\/a> a <a href=\"https:\/\/moverdb.com\/cs\/podminky-pouzivani\/\">Podm\u00ednky a pravidla<\/a>.<\/p>\n<p>MoverDB.com je bezplatn\u00e1 webov\u00e1 str\u00e1nka a pro jej\u00ed pou\u017e\u00edv\u00e1n\u00ed nen\u00ed nutn\u00e9 se registrovat a\/nebo zad\u00e1vat \u017e\u00e1dn\u00e9 osobn\u00ed \u00fadaje. Ve\u0161ker\u00e9 informace jsou nab\u00edzeny zdarma a jsou p\u0159\u00edstupn\u00e9 komukoli.<\/p>\n<p>P\u0159esto aktivn\u011b i pasivn\u011b shroma\u017e\u010fujeme a zpracov\u00e1v\u00e1me \u00fadaje, o kter\u00fdch byste podle na\u0161eho n\u00e1zoru m\u011bli v\u011bd\u011bt. V\u0161echny webov\u00e9 str\u00e1nky a \u00fadaje jsou odes\u00edl\u00e1ny pomoc\u00ed zabezpe\u010den\u00e9 technologie SSL.<\/p>\n<p>Ve\u0161ker\u00e9 na\u0161e aktivn\u00ed \u010dinnosti zpracov\u00e1n\u00ed dat (viz n\u00ed\u017ee) prob\u00edhaj\u00ed na principu <strong>z\u00e1klad souhlasu<\/strong> a na\u0161e \u010dinnosti pasivn\u00edho zpracov\u00e1n\u00ed dat (viz n\u00ed\u017ee) jsou prov\u00e1d\u011bny na \u00farovni <strong>z\u00e1klad opr\u00e1vn\u011bn\u00e9ho z\u00e1jmu<\/strong>. <\/p>\n<p>MoverDB.com zpracov\u00e1v\u00e1 n\u011bkolik typ\u016f dat pro r\u016fzn\u00e9 \u00fa\u010dely, p\u0159i\u010dem\u017e vyu\u017e\u00edv\u00e1 n\u011bkolik partner\u016f a platforem t\u0159et\u00edch stran.<\/p>\n<p><strong>Aktivn\u00ed \u010dinnosti zpracov\u00e1n\u00ed dat <\/strong><\/p>\n<p>Na\u0161\u00ed hlavn\u00ed \u010dinnost\u00ed v oblasti zpracov\u00e1n\u00ed dat je pom\u00e1hat lidem z\u00edskat nab\u00eddky na mezin\u00e1rodn\u00ed st\u011bhov\u00e1n\u00ed prost\u0159ednictv\u00edm bezplatn\u00e9 a nez\u00e1vazn\u00e9 slu\u017eby nab\u00eddky. Je ur\u010dena jednotlivc\u016fm v EU i mimo ni.<\/p>\n<p>Upozor\u0148ujeme tak\u00e9, \u017ee MoverDB.com neposkytuje nab\u00eddky s\u00e1m, ale spolupracuje se spole\u010dnost\u00ed <a href=\"https:\/\/moverdb.com\/cs\/international-removals\/\" data-internallinksmanager029f6b8e52c=\"27\" title=\"36 nejlep\u0161\u00edch mezin\u00e1rodn\u00edch st\u011bhovac\u00edch spole\u010dnost\u00ed ve Velk\u00e9 Brit\u00e1nii\">Mezin\u00e1rodn\u00ed st\u011bhov\u00e1n\u00ed<\/a> Direct, TriGlobal B.V. a MyMovingLoads, aby poskytly cenov\u00e9 nab\u00eddky. Ka\u017ed\u00e1 z nich zase spolupracuje p\u0159\u00edmo s vlastn\u00edm souborem <a href=\"https:\/\/moverdb.com\/cs\/moving-companies\/\" data-internallinksmanager029f6b8e52c=\"79\" title=\"Top 25 Mezin\u00e1rodn\u00ed st\u011bhovac\u00ed spole\u010dnosti Online\">st\u011bhovac\u00ed spole\u010dnosti<\/a>. <\/p>\n<p>Vystupujeme tedy jako spr\u00e1vce \u00fadaj\u016f (proto\u017ee jim \u00fadaje pos\u00edl\u00e1me) i jako zpracovatel \u00fadaj\u016f (proto\u017ee n\u00e1m sd\u011bluj\u00ed, jak\u00e9 \u00fadaje pot\u0159ebuj\u00ed, a rozhoduj\u00ed o zp\u016fsobu jejich zpracov\u00e1n\u00ed). Ve\u0161ker\u00e9 \u00fadaje, kter\u00e9 jejich jm\u00e9nem shroma\u017e\u010fujeme, jsou pot\u0159ebn\u00e9 k tomu, abychom pomohli vyfiltrovat dodavatele, kte\u0159\u00ed pro v\u00e1s mohou b\u00fdt vhodn\u00ed. Pokud si p\u0159ejete ur\u010dit\u00e9 informace nesd\u00edlet, m\u016f\u017eete tak u\u010dinit a st\u00e1le m\u016f\u017eete naj\u00edt obecn\u00e9 <a href=\"https:\/\/moverdb.com\/cs\/kontejnerova-preprava\/\">informace o cen\u00e1ch zde<\/a>.<\/p>\n<p>To, s jakou spole\u010dnost\u00ed budete zpracov\u00e1vat sv\u00e9 \u00fadaje, z\u00e1vis\u00ed na tom, jakou formu pou\u017e\u00edv\u00e1te a odkud se st\u011bhujete.  <\/p>\n<p><strong>Hlavn\u00ed formul\u00e1\u0159 (v horn\u00ed \u010d\u00e1sti str\u00e1nky)<\/strong><\/p>\n<p>N\u00e1\u0161 hlavn\u00ed formul\u00e1\u0159 vypad\u00e1 takto:<\/p>\n<p><img loading=\"lazy\" decoding=\"async\" width=\"833\" height=\"365\" src=\"https:\/\/moverdb.com\/wp-content\/uploads\/Top-page-form.png\" alt=\"\" class=\"aligncenter size-full wp-image-3236\" srcset=\"https:\/\/moverdb.com\/wp-content\/uploads\/Top-page-form.png 833w, https:\/\/moverdb.com\/wp-content\/uploads\/Top-page-form-300x131.png 300w\" sizes=\"auto, (max-width: 833px) 100vw, 833px\" \/><\/p>\n<p>\u00dadaje z tohoto formul\u00e1\u0159e shroma\u017e\u010fujeme sami a pot\u00e9 rozhodujeme, kam budou odesl\u00e1ny.  <\/p>\n<p>Zde jsou uvedeny \u00fadaje, kter\u00e9 se shroma\u017e\u010fuj\u00ed, a d\u016fvod jejich shroma\u017e\u010fov\u00e1n\u00ed:<\/p>\n<ul>\n<li> Kam se st\u011bhujete: To pom\u00e1h\u00e1 z\u00edskat p\u0159esn\u00e9 nab\u00eddky a filtry potenci\u00e1ln\u00edch st\u011bhovac\u00edch spole\u010dnost\u00ed.<\/li>\n<li> Aktu\u00e1ln\u00ed adresa\/po\u0161tovn\u00ed sm\u011brovac\u00ed \u010d\u00edslo\/s\u00eddlo\/m\u011bsto\/zem\u011b: To pom\u00e1h\u00e1 z\u00edskat p\u0159esn\u00e9 nab\u00eddky a filtry potenci\u00e1ln\u00edch st\u011bhovac\u00edch spole\u010dnost\u00ed.<\/li>\n<li> Do jak\u00e9ho m\u011bsta se st\u011bhujete: To pom\u00e1h\u00e1 z\u00edskat p\u0159esn\u00e9 nab\u00eddky a filtry potenci\u00e1ln\u00edch st\u011bhovac\u00edch firem.<\/li>\n<li> Odhadovan\u00e1 velikost st\u011bhov\u00e1n\u00ed: To pom\u00e1h\u00e1 z\u00edskat p\u0159esn\u00e9 nab\u00eddky a filtry potenci\u00e1ln\u00edch st\u011bhovac\u00edch firem.<\/li>\n<li> Polo\u017eky, kter\u00e9 maj\u00ed b\u00fdt odesl\u00e1ny: To v\u00e1m pom\u016f\u017ee z\u00edskat p\u0159esn\u00e9 cenov\u00e9 nab\u00eddky, vyfiltrovat potenci\u00e1ln\u00ed st\u011bhovac\u00ed firmy a zajistit, abyste se nepokou\u0161eli p\u0159epravit nic neleg\u00e1ln\u00edho.<\/li>\n<li> P\u0159edpokl\u00e1dan\u00e9 datum st\u011bhov\u00e1n\u00ed: To pom\u00e1h\u00e1 z\u00edskat p\u0159esn\u00e9 cenov\u00e9 nab\u00eddky a tak\u00e9 si uv\u011bdomit, \u017ee v\u011bt\u0161ina spole\u010dnost\u00ed nem\u016f\u017ee poskytnout cenov\u00e9 nab\u00eddky pro p\u0159esuny v\u00edce ne\u017e 3 m\u011bs\u00edce p\u0159edem.<\/li>\n<li> Va\u0161e jm\u00e9no: Aby spole\u010dnosti v\u011bd\u011bly, s k\u00fdm maj\u00ed tu \u010dest.<\/li>\n<li> Va\u0161e e-mailov\u00e1 adresa: E-mailov\u00e1 adresa: Na ni lze zas\u00edlat nab\u00eddky a kontaktovat v\u00e1s ohledn\u011b va\u0161eho po\u017eadavku.<\/li>\n<li> Va\u0161e telefonn\u00ed \u010d\u00edslo: Telefonn\u00ed \u010d\u00edslo: vy\u017eadov\u00e1no, aby v\u00e1s spole\u010dnosti mohly kontaktovat ohledn\u011b va\u0161\u00ed nab\u00eddky.<\/li>\n<\/ul>\n<p>Po zad\u00e1n\u00ed v\u0161ech \u00fadaj\u016f a odesl\u00e1n\u00ed formul\u00e1\u0159e se provedou n\u00e1sleduj\u00edc\u00ed akce:<\/p>\n<ul>\n<li> Zobraz\u00ed se v\u00e1m na\u0161e d\u011bkovn\u00e1 zpr\u00e1va, kter\u00e1 obsahuje tak\u00e9 n\u00e1stroj od <a href=\"https:\/\/moverdb.com\/cs\/international-money-transfer-services\/currencies-direct-review\/\" data-internallinksmanager029f6b8e52c=\"237\" title=\"P\u0159ehled mezin\u00e1rodn\u00edch p\u0159evod\u016f pen\u011bz Currencies Direct 2023\">M\u011bny Direct<\/a> kter\u00e9 v\u00e1m pomohou zjistit, jak sm\u011bnit ciz\u00ed m\u011bnu.<\/li>\n<li> Data z formul\u00e1\u0159e jsou pot\u00e9 odesl\u00e1na prost\u0159ednictv\u00edm zabezpe\u010den\u00e9ho webhooku SSL na Zapier.com, kter\u00fd pom\u00e1h\u00e1. <a href=\"https:\/\/moverdb.com\/cs\/moving-to-the-united-states\/\" data-internallinksmanager029f6b8e52c=\"94\" title=\"St\u011bhujete se do Spojen\u00fdch st\u00e1t\u016f? 2022 \u017divotn\u00ed n\u00e1klady a tipy na st\u011bhov\u00e1n\u00ed\">n\u00e1s<\/a> zpracov\u00e1vat data prost\u0159ednictv\u00edm takzvan\u00e9ho Zap.<\/li>\n<li> Jakmile Zapier.com obdr\u017e\u00ed data, filtruje v\u0161echna shrom\u00e1\u017ed\u011bn\u00e1 data bu\u010f do slu\u017eby International Removals Direct (p\u0159esun z adresy <a href=\"https:\/\/moverdb.com\/cs\/moving-to-the-uk\/\" data-internallinksmanager029f6b8e52c=\"93\" title=\"St\u011bhujete se do Spojen\u00e9ho kr\u00e1lovstv\u00ed? 2022 \u017divotn\u00ed n\u00e1klady a tipy na st\u011bhov\u00e1n\u00ed\">UK<\/a>) nebo TriGlobal B.V. (p\u0159esun z jak\u00e9hokoli jin\u00e9ho m\u00edsta na sv\u011bt\u011b) prost\u0159ednictv\u00edm zabezpe\u010den\u00e9ho webov\u00e9ho p\u0159ipojen\u00ed SSL. Pot\u00e9 ov\u011b\u0159\u00ed va\u0161e \u00fadaje a za\u0161lou va\u0161i \u017e\u00e1dost a\u017e 6 p\u0159\u00edslu\u0161n\u00fdm st\u011bhovac\u00edm spole\u010dnostem, kter\u00e9 v\u00e1s n\u00e1sledn\u011b mohou kontaktovat telefonicky a\/nebo e-mailem. Nejste povinni si nic po\u0159izovat a m\u016f\u017eete je informovat, \u017ee nechcete pokra\u010dovat. Krom\u011b toho n\u00e1s m\u016f\u017eete tak\u00e9 po\u017e\u00e1dat o zru\u0161en\u00ed va\u0161\u00ed \u017e\u00e1dosti pomoc\u00ed na\u0161eho <a href=\"https:\/\/moverdb.com\/cs\/kontakt-us\/\">kontaktn\u00ed formul\u00e1\u0159<\/a>.<\/li>\n<li> Po odesl\u00e1n\u00ed \u00fadaj\u016f ode\u0161le Zap e-mailovou adresu zadanou ve formul\u00e1\u0159i do slu\u017eby Mailchimp prost\u0159ednictv\u00edm integrace Zapier. T\u00edm se spust\u00ed automatick\u00fd e-mail, kter\u00fd potvrd\u00ed va\u0161i \u017e\u00e1dost a op\u011bt vysv\u011btl\u00ed, co m\u016f\u017eete o\u010dek\u00e1vat. Pot\u00e9 ode\u0161le 1 n\u00e1sledn\u00fd e-mail asi 5 dn\u00ed po zad\u00e1n\u00ed po\u017eadavku, ve kter\u00e9m v\u00e1m poskytne dal\u0161\u00ed informace o p\u0159esunu pen\u011bz do zahrani\u010d\u00ed spolu se zbo\u017e\u00edm. Tento e-mail je zas\u00edl\u00e1n, proto\u017ee jsme zjistili, \u017ee mnoho lid\u00ed je zmaten\u00fdch ohledn\u011b r\u016fzn\u00fdch mo\u017enost\u00ed, pokud jde o zas\u00edl\u00e1n\u00ed pen\u011bz do zahrani\u010d\u00ed. Ze v\u0161ech e-mail\u016f se m\u016f\u017eete snadno odhl\u00e1sit kliknut\u00edm na odhla\u0161ovac\u00ed odkaz v horn\u00ed nebo doln\u00ed \u010d\u00e1sti ka\u017ed\u00e9ho e-mailu, \u010d\u00edm\u017e se zru\u0161\u00ed v\u0161echny dal\u0161\u00ed e-maily. E-maily tak\u00e9 b\u011b\u017en\u011b ma\u017eeme, a to nejm\u00e9n\u011b jednou ro\u010dn\u011b.<\/li>\n<li> V t\u00e9to f\u00e1zi je Zap dokon\u010den a Zapier automaticky odstran\u00ed v\u0161echna data do 90 dn\u016f. To n\u00e1m d\u00e1v\u00e1 \u010das, abychom pomohli vy\u0159e\u0161it p\u0159\u00edpadn\u00e9 probl\u00e9my, ale znamen\u00e1 to, \u017ee data nejsou ulo\u017eena d\u00e9le, ne\u017e je nutn\u00e9.<\/li>\n<li> Va\u0161i e-mailovou adresu (a nic jin\u00e9ho) uchov\u00e1me a\u017e 1 rok prost\u0159ednictv\u00edm slu\u017eby Mailchimp.<\/li>\n<li> Spole\u010dnosti International Removals Direct a TriGlobal B.V. budou uchov\u00e1vat informace tak dlouho, jak to vy\u017eaduj\u00ed jejich intern\u00ed z\u00e1sady. Pokud m\u00e1te jak\u00e9koli obavy ohledn\u011b \u00fadaj\u016f, kter\u00e9 mohou uchov\u00e1vat, kontaktujte n\u00e1s a my se v\u00e1m budeme sna\u017eit pomoci.<\/li>\n<\/ul>\n<p><strong>Sekund\u00e1rn\u00ed formul\u00e1\u0159 #1 (uprost\u0159ed str\u00e1nky)<\/strong><\/p>\n<p>N\u00e1\u0161 sekund\u00e1rn\u00ed formul\u00e1\u0159 #1 vypad\u00e1 takto.<\/p>\n<p><img loading=\"lazy\" decoding=\"async\" width=\"907\" height=\"512\" src=\"https:\/\/moverdb.com\/wp-content\/uploads\/bottom-page-form.png\" alt=\"\" class=\"aligncenter size-full wp-image-3235\" srcset=\"https:\/\/moverdb.com\/wp-content\/uploads\/bottom-page-form.png 907w, https:\/\/moverdb.com\/wp-content\/uploads\/bottom-page-form-300x169.png 300w\" sizes=\"auto, (max-width: 907px) 100vw, 907px\" \/><\/p>\n<p>Tento formul\u00e1\u0159 je poskytov\u00e1n spole\u010dnost\u00ed MyMovingLoads a my nem\u00e1me kontrolu nad t\u00edm, jak je odes\u00edl\u00e1n nebo zpracov\u00e1v\u00e1n. <\/p>\n<p>Zde jsou \u00fadaje, kter\u00e9 shroma\u017e\u010fuj\u00ed:<\/p>\n<ul>\n<li> Zem\u011b p\u016fvodu\/m\u011bsto a zem\u011b dod\u00e1n\u00ed a m\u011bsto dod\u00e1n\u00ed: To pom\u00e1h\u00e1 z\u00edskat p\u0159esn\u00e9 nab\u00eddky a filtry potenci\u00e1ln\u00edch st\u011bhovac\u00edch spole\u010dnost\u00ed.<\/li>\n<li> Datum st\u011bhov\u00e1n\u00ed: To pom\u00e1h\u00e1 z\u00edskat p\u0159esn\u00e9 cenov\u00e9 nab\u00eddky a tak\u00e9 si uv\u011bdomit, \u017ee v\u011bt\u0161ina spole\u010dnost\u00ed nem\u016f\u017ee poskytnout cenov\u00e9 nab\u00eddky na st\u011bhov\u00e1n\u00ed v\u00edce ne\u017e 3 m\u011bs\u00edce p\u0159edem.<\/li>\n<li> Vyberte velikost domova: To pom\u00e1h\u00e1 z\u00edskat p\u0159esn\u00e9 nab\u00eddky a filtry potenci\u00e1ln\u00edch st\u011bhovac\u00edch spole\u010dnost\u00ed.<<\/li>\n<li> Jm\u00e9no a p\u0159\u00edjmen\u00ed: Aby spole\u010dnosti v\u011bd\u011bly, s k\u00fdm maj\u00ed tu \u010dest.<\/li>\n<li> V\u00e1\u0161 telefon: Vy\u017eaduje se, aby v\u00e1s spole\u010dnosti mohly kontaktovat ohledn\u011b va\u0161\u00ed nab\u00eddky.<\/li>\n<li> V\u00e1\u0161 e-mail: V tomto e-mailu je mo\u017en\u00e9 zas\u00edlat cenov\u00e9 nab\u00eddky a kontaktovat v\u00e1s ohledn\u011b va\u0161\u00ed \u017e\u00e1dosti.<\/li>\n<\/ul>\n<p>Po zad\u00e1n\u00ed v\u0161ech \u00fadaj\u016f a odesl\u00e1n\u00ed formul\u00e1\u0159e se provedou n\u00e1sleduj\u00edc\u00ed akce:<\/p>\n<ul>\n<li> Zobraz\u00ed se d\u011bkovn\u00e1 zpr\u00e1va.<\/li>\n<li> \u00dadaje budou odesl\u00e1ny spole\u010dnosti MyMovingLoads, kter\u00e1 je bude zpracov\u00e1vat v souladu se sv\u00fdmi podm\u00ednkami slu\u017eby, s nimi\u017e mus\u00edte p\u0159i odes\u00edl\u00e1n\u00ed formul\u00e1\u0159e souhlasit.<\/li>\n<\/ul>\n<p><strong>Sekund\u00e1rn\u00ed formul\u00e1\u0159 #2 (spodn\u00ed \u010d\u00e1st str\u00e1nky)<\/strong><\/p>\n<p>N\u00e1\u0161 sekund\u00e1rn\u00ed tvar #2 vypad\u00e1 takto:<\/p>\n<p><img loading=\"lazy\" decoding=\"async\" src=\"https:\/\/moverdb.com\/wp-content\/uploads\/Triglobal-form.png\" alt=\"\" width=\"597\" height=\"795\" class=\"aligncenter size-full wp-image-3269\" srcset=\"https:\/\/moverdb.com\/wp-content\/uploads\/Triglobal-form.png 597w, https:\/\/moverdb.com\/wp-content\/uploads\/Triglobal-form-225x300.png 225w\" sizes=\"auto, (max-width: 597px) 100vw, 597px\" \/><\/p>\n<p>Tento formul\u00e1\u0159 poskytuje spole\u010dnost TriGlobal B.V. a my nem\u00e1me kontrolu nad t\u00edm, jak je odes\u00edl\u00e1n nebo zpracov\u00e1v\u00e1n.<\/p>\n<p>Zde jsou \u00fadaje, kter\u00e9 shroma\u017e\u010fuj\u00ed:<\/p>\n<ul>\n<li> \u00dadaje t\u00fdkaj\u00edc\u00ed se aktu\u00e1ln\u00ed adresy a adresy pro doru\u010den\u00ed (ulice, PS\u010c, m\u011bsto a zem\u011b): To pom\u00e1h\u00e1 z\u00edskat p\u0159esn\u00e9 nab\u00eddky a filtruje potenci\u00e1ln\u00ed st\u011bhovac\u00ed spole\u010dnosti.<\/li>\n<li> Velikost pohybu: Pom\u00e1h\u00e1 generovat p\u0159esn\u00e9 nab\u00eddky<\/li>\n<li> Datum st\u011bhov\u00e1n\u00ed: To pom\u00e1h\u00e1 z\u00edskat p\u0159esn\u00e9 cenov\u00e9 nab\u00eddky a tak\u00e9 si uv\u011bdomit, \u017ee v\u011bt\u0161ina spole\u010dnost\u00ed nem\u016f\u017ee poskytnout cenov\u00e9 nab\u00eddky na st\u011bhov\u00e1n\u00ed v\u00edce ne\u017e 3 m\u011bs\u00edce p\u0159edem.<\/li>\n<li> Odhadovan\u00fd objem ve ft3 (nepovinn\u00e9): Pom\u00e1h\u00e1 vygenerovat p\u0159esn\u011bj\u0161\u00ed nab\u00eddku.<\/li>\n<li> Balen\u00ed\/mont\u00e1\u017e (nepovinn\u00e9): Pom\u00e1h\u00e1 z\u00edskat p\u0159esn\u011bj\u0161\u00ed cenovou nab\u00eddku.<\/li>\n<li> Pozn\u00e1mky (nepovinn\u00e9): Zde m\u016f\u017eete p\u0159idat zvl\u00e1\u0161tn\u00ed po\u017eadavky, dotazy atd.<\/li>\n<li> Typ st\u011bhov\u00e1n\u00ed: To pom\u016f\u017ee poslat va\u0161i nab\u00eddku spr\u00e1vn\u00e9mu odd\u011blen\u00ed st\u011bhovac\u00edch spole\u010dnost\u00ed.<\/li>\n<li> Jm\u00e9no a p\u0159\u00edjmen\u00ed: Aby firmy v\u011bd\u011bly, s k\u00fdm maj\u00ed tu \u010dest.<\/li>\n<li> Telefon #1: Vy\u017eaduje se, aby v\u00e1s spole\u010dnosti mohly kontaktovat ohledn\u011b va\u0161\u00ed nab\u00eddky.<\/li>\n<li> E-mail: E-mail: na kter\u00fd lze zas\u00edlat nab\u00eddky a kontaktovat v\u00e1s ohledn\u011b va\u0161eho po\u017eadavku.<\/li>\n<\/ul>\n<p>Po zad\u00e1n\u00ed v\u0161ech \u00fadaj\u016f a odesl\u00e1n\u00ed formul\u00e1\u0159e se provedou n\u00e1sleduj\u00edc\u00ed akce:<\/p>\n<ul>\n<li> Zobraz\u00ed se d\u011bkovn\u00e1 zpr\u00e1va.<\/li>\n<li> \u00dadaje budou zasl\u00e1ny spole\u010dnosti TriGlobal B.V., kter\u00e1 je zpracuje v souladu se sv\u00fdmi podm\u00ednkami poskytov\u00e1n\u00ed slu\u017eeb.<\/li>\n<\/ul>\n<p><strong>\u010cinnosti pasivn\u00edho zpracov\u00e1n\u00ed dat <\/strong><\/p>\n<p>K provozov\u00e1n\u00ed pou\u017eiteln\u00fdch webov\u00fdch str\u00e1nek pou\u017e\u00edv\u00e1me n\u00e1sleduj\u00edc\u00ed n\u00e1stroje t\u0159et\u00edch stran. Nesd\u00edlej\u00ed s n\u00e1mi \u017e\u00e1dn\u00e9 va\u0161e osobn\u00ed \u00fadaje, ale p\u0159esto mohou shroma\u017e\u010fovat informace o v\u00e1s a\/nebo va\u0161em po\u010d\u00edta\u010di, kter\u00e9 mohou b\u00fdt pova\u017eov\u00e1ny za osobn\u00ed \u00fadaje.<\/p>\n<p>N\u00ed\u017ee uv\u00e1d\u00edme, k \u010demu jednotliv\u00e9 z nich pou\u017e\u00edv\u00e1me a kde se m\u016f\u017eete dozv\u011bd\u011bt v\u00edce o tom, jak mohou shroma\u017e\u010fovat a pou\u017e\u00edvat osobn\u00ed \u00fadaje:<\/p>\n<p><strong>Google Analytics:<\/strong> Pou\u017e\u00edv\u00e1me je k souhrnn\u00e9mu sledov\u00e1n\u00ed toho, jak lid\u00e9 pou\u017e\u00edvaj\u00ed na\u0161e webov\u00e9 str\u00e1nky. Nepou\u017e\u00edv\u00e1me je ke sledov\u00e1n\u00ed jednotliv\u00fdch u\u017eivatel\u016f. Zde jsou kl\u00ed\u010dov\u00e1 nastaven\u00ed, kter\u00e1 v sou\u010dasn\u00e9 dob\u011b pou\u017e\u00edv\u00e1me:<\/p>\n<ul>\n<li>Remarketing: OFF<\/li>\n<li>Funkce reklamn\u00edho hl\u00e1\u0161en\u00ed: OFF<\/li>\n<li>Uchov\u00e1v\u00e1n\u00ed \u00fadaj\u016f o u\u017eivatel\u00edch a ud\u00e1lostech: Nastaven\u00ed vypr\u0161\u00ed po 14 m\u011bs\u00edc\u00edch (nejkrat\u0161\u00ed nab\u00edzen\u00e1 mo\u017enost)<\/li>\n<li>Resetov\u00e1n\u00ed p\u0159i nov\u00e9 aktivit\u011b: ON<\/li>\n<li>ID u\u017eivatele: OFF<\/li>\n<li>P\u0159ijat\u00e1 zm\u011bna GDPR o zpracov\u00e1n\u00ed \u00fadaj\u016f<\/li>\n<\/ul>\n<p>Spole\u010dnost Google v sou\u010dasn\u00e9 dob\u011b nab\u00edz\u00ed mo\u017enost odhl\u00e1\u0161en\u00ed ze slu\u017eby Analytics <a href=\"https:\/\/support.google.com\/analytics\/answer\/181881?hl=en\" rel=\"noopener\" target=\"_blank\">zde<\/a> nebo m\u016f\u017eete pou\u017e\u00edt n\u00e1stroj t\u0159et\u00ed strany, nap\u0159. <a href=\"https:\/\/www.ghostery.com\/\" rel=\"noopener\" target=\"_blank\">Ghostery<\/a>.<\/p>\n<p><strong>Facebook Social Graph:<\/strong> Slou\u017e\u00ed k usnadn\u011bn\u00ed sd\u00edlen\u00ed obsahu z na\u0161ich webov\u00fdch str\u00e1nek a blogu na Facebooku a k tomu, aby lid\u00e9 vid\u011bli, jak \u010dasto byl obsah skartov\u00e1n. Nepou\u017e\u00edv\u00e1me je k \u017e\u00e1dn\u00e9mu remarketingu ani retargetingu. Viz Facebook <a href=\"https:\/\/www.facebook.com\/help\/1701730696756992\/?helpref=hc_fnav\" rel=\"noopener\" target=\"_blank\">Datov\u00e1 str\u00e1nka<\/a> v\u00edce informac\u00ed o tom, jak pou\u017e\u00edvaj\u00ed va\u0161e \u00fadaje.<\/p>\n<p><strong>Sd\u00edlen\u00ed v soci\u00e1ln\u00edch m\u00e9di\u00edch:<\/strong> Krom\u011b Social Graph na Facebooku m\u00e1me na na\u0161ich str\u00e1nk\u00e1ch tak\u00e9 tla\u010d\u00edtka pro sd\u00edlen\u00ed na G+, Twitteru a LinkedIn, kter\u00e1 usnad\u0148uj\u00ed sd\u00edlen\u00ed na\u0161eho obsahu na t\u011bchto platform\u00e1ch. M\u016f\u017eete si prohl\u00e9dnout <a href=\"https:\/\/policies.google.com\/privacy\" rel=\"noopener\" target=\"_blank\">Z\u00e1sady ochrany osobn\u00edch \u00fadaj\u016f G+ zde<\/a>, Twitter <a href=\"https:\/\/twitter.com\/en\/privacy\" rel=\"noopener\" target=\"_blank\">Z\u00e1sady ochrany osobn\u00edch \u00fadaj\u016f<\/a> zde a <a href=\"https:\/\/www.linkedin.com\/legal\/privacy-policy\" rel=\"noopener\" target=\"_blank\">Z\u00e1sady ochrany osobn\u00edch \u00fadaj\u016f spole\u010dnosti LinkedIn naleznete zde<\/a>.<\/p>\n<p><strong>Extern\u00ed \/ partnersk\u00e9 odkazy:<\/strong> Extern\u00ed odkazy n\u011bkdy sledujeme prost\u0159ednictv\u00edm slu\u017eby Google Analytics a\/nebo platforem pro sledov\u00e1n\u00ed partner\u016f t\u0159et\u00edch stran. K jak\u00e9mukoli sledov\u00e1n\u00ed doch\u00e1z\u00ed pouze v p\u0159\u00edpad\u011b, \u017ee kliknete na extern\u00ed odkaz. V doln\u00ed \u010d\u00e1sti ka\u017ed\u00e9 str\u00e1nky, kde k tomu doch\u00e1z\u00ed, zve\u0159ej\u0148ujeme, kter\u00e9 odkazy jsou affiliate odkazy, ale pokud v\u00e1s to znepokojuje, nejjednodu\u0161\u0161\u00ed mo\u017enost\u00ed je neklikat na extern\u00ed odkazy z na\u0161ich webov\u00fdch str\u00e1nek.<\/p>\n<p><strong>Webhosting:<\/strong> Pro hostov\u00e1n\u00ed na\u0161ich webov\u00fdch str\u00e1nek pou\u017e\u00edv\u00e1me StudioPress Sites. Stejn\u011b jako v\u011bt\u0161ina webhostingov\u00fdch spole\u010dnost\u00ed udr\u017euje protokoly webov\u00fdch str\u00e1nek, i kdy\u017e k nim nem\u00e1me p\u0159\u00edm\u00fd p\u0159\u00edstup. V\u00edce informac\u00ed o \u00fadaj\u00edch, kter\u00e9 mohou m\u00edt k dispozici, se dozv\u00edte na str\u00e1nk\u00e1ch <a href=\"https:\/\/www.studiopress.com\/privacy-policy\/\" rel=\"noopener\" target=\"_blank\">z\u00e1sady ochrany osobn\u00edch \u00fadaj\u016f<\/a>.<\/p>","protected":false},"excerpt":{"rendered":"<p>This Data Processing Policy explains in plain English how MoverDB.com processes data so you can make an informed choice about whether or not you&#8217;d like to use our services. We&#8217;ve created it as a response to GDPR. It is a plain English, detailed, addition to our Privacy Policy and Terms and Conditions. MoverDB.com is a [&hellip;]<\/p>\n","protected":false},"author":1,"featured_media":0,"parent":0,"menu_order":0,"comment_status":"closed","ping_status":"closed","template":"","meta":{"_genesis_hide_title":false,"_genesis_hide_breadcrumbs":false,"_genesis_hide_singular_image":false,"_genesis_hide_footer_widgets":false,"_genesis_custom_body_class":"","_genesis_custom_post_class":"","_genesis_layout":"","footnotes":""},"class_list":{"0":"post-2804","1":"page","2":"type-page","3":"status-publish","5":"entry","6":"has-post-thumbnail"},"_links":{"self":[{"href":"https:\/\/moverdb.com\/cs\/wp-json\/wp\/v2\/pages\/2804","targetHints":{"allow":["GET"]}}],"collection":[{"href":"https:\/\/moverdb.com\/cs\/wp-json\/wp\/v2\/pages"}],"about":[{"href":"https:\/\/moverdb.com\/cs\/wp-json\/wp\/v2\/types\/page"}],"author":[{"embeddable":true,"href":"https:\/\/moverdb.com\/cs\/wp-json\/wp\/v2\/users\/1"}],"replies":[{"embeddable":true,"href":"https:\/\/moverdb.com\/cs\/wp-json\/wp\/v2\/comments?post=2804"}],"version-history":[{"count":16,"href":"https:\/\/moverdb.com\/cs\/wp-json\/wp\/v2\/pages\/2804\/revisions"}],"predecessor-version":[{"id":3270,"href":"https:\/\/moverdb.com\/cs\/wp-json\/wp\/v2\/pages\/2804\/revisions\/3270"}],"wp:attachment":[{"href":"https:\/\/moverdb.com\/cs\/wp-json\/wp\/v2\/media?parent=2804"}],"curies":[{"name":"wp","href":"https:\/\/api.w.org\/{rel}","templated":true}]}}