{"id":2752,"date":"2017-05-09T16:25:21","date_gmt":"2017-05-09T16:25:21","guid":{"rendered":"https:\/\/moverdb.com\/?page_id=2752"},"modified":"2026-01-08T14:47:12","modified_gmt":"2026-01-08T14:47:12","slug":"preprava-aut-a-lodni-doprava","status":"publish","type":"page","link":"https:\/\/moverdb.com\/cs\/car-transport-shipping\/","title":{"rendered":"2026 Mezin\u00e1rodn\u00ed p\u0159eprava automobil\u016f &amp; P\u0159eprava vozidel Citace"},"content":{"rendered":"<p>Hled\u00e1te mezin\u00e1rodn\u00ed p\u0159epravu aut nebo p\u0159epravu vozidel, ale nev\u00edte, kde za\u010d\u00edt? Pom\u016f\u017eeme v\u00e1m se v\u0161\u00edm od spole\u010dnost\u00ed p\u0159es n\u00e1klady a\u017e po cenov\u00e9 nab\u00eddky. <\/p>\n<p>M\u016f\u017eete za\u010d\u00edt ihned pomoc\u00ed na\u0161eho formul\u00e1\u0159e nab\u00eddky v\u00fd\u0161e nebo si p\u0159e\u010dt\u011bte na\u0161eho pr\u016fvodce n\u00ed\u017ee, kde najdete dal\u0161\u00ed informace.<\/p>\n<p><img loading=\"lazy\" decoding=\"async\" width=\"720\" height=\"480\" src=\"https:\/\/moverdb.com\/wp-content\/uploads\/car-transport-shipping.jpg\" alt=\"2019 Mezin\u00e1rodn\u00ed p\u0159eprava automobil\u016f a p\u0159epravn\u00ed nab\u00eddky vozidel\" class=\"aligncenter size-full wp-image-2753\" srcset=\"https:\/\/moverdb.com\/wp-content\/uploads\/car-transport-shipping.jpg 720w, https:\/\/moverdb.com\/wp-content\/uploads\/car-transport-shipping-300x200.jpg 300w, https:\/\/moverdb.com\/wp-content\/uploads\/car-transport-shipping-600x400.jpg 600w\" sizes=\"auto, (max-width: 720px) 100vw, 720px\" \/><\/p>\n<div id=\"ez-toc-container\" class=\"ez-toc-v2_0_82_2 ez-toc-wrap-left counter-hierarchy ez-toc-counter ez-toc-transparent ez-toc-container-direction\">\n<div class=\"ez-toc-title-container\">\n<p class=\"ez-toc-title\" style=\"cursor:inherit\">Sekce<\/p>\n<span class=\"ez-toc-title-toggle\"><a href=\"#\" class=\"ez-toc-pull-right ez-toc-btn ez-toc-btn-xs ez-toc-btn-default ez-toc-toggle\" aria-label=\"P\u0159epnut\u00ed tabulky obsahu\"><span class=\"ez-toc-js-icon-con\"><span class=\"\"><span class=\"eztoc-hide\" style=\"display:none;\">P\u0159ep\u00edna\u010d<\/span><span class=\"ez-toc-icon-toggle-span\"><svg style=\"fill: #999;color:#999\" xmlns=\"http:\/\/www.w3.org\/2000\/svg\" class=\"list-377408\" width=\"20px\" height=\"20px\" viewbox=\"0 0 24 24\" fill=\"none\"><path d=\"M6 6H4v2h2V6zm14 0H8v2h12V6zM4 11h2v2H4v-2zm16 0H8v2h12v-2zM4 16h2v2H4v-2zm16 0H8v2h12v-2z\" fill=\"currentColor\"><\/path><\/svg><svg style=\"fill: #999;color:#999\" class=\"arrow-unsorted-368013\" xmlns=\"http:\/\/www.w3.org\/2000\/svg\" width=\"10px\" height=\"10px\" viewbox=\"0 0 24 24\" version=\"1.2\" baseprofile=\"tiny\"><path d=\"M18.2 9.3l-6.2-6.3-6.2 6.3c-.2.2-.3.4-.3.7s.1.5.3.7c.2.2.4.3.7.3h11c.3 0 .5-.1.7-.3.2-.2.3-.5.3-.7s-.1-.5-.3-.7zM5.8 14.7l6.2 6.3 6.2-6.3c.2-.2.3-.5.3-.7s-.1-.5-.3-.7c-.2-.2-.4-.3-.7-.3h-11c-.3 0-.5.1-.7.3-.2.2-.3.5-.3.7s.1.5.3.7z\"\/><\/svg><\/span><\/span><\/span><\/a><\/span><\/div>\n<nav><ul class='ez-toc-list ez-toc-list-level-1 eztoc-toggle-hide-by-default' ><li class='ez-toc-page-1 ez-toc-heading-level-2'><a class=\"ez-toc-link ez-toc-heading-1\" href=\"https:\/\/moverdb.com\/cs\/car-transport-shipping\/#Auto_Transport_Companies\" >Spole\u010dnosti zab\u00fdvaj\u00edc\u00ed se autodopravou<\/a><ul class='ez-toc-list-level-3' ><li class='ez-toc-heading-level-3'><a class=\"ez-toc-link ez-toc-heading-2\" href=\"https:\/\/moverdb.com\/cs\/car-transport-shipping\/#US_Canadian_Auto_Transport_Companies\" >P\u0159epravn\u00ed spole\u010dnosti v USA a Kanad\u011b<\/a><\/li><li class='ez-toc-page-1 ez-toc-heading-level-3'><a class=\"ez-toc-link ez-toc-heading-3\" href=\"https:\/\/moverdb.com\/cs\/car-transport-shipping\/#UK_Car_Transport_Companies\" >P\u0159epravn\u00ed spole\u010dnosti ve Velk\u00e9 Brit\u00e1nii<\/a><\/li><li class='ez-toc-page-1 ez-toc-heading-level-3'><a class=\"ez-toc-link ez-toc-heading-4\" href=\"https:\/\/moverdb.com\/cs\/car-transport-shipping\/#Australian_Car_Transport_Companies\" >Australsk\u00e9 spole\u010dnosti pro p\u0159epravu automobil\u016f<\/a><\/li><\/ul><\/li><li class='ez-toc-page-1 ez-toc-heading-level-2'><a class=\"ez-toc-link ez-toc-heading-5\" href=\"https:\/\/moverdb.com\/cs\/car-transport-shipping\/#International_Car_Transport_Costs\" >N\u00e1klady na mezin\u00e1rodn\u00ed p\u0159epravu automobil\u016f<\/a><ul class='ez-toc-list-level-3' ><li class='ez-toc-heading-level-3'><a class=\"ez-toc-link ez-toc-heading-6\" href=\"https:\/\/moverdb.com\/cs\/car-transport-shipping\/#Car_Transport_Taxes\" >Dan\u011b z p\u0159epravy automobil\u016f<\/a><\/li><\/ul><\/li><li class='ez-toc-page-1 ez-toc-heading-level-2'><a class=\"ez-toc-link ez-toc-heading-7\" href=\"https:\/\/moverdb.com\/cs\/car-transport-shipping\/#International_Vehicle_Shipping_Documentation\" >Dokumentace k mezin\u00e1rodn\u00ed p\u0159eprav\u011b vozidel<\/a><\/li><li class='ez-toc-page-1 ez-toc-heading-level-2'><a class=\"ez-toc-link ez-toc-heading-8\" href=\"https:\/\/moverdb.com\/cs\/car-transport-shipping\/#Other_Car_Transport_Tips\" >Dal\u0161\u00ed tipy pro p\u0159epravu aut<\/a><\/li><li class='ez-toc-page-1 ez-toc-heading-level-2'><a class=\"ez-toc-link ez-toc-heading-9\" href=\"https:\/\/moverdb.com\/cs\/car-transport-shipping\/#Car_Transport_Quotes\" >Citace p\u0159epravy automobil\u016f<\/a><\/li><\/ul><\/nav><\/div>\n<h2><span class=\"ez-toc-section\" id=\"Auto_Transport_Companies\"><\/span>Spole\u010dnosti zab\u00fdvaj\u00edc\u00ed se autodopravou<span class=\"ez-toc-section-end\"><\/span><\/h2>\n<p>Trh s mezin\u00e1rodn\u00ed p\u0159epravou automobil\u016f a aut je velmi rozt\u0159\u00ed\u0161t\u011bn\u00fd a po cel\u00e9m sv\u011bt\u011b na n\u011bm p\u016fsob\u00ed stovky nebo mo\u017en\u00e1 tis\u00edce mal\u00fdch spole\u010dnost\u00ed. N\u00ed\u017ee uv\u00e1d\u00edme n\u011bkolik nejzn\u00e1m\u011bj\u0161\u00edch spole\u010dnost\u00ed specializuj\u00edc\u00edch se na p\u0159epravu automobil\u016f. <\/p>\n<p>M\u011bli byste si v\u0161ak tak\u00e9 nechat vypracovat cenov\u00e9 nab\u00eddky od <a href=\"https:\/\/moverdb.com\/cs\/stehovani-spolecnosti\/\">top mezin\u00e1rodn\u00ed st\u011bhov\u00e1n\u00ed spole\u010dnosti<\/a> a <a href=\"https:\/\/moverdb.com\/cs\/spedice\/\">spedit\u00e9ry<\/a> abyste se ujistili, \u017ee dostanete f\u00e9rovou nab\u00eddku.<\/p>\n<p>M\u016f\u017eete tak\u00e9 p\u0159ej\u00edt na za\u010d\u00e1tek str\u00e1nky a vyplnit n\u00e1\u0161 formul\u00e1\u0159 pro rychl\u00e9 vyhled\u00e1n\u00ed firem. <\/p>\n<h3><span class=\"ez-toc-section\" id=\"US_Canadian_Auto_Transport_Companies\"><\/span>P\u0159epravn\u00ed spole\u010dnosti v USA a Kanad\u011b<span class=\"ez-toc-section-end\"><\/span><\/h3>\n<ul>\n<li> A-1 Auto Transport<\/li>\n<li> Americk\u00e1 p\u0159eprava aut<\/li>\n<li> AmeriFreight<\/li>\n<li> Spole\u010dnost C.A.R. Transport<\/li>\n<li> Spolehliv\u00e1 p\u0159epravn\u00ed spole\u010dnost Auto Shippers (DAS)<\/li>\n<li> eShip<\/li>\n<li> V\u00fdkonn\u00ed p\u0159epravci automobil\u016f<\/li>\n<li> P\u0159eprava Fisher<\/li>\n<li> Kr\u00e1l silni\u010dn\u00ed dopravy<\/li>\n<li> Montway Auto Transport<\/li>\n<li> Prostar Automotive Transport<\/li>\n<li> P\u0159\u00edm\u00e1 p\u0159eprava automobilu<\/li>\n<li> Odesl\u00e1n\u00ed vozu nyn\u00ed<\/li>\n<li> Autodoprava Stateway<\/li>\n<li> \u00dasporn\u00e1 p\u0159eprava aut<\/li>\n<li> P\u0159eprav\u00edme ji<\/li>\n<\/ul>\n<h3><span class=\"ez-toc-section\" id=\"UK_Car_Transport_Companies\"><\/span>P\u0159epravn\u00ed spole\u010dnosti ve Velk\u00e9 Brit\u00e1nii<span class=\"ez-toc-section-end\"><\/span><\/h3>\n<ul>\n<li> Acumen Automotive Logistics<\/li>\n<li> AutoShippers<\/li>\n<li> Nab\u00eddka p\u0159epravy automobil\u016f<\/li>\n<li> Klasick\u00e9 slu\u017eby st\u011bhov\u00e1n\u00ed automobil\u016f<\/li>\n<li> P\u0159eprava automobil\u016f Quinns<\/li>\n<li> Posunout auto<\/li>\n<li> P\u0159eprava vozidel White's<\/li>\n<li> Woodside Motorfreight<\/li>\n<\/ul>\n<p>Pod\u00edvejte se tak\u00e9 na na\u0161e <a href=\"https:\/\/moverdb.com\/cs\/mezinarodni-stehovani\/\">mezin\u00e1rodn\u00ed st\u011bhov\u00e1n\u00ed<\/a> strana.<\/p>\n<h3><span class=\"ez-toc-section\" id=\"Australian_Car_Transport_Companies\"><\/span>Australsk\u00e9 spole\u010dnosti pro p\u0159epravu automobil\u016f<span class=\"ez-toc-section-end\"><\/span><\/h3>\n<ul>\n<li> ACR <a href=\"https:\/\/moverdb.com\/cs\/moving-to-australia\/living-in-australia\/\" data-internallinksmanager029f6b8e52c=\"240\" title=\"21 tajemstv\u00ed o \u017eivot\u011b v Austr\u00e1lii, kter\u00e1 je t\u0159eba zn\u00e1t p\u0159ed st\u011bhov\u00e1n\u00edm\">Austr\u00e1lie<\/a><\/li>\n<li> Australsk\u00e1 p\u0159eprava automobil\u016f<\/li>\n<li> Automatick\u00e1 logistika<\/li>\n<li> P\u0159eprava aut Express<\/li>\n<li> P\u0159eprava od dve\u0159\u00ed ke dve\u0159\u00edm<\/li>\n<li> CEVA Carrying<\/li>\n<li> St\u011bhov\u00e1n\u00ed automobil\u016f<\/li>\n<li> PrixCar Transport<\/li>\n<li> P\u0159eprava aut SMB Austr\u00e1lie<\/li>\n<li> M\u00fdtn\u00e9<\/li>\n<\/ul>\n<h2><span class=\"ez-toc-section\" id=\"International_Car_Transport_Costs\"><\/span>N\u00e1klady na mezin\u00e1rodn\u00ed p\u0159epravu automobil\u016f<span class=\"ez-toc-section-end\"><\/span><\/h2>\n<p>N\u00e1klady na p\u0159epravu a dopravu automobil\u016f se zna\u010dn\u011b li\u0161\u00ed v z\u00e1vislosti na rychlosti, s jakou vozidlo pot\u0159ebujete, a na zp\u016fsobu p\u0159epravy. P\u0159i p\u0159eprav\u011b po mo\u0159i prost\u0159ednictv\u00edm p\u0159epravn\u00edho kontejneru mohou va\u0161e n\u00e1klady \u010dinit pouh\u00fdch n\u011bkolik set dolar\u016f, ale mohou trvat i d\u00e9le ne\u017e 1 m\u011bs\u00edc. <\/p>\n<p>Je\u0161t\u011b v\u00edce pen\u011bz m\u016f\u017eete u\u0161et\u0159it, pokud nepot\u0159ebujete slu\u017ebu door-to-door a m\u00edsto toho se rozhodnete vyzvednout si v\u016fz v nejbli\u017e\u0161\u00edm servisu. <a href=\"https:\/\/moverdb.com\/cs\/top-49-container-ports\/\" data-internallinksmanager029f6b8e52c=\"80\" title=\"49 nejv\u011bt\u0161\u00edch a nejru\u0161n\u011bj\u0161\u00edch kontejnerov\u00fdch p\u0159\u00edstav\u016f v roce 2025\">p\u0159\u00edstav<\/a> v p\u0159\u00edpad\u011b p\u0159epravy po mo\u0159i prost\u0159ednictv\u00edm z\u00e1silky RoRo (Roll on Roll off).<\/p>\n<p>V\u00edce informac\u00ed se dozv\u00edte z na\u0161eho pr\u016fvodce: <a href=\"https:\/\/moverdb.com\/cs\/kontejnerova-preprava\/\">Sazby a n\u00e1klady na mezin\u00e1rodn\u00ed kontejnerovou dopravu<\/a><\/p>\n<p>Pro p\u0159esuny v r\u00e1mci kontinentu (nap\u0159. <a href=\"https:\/\/moverdb.com\/cs\/moving-to-the-united-states\/\" data-internallinksmanager029f6b8e52c=\"94\" title=\"St\u011bhujete se do Spojen\u00fdch st\u00e1t\u016f? 2022 \u017divotn\u00ed n\u00e1klady a tipy na st\u011bhov\u00e1n\u00ed\">US<\/a> na <a href=\"https:\/\/moverdb.com\/cs\/moving-to-canada\/\" data-internallinksmanager029f6b8e52c=\"265\" title=\"St\u011bhov\u00e1n\u00ed do Kanady? 2026 N\u00e1klady na bydlen\u00ed a tipy na p\u0159est\u011bhov\u00e1n\u00ed\">Kanada<\/a>, <a href=\"https:\/\/moverdb.com\/cs\/moving-to-the-uk\/\" data-internallinksmanager029f6b8e52c=\"93\" title=\"St\u011bhujete se do Spojen\u00e9ho kr\u00e1lovstv\u00ed? 2022 \u017divotn\u00ed n\u00e1klady a tipy na st\u011bhov\u00e1n\u00ed\">UK<\/a> na <a href=\"https:\/\/moverdb.com\/cs\/moving-to-spain\/\" data-internallinksmanager029f6b8e52c=\"266\" title=\"St\u011bhov\u00e1n\u00ed do \u0160pan\u011blska? 2026 N\u00e1klady na bydlen\u00ed a tipy na st\u011bhov\u00e1n\u00ed\">\u0160pan\u011blsko<\/a>, atd.) si m\u016f\u017eete najmout p\u0159epravce, kter\u00fd pro v\u00e1s auto odveze, pokud je va\u0161e auto v provozuschopn\u00e9m stavu. \u010casto to stoj\u00ed podstatn\u011b v\u00edce (a\u017e n\u011bkolik tis\u00edc dolar\u016f, liber nebo eur), ale znamen\u00e1 to, \u017ee sv\u016fj v\u016fz m\u016f\u017eete z\u00edskat b\u011bhem n\u011bkolika dn\u016f, nikoli t\u00fddn\u016f. <\/p>\n<p>Pokud v\u00e1\u0161 v\u016fz nen\u00ed v provozuschopn\u00e9m stavu, budete ho muset p\u0159epravit pomoc\u00ed p\u0159\u00edv\u011bsu nebo jin\u00e9ho speci\u00e1ln\u00edho st\u011bhovac\u00edho vozu. <\/p>\n<p>Nejdra\u017e\u0161\u00ed mo\u017enost\u00ed je leteck\u00e1 p\u0159eprava, kter\u00e1 se v\u0161ak obecn\u011b nedoporu\u010duje, proto\u017ee n\u00e1klady jsou ne\u00fam\u011brn\u011b vysok\u00e9.<\/p>\n<p><strong>Dal\u0161\u00ed v\u011bci, kter\u00e9 ovliv\u0148uj\u00ed n\u00e1klady:<\/strong><\/p>\n<ul>\n<li> <strong>Vzd\u00e1lenost:<\/strong> \u010c\u00edm d\u00e1le pos\u00edl\u00e1te, t\u00edm dra\u017e\u0161\u00ed bude celkov\u00e1 \u010d\u00e1stka, i kdy\u017e byste m\u011bli platit podstatn\u011b m\u00e9n\u011b za kilometr.<\/li>\n<li> <strong>Ro\u010dn\u00ed obdob\u00ed:<\/strong> N\u011bkter\u00e1 ro\u010dn\u00ed obdob\u00ed jsou pro dan\u00e9 trasy dra\u017e\u0161\u00ed ne\u017e jin\u00e1.<\/li>\n<li> <strong>Doba dod\u00e1n\u00ed:<\/strong> \u010c\u00edm d\u0159\u00edve m\u016f\u017eete za\u010d\u00edt z\u00edsk\u00e1vat nab\u00eddky, t\u00edm l\u00e9pe, proto\u017ee ceny se v\u00fdrazn\u011b zvy\u0161uj\u00ed v p\u0159\u00edpad\u011b rychlej\u0161\u00ed realizace.<\/li>\n<li> <strong>Otev\u0159en\u00fd vs. uzav\u0159en\u00fd n\u00e1kladn\u00ed automobil:<\/strong> Otev\u0159en\u00e9 n\u00e1kladn\u00ed vozy jsou levn\u011bj\u0161\u00ed, ale ve srovn\u00e1n\u00ed s uzav\u0159en\u00fdmi vozy je u nich obecn\u011b vy\u0161\u0161\u00ed riziko po\u0161kozen\u00ed. <\/li>\n<\/ul>\n<h3><span class=\"ez-toc-section\" id=\"Car_Transport_Taxes\"><\/span>Dan\u011b z p\u0159epravy automobil\u016f<span class=\"ez-toc-section-end\"><\/span><\/h3>\n<p>V z\u00e1vislosti na tom, kam sv\u00e9 auto p\u0159epravujete, m\u016f\u017eete b\u00fdt nuceni zaplatit zna\u010dn\u00e9 dan\u011b. Nap\u0159\u00edklad auta <a href=\"https:\/\/moverdb.com\/cs\/shipping-to-singapore\/\">odesl\u00e1no do Singapuru<\/a> bude \u00fa\u010dtov\u00e1na dovozn\u00ed da\u0148 20% z celn\u00ed hodnoty vozu. <\/p>\n<p>Mnoho evropsk\u00fdch zem\u00ed \u00fa\u010dtuje dovozn\u00ed clo ve v\u00fd\u0161i p\u0159ibli\u017en\u011b 10%, ale m\u016f\u017ee k n\u011bmu \u00fa\u010dtovat i DPH, kter\u00e1 m\u016f\u017ee v z\u00e1vislosti na zp\u016fsobu pou\u017eit\u00ed vozu \u010dinit dal\u0161\u00edch 20%. <\/p>\n<p>P\u0159i z\u00edsk\u00e1v\u00e1n\u00ed cenov\u00fdch nab\u00eddek a p\u0159ed samotn\u00fdm odesl\u00e1n\u00edm vozu se proto ujist\u011bte, \u017ee na to m\u00e1te rozpo\u010det. V n\u011bkter\u00fdch p\u0159\u00edpadech m\u016f\u017ee b\u00fdt levn\u011bj\u0161\u00ed a jednodu\u0161\u0161\u00ed jednodu\u0161e koupit nov\u00fd v\u016fz ne\u017e pos\u00edlat star\u00fd.  <\/p>\n<h2><span class=\"ez-toc-section\" id=\"International_Vehicle_Shipping_Documentation\"><\/span>Dokumentace k mezin\u00e1rodn\u00ed p\u0159eprav\u011b vozidel<span class=\"ez-toc-section-end\"><\/span><\/h2>\n<p>Pro mezin\u00e1rodn\u00ed p\u0159epravu automobilu nebo jin\u00e9ho vozidla pot\u0159ebujete slu\u0161nou dokumentaci. Po\u017eadavky se v jednotliv\u00fdch zem\u00edch li\u0161\u00ed, proto si je p\u0159ed odesl\u00e1n\u00edm v\u017edy ov\u011b\u0159te. Mezi b\u011b\u017en\u00e9 po\u017eadovan\u00e9 dokumenty pat\u0159\u00ed:<\/p>\n<ul>\n<li> P\u016fvodn\u00ed n\u00e1zev vozidla<\/li>\n<li> Osv\u011bd\u010den\u00ed o p\u016fvodu<\/li>\n<li> N\u00e1kladn\u00ed list<\/li>\n<li> Pojistn\u00e9 dokumenty<\/li>\n<\/ul>\n<h2><span class=\"ez-toc-section\" id=\"Other_Car_Transport_Tips\"><\/span>Dal\u0161\u00ed tipy pro p\u0159epravu aut<span class=\"ez-toc-section-end\"><\/span><\/h2>\n<ul>\n<li> <strong>Po\u0159izujte fotografie:<\/strong> P\u0159ed odesl\u00e1n\u00edm vozidla si nezapome\u0148te po\u0159\u00eddit jeho fotografie s \u010dasov\u00fdm raz\u00edtkem pro p\u0159\u00edpad, \u017ee by do\u0161lo k n\u011bjak\u00e9mu po\u0161kozen\u00ed. Pokud k n\u011bjak\u00e9mu po\u0161kozen\u00ed dojde, nezapome\u0148te jej ihned vyfotografovat, abyste minimalizovali spory.<\/li>\n<li> <strong>Poji\u0161t\u011bn\u00ed:<\/strong> Ujist\u011bte se, \u017ee se poji\u0161t\u011bn\u00ed vztahuje na celou cestu va\u0161eho vozu a na v\u0161echny, kte\u0159\u00ed jej mohou \u0159\u00eddit.<\/li>\n<li> <strong>Odstra\u0148te osobn\u00ed v\u011bci:<\/strong> P\u0159ed p\u0159epravou se ujist\u011bte, \u017ee jste z auta odstranili v\u0161echny osobn\u00ed v\u011bci, aby se neztratily (nebo nebyly odcizeny!).<\/li>\n<li> <strong>Vyhledejte specialisty:<\/strong> Pokud m\u00e1te klasick\u00e9 nebo trochu neobvykl\u00e9 auto, kter\u00e9 chcete p\u0159epravit, ujist\u011bte se, \u017ee spole\u010dnost, kterou jste si vybrali, m\u00e1 zku\u0161enosti s jejich p\u0159epravou.<\/li>\n<li> <strong>\u010casov\u00e9 rozvrhy:<\/strong> Ujist\u011bte se, \u017ee v\u00edte, jak dlouho bude trvat p\u0159eprava va\u0161eho vozu z bodu A do bodu B.<\/li>\n<li> <strong>Stav chodu:<\/strong> P\u0159ed zah\u00e1jen\u00edm p\u0159epravy se ujist\u011bte, \u017ee jste si u p\u0159epravn\u00ed spole\u010dnosti ov\u011b\u0159ili nap\u0159\u00edklad stav benz\u00ednu, kapalin, tlak v pneumatik\u00e1ch, stav baterie atd. Nap\u0159\u00edklad v p\u0159\u00edpad\u011b mezin\u00e1rodn\u00ed p\u0159epravy p\u0159epravn\u00edm kontejnerem m\u016f\u017eete cht\u00edt zcela vypr\u00e1zdnit palivovou n\u00e1dr\u017e. Na druhou stranu, pokud si nech\u00e1te auto od n\u011bkoho odv\u00e9zt, budete se cht\u00edt ujistit, \u017ee m\u00e1te plnou n\u00e1dr\u017e benz\u00ednu.<\/li>\n<\/ul>\n<h2><span class=\"ez-toc-section\" id=\"Car_Transport_Quotes\"><\/span>Citace p\u0159epravy automobil\u016f<span class=\"ez-toc-section-end\"><\/span><\/h2>\n<p>Pro z\u00edsk\u00e1n\u00ed cenov\u00e9 nab\u00eddky na mezin\u00e1rodn\u00ed p\u0159epravu automobil\u016f m\u016f\u017eete pou\u017e\u00edt n\u00e1\u0161 formul\u00e1\u0159 v horn\u00ed \u010d\u00e1sti str\u00e1nky. Ne\u017e v\u0161ak p\u0159ijmete jakoukoli nab\u00eddku, ujist\u011bte se, \u017ee pln\u011b rozum\u00edte tomu, kdo bude va\u0161e auto \u0159\u00eddit nebo p\u0159epravovat (na ka\u017ed\u00e9m kroku cesty), jak bude va\u0161e vozidlo poji\u0161t\u011bno, a p\u0159e\u010dt\u011bte si recenze spole\u010dnosti. <\/p>","protected":false},"excerpt":{"rendered":"<p>Looking for international car transport or vehicle shipping, but don&#8217;t know where to start? We can help you with everything from companies to costs to quotes. You can get started right away using our quote form above, or keep reading our guide below for more information. Auto Transport Companies The international car and auto transport [&hellip;]<\/p>\n","protected":false},"author":1,"featured_media":2753,"parent":0,"menu_order":0,"comment_status":"closed","ping_status":"closed","template":"","meta":{"_genesis_hide_title":false,"_genesis_hide_breadcrumbs":false,"_genesis_hide_singular_image":false,"_genesis_hide_footer_widgets":false,"_genesis_custom_body_class":"","_genesis_custom_post_class":"","_genesis_layout":"","footnotes":""},"class_list":{"0":"post-2752","1":"page","2":"type-page","3":"status-publish","4":"has-post-thumbnail","6":"entry"},"_links":{"self":[{"href":"https:\/\/moverdb.com\/cs\/wp-json\/wp\/v2\/pages\/2752","targetHints":{"allow":["GET"]}}],"collection":[{"href":"https:\/\/moverdb.com\/cs\/wp-json\/wp\/v2\/pages"}],"about":[{"href":"https:\/\/moverdb.com\/cs\/wp-json\/wp\/v2\/types\/page"}],"author":[{"embeddable":true,"href":"https:\/\/moverdb.com\/cs\/wp-json\/wp\/v2\/users\/1"}],"replies":[{"embeddable":true,"href":"https:\/\/moverdb.com\/cs\/wp-json\/wp\/v2\/comments?post=2752"}],"version-history":[{"count":18,"href":"https:\/\/moverdb.com\/cs\/wp-json\/wp\/v2\/pages\/2752\/revisions"}],"predecessor-version":[{"id":18593,"href":"https:\/\/moverdb.com\/cs\/wp-json\/wp\/v2\/pages\/2752\/revisions\/18593"}],"wp:featuredmedia":[{"embeddable":true,"href":"https:\/\/moverdb.com\/cs\/wp-json\/wp\/v2\/media\/2753"}],"wp:attachment":[{"href":"https:\/\/moverdb.com\/cs\/wp-json\/wp\/v2\/media?parent=2752"}],"curies":[{"name":"wp","href":"https:\/\/api.w.org\/{rel}","templated":true}]}}