{"id":270,"date":"2016-05-01T17:06:39","date_gmt":"2016-05-01T17:06:39","guid":{"rendered":"http:\/\/moverdb.com\/?page_id=270"},"modified":"2026-01-08T14:47:32","modified_gmt":"2026-01-08T14:47:32","slug":"anglo-pacificke","status":"publish","type":"page","link":"https:\/\/moverdb.com\/cs\/anglo-pacific\/","title":{"rendered":"Anglo Pacific: Mezin\u00e1rodn\u00ed st\u011bhov\u00e1n\u00ed a st\u011bhov\u00e1n\u00ed Recenze"},"content":{"rendered":"<p>Spole\u010dnost Anglo Pacific nab\u00edz\u00ed celou \u0159adu st\u011bhovac\u00edch slu\u017eeb, kter\u00e9 pom\u00e1haj\u00ed p\u0159i st\u011bhov\u00e1n\u00ed do zahrani\u010d\u00ed. Zde jsou uvedeny jejich hlavn\u00ed slu\u017eby spolu s profilem spole\u010dnosti a recenzemi.<\/p>\n<p><strong>Slu\u017eby<\/strong> <\/p>\n<p><strong>St\u011bhovac\u00ed slu\u017eby<\/strong> <\/p>\n<ul>\n<li> Dovoz<\/li>\n<li> Mezin\u00e1rodn\u00ed st\u011bhov\u00e1n\u00ed<\/li>\n<li> Poskytov\u00e1n\u00ed <a href=\"https:\/\/moverdb.com\/cs\/kontejnerova-preprava\/\">p\u0159epravn\u00ed kontejnery<\/a><\/li>\n<li> Divadeln\u00ed st\u011bhov\u00e1n\u00ed<\/li>\n<li> <a href=\"https:\/\/moverdb.com\/cs\/uk-removals\/man-and-van-cost\/\" data-internallinksmanager029f6b8e52c=\"380\" title=\"Kolik stoj\u00ed Man &amp; Van ve Velk\u00e9 Brit\u00e1nii? 2026 Pr\u016fvodce\">Man and Van<\/a> pron\u00e1jem v <a href=\"https:\/\/moverdb.com\/cs\/moving-to-london\/\">Lond\u00fdn<\/a><\/li>\n<\/ul>\n<p><strong>P\u0159epravn\u00ed slu\u017eby<\/strong><\/p>\n<ul>\n<li> Zavazadla<\/li>\n<li> <a href=\"https:\/\/moverdb.com\/cs\/preprava-aut-a-lodni-doprava\/\">Automobily<\/a><\/li>\n<li> V\u00fdtvarn\u00e9 um\u011bn\u00ed<\/li>\n<li> N\u00e1kladn\u00ed doprava<\/li>\n<li> Dovoz<\/li>\n<li> Motocykl<\/li>\n<li> Zavazadla<\/li>\n<li> Obchod<\/li>\n<li> Student<\/li>\n<\/ul>\n<h2>Profil spole\u010dnosti Anglo Pacific<\/h2>\n<p>Spole\u010dnost Anglo Pacific, kter\u00e1 byla zalo\u017eena p\u0159ed v\u00edce ne\u017e 30 lety, je nejv\u011bt\u0161\u00ed p\u0159epravn\u00ed a st\u011bhovac\u00ed spole\u010dnost\u00ed na sv\u011bt\u011b. <a href=\"https:\/\/moverdb.com\/cs\/moving-to-the-uk\/\" data-internallinksmanager029f6b8e52c=\"93\" title=\"St\u011bhujete se do Spojen\u00e9ho kr\u00e1lovstv\u00ed? 2022 \u017divotn\u00ed n\u00e1klady a tipy na st\u011bhov\u00e1n\u00ed\">UK<\/a>, zpracov\u00e1v\u00e1 v\u00edce ne\u017e 20 000 jednotliv\u00fdch zavazadel a nespo\u010detn\u00e9 mno\u017estv\u00ed <a href=\"https:\/\/moverdb.com\/cs\/international-removals\/\" data-internallinksmanager029f6b8e52c=\"27\" title=\"36 nejlep\u0161\u00edch mezin\u00e1rodn\u00edch st\u011bhovac\u00edch spole\u010dnost\u00ed ve Velk\u00e9 Brit\u00e1nii\">mezin\u00e1rodn\u00ed st\u011bhov\u00e1n\u00ed<\/a> ka\u017ed\u00fd rok. <\/p>\n<p>Spole\u010dnost je hrd\u00e1 na to, \u017ee poskytuje prvot\u0159\u00eddn\u00ed, p\u0159\u00e1telsk\u00e9 a profesion\u00e1ln\u00ed st\u011bhovac\u00ed slu\u017eby, a\u0165 u\u017e se jedn\u00e1 o st\u011bhov\u00e1n\u00ed cel\u00e9 nemovitosti nebo choulostiv\u00fdch p\u0159edm\u011bt\u016f, jako je nap\u0159\u00edklad v\u00fdtvarn\u00e9 um\u011bn\u00ed. <\/p>\n<p>Spole\u010dnost Anglo Pacific v\u011bnuje velkou p\u00e9\u010di v\u00fdb\u011bru t\u011bch nejkvalitn\u011bj\u0161\u00edch odborn\u00edk\u016f do sv\u00e9ho t\u00fdmu a jmenuje pouze takov\u00e9 zam\u011bstnance, kte\u0159\u00ed pro z\u00e1kazn\u00edky ud\u011blaj\u00ed n\u011bco nav\u00edc, a zam\u011bstnance, kte\u0159\u00ed dok\u00e1\u017e\u00ed odborn\u011b zvl\u00e1dnout bezpe\u010dn\u00fd a efektivn\u00ed p\u0159evoz osobn\u00edch v\u011bc\u00ed. <\/p>\n<p>Slu\u017eba sledov\u00e1n\u00ed v\u0161ech z\u00e1silek nav\u00edc umo\u017e\u0148uje zam\u011bstnanc\u016fm p\u0159esn\u011b ur\u010dit p\u0159esnou polohu a stav st\u011bhov\u00e1n\u00ed, tak\u017ee si z\u00e1kazn\u00edci mohou b\u00fdt jisti, \u017ee jejich zbo\u017e\u00ed je na cest\u011b na ur\u010den\u00e9 m\u00edsto.<\/p>\n<p>Anglo Pacific zav\u00e1d\u00ed a udr\u017euje v\u00fdjime\u010dn\u011b vysok\u00e9 standardy a jako \u010dlenov\u00e9 skupiny <a href=\"https:\/\/moverdb.com\/cs\/bar-overseas\/\">Skupina Overseas<\/a> o <a href=\"https:\/\/moverdb.com\/cs\/britska-asociace-stehovaku\/\">Britsk\u00e1 asociace st\u011bhov\u00e1k\u016f<\/a> (<a href=\"https:\/\/moverdb.com\/cs\/british-association-of-removers\/\" data-internallinksmanager029f6b8e52c=\"9\" title=\"Vysv\u011btlen\u00ed Britsk\u00e9 asociace st\u011bhov\u00e1k\u016f (BAR)\">BAR<\/a>) se sna\u017e\u00ed poskytovat jen to nejlep\u0161\u00ed. <\/p>\n<p>Krom\u011b toho dodr\u017euj\u00ed p\u0159edb\u011b\u017enou platebn\u00ed z\u00e1ruku spole\u010dnosti International Movers Mutual Insurance Company Ltd, kter\u00e1 z\u00e1kazn\u00edk\u016fm poskytuje v\u011bt\u0161\u00ed m\u00edru d\u016fv\u011bry. <\/p>\n<h2>Anglo Pacific Recenze<\/h2>\n<p><strong>Pozitivn\u00ed<\/strong><\/p>\n<ul>\n<li> <em>\"V\u0161em zam\u011bstnanc\u016fm spole\u010dnost\u00ed Anglo Pacific a Keys Brothers pat\u0159\u00ed obrovsk\u00e9 pod\u011bkov\u00e1n\u00ed. Na\u0161e st\u011bhov\u00e1n\u00ed z Lond\u00fdna do Perthu prob\u011bhlo hladce, velmi si v\u00e1\u017e\u00edme va\u0161\u00ed pomoci. Velmi profesion\u00e1ln\u00ed a efektivn\u00ed a to v\u0161e za skv\u011blou cenu!!!\"<\/em> - Prost\u0159ednictv\u00edm <a href=\"http:\/\/www.reviewcentre.com\/reviews252735.html?ratingfilter=5#refineYourSearch\" target=\"_blank\" rel=\"noopener\">Recenzn\u00ed st\u0159edisko<\/a><\/li>\n<li> <em>\"Pot\u0159eboval jsem poslat n\u011bjak\u00e9 nadm\u011brn\u00e9 zavazadlo do <a href=\"https:\/\/moverdb.com\/cs\/moving-to-australia\/living-in-australia\/\" data-internallinksmanager029f6b8e52c=\"240\" title=\"21 tajemstv\u00ed o \u017eivot\u011b v Austr\u00e1lii, kter\u00e1 je t\u0159eba zn\u00e1t p\u0159ed st\u011bhov\u00e1n\u00edm\">Austr\u00e1lie<\/a>. Kontaktoval jsem mnoho lid\u00ed na internetu a nakonec jsem narazil na Anglo Pacific. Moje zavazadla byla vyzvednuta v\u010das a po cest\u011b mi byly poskytnuty informace.\"<\/em> - Prost\u0159ednictv\u00edm <a href=\"http:\/\/www.reviewcentre.com\/Removal-Companies\/Anglo-Pacific-Removals-Company-www-anglopacific-co-uk-review_1596555\" target=\"_blank\" rel=\"noopener\">Recenzn\u00ed st\u0159edisko<\/a><\/li>\n<li> <em>\"Spole\u010dnost Anglo Pacific bych doporu\u010dil v\u0161em, kte\u0159\u00ed cht\u011bj\u00ed bezpe\u010dn\u011b a efektivn\u011b p\u0159epravit sv\u00e9 v\u011bci.\"<\/em> - prost\u0159ednictv\u00edm <a href=\"https:\/\/uk.trustpilot.com\/review\/anglopacific.co.uk\" target=\"_blank\" rel=\"noopener\">TrustPilot<\/a><\/li>\n<\/ul>\n<p><strong>Negativn\u00ed<\/strong><\/p>\n<ul>\n<li> <em>\"Pros\u00edm v\u00e1s, abyste o Anglo Pacific d\u00e1le neuva\u017eovali!! Moje z\u00e1silka dorazila s \u00fapln\u011b rozbit\u00fdm n\u00e1dob\u00edm a krabice s elektrospot\u0159ebi\u010di byla doru\u010dena vzh\u016fru nohama!\"<\/em> - prost\u0159ednictv\u00edm <a href=\"http:\/\/www.reviewcentre.com\/Removal-Companies\/Anglo-Pacific-Removals-Company-www-anglopacific-co-uk-review_3741459\" target=\"_blank\" rel=\"noopener\">Recenzn\u00ed st\u0159edisko<\/a><\/li>\n<li> <em>\"T\u011b\u017eko mohu vyj\u00e1d\u0159it sv\u00e9 zd\u011b\u0161en\u00ed, kdy\u017e jsem otev\u0159ela posledn\u00ed ze sv\u00fdch krabic v... <a href=\"https:\/\/moverdb.com\/cs\/moving-to-nyc\/\" data-internallinksmanager029f6b8e52c=\"57\" title=\"St\u011bhujete se do New Yorku? 2026 N\u00e1klady na bydlen\u00ed v New Yorku a tipy na st\u011bhov\u00e1n\u00ed\">NYC<\/a> jen abych zjistil, \u017ee mi chyb\u00ed nejcenn\u011bj\u0161\u00ed v\u011bci a v\u011bt\u0161ina drah\u00e9ho n\u00e1dob\u00ed.\"<\/em> - prost\u0159ednictv\u00edm <a href=\"http:\/\/www.mymovingreviews.com\/movers\/anglo-pacific-international-1790\" target=\"_blank\" rel=\"noopener\">Moje recenze st\u011bhov\u00e1n\u00ed<\/a><\/li>\n<li> <em>\"Vyhn\u011bte se - stra\u0161n\u00e1 zku\u0161enost s naprost\u00fdm nedostatkem p\u00e9\u010de a nejhor\u0161\u00ed po slu\u017eb\u011b\"<\/em> - prost\u0159ednictv\u00edm <a href=\"https:\/\/uk.trustpilot.com\/reviews\/56d595280000ff000940e229\" target=\"_blank\" rel=\"noopener\">Trustpilot<\/a><\/li>\n<\/ul>\n<div itemprop=\"review\" itemscope itemtype=\"http:\/\/schema.org\/Review\">\n<span itemprop=\"author\" itemscope=\"\" itemtype=\"http:\/\/schema.org\/Organization\"><span itemprop=\"name\">MoverDB.com<\/span><\/span> Online recenze webov\u00fdch str\u00e1nek pro <span itemprop=\"itemreviewed\" itemscope=\"\" itemtype=\"http:\/\/schema.org\/Brand\"><span itemprop=\"name\">Anglo Pacific<\/span><\/span>:<\/p>\n<ol>\n<li> Jasn\u00e9 kontaktn\u00ed \u00fadaje na webov\u00fdch str\u00e1nk\u00e1ch (v\u010detn\u011b telefonn\u00edho \u010d\u00edsla)? <strong>Ano<\/strong><\/li>\n<li> Snadn\u00e9 z\u00edsk\u00e1n\u00ed <a href=\"https:\/\/moverdb.com\/cs\/citaty\/\">mezin\u00e1rodn\u00ed st\u011bhov\u00e1n\u00ed<\/a>? (Online formul\u00e1\u0159 \u017e\u00e1dosti o odhad): <strong>Ano<\/strong><\/li>\n<li> Jasn\u00e9 informace na webov\u00fdch str\u00e1nk\u00e1ch: <strong>Ano<\/strong>, str\u00e1nky jsou p\u0159ehledn\u00e9 a je z nich z\u0159ejm\u00e9, jak\u00e9 slu\u017eby nab\u00edzej\u00ed.<\/li>\n<li> \u010clenstv\u00ed v mezin\u00e1rodn\u00edch uzn\u00e1van\u00fdch organizac\u00edch pohybliv\u00fdch aktivit: <strong>Ano<\/strong><\/li>\n<li> Seznam klient\u016f a\/nebo reference p\u0159edchoz\u00edch z\u00e1kazn\u00edk\u016f: <strong>Ano <\/strong><\/li>\n<\/ol>\n<div itemprop=\"reviewRating\" itemscope itemtype=\"http:\/\/schema.org\/Rating\"><meta itemprop=\"worstRating\" content = \"0\" \/><meta itemprop=\"bestRating\" content=\"5\" \/><meta itemprop=\"ratingValue\" content=\"5\"><\/div>\n<p><strong>Celkov\u00e9 hodnocen\u00ed: 5\/5<\/strong><br \/>\n<strong>Datum recenze:<\/strong> <span itemprop=\"datePublished\" content=\"2016-05-01\">01\/05\/2016<\/span>\n<\/div>\n<p>V\u00edce o <a href=\"https:\/\/moverdb.com\/cs\/mezinarodni-stehovani\/\">St\u011bhovac\u00ed spole\u010dnosti ve Spojen\u00e9m kr\u00e1lovstv\u00ed<\/a> a na\u0161e <a href=\"https:\/\/moverdb.com\/cs\/recenze\/\">vysv\u011btlen\u00ed procesu p\u0159ezkoum\u00e1n\u00ed<\/a>.<\/p>\n<p><strong>Webov\u00e9 str\u00e1nky:<\/strong> <a href=\"http:\/\/www.anglopacific.co.uk\" target=\"_blank\" rel=\"noopener\">http:\/\/www.anglopacific.co.uk<\/a><\/p>","protected":false},"excerpt":{"rendered":"<p>Anglo Pacific offers a variety of removal services to help people move overseas. Here are their core service offerings along with company profile and reviews. Services Removal Services Imports International Relocation Provision of shipping containers Theatrical removals Man and Van hire in London Shipping Services Baggage Cars Fine Art Freight Imports Motorbike Luggage Trade Student [&hellip;]<\/p>\n","protected":false},"author":1,"featured_media":0,"parent":0,"menu_order":0,"comment_status":"closed","ping_status":"closed","template":"","meta":{"_genesis_hide_title":false,"_genesis_hide_breadcrumbs":false,"_genesis_hide_singular_image":false,"_genesis_hide_footer_widgets":false,"_genesis_custom_body_class":"","_genesis_custom_post_class":"","_genesis_layout":"","footnotes":""},"class_list":{"0":"post-270","1":"page","2":"type-page","3":"status-publish","5":"entry"},"_links":{"self":[{"href":"https:\/\/moverdb.com\/cs\/wp-json\/wp\/v2\/pages\/270","targetHints":{"allow":["GET"]}}],"collection":[{"href":"https:\/\/moverdb.com\/cs\/wp-json\/wp\/v2\/pages"}],"about":[{"href":"https:\/\/moverdb.com\/cs\/wp-json\/wp\/v2\/types\/page"}],"author":[{"embeddable":true,"href":"https:\/\/moverdb.com\/cs\/wp-json\/wp\/v2\/users\/1"}],"replies":[{"embeddable":true,"href":"https:\/\/moverdb.com\/cs\/wp-json\/wp\/v2\/comments?post=270"}],"version-history":[{"count":12,"href":"https:\/\/moverdb.com\/cs\/wp-json\/wp\/v2\/pages\/270\/revisions"}],"predecessor-version":[{"id":6173,"href":"https:\/\/moverdb.com\/cs\/wp-json\/wp\/v2\/pages\/270\/revisions\/6173"}],"wp:attachment":[{"href":"https:\/\/moverdb.com\/cs\/wp-json\/wp\/v2\/media?parent=270"}],"curies":[{"name":"wp","href":"https:\/\/api.w.org\/{rel}","templated":true}]}}