{"id":2675,"date":"2017-05-03T15:16:49","date_gmt":"2017-05-03T15:16:49","guid":{"rendered":"https:\/\/moverdb.com\/?page_id=2675"},"modified":"2026-01-08T15:20:41","modified_gmt":"2026-01-08T15:20:41","slug":"shipping-to-singapore","status":"publish","type":"page","link":"https:\/\/moverdb.com\/cs\/shipping-to-singapore\/","title":{"rendered":"Doprava do Singapuru: Co pot\u0159ebujete v\u011bd\u011bt?"},"content":{"rendered":"<p><img loading=\"lazy\" decoding=\"async\" width=\"720\" height=\"313\" src=\"https:\/\/moverdb.com\/wp-content\/uploads\/shipping-to-singapore.png\" alt=\"P\u0159eprava do Singapuru\" class=\"aligncenter size-full wp-image-2676\" srcset=\"https:\/\/moverdb.com\/wp-content\/uploads\/shipping-to-singapore.png 720w, https:\/\/moverdb.com\/wp-content\/uploads\/shipping-to-singapore-300x130.png 300w, https:\/\/moverdb.com\/wp-content\/uploads\/shipping-to-singapore-600x261.png 600w\" sizes=\"auto, (max-width: 720px) 100vw, 720px\" \/><\/p>\n<p>A\u0165 u\u017e jste <a href=\"https:\/\/moverdb.com\/cs\/stehovani-do-singapuru\/\">st\u011bhov\u00e1n\u00ed do Singapuru<\/a> nebo jen chcete odeslat n\u011bkolik bal\u00edk\u016f, pom\u016f\u017eeme v\u00e1m naj\u00edt nejlep\u0161\u00ed nab\u00eddky p\u0159epravy z nejbli\u017e\u0161\u00edho okol\u00ed. <a href=\"https:\/\/moverdb.com\/cs\/moving-to-the-united-states\/\" data-internallinksmanager029f6b8e52c=\"94\" title=\"St\u011bhujete se do Spojen\u00fdch st\u00e1t\u016f? 2022 \u017divotn\u00ed n\u00e1klady a tipy na st\u011bhov\u00e1n\u00ed\">US<\/a>, <a href=\"https:\/\/moverdb.com\/cs\/moving-to-the-uk\/\" data-internallinksmanager029f6b8e52c=\"93\" title=\"St\u011bhujete se do Spojen\u00e9ho kr\u00e1lovstv\u00ed? 2022 \u017divotn\u00ed n\u00e1klady a tipy na st\u011bhov\u00e1n\u00ed\">UK<\/a>, <a href=\"https:\/\/moverdb.com\/cs\/moving-to-australia\/living-in-australia\/\" data-internallinksmanager029f6b8e52c=\"240\" title=\"21 tajemstv\u00ed o \u017eivot\u011b v Austr\u00e1lii, kter\u00e1 je t\u0159eba zn\u00e1t p\u0159ed st\u011bhov\u00e1n\u00edm\">Austr\u00e1lie<\/a>, <a href=\"https:\/\/moverdb.com\/cs\/moving-to-canada\/\" data-internallinksmanager029f6b8e52c=\"265\" title=\"St\u011bhov\u00e1n\u00ed do Kanady? 2026 N\u00e1klady na bydlen\u00ed a tipy na p\u0159est\u011bhov\u00e1n\u00ed\">Kanada<\/a>, <a href=\"https:\/\/moverdb.com\/cs\/moving-to-france\/\" data-internallinksmanager029f6b8e52c=\"315\" title=\"St\u011bhov\u00e1n\u00ed do Francie? 2026 N\u00e1klady na bydlen\u00ed a tipy na st\u011bhov\u00e1n\u00ed\">Francie<\/a>, <a href=\"https:\/\/moverdb.com\/cs\/moving-to-hong-kong\/\" data-internallinksmanager029f6b8e52c=\"350\" title=\"St\u011bhujete se do Hongkongu? 2026 N\u00e1klady na bydlen\u00ed a tipy na p\u0159est\u011bhov\u00e1n\u00ed\">Hongkong<\/a>, <a href=\"https:\/\/moverdb.com\/cs\/moving-to-new-zealand\/\" data-internallinksmanager029f6b8e52c=\"324\" title=\"St\u011bhujete se na Nov\u00fd Z\u00e9land? 2026 N\u00e1klady na bydlen\u00ed a tipy na p\u0159est\u011bhov\u00e1n\u00ed\">Nov\u00fd Z\u00e9land<\/a>, <a href=\"https:\/\/moverdb.com\/cs\/moving-to-the-philippines\/\" data-internallinksmanager029f6b8e52c=\"376\" title=\"St\u011bhujete se na Filip\u00edny? 2026 N\u00e1klady na bydlen\u00ed a tipy na p\u0159est\u011bhov\u00e1n\u00ed\">Filip\u00edny<\/a> a ve v\u011bt\u0161in\u011b dal\u0161\u00edch zem\u00ed sv\u011bta. <\/p>\n<p>M\u016f\u017eete za\u010d\u00edt pomoc\u00ed v\u00fd\u0161e uveden\u00e9ho formul\u00e1\u0159e pro bezplatnou nab\u00eddku. <\/p>\n<div id=\"ez-toc-container\" class=\"ez-toc-v2_0_82_2 ez-toc-wrap-left counter-hierarchy ez-toc-counter ez-toc-transparent ez-toc-container-direction\">\n<div class=\"ez-toc-title-container\">\n<p class=\"ez-toc-title\" style=\"cursor:inherit\">Sekce<\/p>\n<span class=\"ez-toc-title-toggle\"><a href=\"#\" class=\"ez-toc-pull-right ez-toc-btn ez-toc-btn-xs ez-toc-btn-default ez-toc-toggle\" aria-label=\"P\u0159epnut\u00ed tabulky obsahu\"><span class=\"ez-toc-js-icon-con\"><span class=\"\"><span class=\"eztoc-hide\" style=\"display:none;\">P\u0159ep\u00edna\u010d<\/span><span class=\"ez-toc-icon-toggle-span\"><svg style=\"fill: #999;color:#999\" xmlns=\"http:\/\/www.w3.org\/2000\/svg\" class=\"list-377408\" width=\"20px\" height=\"20px\" viewbox=\"0 0 24 24\" fill=\"none\"><path d=\"M6 6H4v2h2V6zm14 0H8v2h12V6zM4 11h2v2H4v-2zm16 0H8v2h12v-2zM4 16h2v2H4v-2zm16 0H8v2h12v-2z\" fill=\"currentColor\"><\/path><\/svg><svg style=\"fill: #999;color:#999\" class=\"arrow-unsorted-368013\" xmlns=\"http:\/\/www.w3.org\/2000\/svg\" width=\"10px\" height=\"10px\" viewbox=\"0 0 24 24\" version=\"1.2\" baseprofile=\"tiny\"><path d=\"M18.2 9.3l-6.2-6.3-6.2 6.3c-.2.2-.3.4-.3.7s.1.5.3.7c.2.2.4.3.7.3h11c.3 0 .5-.1.7-.3.2-.2.3-.5.3-.7s-.1-.5-.3-.7zM5.8 14.7l6.2 6.3 6.2-6.3c.2-.2.3-.5.3-.7s-.1-.5-.3-.7c-.2-.2-.4-.3-.7-.3h-11c-.3 0-.5.1-.7.3-.2.2-.3.5-.3.7s.1.5.3.7z\"\/><\/svg><\/span><\/span><\/span><\/a><\/span><\/div>\n<nav><ul class='ez-toc-list ez-toc-list-level-1 eztoc-toggle-hide-by-default' ><li class='ez-toc-page-1 ez-toc-heading-level-2'><a class=\"ez-toc-link ez-toc-heading-1\" href=\"https:\/\/moverdb.com\/cs\/shipping-to-singapore\/#Shipping_to_Singapore_From_The_US\" >P\u0159eprava do Singapuru z USA<\/a><\/li><li class='ez-toc-page-1 ez-toc-heading-level-2'><a class=\"ez-toc-link ez-toc-heading-2\" href=\"https:\/\/moverdb.com\/cs\/shipping-to-singapore\/#Shipping_to_Singapore_From_The_UK\" >P\u0159eprava do Singapuru ze Spojen\u00e9ho kr\u00e1lovstv\u00ed<\/a><\/li><li class='ez-toc-page-1 ez-toc-heading-level-2'><a class=\"ez-toc-link ez-toc-heading-3\" href=\"https:\/\/moverdb.com\/cs\/shipping-to-singapore\/#Shipping_to_Singapore_From_Australia\" >P\u0159eprava do Singapuru z Austr\u00e1lie<\/a><\/li><li class='ez-toc-page-1 ez-toc-heading-level-2'><a class=\"ez-toc-link ez-toc-heading-4\" href=\"https:\/\/moverdb.com\/cs\/shipping-to-singapore\/#Shipping_to_Singapore_From_Canada\" >P\u0159eprava do Singapuru z Kanady<\/a><\/li><li class='ez-toc-page-1 ez-toc-heading-level-2'><a class=\"ez-toc-link ez-toc-heading-5\" href=\"https:\/\/moverdb.com\/cs\/shipping-to-singapore\/#Shipping_to_Singapore_From_France\" >P\u0159eprava do Singapuru z Francie<\/a><\/li><li class='ez-toc-page-1 ez-toc-heading-level-2'><a class=\"ez-toc-link ez-toc-heading-6\" href=\"https:\/\/moverdb.com\/cs\/shipping-to-singapore\/#Shipping_to_Singapore_From_Hong_Kong\" >P\u0159eprava do Singapuru z Hongkongu<\/a><\/li><li class='ez-toc-page-1 ez-toc-heading-level-2'><a class=\"ez-toc-link ez-toc-heading-7\" href=\"https:\/\/moverdb.com\/cs\/shipping-to-singapore\/#Shipping_to_Singapore_From_New_Zealand\" >P\u0159eprava do Singapuru z Nov\u00e9ho Z\u00e9landu<\/a><\/li><li class='ez-toc-page-1 ez-toc-heading-level-2'><a class=\"ez-toc-link ez-toc-heading-8\" href=\"https:\/\/moverdb.com\/cs\/shipping-to-singapore\/#Shipping_to_Singapore_From_the_Philippines\" >P\u0159eprava do Singapuru z Filip\u00edn<\/a><\/li><li class='ez-toc-page-1 ez-toc-heading-level-2'><a class=\"ez-toc-link ez-toc-heading-9\" href=\"https:\/\/moverdb.com\/cs\/shipping-to-singapore\/#Singapore_Import_Duties_Taxes\" >Dovozn\u00ed cla a dan\u011b v Singapuru<\/a><\/li><li class='ez-toc-page-1 ez-toc-heading-level-2'><a class=\"ez-toc-link ez-toc-heading-10\" href=\"https:\/\/moverdb.com\/cs\/shipping-to-singapore\/#Restricted_Items_in_Singapore\" >Polo\u017eky s omezen\u00edm v Singapuru<\/a><\/li><li class='ez-toc-page-1 ez-toc-heading-level-2'><a class=\"ez-toc-link ez-toc-heading-11\" href=\"https:\/\/moverdb.com\/cs\/shipping-to-singapore\/#Other_Useful_Guides_to_Singapore\" >Dal\u0161\u00ed u\u017eite\u010dn\u00ed pr\u016fvodci Singapurem<\/a><\/li><\/ul><\/nav><\/div>\n<h2><span class=\"ez-toc-section\" id=\"Shipping_to_Singapore_From_The_US\"><\/span>P\u0159eprava do Singapuru z USA<span class=\"ez-toc-section-end\"><\/span><\/h2>\n<p><strong><a href=\"https:\/\/moverdb.com\/cs\/container-shipping\/\" data-internallinksmanager029f6b8e52c=\"3\" title=\"Graf sazeb mezin\u00e1rodn\u00ed kontejnerov\u00e9 dopravy: Duben 2026\">N\u00e1klady na kontejnerovou dopravu<\/a> Z <a href=\"https:\/\/moverdb.com\/cs\/stehovani-do-los-angeles\/\">Los Angeles<\/a><\/strong><\/p>\n<ul>\n<li> 20stop\u00fd kontejner: $750 - $830<\/li>\n<li> 40stop\u00fd kontejner: $1,120 - $1,235<\/li>\n<\/ul>\n<p><strong>N\u00e1klady na kontejnerovou dopravu od <a href=\"https:\/\/moverdb.com\/cs\/stehovani-do-nc\/\">New York<\/a><\/strong><\/p>\n<ul>\n<li> 20stop\u00fd kontejner: $975 - $1,080<\/li>\n<li> 40stop\u00fd kontejner: $1 460 - $1 610<\/li>\n<\/ul>\n<p><strong>N\u00e1klady na p\u0159epravu bal\u00edk\u016f<\/strong><\/p>\n<ul>\n<li> Prvn\u00edch 0,5 kg: $11.80+<\/li>\n<li> Ka\u017ed\u00fdch dal\u0161\u00edch 0,5 kg: $3,25+<\/li>\n<\/ul>\n<p><em>Zdroj:<\/em> <a href=\"http:\/\/comgateway.com\/ship-to-Singapore\/\" target=\"_blank\" rel=\"noopener noreferrer\">comGateway<\/a><\/p>\n<p><strong>Doba p\u0159epravy<\/strong><\/p>\n<ul>\n<li> <strong>Vzduch:<\/strong> 1-3 dny<\/li>\n<li> <strong>Mo\u0159e:<\/strong> P\u0159ibli\u017en\u011b 1 m\u011bs\u00edc<\/li>\n<\/ul>\n<h2><span class=\"ez-toc-section\" id=\"Shipping_to_Singapore_From_The_UK\"><\/span>P\u0159eprava do Singapuru ze Spojen\u00e9ho kr\u00e1lovstv\u00ed<span class=\"ez-toc-section-end\"><\/span><\/h2>\n<p><strong>N\u00e1klady na kontejnerovou dopravu od <a href=\"https:\/\/moverdb.com\/cs\/moving-to-london\/\">Lond\u00fdn<\/a><\/strong><\/p>\n<ul>\n<li> 20 stop dlouh\u00fd kontejner: \u00a3895 - \u00a31,000<\/li>\n<li> 40 stop dlouh\u00fd kontejner: \u00a31,340 - \u00a31,480<\/li>\n<\/ul>\n<p><strong>N\u00e1klady na p\u0159epravu bal\u00edk\u016f<\/strong><\/p>\n<ul>\n<li> Do 1 kg: \u00a320.12+<\/li>\n<li> Do 20 kg: \u00a387.31+<\/li>\n<\/ul>\n<p><em>Zdroj:<\/em> <a href=\"https:\/\/www.transglobalexpress.co.uk\/parcel-to\/singapore\/\" target=\"_blank\" rel=\"noopener noreferrer\">Transglobal Express<\/a><\/p>\n<p><strong>Doba p\u0159epravy<\/strong><\/p>\n<ul>\n<li> <strong>Vzduch:<\/strong> 1-3 dny<\/li>\n<li> <strong>Mo\u0159e:<\/strong> P\u0159ibli\u017en\u011b 1 m\u011bs\u00edc<\/li>\n<\/ul>\n<h2><span class=\"ez-toc-section\" id=\"Shipping_to_Singapore_From_Australia\"><\/span>P\u0159eprava do Singapuru z Austr\u00e1lie<span class=\"ez-toc-section-end\"><\/span><\/h2>\n<p><strong>N\u00e1klady na kontejnerovou dopravu od <a href=\"https:\/\/moverdb.com\/cs\/stehovani-do-sydney\/\">Sydney<\/a><\/strong><\/p>\n<ul>\n<li> 20stop\u00fd kontejner: $980 - $1,080 AUD<\/li>\n<li> 40stop\u00fd kontejner: $1 470 - $1 620 AUD<\/li>\n<\/ul>\n<p><strong>N\u00e1klady na p\u0159epravu bal\u00edk\u016f<\/strong><\/p>\n<ul>\n<li> Mal\u00e1 bra\u0161na (do 500 g): $22.26+<\/li>\n<li> Krabice (do 5 kg): $81.73+<\/li>\n<\/ul>\n<p><em>Zdroj:<\/em> <a href=\"https:\/\/auspost.com.au\/parcels-mail\/calculate-postage-delivery-times\/#\/\" target=\"_blank\" rel=\"noopener noreferrer\">Australsk\u00e1 po\u0161ta<\/a><\/p>\n<p><strong>Doba p\u0159epravy<\/strong><\/p>\n<ul>\n<li> <strong>Vzduch:<\/strong> 1-3 dny<\/li>\n<li> <strong>Mo\u0159e:<\/strong> P\u0159ibli\u017en\u011b 20 dn\u00ed<\/li>\n<\/ul>\n<h2><span class=\"ez-toc-section\" id=\"Shipping_to_Singapore_From_Canada\"><\/span>P\u0159eprava do Singapuru z Kanady<span class=\"ez-toc-section-end\"><\/span><\/h2>\n<p><strong>N\u00e1klady na kontejnerovou dopravu od <a href=\"https:\/\/moverdb.com\/cs\/moving-to-canada\/moving-to-montreal\/\" data-internallinksmanager029f6b8e52c=\"410\" title=\"St\u011bhujete se do Montrealu? 2026 N\u00e1klady na bydlen\u00ed a tipy na st\u011bhov\u00e1n\u00ed\">Montreal<\/a><\/strong><\/p>\n<ul>\n<li> 20stop\u00fd kontejner: $1 640 - $1 800 CAD<\/li>\n<li> 40stop\u00fd kontejner: $2 440 - $2 700 CAD<\/li>\n<\/ul>\n<p><strong>N\u00e1klady na kontejnerovou dopravu od <a href=\"https:\/\/moverdb.com\/cs\/moving-to-canada\/moving-to-vancouver\/\" data-internallinksmanager029f6b8e52c=\"438\" title=\"St\u011bhujete se do Vancouveru? 2026 N\u00e1klady na bydlen\u00ed a tipy na st\u011bhov\u00e1n\u00ed\">Vancouver<\/a><\/strong><\/p>\n<ul>\n<li> 20stop\u00fd kontejner: $990 - $1,100 CAD<\/li>\n<li> 40stop\u00fd kontejner: $1 480 - $1 630 CAD<\/li>\n<\/ul>\n<p><strong>N\u00e1klady na p\u0159epravu bal\u00edk\u016f<\/strong><\/p>\n<ul>\n<li> 1 kg: $20.29 - $105.44+<\/li>\n<li> 10 kg: $139.85 - $412.93+<\/li>\n<\/ul>\n<p><em>Zdroj:<\/em> <a href=\"https:\/\/www.canadapost.ca\/cpotools\/apps\/far\/personal\/farInt\" target=\"_blank\" rel=\"noopener noreferrer\">Kanadsk\u00e1 po\u0161ta<\/a><\/p>\n<p><strong>Doba p\u0159epravy<\/strong><\/p>\n<ul>\n<li> <strong>Vzduch:<\/strong> 1-3 dny<\/li>\n<li> <strong>Mo\u0159e:<\/strong> P\u0159ibli\u017en\u011b 1 m\u011bs\u00edc<\/li>\n<\/ul>\n<h2><span class=\"ez-toc-section\" id=\"Shipping_to_Singapore_From_France\"><\/span>P\u0159eprava do Singapuru z Francie<span class=\"ez-toc-section-end\"><\/span><\/h2>\n<p><strong>N\u00e1klady na kontejnerovou dopravu z Marseille<\/strong><\/p>\n<ul>\n<li> 20 stop dlouh\u00fd kontejner: 740 \u20ac - 820 \u20ac<\/li>\n<li> 40stop\u00fd kontejner: 1 100 \u20ac - 1 220 \u20ac<\/li>\n<\/ul>\n<p><strong>Doba p\u0159epravy<\/strong><\/p>\n<ul>\n<li> <strong>Vzduch:<\/strong> 1-3 dny<\/li>\n<li> <strong>Mo\u0159e:<\/strong> P\u0159ibli\u017en\u011b 1 m\u011bs\u00edc<\/li>\n<\/ul>\n<h2><span class=\"ez-toc-section\" id=\"Shipping_to_Singapore_From_Hong_Kong\"><\/span>P\u0159eprava do Singapuru z Hongkongu<span class=\"ez-toc-section-end\"><\/span><\/h2>\n<p><strong>N\u00e1klady na kontejnerovou dopravu<\/strong><\/p>\n<ul>\n<li> 20stop\u00fd kontejner: $1,820 - $2,010 HKD<\/li>\n<li> 40stop\u00fd kontejner: $1,860 - $2,060 HKD<\/li>\n<\/ul>\n<p><strong>Doba p\u0159epravy<\/strong><\/p>\n<ul>\n<li> <strong>Vzduch:<\/strong> 1-2 dny<\/li>\n<li> <strong>Mo\u0159e:<\/strong> P\u0159ibli\u017en\u011b 12 dn\u00ed<\/li>\n<\/ul>\n<h2><span class=\"ez-toc-section\" id=\"Shipping_to_Singapore_From_New_Zealand\"><\/span>P\u0159eprava do Singapuru z Nov\u00e9ho Z\u00e9landu<span class=\"ez-toc-section-end\"><\/span><\/h2>\n<p><strong>N\u00e1klady na p\u0159epravu kontejner\u016f z Aucklandu<\/strong><\/p>\n<ul>\n<li> 20stop\u00fd kontejner: $1 860 - $2 050 NZD<\/li>\n<li> 40stop\u00fd kontejner: $2 775 - $3 070 NZD<\/li>\n<\/ul>\n<p><strong>Doba p\u0159epravy<\/strong><\/p>\n<ul>\n<li> <strong>Vzduch:<\/strong> 1-3 dny<\/li>\n<li> <strong>Mo\u0159e:<\/strong> P\u0159ibli\u017en\u011b 23 dn\u00ed<\/li>\n<\/ul>\n<h2><span class=\"ez-toc-section\" id=\"Shipping_to_Singapore_From_the_Philippines\"><\/span>P\u0159eprava do Singapuru z Filip\u00edn<span class=\"ez-toc-section-end\"><\/span><\/h2>\n<p><strong>N\u00e1klady na p\u0159epravu kontejner\u016f z Manily<\/strong><\/p>\n<ul>\n<li> 20stop\u00fd kontejner: \u20b118 300 - \u20b120 255 K\u010d<\/li>\n<li> 40stop\u00fd kontejner: \u20b127 350 - \u20b130 230 K\u010d<\/li>\n<\/ul>\n<p><strong>Doba p\u0159epravy<\/strong><\/p>\n<ul>\n<li> <strong>Vzduch:<\/strong> 1-3 dny<\/li>\n<li> <strong>Mo\u0159e:<\/strong> P\u0159ibli\u017en\u011b 12 dn\u00ed<\/li>\n<\/ul>\n<p>\u00dadaje o n\u00e1kladech na kontejnerovou p\u0159epravu vych\u00e1zej\u00ed ze zas\u00edl\u00e1n\u00ed zbo\u017e\u00ed po mo\u0159i a poch\u00e1zej\u00ed z na\u0161\u00ed datab\u00e1ze. <a href=\"https:\/\/moverdb.com\/cs\/kontejnerova-preprava\/\">sazby za mezin\u00e1rodn\u00ed kontejnerovou dopravu<\/a> str\u00e1nku a <a href=\"http:\/\/worldfreightrates.com\" target=\"_blank\" rel=\"noopener noreferrer\">WorldFreightRates.com<\/a>, Doba p\u0159epravy vzduchem poch\u00e1z\u00ed z <a href=\"https:\/\/wwwapps.ups.com\/fctc\/timeandcost\" target=\"_blank\" rel=\"noopener noreferrer\">Kalkula\u010dka \u010dasu a n\u00e1klad\u016f UPS<\/a>a \u010dasy p\u0159epravy po mo\u0159i poch\u00e1zej\u00ed z <a href=\"https:\/\/www.searates.com\" target=\"_blank\" rel=\"noopener noreferrer\">SeaRates.com<\/a>.<\/p>\n<h2><span class=\"ez-toc-section\" id=\"Singapore_Import_Duties_Taxes\"><\/span>Dovozn\u00ed cla a dan\u011b v Singapuru<span class=\"ez-toc-section-end\"><\/span><\/h2>\n<p>Pokud p\u0159epravujete zbo\u017e\u00ed pro dom\u00e1cnost a osobn\u00ed v\u011bci do <a href=\"https:\/\/moverdb.com\/cs\/moving-to-singapore\/\" data-internallinksmanager029f6b8e52c=\"68\" title=\"St\u011bhov\u00e1n\u00ed do Singapuru? 2022 \u017divotn\u00ed n\u00e1klady a tipy na st\u011bhov\u00e1n\u00ed\">Singapur<\/a> na zbo\u017e\u00ed v hodnot\u011b vy\u0161\u0161\u00ed ne\u017e 400 SGD se vztahuje da\u0148 ze zbo\u017e\u00ed a slu\u017eeb (GST) ve v\u00fd\u0161i 7%. M\u016f\u017eete v\u0161ak po\u017e\u00e1dat o \u00falevu, pokud plat\u00ed n\u00e1sleduj\u00edc\u00ed podm\u00ednky:<\/p>\n<blockquote><p>Osvobozen\u00ed od GST m\u016f\u017ee b\u00fdt poskytnuto na dovoz pou\u017eit\u00fdch p\u0159edm\u011bt\u016f pro dom\u00e1cnost a osobn\u00edch v\u011bc\u00ed do:<\/p>\n<p>Singapurci a osoby s trval\u00fdm pobytem v Singapuru (PR), kte\u0159\u00ed pob\u00fdvaj\u00ed v zahrani\u010d\u00ed a vracej\u00ed se k op\u011btovn\u00e9mu pobytu v Singapuru.<br \/>\nCizinci, kte\u0159\u00ed m\u011bn\u00ed bydli\u0161t\u011b nebo migruj\u00ed do Singapuru<\/p>\n<p>\u00daleva GST podl\u00e9h\u00e1 n\u00e1sleduj\u00edc\u00edm podm\u00ednk\u00e1m:<\/p>\n<p>\u017ee tato osoba celn\u00edm org\u00e1n\u016fm prok\u00e1zala, \u017ee:<\/p>\n<ul>\n<li> M\u011bn\u00ed sv\u00e9 bydli\u0161t\u011b na Singapur;<\/li>\n<li> Je vlastn\u00edkem dovezen\u00fdch p\u0159edm\u011bt\u016f, osobn\u00edch v\u011bc\u00ed a osobn\u00edch zv\u00ed\u0159at;<\/li>\n<li> p\u0159edm\u011bty a osobn\u00ed v\u011bci byly v jeho dr\u017een\u00ed a u\u017e\u00edv\u00e1n\u00ed po dobu nejm\u00e9n\u011b t\u0159\u00ed m\u011bs\u00edc\u016f a<\/li>\n<li> P\u0159edm\u011bty a osobn\u00ed v\u011bci se dov\u00e1\u017eej\u00ed letecky nebo po mo\u0159i.<\/li>\n<li> P\u0159edm\u011bty, osobn\u00ed v\u011bci a osobn\u00ed zv\u00ed\u0159ata jsou dovezeny do 6 m\u011bs\u00edc\u016f od jeho prvn\u00edho p\u0159\u00edjezdu do Singapuru.<\/li>\n<li> P\u0159edkl\u00e1d\u00e1 se z\u00e1vazek nezbavovat se p\u0159edm\u011bt\u016f a osobn\u00edch v\u011bc\u00ed do t\u0159\u00ed m\u011bs\u00edc\u016f od data dovozu.<\/li>\n<\/ul>\n<p>V p\u0159\u00edpad\u011b navr\u00e1tiv\u0161\u00edch se Singapurc\u016f a osob s trval\u00fdm pobytem v Singapuru mus\u00ed b\u00fdt jejich pobyt v ciz\u00ed zemi del\u0161\u00ed ne\u017e 6 m\u011bs\u00edc\u016f, aby m\u011bli n\u00e1rok na tuto \u00falevu na GST.<\/p><\/blockquote>\n<p><strong>Zdroj:<\/strong> <a href=\"https:\/\/www.customs.gov.sg\/businesses\/importing-goods\/import-procedures\/importing-used-household-articles-and-personal-effects\" target=\"_blank\" rel=\"noopener noreferrer\">Singapursk\u00e1 celn\u00ed spr\u00e1va<\/a><\/p>\n<p>Vezm\u011bte pros\u00edm na v\u011bdom\u00ed, \u017ee existuj\u00ed <a href=\"https:\/\/www.customs.gov.sg\/businesses\/valuation-duties-taxes--fees\/duties-and-dutiable-goods\" target=\"_blank\" rel=\"noopener noreferrer\">existuj\u00ed 4 kategorie zbo\u017e\u00ed podl\u00e9haj\u00edc\u00edho clu<\/a> (na kter\u00e9 se nevztahuje \u00faleva na GST):<\/p>\n<ul>\n<li> Omamn\u00e9 n\u00e1poje: Na z\u00e1klad\u011b jednoho ze dvou vzorc\u016f: <em>Splatn\u00e9 clo = celkov\u00e9 mno\u017estv\u00ed v litrech x sazba cla a\/nebo spot\u0159ebn\u00ed dan\u011b x procento obsahu alkoholu<\/em> <strong>nebo<\/strong><em> Splatn\u00e9 clo = celkov\u00e9 mno\u017estv\u00ed podl\u00e9haj\u00edc\u00ed clu v kilogramech x celn\u00ed sazba<\/em>.<\/li>\n<li> Tab\u00e1kov\u00e9 v\u00fdrobky - <em>Cigarety:<\/em> Splatn\u00e9 clo = celkov\u00fd po\u010det ty\u010dinek x hmotnost jednotliv\u00fdch ty\u010dinek (ka\u017ed\u00fd gram nebo jeho \u010d\u00e1st) x sazba spot\u0159ebn\u00ed dan\u011b - <em>v\u0161echny ostatn\u00ed tab\u00e1kov\u00e9 v\u00fdrobky:<\/em> Splatn\u00e9 clo = celkov\u00e1 hmotnost (v kilogramech) x sazba spot\u0159ebn\u00ed dan\u011b<\/li>\n<li> Automobily a motorov\u00e1 vozidla - <em>Splatn\u00e9 clo = celn\u00ed hodnota x sazba spot\u0159ebn\u00ed dan\u011b<\/em>; u osobn\u00edch a klasick\u00fdch automobil\u016f \u010din\u00ed sazba spot\u0159ebn\u00ed dan\u011b <strong>20%<\/strong> a pro motocykly a sk\u00fatry je sazba spot\u0159ebn\u00ed dan\u011b n\u00e1sleduj\u00edc\u00ed <strong>12%<\/strong>.<\/li>\n<li> Ropn\u00e9 produkty a sm\u011bsi bionafty - Ropn\u00e9 produkty: <em>Splatn\u00e9 clo = celkov\u00fd objem x sazba spot\u0159ebn\u00ed dan\u011b<\/em>, stla\u010den\u00fd zemn\u00ed plyn (Cng): <em>Splatn\u00e9 clo = celkov\u00e1 hmotnost x sazba spot\u0159ebn\u00ed dan\u011b<\/em>, sm\u011bs bionafty splatn\u00e9 clo = <em>Objem nafty x sazba spot\u0159ebn\u00ed dan\u011b<\/em>.<\/li>\n<\/ul>\n<p>Podrobn\u00e9 informace naleznete na str\u00e1nce Singapursk\u00e9 celn\u00ed org\u00e1ny <a href=\"https:\/\/www.customs.gov.sg\/businesses\/importing-goods\/import-procedures\" target=\"_blank\" rel=\"noopener noreferrer\">Importn\u00ed postupy zde<\/a>.<\/p>\n<h2><span class=\"ez-toc-section\" id=\"Restricted_Items_in_Singapore\"><\/span>Polo\u017eky s omezen\u00edm v Singapuru<span class=\"ez-toc-section-end\"><\/span><\/h2>\n<p>N\u00e1sleduj\u00edc\u00ed polo\u017eky jsou uvedeny jako zak\u00e1zan\u00e9 a\/nebo kontrolovan\u00e9 singapurskou celn\u00ed spr\u00e1vou (<a href=\"https:\/\/www.customs.gov.sg\/individuals\/going-through-customs\/arrival\/prohibited-and-controlled-goods\" target=\"_blank\" rel=\"noopener noreferrer\">viz webov\u00e9 str\u00e1nky<\/a> pro \u00fapln\u00e9 informace):<\/p>\n<ul>\n<li> \u017dv\u00fdka\u010dky (s v\u00fdjimkou \u017ev\u00fdka\u010dek schv\u00e1len\u00fdch \u00da\u0159adem pro zdravotn\u00ed v\u011bdy).<\/li>\n<li> \u017dv\u00fdkac\u00ed tab\u00e1k a imitace tab\u00e1kov\u00fdch v\u00fdrobk\u016f (nap\u0159\u00edklad elektronick\u00e9 cigarety).<\/li>\n<li> Shisha<\/li>\n<li> Bezd\u00fdmn\u00e9 doutn\u00edky, bezd\u00fdmn\u00e9 cigarillos nebo bezd\u00fdmn\u00e9 cigarety<\/li>\n<li> Rozpustn\u00fd tab\u00e1k nebo nikotin<\/li>\n<li> Jak\u00fdkoli v\u00fdrobek obsahuj\u00edc\u00ed nikotin nebo tab\u00e1k, kter\u00fd lze pou\u017e\u00edt lok\u00e1ln\u011b k aplikaci, pomoc\u00ed implant\u00e1tu nebo injek\u010dn\u011b do jak\u00e9koli \u010d\u00e1sti t\u011bla.<\/li>\n<li> Jak\u00fdkoli roztok nebo l\u00e1tka, jej\u00ed\u017e sou\u010d\u00e1st\u00ed je tab\u00e1k nebo nikotin a kter\u00e1 je ur\u010dena k pou\u017eit\u00ed s elektronick\u00fdm syst\u00e9mem dod\u00e1v\u00e1n\u00ed nikotinu nebo vaporiz\u00e9ry.<\/li>\n<li> Nosn\u00ed tab\u00e1k (s \u00fa\u010dinnost\u00ed od 1. srpna 2016)<\/li>\n<li> Peror\u00e1ln\u00ed tab\u00e1k (s \u00fa\u010dinnost\u00ed od 1. srpna 2016)<\/li>\n<li> Gutkha, khaini a zarda (s \u00fa\u010dinnost\u00ed od 1. srpna 2016)<\/li>\n<li> Zapalova\u010de cigaret ve tvaru pistole nebo revolveru<\/li>\n<p>Contr<\/p>\n<li> olovan\u00e9 drogy a psychotropn\u00ed l\u00e1tky<\/li>\n<li> Ohro\u017een\u00e9 druhy voln\u011b \u017eij\u00edc\u00edch \u017eivo\u010dich\u016f a jejich vedlej\u0161\u00ed produkty<\/li>\n<li> Petardy<\/li>\n<li> Obsc\u00e9nn\u00ed \u010dl\u00e1nky, publikace a videokazety\/disky<\/li>\n<li> Reprodukce publikac\u00ed, softwaru, videokazet, kompaktn\u00edch disk\u016f, laserov\u00fdch disk\u016f, gramofonov\u00fdch desek nebo kazet chr\u00e1n\u011bn\u00fdch autorsk\u00fdm pr\u00e1vem.<\/li>\n<li> Podvratn\u00e9 a vlastizr\u00e1dn\u00e9 materi\u00e1ly<\/li>\n<\/ul>\n<p>Pokud si nejste jisti jakoukoli jinou polo\u017ekou, pora\u010fte se s nimi p\u0159ed odesl\u00e1n\u00edm zbo\u017e\u00ed.<\/p>\n<h2><span class=\"ez-toc-section\" id=\"Other_Useful_Guides_to_Singapore\"><\/span>Dal\u0161\u00ed u\u017eite\u010dn\u00ed pr\u016fvodci Singapurem<span class=\"ez-toc-section-end\"><\/span><\/h2>\n<ul>\n<li> <a href=\"https:\/\/moverdb.com\/cs\/kontejnerova-preprava\/singapur\/\">2024 Sazby n\u00e1mo\u0159n\u00ed kontejnerov\u00e9 dopravy do a ze Singapuru<\/a><\/li>\n<li> <a href=\"https:\/\/moverdb.com\/cs\/stehovani-spolecnosti\/moving-companies-singapore\/\">22 Nejlep\u0161\u00ed mezin\u00e1rodn\u00ed st\u011bhov\u00e1n\u00ed spole\u010dnosti v Singapuru<\/a><\/li>\n<li> <a href=\"https:\/\/moverdb.com\/cs\/shipping-to-singapore\/\">Doprava do Singapuru: Co pot\u0159ebujete v\u011bd\u011bt?<\/a><\/li>\n<li> <a href=\"https:\/\/moverdb.com\/cs\/stehovani-do-singapuru\/\">St\u011bhov\u00e1n\u00ed do Singapuru? 2024 N\u00e1klady na bydlen\u00ed a tipy na p\u0159est\u011bhov\u00e1n\u00ed<\/a><\/li>\n<li> <a href=\"https:\/\/moverdb.com\/cs\/stehovani-do-singapuru\/best-places-to-live-singapore\/\">12 nejlep\u0161\u00edch m\u00edst k \u017eivotu v Singapuru<\/a><\/li>\n<li> <a href=\"https:\/\/moverdb.com\/cs\/stehovani-do-singapuru\/living-in-singapore\/\">21 tajemstv\u00ed o \u017eivot\u011b v Singapuru, kter\u00e1 je t\u0159eba zn\u00e1t p\u0159ed st\u011bhov\u00e1n\u00edm<\/a><\/li>\n<li> <a href=\"https:\/\/moverdb.com\/cs\/stehovani-do-singapuru\/moving-to-singapore-from-the-united-states\/\">St\u011bhov\u00e1n\u00ed ze Spojen\u00fdch st\u00e1t\u016f do Singapuru<\/a><\/li>\n<\/ul>","protected":false},"excerpt":{"rendered":"<p>Whether you&#8217;re moving to Singapore or just looking to ship a few parcels, we can help you find the best shipping deals from the US, UK, Australia, Canada, France, Hong Kong, New Zealand, Philippines and most other countries around the world. You can get started by using the free quote form above. Shipping to Singapore [&hellip;]<\/p>\n","protected":false},"author":1,"featured_media":2676,"parent":0,"menu_order":0,"comment_status":"closed","ping_status":"closed","template":"","meta":{"_genesis_hide_title":false,"_genesis_hide_breadcrumbs":false,"_genesis_hide_singular_image":false,"_genesis_hide_footer_widgets":false,"_genesis_custom_body_class":"","_genesis_custom_post_class":"","_genesis_layout":"","footnotes":""},"class_list":{"0":"post-2675","1":"page","2":"type-page","3":"status-publish","4":"has-post-thumbnail","6":"entry"},"_links":{"self":[{"href":"https:\/\/moverdb.com\/cs\/wp-json\/wp\/v2\/pages\/2675","targetHints":{"allow":["GET"]}}],"collection":[{"href":"https:\/\/moverdb.com\/cs\/wp-json\/wp\/v2\/pages"}],"about":[{"href":"https:\/\/moverdb.com\/cs\/wp-json\/wp\/v2\/types\/page"}],"author":[{"embeddable":true,"href":"https:\/\/moverdb.com\/cs\/wp-json\/wp\/v2\/users\/1"}],"replies":[{"embeddable":true,"href":"https:\/\/moverdb.com\/cs\/wp-json\/wp\/v2\/comments?post=2675"}],"version-history":[{"count":17,"href":"https:\/\/moverdb.com\/cs\/wp-json\/wp\/v2\/pages\/2675\/revisions"}],"predecessor-version":[{"id":16941,"href":"https:\/\/moverdb.com\/cs\/wp-json\/wp\/v2\/pages\/2675\/revisions\/16941"}],"wp:featuredmedia":[{"embeddable":true,"href":"https:\/\/moverdb.com\/cs\/wp-json\/wp\/v2\/media\/2676"}],"wp:attachment":[{"href":"https:\/\/moverdb.com\/cs\/wp-json\/wp\/v2\/media?parent=2675"}],"curies":[{"name":"wp","href":"https:\/\/api.w.org\/{rel}","templated":true}]}}