{"id":265,"date":"2016-05-01T06:12:45","date_gmt":"2016-05-01T06:12:45","guid":{"rendered":"http:\/\/moverdb.com\/?page_id=265"},"modified":"2026-01-08T14:47:55","modified_gmt":"2026-01-08T14:47:55","slug":"cadogan-tate","status":"publish","type":"page","link":"https:\/\/moverdb.com\/cs\/cadogan-tate\/","title":{"rendered":"Cadogan Tate: Mezin\u00e1rodn\u00ed st\u011bhov\u00e1n\u00ed a st\u011bhov\u00e1n\u00ed Recenze"},"content":{"rendered":"<p>Spole\u010dnost Cadogan Tate nab\u00edz\u00ed sv\u00fdm klient\u016fm p\u0159i st\u011bhov\u00e1n\u00ed do zahrani\u010d\u00ed. Po t\u011bchto informac\u00edch n\u00e1sleduje profil spole\u010dnosti a recenze r\u016fzn\u00fdch klient\u016f.<\/p>\n<p><strong>Osobn\u00ed a firemn\u00ed st\u011bhov\u00e1n\u00ed<\/strong><\/p>\n<p>Slu\u017eby spr\u00e1vy st\u011bhov\u00e1n\u00ed<\/p>\n<ul>\n<li> Pl\u00e1n \u0159\u00edzen\u00ed st\u011bhov\u00e1n\u00ed<\/li>\n<li> Balen\u00ed a vybalov\u00e1n\u00ed<\/li>\n<li> Doprava a p\u0159eprava<\/li>\n<li> Celn\u00ed odbaven\u00ed <\/li>\n<li> \u00dalo\u017ei\u0161t\u011b - Glob\u00e1ln\u00ed pokryt\u00ed<\/li>\n<\/ul>\n<p><strong>Um\u011bleck\u00e9 slu\u017eby a veletr\u017en\u00ed slu\u017eby<\/strong><\/p>\n<ul>\n<li> Skladov\u00e1n\u00ed, p\u0159eprava a st\u011bhov\u00e1n\u00ed v\u00fdtvarn\u00fdch d\u011bl<\/li>\n<li> St\u011bhov\u00e1n\u00ed v\u00fdstavn\u00edch a veletr\u017en\u00edch p\u0159edm\u011bt\u016f po cel\u00e9m sv\u011bt\u011b<\/li>\n<\/ul>\n<p><strong>Specializovan\u00e9 \u00fakoly<\/strong><\/p>\n<ul>\n<li> St\u011bhov\u00e1n\u00ed kvalitn\u00edch v\u00edn <\/li>\n<li> <a href=\"https:\/\/moverdb.com\/cs\/preprava-aut-a-lodni-doprava\/\">P\u0159eprava automobil\u016f<\/a>, lod\u011b a letadla<\/li>\n<li> St\u011bhov\u00e1n\u00ed dom\u00e1c\u00edch zv\u00ed\u0159at<\/li>\n<\/ul>\n<p><strong>Slu\u017eby interi\u00e9rov\u00e9ho design\u00e9ra<\/strong><\/p>\n<ul>\n<li> Celosv\u011btov\u00fd sb\u011br a st\u011bhov\u00e1n\u00ed jak\u00e9hokoli designov\u00e9ho zbo\u017e\u00ed<\/li>\n<li> Odborn\u011b zabaleno\/obaleno a p\u0159em\u00edst\u011bno zku\u0161en\u00fdmi pracovn\u00edky<\/li>\n<li> P\u0159eprava a clo <\/li>\n<li> \u00dalo\u017ei\u0161t\u011b <\/li>\n<\/ul>\n<h2>Profil spole\u010dnosti Cadogan Tate<\/h2>\n<p>Spole\u010dnost Cadogan Tate byla zalo\u017eena v roce 1977 a nyn\u00ed m\u00e1 kancel\u00e1\u0159e v <a href=\"https:\/\/moverdb.com\/cs\/moving-to-london\/\">Lond\u00fdn<\/a>, <a href=\"https:\/\/moverdb.com\/cs\/moving-to-france\/moving-to-paris\/\" data-internallinksmanager029f6b8e52c=\"407\" title=\"St\u011bhujete se do Pa\u0159\u00ed\u017ee? 2026 N\u00e1klady na bydlen\u00ed a tipy na st\u011bhov\u00e1n\u00ed\">Paris<\/a>, Azurov\u00e9 pob\u0159e\u017e\u00ed, <a href=\"https:\/\/moverdb.com\/cs\/stehovani-do-nc\/\">New York<\/a> a <a href=\"https:\/\/moverdb.com\/cs\/stehovani-do-los-angeles\/\">Los Angeles<\/a> St\u011bhuj\u00ed nejen firmy a jednotlivce po cel\u00e9m sv\u011bt\u011b, ale jsou tak\u00e9 odborn\u00edky na st\u011bhov\u00e1n\u00ed um\u011bleck\u00fdch d\u011bl a n\u00e1bytku a dekorativn\u00edch p\u0159edm\u011bt\u016f navr\u017een\u00fdch p\u0159edn\u00edmi sv\u011btov\u00fdmi design\u00e9ry. <\/p>\n<p>Cadogan Tate se py\u0161n\u00ed sv\u00fdmi odborn\u00fdmi znalostmi v oblasti po\u0159\u00e1d\u00e1n\u00ed veletrh\u016f um\u011bn\u00ed, p\u0159i\u010dem\u017e bere ohled na pot\u0159eby organiz\u00e1tor\u016f veletrh\u016f, n\u00e1kup\u010d\u00edch a vystavovatel\u016f. P\u00edsemn\u00e9 logo spole\u010dnosti Cadogan Tate zn\u00ed \"v\u0161e, s \u010d\u00edm se zach\u00e1z\u00ed opatrn\u011b\".<br \/>\nSpole\u010dnost m\u00e1 dlouh\u00fd seznam afiliac\u00ed a akreditac\u00ed:<\/p>\n<ul>\n<li> <a href=\"https:\/\/moverdb.com\/cs\/britska-asociace-stehovaku\/\">Britsk\u00e1 asociace st\u011bhov\u00e1k\u016f (BAR)<\/a><\/li>\n<li> <a href=\"https:\/\/moverdb.com\/cs\/mtc\/\">Obchodn\u00ed klub Movers<\/a> (<a href=\"https:\/\/moverdb.com\/cs\/mtc\/\" data-internallinksmanager029f6b8e52c=\"30\" title=\"Vysv\u011btlen\u00ed Movers Trading Club (MTC)\">MTC<\/a>)<\/li>\n<li> Sdru\u017een\u00ed muze\u00ed<\/li>\n<li> Ministerstvo vnitra - <a href=\"https:\/\/moverdb.com\/cs\/moving-to-the-uk\/\" data-internallinksmanager029f6b8e52c=\"93\" title=\"St\u011bhujete se do Spojen\u00e9ho kr\u00e1lovstv\u00ed? 2022 \u017divotn\u00ed n\u00e1klady a tipy na st\u011bhov\u00e1n\u00ed\">UK<\/a> Pohrani\u010dn\u00ed agentura<\/li>\n<li> <a href=\"https:\/\/moverdb.com\/cs\/harmony-relocation-network\/\">Harmony Relocation Network<\/a><\/li>\n<li> <a href=\"https:\/\/moverdb.com\/cs\/iam\/\">Mezin\u00e1rodn\u00ed asociace st\u011bhov\u00e1k\u016f (IAM)<\/a><\/li>\n<li> <a href=\"https:\/\/moverdb.com\/cs\/fidi-faim\/\">FAIM<\/a><\/li>\n<li> Skupina registr\u00e1tor\u016f Spojen\u00e9ho kr\u00e1lovstv\u00ed<\/li>\n<li> <a href=\"https:\/\/moverdb.com\/cs\/fidi-faim\/\">Glob\u00e1ln\u00ed aliance FIDI<\/a><\/li>\n<li> Asociace obchodn\u00edk\u016f s um\u011bn\u00edm a staro\u017eitnostmi (LAPADA)<\/li>\n<li> Standard slu\u017eby Quality Assured - komer\u010dn\u00ed st\u011bhov\u00e1n\u00ed<\/li>\n<li> Norma pro slu\u017eby se z\u00e1rukou kvality - Syst\u00e9my environment\u00e1ln\u00edho managementu<\/li>\n<li> Standard slu\u017eby Quality Assured - komer\u010dn\u00ed st\u011bhov\u00e1n\u00ed<\/li>\n<li> Standardn\u00ed slu\u017eby se z\u00e1rukou kvality - st\u011bhov\u00e1n\u00ed n\u00e1bytku pro dom\u00e1cnost<\/li>\n<li> Standard slu\u017eby Quality Assured - Zdrav\u00ed p\u0159i pr\u00e1ci a syst\u00e9my \u0159\u00edzen\u00ed<\/li>\n<li> Norma Quality Assured Service Standard - Syst\u00e9my \u0159\u00edzen\u00ed kvality<\/li>\n<\/ul>\n<h2>Cadogan Tate Recenze<\/h2>\n<p><strong>Pozitivn\u00ed<\/strong><\/p>\n<ul>\n<li> \"<em>Z Cadogan Tate jsme byli nad\u0161eni. Nebyla to levn\u00e1 volba, ale po spolupr\u00e1ci s nimi jsme usoudili, \u017ee st\u00e1li za ka\u017edou korunu.\" <\/em> E. Perry prost\u0159ednictv\u00edm <a href=\"http:\/\/www.reviewcentre.com\/Removal-Companies\/Cadogan-Tate-www-cadogantate-com-review_3591881\" target=\"_blank\" rel=\"noopener\">Recenzn\u00ed st\u0159edisko<\/a>\n<\/li>\n<li> \"<em>Ned\u00e1vno jsem si objednal z\u00e1silku p\u0159es Cadogan Tate pro m\u00e9 st\u011bhov\u00e1n\u00ed z jihu zem\u011b. <a href=\"https:\/\/moverdb.com\/cs\/moving-to-france\/\" data-internallinksmanager029f6b8e52c=\"315\" title=\"St\u011bhov\u00e1n\u00ed do Francie? 2026 N\u00e1klady na bydlen\u00ed a tipy na st\u011bhov\u00e1n\u00ed\">Francie<\/a> do Lond\u00fdna. Bylo to zvl\u00e1dnuto perfektn\u011b.\" <\/em>Rivsalov prost\u0159ednictv\u00edm <a href=\"http:\/\/www.removalreviews.co.uk\/movingreviews\/smooth-and-efficient-with-a-professional-approach-5733\" target=\"_blank\" rel=\"noopener\">Recenze st\u011bhov\u00e1n\u00ed<\/a>\n<\/li>\n<\/ul>\n<p><strong>Negativn\u00ed<\/strong><\/p>\n<ul>\n<li> \"<em>Znechucen mno\u017estv\u00edm odpadu, kter\u00e9 tato spole\u010dnost produkuje. Krabice s nek\u0159ehk\u00fdmi p\u0159edm\u011bty, jako jsou pol\u0161t\u00e1\u0159e a lo\u017en\u00ed pr\u00e1dlo, napln\u011bn\u00e9 a\u017e po okraj zbrusu nov\u00fdmi pap\u00edrov\u00fdmi obaly.\" <\/em>Carl Lyon prost\u0159ednictv\u00edm <a href=\"http:\/\/www.reviewcentre.com\/Removal-Companies\/Cadogan-Tate-www-cadogantate-com-review_3349791\" target=\"_blank\" rel=\"noopener\">Recenzn\u00ed st\u0159edisko<\/a>\n<\/li>\n<li> \"<em>Spole\u010dnost Cadogan Tate jsme vyu\u017eili p\u0159i st\u011bhov\u00e1n\u00ed z Lond\u00fdna zp\u011bt do \u010cesk\u00e9 republiky. <a href=\"https:\/\/moverdb.com\/cs\/moving-to-the-united-states\/\" data-internallinksmanager029f6b8e52c=\"94\" title=\"St\u011bhujete se do Spojen\u00fdch st\u00e1t\u016f? 2022 \u017divotn\u00ed n\u00e1klady a tipy na st\u011bhov\u00e1n\u00ed\">US<\/a>. St\u011bhov\u00e1ci byli velmi profesion\u00e1ln\u00ed a p\u0159\u00e1tel\u0161t\u00ed. Z\u00e1zem\u00ed m\u00e1 v\u0161ak v\u00e1\u017en\u00e9 probl\u00e9my.\" <\/em> D J Skillman prost\u0159ednictv\u00edm <a href=\"http:\/\/www.removalreviews.co.uk\/movers\/cadogan-tate-311\" target=\"_blank\" rel=\"noopener\">Recenze st\u011bhov\u00e1n\u00ed<\/a>\n<\/li>\n<\/ul>\n<div itemprop=\"review\" itemscope itemtype=\"http:\/\/schema.org\/Review\">\n<span itemprop=\"author\" itemscope=\"\" itemtype=\"http:\/\/schema.org\/Organization\"><span itemprop=\"name\">MoverDB.com<\/span><\/span> Online recenze webov\u00fdch str\u00e1nek pro <span itemprop=\"itemreviewed\" itemscope=\"\" itemtype=\"http:\/\/schema.org\/Brand\"><span itemprop=\"name\">Cadogan Tate<\/span><\/span>:<\/p>\n<ol>\n<li> Jasn\u00e9 kontaktn\u00ed \u00fadaje na webov\u00fdch str\u00e1nk\u00e1ch (v\u010detn\u011b telefonn\u00edho \u010d\u00edsla): <strong>Ano<\/strong><\/li>\n<li> Snadn\u00e9 z\u00edsk\u00e1n\u00ed <a href=\"https:\/\/moverdb.com\/cs\/citaty\/\">mezin\u00e1rodn\u00ed st\u011bhov\u00e1n\u00ed<\/a>? (Online formul\u00e1\u0159 \u017e\u00e1dosti o odhad): <strong>Ano<\/strong><\/li>\n<li> Jasn\u00e9 informace na webov\u00fdch str\u00e1nk\u00e1ch: <strong>\u010c\u00e1ste\u010dn\u011b.<\/strong> Webov\u00e9 str\u00e1nky neobsahuj\u00ed mnoho podrobn\u00fdch informac\u00ed. Ty jsou dod\u00e1v\u00e1ny ve f\u00e1zi pl\u00e1nov\u00e1n\u00ed.<\/li>\n<li> \u010clenstv\u00ed v mezin\u00e1rodn\u00edch uzn\u00e1van\u00fdch organizac\u00edch pohybliv\u00fdch aktivit: <strong>Ano<\/strong>, viz v\u00fd\u0161e.<\/li>\n<li> Seznam klient\u016f a\/nebo reference p\u0159edchoz\u00edch z\u00e1kazn\u00edk\u016f: <strong>\u010c\u00e1ste\u010dn\u011b.<\/strong> Na str\u00e1nk\u00e1ch jsou p\u0159\u00edpadov\u00e9 studie, kter\u00e9 popisuj\u00ed r\u016fzn\u00e9 pohyby, u nich\u017e nejsou uvedena jm\u00e9na klient\u016f ani reference z\u00e1kazn\u00edk\u016f.<\/li>\n<\/ol>\n<div itemprop=\"reviewRating\" itemscope itemtype=\"http:\/\/schema.org\/Rating\"><meta itemprop=\"worstRating\" content = \"0\" \/><meta itemprop=\"bestRating\" content=\"5\" \/><meta itemprop=\"ratingValue\" content=\"4\"><\/div>\n<p><strong>Celkov\u00e9 hodnocen\u00ed: 4\/5<\/strong><br \/>\n<strong>Datum recenze:<\/strong> <span itemprop=\"datePublished\" content=\"2016-05-01\">01\/05\/2016<\/span>\n<\/div>\n<p>V\u00edce o <a href=\"https:\/\/moverdb.com\/cs\/mezinarodni-stehovani\/\">St\u011bhovac\u00ed spole\u010dnosti ve Spojen\u00e9m kr\u00e1lovstv\u00ed<\/a> a na\u0161e <a href=\"https:\/\/moverdb.com\/cs\/recenze\/\">vysv\u011btlen\u00ed procesu p\u0159ezkoum\u00e1n\u00ed<\/a>.<\/p>\n<p><strong>Webov\u00e9 str\u00e1nky:<\/strong> <a href=\"https:\/\/www.cadogantate.com\/en\" target=\"_blank\" rel=\"noopener\">https:\/\/www.cadogantate.com\/en<\/a><\/p>","protected":false},"excerpt":{"rendered":"<p>Cadogan Tate offer their clients the following for their move abroad. This information is followed by a company profile and reviews from various clients. Personal and Corporate Moves Move Management Services Move management plan Packing and unpacking Transportation and shipping Customs clearance Storage &#8211; Global coverage Art Services and Fair Services Fine art storage, shipping [&hellip;]<\/p>\n","protected":false},"author":1,"featured_media":0,"parent":0,"menu_order":0,"comment_status":"closed","ping_status":"closed","template":"","meta":{"_genesis_hide_title":false,"_genesis_hide_breadcrumbs":false,"_genesis_hide_singular_image":false,"_genesis_hide_footer_widgets":false,"_genesis_custom_body_class":"","_genesis_custom_post_class":"","_genesis_layout":"","footnotes":""},"class_list":{"0":"post-265","1":"page","2":"type-page","3":"status-publish","5":"entry"},"_links":{"self":[{"href":"https:\/\/moverdb.com\/cs\/wp-json\/wp\/v2\/pages\/265","targetHints":{"allow":["GET"]}}],"collection":[{"href":"https:\/\/moverdb.com\/cs\/wp-json\/wp\/v2\/pages"}],"about":[{"href":"https:\/\/moverdb.com\/cs\/wp-json\/wp\/v2\/types\/page"}],"author":[{"embeddable":true,"href":"https:\/\/moverdb.com\/cs\/wp-json\/wp\/v2\/users\/1"}],"replies":[{"embeddable":true,"href":"https:\/\/moverdb.com\/cs\/wp-json\/wp\/v2\/comments?post=265"}],"version-history":[{"count":17,"href":"https:\/\/moverdb.com\/cs\/wp-json\/wp\/v2\/pages\/265\/revisions"}],"predecessor-version":[{"id":6190,"href":"https:\/\/moverdb.com\/cs\/wp-json\/wp\/v2\/pages\/265\/revisions\/6190"}],"wp:attachment":[{"href":"https:\/\/moverdb.com\/cs\/wp-json\/wp\/v2\/media?parent=265"}],"curies":[{"name":"wp","href":"https:\/\/api.w.org\/{rel}","templated":true}]}}