{"id":246,"date":"2016-04-21T14:54:42","date_gmt":"2016-04-21T14:54:42","guid":{"rendered":"http:\/\/moverdb.com\/?page_id=246"},"modified":"2026-01-08T14:47:37","modified_gmt":"2026-01-08T14:47:37","slug":"atlas-van-lines-international","status":"publish","type":"page","link":"https:\/\/moverdb.com\/cs\/atlas-van-lines-international\/","title":{"rendered":"Atlas Van Lines International: St\u011bhovac\u00ed slu\u017eby a recenze"},"content":{"rendered":"<p>Spole\u010dnost Atlas Van Lines International nab\u00edz\u00ed n\u00e1sleduj\u00edc\u00ed slu\u017eby pro osoby st\u011bhuj\u00edc\u00ed se do zahrani\u010d\u00ed. N\u00ed\u017ee si tak\u00e9 m\u016f\u017eete prohl\u00e9dnout profil spole\u010dnosti a p\u0159e\u010d\u00edst si recenze:<\/p>\n<p><strong>Osobn\u00ed a firemn\u00ed st\u011bhov\u00e1n\u00ed:<\/strong><\/p>\n<p>Dopravn\u00ed slu\u017eby<\/p>\n<ul>\n<li> Glob\u00e1ln\u00ed p\u0159eprava zbo\u017e\u00ed pro dom\u00e1cnost od dve\u0159\u00ed ke dve\u0159\u00edm<\/li>\n<li> <a href=\"https:\/\/moverdb.com\/cs\/spedice\/\">N\u00e1mo\u0159n\u00ed a leteck\u00e1 p\u0159eprava<\/a><\/li>\n<li> Automobily a lod\u011b<\/li>\n<li> N\u00e1kladn\u00ed doprava projektu (expon\u00e1ty a expozice)<\/li>\n<\/ul>\n<p>St\u011bhovac\u00ed slu\u017eby<\/p>\n<ul>\n<li> Spr\u00e1va a podpora programu<\/li>\n<li> V\u00fdvoj politiky<\/li>\n<li> Poradenstv\u00ed<\/li>\n<li> Bydlen\u00ed pro p\u0159\u00edjemce<\/li>\n<li> Destina\u010dn\u00ed slu\u017eby<\/li>\n<li> Slu\u017eba ochrany hodnoty<\/li>\n<\/ul>\n<p>Cestovn\u00ed slu\u017eby<\/p>\n<ul>\n<li> Kompletn\u00ed slu\u017eby cestovn\u00ed kancel\u00e1\u0159e pro firmy<\/li>\n<li> \u0158\u00edzen\u00ed programu a pod\u00e1v\u00e1n\u00ed zpr\u00e1v<\/li>\n<\/ul>\n<p>Spr\u00e1va dlouhodob\u00e9ho skladov\u00e1n\u00ed<\/p>\n<p><strong>St\u011bhov\u00e1n\u00ed vl\u00e1dy a arm\u00e1dy:<\/strong><\/p>\n<ul>\n<li> Podpora programu obrann\u00e9ho osobn\u00edho majetku (DP3)<\/li>\n<li> Spr\u00e1va mezin\u00e1rodn\u00edch st\u011bhov\u00e1n\u00ed zbo\u017e\u00ed pro dom\u00e1cnost (k\u00f3dy 4, 5 a T)<\/li>\n<li> Spr\u00e1va st\u011bhov\u00e1n\u00ed dom\u00e1c\u00edch pot\u0159eb (k\u00f3dy 1 a 2)<\/li>\n<li> Mezin\u00e1rodn\u00ed p\u0159eprava zavazadel (k\u00f3d J)<\/li>\n<li> Dod\u00e1vky OTO<\/li>\n<li> Specializovan\u00fd t\u00fdm z\u00e1kaznick\u00e9ho servisu, kter\u00fd poskytuje VIP osobn\u00ed p\u00e9\u010di o \u010dleny slu\u017eby.<\/li>\n<li> T\u00fdm GSA, kter\u00fd se zab\u00fdv\u00e1 v\u00fdhradn\u011b spr\u00e1vou mezin\u00e1rodn\u00edch p\u0159esun\u016f pro <a href=\"https:\/\/moverdb.com\/cs\/moving-to-the-united-states\/\" data-internallinksmanager029f6b8e52c=\"94\" title=\"St\u011bhujete se do Spojen\u00fdch st\u00e1t\u016f? 2022 \u017divotn\u00ed n\u00e1klady a tipy na st\u011bhov\u00e1n\u00ed\">US<\/a> vl\u00e1dn\u00ed agentury<\/li>\n<li> \u00da\u010dastn\u00edk I-CHAMP<\/li>\n<\/ul>\n<p><strong>Expon\u00e1ty a n\u00e1kladn\u00ed doprava:<\/strong><\/p>\n<ul>\n<li> Expon\u00e1ty<\/li>\n<li> Veletr\u017en\u00ed displeje<\/li>\n<li> Za\u0159\u00edzen\u00ed obchodu<\/li>\n<li> Speci\u00e1ln\u00ed projekty v zahrani\u010d\u00ed<\/li>\n<\/ul>\n<h2>Profil spole\u010dnosti Atlas Van Lines International<\/h2>\n<p>Atlas International je pobo\u010dkou soukrom\u00e9 spole\u010dnosti Atlas Van Lines a je sou\u010d\u00e1st\u00ed skupiny Atlas World Group. St\u011bhov\u00e1n\u00edm do zahrani\u010d\u00ed se zab\u00fdv\u00e1 ji\u017e v\u00edce ne\u017e 50 let. Zam\u011b\u0159uj\u00ed se p\u0159edev\u0161\u00edm na st\u011bhov\u00e1n\u00ed firem, kter\u00e9 p\u0159edstavuje 85% z jejich 7 000 st\u011bhov\u00e1n\u00ed ro\u010dn\u011b. <\/p>\n<p>St\u011bhuj\u00ed se v\u0161ak tak\u00e9 jednotliv\u00ed odborn\u00edci, st\u00e1tn\u00ed zam\u011bstnanci a p\u0159\u00edslu\u0161n\u00edci americk\u00e9 arm\u00e1dy (a jejich rodiny).<\/p>\n<p>Spole\u010dnost se hl\u00e1s\u00ed ke sv\u00e9 integrit\u011b, kvalit\u011b a \u0159e\u0161en\u00edm. Je \u010dlenem n\u00e1sleduj\u00edc\u00edch organizac\u00ed:<\/p>\n<ul>\n<li> Certifikace C-TPAT u Celn\u00ed a pohrani\u010dn\u00ed str\u00e1\u017ee USA<\/li>\n<li> Registrace ISO 9001<\/li>\n<li> <a href=\"https:\/\/moverdb.com\/cs\/rafkovy-obrubnik\/\">RIM\u00ae - Registrovan\u00fd mezin\u00e1rodn\u00ed p\u0159epravce<\/a><\/li>\n<li> <a href=\"https:\/\/moverdb.com\/cs\/amsa\/\">Americk\u00e1 asociace pro st\u011bhov\u00e1n\u00ed a skladov\u00e1n\u00ed<\/a> (<a href=\"https:\/\/moverdb.com\/cs\/amsa\/\" data-internallinksmanager029f6b8e52c=\"5\" title=\"Vysv\u011btlen\u00ed Americk\u00e9 asociace pro st\u011bhov\u00e1n\u00ed a skladov\u00e1n\u00ed (AMSA)\">AMSA<\/a>)<\/li>\n<li> <a href=\"https:\/\/moverdb.com\/cs\/hgfaa\/\">Asociace americk\u00fdch spedit\u00e9r\u016f HHG<\/a> (HHGFAA)<\/li>\n<li> <a href=\"https:\/\/moverdb.com\/cs\/lacma\/\">Asociace pro st\u011bhov\u00e1n\u00ed v Latinsk\u00e9 Americe a Karibiku<\/a> (<a href=\"https:\/\/moverdb.com\/cs\/lacma\/\" data-internallinksmanager029f6b8e52c=\"28\" title=\"Asociace mezin\u00e1rodn\u00edch st\u011bhov\u00e1k\u016f z Latinsk\u00e9 Ameriky a Karibiku (LACMA)\">LACMA<\/a>)<\/li>\n<li> <a href=\"https:\/\/moverdb.com\/cs\/iata\/\">Mezin\u00e1rodn\u00ed sdru\u017een\u00ed pro leteckou dopravu<\/a> (<a href=\"https:\/\/moverdb.com\/cs\/iata\/\" data-internallinksmanager029f6b8e52c=\"22\" title=\"Vysv\u011btlen\u00ed Mezin\u00e1rodn\u00ed asociace leteck\u00fdch dopravc\u016f (IATA)\">IATA<\/a>)<\/li>\n<li> <a href=\"https:\/\/moverdb.com\/cs\/euromovers\/\">Partnerstv\u00ed evropsk\u00fdch p\u0159epravc\u016f<\/a><\/li>\n<li> <a href=\"https:\/\/moverdb.com\/cs\/rada-pro-premisteni-zamestnancu\/\">Rada pro p\u0159emis\u0165ov\u00e1n\u00ed zam\u011bstnanc\u016f<\/a> (Celosv\u011btov\u011b <a href=\"https:\/\/moverdb.com\/cs\/employee-relocation-council\/\" data-internallinksmanager029f6b8e52c=\"83\" title=\"Vysv\u011btlen\u00ed celosv\u011btov\u00e9 Rady pro p\u0159em\u00eds\u0165ov\u00e1n\u00ed zam\u011bstnanc\u016f (ERC)\">ERC<\/a>)<\/li>\n<li> Licence od Feder\u00e1ln\u00ed n\u00e1mo\u0159n\u00ed komise jako <a href=\"https:\/\/moverdb.com\/cs\/freight-forwarder\/\" data-internallinksmanager029f6b8e52c=\"17\" title=\"Mezin\u00e1rodn\u00ed spedice a NVOCC Pr\u016fvodce n\u00e1klady a spole\u010dnostmi\">NVOCC<\/a>, licence # 79NF<\/li>\n<li> Z\u00fa\u010dastn\u011bn\u00fd dopravce ITGBL v programu CHAMP pro vl\u00e1dn\u00ed agentury USA<\/li>\n<li> Z\u00fa\u010dastn\u011bn\u00fd dopravce ITGBL pro Ministerstvo obrany USA <\/li>\n<\/ul>\n<p>Maj\u00ed tyto glob\u00e1ln\u00ed agentury:<\/p>\n<ul>\n<li> Vysoce kvalifikovan\u00e9 agentury Atlas ve v\u0161ech 50 st\u00e1tech USA.<\/li>\n<li> V\u00edce ne\u017e 130 agent\u016f nap\u0159\u00ed\u010d <a href=\"https:\/\/moverdb.com\/cs\/moving-to-canada\/\" data-internallinksmanager029f6b8e52c=\"265\" title=\"St\u011bhov\u00e1n\u00ed do Kanady? 2026 N\u00e1klady na bydlen\u00ed a tipy na p\u0159est\u011bhov\u00e1n\u00ed\">Kanada<\/a>.<\/li>\n<li> V\u00edce ne\u017e 300 preferovan\u00fdch agent\u016f spole\u010dnosti Atlas p\u016fsob\u00edc\u00edch ve v\u0161ech zem\u00edch sv\u011bta.<\/li>\n<\/ul>\n<p>Tvrd\u00ed tak\u00e9, \u017ee odborn\u00edci na st\u011bhov\u00e1n\u00ed, s nimi\u017e se setk\u00e1te a s nimi\u017e budete komunikovat - na obou stran\u00e1ch va\u0161eho st\u011bhov\u00e1n\u00ed - byli p\u0159edem kvalifikov\u00e1ni.<\/p>\n<h2>Atlas Van Lines International Recenze<\/h2>\n<p><em><strong>Upozorn\u011bn\u00ed:<\/strong> zahrnuje recenze spole\u010dnost\u00ed Atlas Van Lines a Atlas International<\/em><\/p>\n<p><strong>Pozitivn\u00ed<\/strong><\/p>\n<ul>\n<li> <em>\"Byl jsem nesm\u00edrn\u011b ohromen nejen t\u00edm, jak tvrd\u011b pracovali, ale i p\u00e9\u010d\u00ed, kterou v\u011bnovali m\u00fdm v\u011bcem.\"<\/em> - Laurie prost\u0159ednictv\u00edm <a href=\"http:\/\/www.atlasvanlines.com\/moving-company-reviews\/\" target=\"_blank\" rel=\"noopener\">Atlas Van Lines recenze str\u00e1nky<\/a><\/li>\n<li> <em>\"Atlas byl skv\u011blou volbou. V\u0159ele je doporu\u010duji v\u0161em, kte\u0159\u00ed se st\u011bhuj\u00ed na del\u0161\u00ed vzd\u00e1lenost a maj\u00ed obavy, \u017ee jim v\u011bci odvezou ciz\u00ed lid\u00e9.\"<\/em> - Kate prost\u0159ednictv\u00edm <a href=\"http:\/\/www.mymovingreviews.com\/movingreviews\/great-movers-9968\" target=\"_blank\" rel=\"noopener\">MyMovingReviews<\/a><\/li>\n<li> <em>\"BBB rozhodla, \u017ee spole\u010dnost Atlas Van Lines International spl\u0148uje akredita\u010dn\u00ed standardy BBB, kter\u00e9 zahrnuj\u00ed z\u00e1vazek vyvinout v dobr\u00e9 v\u00ed\u0159e \u00fasil\u00ed o vy\u0159e\u0161en\u00ed v\u0161ech st\u00ed\u017enost\u00ed spot\u0159ebitel\u016f.\"<\/em> <a href=\"http:\/\/www.bbb.org\/western-washington\/business-reviews\/movers\/atlas-van-lines-international-in-seattle-wa-27030248\" target=\"_blank\" rel=\"noopener\">Better Business Bureau<\/a><\/li>\n<li> <em>\"Pot\u0159eboval jsem jen napsat po skv\u011bl\u00e9 zku\u0161enosti se spole\u010dnost\u00ed Atlas Van Lines.\"<\/em> - Shahram prost\u0159ednictv\u00edm <a href=\"https:\/\/www.consumeraffairs.com\/movers\/atlas.html\" target=\"_blank\" rel=\"noopener\">Spot\u0159ebitelsk\u00e9 z\u00e1le\u017eitosti<\/a><\/li>\n<li> <em>\"Se slu\u017ebami, kter\u00e9 mi spole\u010dnost Atlas Van Lines poskytla b\u011bhem st\u011bhov\u00e1n\u00ed do \u010cesk\u00e9 republiky, jsem nemohl b\u00fdt spokojen\u011bj\u0161\u00ed. <a href=\"https:\/\/moverdb.com\/cs\/stehovani-do-houstonu\/\">Houston<\/a>. I p\u0159es hrozn\u00e9 po\u010das\u00ed se m\u016fj n\u00e1bytek dostal na m\u00edsto v\u010das.\"<\/em> Katelyn prost\u0159ednictv\u00edm <a href=\"http:\/\/www.yelp.co.uk\/biz\/atlas-van-lines-evansville-2?hrid=zrPxDQ8O1DE0pKFgOYoQzA&#038;utm_campaign=www_review_share_popup&#038;utm_medium=copy_link&#038;utm_source=(direct)\" target=\"_blank\" rel=\"noopener\">Yelp<\/a><\/li>\n<\/ul>\n<p><strong>Negativn\u00ed<\/strong><\/p>\n<ul>\n<li> <em>\"D\u011btsk\u00e1 kn\u00ed\u017eka na\u0161ich hol\u010di\u010dek je pry\u010d, nenahraditeln\u00e1.\"<\/em> - Ruth prost\u0159ednictv\u00edm <a href=\"http:\/\/www.atlasvanlines.com\/moving-company-reviews\/\" target=\"_blank\" rel=\"noopener\">Atlas Van Lines recenze str\u00e1nky<\/a><\/li>\n<li> <em>\"Atlas je nejhor\u0161\u00ed. Moment\u00e1ln\u011b jsme s nimi uprost\u0159ed vojensk\u00e9ho st\u011bhov\u00e1n\u00ed, tak\u017ee jsme si nemohli vybrat. Po p\u0159e\u010dten\u00ed p\u0159\u00ed\u0161ern\u00fdch recenz\u00ed na tuto spole\u010dnost jsem m\u011bl obavy, ale myslel jsem si, \u017ee jako vojensk\u00e1 rodina se budou sna\u017eit postarat o ty, kte\u0159\u00ed se ob\u011btovali a slou\u017eili sv\u00e9 zemi. To se v\u0161ak nestalo.\"<\/em> - Chrstine prost\u0159ednictv\u00edm <a href=\"http:\/\/moving-companies.credio.com\/l\/6\/Atlas-Van-Lines-Inc#review\/532419\" target=\"_blank\" rel=\"noopener\">Credio<\/a><\/li>\n<li> <em>\"Opravdu jsem cht\u011bl m\u00edt r\u00e1d Atlas a jejich kanadsk\u00e9ho agenta AMJ Campbella.  Byli uprost\u0159ed cenov\u00fdch nab\u00eddek, kter\u00e9 mi byly poskytnuty, ani p\u0159\u00edli\u0161 vysok\u00e9, ani p\u0159\u00edli\u0161 n\u00edzk\u00e9. Doporu\u010dil mi je kamar\u00e1d, kter\u00fd p\u0159ed rokem prov\u00e1d\u011bl podobn\u00e9 mezin\u00e1rodn\u00ed st\u011bhov\u00e1n\u00ed. V \u0159ad\u011b p\u0159\u00edpad\u016f v\u0161ak naprosto selhali.\"<\/em>- Irene A. prost\u0159ednictv\u00edm <a href=\"http:\/\/www.yelp.co.uk\/biz\/atlas-van-lines-evansville-2?hrid=bDSbnk9dU-dvtTPUKtGOyA&#038;utm_campaign=www_review_share_popup&#038;utm_medium=copy_link&#038;utm_source=(direct)\" target=\"_blank\" rel=\"noopener\">Yelp<\/a><\/li>\n<li> <em>\"St\u011bhov\u00e1ci se opozdili s doru\u010den\u00edm m\u00fdch v\u011bc\u00ed o 21 dn\u00ed.\"<\/em> - James prost\u0159ednictv\u00edm <a href=\"http:\/\/www.mymovingreviews.com\/movingreviews\/another-victim-49405\" target=\"_blank\" rel=\"noopener\">MyMovingReviews<\/a><\/li>\n<li> <em>\"Ned\u00e1vno jsme vyu\u017eili slu\u017eeb spole\u010dnosti ATLAS van lines a tuto spole\u010dnost nikomu nedoporu\u010dujeme. Za na\u0161e mal\u00e9 st\u011bhov\u00e1n\u00ed a doru\u010dovac\u00ed slu\u017ebu n\u00e1m bylo nab\u00eddnuto m\u00e9n\u011b ne\u017e $7000. Nakonec jsme zaplatili v\u00edce ne\u017e $12 000 a pak jsme dostali slu\u017ebu DROP-OFF.\"<\/em> Noreen prost\u0159ednictv\u00edm <a href=\"https:\/\/www.consumeraffairs.com\/movers\/atlas.html\" target=\"_blank\" rel=\"noopener\">Spot\u0159ebitelsk\u00e9 z\u00e1le\u017eitosti<\/a><\/li>\n<\/ul>\n<div itemprop=\"review\" itemscope itemtype=\"http:\/\/schema.org\/Review\">\n<span itemprop=\"author\" itemscope=\"\" itemtype=\"http:\/\/schema.org\/Organization\"><span itemprop=\"name\">MoverDB.com<\/span><\/span> Online recenze webov\u00fdch str\u00e1nek pro <span itemprop=\"itemreviewed\" itemscope=\"\" itemtype=\"http:\/\/schema.org\/Brand\"><span itemprop=\"name\">Atlas International<\/span><\/span>:<\/p>\n<ol>\n<li> Jasn\u00e9 kontaktn\u00ed \u00fadaje na webov\u00fdch str\u00e1nk\u00e1ch (v\u010detn\u011b telefonn\u00edho \u010d\u00edsla): <strong>Ano<\/strong><\/li>\n<li> Snadn\u00e9 z\u00edsk\u00e1n\u00ed <a href=\"https:\/\/moverdb.com\/cs\/citaty\/\">mezin\u00e1rodn\u00ed st\u011bhov\u00e1n\u00ed citace<\/a>? (Online formul\u00e1\u0159 \u017e\u00e1dosti o odhad): <strong>Ano<\/strong><\/li>\n<li> Jasn\u00e9 informace na webov\u00fdch str\u00e1nk\u00e1ch: <strong>\u010c\u00e1ste\u010dn\u011b.<\/strong> I kdy\u017e webov\u00e9 str\u00e1nky obsahuj\u00ed mnoho u\u017eite\u010dn\u00fdch informac\u00ed, nejsou p\u0159\u00edli\u0161 p\u0159ehledn\u00e9. Nav\u00edc nen\u00ed pln\u011b responzivn\u00ed na mobiln\u00edch za\u0159\u00edzen\u00edch.<\/li>\n<li> \u010clenstv\u00ed v mezin\u00e1rodn\u00edch uzn\u00e1van\u00fdch organizac\u00edch pohybliv\u00fdch aktivit: <strong>Ano<\/strong>, 12 (viz v\u00fd\u0161e)<\/li>\n<li> Seznam klient\u016f a\/nebo reference p\u0159edchoz\u00edch z\u00e1kazn\u00edk\u016f: <strong>\u010c\u00e1ste\u010dn\u011b.<\/strong> A\u010dkoli jsou n\u011bkter\u00e9 reference roztrou\u0161eny po cel\u00e9 webov\u00e9 str\u00e1nce, neexistuje \u017e\u00e1dn\u00e9 m\u00edsto, kde byste si je mohli prohl\u00e9dnout v\u0161echny. Krom\u011b toho, a\u010dkoli maj\u00ed sekci pro klienty v \u010d\u00e1sti firemn\u00ed st\u011bhov\u00e1n\u00ed, nejsou zde \u017e\u00e1dn\u00ed klienti jmenovit\u011b uvedeni.<\/li>\n<\/ol>\n<div itemprop=\"reviewRating\" itemscope itemtype=\"http:\/\/schema.org\/Rating\"><meta itemprop=\"worstRating\" content = \"0\" \/><meta itemprop=\"bestRating\" content=\"5\" \/><meta itemprop=\"ratingValue\" content=\"4\"><\/div>\n<p><strong>Celkov\u00e9 hodnocen\u00ed: 4\/5<\/strong><br \/>\n<strong>Datum recenze:<\/strong> <span itemprop=\"datePublished\" content=\"2016-04-21\">21\/04\/2016<\/span>\n<\/div>\n<p>P\u0159e\u010dt\u011bte si v\u00edce o <a href=\"https:\/\/moverdb.com\/cs\/stehovani-spolecnosti\/\">mezin\u00e1rodn\u00ed st\u011bhovac\u00ed spole\u010dnosti<\/a>, <a href=\"https:\/\/moverdb.com\/cs\/us-canada-movers\/\">USA zalo\u017een\u00e9 pohybuj\u00edc\u00ed se spole\u010dnosti<\/a> a na\u0161e <a href=\"https:\/\/moverdb.com\/cs\/recenze\/\">vysv\u011btlen\u00ed procesu p\u0159ezkoum\u00e1n\u00ed<\/a>.<\/p>\n<p><strong>Webov\u00e9 str\u00e1nky:<\/strong> <a href=\"https:\/\/www.atlasvanlines.com\/international-movers\" target=\"_blank\" rel=\"noopener\">https:\/\/www.atlasvanlines.com\/international-movers<\/a><\/p>","protected":false},"excerpt":{"rendered":"<p>Atlas Van Lines International offers the following services for people moving abroad. You can also view a company profile and read reviews below: Personal and Corporate moves: Transportation Services Global door-to-door household goods transportation Ocean &#038; air freight Automobiles and boats Project freight (exhibits and displays) Relocation Services Program administration &#038; support Policy development Consulting [&hellip;]<\/p>\n","protected":false},"author":1,"featured_media":0,"parent":0,"menu_order":0,"comment_status":"closed","ping_status":"closed","template":"","meta":{"_genesis_hide_title":false,"_genesis_hide_breadcrumbs":false,"_genesis_hide_singular_image":false,"_genesis_hide_footer_widgets":false,"_genesis_custom_body_class":"","_genesis_custom_post_class":"","_genesis_layout":"","footnotes":""},"class_list":{"0":"post-246","1":"page","2":"type-page","3":"status-publish","5":"entry"},"_links":{"self":[{"href":"https:\/\/moverdb.com\/cs\/wp-json\/wp\/v2\/pages\/246","targetHints":{"allow":["GET"]}}],"collection":[{"href":"https:\/\/moverdb.com\/cs\/wp-json\/wp\/v2\/pages"}],"about":[{"href":"https:\/\/moverdb.com\/cs\/wp-json\/wp\/v2\/types\/page"}],"author":[{"embeddable":true,"href":"https:\/\/moverdb.com\/cs\/wp-json\/wp\/v2\/users\/1"}],"replies":[{"embeddable":true,"href":"https:\/\/moverdb.com\/cs\/wp-json\/wp\/v2\/comments?post=246"}],"version-history":[{"count":29,"href":"https:\/\/moverdb.com\/cs\/wp-json\/wp\/v2\/pages\/246\/revisions"}],"predecessor-version":[{"id":6178,"href":"https:\/\/moverdb.com\/cs\/wp-json\/wp\/v2\/pages\/246\/revisions\/6178"}],"wp:attachment":[{"href":"https:\/\/moverdb.com\/cs\/wp-json\/wp\/v2\/media?parent=246"}],"curies":[{"name":"wp","href":"https:\/\/api.w.org\/{rel}","templated":true}]}}