{"id":225,"date":"2016-03-28T16:58:52","date_gmt":"2016-03-28T16:58:52","guid":{"rendered":"http:\/\/moverdb.com\/?page_id=225"},"modified":"2026-01-08T14:47:25","modified_gmt":"2026-01-08T14:47:25","slug":"o","status":"publish","type":"page","link":"https:\/\/moverdb.com\/cs\/about\/","title":{"rendered":"O str\u00e1nk\u00e1ch"},"content":{"rendered":"<p>MoverDB.com byla zalo\u017eena, aby v\u00e1m poskytovala objektivn\u00ed informace o <a href=\"https:\/\/moverdb.com\/cs\/moving-companies\/\" data-internallinksmanager029f6b8e52c=\"79\" title=\"Top 25 Mezin\u00e1rodn\u00ed st\u011bhovac\u00ed spole\u010dnosti Online\">mezin\u00e1rodn\u00ed st\u011bhovac\u00ed spole\u010dnosti<\/a> a n\u00e1klady spojen\u00e9 se st\u011bhov\u00e1n\u00edm do zahrani\u010d\u00ed. <\/p>\n<p>Abychom v\u00e1m pomohli, vytvo\u0159ili jsme n\u011bkolik praktick\u00fdch pr\u016fvodc\u016f, kter\u00e9 v\u00e1m pomohou za\u010d\u00edt. M\u016f\u017eete se dozv\u011bd\u011bt o:<\/p>\n<ul>\n<li> <a href=\"https:\/\/moverdb.com\/cs\/kontejnerova-preprava\/\">Sazby mezin\u00e1rodn\u00ed kontejnerov\u00e9 dopravy<\/a><\/li>\n<li> <a href=\"https:\/\/moverdb.com\/cs\/stehovani-spolecnosti\/\">Top 25 Mezin\u00e1rodn\u00ed st\u011bhovac\u00ed spole\u010dnosti Online<\/a><\/li>\n<li> <a href=\"https:\/\/moverdb.com\/cs\/prepravni-spolecnosti\/\">20 nejlep\u0161\u00edch mezin\u00e1rodn\u00edch p\u0159epravn\u00edch spole\u010dnost\u00ed<\/a><\/li>\n<li> <a href=\"https:\/\/moverdb.com\/cs\/mezinarodni-stehovani\/\">Mezin\u00e1rodn\u00ed st\u011bhov\u00e1n\u00ed: 12 nejlep\u0161\u00edch spole\u010dnost\u00ed ve Velk\u00e9 Brit\u00e1nii<\/a><\/li>\n<li> <a href=\"https:\/\/moverdb.com\/cs\/naklady-na-stehovani\/\">N\u00e1klady na mezin\u00e1rodn\u00ed st\u011bhov\u00e1n\u00ed: 9 v\u011bc\u00ed, kter\u00e9 nesm\u00edte ignorovat<\/a><\/li>\n<li> <a href=\"https:\/\/moverdb.com\/cs\/spedice\/\">Mezin\u00e1rodn\u00ed spedice a NVOCC Pr\u016fvodce n\u00e1klady a spole\u010dnostmi<\/a><\/li>\n<li> <a href=\"https:\/\/moverdb.com\/cs\/citaty\/\">Mezin\u00e1rodn\u00ed st\u011bhov\u00e1n\u00ed citace: 12 zp\u016fsob\u016f, jak porovnat st\u011bhov\u00e1n\u00ed<\/a><\/li>\n<\/ul>\n<p>Za zm\u00ednku stoj\u00ed tak\u00e9 to, \u017ee pomoc\u00ed formul\u00e1\u0159e v horn\u00ed \u010d\u00e1sti str\u00e1nky si m\u016f\u017eete vy\u017e\u00e1dat nab\u00eddku a\u017e od 6 mezin\u00e1rodn\u00edch st\u011bhovac\u00edch spole\u010dnost\u00ed. Spolupracovali jsme s <a href=\"https:\/\/moverdb.com\/cs\/international-removals\/\" data-internallinksmanager029f6b8e52c=\"27\" title=\"36 nejlep\u0161\u00edch mezin\u00e1rodn\u00edch st\u011bhovac\u00edch spole\u010dnost\u00ed ve Velk\u00e9 Brit\u00e1nii\">Mezin\u00e1rodn\u00ed st\u011bhov\u00e1n\u00ed<\/a> Direct, abychom v\u00e1m pomohli naj\u00edt ty nejlep\u0161\u00ed spole\u010dnosti na sv\u011bt\u011b. <\/p>\n<p>Pokud byste na na\u0161ich str\u00e1nk\u00e1ch cht\u011bli n\u011bco vid\u011bt, nev\u00e1hejte a napi\u0161te n\u00e1m. <a href=\"https:\/\/moverdb.com\/cs\/kontakt-us\/\">kontaktujte n\u00e1s<\/a>.<\/p>","protected":false},"excerpt":{"rendered":"<p>MoverDB.com was set-up to give you unbiased information about international moving companies and the costs associated with moving overseas. To help you we&#8217;ve created some handy guides to get you started. You can find out about: International Container Shipping Rates Top 25 International Moving Companies Online Top 20 International Shipping Companies International Removals: Top 12 [&hellip;]<\/p>\n","protected":false},"author":1,"featured_media":0,"parent":0,"menu_order":0,"comment_status":"closed","ping_status":"closed","template":"","meta":{"_genesis_hide_title":false,"_genesis_hide_breadcrumbs":false,"_genesis_hide_singular_image":false,"_genesis_hide_footer_widgets":false,"_genesis_custom_body_class":"","_genesis_custom_post_class":"","_genesis_layout":"","footnotes":""},"class_list":{"0":"post-225","1":"page","2":"type-page","3":"status-publish","5":"entry"},"_links":{"self":[{"href":"https:\/\/moverdb.com\/cs\/wp-json\/wp\/v2\/pages\/225","targetHints":{"allow":["GET"]}}],"collection":[{"href":"https:\/\/moverdb.com\/cs\/wp-json\/wp\/v2\/pages"}],"about":[{"href":"https:\/\/moverdb.com\/cs\/wp-json\/wp\/v2\/types\/page"}],"author":[{"embeddable":true,"href":"https:\/\/moverdb.com\/cs\/wp-json\/wp\/v2\/users\/1"}],"replies":[{"embeddable":true,"href":"https:\/\/moverdb.com\/cs\/wp-json\/wp\/v2\/comments?post=225"}],"version-history":[{"count":4,"href":"https:\/\/moverdb.com\/cs\/wp-json\/wp\/v2\/pages\/225\/revisions"}],"predecessor-version":[{"id":5337,"href":"https:\/\/moverdb.com\/cs\/wp-json\/wp\/v2\/pages\/225\/revisions\/5337"}],"wp:attachment":[{"href":"https:\/\/moverdb.com\/cs\/wp-json\/wp\/v2\/media?parent=225"}],"curies":[{"name":"wp","href":"https:\/\/api.w.org\/{rel}","templated":true}]}}