{"id":1684,"date":"2017-02-23T19:16:05","date_gmt":"2017-02-23T19:16:05","guid":{"rendered":"http:\/\/moverdb.com\/?page_id=1684"},"modified":"2026-01-08T14:45:54","modified_gmt":"2026-01-08T14:45:54","slug":"1-800-pack-rat","status":"publish","type":"page","link":"https:\/\/moverdb.com\/cs\/1-800-pack-rat\/","title":{"rendered":"1-800-Pack-Rat - Mezin\u00e1rodn\u00ed st\u011bhov\u00e1n\u00ed Recenze"},"content":{"rendered":"<p>Spole\u010dnost 1-800-Pack-Rat nab\u00edz\u00ed sv\u00fdm z\u00e1kazn\u00edk\u016fm snadnou volbu p\u0159i st\u011bhov\u00e1n\u00ed. N\u00ed\u017ee jsou uvedeny podrobnosti, profil spole\u010dnosti a recenze.<\/p>\n<p><strong>D\u00e1lkov\u00e9 a m\u00edstn\u00ed p\u0159esuny<\/strong><\/p>\n<ul>\n<li> Dod\u00e1n\u00ed kontejneru nejm\u00e9n\u011b 30 dn\u00ed p\u0159ed st\u011bhov\u00e1n\u00edm<\/li>\n<li> Vlastn\u00ed balen\u00ed kontejneru nebo vyu\u017eit\u00ed profesion\u00e1ln\u00edch balic\u00edch firem<\/li>\n<li> Bezplatn\u00fd z\u00e1mek kontejneru bez \u0159ezu<\/li>\n<li> Bezplatn\u00e1 ochrana obsahu $10,000<\/li>\n<li> Mo\u017enost dlouh\u00e9ho a kr\u00e1tk\u00e9ho skladov\u00e1n\u00ed<\/li>\n<li> Vyzvednut\u00ed a dod\u00e1n\u00ed kontejneru na m\u00edsto ur\u010den\u00ed<\/li>\n<\/ul>\n<p><strong>Vojensk\u00e9 p\u0159esuny<\/strong><\/p>\n<ul>\n<li> Vojensk\u00fd person\u00e1l si m\u016f\u017ee zvolit osobn\u011b po\u0159\u00edzen\u00e9 st\u011bhov\u00e1n\u00ed (PPM)<\/li>\n<li> Vl\u00e1da uhrad\u00ed 95% odborn\u00fdch <a href=\"https:\/\/moverdb.com\/cs\/naklady-na-stehovani\/\">n\u00e1klady na st\u011bhov\u00e1n\u00ed<\/a><\/li>\n<li> Kontejner doru\u010den\u00fd a\u017e ke dve\u0159\u00edm<\/li>\n<li> 30 a v\u00edce dn\u00ed na zabalen\u00ed<\/li>\n<li> <a href=\"https:\/\/moverdb.com\/cs\/kontejnerova-preprava\/\">Kontejnerov\u00e1 doprava<\/a> na nov\u00e9 m\u00edsto<\/li>\n<\/ul>\n<p><strong>\u00dalo\u017ei\u0161t\u011b<\/strong><\/p>\n<ul>\n<li> nep\u0159etr\u017eit\u00fd kamerov\u00fd dohled<\/li>\n<li> Automatick\u00e9 post\u0159ikova\u010de<\/li>\n<li> \u0158\u00edzen\u00e9 klima<\/li>\n<li> Snadn\u00fd p\u0159\u00edstup na m\u00edsto<\/li>\n<li> Bezprobl\u00e9mov\u00e9 doru\u010den\u00ed<\/li>\n<\/ul>\n<p><strong>Pou\u017e\u00edv\u00e1n\u00ed kontejner\u016f<\/strong><\/p>\n<ul>\n<li> Obnova a sanace<\/li>\n<li> Slu\u017eby dodavatele<\/li>\n<li> Sez\u00f3nn\u00ed skladov\u00e1n\u00ed<\/li>\n<li> Realitn\u00ed slu\u017eby<\/li>\n<li> Pomoc p\u0159i katastrof\u00e1ch<\/li>\n<li> Ukl\u00e1d\u00e1n\u00ed ud\u00e1lost\u00ed<\/li>\n<li> Maloobchodn\u00ed a komer\u010dn\u00ed skladov\u00e1n\u00ed<\/li>\n<li> Poji\u0161\u0165ovny<\/li>\n<li> St\u011bhov\u00e1n\u00ed firem nebo arm\u00e1dy<\/li>\n<li> \u0158e\u0161en\u00ed pro n\u00e1kladn\u00ed dopravu a logistiku<\/li>\n<\/ul>\n<h2>Profil spole\u010dnosti 1-800-Pack-Rat<\/h2>\n<p>Spole\u010dnost 1-800-Pack-Rat m\u00e1 \u0159adu provozoven v oblasti <a href=\"https:\/\/moverdb.com\/cs\/moving-to-the-united-states\/\" data-internallinksmanager029f6b8e52c=\"94\" title=\"St\u011bhujete se do Spojen\u00fdch st\u00e1t\u016f? 2022 \u017divotn\u00ed n\u00e1klady a tipy na st\u011bhov\u00e1n\u00ed\">Spojen\u00e9 st\u00e1ty americk\u00e9<\/a> a <a href=\"https:\/\/moverdb.com\/cs\/moving-to-canada\/\" data-internallinksmanager029f6b8e52c=\"265\" title=\"St\u011bhov\u00e1n\u00ed do Kanady? 2026 N\u00e1klady na bydlen\u00ed a tipy na p\u0159est\u011bhov\u00e1n\u00ed\">Kanada<\/a>. Spole\u010dnost m\u00e1 v\u00edce ne\u017e 10 let zku\u0161enost\u00ed se skladov\u00e1n\u00edm a st\u011bhov\u00e1n\u00edm osob a firem na m\u00edstn\u00ed i d\u00e1lkov\u00e9 \u00farovni.<\/p>\n<p>Spole\u010dnost 1-800-Pack-Rat m\u00e1 n\u00e1sleduj\u00edc\u00ed akreditace a afiliace:<\/p>\n<ul>\n<li> Na webov\u00fdch str\u00e1nk\u00e1ch nen\u00ed uvedeno, a\u010dkoli <a href=\"https:\/\/moverdb.com\/cs\/iam\/\" target=\"_blank\" rel=\"noopener\">Mezin\u00e1rodn\u00ed asociace st\u011bhov\u00e1k\u016f<\/a> je uv\u00e1d\u00ed ve sv\u00e9m adres\u00e1\u0159i \u010dlen\u016f.<\/li>\n<\/ul>\n<h2>1-800-Pack-Rat Recenze<\/h2>\n<p><strong>Pozitivn\u00ed:<\/strong><\/p>\n<ul>\n<li> <em>\"Bylo \u00fa\u017easn\u00e9, \u017ee jsme se o tento aspekt na\u0161eho st\u011bhov\u00e1n\u00ed nemuseli starat. Cel\u00e1 zku\u0161enost od m\u00e9ho prvn\u00edho telefon\u00e1tu, p\u0159es z\u00edsk\u00e1n\u00ed konkurenceschopn\u00fdch nab\u00eddek, online pl\u00e1nov\u00e1n\u00ed, automatickou platbu a\u017e po jedn\u00e1n\u00ed se znal\u00fdm a p\u0159\u00e1telsk\u00fdm person\u00e1lem, kdy\u017e jsem m\u011bl ot\u00e1zky, byla bez stresu. Je\u0161t\u011b jsem nedokon\u010dil vybalov\u00e1n\u00ed, ale zat\u00edm je to tak, \u017ee m\u00e9 v\u011bci dorazily v po\u0159\u00e1dku a zdrav\u00e9.\"<\/em> - Heather prost\u0159ednictv\u00edm <a href=\"https:\/\/www.1800packrat.com\/reviews\" target=\"_blank\" rel=\"noopener\">reference z\u00e1kazn\u00edk\u016f<\/a><\/li>\n<li> <em>\"V\u0161echny na\u0161e v\u011bci jsme st\u011bhovali se spole\u010dnost\u00ed 1-800-PACK-RAT a na\u0161e zku\u0161enost byla skv\u011bl\u00e1. Byli n\u00e1m k dispozici v p\u0159\u00edpad\u011b dotaz\u016f, a to i v noci, a byli zdvo\u0159il\u00ed a p\u0159\u00e1tel\u0161t\u00ed. Dodr\u017eeli v\u0161echny term\u00edny, umo\u017enili n\u00e1m zabalit si v\u011bci sami b\u011bhem n\u011bkolika dn\u016f &amp; pak je b\u011bhem 10 dn\u016f odvezli na na\u0161e nov\u00e9 m\u00edsto.\"<\/em> - prost\u0159ednictv\u00edm <a href=\"https:\/\/uk.trustpilot.com\/reviews\/58acb46d883cc60a283ce37e\" target=\"_blank\" rel=\"noopener\">TrustPilot<\/a><\/li>\n<li> <em>\"Ned\u00e1vno jsem se p\u0159est\u011bhoval na del\u0161\u00ed vzd\u00e1lenost z <a href=\"https:\/\/moverdb.com\/cs\/moving-to-the-united-states\/moving-to-california\/\" data-internallinksmanager029f6b8e52c=\"330\" title=\"St\u011bhov\u00e1n\u00ed do Kalifornie? 2026 N\u00e1klady na bydlen\u00ed a tipy na p\u0159est\u011bhov\u00e1n\u00ed\">Kalifornie<\/a> na <a href=\"https:\/\/moverdb.com\/cs\/moving-to-the-united-states\/moving-to-florida\/\" data-internallinksmanager029f6b8e52c=\"331\" title=\"St\u011bhov\u00e1n\u00ed na Floridu? 2026 N\u00e1klady na bydlen\u00ed a tipy na p\u0159est\u011bhov\u00e1n\u00ed\">Florida<\/a> pomoc\u00ed \u00falo\u017ei\u0161t\u011b Pack Rat. A budu je pou\u017e\u00edvat znovu, byli v\u010das od p\u0159ed\u00e1n\u00ed a\u017e po doru\u010den\u00ed a Pack Rat byli levn\u011bj\u0161\u00ed ne\u017e PODS.\"<\/em> - Paul prost\u0159ednictv\u00edm <a href=\"https:\/\/www.yelp.co.uk\/biz\/1-800-pack-rat-tampa?hrid=sQKUV3MPkChipe8OJiZIcQ&#038;utm_campaign=www_review_share_popup&#038;utm_medium=copy_link&#038;utm_source=(direct)\" target=\"_blank\" rel=\"noopener\">Yelp<\/a><\/li>\n<\/ul>\n<p><strong>Negativn\u00ed:<\/strong><\/p>\n<ul>\n<li> <em>\"Jsou no\u010dn\u00ed m\u016frou. Nikdo tam nev\u00ed, co d\u011bl\u00e1 ten druh\u00fd.\"<\/em> - Mia prost\u0159ednictv\u00edm <a href=\"https:\/\/www.yelp.com\/biz\/1-800-pack-rat-fremont?hrid=YhOaE8BWuhGeu6UpKuLVVQ&#038;utm_campaign=www_review_share_popup&#038;utm_medium=copy_link&#038;utm_source=(direct)\" target=\"_blank\" rel=\"noopener\">Yelp<\/a><\/li>\n<li> <em>\"Nebyli schopni nebo sp\u00ed\u0161 ochotni mi ten modul doru\u010dit a\u017e dom\u016f. \u0158idi\u010d nic nenam\u011b\u0159il. Byl tam 2 minuty a odjel. Kdy\u017e jsem zavolal na z\u00e1kaznick\u00fd servis, byli tak neuv\u011b\u0159iteln\u011b drz\u00ed!\"<\/em> - Leila prost\u0159ednictv\u00edm <a href=\"https:\/\/www.bbb.org\/boston\/business-reviews\/storage-units-household-and-commercial\/1-800-pack-rat-in-foxboro-ma-116673\/reviews-and-complaints\" target=\"_blank\" rel=\"noopener\">BBB.org<\/a><\/li>\n<li> <em>\"Tak na\u0161tvan\u00fd s 1-800-PackRat\"<\/em> - prost\u0159ednictv\u00edm <a href=\"https:\/\/www.pissedconsumer.com\/company\/1800-pack-rat\/so-angry-with-1-800-packrat-20161024942159.html\" target=\"_blank\" rel=\"noopener\">Na\u0161tvan\u00fd spot\u0159ebitel<\/a><\/li>\n<\/ul>\n<div itemprop=\"review\" itemscope itemtype=\"http:\/\/schema.org\/Review\">\n<span itemprop=\"author\" itemscope=\"\" itemtype=\"http:\/\/schema.org\/Organization\"><span itemprop=\"name\">MoverDB.com<\/span><\/span> Online recenze webov\u00fdch str\u00e1nek pro <span itemprop=\"itemreviewed\" itemscope=\"\" itemtype=\"http:\/\/schema.org\/Brand\"><span itemprop=\"name\">1-800-Pack-Rat<\/span><\/span>:<\/p>\n<ol>\n<li> Jasn\u00e9 kontaktn\u00ed \u00fadaje na webov\u00fdch str\u00e1nk\u00e1ch (v\u010detn\u011b telefonn\u00edho \u010d\u00edsla): <strong>Ano<\/strong><\/li>\n<li> Snadn\u00e9 z\u00edsk\u00e1n\u00ed <a href=\"https:\/\/moverdb.com\/cs\/citaty\/\">st\u011bhov\u00e1n\u00ed citace<\/a>? (Online formul\u00e1\u0159 \u017e\u00e1dosti o odhad): <strong>Ano<\/strong><\/li>\n<li> Jasn\u00e9 informace na webov\u00fdch str\u00e1nk\u00e1ch: <strong>Ano,<\/strong> Na webov\u00fdch str\u00e1nk\u00e1ch jsou p\u0159ehledn\u011b uvedeny v\u0161echny slu\u017eby, kter\u00e9 spole\u010dnost nab\u00edz\u00ed.<\/li>\n<li> \u010clenstv\u00ed v mezin\u00e1rodn\u00edch uzn\u00e1van\u00fdch organizac\u00edch pohybliv\u00fdch aktivit: <strong>Ano<\/strong>, ale nen\u00ed uveden na internetov\u00fdch str\u00e1nk\u00e1ch.<\/li>\n<li> Seznam klient\u016f a\/nebo reference p\u0159edchoz\u00edch z\u00e1kazn\u00edk\u016f: <strong>Ano,<\/strong> ale recenze ze zbytku internetu jsou velmi sm\u00ed\u0161en\u00e9.<\/li>\n<\/ol>\n<div itemprop=\"reviewRating\" itemscope itemtype=\"http:\/\/schema.org\/Rating\"><meta itemprop=\"worstRating\" content = \"0\" \/><meta itemprop=\"bestRating\" content=\"5\" \/><meta itemprop=\"ratingValue\" content=\"4\"><\/div>\n<p><strong>Celkov\u00e9 hodnocen\u00ed: 4\/5<\/strong><br \/>\n<strong>Datum recenze:<\/strong> <span itemprop=\"datePublished\" content=\"2017-02-23\">23\/02\/2017<\/span>\n<\/div>\n<p>P\u0159e\u010dt\u011bte si v\u00edce o <a href=\"https:\/\/moverdb.com\/cs\/stehovani-spolecnosti\/\">mezin\u00e1rodn\u00ed st\u011bhov\u00e1n\u00ed<\/a> a na\u0161e <a href=\"https:\/\/moverdb.com\/cs\/recenze\/\">proces p\u0159ezkoum\u00e1n\u00ed<\/a>.<\/p>\n<p><strong>Webov\u00e9 str\u00e1nky:<\/strong> <a href=\"https:\/\/www.1800packrat.com\/\" target=\"_blank\" rel=\"noopener\">https:\/\/www.1800packrat.com\/<\/a><\/p>","protected":false},"excerpt":{"rendered":"<p>1-800-Pack-Rat offers its customers an easy option when it comes to moving. The details are listed below, together with a company profile and reviews. Long Distance and Local Moves Deliver container at least 30 days prior to moving Self-pack container or employ professional packers Complimentary no-cut container lock Complimentary $10,000 contents protection Long and short [&hellip;]<\/p>\n","protected":false},"author":1,"featured_media":0,"parent":0,"menu_order":0,"comment_status":"closed","ping_status":"closed","template":"","meta":{"_genesis_hide_title":false,"_genesis_hide_breadcrumbs":false,"_genesis_hide_singular_image":false,"_genesis_hide_footer_widgets":false,"_genesis_custom_body_class":"","_genesis_custom_post_class":"","_genesis_layout":"","footnotes":""},"class_list":{"0":"post-1684","1":"page","2":"type-page","3":"status-publish","5":"entry"},"_links":{"self":[{"href":"https:\/\/moverdb.com\/cs\/wp-json\/wp\/v2\/pages\/1684","targetHints":{"allow":["GET"]}}],"collection":[{"href":"https:\/\/moverdb.com\/cs\/wp-json\/wp\/v2\/pages"}],"about":[{"href":"https:\/\/moverdb.com\/cs\/wp-json\/wp\/v2\/types\/page"}],"author":[{"embeddable":true,"href":"https:\/\/moverdb.com\/cs\/wp-json\/wp\/v2\/users\/1"}],"replies":[{"embeddable":true,"href":"https:\/\/moverdb.com\/cs\/wp-json\/wp\/v2\/comments?post=1684"}],"version-history":[{"count":3,"href":"https:\/\/moverdb.com\/cs\/wp-json\/wp\/v2\/pages\/1684\/revisions"}],"predecessor-version":[{"id":6165,"href":"https:\/\/moverdb.com\/cs\/wp-json\/wp\/v2\/pages\/1684\/revisions\/6165"}],"wp:attachment":[{"href":"https:\/\/moverdb.com\/cs\/wp-json\/wp\/v2\/media?parent=1684"}],"curies":[{"name":"wp","href":"https:\/\/api.w.org\/{rel}","templated":true}]}}