{"id":1680,"date":"2017-01-25T11:25:11","date_gmt":"2017-01-25T11:25:11","guid":{"rendered":"http:\/\/moverdb.com\/?page_id=1680"},"modified":"2026-01-08T14:47:26","modified_gmt":"2026-01-08T14:47:26","slug":"agility","status":"publish","type":"page","link":"https:\/\/moverdb.com\/cs\/agility\/","title":{"rendered":"Agility - Mezin\u00e1rodn\u00ed st\u011bhov\u00e1n\u00ed a p\u0159eprava Recenze"},"content":{"rendered":"<p>Agility je nejv\u011bt\u0161\u00ed logistickou a <a href=\"https:\/\/moverdb.com\/cs\/moving-companies\/\" data-internallinksmanager029f6b8e52c=\"79\" title=\"Top 25 Mezin\u00e1rodn\u00ed st\u011bhovac\u00ed spole\u010dnosti Online\">st\u011bhovac\u00ed spole\u010dnost<\/a> na Bl\u00edzk\u00e9m v\u00fdchod\u011b. Sv\u00fdm z\u00e1kazn\u00edk\u016fm nab\u00edz\u00ed \u0161irokou \u0161k\u00e1lu slu\u017eeb, kter\u00e9 jsou uvedeny n\u00ed\u017ee spolu s profilem spole\u010dnosti a recenzemi. <strong>Upozor\u0148ujeme, \u017ee spole\u010dnost Agility neprov\u00e1d\u00ed st\u011bhov\u00e1n\u00ed zbo\u017e\u00ed pro dom\u00e1cnost ani osobn\u00edch v\u011bc\u00ed pro jednotlivce.<\/strong>.<\/p>\n<p><strong>Mezin\u00e1rodn\u00ed p\u0159esuny<\/strong><\/p>\n<ul>\n<li> Slu\u017eba od dve\u0159\u00ed ke dve\u0159\u00edm<\/li>\n<li> N\u00e1mo\u0159n\u00ed nebo leteck\u00e1 p\u0159eprava<\/li>\n<li> Odborn\u00e9 balic\u00ed slu\u017eby<\/li>\n<li> Odborn\u00e9 vybalovac\u00ed slu\u017eby<\/li>\n<li> Odstra\u0148ov\u00e1n\u00ed trosek<\/li>\n<li> Vy\u0159izov\u00e1n\u00ed z\u00e1le\u017eitost\u00ed spojen\u00fdch s celn\u00edm zprost\u0159edkov\u00e1n\u00edm a proclen\u00edm.<\/li>\n<li> dohled nad nakl\u00e1dkou speci\u00e1ln\u00edch kontejner\u016f na m\u00edst\u011b<\/li>\n<li> Dlouhodob\u00e9 a kr\u00e1tkodob\u00e9 skladov\u00e1n\u00ed<\/li>\n<li> Poji\u0161t\u011bn\u00ed<\/li>\n<li> Specializovan\u00e9 p\u0159epravky<\/li>\n<li> Servis spot\u0159ebi\u010d\u016f<\/li>\n<li> \u0158emeslnick\u00e9 slu\u017eby<\/li>\n<li> Elektrik\u00e1\u0159<\/li>\n<li> Demont\u00e1\u017e a zp\u011btn\u00e1 mont\u00e1\u017e n\u00e1bytku a zbo\u017e\u00ed<\/li>\n<li> Speci\u00e1ln\u00ed manipulace s velk\u00fdmi a\/nebo k\u0159ehk\u00fdmi p\u0159edm\u011bty<\/li>\n<\/ul>\n<p><strong>Skladov\u00e1n\u00ed a distribuce<\/strong><\/p>\n<ul>\n<li> Kompletn\u00ed spr\u00e1va<\/li>\n<li> Silni\u010dn\u00ed, leteck\u00e1 a n\u00e1mo\u0159n\u00ed n\u00e1kladn\u00ed doprava<\/li>\n<li> Flexibilita velikosti a typu za\u0159\u00edzen\u00ed<\/li>\n<li> \u0158\u00edzen\u00ed komplexn\u00edho pl\u00e1nov\u00e1n\u00ed a dopl\u0148ov\u00e1n\u00ed z\u00e1sob<\/li>\n<\/ul>\n<p><strong>Pr\u016fmyslov\u00e1 \u0159e\u0161en\u00ed<\/strong><\/p>\n<ul>\n<li> Automobilov\u00e9 pohyby<\/li>\n<li> Bezpe\u010dn\u00e9 a spolehliv\u00e9 chemick\u00e9 pohyby<\/li>\n<li> Spot\u0159ebn\u00ed zbo\u017e\u00ed<\/li>\n<li> P\u0159esun mezin\u00e1rodn\u00edch organizac\u00ed, vl\u00e1d, humanit\u00e1rn\u00edch skupin a arm\u00e1dy<\/li>\n<li> Pr\u016fmyslov\u00e9 p\u0159esuny<\/li>\n<li> Logistick\u00e1 \u0159e\u0161en\u00ed v oblasti ropy a zemn\u00edho plynu<\/li>\n<li> Dodavatelsk\u00fd \u0159et\u011bzec v oblasti farmacie a life sciences<\/li>\n<li> Technologie<\/li>\n<li> P\u0159esuny na veletrz\u00edch a akc\u00edch<\/li>\n<\/ul>\n<h2>Profil spole\u010dnosti Agility<\/h2>\n<p>Agility je glob\u00e1ln\u00ed logistick\u00e1 spole\u010dnost se s\u00eddlem v Sulaibii, <a href=\"https:\/\/moverdb.com\/cs\/moving-to-kuwait\/\" data-internallinksmanager029f6b8e52c=\"354\" title=\"St\u011bhov\u00e1n\u00ed do Kuvajtu? 2026 N\u00e1klady na bydlen\u00ed a tipy na st\u011bhov\u00e1n\u00ed\">Kuvajt<\/a>. Agility poskytuje slu\u017eby spole\u010dnostem, vl\u00e1d\u00e1m, humanit\u00e1rn\u00edm agentur\u00e1m, arm\u00e1d\u011b a mezin\u00e1rodn\u00edm organizac\u00edm, a to prost\u0159ednictv\u00edm dopravy, skladov\u00e1n\u00ed, <a href=\"https:\/\/moverdb.com\/cs\/spedice\/\">spedice<\/a> a logistick\u00e1 \u0159e\u0161en\u00ed. Spole\u010dnost zam\u011bstn\u00e1v\u00e1 v\u00edce ne\u017e 22 000 lid\u00ed a m\u00e1 v\u00edce ne\u017e 500 pobo\u010dek rozm\u00edst\u011bn\u00fdch ve 100 zem\u00edch.<\/p>\n<p>Spole\u010dnost Agility vznikla v roce 1979 jako kuvajtsk\u00e1 st\u00e1tn\u00ed spole\u010dnost Public Warehousing Co. V roce 1997 byla privatizov\u00e1na a jej\u00edm p\u0159edsedou se stal Tarek Sultan Al Essa. Spole\u010dnost Agility se rozhodla proniknout na dosud nevyu\u017eit\u00e9 trhy, jako je Afrika, Asie, St\u0159edn\u00ed v\u00fdchod a Latinsk\u00e1 Amerika. Spole\u010dnost rychle expandovala a koupila v\u00edce ne\u017e 40 logistick\u00fdch spole\u010dnost\u00ed a aktiv po cel\u00e9m sv\u011bt\u011b. <\/p>\n<p>V roce 2004 byla spole\u010dnost Agility nejv\u011bt\u0161\u00edm poskytovatelem logistick\u00fdch slu\u017eeb na St\u0159edn\u00edm v\u00fdchod\u011b. Teprve v roce 2006 se spole\u010dnost PWC stala zn\u00e1mou jako Agility s nov\u00fdm sloganem \"Nov\u00fd logistick\u00fd l\u00eddr\".<\/p>\n<p>Spole\u010dnost Agility m\u00e1 dv\u011b oblasti podnik\u00e1n\u00ed - Agility Global Integrated Logistics a Agility Infrastructure. Prvn\u00ed z nich poskytuje sv\u00fdm klient\u016fm \u0159e\u0161en\u00ed dodavatelsk\u00e9ho \u0159et\u011bzce. Spole\u010dnost Agility uskute\u010dnila 2,14 milionu z\u00e1silek a obslou\u017eila 60 500 klient\u016f. Spole\u010dnost p\u0159epravila 372 700 tun n\u00e1kladu a 513 100 TEU leteck\u00e9 p\u0159epravy. Agility Infrastructure pom\u00e1h\u00e1 rozv\u00edjej\u00edc\u00edm se trh\u016fm s probl\u00e9my souvisej\u00edc\u00edmi s logistikou.<\/p>\n<p>Spole\u010dnost Agility poskytuje pro bono logistickou podporu v p\u0159\u00edpad\u011b humanit\u00e1rn\u00edch katastrof. Jej\u00ed zam\u011bstnanci tak\u00e9 podporuj\u00ed m\u00edstn\u00ed komunity<br \/>\n.<br \/>\nSpole\u010dnost Agility m\u00e1 n\u00e1sleduj\u00edc\u00ed afiliace a akreditace:<\/p>\n<ul>\n<li> Nen\u00ed uvedeno na webov\u00fdch str\u00e1nk\u00e1ch<\/li>\n<\/ul>\n<h2>Agility Moving Recenze<\/h2>\n<p><em>Vezm\u011bte pros\u00edm na v\u011bdom\u00ed, \u017ee v dob\u011b psan\u00ed tohoto \u010dl\u00e1nku se n\u00e1m nepoda\u0159ilo naj\u00edt \u017e\u00e1dn\u00e9 recenze online na st\u011bhovac\u00ed slu\u017eby spole\u010dnosti Agility.<\/em> <\/p>\n<div itemprop=\"review\" itemscope itemtype=\"http:\/\/schema.org\/Review\">\n<span itemprop=\"author\" itemscope=\"\" itemtype=\"http:\/\/schema.org\/Organization\"><span itemprop=\"name\">MoverDB.com<\/span><\/span> Online recenze webov\u00fdch str\u00e1nek pro <span itemprop=\"itemreviewed\" itemscope=\"\" itemtype=\"http:\/\/schema.org\/Brand\"><span itemprop=\"name\">Agility Moving<\/span><\/span>:<\/p>\n<ol>\n<li> Jasn\u00e9 kontaktn\u00ed \u00fadaje na webov\u00fdch str\u00e1nk\u00e1ch (v\u010detn\u011b telefonn\u00edho \u010d\u00edsla): <strong>Ano<\/strong><\/li>\n<li> Snadn\u00e9 z\u00edsk\u00e1n\u00ed <a href=\"https:\/\/moverdb.com\/cs\/citaty\/\">mezin\u00e1rodn\u00ed st\u011bhov\u00e1n\u00ed citace<\/a>? (Online formul\u00e1\u0159 \u017e\u00e1dosti o odhad): <strong>Ano<\/strong><\/li>\n<li> Jasn\u00e9 informace na webov\u00fdch str\u00e1nk\u00e1ch: <strong>Ano,<\/strong> Seznam slu\u017eeb, kter\u00e9 nab\u00edzej\u00ed.<\/li>\n<li> \u010clenstv\u00ed v mezin\u00e1rodn\u00edch uzn\u00e1van\u00fdch organizac\u00edch pohybliv\u00fdch aktivit: <strong>Nen\u00ed uvedeno na webov\u00fdch str\u00e1nk\u00e1ch<\/strong><\/li>\n<li> Seznam klient\u016f a\/nebo reference p\u0159edchoz\u00edch z\u00e1kazn\u00edk\u016f. <strong>Ano,<\/strong> Na webov\u00fdch str\u00e1nk\u00e1ch jsou k dispozici podrobn\u00e9 informace o r\u016fzn\u00fdch specializovan\u00fdch pohybech.<\/li>\n<\/ol>\n<div itemprop=\"reviewRating\" itemscope itemtype=\"http:\/\/schema.org\/Rating\"><meta itemprop=\"worstRating\" content = \"0\" \/><meta itemprop=\"bestRating\" content=\"5\" \/><meta itemprop=\"ratingValue\" content=\"4\"><\/div>\n<p><strong>Celkov\u00e9 hodnocen\u00ed: 4\/5<\/strong><br \/>\n<strong>Datum recenze:<\/strong> <span itemprop=\"datePublished\" content=\"2017-01-25\">25\/01\/2017<\/span>\n<\/div>\n<p>P\u0159e\u010dt\u011bte si v\u00edce o <a href=\"https:\/\/moverdb.com\/cs\/stehovani-spolecnosti\/\">nejlep\u0161\u00ed mezin\u00e1rodn\u00ed st\u011bhov\u00e1ci<\/a> a na\u0161e <a href=\"https:\/\/moverdb.com\/cs\/recenze\/\">proces p\u0159ezkoum\u00e1n\u00ed<\/a>.<\/p>\n<p><strong>Webov\u00e9 str\u00e1nky:<\/strong> <a href=\"http:\/\/www.agility.com\/EN\/products-and-services\/Pages\/Household-Goods-Movement.aspx\" target=\"_blank\" rel=\"noopener\">Agility Pohyb zbo\u017e\u00ed pro dom\u00e1cnost<\/a><\/p>","protected":false},"excerpt":{"rendered":"<p>Agility is the largest logistics and moving company in the Middle East. It offers its customers a wide range of services which are listed below, together with a company profile and reviews. Note that Agility does not move household goods or personal effects for individuals. International Moves Door to door service Sea freight or airfreight [&hellip;]<\/p>\n","protected":false},"author":1,"featured_media":0,"parent":0,"menu_order":0,"comment_status":"closed","ping_status":"closed","template":"","meta":{"_genesis_hide_title":false,"_genesis_hide_breadcrumbs":false,"_genesis_hide_singular_image":false,"_genesis_hide_footer_widgets":false,"_genesis_custom_body_class":"","_genesis_custom_post_class":"","_genesis_layout":"","footnotes":""},"class_list":{"0":"post-1680","1":"page","2":"type-page","3":"status-publish","5":"entry"},"_links":{"self":[{"href":"https:\/\/moverdb.com\/cs\/wp-json\/wp\/v2\/pages\/1680","targetHints":{"allow":["GET"]}}],"collection":[{"href":"https:\/\/moverdb.com\/cs\/wp-json\/wp\/v2\/pages"}],"about":[{"href":"https:\/\/moverdb.com\/cs\/wp-json\/wp\/v2\/types\/page"}],"author":[{"embeddable":true,"href":"https:\/\/moverdb.com\/cs\/wp-json\/wp\/v2\/users\/1"}],"replies":[{"embeddable":true,"href":"https:\/\/moverdb.com\/cs\/wp-json\/wp\/v2\/comments?post=1680"}],"version-history":[{"count":3,"href":"https:\/\/moverdb.com\/cs\/wp-json\/wp\/v2\/pages\/1680\/revisions"}],"predecessor-version":[{"id":6167,"href":"https:\/\/moverdb.com\/cs\/wp-json\/wp\/v2\/pages\/1680\/revisions\/6167"}],"wp:attachment":[{"href":"https:\/\/moverdb.com\/cs\/wp-json\/wp\/v2\/media?parent=1680"}],"curies":[{"name":"wp","href":"https:\/\/api.w.org\/{rel}","templated":true}]}}