{"id":1678,"date":"2017-01-25T12:00:23","date_gmt":"2017-01-25T12:00:23","guid":{"rendered":"http:\/\/moverdb.com\/?page_id=1678"},"modified":"2026-01-08T14:47:27","modified_gmt":"2026-01-08T14:47:27","slug":"aires","status":"publish","type":"page","link":"https:\/\/moverdb.com\/cs\/aires\/","title":{"rendered":"Aires - Mezin\u00e1rodn\u00ed st\u011bhov\u00e1n\u00ed a p\u0159esuny Recenze"},"content":{"rendered":"<p>Spole\u010dnost Aires nab\u00edz\u00ed sv\u00fdm klient\u016fm, jednotlivc\u016fm i firm\u00e1m, celou \u0159adu st\u011bhovac\u00edch slu\u017eeb. Ty jsou uvedeny n\u00ed\u017ee spolu s profilem spole\u010dnosti a recenzemi.<\/p>\n<p><strong>Mezin\u00e1rodn\u00ed p\u0159esuny<\/strong><\/p>\n<ul>\n<li> Kompletn\u00ed zabalen\u00ed a zabalen\u00ed ve\u0161ker\u00e9ho vybaven\u00ed dom\u00e1cnosti a osobn\u00edch v\u011bc\u00ed.<\/li>\n<li> Od dve\u0159\u00ed ke dve\u0159\u00edm<\/li>\n<li> P\u0159\u00edm\u00e9 nakl\u00e1d\u00e1n\u00ed dom\u00e1c\u00edch pot\u0159eb do p\u0159\u00edslu\u0161n\u00e9ho kontejneru nebo dod\u00e1vky.<\/li>\n<li> P\u0159\u00edprava ve\u0161ker\u00e9 dokumentace<\/li>\n<li> Norm\u00e1ln\u00ed, p\u0159\u00edm\u00e9 doru\u010den\u00ed pobytu a odstran\u011bn\u00ed trosek<\/li>\n<li> Vr\u00e1cen\u00ed pr\u00e1zdn\u00fdch kontejner\u016f v mezin\u00e1rodn\u00edm m\u00edst\u011b ur\u010den\u00ed<\/li>\n<li> Kompletn\u00ed sledov\u00e1n\u00ed a komunikace o stavu z\u00e1silky<\/li>\n<li> Automobily<\/li>\n<li> Dlouhodob\u00e9 a kr\u00e1tkodob\u00e9 skladov\u00e1n\u00ed<\/li>\n<li> P\u0159em\u00edst\u011bn\u00ed dom\u00e1c\u00edho mazl\u00ed\u010dka<\/li>\n<\/ul>\n<p><strong>C\u00edlov\u00e9 a usazovac\u00ed slu\u017eby<\/strong><\/p>\n<ul>\n<li> Setk\u00e1n\u00ed a p\u0159iv\u00edt\u00e1n\u00ed<\/li>\n<li> Orientace v oblasti<\/li>\n<li> Vyhled\u00e1v\u00e1n\u00ed a registrace \u0161kol<\/li>\n<li> Pomoc p\u0159i hled\u00e1n\u00ed pron\u00e1jmu dom\u016f<\/li>\n<li> Pomoc p\u0159i vyjedn\u00e1v\u00e1n\u00ed o pron\u00e1jmu<\/li>\n<li> Z\u0159izovac\u00ed slu\u017eby<\/li>\n<li> Pomoc man\u017eel\u016fm\/partner\u016fm<\/li>\n<li> Slu\u017eba do\u010dasn\u00e9ho bydlen\u00ed<\/li>\n<li> V\u00edzov\u00e1, pasov\u00e1 a imigra\u010dn\u00ed asistence<\/li>\n<li> Slu\u017eby kulturn\u00edho a jazykov\u00e9ho vzd\u011bl\u00e1v\u00e1n\u00ed<\/li>\n<li> Pomoc p\u0159i repatriaci<\/li>\n<\/ul>\n<p><strong>Firemn\u00ed slu\u017eby<\/strong><\/p>\n<ul>\n<li> Slu\u017eby spr\u00e1vy st\u011bhov\u00e1n\u00ed<\/li>\n<li> \u0158\u00edzen\u00ed programu p\u0159em\u00edst\u011bn\u00ed<\/li>\n<li> Webov\u00e9 slu\u017eby spole\u010dnosti ReloNet - Firemn\u00ed n\u00e1stroje<\/li>\n<li> P\u0159ezkum a v\u00fdvoj politiky<\/li>\n<li> Realitn\u00ed slu\u017eby<\/li>\n<li> Spr\u00e1va nemovitost\u00ed a n\u00e1jm\u016f<\/li>\n<li> Inspek\u010dn\u00ed slu\u017eby<\/li>\n<li> Odhady \u017eivotn\u00edch n\u00e1klad\u016f<\/li>\n<li> Spr\u00e1va v\u00fddaj\u016f<\/li>\n<li> Poji\u0161t\u011bn\u00ed a \u0159\u00edzen\u00ed rizik<\/li>\n<li> Skupinov\u00e9 st\u011bhovac\u00ed slu\u017eby<\/li>\n<li> Mezin\u00e1rodn\u00ed kompenza\u010dn\u00ed slu\u017eby a slu\u017eby shroma\u017e\u010fov\u00e1n\u00ed \u00fadaj\u016f<\/li>\n<li> \u0158\u00edzen\u00ed dodavatelsk\u00e9ho \u0159et\u011bzce<\/li>\n<\/ul>\n<h2>Profil spole\u010dnosti Aires<\/h2>\n<p>Spole\u010dnost Aires, neboli American International Relocation Solutions LLC, zalo\u017eil v roce 1981 Jim Putt. Spole\u010dnost se zam\u011b\u0159ovala na mezin\u00e1rodn\u00ed st\u011bhov\u00e1n\u00ed a skladov\u00e1n\u00ed pro firmy a jejich zam\u011bstnance. Nyn\u00ed se tato \u010dinnost rozrostla na kompletn\u00ed st\u011bhovac\u00ed slu\u017eby, kter\u00e9 pom\u00e1haj\u00ed zam\u011bstnanc\u016fm rychle se usadit v nov\u00e9m prost\u0159ed\u00ed. Aires je st\u00e1le rodinnou soukromou spole\u010dnost\u00ed.<\/p>\n<p>Spole\u010dnost Aires bere svou odpov\u011bdnost za \u017eivotn\u00ed prost\u0159ed\u00ed velmi v\u00e1\u017en\u011b a \"\u0159e\u0161\u00ed ekologick\u00e9 ot\u00e1zky ze v\u0161ech \u00fahl\u016f pohledu\". Jejich pln\u011b automatizovan\u00e9 syst\u00e9my v\u00fdrazn\u011b sni\u017euj\u00ed pot\u0159ebu pap\u00edrov\u00e1n\u00ed a v\u0161echny jejich kancel\u00e1\u0159e a pobo\u010dky jsou energeticky \u00fasporn\u00e9 a \u0161etrn\u00e9 k \u017eivotn\u00edmu prost\u0159ed\u00ed.<\/p>\n<p>Aires m\u00e1 n\u00e1sleduj\u00edc\u00ed akreditace a afiliace:<\/p>\n<ul>\n<li> <a href=\"https:\/\/moverdb.com\/cs\/rada-pro-premisteni-zamestnancu\/\">Celosv\u011btov\u00e1 ERC<\/a><\/li>\n<li> CERC (Kanadsk\u00e1 rada pro relokaci zam\u011bstnanc\u016f)<\/li>\n<li> SHRM (Spole\u010dnost pro \u0159\u00edzen\u00ed lidsk\u00fdch zdroj\u016f)<\/li>\n<li> <a href=\"https:\/\/moverdb.com\/cs\/iam\/\">IAM<\/a> (<a href=\"https:\/\/moverdb.com\/cs\/iam\/\" data-internallinksmanager029f6b8e52c=\"23\" title=\"Vysv\u011btlen\u00ed Mezin\u00e1rodn\u00ed asociace st\u011bhov\u00e1k\u016f (IAM)\">Mezin\u00e1rodn\u00ed asociace st\u011bhov\u00e1k\u016f<\/a>)<\/li>\n<li> OSA (Sdru\u017een\u00ed z\u00e1mo\u0159sk\u00fdch p\u0159epravc\u016f)<\/li>\n<li> <a href=\"https:\/\/moverdb.com\/cs\/fidi-faim\/\">FIDI<\/a> (Federace mezin\u00e1rodn\u00edch st\u011bhov\u00e1k\u016f n\u00e1bytku)<\/li>\n<li> <a href=\"https:\/\/moverdb.com\/cs\/eura\/\">EuRA<\/a> (<a href=\"https:\/\/moverdb.com\/cs\/eura\/\" data-internallinksmanager029f6b8e52c=\"13\" title=\"Vysv\u011btlen\u00ed Evropsk\u00e9 asociace pro p\u0159emis\u0165ov\u00e1n\u00ed (EuRA)\">EuRA<\/a> P\u0159em\u00edst\u011bn\u00ed)<\/li>\n<li> PAIMA (Panamerick\u00e1 asociace mezin\u00e1rodn\u00edch st\u011bhov\u00e1k\u016f)<\/li>\n<li> <a href=\"https:\/\/moverdb.com\/cs\/lacma\/\">LACMA<\/a> (Asociace st\u011bhov\u00e1k\u016f Latinsk\u00e9 Ameriky a Karibiku)<\/li>\n<li> OMNI (Overseas Moving Network International)<\/li>\n<\/ul>\n<h2>Recenze Aires<\/h2>\n<p><em>V dob\u011b psan\u00ed tohoto \u010dl\u00e1nku se n\u00e1m nepoda\u0159ilo naj\u00edt \u017e\u00e1dn\u00e9 recenze pro Aires online.<\/em><\/p>\n<div itemprop=\"review\" itemscope itemtype=\"http:\/\/schema.org\/Review\">\n<span itemprop=\"author\" itemscope=\"\" itemtype=\"http:\/\/schema.org\/Organization\"><span itemprop=\"name\">MoverDB.com<\/span><\/span> Online recenze webov\u00fdch str\u00e1nek pro <span itemprop=\"itemreviewed\" itemscope=\"\" itemtype=\"http:\/\/schema.org\/Brand\"><span itemprop=\"name\">Aires<\/span><\/span>:<\/p>\n<ol>\n<li> Jasn\u00e9 kontaktn\u00ed \u00fadaje na webov\u00fdch str\u00e1nk\u00e1ch (v\u010detn\u011b telefonn\u00edho \u010d\u00edsla): <strong>Ano<\/strong><\/li>\n<li> Snadn\u00e9 z\u00edsk\u00e1n\u00ed <a href=\"https:\/\/moverdb.com\/cs\/citaty\/\">mezin\u00e1rodn\u00ed st\u011bhov\u00e1n\u00ed citace<\/a>? (Online formul\u00e1\u0159 \u017e\u00e1dosti o odhad): <strong>Ano<\/strong><\/li>\n<li> Jasn\u00e9 informace na webov\u00fdch str\u00e1nk\u00e1ch: <strong>Ano,<\/strong> obsahuje mnoho velmi podrobn\u00fdch informac\u00ed o slu\u017eb\u00e1ch, kter\u00e9 spole\u010dnost nab\u00edz\u00ed.<\/li>\n<li> \u010clenstv\u00ed v mezin\u00e1rodn\u00edch uzn\u00e1van\u00fdch organizac\u00edch pohybliv\u00fdch aktivit: <strong>Ano<\/strong>, (viz v\u00fd\u0161e)<\/li>\n<li> Seznam klient\u016f a\/nebo reference p\u0159edchoz\u00edch z\u00e1kazn\u00edk\u016f. <strong>Ne,<\/strong> a\u010dkoli maj\u00ed sekci ocen\u011bn\u00ed.<\/li>\n<\/ol>\n<div itemprop=\"reviewRating\" itemscope itemtype=\"http:\/\/schema.org\/Rating\"><meta itemprop=\"worstRating\" content = \"0\" \/><meta itemprop=\"bestRating\" content=\"5\" \/><meta itemprop=\"ratingValue\" content=\"4\"><\/div>\n<p><strong>Celkov\u00e9 hodnocen\u00ed: 4\/5<\/strong><br \/>\n<strong>Datum recenze:<\/strong> <span itemprop=\"datePublished\" content=\"2017-01-25\">25\/01\/2017<\/span>\n<\/div>\n<p>P\u0159e\u010dt\u011bte si v\u00edce o <a href=\"https:\/\/moverdb.com\/cs\/stehovani-spolecnosti\/\">mezin\u00e1rodn\u00ed st\u011bhovac\u00ed spole\u010dnosti<\/a> a na\u0161e <a href=\"https:\/\/moverdb.com\/cs\/recenze\/\">proces p\u0159ezkoum\u00e1n\u00ed<\/a>.<\/p>\n<p><strong>Webov\u00e9 str\u00e1nky:<\/strong> <a href=\"https:\/\/www.aires.com\/\" target=\"_blank\" rel=\"noopener\">https:\/\/www.aires.com\/<\/a><\/p>","protected":false},"excerpt":{"rendered":"<p>Aires offers its clients, both individual and corporate, a variety of moving services. These are listed below together with a company profile and reviews. International Moves Complete packing and wrapping of all household goods and personal effects Door to door Direct loading of household goods into appropriate container or van Preparation of all documentation Normal, [&hellip;]<\/p>\n","protected":false},"author":1,"featured_media":0,"parent":0,"menu_order":0,"comment_status":"closed","ping_status":"closed","template":"","meta":{"_genesis_hide_title":false,"_genesis_hide_breadcrumbs":false,"_genesis_hide_singular_image":false,"_genesis_hide_footer_widgets":false,"_genesis_custom_body_class":"","_genesis_custom_post_class":"","_genesis_layout":"","footnotes":""},"class_list":{"0":"post-1678","1":"page","2":"type-page","3":"status-publish","5":"entry"},"_links":{"self":[{"href":"https:\/\/moverdb.com\/cs\/wp-json\/wp\/v2\/pages\/1678","targetHints":{"allow":["GET"]}}],"collection":[{"href":"https:\/\/moverdb.com\/cs\/wp-json\/wp\/v2\/pages"}],"about":[{"href":"https:\/\/moverdb.com\/cs\/wp-json\/wp\/v2\/types\/page"}],"author":[{"embeddable":true,"href":"https:\/\/moverdb.com\/cs\/wp-json\/wp\/v2\/users\/1"}],"replies":[{"embeddable":true,"href":"https:\/\/moverdb.com\/cs\/wp-json\/wp\/v2\/comments?post=1678"}],"version-history":[{"count":3,"href":"https:\/\/moverdb.com\/cs\/wp-json\/wp\/v2\/pages\/1678\/revisions"}],"predecessor-version":[{"id":6168,"href":"https:\/\/moverdb.com\/cs\/wp-json\/wp\/v2\/pages\/1678\/revisions\/6168"}],"wp:attachment":[{"href":"https:\/\/moverdb.com\/cs\/wp-json\/wp\/v2\/media?parent=1678"}],"curies":[{"name":"wp","href":"https:\/\/api.w.org\/{rel}","templated":true}]}}