{"id":1662,"date":"2017-02-23T10:26:07","date_gmt":"2017-02-23T10:26:07","guid":{"rendered":"http:\/\/moverdb.com\/?page_id=1662"},"modified":"2026-01-08T14:47:48","modified_gmt":"2026-01-08T14:47:48","slug":"bolliger","status":"publish","type":"page","link":"https:\/\/moverdb.com\/cs\/bolliger\/","title":{"rendered":"Bolliger - Mezin\u00e1rodn\u00ed st\u011bhov\u00e1n\u00ed Recenze"},"content":{"rendered":"<p>Spole\u010dnost Bolliger nab\u00edz\u00ed sv\u00fdm z\u00e1kazn\u00edk\u016fm \u0161irokou \u0161k\u00e1lu st\u011bhovac\u00edch slu\u017eeb. Ty jsou uvedeny n\u00ed\u017ee spolu s profilem spole\u010dnosti a recenzemi.<\/p>\n<p><strong>Mezin\u00e1rodn\u00ed st\u011bhov\u00e1n\u00ed<\/strong><\/p>\n<ul>\n<li> Celosv\u011btov\u00e1 s\u00ed\u0165 pohybliv\u00fdch zdroj\u016f<\/li>\n<li> Od dve\u0159\u00ed ke dve\u0159\u00edm<\/li>\n<li> Move Manager s nejm\u00e9n\u011b p\u011btiletou prax\u00ed<\/li>\n<li> Sledov\u00e1n\u00ed z\u00e1silky 24\/7<\/li>\n<li> Prohl\u00eddka domu za \u00fa\u010delem zji\u0161t\u011bn\u00ed po\u017eadavk\u016f na balen\u00ed atd.<\/li>\n<li> Sjednan\u00e9 poji\u0161t\u011bn\u00ed<\/li>\n<li> Osobn\u00ed koordin\u00e1tor v\u00e1m pom\u016f\u017ee s vy\u0159\u00edzen\u00edm po\u017eadovan\u00e9 dokumentace<\/li>\n<li> Balen\u00ed a nakl\u00e1d\u00e1n\u00ed<\/li>\n<li> Celn\u00ed odbaven\u00ed<\/li>\n<li> Dod\u00e1n\u00ed a vybalen\u00ed<\/li>\n<li> V\u0161echny polo\u017eky budou pe\u010dliv\u011b vylo\u017eeny, zkontrolov\u00e1ny s va\u0161\u00edm invent\u00e1rn\u00edm seznamem a um\u00edst\u011bny do spr\u00e1vn\u00fdch m\u00edstnost\u00ed.<\/li>\n<li> K\u0159ehk\u00e9 p\u0159edm\u011bty, jako je sklo a <a href=\"https:\/\/moverdb.com\/cs\/moving-to-china\/\" data-internallinksmanager029f6b8e52c=\"357\" title=\"St\u011bhov\u00e1n\u00ed do \u010c\u00edny? 2026 N\u00e1klady na bydlen\u00ed a tipy na st\u011bhov\u00e1n\u00ed\">\u010c\u00edna<\/a>, bude vybaleno na rovn\u00e9m povrchu<\/li>\n<li> Ve\u0161ker\u00fd balic\u00ed materi\u00e1l a su\u0165 budou z va\u0161eho domova rychle odstran\u011bny.<\/li>\n<\/ul>\n<p><strong>Podnikov\u00e9 st\u011bhovac\u00ed slu\u017eby<\/strong><\/p>\n<ul>\n<li> Z\u0159izovac\u00ed slu\u017eby<\/li>\n<li> Vyhled\u00e1v\u00e1n\u00ed \u0161kol a domov\u016f<\/li>\n<li> Kulturn\u00ed informace<\/li>\n<li> Pomoc partnera\/man\u017eela<\/li>\n<li> Kr\u00e1tkodob\u00e9 ubytov\u00e1n\u00ed<\/li>\n<li> Pron\u00e1jem n\u00e1bytku<\/li>\n<\/ul>\n<p><strong>St\u011bhovac\u00ed slu\u017eby<\/strong><\/p>\n<ul>\n<li> Poskytov\u00e1n\u00ed obalov\u00fdch materi\u00e1l\u016f<\/li>\n<li> Kompletn\u00ed balic\u00ed slu\u017eby<\/li>\n<li> Specializovan\u00e9 balen\u00ed<\/li>\n<li> P\u0159izp\u016fsoben\u00e9 bedny<\/li>\n<li> Manipulace s klav\u00edry a trezory<\/li>\n<li> Motorov\u00e9 \u017eeb\u0159\u00edky<\/li>\n<li> Silni\u010dn\u00ed, leteck\u00e1 a n\u00e1mo\u0159n\u00ed p\u0159eprava<\/li>\n<li> Celn\u00ed operace<\/li>\n<li> Agenti po cel\u00e9m sv\u011bt\u011b.<\/li>\n<\/ul>\n<p><strong>St\u011bhov\u00e1n\u00ed kancel\u00e1\u0159\u00ed<\/strong><\/p>\n<ul>\n<li> Navrhov\u00e1n\u00ed a pl\u00e1nov\u00e1n\u00ed pohyb\u016f<\/li>\n<li> Specializovan\u00fd person\u00e1l a vybaven\u00ed<\/li>\n<li> Motorov\u00e9 \u017eeb\u0159\u00edky a je\u0159\u00e1by<\/li>\n<li> Z\u0159izov\u00e1n\u00ed kancel\u00e1\u0159\u00ed<\/li>\n<li> Recyklace a likvidace odpadu<\/li>\n<li> Denn\u00ed a no\u010dn\u00ed provoz<\/li>\n<\/ul>\n<p><strong>V\u00fdtvarn\u00e9 um\u011bn\u00ed<\/strong><\/p>\n<ul>\n<li> N\u00e1vrh a konstrukce krabic a beden na m\u00edru<\/li>\n<li> Formality v oblasti v\u00fdtvarn\u00e9ho um\u011bn\u00ed pro dovoz\/v\u00fdvoz modern\u00edch a staro\u017eitn\u00fdch um\u011bleck\u00fdch d\u011bl<\/li>\n<li> P\u0159eprava po silnici \/ po mo\u0159i \/ letecky<\/li>\n<li> Specializovan\u00ed agenti po cel\u00e9m sv\u011bt\u011b<\/li>\n<li> Z\u0159izov\u00e1n\u00ed v\u00fdstavn\u00edch prostor<\/li>\n<\/ul>\n<p><strong>\u00dalo\u017ei\u0161t\u011b<\/strong><\/p>\n<ul>\n<li> Kr\u00e1tkodob\u00e9 a dlouhodob\u00e9 skladov\u00e1n\u00ed<\/li>\n<li> Kovov\u00e9 kontejnery, bedny nebo palety<\/li>\n<li> nep\u0159etr\u017eit\u00e1 ostraha<\/li>\n<li> Kou\u0159ov\u00e9 alarmy<\/li>\n<li> \u0158\u00edzen\u00e1 teplota a vlhkost<\/li>\n<li> Archivy dokument\u016f<\/li>\n<\/ul>\n<h2>Profil spole\u010dnosti Bolliger<\/h2>\n<p>Arthur Bolliger otev\u0159el prvn\u00ed kancel\u00e1\u0159 Bolliger v \u0158\u00edm\u011b v roce 1909. Spole\u010dnost nyn\u00ed vede ji\u017e \u010dtvrt\u00e1 generace Bolliger\u016f a m\u00e1 kancel\u00e1\u0159e v Mil\u00e1n\u011b, Luganu a Florencii, stejn\u011b jako v Praze. <a href=\"https:\/\/moverdb.com\/cs\/moving-to-switzerland\/\" data-internallinksmanager029f6b8e52c=\"327\" title=\"St\u011bhov\u00e1n\u00ed do \u0160v\u00fdcarska? 2026 N\u00e1klady na bydlen\u00ed a tipy na st\u011bhov\u00e1n\u00ed\">\u0160v\u00fdcarsko<\/a>... <a href=\"https:\/\/moverdb.com\/cs\/moving-to-the-uk\/\" data-internallinksmanager029f6b8e52c=\"93\" title=\"St\u011bhujete se do Spojen\u00e9ho kr\u00e1lovstv\u00ed? 2022 \u017divotn\u00ed n\u00e1klady a tipy na st\u011bhov\u00e1n\u00ed\">UK<\/a>... <a href=\"https:\/\/moverdb.com\/cs\/moving-to-the-united-states\/\" data-internallinksmanager029f6b8e52c=\"94\" title=\"St\u011bhujete se do Spojen\u00fdch st\u00e1t\u016f? 2022 \u017divotn\u00ed n\u00e1klady a tipy na st\u011bhov\u00e1n\u00ed\">USA<\/a> a <a href=\"https:\/\/moverdb.com\/cs\/moving-to-spain\/\" data-internallinksmanager029f6b8e52c=\"266\" title=\"St\u011bhov\u00e1n\u00ed do \u0160pan\u011blska? 2026 N\u00e1klady na bydlen\u00ed a tipy na st\u011bhov\u00e1n\u00ed\">\u0160pan\u011blsko<\/a>.<\/p>\n<p>Prvn\u00ed n\u00e1kladn\u00ed automobily spole\u010dnosti byly zakoupeny v roce 1919 a byly pou\u017eity v prvn\u00ed sv\u011btov\u00e9 v\u00e1lce.Spole\u010dnost nyn\u00ed provozuje flotilu v\u00edce ne\u017e 200 st\u011bhovac\u00edch vozidel a p\u0159epravuje zbo\u017e\u00ed pro jednotlivce i firmy po cel\u00e9m sv\u011bt\u011b. Bolliger byl jedn\u00edm ze zakl\u00e1daj\u00edc\u00edch \u010dlen\u016f spole\u010dnosti <a href=\"https:\/\/moverdb.com\/cs\/fidi-faim\/\" data-internallinksmanager029f6b8e52c=\"16\" title=\"Vysv\u011btlen\u00ed FIDI a FAIM (FIDI Accredited International Mover)\">FIDI<\/a>. V sou\u010dasn\u00e9 dob\u011b je FIDI nejv\u011bt\u0161\u00edm sdru\u017een\u00edm sv\u00e9ho druhu na sv\u011bt\u011b s 600 z\u00e1stupci ve 100 zem\u00edch. <\/p>\n<p>V roce 1982 se Bolliger stal jedin\u00fdm italsk\u00fdm z\u00e1stupcem spole\u010dnosti Allied International.<\/p>\n<p>V roce 1985 se Bolliger stal jedn\u00edm ze zakl\u00e1daj\u00edc\u00edch \u010dlen\u016f Overseas Moving Network International (OMNI). V roce 2002 byla odbornost spole\u010dnosti ocen\u011bna certifikac\u00ed ISO 9001 - prvn\u00ed certifikac\u00ed v historii spole\u010dnosti. <a href=\"https:\/\/moverdb.com\/cs\/moving-companies\/\" data-internallinksmanager029f6b8e52c=\"79\" title=\"Top 25 Mezin\u00e1rodn\u00ed st\u011bhovac\u00ed spole\u010dnosti Online\">st\u011bhovac\u00ed spole\u010dnost<\/a> na adrese <a href=\"https:\/\/moverdb.com\/cs\/moving-to-italy\/\" data-internallinksmanager029f6b8e52c=\"346\" title=\"St\u011bhov\u00e1n\u00ed do It\u00e1lie? 2026 N\u00e1klady na bydlen\u00ed a tipy na st\u011bhov\u00e1n\u00ed\">It\u00e1lie<\/a> k jeho dosa\u017een\u00ed.<\/p>\n<p>Spole\u010dnost Bollinger se d\u016fsledn\u011b sna\u017e\u00ed sni\u017eovat sv\u016fj dopad na \u017eivotn\u00ed prost\u0159ed\u00ed t\u00edm, \u017ee v\u011bnuje zvl\u00e1\u0161tn\u00ed pozornost obalov\u00fdm materi\u00e1l\u016fm, kter\u00e9 pou\u017e\u00edv\u00e1, vozidl\u016fm, kter\u00e1 provozuje, a sna\u017e\u00ed se co nejv\u00edce recyklovat. Provozuje tak\u00e9 charitativn\u00ed programy v nerozvinut\u00fdch zem\u00edch Ji\u017en\u00ed Ameriky a Afriky.<\/p>\n<p>Spole\u010dnost Bolliger m\u00e1 n\u00e1sleduj\u00edc\u00ed akreditace a afiliace:<\/p>\n<ul>\n<li> <a href=\"https:\/\/moverdb.com\/cs\/allied-van-lines\/\">Allied International<\/a><\/li>\n<li> ISO 9001<\/li>\n<li> <a href=\"https:\/\/moverdb.com\/cs\/fidi-faim\/\">Federace mezin\u00e1rodn\u00edch st\u011bhov\u00e1k\u016f<\/a> (FIDI)<\/li>\n<li> Overseas Moving Network International (OMNI)<\/li>\n<li> <a href=\"https:\/\/moverdb.com\/cs\/fidi-faim\/\">Akreditovan\u00e9 mezin\u00e1rodn\u00ed st\u011bhov\u00e1n\u00ed FIDI<\/a> (FAIM)<\/li>\n<li> <a href=\"https:\/\/moverdb.com\/cs\/iam\/\">Mezin\u00e1rodn\u00ed asociace st\u011bhov\u00e1k\u016f<\/a> (<a href=\"https:\/\/moverdb.com\/cs\/iam\/\" data-internallinksmanager029f6b8e52c=\"23\" title=\"Vysv\u011btlen\u00ed Mezin\u00e1rodn\u00ed asociace st\u011bhov\u00e1k\u016f (IAM)\">IAM<\/a>)<\/li>\n<li> <a href=\"https:\/\/moverdb.com\/cs\/iata\/\">Mezin\u00e1rodn\u00ed sdru\u017een\u00ed pro leteckou dopravu<\/a> (<a href=\"https:\/\/moverdb.com\/cs\/iata\/\" data-internallinksmanager029f6b8e52c=\"22\" title=\"Vysv\u011btlen\u00ed Mezin\u00e1rodn\u00ed asociace leteck\u00fdch dopravc\u016f (IATA)\">IATA<\/a>)<\/li>\n<li> <a href=\"https:\/\/moverdb.com\/cs\/fedemac\/\">Federace evropsk\u00fdch st\u011bhov\u00e1k\u016f<\/a> (<a href=\"https:\/\/moverdb.com\/cs\/fedemac\/\" data-internallinksmanager029f6b8e52c=\"15\" title=\"Vysv\u011btlen\u00ed Federace evropsk\u00fdch st\u011bhov\u00e1k\u016f (FEDEMAC)\">FEDEMAC<\/a>)<\/li>\n<\/ul>\n<h2>Bolliger Recenze<\/h2>\n<p><strong>Pozitivn\u00ed:<\/strong><\/p>\n<ul>\n<li> \"N\u00e1\u0161 koordin\u00e1tor byl velmi profesion\u00e1ln\u00ed a ochotn\u00fd. Odpov\u011bd\u011bla na v\u0161echny na\u0161e ot\u00e1zky a zajistila n\u00e1m st\u011bhov\u00e1n\u00ed z \u0158\u00edma do Prahy. <a href=\"https:\/\/moverdb.com\/cs\/moving-to-london\/\">Lond\u00fdn<\/a> c\u00edtit se snadno a bezpe\u010dn\u011b. Postarala se \u00fapln\u011b o v\u0161echno. P\u0159i dal\u0161\u00edm st\u011bhov\u00e1n\u00ed ur\u010dit\u011b op\u011bt vyu\u017eijeme slu\u017eeb spole\u010dnosti Bolliger a m\u016f\u017eeme ji v\u0161em doporu\u010dit.\" - Z\u00e1kazn\u00edk spole\u010dnosti Bolliger <a href=\"http:\/\/www.bolliger.co.uk\/testimonials.html\" target=\"_blank\" rel=\"noopener\">Sv\u011bdectv\u00ed<\/a><\/li>\n<li> <em>\"Celkov\u011b jsem s t\u00edmto st\u011bhov\u00e1n\u00edm velmi spokojen. Jednalo se o bic\u00ed a \u010dinely, tak\u017ee docela choulostiv\u00e9 v\u011bci. V\u0161e dorazilo v po\u0159\u00e1dku a v\u010das. Kontakty a komunikace byly bezchybn\u00e9 a v\u010dasn\u00e9.\"<\/em> - Andrea prost\u0159ednictv\u00edm <a href=\"http:\/\/www.removalreviews.co.uk\/movers\/bolliger-352#2761  Read more: http:\/\/www.removalreviews.co.uk\/movers\/bolliger-352\" target=\"_blank\" rel=\"noopener\">Recenze st\u011bhov\u00e1n\u00ed<\/a><\/li>\n<li> <em>\"Podobn\u00e9 recenze a doporu\u010den\u00ed nep\u00ed\u0161u \u010dasto, ale musel jsem v\u011bnovat p\u00e1r minut tomu, abych pod\u011bkoval spole\u010dnosti Bolliger za skv\u011blou pr\u00e1ci p\u0159i m\u00e9m ned\u00e1vn\u00e9m st\u011bhov\u00e1n\u00ed z Lond\u00fdna do Berl\u00edna.\"<\/em> - davelucas prost\u0159ednictv\u00edm <a href=\"https:\/\/www.yell.com\/biz\/bolliger-uk-ltd-west-drayton-7150125\/\" target=\"_blank\" rel=\"noopener\">Yell<\/a><\/li>\n<\/ul>\n<p><strong>Negativn\u00ed:<\/strong><\/p>\n<ul>\n<li> <em>\"Nenechte se zm\u00e1st prodejn\u00ed nab\u00eddkou spole\u010dnosti Bolliger a tvrzen\u00edm o jej\u00ed dokonalosti...\"<\/em> - Pan D Bruce prost\u0159ednictv\u00edm <a href=\"http:\/\/www.removalreviews.co.uk\/movers\/bolliger-352#10617  Read more: http:\/\/www.removalreviews.co.uk\/movers\/bolliger-352\" target=\"_blank\" rel=\"noopener\">Recenze st\u011bhov\u00e1n\u00ed<\/a><\/li>\n<li> <em>\"Bolliger UK byli naprosto stra\u0161n\u00ed...... Nezku\u0161en\u00e1 sprost\u00e1 pos\u00e1dka agentury dorazila pozd\u011b a bez st\u011bhovac\u00edho vybaven\u00ed, p\u0159esto\u017ee n\u00e1\u0161 objednan\u00fd p\u0159esun zahrnoval i n\u00e1\u0161 klav\u00edr.\"<\/em> - Don.Br prost\u0159ednictv\u00edm <a href=\"http:\/\/www.reviewcentre.com\/Removal-Companies\/Bolliger-www-bolliger-co-uk-reviews_2387554\" target=\"_blank\" rel=\"noopener\">Recenzn\u00ed st\u0159edisko<\/a><\/li>\n<\/ul>\n<div itemprop=\"review\" itemscope itemtype=\"http:\/\/schema.org\/Review\">\n<span itemprop=\"author\" itemscope=\"\" itemtype=\"http:\/\/schema.org\/Organization\"><span itemprop=\"name\">MoverDB.com<\/span><\/span> Online recenze webov\u00fdch str\u00e1nek pro <span itemprop=\"itemreviewed\" itemscope=\"\" itemtype=\"http:\/\/schema.org\/Brand\"><span itemprop=\"name\">Bolliger<\/span><\/span>:<\/p>\n<ol>\n<li> Jasn\u00e9 kontaktn\u00ed \u00fadaje na webov\u00fdch str\u00e1nk\u00e1ch (v\u010detn\u011b telefonn\u00edho \u010d\u00edsla): <strong>Ano<\/strong><\/li>\n<li> Snadn\u00e9 z\u00edsk\u00e1n\u00ed <a href=\"https:\/\/moverdb.com\/cs\/citaty\/\">mezin\u00e1rodn\u00ed st\u011bhov\u00e1n\u00ed citace<\/a>? (Online formul\u00e1\u0159 \u017e\u00e1dosti o odhad): <strong>Ano<\/strong><\/li>\n<li> Jasn\u00e9 informace na webov\u00fdch str\u00e1nk\u00e1ch: <strong>Ano,<\/strong> ale ne v\u017edy jsou velmi podrobn\u00e9.<\/li>\n<li> \u010clenstv\u00ed v mezin\u00e1rodn\u00edch uzn\u00e1van\u00fdch organizac\u00edch pohybliv\u00fdch aktivit: <strong>Ano<\/strong>, (viz v\u00fd\u0161e)<\/li>\n<li> Seznam klient\u016f a\/nebo reference p\u0159edchoz\u00edch z\u00e1kazn\u00edk\u016f: <strong>Ano,<\/strong> mnoho pozitivn\u00edch referenc\u00ed z\u00e1kazn\u00edk\u016f a obecn\u011b dobr\u00e9 recenze z ostatn\u00edch webov\u00fdch str\u00e1nek.<\/li>\n<\/ol>\n<div itemprop=\"reviewRating\" itemscope itemtype=\"http:\/\/schema.org\/Rating\"><meta itemprop=\"worstRating\" content = \"0\" \/><meta itemprop=\"bestRating\" content=\"5\" \/><meta itemprop=\"ratingValue\" content=\"4.5\"><\/div>\n<p><strong>Celkov\u00e9 hodnocen\u00ed: 4,5\/5<\/strong><br \/>\n<strong>Datum recenze:<\/strong> <span itemprop=\"datePublished\" content=\"2017-02-23\">23\/02\/2017<\/span>\n<\/div>\n<p>P\u0159e\u010dt\u011bte si v\u00edce o <a href=\"https:\/\/moverdb.com\/cs\/stehovani-spolecnosti\/\">mezin\u00e1rodn\u00ed st\u011bhovac\u00ed spole\u010dnosti<\/a> a na\u0161e <a href=\"https:\/\/moverdb.com\/cs\/recenze\/\">proces p\u0159ezkoum\u00e1n\u00ed<\/a>.<\/p>\n<p><strong>Webov\u00e9 str\u00e1nky:<\/strong> IT: <a href=\"http:\/\/www.bolliger.it\/\" target=\"_blank\" rel=\"noopener\">http:\/\/www.bolliger.it\/<\/a> VELK\u00c1 BRIT\u00c1NIE: <a href=\"http:\/\/www.bolliger.co.uk\/\" target=\"_blank\" rel=\"noopener\">http:\/\/www.bolliger.co.uk\/<\/a><\/p>","protected":false},"excerpt":{"rendered":"<p>Bolliger offers its customers a wide variety of moving services. These are listed below together with a company profile and reviews. International Moving Worldwide network of moving resources Door to door Move Manager with at least 5 years&#8217; experience Track your shipment 24\/7 House survey to ascertain packing requirements etc Insurance arranged Personal coordinator will [&hellip;]<\/p>\n","protected":false},"author":1,"featured_media":0,"parent":0,"menu_order":0,"comment_status":"closed","ping_status":"closed","template":"","meta":{"_genesis_hide_title":false,"_genesis_hide_breadcrumbs":false,"_genesis_hide_singular_image":false,"_genesis_hide_footer_widgets":false,"_genesis_custom_body_class":"","_genesis_custom_post_class":"","_genesis_layout":"","footnotes":""},"class_list":{"0":"post-1662","1":"page","2":"type-page","3":"status-publish","5":"entry"},"_links":{"self":[{"href":"https:\/\/moverdb.com\/cs\/wp-json\/wp\/v2\/pages\/1662","targetHints":{"allow":["GET"]}}],"collection":[{"href":"https:\/\/moverdb.com\/cs\/wp-json\/wp\/v2\/pages"}],"about":[{"href":"https:\/\/moverdb.com\/cs\/wp-json\/wp\/v2\/types\/page"}],"author":[{"embeddable":true,"href":"https:\/\/moverdb.com\/cs\/wp-json\/wp\/v2\/users\/1"}],"replies":[{"embeddable":true,"href":"https:\/\/moverdb.com\/cs\/wp-json\/wp\/v2\/comments?post=1662"}],"version-history":[{"count":5,"href":"https:\/\/moverdb.com\/cs\/wp-json\/wp\/v2\/pages\/1662\/revisions"}],"predecessor-version":[{"id":6184,"href":"https:\/\/moverdb.com\/cs\/wp-json\/wp\/v2\/pages\/1662\/revisions\/6184"}],"wp:attachment":[{"href":"https:\/\/moverdb.com\/cs\/wp-json\/wp\/v2\/media?parent=1662"}],"curies":[{"name":"wp","href":"https:\/\/api.w.org\/{rel}","templated":true}]}}