{"id":1650,"date":"2017-04-24T10:40:56","date_gmt":"2017-04-24T10:40:56","guid":{"rendered":"http:\/\/moverdb.com\/?page_id=1650"},"modified":"2026-01-08T14:48:05","modified_gmt":"2026-01-08T14:48:05","slug":"cosco-shipping","status":"publish","type":"page","link":"https:\/\/moverdb.com\/cs\/cosco-shipping\/","title":{"rendered":"COSCO Shipping Lines - Mezin\u00e1rodn\u00ed slu\u017eby a recenze"},"content":{"rendered":"<p>COSCO Shipping Lines (<a href=\"https:\/\/moverdb.com\/cs\/moving-to-china\/\" data-internallinksmanager029f6b8e52c=\"357\" title=\"St\u011bhov\u00e1n\u00ed do \u010c\u00edny? 2026 N\u00e1klady na bydlen\u00ed a tipy na st\u011bhov\u00e1n\u00ed\">\u010c\u00edna<\/a> Spole\u010dnost Ocean Shipping (Group) Company) nab\u00edz\u00ed sv\u00fdm klient\u016fm \u0161irokou \u0161k\u00e1lu slu\u017eeb. Ty jsou uvedeny n\u00ed\u017ee spolu s profilem spole\u010dnosti a recenzemi.<\/p>\n<p><strong><a href=\"https:\/\/moverdb.com\/cs\/container-shipping\/\" data-internallinksmanager029f6b8e52c=\"3\" title=\"Graf sazeb mezin\u00e1rodn\u00ed kontejnerov\u00e9 dopravy: Duben 2026\">P\u0159eprava kontejner\u016f<\/a><\/strong><\/p>\n<ul>\n<li> Flotila plavidel - 170 modern\u00edch kontejnerov\u00fdch lod\u00ed<\/li>\n<li> Trasy slu\u017eeb - 84 mezin\u00e1rodn\u00edch a 23 vnitrost\u00e1tn\u00edch p\u0159epravn\u00edch tras.<\/li>\n<li> Glob\u00e1ln\u00ed s\u00ed\u0165<\/li>\n<li> 22 000 chladic\u00edch kontejner\u016f<\/li>\n<\/ul>\n<p><strong>P\u0159eprava sypk\u00fdch n\u00e1klad\u016f<\/strong><\/p>\n<ul>\n<li> Flotila plavidel - 380 plavidel, nosnost 34 milion\u016f DWT<\/li>\n<li> \u017delezn\u00e1 ruda<\/li>\n<li> Uhl\u00ed<\/li>\n<li> Zrno<\/li>\n<li> Ocel<\/li>\n<li> Ostatn\u00ed voln\u011b lo\u017een\u00e9 n\u00e1klady<\/li>\n<li> 1,000 <a href=\"https:\/\/moverdb.com\/cs\/top-49-container-ports\/\" data-internallinksmanager029f6b8e52c=\"80\" title=\"49 nejv\u011bt\u0161\u00edch a nejru\u0161n\u011bj\u0161\u00edch kontejnerov\u00fdch p\u0159\u00edstav\u016f v roce 2025\">porty<\/a> ve v\u00edce ne\u017e 100 zem\u00edch<\/li>\n<li> Synchroniza\u010dn\u00ed syst\u00e9m lo\u010f-b\u0159eh<\/li>\n<\/ul>\n<p><strong>P\u0159eprava ropy a zemn\u00edho plynu<\/strong><\/p>\n<ul>\n<li> Odes\u00edl\u00e1n\u00ed do v\u00edce ne\u017e 300 p\u0159\u00edstav\u016f po cel\u00e9m sv\u011bt\u011b<\/li>\n<li> Surov\u00e1 ropa<\/li>\n<li> Produktov\u00fd olej<\/li>\n<li> LPG a LNG<\/li>\n<\/ul>\n<p><strong>Specializovan\u00e1 a v\u0161eobecn\u00e1 n\u00e1kladn\u00ed doprava<\/strong><\/p>\n<ul>\n<li> V\u00edce\u00fa\u010delov\u00e1 t\u011b\u017ek\u00e1 plavidla<\/li>\n<li> Poloponorn\u00e9 lod\u011b<\/li>\n<li> Asfaltov\u00e9 lod\u011b<\/li>\n<li> Nosi\u010de d\u0159eva<\/li>\n<li> Nosi\u010de aut<\/li>\n<\/ul>\n<p><strong>Odv\u011btv\u00ed financov\u00e1n\u00ed lodn\u00ed dopravy<\/strong><\/p>\n<ul>\n<li> Pron\u00e1jem lod\u00ed<\/li>\n<li> Leasing kontejner\u016f<\/li>\n<li> Skladovac\u00ed za\u0159\u00edzen\u00ed v termin\u00e1lech<\/li>\n<li> Poji\u0161t\u011bn\u00ed p\u0159epravy<\/li>\n<\/ul>\n<p><strong>Slu\u017eby osobn\u00ed linkov\u00e9 dopravy<\/strong><\/p>\n<ul>\n<li> \u010c\u00ednsk\u00e9 dom\u00e1c\u00ed pob\u0159e\u017e\u00ed<\/li>\n<li> \u010c\u00edna - <a href=\"https:\/\/moverdb.com\/cs\/moving-to-japan\/\" data-internallinksmanager029f6b8e52c=\"342\" title=\"St\u011bhov\u00e1n\u00ed do Japonska? 2026 N\u00e1klady na bydlen\u00ed a tipy na p\u0159est\u011bhov\u00e1n\u00ed\">Japonsko<\/a><\/li>\n<li> \u010c\u00edna - Korea<\/li>\n<li> Pevninsk\u00e1 \u010d\u00e1st Tchaj-wanu<\/li>\n<\/ul>\n<h2>Profil spole\u010dnosti COSCO Shipping Lines<\/h2>\n<p>Spole\u010dnost China Ocean Shipping (Group) Company je vlastn\u011bna \u010d\u00ednskou vl\u00e1dou a m\u00e1 s\u00eddlo v \u0160anghaji. Spole\u010dnost COSCO je nejv\u011bt\u0161\u00edm p\u0159epravcem such\u00e9ho n\u00e1kladu v \u010c\u00edn\u011b a pat\u0159\u00ed k nejv\u011bt\u0161\u00edm na sv\u011bt\u011b. Disponuje celkem 1 114 plavidly o kapacit\u011b 85,32 milionu DWT. Vlastn\u00ed tak\u00e9 46 kontejnerov\u00fdch termin\u00e1l\u016f po cel\u00e9m sv\u011bt\u011b se 190 kotvi\u0161ti.<\/p>\n<p>V \u00fanoru 2016 se skupina COSCO slou\u010dila se skupinou China Shipping Group, \u010d\u00edm\u017e vznikla spole\u010dnost China COSCO Shipping Corporation. Jedn\u00e1 se o r\u016fznorodou spole\u010dnost, kter\u00e1 poskytuje slu\u017eby v oblasti lodn\u00ed dopravy, stavby a oprav lod\u00ed, provozu termin\u00e1l\u016f a v\u00fdroby kontejner\u016f, abychom jmenovali alespo\u0148 n\u011bkter\u00e9 z jejich z\u00e1jm\u016f.<\/p>\n<p>Spole\u010dnost China COSCO Shipping Corporation Ltd m\u00e1 n\u00e1sleduj\u00edc\u00ed akreditace a afilace:<\/p>\n<ul>\n<li> Mezin\u00e1rodn\u00ed osv\u011bd\u010den\u00ed o bezpe\u010dnosti lod\u00ed<\/li>\n<li> Certifik\u00e1t \u0159\u00edzen\u00ed bezpe\u010dnosti<\/li>\n<li> Certifik\u00e1t o akreditaci syst\u00e9mu \u0159\u00edzen\u00ed<\/li>\n<li> Akreditace syst\u00e9mu environment\u00e1ln\u00edho \u0159\u00edzen\u00ed<\/li>\n<li> Akreditace syst\u00e9mu \u0159\u00edzen\u00ed bezpe\u010dnosti a ochrany zdrav\u00ed p\u0159i pr\u00e1ci<\/li>\n<li> Podnikov\u00fd certifik\u00e1t pro \u0159\u00edzen\u00ed energetick\u00e9 \u00fa\u010dinnosti<\/li>\n<\/ul>\n<h2>COSCO Shipping Lines Recenze<\/h2>\n<p>V dob\u011b zve\u0159ejn\u011bn\u00ed se n\u00e1m nepoda\u0159ilo naj\u00edt \u017e\u00e1dn\u00e9 pozitivn\u00ed ani negativn\u00ed recenze slu\u017eeb spole\u010dnosti COSCO Shipping Lines.<\/p>\n<div itemprop=\"review\" itemscope itemtype=\"http:\/\/schema.org\/Review\">\n<strong><span itemprop=\"author\" itemscope=\"\" itemtype=\"http:\/\/schema.org\/Organization\"><span itemprop=\"name\">MoverDB.com<\/span><\/span> Online recenze webov\u00fdch str\u00e1nek pro <span itemprop=\"itemreviewed\" itemscope=\"\" itemtype=\"http:\/\/schema.org\/Brand\"><span itemprop=\"name\">COSCO Shipping Lines<\/span><\/span>:<\/strong><\/p>\n<ol>\n<li> Jasn\u00e9 kontaktn\u00ed \u00fadaje na webov\u00fdch str\u00e1nk\u00e1ch (v\u010detn\u011b telefonn\u00edho \u010d\u00edsla): <strong>Ano<\/strong><\/li>\n<li> Snadno z\u00edsk\u00e1te nab\u00eddky mezin\u00e1rodn\u00ed p\u0159epravy? (Online formul\u00e1\u0159 \u017e\u00e1dosti o odhad): <strong>Ano<\/strong>, nab\u00edzej\u00ed online nab\u00eddkovou slu\u017ebu a tak\u00e9 slu\u017ebu e-business pro sledov\u00e1n\u00ed z\u00e1silek.<\/li>\n<li> Jasn\u00e9 informace na webov\u00fdch str\u00e1nk\u00e1ch: <strong>\u010c\u00e1ste\u010dn\u011b,<\/strong> webov\u00e9 str\u00e1nky maj\u00ed mnoho informac\u00ed, ale nejsou u\u017eivatelsky nejp\u0159\u00edv\u011btiv\u011bj\u0161\u00ed.<\/li>\n<li> \u010clenstv\u00ed v mezin\u00e1rodn\u00edch uzn\u00e1van\u00fdch lodn\u00edch organizac\u00edch: <strong>Ano<\/strong><\/li>\n<li> Seznam klient\u016f a\/nebo reference p\u0159edchoz\u00edch z\u00e1kazn\u00edk\u016f. <strong>Ne,<\/strong> v dob\u011b zve\u0159ejn\u011bn\u00ed jsme \u017e\u00e1dn\u00e9 nena\u0161li.<\/li>\n<\/ol>\n<div itemprop=\"reviewRating\" itemscope itemtype=\"http:\/\/schema.org\/Rating\"><meta itemprop=\"worstRating\" content = \"0\" \/><meta itemprop=\"bestRating\" content=\"5\" \/><meta itemprop=\"ratingValue\" content=\"3.5\"><\/div>\n<p><strong>Celkov\u00e9 hodnocen\u00ed: 3,5\/5<\/strong><br \/>\n<strong>Datum recenze:<\/strong> <span itemprop=\"datePublished\" content=\"2017-04-24\">24\/04\/2017<\/span>\n<\/div>\n<p>V\u00edce o dal\u0161\u00edch <a href=\"https:\/\/moverdb.com\/cs\/prepravni-spolecnosti\/\">mezin\u00e1rodn\u00ed p\u0159epravn\u00ed spole\u010dnosti<\/a>, <a href=\"https:\/\/moverdb.com\/cs\/kontejnerova-preprava\/\">sazby za p\u0159epravu kontejner\u016f<\/a> a na\u0161e <a href=\"https:\/\/moverdb.com\/cs\/recenze\/\">proces p\u0159ezkoum\u00e1n\u00ed<\/a>.<\/p>\n<p><strong>Webov\u00e9 str\u00e1nky:<\/strong> <a href=\"http:\/\/lines.coscoshipping.com\/home.do\" target=\"_blank\" rel=\"noopener\">http:\/\/lines.coscoshipping.com\/home.do<\/a><\/p>","protected":false},"excerpt":{"rendered":"<p>COSCO Shipping Lines (China Ocean Shipping (Group) Company) offers its clients a wide array of services. These are listed below together with a company profile and reviews. Container Shipping Vessel fleet &#8211; 170 modern container vessels Service routes &#8211; 84 international shipping routes and 23 domestic Global network 22,000 refrigerated containers Dry Bulk Cargo Shipping [&hellip;]<\/p>\n","protected":false},"author":1,"featured_media":0,"parent":0,"menu_order":0,"comment_status":"closed","ping_status":"closed","template":"","meta":{"_genesis_hide_title":false,"_genesis_hide_breadcrumbs":false,"_genesis_hide_singular_image":false,"_genesis_hide_footer_widgets":false,"_genesis_custom_body_class":"","_genesis_custom_post_class":"","_genesis_layout":"","footnotes":""},"class_list":{"0":"post-1650","1":"page","2":"type-page","3":"status-publish","5":"entry"},"_links":{"self":[{"href":"https:\/\/moverdb.com\/cs\/wp-json\/wp\/v2\/pages\/1650","targetHints":{"allow":["GET"]}}],"collection":[{"href":"https:\/\/moverdb.com\/cs\/wp-json\/wp\/v2\/pages"}],"about":[{"href":"https:\/\/moverdb.com\/cs\/wp-json\/wp\/v2\/types\/page"}],"author":[{"embeddable":true,"href":"https:\/\/moverdb.com\/cs\/wp-json\/wp\/v2\/users\/1"}],"replies":[{"embeddable":true,"href":"https:\/\/moverdb.com\/cs\/wp-json\/wp\/v2\/comments?post=1650"}],"version-history":[{"count":3,"href":"https:\/\/moverdb.com\/cs\/wp-json\/wp\/v2\/pages\/1650\/revisions"}],"predecessor-version":[{"id":6196,"href":"https:\/\/moverdb.com\/cs\/wp-json\/wp\/v2\/pages\/1650\/revisions\/6196"}],"wp:attachment":[{"href":"https:\/\/moverdb.com\/cs\/wp-json\/wp\/v2\/media?parent=1650"}],"curies":[{"name":"wp","href":"https:\/\/api.w.org\/{rel}","templated":true}]}}